{"id":974,"date":"2024-06-02T16:50:15","date_gmt":"2024-06-02T20:50:15","guid":{"rendered":"https:\/\/grandeinc.com\/?page_id=974"},"modified":"2025-01-08T22:28:56","modified_gmt":"2025-01-09T03:28:56","slug":"gestion-des-debordements","status":"publish","type":"page","link":"https:\/\/grandeinc.com\/fr\/produits\/gestion-des-debordements\/","title":{"rendered":"Gestion des d\u00e9bordements"},"content":{"rendered":"<section class=\"kc-elm kc-css-930154 kc_row\"><div class=\"kc-row-container  kc-container\"><div class=\"kc-wrap-columns\"><div class=\"kc-elm kc-css-435472 kc_col-sm-12 kc_column kc_col-sm-12\"><div class=\"kc-col-container\"><div class=\"kc-elm kc-css-335177 kc_text_block\"><\/p>\n<p>Ces syst\u00e8mes sont con\u00e7us pour maintenir des niveaux de stockage d&rsquo;eau maximaux en amont du d\u00e9versoir, permettant ainsi la pleine utilisation de tout le volume de stockage disponible en amont, sans affecter n\u00e9gativement la capacit\u00e9 du d\u00e9versoir.<\/p>\n<p>\n<\/div><div class=\"kc-elm kc-css-837115 kc_row kc_row_inner\"><div class=\"kc-elm kc-css-445927 kc_col-sm-3 kc_column_inner kc_col-sm-3\"><div class=\"kc_wrapper kc-col-inner-container\"><div class=\"kc-elm kc-css-527245 kc-feature-boxes kc-fb-layout-2\">\n\n\t<figure class=\"content-image\"><img decoding=\"async\" src=\"https:\/\/grandeinc.com\/wp-content\/uploads\/2024\/06\/acu-bend.jpg\" alt=\"\"><\/figure><div class=\"content-title\">D\u00e9versoir pivotant ACU-BEND<\/div><div class=\"content-desc\"><br>Conception de contrepoids int\u00e9gr\u00e9e<\/br>\r\n<br>Installation simple<\/br>\r\n<br>Maximiser le stockage in situ<\/br>\r\n<br>Niveau de fonctionnement constant et facilement r\u00e9glable<\/br>\r\n<br>R\u00e9duire la fr\u00e9quence de d\u00e9bordement<\/br>\r\n<br>Pr\u00e9vention du reflux<\/br>\r\n<br>Facile \u00e0 adapter aux installations existantes<\/br>\r\n<br>Construction en acier inoxydable<\/br><\/div><div class=\"content-button\"><a href=\"\/produits\/degrilleur-de-debordement-3\/deversoir-de-flexion-acu-bend\/\" target=\"_self\" title=\"\">En savoir plus<\/a><\/div>\n<\/div>\n<\/div><\/div><div class=\"kc-elm kc-css-68637 kc_col-sm-3 kc_column_inner kc_col-sm-3\"><div class=\"kc_wrapper kc-col-inner-container\"><div class=\"kc-elm kc-css-657020 kc-feature-boxes kc-fb-layout-2\">\n\n\t<figure class=\"content-image\"><img decoding=\"async\" src=\"https:\/\/grandeinc.com\/wp-content\/uploads\/2024\/06\/tru-bend.jpg\" alt=\"\"><\/figure><div class=\"content-title\">D\u00e9versoir de trop plein TRU-BEND<\/div><div class=\"content-desc\"><br>Les contrepoids entrent rarement en contact avec des d\u00e9bris<\/br>\r\n<br>Pas besoin de d\u00e9gagement inf\u00e9rieur<\/br>\r\n<br>Maximiser le stockage in situ<\/br>\r\n<br>Niveau de fonctionnement constant et facilement r\u00e9glable<\/br>\r\n<br>R\u00e9duire la fr\u00e9quence de d\u00e9bordement<\/br>\r\n<br>Pr\u00e9vention du reflux<\/br>\r\n<br>Facile \u00e0 adapter aux installations existantes<\/br>\r\n<br>Construction en acier inoxydable<\/br><\/div><div class=\"content-button\"><a href=\"\/produits\/degrilleur-de-debordement-3\/tru-bend-deversoir-de-cintrage-de-trop-plein\/\" target=\"_self\" title=\"\">En savoir plus<\/a><\/div>\n<\/div>\n<\/div><\/div><div class=\"kc-elm kc-css-524574 kc_col-sm-3 kc_column_inner kc_col-sm-3\"><div class=\"kc_wrapper kc-col-inner-container\"><div class=\"kc-elm kc-css-938376 kc-feature-boxes kc-fb-layout-2\">\n\n\t<figure class=\"content-image\"><img decoding=\"async\" src=\"https:\/\/grandeinc.com\/wp-content\/uploads\/2024\/06\/sure-bend-1.jpg\" alt=\"\"><\/figure><div class=\"content-title\">D\u00e9versoir pivotant \u00e0 commande hydraulique SURE-BEND<\/div><div class=\"content-desc\"><br>Commande hydraulique positive<\/br>\r\n<br>Pas besoin de d\u00e9gagement inf\u00e9rieur<\/br>\r\n<br>Maximiser le stockage sur place<\/br>\r\n<br>Niveau de fonctionnement facilement r\u00e9glable<\/br>\r\n<br>R\u00e9duire la fr\u00e9quence de d\u00e9bordement<\/br>\r\n<br>Pr\u00e9vention du reflux<\/br>\r\n<br>Facile \u00e0 adapter aux installations existantes<\/br>\r\n<br>Construction en acier inoxydable<\/br><\/div><div class=\"content-button\"><a href=\"https:\/\/grandeinc.com\/fr\/produits\/degrilleur-de-debordement-3\/sure-bend\/\" target=\"_self\" title=\"\">En savoir plus<\/a><\/div>\n<\/div>\n<\/div><\/div><div class=\"kc-elm kc-css-302041 kc_col-sm-3 kc_column_inner kc_col-sm-3\"><div class=\"kc_wrapper kc-col-inner-container\"><div class=\"kc-elm kc-css-855451 kc-feature-boxes kc-fb-layout-2\">\n\n\t<figure class=\"content-image\"><img decoding=\"async\" src=\"https:\/\/grandeinc.com\/wp-content\/uploads\/2024\/06\/acu-pro.jpg\" alt=\"\"><\/figure><div class=\"content-title\">Profil de mesure de d\u00e9bordement ACU-PRO<\/div><div class=\"content-desc\"><br>La faible r\u00e9sistance \u00e0 l'\u00e9coulement am\u00e9liore la capacit\u00e9 hydraulique<\/br>\r\n<br>Courbe de d\u00e9bit optimis\u00e9e et bien d\u00e9finie<\/br>\r\n<br>Facile \u00e0 adapter aux installations existantes<\/br>\r\n<br>Construction en acier inoxydable<\/br><\/div><div class=\"content-button\"><a href=\"\/produits\/degrilleur-de-debordement-3\/acu-pro\/\" target=\"_self\" title=\"\">En savoir plus<\/a><\/div>\n<\/div>\n<\/div><\/div><\/div><\/div><\/div><\/div><\/div><\/section>\n","protected":false},"excerpt":{"rendered":"","protected":false},"author":4,"featured_media":0,"parent":8,"menu_order":0,"comment_status":"closed","ping_status":"closed","template":"","meta":{"footnotes":""},"class_list":["post-974","page","type-page","status-publish","hentry"],"yoast_head":"<!-- This site is optimized with the Yoast SEO plugin v24.0 - https:\/\/yoast.com\/wordpress\/plugins\/seo\/ -->\n<title>Gestion des d\u00e9bordements - Grande Gestion des Eaux<\/title>\n<meta name=\"robots\" content=\"index, follow, max-snippet:-1, max-image-preview:large, max-video-preview:-1\" \/>\n<link rel=\"canonical\" href=\"https:\/\/grandeinc.com\/fr\/produits\/gestion-des-debordements\/\" \/>\n<meta property=\"og:locale\" content=\"fr_CA\" \/>\n<meta property=\"og:type\" content=\"article\" \/>\n<meta property=\"og:title\" content=\"Gestion des d\u00e9bordements - Grande Gestion des Eaux\" \/>\n<meta property=\"og:description\" content=\"Ces syst\u00e8mes sont con\u00e7us pour maintenir des niveaux de stockage d&rsquo;eau maximaux en amont du d\u00e9versoir, permettant ainsi la pleine utilisation de tout le volume de stockage disponible en amont, sans affecter n\u00e9gativement la capacit\u00e9 du d\u00e9versoir. D\u00e9versoir pivotant ACU-BEND Conception de contrepoids int\u00e9gr\u00e9e Installation simple Maximiser le stockage in situ Niveau de fonctionnement constant\" \/>\n<meta property=\"og:url\" content=\"https:\/\/grandeinc.com\/fr\/produits\/gestion-des-debordements\/\" \/>\n<meta property=\"og:site_name\" content=\"Grande Gestion des Eaux\" \/>\n<meta property=\"article:publisher\" content=\"https:\/\/www.facebook.com\/GrandeWaterManagement\" \/>\n<meta property=\"article:modified_time\" content=\"2025-01-09T03:28:56+00:00\" \/>\n<meta property=\"og:image\" content=\"https:\/\/grandeinc.com\/wp-content\/uploads\/2024\/06\/acu-bend.jpg\" \/>\n<meta name=\"twitter:card\" content=\"summary_large_image\" \/>\n<meta name=\"twitter:label1\" content=\"Estimation du temps de lecture\" \/>\n\t<meta name=\"twitter:data1\" content=\"1 minute\" \/>\n<script type=\"application\/ld+json\" class=\"yoast-schema-graph\">{\"@context\":\"https:\/\/schema.org\",\"@graph\":[{\"@type\":\"WebPage\",\"@id\":\"https:\/\/grandeinc.com\/produits\/gestion-des-debordements\/\",\"url\":\"https:\/\/grandeinc.com\/produits\/gestion-des-debordements\/\",\"name\":\"Gestion des d\u00e9bordements - Grande Gestion des Eaux\",\"isPartOf\":{\"@id\":\"http:\/\/grandeinc.com\/fr\/#website\"},\"primaryImageOfPage\":{\"@id\":\"https:\/\/grandeinc.com\/produits\/gestion-des-debordements\/#primaryimage\"},\"image\":{\"@id\":\"https:\/\/grandeinc.com\/produits\/gestion-des-debordements\/#primaryimage\"},\"thumbnailUrl\":\"https:\/\/grandeinc.com\/wp-content\/uploads\/2024\/06\/acu-bend.jpg\",\"datePublished\":\"2024-06-02T20:50:15+00:00\",\"dateModified\":\"2025-01-09T03:28:56+00:00\",\"breadcrumb\":{\"@id\":\"https:\/\/grandeinc.com\/produits\/gestion-des-debordements\/#breadcrumb\"},\"inLanguage\":\"fr-CA\",\"potentialAction\":[{\"@type\":\"ReadAction\",\"target\":[\"https:\/\/grandeinc.com\/produits\/gestion-des-debordements\/\"]}]},{\"@type\":\"ImageObject\",\"inLanguage\":\"fr-CA\",\"@id\":\"https:\/\/grandeinc.com\/produits\/gestion-des-debordements\/#primaryimage\",\"url\":\"https:\/\/grandeinc.com\/wp-content\/uploads\/2024\/06\/acu-bend.jpg\",\"contentUrl\":\"https:\/\/grandeinc.com\/wp-content\/uploads\/2024\/06\/acu-bend.jpg\"},{\"@type\":\"BreadcrumbList\",\"@id\":\"https:\/\/grandeinc.com\/produits\/gestion-des-debordements\/#breadcrumb\",\"itemListElement\":[{\"@type\":\"ListItem\",\"position\":1,\"name\":\"Accueil\",\"item\":\"https:\/\/grandeinc.com\/\"},{\"@type\":\"ListItem\",\"position\":2,\"name\":\"Produits\",\"item\":\"https:\/\/grandeinc.com\/produits\/\"},{\"@type\":\"ListItem\",\"position\":3,\"name\":\"Gestion des d\u00e9bordements\"}]},{\"@type\":\"WebSite\",\"@id\":\"http:\/\/grandeinc.com\/fr\/#website\",\"url\":\"http:\/\/grandeinc.com\/fr\/\",\"name\":\"Grande Gestion des Eaux\",\"description\":\"\",\"publisher\":{\"@id\":\"http:\/\/grandeinc.com\/fr\/#organization\"},\"potentialAction\":[{\"@type\":\"SearchAction\",\"target\":{\"@type\":\"EntryPoint\",\"urlTemplate\":\"http:\/\/grandeinc.com\/fr\/?s={search_term_string}\"},\"query-input\":{\"@type\":\"PropertyValueSpecification\",\"valueRequired\":true,\"valueName\":\"search_term_string\"}}],\"inLanguage\":\"fr-CA\"},{\"@type\":\"Organization\",\"@id\":\"http:\/\/grandeinc.com\/fr\/#organization\",\"name\":\"Grande Gestion des Eaux\",\"url\":\"http:\/\/grandeinc.com\/fr\/\",\"logo\":{\"@type\":\"ImageObject\",\"inLanguage\":\"fr-CA\",\"@id\":\"http:\/\/grandeinc.com\/fr\/#\/schema\/logo\/image\/\",\"url\":\"https:\/\/grandeinc.com\/wp-content\/uploads\/2024\/11\/logo.png\",\"contentUrl\":\"https:\/\/grandeinc.com\/wp-content\/uploads\/2024\/11\/logo.png\",\"width\":260,\"height\":84,\"caption\":\"Grande Gestion des Eaux\"},\"image\":{\"@id\":\"http:\/\/grandeinc.com\/fr\/#\/schema\/logo\/image\/\"},\"sameAs\":[\"https:\/\/www.facebook.com\/GrandeWaterManagement\"]}]}<\/script>\n<!-- \/ Yoast SEO plugin. -->","yoast_head_json":{"title":"Gestion des d\u00e9bordements - Grande Gestion des Eaux","robots":{"index":"index","follow":"follow","max-snippet":"max-snippet:-1","max-image-preview":"max-image-preview:large","max-video-preview":"max-video-preview:-1"},"canonical":"https:\/\/grandeinc.com\/fr\/produits\/gestion-des-debordements\/","og_locale":"fr_CA","og_type":"article","og_title":"Gestion des d\u00e9bordements - Grande Gestion des Eaux","og_description":"Ces syst\u00e8mes sont con\u00e7us pour maintenir des niveaux de stockage d&rsquo;eau maximaux en amont du d\u00e9versoir, permettant ainsi la pleine utilisation de tout le volume de stockage disponible en amont, sans affecter n\u00e9gativement la capacit\u00e9 du d\u00e9versoir. D\u00e9versoir pivotant ACU-BEND Conception de contrepoids int\u00e9gr\u00e9e Installation simple Maximiser le stockage in situ Niveau de fonctionnement constant","og_url":"https:\/\/grandeinc.com\/fr\/produits\/gestion-des-debordements\/","og_site_name":"Grande Gestion des Eaux","article_publisher":"https:\/\/www.facebook.com\/GrandeWaterManagement","article_modified_time":"2025-01-09T03:28:56+00:00","og_image":[{"url":"https:\/\/grandeinc.com\/wp-content\/uploads\/2024\/06\/acu-bend.jpg","type":"","width":"","height":""}],"twitter_card":"summary_large_image","twitter_misc":{"Estimation du temps de lecture":"1 minute"},"schema":{"@context":"https:\/\/schema.org","@graph":[{"@type":"WebPage","@id":"https:\/\/grandeinc.com\/produits\/gestion-des-debordements\/","url":"https:\/\/grandeinc.com\/produits\/gestion-des-debordements\/","name":"Gestion des d\u00e9bordements - Grande Gestion des Eaux","isPartOf":{"@id":"http:\/\/grandeinc.com\/fr\/#website"},"primaryImageOfPage":{"@id":"https:\/\/grandeinc.com\/produits\/gestion-des-debordements\/#primaryimage"},"image":{"@id":"https:\/\/grandeinc.com\/produits\/gestion-des-debordements\/#primaryimage"},"thumbnailUrl":"https:\/\/grandeinc.com\/wp-content\/uploads\/2024\/06\/acu-bend.jpg","datePublished":"2024-06-02T20:50:15+00:00","dateModified":"2025-01-09T03:28:56+00:00","breadcrumb":{"@id":"https:\/\/grandeinc.com\/produits\/gestion-des-debordements\/#breadcrumb"},"inLanguage":"fr-CA","potentialAction":[{"@type":"ReadAction","target":["https:\/\/grandeinc.com\/produits\/gestion-des-debordements\/"]}]},{"@type":"ImageObject","inLanguage":"fr-CA","@id":"https:\/\/grandeinc.com\/produits\/gestion-des-debordements\/#primaryimage","url":"https:\/\/grandeinc.com\/wp-content\/uploads\/2024\/06\/acu-bend.jpg","contentUrl":"https:\/\/grandeinc.com\/wp-content\/uploads\/2024\/06\/acu-bend.jpg"},{"@type":"BreadcrumbList","@id":"https:\/\/grandeinc.com\/produits\/gestion-des-debordements\/#breadcrumb","itemListElement":[{"@type":"ListItem","position":1,"name":"Accueil","item":"https:\/\/grandeinc.com\/"},{"@type":"ListItem","position":2,"name":"Produits","item":"https:\/\/grandeinc.com\/produits\/"},{"@type":"ListItem","position":3,"name":"Gestion des d\u00e9bordements"}]},{"@type":"WebSite","@id":"http:\/\/grandeinc.com\/fr\/#website","url":"http:\/\/grandeinc.com\/fr\/","name":"Grande Gestion des Eaux","description":"","publisher":{"@id":"http:\/\/grandeinc.com\/fr\/#organization"},"potentialAction":[{"@type":"SearchAction","target":{"@type":"EntryPoint","urlTemplate":"http:\/\/grandeinc.com\/fr\/?s={search_term_string}"},"query-input":{"@type":"PropertyValueSpecification","valueRequired":true,"valueName":"search_term_string"}}],"inLanguage":"fr-CA"},{"@type":"Organization","@id":"http:\/\/grandeinc.com\/fr\/#organization","name":"Grande Gestion des Eaux","url":"http:\/\/grandeinc.com\/fr\/","logo":{"@type":"ImageObject","inLanguage":"fr-CA","@id":"http:\/\/grandeinc.com\/fr\/#\/schema\/logo\/image\/","url":"https:\/\/grandeinc.com\/wp-content\/uploads\/2024\/11\/logo.png","contentUrl":"https:\/\/grandeinc.com\/wp-content\/uploads\/2024\/11\/logo.png","width":260,"height":84,"caption":"Grande Gestion des Eaux"},"image":{"@id":"http:\/\/grandeinc.com\/fr\/#\/schema\/logo\/image\/"},"sameAs":["https:\/\/www.facebook.com\/GrandeWaterManagement"]}]}},"_links":{"self":[{"href":"https:\/\/grandeinc.com\/fr\/wp-json\/wp\/v2\/pages\/974","targetHints":{"allow":["GET"]}}],"collection":[{"href":"https:\/\/grandeinc.com\/fr\/wp-json\/wp\/v2\/pages"}],"about":[{"href":"https:\/\/grandeinc.com\/fr\/wp-json\/wp\/v2\/types\/page"}],"author":[{"embeddable":true,"href":"https:\/\/grandeinc.com\/fr\/wp-json\/wp\/v2\/users\/4"}],"replies":[{"embeddable":true,"href":"https:\/\/grandeinc.com\/fr\/wp-json\/wp\/v2\/comments?post=974"}],"version-history":[{"count":17,"href":"https:\/\/grandeinc.com\/fr\/wp-json\/wp\/v2\/pages\/974\/revisions"}],"predecessor-version":[{"id":1370,"href":"https:\/\/grandeinc.com\/fr\/wp-json\/wp\/v2\/pages\/974\/revisions\/1370"}],"up":[{"embeddable":true,"href":"https:\/\/grandeinc.com\/fr\/wp-json\/wp\/v2\/pages\/8"}],"wp:attachment":[{"href":"https:\/\/grandeinc.com\/fr\/wp-json\/wp\/v2\/media?parent=974"}],"curies":[{"name":"wp","href":"https:\/\/api.w.org\/{rel}","templated":true}]}}