{"id":955,"date":"2024-06-02T00:41:34","date_gmt":"2024-06-02T04:41:34","guid":{"rendered":"https:\/\/grandeinc.com\/?page_id=955"},"modified":"2024-07-15T23:34:42","modified_gmt":"2024-07-16T03:34:42","slug":"acu-lam-cloison-a-lamelles","status":"publish","type":"page","link":"https:\/\/grandeinc.com\/fr\/produits\/retention-des-objets-flottants\/acu-lam-cloison-a-lamelles\/","title":{"rendered":"ACU-LAM (Cloison \u00e0 lamelles)"},"content":{"rendered":"<section class=\"kc-elm kc-css-16821 kc_row\"><div class=\"kc-row-container  kc-container\"><div class=\"kc-wrap-columns\"><div class=\"kc-elm kc-css-641277 kc_col-sm-12 kc_column kc_col-sm-12\"><div class=\"kc-col-container\"><div class=\"kc-elm kc-css-200758 kc_row kc_row_inner\"><div class=\"kc-elm kc-css-857337 kc_col-sm-6 kc_column_inner kc_col-sm-6\"><div class=\"kc_wrapper kc-col-inner-container\"><div class=\"kc-elm kc-css-901840 kc_shortcode kc_single_image\">\n\n        <img decoding=\"async\" src=\"https:\/\/grandeinc.com\/wp-content\/uploads\/2024\/06\/acu-lam-1.jpg\" class=\"\" alt=\"\" \/>    <\/div>\n<\/div><\/div><div class=\"kc-elm kc-css-789967 kc_col-sm-6 kc_column_inner kc_col-sm-6\"><div class=\"kc_wrapper kc-col-inner-container\"><div class=\"kc-elm kc-css-269843 kc_text_block\"><\/p>\n<p>Le syst\u00e8me de d\u00e9flecteurs \u00e0 lamelles ACU-LAM est con\u00e7u pour emp\u00eacher les d\u00e9bris flottants de p\u00e9n\u00e9trer dans les syst\u00e8mes de trop-plein d&rsquo;eaux pluviales, les syst\u00e8mes de trop-plein d&rsquo;\u00e9gouts unitaires (CSO), les syst\u00e8mes de trop-plein d&rsquo;\u00e9gouts sanitaires (SSO), les trop-pleins de r\u00e9servoirs de r\u00e9tention et les trop-pleins de bassins. L&rsquo;ACU-LAM est id\u00e9al pour les installations o\u00f9 les contraintes structurelles ne permettent pas l&rsquo;installation d&rsquo;un d\u00e9flecteur flottant auto-ajustable ACU-SELF ou d&rsquo;un d\u00e9flecteur fixe ACU-STAT.<\/p>\n<p>\n<\/div><\/div><\/div><\/div><div class=\"kc-elm kc-css-378361 kc_row kc_row_inner\"><div class=\"kc-elm kc-css-212156 kc_col-sm-12 kc_column_inner kc_col-sm-12\"><div class=\"kc_wrapper kc-col-inner-container\">\n<div class=\"kc-elm kc-css-402563\">\n\t<a class=\"kc_button\" href=\"\/contactez-nous\/\" target=\"_self\" title=\"\" onclick=\"\">\n\t\tDemandez votre brochure\t<\/a>\n<\/div>\n<\/div><\/div><\/div><div class=\"kc-elm kc-css-612079 kc_row kc_row_inner\"><div class=\"kc-elm kc-css-868963 kc_col-sm-6 kc_column_inner kc_col-sm-6\"><div class=\"kc_wrapper kc-col-inner-container\"><div class=\"kc-elm kc-css-644214 kc_text_block\"><\/p>\n<h2>Caract\u00e9ristiques<\/h2>\n<p>-Jusqu&rsquo;\u00e0 3 pieds (90 cm) de profondeur d&rsquo;\u00e9coulement<\/p>\n<p>-Construction modulaire jusqu&rsquo;\u00e0 6 pieds (2 m) de long<\/p>\n<p>-Faible r\u00e9sistance hydraulique<\/p>\n<p>-Facile \u00e0 adapter aux installations existantes<\/p>\n<p>-Construction en acier inoxydable<\/p>\n<p>\n<\/div><\/div><\/div><div class=\"kc-elm kc-css-926750 kc_col-sm-6 kc_column_inner kc_col-sm-6\"><div class=\"kc_wrapper kc-col-inner-container\"><div class=\"kc-elm kc-css-307973 kc_text_block\"><\/p>\n<h2>Champ d&rsquo;application<\/h2>\n<p>Le d\u00e9flecteur \u00e0 lamelles ACU-LAM peut varier du mod\u00e8le GAL-B-30-* au GAL-B-90-*. Le GAL-B-30-* est con\u00e7u pour une profondeur d&rsquo;\u00e9coulement de 12 pouces (30 cm) et mesure de 24 pouces (60 cm) jusqu&rsquo;\u00e0 un maximum de 6 pieds (2 m) de longueur. Le GAL-B-90-* est con\u00e7u pour une profondeur d&rsquo;\u00e9coulement de 36 pouces (90 cm) et mesure de 24 pouces (60 cm) jusqu&rsquo;\u00e0 un maximum de 6 pieds (2 m) de longueur. La s\u00e9lection du mod\u00e8le de l\u2019ACU-LAM est bas\u00e9e uniquement sur la profondeur d\u2019\u00e9coulement et la longueur du d\u00e9versoir. Les unit\u00e9s sont actuellement d\u00e9sign\u00e9es par un ast\u00e9risque en raison de la grande vari\u00e9t\u00e9 d&rsquo;options de mod\u00e8les.<\/p>\n<p>\n<\/div><\/div><\/div><\/div><div class=\"kc-elm kc-css-341918 kc_row kc_row_inner\"><div class=\"kc-elm kc-css-845554 kc_col-sm-12 kc_column_inner kc_col-sm-12\"><div class=\"kc_wrapper kc-col-inner-container\"><div class=\"kc-elm kc-css-110723 kc_text_block\"><\/p>\n<h2>Fonctionnement du syst\u00e8me<\/h2>\n<p>L&rsquo;ACU-LAM est un syst\u00e8me d&rsquo;\u00e9vacuation utilis\u00e9 dans les installations o\u00f9 il existe des contraintes structurelles difficiles, telles que l&rsquo;endroit o\u00f9 le tuyau d&rsquo;entr\u00e9e entre dans la structure de trop-plein parall\u00e8lement et adjacent au d\u00e9versoir. Un d\u00e9flecteur statique standard n\u00e9cessiterait d&rsquo;\u00eatre plac\u00e9 \u00e0 une certaine distance du d\u00e9versoir. Cela aurait pour cons\u00e9quence qu&rsquo;une partie de l&rsquo;influent serait dirig\u00e9e vers le c\u00f4t\u00e9 aval du d\u00e9flecteur. En cons\u00e9quence, tous les d\u00e9bris de cette partie de l\u2019affluent s\u2019\u00e9couleront par-dessus le d\u00e9versoir. Ce probl\u00e8me est \u00e9vit\u00e9 en installant le d\u00e9flecteur \u00e0 lamelles ACU-LAM directement sur le d\u00e9versoir, ne n\u00e9cessitant aucun espace suppl\u00e9mentaire au sein de la structure. Le d\u00e9flecteur \u00e0 lamelles ACU-LAM se compose d&rsquo;une s\u00e9rie de plaques en acier inoxydable parall\u00e8les, mont\u00e9es verticalement, inclin\u00e9es vers le haut, \u00e9galement espac\u00e9es. Les plaques parall\u00e8les sont con\u00e7ues pour maintenir l\u2019int\u00e9grit\u00e9 structurelle dans toutes les conditions d\u2019\u00e9coulement.<\/p>\n<p>Cette conception unique garantit que la fente d&rsquo;entr\u00e9e du trop-plein est toujours immerg\u00e9e lors d&rsquo;un \u00e9v\u00e9nement de d\u00e9bordement afin de garantir une r\u00e9tention maximale des \u00e9l\u00e9ments flottants. En cons\u00e9quence, les d\u00e9bris sont retenus dans le canal pour \u00eatre \u00e9limin\u00e9s par le flux par temps sec apr\u00e8s un d\u00e9bordement. Sa conception r\u00e9duit \u00e9galement la probabilit\u00e9 que les s\u00e9diments accumul\u00e9s au fond du canal soient remu\u00e9s et emport\u00e9s par le trop-plein.<\/p>\n<p>\n<\/div><\/div><\/div><\/div><\/div><\/div><\/div><\/div><\/section>\n","protected":false},"excerpt":{"rendered":"","protected":false},"author":4,"featured_media":0,"parent":712,"menu_order":0,"comment_status":"closed","ping_status":"closed","template":"","meta":{"footnotes":""},"class_list":["post-955","page","type-page","status-publish","hentry"],"yoast_head":"<!-- This site is optimized with the Yoast SEO plugin v24.0 - https:\/\/yoast.com\/wordpress\/plugins\/seo\/ -->\n<title>ACU-LAM (Cloison \u00e0 lamelles) - Grande Gestion des Eaux<\/title>\n<meta name=\"robots\" content=\"index, follow, max-snippet:-1, max-image-preview:large, max-video-preview:-1\" \/>\n<link rel=\"canonical\" href=\"https:\/\/grandeinc.com\/fr\/produits\/retention-des-objets-flottants\/acu-lam-cloison-a-lamelles\/\" \/>\n<meta property=\"og:locale\" content=\"fr_CA\" \/>\n<meta property=\"og:type\" content=\"article\" \/>\n<meta property=\"og:title\" content=\"ACU-LAM (Cloison \u00e0 lamelles) - Grande Gestion des Eaux\" \/>\n<meta property=\"og:description\" content=\"Le syst\u00e8me de d\u00e9flecteurs \u00e0 lamelles ACU-LAM est con\u00e7u pour emp\u00eacher les d\u00e9bris flottants de p\u00e9n\u00e9trer dans les syst\u00e8mes de trop-plein d&rsquo;eaux pluviales, les syst\u00e8mes de trop-plein d&rsquo;\u00e9gouts unitaires (CSO), les syst\u00e8mes de trop-plein d&rsquo;\u00e9gouts sanitaires (SSO), les trop-pleins de r\u00e9servoirs de r\u00e9tention et les trop-pleins de bassins. L&rsquo;ACU-LAM est id\u00e9al pour les installations o\u00f9\" \/>\n<meta property=\"og:url\" content=\"https:\/\/grandeinc.com\/fr\/produits\/retention-des-objets-flottants\/acu-lam-cloison-a-lamelles\/\" \/>\n<meta property=\"og:site_name\" content=\"Grande Gestion des Eaux\" \/>\n<meta property=\"article:publisher\" content=\"https:\/\/www.facebook.com\/GrandeWaterManagement\" \/>\n<meta property=\"article:modified_time\" content=\"2024-07-16T03:34:42+00:00\" \/>\n<meta property=\"og:image\" content=\"http:\/\/grandeinc.com\/wp-content\/uploads\/2024\/06\/acu-lam-1.jpg\" \/>\n<meta name=\"twitter:card\" content=\"summary_large_image\" \/>\n<meta name=\"twitter:label1\" content=\"Estimation du temps de lecture\" \/>\n\t<meta name=\"twitter:data1\" content=\"2 minutes\" \/>\n<script type=\"application\/ld+json\" class=\"yoast-schema-graph\">{\"@context\":\"https:\/\/schema.org\",\"@graph\":[{\"@type\":\"WebPage\",\"@id\":\"https:\/\/grandeinc.com\/produits\/retention-des-objets-flottants\/acu-lam-cloison-a-lamelles\/\",\"url\":\"https:\/\/grandeinc.com\/produits\/retention-des-objets-flottants\/acu-lam-cloison-a-lamelles\/\",\"name\":\"ACU-LAM (Cloison \u00e0 lamelles) - Grande Gestion des Eaux\",\"isPartOf\":{\"@id\":\"http:\/\/grandeinc.com\/fr\/#website\"},\"primaryImageOfPage\":{\"@id\":\"https:\/\/grandeinc.com\/produits\/retention-des-objets-flottants\/acu-lam-cloison-a-lamelles\/#primaryimage\"},\"image\":{\"@id\":\"https:\/\/grandeinc.com\/produits\/retention-des-objets-flottants\/acu-lam-cloison-a-lamelles\/#primaryimage\"},\"thumbnailUrl\":\"http:\/\/grandeinc.com\/wp-content\/uploads\/2024\/06\/acu-lam-1.jpg\",\"datePublished\":\"2024-06-02T04:41:34+00:00\",\"dateModified\":\"2024-07-16T03:34:42+00:00\",\"breadcrumb\":{\"@id\":\"https:\/\/grandeinc.com\/produits\/retention-des-objets-flottants\/acu-lam-cloison-a-lamelles\/#breadcrumb\"},\"inLanguage\":\"fr-CA\",\"potentialAction\":[{\"@type\":\"ReadAction\",\"target\":[\"https:\/\/grandeinc.com\/produits\/retention-des-objets-flottants\/acu-lam-cloison-a-lamelles\/\"]}]},{\"@type\":\"ImageObject\",\"inLanguage\":\"fr-CA\",\"@id\":\"https:\/\/grandeinc.com\/produits\/retention-des-objets-flottants\/acu-lam-cloison-a-lamelles\/#primaryimage\",\"url\":\"http:\/\/grandeinc.com\/wp-content\/uploads\/2024\/06\/acu-lam-1.jpg\",\"contentUrl\":\"http:\/\/grandeinc.com\/wp-content\/uploads\/2024\/06\/acu-lam-1.jpg\"},{\"@type\":\"BreadcrumbList\",\"@id\":\"https:\/\/grandeinc.com\/produits\/retention-des-objets-flottants\/acu-lam-cloison-a-lamelles\/#breadcrumb\",\"itemListElement\":[{\"@type\":\"ListItem\",\"position\":1,\"name\":\"Accueil\",\"item\":\"https:\/\/grandeinc.com\/\"},{\"@type\":\"ListItem\",\"position\":2,\"name\":\"Produits\",\"item\":\"https:\/\/grandeinc.com\/produits\/\"},{\"@type\":\"ListItem\",\"position\":3,\"name\":\"R\u00e9tention des objets flottants\",\"item\":\"https:\/\/grandeinc.com\/produits\/retention-des-objets-flottants\/\"},{\"@type\":\"ListItem\",\"position\":4,\"name\":\"ACU-LAM (Cloison \u00e0 lamelles)\"}]},{\"@type\":\"WebSite\",\"@id\":\"http:\/\/grandeinc.com\/fr\/#website\",\"url\":\"http:\/\/grandeinc.com\/fr\/\",\"name\":\"Grande Gestion des Eaux\",\"description\":\"\",\"publisher\":{\"@id\":\"http:\/\/grandeinc.com\/fr\/#organization\"},\"potentialAction\":[{\"@type\":\"SearchAction\",\"target\":{\"@type\":\"EntryPoint\",\"urlTemplate\":\"http:\/\/grandeinc.com\/fr\/?s={search_term_string}\"},\"query-input\":{\"@type\":\"PropertyValueSpecification\",\"valueRequired\":true,\"valueName\":\"search_term_string\"}}],\"inLanguage\":\"fr-CA\"},{\"@type\":\"Organization\",\"@id\":\"http:\/\/grandeinc.com\/fr\/#organization\",\"name\":\"Grande Gestion des Eaux\",\"url\":\"http:\/\/grandeinc.com\/fr\/\",\"logo\":{\"@type\":\"ImageObject\",\"inLanguage\":\"fr-CA\",\"@id\":\"http:\/\/grandeinc.com\/fr\/#\/schema\/logo\/image\/\",\"url\":\"https:\/\/grandeinc.com\/wp-content\/uploads\/2024\/11\/logo.png\",\"contentUrl\":\"https:\/\/grandeinc.com\/wp-content\/uploads\/2024\/11\/logo.png\",\"width\":260,\"height\":84,\"caption\":\"Grande Gestion des Eaux\"},\"image\":{\"@id\":\"http:\/\/grandeinc.com\/fr\/#\/schema\/logo\/image\/\"},\"sameAs\":[\"https:\/\/www.facebook.com\/GrandeWaterManagement\"]}]}<\/script>\n<!-- \/ Yoast SEO plugin. -->","yoast_head_json":{"title":"ACU-LAM (Cloison \u00e0 lamelles) - Grande Gestion des Eaux","robots":{"index":"index","follow":"follow","max-snippet":"max-snippet:-1","max-image-preview":"max-image-preview:large","max-video-preview":"max-video-preview:-1"},"canonical":"https:\/\/grandeinc.com\/fr\/produits\/retention-des-objets-flottants\/acu-lam-cloison-a-lamelles\/","og_locale":"fr_CA","og_type":"article","og_title":"ACU-LAM (Cloison \u00e0 lamelles) - Grande Gestion des Eaux","og_description":"Le syst\u00e8me de d\u00e9flecteurs \u00e0 lamelles ACU-LAM est con\u00e7u pour emp\u00eacher les d\u00e9bris flottants de p\u00e9n\u00e9trer dans les syst\u00e8mes de trop-plein d&rsquo;eaux pluviales, les syst\u00e8mes de trop-plein d&rsquo;\u00e9gouts unitaires (CSO), les syst\u00e8mes de trop-plein d&rsquo;\u00e9gouts sanitaires (SSO), les trop-pleins de r\u00e9servoirs de r\u00e9tention et les trop-pleins de bassins. L&rsquo;ACU-LAM est id\u00e9al pour les installations o\u00f9","og_url":"https:\/\/grandeinc.com\/fr\/produits\/retention-des-objets-flottants\/acu-lam-cloison-a-lamelles\/","og_site_name":"Grande Gestion des Eaux","article_publisher":"https:\/\/www.facebook.com\/GrandeWaterManagement","article_modified_time":"2024-07-16T03:34:42+00:00","og_image":[{"url":"http:\/\/grandeinc.com\/wp-content\/uploads\/2024\/06\/acu-lam-1.jpg","type":"","width":"","height":""}],"twitter_card":"summary_large_image","twitter_misc":{"Estimation du temps de lecture":"2 minutes"},"schema":{"@context":"https:\/\/schema.org","@graph":[{"@type":"WebPage","@id":"https:\/\/grandeinc.com\/produits\/retention-des-objets-flottants\/acu-lam-cloison-a-lamelles\/","url":"https:\/\/grandeinc.com\/produits\/retention-des-objets-flottants\/acu-lam-cloison-a-lamelles\/","name":"ACU-LAM (Cloison \u00e0 lamelles) - Grande Gestion des Eaux","isPartOf":{"@id":"http:\/\/grandeinc.com\/fr\/#website"},"primaryImageOfPage":{"@id":"https:\/\/grandeinc.com\/produits\/retention-des-objets-flottants\/acu-lam-cloison-a-lamelles\/#primaryimage"},"image":{"@id":"https:\/\/grandeinc.com\/produits\/retention-des-objets-flottants\/acu-lam-cloison-a-lamelles\/#primaryimage"},"thumbnailUrl":"http:\/\/grandeinc.com\/wp-content\/uploads\/2024\/06\/acu-lam-1.jpg","datePublished":"2024-06-02T04:41:34+00:00","dateModified":"2024-07-16T03:34:42+00:00","breadcrumb":{"@id":"https:\/\/grandeinc.com\/produits\/retention-des-objets-flottants\/acu-lam-cloison-a-lamelles\/#breadcrumb"},"inLanguage":"fr-CA","potentialAction":[{"@type":"ReadAction","target":["https:\/\/grandeinc.com\/produits\/retention-des-objets-flottants\/acu-lam-cloison-a-lamelles\/"]}]},{"@type":"ImageObject","inLanguage":"fr-CA","@id":"https:\/\/grandeinc.com\/produits\/retention-des-objets-flottants\/acu-lam-cloison-a-lamelles\/#primaryimage","url":"http:\/\/grandeinc.com\/wp-content\/uploads\/2024\/06\/acu-lam-1.jpg","contentUrl":"http:\/\/grandeinc.com\/wp-content\/uploads\/2024\/06\/acu-lam-1.jpg"},{"@type":"BreadcrumbList","@id":"https:\/\/grandeinc.com\/produits\/retention-des-objets-flottants\/acu-lam-cloison-a-lamelles\/#breadcrumb","itemListElement":[{"@type":"ListItem","position":1,"name":"Accueil","item":"https:\/\/grandeinc.com\/"},{"@type":"ListItem","position":2,"name":"Produits","item":"https:\/\/grandeinc.com\/produits\/"},{"@type":"ListItem","position":3,"name":"R\u00e9tention des objets flottants","item":"https:\/\/grandeinc.com\/produits\/retention-des-objets-flottants\/"},{"@type":"ListItem","position":4,"name":"ACU-LAM (Cloison \u00e0 lamelles)"}]},{"@type":"WebSite","@id":"http:\/\/grandeinc.com\/fr\/#website","url":"http:\/\/grandeinc.com\/fr\/","name":"Grande Gestion des Eaux","description":"","publisher":{"@id":"http:\/\/grandeinc.com\/fr\/#organization"},"potentialAction":[{"@type":"SearchAction","target":{"@type":"EntryPoint","urlTemplate":"http:\/\/grandeinc.com\/fr\/?s={search_term_string}"},"query-input":{"@type":"PropertyValueSpecification","valueRequired":true,"valueName":"search_term_string"}}],"inLanguage":"fr-CA"},{"@type":"Organization","@id":"http:\/\/grandeinc.com\/fr\/#organization","name":"Grande Gestion des Eaux","url":"http:\/\/grandeinc.com\/fr\/","logo":{"@type":"ImageObject","inLanguage":"fr-CA","@id":"http:\/\/grandeinc.com\/fr\/#\/schema\/logo\/image\/","url":"https:\/\/grandeinc.com\/wp-content\/uploads\/2024\/11\/logo.png","contentUrl":"https:\/\/grandeinc.com\/wp-content\/uploads\/2024\/11\/logo.png","width":260,"height":84,"caption":"Grande Gestion des Eaux"},"image":{"@id":"http:\/\/grandeinc.com\/fr\/#\/schema\/logo\/image\/"},"sameAs":["https:\/\/www.facebook.com\/GrandeWaterManagement"]}]}},"_links":{"self":[{"href":"https:\/\/grandeinc.com\/fr\/wp-json\/wp\/v2\/pages\/955","targetHints":{"allow":["GET"]}}],"collection":[{"href":"https:\/\/grandeinc.com\/fr\/wp-json\/wp\/v2\/pages"}],"about":[{"href":"https:\/\/grandeinc.com\/fr\/wp-json\/wp\/v2\/types\/page"}],"author":[{"embeddable":true,"href":"https:\/\/grandeinc.com\/fr\/wp-json\/wp\/v2\/users\/4"}],"replies":[{"embeddable":true,"href":"https:\/\/grandeinc.com\/fr\/wp-json\/wp\/v2\/comments?post=955"}],"version-history":[{"count":4,"href":"https:\/\/grandeinc.com\/fr\/wp-json\/wp\/v2\/pages\/955\/revisions"}],"predecessor-version":[{"id":1196,"href":"https:\/\/grandeinc.com\/fr\/wp-json\/wp\/v2\/pages\/955\/revisions\/1196"}],"up":[{"embeddable":true,"href":"https:\/\/grandeinc.com\/fr\/wp-json\/wp\/v2\/pages\/712"}],"wp:attachment":[{"href":"https:\/\/grandeinc.com\/fr\/wp-json\/wp\/v2\/media?parent=955"}],"curies":[{"name":"wp","href":"https:\/\/api.w.org\/{rel}","templated":true}]}}