{"id":911,"date":"2024-06-02T02:10:03","date_gmt":"2024-06-02T06:10:03","guid":{"rendered":"https:\/\/grandeinc.com\/?page_id=911"},"modified":"2024-07-15T23:30:30","modified_gmt":"2024-07-16T03:30:30","slug":"volet-flottant-tru-flap","status":"publish","type":"page","link":"https:\/\/grandeinc.com\/fr\/produits\/backflow-prevention\/volet-flottant-tru-flap\/","title":{"rendered":"VOLET FLOTTANT TRU-FLAP"},"content":{"rendered":"<section class=\"kc-elm kc-css-98413 kc_row\"><div class=\"kc-row-container  kc-container\"><div class=\"kc-wrap-columns\"><div class=\"kc-elm kc-css-363374 kc_col-sm-12 kc_column kc_col-sm-12\"><div class=\"kc-col-container\"><div class=\"kc-elm kc-css-611790 kc_row kc_row_inner\"><div class=\"kc-elm kc-css-63095 kc_col-sm-6 kc_column_inner kc_col-sm-6\"><div class=\"kc_wrapper kc-col-inner-container\"><div class=\"kc-elm kc-css-326761 kc_shortcode kc_single_image\">\n\n        <img decoding=\"async\" src=\"https:\/\/grandeinc.com\/wp-content\/uploads\/2024\/06\/tru-flap-1.jpg\" class=\"\" alt=\"\" \/>    <\/div>\n<\/div><\/div><div class=\"kc-elm kc-css-511423 kc_col-sm-6 kc_column_inner kc_col-sm-6\"><div class=\"kc_wrapper kc-col-inner-container\"><div class=\"kc-elm kc-css-60711 kc_text_block\"><\/p>\n<p>Le syst\u00e8me de volets flottants TRU-FLAP est con\u00e7u pour pr\u00e9venir les inondations et les reflux caus\u00e9s par les niveaux d&rsquo;eau \u00e9lev\u00e9s en aval et agit comme un d\u00e9versoir flottant dont l&rsquo;\u00e9l\u00e9vation de la cr\u00eate s&rsquo;ajuste automatiquement. Le TRU-FLAP peut et a \u00e9t\u00e9 install\u00e9 aux emplacements de trop-plein d&rsquo;\u00e9gout unitaire (CSO), aux emplacements de trop-plein d&rsquo;\u00e9gout sanitaire (SSO), aux trop-pleins de r\u00e9servoirs de r\u00e9tention et aux trop-pleins de bassin. La surcharge des r\u00e9seaux d&rsquo;\u00e9gouts et des stations d&rsquo;\u00e9puration est \u00e9vit\u00e9e et les co\u00fbts \u00e9nerg\u00e9tiques des syst\u00e8mes de pompage et du traitement des eaux us\u00e9es sont r\u00e9duits.<\/p>\n<p>\n<\/div><\/div><\/div><\/div><div class=\"kc-elm kc-css-82564 kc_row kc_row_inner\"><div class=\"kc-elm kc-css-20617 kc_col-sm-12 kc_column_inner kc_col-sm-12\"><div class=\"kc_wrapper kc-col-inner-container\">\n<div class=\"kc-elm kc-css-534270\">\n\t<a class=\"kc_button\" href=\"\/contactez-nous\/\" target=\"_self\" title=\"\" onclick=\"\">\n\t\tDemandez votre brochure\t<\/a>\n<\/div>\n<\/div><\/div><\/div><div class=\"kc-elm kc-css-198661 kc_row kc_row_inner\"><div class=\"kc-elm kc-css-799270 kc_col-sm-6 kc_column_inner kc_col-sm-6\"><div class=\"kc_wrapper kc-col-inner-container\"><div class=\"kc-elm kc-css-844618 kc_text_block\"><\/p>\n<h2>Caract\u00e9ristiques<\/h2>\n<p>-Jusqu&rsquo;\u00e0 4 pieds (1,2 m) de t\u00eate<\/p>\n<p>-Construction modulaire jusqu&rsquo;\u00e0 20 pieds (6 m) de long<\/p>\n<p>-Forme hydrauliquement id\u00e9ale<\/p>\n<p>-Le volet est ouvert en position de repos<\/p>\n<p>-Augmente avec une augmentation minime du niveau d\u2019eau en aval<\/p>\n<p>-Faible r\u00e9sistance hydraulique<\/p>\n<p>-Facile \u00e0 adapter aux installations existantes<\/p>\n<p>-Construction en acier inoxydable<\/p>\n<p>\n<\/div><\/div><\/div><div class=\"kc-elm kc-css-305325 kc_col-sm-6 kc_column_inner kc_col-sm-6\"><div class=\"kc_wrapper kc-col-inner-container\"><div class=\"kc-elm kc-css-416652 kc_shortcode kc_single_image\">\n\n        <img decoding=\"async\" src=\"https:\/\/grandeinc.com\/wp-content\/uploads\/2024\/06\/tru-flap-2.jpg\" class=\"\" alt=\"\" \/>    <\/div>\n<\/div><\/div><\/div><div class=\"kc-elm kc-css-551625 kc_row kc_row_inner\"><div class=\"kc-elm kc-css-831662 kc_col-sm-6 kc_column_inner kc_col-sm-6\"><div class=\"kc_wrapper kc-col-inner-container\"><div class=\"kc-elm kc-css-567218 kc_shortcode kc_single_image\">\n\n        <img decoding=\"async\" src=\"https:\/\/grandeinc.com\/wp-content\/uploads\/2024\/06\/tru-flap-3.jpg\" class=\"\" alt=\"\" \/>    <\/div>\n<\/div><\/div><div class=\"kc-elm kc-css-252621 kc_col-sm-6 kc_column_inner kc_col-sm-6\"><div class=\"kc_wrapper kc-col-inner-container\"><div class=\"kc-elm kc-css-345195 kc_text_block\"><\/p>\n<h2>Champ d&rsquo;application<\/h2>\n<p>Le volet flottant TRU-FLAP peut varier du mod\u00e8le GTF-30-* au GTF-120-*. Le GTF-30-* est con\u00e7u pour une protection anti-refoulement de 12 pouces (30 cm) et mesure jusqu&rsquo;\u00e0 un maximum de 20 pieds (6 m) de longueur. Le GTF-120-* est con\u00e7u pour une protection anti-refoulement de 48 pouces (120 cm) et mesure jusqu&rsquo;\u00e0 un maximum de 20 pieds (6 m) de longueur. La s\u00e9lection du mod\u00e8le TRU-FLAP est bas\u00e9e uniquement sur la longueur du d\u00e9versoir en b\u00e9ton et la hauteur anti-refoulement requise. Les unit\u00e9s sont actuellement d\u00e9sign\u00e9es par un ast\u00e9risque en raison de la grande vari\u00e9t\u00e9 d&rsquo;options de mod\u00e8les.<\/p>\n<p>\n<\/div><\/div><\/div><\/div><div class=\"kc-elm kc-css-905609 kc_row kc_row_inner\"><div class=\"kc-elm kc-css-297369 kc_col-sm-6 kc_column_inner kc_col-sm-6\"><div class=\"kc_wrapper kc-col-inner-container\"><div class=\"kc-elm kc-css-596800 kc_text_block\"><\/p>\n<h2>Fonctionnement du syst\u00e8me<\/h2>\n<p>Le volet flottant TRU-FLAP est un volet flottant pivotant en acier inoxydable mont\u00e9 sur un d\u00e9versoir. En position de repos, le TRU-FLAP pend sous l&rsquo;effet de son propre poids, permettant ainsi au trop-plein amont de passer sans entrave sur sa cr\u00eate, comme le ferait n&rsquo;importe quel d\u00e9versoir. Lorsque le niveau d&rsquo;eau en aval augmente, le volet flottant pivote vers le haut pour emp\u00eacher le reflux dans le syst\u00e8me d&rsquo;\u00e9gouts, le r\u00e9servoir ou le bassin tout en \u00e9tablissant une nouvelle hauteur de d\u00e9versoir. La conception l\u00e9g\u00e8re du TRU-FLAP le rend tr\u00e8s r\u00e9actif aux changements minimes du niveau d\u2019eau tout en assurant la stabilit\u00e9 structurelle.<\/p>\n<p>Le volet flottant TRU-FLAP peut \u00eatre scell\u00e9 sur les quatre c\u00f4t\u00e9s pour emp\u00eacher le reflux dans le cas o\u00f9 le niveau d&rsquo;eau en aval d\u00e9passe la hauteur du volet.<\/p>\n<p>\n<\/div><\/div><\/div><div class=\"kc-elm kc-css-114721 kc_col-sm-6 kc_column_inner kc_col-sm-6\"><div class=\"kc_wrapper kc-col-inner-container\"><div class=\"kc-elm kc-css-595422 kc_shortcode kc_single_image\">\n\n        <img decoding=\"async\" src=\"https:\/\/grandeinc.com\/wp-content\/uploads\/2024\/06\/tru-flap-4.jpg\" class=\"\" alt=\"\" \/>    <\/div>\n<div class=\"kc-elm kc-css-507859 kc_shortcode kc_single_image\">\n\n        <img decoding=\"async\" src=\"https:\/\/grandeinc.com\/wp-content\/uploads\/2024\/06\/tru-flap-5.jpg\" class=\"\" alt=\"\" \/>    <\/div>\n<\/div><\/div><\/div><\/div><\/div><\/div><\/div><\/section>\n","protected":false},"excerpt":{"rendered":"","protected":false},"author":4,"featured_media":0,"parent":595,"menu_order":0,"comment_status":"closed","ping_status":"closed","template":"","meta":{"footnotes":""},"class_list":["post-911","page","type-page","status-publish","hentry"],"yoast_head":"<!-- This site is optimized with the Yoast SEO plugin v24.0 - https:\/\/yoast.com\/wordpress\/plugins\/seo\/ -->\n<title>VOLET FLOTTANT TRU-FLAP - Grande Gestion des Eaux<\/title>\n<meta name=\"robots\" content=\"index, follow, max-snippet:-1, max-image-preview:large, max-video-preview:-1\" \/>\n<link rel=\"canonical\" href=\"https:\/\/grandeinc.com\/fr\/produits\/backflow-prevention\/volet-flottant-tru-flap\/\" \/>\n<meta property=\"og:locale\" content=\"fr_CA\" \/>\n<meta property=\"og:type\" content=\"article\" \/>\n<meta property=\"og:title\" content=\"VOLET FLOTTANT TRU-FLAP - Grande Gestion des Eaux\" \/>\n<meta property=\"og:description\" content=\"Le syst\u00e8me de volets flottants TRU-FLAP est con\u00e7u pour pr\u00e9venir les inondations et les reflux caus\u00e9s par les niveaux d&rsquo;eau \u00e9lev\u00e9s en aval et agit comme un d\u00e9versoir flottant dont l&rsquo;\u00e9l\u00e9vation de la cr\u00eate s&rsquo;ajuste automatiquement. Le TRU-FLAP peut et a \u00e9t\u00e9 install\u00e9 aux emplacements de trop-plein d&rsquo;\u00e9gout unitaire (CSO), aux emplacements de trop-plein d&rsquo;\u00e9gout\" \/>\n<meta property=\"og:url\" content=\"https:\/\/grandeinc.com\/fr\/produits\/backflow-prevention\/volet-flottant-tru-flap\/\" \/>\n<meta property=\"og:site_name\" content=\"Grande Gestion des Eaux\" \/>\n<meta property=\"article:publisher\" content=\"https:\/\/www.facebook.com\/GrandeWaterManagement\" \/>\n<meta property=\"article:modified_time\" content=\"2024-07-16T03:30:30+00:00\" \/>\n<meta property=\"og:image\" content=\"http:\/\/grandeinc.com\/wp-content\/uploads\/2024\/06\/tru-flap-1.jpg\" \/>\n<meta name=\"twitter:card\" content=\"summary_large_image\" \/>\n<meta name=\"twitter:label1\" content=\"Estimation du temps de lecture\" \/>\n\t<meta name=\"twitter:data1\" content=\"2 minutes\" \/>\n<script type=\"application\/ld+json\" class=\"yoast-schema-graph\">{\"@context\":\"https:\/\/schema.org\",\"@graph\":[{\"@type\":\"WebPage\",\"@id\":\"https:\/\/grandeinc.com\/produits\/backflow-prevention\/volet-flottant-tru-flap\/\",\"url\":\"https:\/\/grandeinc.com\/produits\/backflow-prevention\/volet-flottant-tru-flap\/\",\"name\":\"VOLET FLOTTANT TRU-FLAP - Grande Gestion des Eaux\",\"isPartOf\":{\"@id\":\"http:\/\/grandeinc.com\/fr\/#website\"},\"primaryImageOfPage\":{\"@id\":\"https:\/\/grandeinc.com\/produits\/backflow-prevention\/volet-flottant-tru-flap\/#primaryimage\"},\"image\":{\"@id\":\"https:\/\/grandeinc.com\/produits\/backflow-prevention\/volet-flottant-tru-flap\/#primaryimage\"},\"thumbnailUrl\":\"http:\/\/grandeinc.com\/wp-content\/uploads\/2024\/06\/tru-flap-1.jpg\",\"datePublished\":\"2024-06-02T06:10:03+00:00\",\"dateModified\":\"2024-07-16T03:30:30+00:00\",\"breadcrumb\":{\"@id\":\"https:\/\/grandeinc.com\/produits\/backflow-prevention\/volet-flottant-tru-flap\/#breadcrumb\"},\"inLanguage\":\"fr-CA\",\"potentialAction\":[{\"@type\":\"ReadAction\",\"target\":[\"https:\/\/grandeinc.com\/produits\/backflow-prevention\/volet-flottant-tru-flap\/\"]}]},{\"@type\":\"ImageObject\",\"inLanguage\":\"fr-CA\",\"@id\":\"https:\/\/grandeinc.com\/produits\/backflow-prevention\/volet-flottant-tru-flap\/#primaryimage\",\"url\":\"http:\/\/grandeinc.com\/wp-content\/uploads\/2024\/06\/tru-flap-1.jpg\",\"contentUrl\":\"http:\/\/grandeinc.com\/wp-content\/uploads\/2024\/06\/tru-flap-1.jpg\"},{\"@type\":\"BreadcrumbList\",\"@id\":\"https:\/\/grandeinc.com\/produits\/backflow-prevention\/volet-flottant-tru-flap\/#breadcrumb\",\"itemListElement\":[{\"@type\":\"ListItem\",\"position\":1,\"name\":\"Accueil\",\"item\":\"https:\/\/grandeinc.com\/\"},{\"@type\":\"ListItem\",\"position\":2,\"name\":\"Produits\",\"item\":\"https:\/\/grandeinc.com\/produits\/\"},{\"@type\":\"ListItem\",\"position\":3,\"name\":\"Backflow prevention\",\"item\":\"https:\/\/grandeinc.com\/produits\/backflow-prevention\/\"},{\"@type\":\"ListItem\",\"position\":4,\"name\":\"VOLET FLOTTANT TRU-FLAP\"}]},{\"@type\":\"WebSite\",\"@id\":\"http:\/\/grandeinc.com\/fr\/#website\",\"url\":\"http:\/\/grandeinc.com\/fr\/\",\"name\":\"Grande Gestion des Eaux\",\"description\":\"\",\"publisher\":{\"@id\":\"http:\/\/grandeinc.com\/fr\/#organization\"},\"potentialAction\":[{\"@type\":\"SearchAction\",\"target\":{\"@type\":\"EntryPoint\",\"urlTemplate\":\"http:\/\/grandeinc.com\/fr\/?s={search_term_string}\"},\"query-input\":{\"@type\":\"PropertyValueSpecification\",\"valueRequired\":true,\"valueName\":\"search_term_string\"}}],\"inLanguage\":\"fr-CA\"},{\"@type\":\"Organization\",\"@id\":\"http:\/\/grandeinc.com\/fr\/#organization\",\"name\":\"Grande Gestion des Eaux\",\"url\":\"http:\/\/grandeinc.com\/fr\/\",\"logo\":{\"@type\":\"ImageObject\",\"inLanguage\":\"fr-CA\",\"@id\":\"http:\/\/grandeinc.com\/fr\/#\/schema\/logo\/image\/\",\"url\":\"https:\/\/grandeinc.com\/wp-content\/uploads\/2024\/11\/logo.png\",\"contentUrl\":\"https:\/\/grandeinc.com\/wp-content\/uploads\/2024\/11\/logo.png\",\"width\":260,\"height\":84,\"caption\":\"Grande Gestion des Eaux\"},\"image\":{\"@id\":\"http:\/\/grandeinc.com\/fr\/#\/schema\/logo\/image\/\"},\"sameAs\":[\"https:\/\/www.facebook.com\/GrandeWaterManagement\"]}]}<\/script>\n<!-- \/ Yoast SEO plugin. -->","yoast_head_json":{"title":"VOLET FLOTTANT TRU-FLAP - Grande Gestion des Eaux","robots":{"index":"index","follow":"follow","max-snippet":"max-snippet:-1","max-image-preview":"max-image-preview:large","max-video-preview":"max-video-preview:-1"},"canonical":"https:\/\/grandeinc.com\/fr\/produits\/backflow-prevention\/volet-flottant-tru-flap\/","og_locale":"fr_CA","og_type":"article","og_title":"VOLET FLOTTANT TRU-FLAP - Grande Gestion des Eaux","og_description":"Le syst\u00e8me de volets flottants TRU-FLAP est con\u00e7u pour pr\u00e9venir les inondations et les reflux caus\u00e9s par les niveaux d&rsquo;eau \u00e9lev\u00e9s en aval et agit comme un d\u00e9versoir flottant dont l&rsquo;\u00e9l\u00e9vation de la cr\u00eate s&rsquo;ajuste automatiquement. Le TRU-FLAP peut et a \u00e9t\u00e9 install\u00e9 aux emplacements de trop-plein d&rsquo;\u00e9gout unitaire (CSO), aux emplacements de trop-plein d&rsquo;\u00e9gout","og_url":"https:\/\/grandeinc.com\/fr\/produits\/backflow-prevention\/volet-flottant-tru-flap\/","og_site_name":"Grande Gestion des Eaux","article_publisher":"https:\/\/www.facebook.com\/GrandeWaterManagement","article_modified_time":"2024-07-16T03:30:30+00:00","og_image":[{"url":"http:\/\/grandeinc.com\/wp-content\/uploads\/2024\/06\/tru-flap-1.jpg","type":"","width":"","height":""}],"twitter_card":"summary_large_image","twitter_misc":{"Estimation du temps de lecture":"2 minutes"},"schema":{"@context":"https:\/\/schema.org","@graph":[{"@type":"WebPage","@id":"https:\/\/grandeinc.com\/produits\/backflow-prevention\/volet-flottant-tru-flap\/","url":"https:\/\/grandeinc.com\/produits\/backflow-prevention\/volet-flottant-tru-flap\/","name":"VOLET FLOTTANT TRU-FLAP - Grande Gestion des Eaux","isPartOf":{"@id":"http:\/\/grandeinc.com\/fr\/#website"},"primaryImageOfPage":{"@id":"https:\/\/grandeinc.com\/produits\/backflow-prevention\/volet-flottant-tru-flap\/#primaryimage"},"image":{"@id":"https:\/\/grandeinc.com\/produits\/backflow-prevention\/volet-flottant-tru-flap\/#primaryimage"},"thumbnailUrl":"http:\/\/grandeinc.com\/wp-content\/uploads\/2024\/06\/tru-flap-1.jpg","datePublished":"2024-06-02T06:10:03+00:00","dateModified":"2024-07-16T03:30:30+00:00","breadcrumb":{"@id":"https:\/\/grandeinc.com\/produits\/backflow-prevention\/volet-flottant-tru-flap\/#breadcrumb"},"inLanguage":"fr-CA","potentialAction":[{"@type":"ReadAction","target":["https:\/\/grandeinc.com\/produits\/backflow-prevention\/volet-flottant-tru-flap\/"]}]},{"@type":"ImageObject","inLanguage":"fr-CA","@id":"https:\/\/grandeinc.com\/produits\/backflow-prevention\/volet-flottant-tru-flap\/#primaryimage","url":"http:\/\/grandeinc.com\/wp-content\/uploads\/2024\/06\/tru-flap-1.jpg","contentUrl":"http:\/\/grandeinc.com\/wp-content\/uploads\/2024\/06\/tru-flap-1.jpg"},{"@type":"BreadcrumbList","@id":"https:\/\/grandeinc.com\/produits\/backflow-prevention\/volet-flottant-tru-flap\/#breadcrumb","itemListElement":[{"@type":"ListItem","position":1,"name":"Accueil","item":"https:\/\/grandeinc.com\/"},{"@type":"ListItem","position":2,"name":"Produits","item":"https:\/\/grandeinc.com\/produits\/"},{"@type":"ListItem","position":3,"name":"Backflow prevention","item":"https:\/\/grandeinc.com\/produits\/backflow-prevention\/"},{"@type":"ListItem","position":4,"name":"VOLET FLOTTANT TRU-FLAP"}]},{"@type":"WebSite","@id":"http:\/\/grandeinc.com\/fr\/#website","url":"http:\/\/grandeinc.com\/fr\/","name":"Grande Gestion des Eaux","description":"","publisher":{"@id":"http:\/\/grandeinc.com\/fr\/#organization"},"potentialAction":[{"@type":"SearchAction","target":{"@type":"EntryPoint","urlTemplate":"http:\/\/grandeinc.com\/fr\/?s={search_term_string}"},"query-input":{"@type":"PropertyValueSpecification","valueRequired":true,"valueName":"search_term_string"}}],"inLanguage":"fr-CA"},{"@type":"Organization","@id":"http:\/\/grandeinc.com\/fr\/#organization","name":"Grande Gestion des Eaux","url":"http:\/\/grandeinc.com\/fr\/","logo":{"@type":"ImageObject","inLanguage":"fr-CA","@id":"http:\/\/grandeinc.com\/fr\/#\/schema\/logo\/image\/","url":"https:\/\/grandeinc.com\/wp-content\/uploads\/2024\/11\/logo.png","contentUrl":"https:\/\/grandeinc.com\/wp-content\/uploads\/2024\/11\/logo.png","width":260,"height":84,"caption":"Grande Gestion des Eaux"},"image":{"@id":"http:\/\/grandeinc.com\/fr\/#\/schema\/logo\/image\/"},"sameAs":["https:\/\/www.facebook.com\/GrandeWaterManagement"]}]}},"_links":{"self":[{"href":"https:\/\/grandeinc.com\/fr\/wp-json\/wp\/v2\/pages\/911","targetHints":{"allow":["GET"]}}],"collection":[{"href":"https:\/\/grandeinc.com\/fr\/wp-json\/wp\/v2\/pages"}],"about":[{"href":"https:\/\/grandeinc.com\/fr\/wp-json\/wp\/v2\/types\/page"}],"author":[{"embeddable":true,"href":"https:\/\/grandeinc.com\/fr\/wp-json\/wp\/v2\/users\/4"}],"replies":[{"embeddable":true,"href":"https:\/\/grandeinc.com\/fr\/wp-json\/wp\/v2\/comments?post=911"}],"version-history":[{"count":4,"href":"https:\/\/grandeinc.com\/fr\/wp-json\/wp\/v2\/pages\/911\/revisions"}],"predecessor-version":[{"id":1184,"href":"https:\/\/grandeinc.com\/fr\/wp-json\/wp\/v2\/pages\/911\/revisions\/1184"}],"up":[{"embeddable":true,"href":"https:\/\/grandeinc.com\/fr\/wp-json\/wp\/v2\/pages\/595"}],"wp:attachment":[{"href":"https:\/\/grandeinc.com\/fr\/wp-json\/wp\/v2\/media?parent=911"}],"curies":[{"name":"wp","href":"https:\/\/api.w.org\/{rel}","templated":true}]}}