{"id":900,"date":"2024-06-02T01:56:50","date_gmt":"2024-06-02T05:56:50","guid":{"rendered":"https:\/\/grandeinc.com\/?page_id=900"},"modified":"2024-07-15T23:30:06","modified_gmt":"2024-07-16T03:30:06","slug":"element-de-controle-acu-flap","status":"publish","type":"page","link":"https:\/\/grandeinc.com\/fr\/produits\/backflow-prevention\/element-de-controle-acu-flap\/","title":{"rendered":"\u00c9L\u00c9MENT DE CONTR\u00d4LE ACU-FLAP"},"content":{"rendered":"<p><section class=\"kc-elm kc-css-501475 kc_row\"><div class=\"kc-row-container  kc-container\"><div class=\"kc-wrap-columns\"><div class=\"kc-elm kc-css-987871 kc_col-sm-12 kc_column kc_col-sm-12\"><div class=\"kc-col-container\"><\/div><\/div><\/div><\/div><\/section><section class=\"kc-elm kc-css-293610 kc_row\"><div class=\"kc-row-container  kc-container\"><div class=\"kc-wrap-columns\"><div class=\"kc-elm kc-css-145817 kc_col-sm-12 kc_column kc_col-sm-12\"><div class=\"kc-col-container\"><div class=\"kc-elm kc-css-394452 kc_row kc_row_inner\"><div class=\"kc-elm kc-css-550983 kc_col-sm-6 kc_column_inner kc_col-sm-6\"><div class=\"kc_wrapper kc-col-inner-container\"><div class=\"kc-elm kc-css-146442 kc_shortcode kc_single_image\">\n\n        <img decoding=\"async\" src=\"https:\/\/grandeinc.com\/wp-content\/uploads\/2024\/06\/acu-flap-1.jpg\" class=\"\" alt=\"\" \/>    <\/div>\n<\/div><\/div><div class=\"kc-elm kc-css-634347 kc_col-sm-6 kc_column_inner kc_col-sm-6\"><div class=\"kc_wrapper kc-col-inner-container\"><div class=\"kc-elm kc-css-93215 kc_text_block\"><\/p>\n<p>\nLe syst\u00e8me d&rsquo;\u00e9l\u00e9ments de contr\u00f4le ACU-FLAP est con\u00e7u pour pr\u00e9venir les inondations et les reflux caus\u00e9s par des niveaux d&rsquo;eau \u00e9lev\u00e9s en aval. L&rsquo;ACU-FLAP peut et a \u00e9t\u00e9 install\u00e9 aux emplacements de trop-plein d&rsquo;\u00e9gout unitaire (CSO), aux emplacements de trop-plein d&rsquo;\u00e9gout sanitaire (SSO), aux trop-pleins de r\u00e9servoirs de r\u00e9tention et aux trop-pleins de bassin. La surcharge des r\u00e9seaux d&rsquo;\u00e9gouts et des stations d&rsquo;\u00e9puration est \u00e9vit\u00e9e et les co\u00fbts \u00e9nerg\u00e9tiques des syst\u00e8mes de pompage et du traitement des eaux us\u00e9es sont r\u00e9duits. L&rsquo;ACU-FLAP contr\u00f4le \u00e9galement les odeurs, car il est normalement en position ferm\u00e9e.<\/p>\n<p>\n<\/div>\n<div class=\"kc-elm kc-css-873402\">\n\t<a class=\"kc_button\" href=\"\/contactez-nous\/\" target=\"_self\" title=\"\" onclick=\"\">\n\t\tDemandez votre brochure\t<\/a>\n<\/div>\n<\/div><\/div><\/div><div class=\"kc-elm kc-css-66101 kc_row kc_row_inner\"><div class=\"kc-elm kc-css-657165 kc_col-sm-6 kc_column_inner kc_col-sm-6\"><div class=\"kc_wrapper kc-col-inner-container\"><div class=\"kc-elm kc-css-646028 kc_text_block\"><\/p>\n<p>\n-Jusqu&rsquo;\u00e0 7 pieds (2 m) de t\u00eate<\/p>\n<p>-Construction modulaire jusqu&rsquo;\u00e0 13 pieds (4 m) de long<\/p>\n<p>-Rabat en \u00e9lastom\u00e8re<\/p>\n<p>-S&rsquo;ouvre avec une \u00e9l\u00e9vation minimale du niveau d&rsquo;eau<\/p>\n<p>-La conception assure une \u00e9tanch\u00e9it\u00e9 \u00e0 l&rsquo;air pour le contr\u00f4le des odeurs<\/p>\n<p>-Faible r\u00e9sistance hydraulique<\/p>\n<p>-Facile \u00e0 adapter aux installations existantes<\/p>\n<p>-Construction en acier inoxydable<\/p>\n<p>\n<\/div><\/div><\/div><div class=\"kc-elm kc-css-331896 kc_col-sm-6 kc_column_inner kc_col-sm-6\"><div class=\"kc_wrapper kc-col-inner-container\"><div class=\"kc-elm kc-css-941059 kc_shortcode kc_single_image\">\n\n        <img decoding=\"async\" src=\"https:\/\/grandeinc.com\/wp-content\/uploads\/2024\/06\/acu-flap-2.jpg\" class=\"\" alt=\"\" \/>    <\/div>\n<\/div><\/div><\/div><div class=\"kc-elm kc-css-495757 kc_row kc_row_inner\"><div class=\"kc-elm kc-css-870160 kc_col-sm-6 kc_column_inner kc_col-sm-6\"><div class=\"kc_wrapper kc-col-inner-container\"><div class=\"kc-elm kc-css-638150 kc_shortcode kc_single_image\">\n\n        <img decoding=\"async\" src=\"https:\/\/grandeinc.com\/wp-content\/uploads\/2024\/06\/acu-flap-3.jpg\" class=\"\" alt=\"\" \/>    <\/div>\n<\/div><\/div><div class=\"kc-elm kc-css-406789 kc_col-sm-6 kc_column_inner kc_col-sm-6\"><div class=\"kc_wrapper kc-col-inner-container\"><div class=\"kc-elm kc-css-307449 kc_text_block\"><\/p>\n<h2>Champ d&rsquo;application<\/h2>\n<p>L&rsquo;\u00e9l\u00e9ment de contr\u00f4le ACU-FLAP peut varier du mod\u00e8le GAF-40-* au GAF-100-*. Le GAF-40-* est con\u00e7u pour s&rsquo;adapter sur une ouverture en b\u00e9ton mesurant 16 pouces (40 cm) de haut et jusqu&rsquo;\u00e0 une largeur maximale de 13 pieds (4 m) et le GAF-100-* est con\u00e7u pour s&rsquo;adapter sur une ouverture en b\u00e9ton. mesurant 40 pouces (100 cm) de haut et jusqu&rsquo;\u00e0 une largeur maximale de 13 pieds (4 m). La s\u00e9lection du mod\u00e8le ACU-FLAP est bas\u00e9e uniquement sur la taille de l\u2019ouverture en b\u00e9ton. Les unit\u00e9s sont actuellement d\u00e9sign\u00e9es par un ast\u00e9risque en raison de la grande vari\u00e9t\u00e9 d&rsquo;options de mod\u00e8les.<\/p>\n<p>\n<\/div><\/div><\/div><\/div><div class=\"kc-elm kc-css-201450 kc_row kc_row_inner\"><div class=\"kc-elm kc-css-249921 kc_col-sm-6 kc_column_inner kc_col-sm-6\"><div class=\"kc_wrapper kc-col-inner-container\"><div class=\"kc-elm kc-css-972563 kc_text_block\"><\/p>\n<h2>Fonctionnement du syst\u00e8me<\/h2>\n<p>L&rsquo;\u00e9l\u00e9ment de contr\u00f4le ACU-FLAP est un volet en \u00e9lastom\u00e8re mont\u00e9 sur une ouverture rectangulaire en b\u00e9ton. En position de repos, le volet en \u00e9lastom\u00e8re est boulonn\u00e9 le long du bord sup\u00e9rieur de son cadre de montage en acier inoxydable, fermant et scellant ainsi l&rsquo;ouverture. Si le niveau d&rsquo;eau dans les \u00e9gouts ou le trop-plein du r\u00e9servoir augmente, la pression hydrostatique contre l&rsquo;\u00e9l\u00e9ment de contr\u00f4le ACU-FLAP provoque son ouverture, permettant ainsi \u00e0 l&rsquo;eau de s&rsquo;\u00e9couler par-dessus le seuil. Si le niveau d&rsquo;eau en aval augmente, l&rsquo;ACU-FLAP est press\u00e9 contre son cadre de montage en acier inoxydable afin qu&rsquo;aucune eau ne puisse retourner dans le syst\u00e8me d&rsquo;\u00e9gouts, le r\u00e9servoir ou le bassin. La conception l\u00e9g\u00e8re de l&rsquo;ACU-FLAP le rend tr\u00e8s r\u00e9actif aux changements minimes du niveau d&rsquo;eau tout en assurant la stabilit\u00e9 structurelle dans des conditions de niveau d&rsquo;eau moyen en aval.<\/p>\n<p>L&rsquo;\u00e9l\u00e9ment de contr\u00f4le ACU-FLAP est \u00e9quip\u00e9 d&rsquo;un cadre int\u00e9gr\u00e9 en acier inoxydable pour l&rsquo;ancrage \u00e0 la structure en b\u00e9ton. Cette surface d&rsquo;\u00e9tanch\u00e9it\u00e9 plate et lisse augmente l&rsquo;\u00e9tanch\u00e9it\u00e9 du rabat et \u00e9vite les probl\u00e8mes potentiels caus\u00e9s par des ouvertures et des surfaces irr\u00e9guli\u00e8res en b\u00e9ton.<\/p>\n<p>L&rsquo;\u00e9l\u00e9ment de contr\u00f4le ACU-FLAP peut \u00eatre \u00e9quip\u00e9 d&rsquo;une plaque en acier inoxydable pour plus de rigidit\u00e9 et de poids afin d&rsquo;am\u00e9liorer le contr\u00f4le des odeurs et de s&rsquo;adapter \u00e0 des conditions de retour d&rsquo;eau plus \u00e9lev\u00e9es.<\/p>\n<p>\n<\/div><\/div><\/div><div class=\"kc-elm kc-css-75928 kc_col-sm-6 kc_column_inner kc_col-sm-6\"><div class=\"kc_wrapper kc-col-inner-container\"><div class=\"kc-elm kc-css-242976 kc_shortcode kc_single_image\">\n\n        <img decoding=\"async\" src=\"https:\/\/grandeinc.com\/wp-content\/uploads\/2024\/06\/acu-flap-4.jpg\" class=\"\" alt=\"\" \/>    <\/div>\n<div class=\"kc-elm kc-css-860175 kc_shortcode kc_single_image\">\n\n        <img decoding=\"async\" src=\"https:\/\/grandeinc.com\/wp-content\/uploads\/2024\/06\/acu-flap-5.jpg\" class=\"\" alt=\"\" \/>    <\/div>\n<\/div><\/div><\/div><\/div><\/div><\/div><\/div><\/section><\/p>\n","protected":false},"excerpt":{"rendered":"","protected":false},"author":4,"featured_media":0,"parent":595,"menu_order":0,"comment_status":"closed","ping_status":"closed","template":"","meta":{"footnotes":""},"class_list":["post-900","page","type-page","status-publish","hentry"],"yoast_head":"<!-- This site is optimized with the Yoast SEO plugin v24.0 - https:\/\/yoast.com\/wordpress\/plugins\/seo\/ -->\n<title>\u00c9L\u00c9MENT DE CONTR\u00d4LE ACU-FLAP - Grande Gestion des Eaux<\/title>\n<meta name=\"robots\" content=\"index, follow, max-snippet:-1, max-image-preview:large, max-video-preview:-1\" \/>\n<link rel=\"canonical\" href=\"https:\/\/grandeinc.com\/fr\/produits\/backflow-prevention\/element-de-controle-acu-flap\/\" \/>\n<meta property=\"og:locale\" content=\"fr_CA\" \/>\n<meta property=\"og:type\" content=\"article\" \/>\n<meta property=\"og:title\" content=\"\u00c9L\u00c9MENT DE CONTR\u00d4LE ACU-FLAP - Grande Gestion des Eaux\" \/>\n<meta property=\"og:description\" content=\"Le syst\u00e8me d&rsquo;\u00e9l\u00e9ments de contr\u00f4le ACU-FLAP est con\u00e7u pour pr\u00e9venir les inondations et les reflux caus\u00e9s par des niveaux d&rsquo;eau \u00e9lev\u00e9s en aval. L&rsquo;ACU-FLAP peut et a \u00e9t\u00e9 install\u00e9 aux emplacements de trop-plein d&rsquo;\u00e9gout unitaire (CSO), aux emplacements de trop-plein d&rsquo;\u00e9gout sanitaire (SSO), aux trop-pleins de r\u00e9servoirs de r\u00e9tention et aux trop-pleins de bassin. La\" \/>\n<meta property=\"og:url\" content=\"https:\/\/grandeinc.com\/fr\/produits\/backflow-prevention\/element-de-controle-acu-flap\/\" \/>\n<meta property=\"og:site_name\" content=\"Grande Gestion des Eaux\" \/>\n<meta property=\"article:publisher\" content=\"https:\/\/www.facebook.com\/GrandeWaterManagement\" \/>\n<meta property=\"article:modified_time\" content=\"2024-07-16T03:30:06+00:00\" \/>\n<meta property=\"og:image\" content=\"http:\/\/grandeinc.com\/wp-content\/uploads\/2024\/06\/acu-flap-1.jpg\" \/>\n<meta name=\"twitter:card\" content=\"summary_large_image\" \/>\n<meta name=\"twitter:label1\" content=\"Estimation du temps de lecture\" \/>\n\t<meta name=\"twitter:data1\" content=\"3 minutes\" \/>\n<script type=\"application\/ld+json\" class=\"yoast-schema-graph\">{\"@context\":\"https:\/\/schema.org\",\"@graph\":[{\"@type\":\"WebPage\",\"@id\":\"https:\/\/grandeinc.com\/produits\/backflow-prevention\/element-de-controle-acu-flap\/\",\"url\":\"https:\/\/grandeinc.com\/produits\/backflow-prevention\/element-de-controle-acu-flap\/\",\"name\":\"\u00c9L\u00c9MENT DE CONTR\u00d4LE ACU-FLAP - Grande Gestion des Eaux\",\"isPartOf\":{\"@id\":\"http:\/\/grandeinc.com\/fr\/#website\"},\"primaryImageOfPage\":{\"@id\":\"https:\/\/grandeinc.com\/produits\/backflow-prevention\/element-de-controle-acu-flap\/#primaryimage\"},\"image\":{\"@id\":\"https:\/\/grandeinc.com\/produits\/backflow-prevention\/element-de-controle-acu-flap\/#primaryimage\"},\"thumbnailUrl\":\"http:\/\/grandeinc.com\/wp-content\/uploads\/2024\/06\/acu-flap-1.jpg\",\"datePublished\":\"2024-06-02T05:56:50+00:00\",\"dateModified\":\"2024-07-16T03:30:06+00:00\",\"breadcrumb\":{\"@id\":\"https:\/\/grandeinc.com\/produits\/backflow-prevention\/element-de-controle-acu-flap\/#breadcrumb\"},\"inLanguage\":\"fr-CA\",\"potentialAction\":[{\"@type\":\"ReadAction\",\"target\":[\"https:\/\/grandeinc.com\/produits\/backflow-prevention\/element-de-controle-acu-flap\/\"]}]},{\"@type\":\"ImageObject\",\"inLanguage\":\"fr-CA\",\"@id\":\"https:\/\/grandeinc.com\/produits\/backflow-prevention\/element-de-controle-acu-flap\/#primaryimage\",\"url\":\"http:\/\/grandeinc.com\/wp-content\/uploads\/2024\/06\/acu-flap-1.jpg\",\"contentUrl\":\"http:\/\/grandeinc.com\/wp-content\/uploads\/2024\/06\/acu-flap-1.jpg\"},{\"@type\":\"BreadcrumbList\",\"@id\":\"https:\/\/grandeinc.com\/produits\/backflow-prevention\/element-de-controle-acu-flap\/#breadcrumb\",\"itemListElement\":[{\"@type\":\"ListItem\",\"position\":1,\"name\":\"Accueil\",\"item\":\"https:\/\/grandeinc.com\/\"},{\"@type\":\"ListItem\",\"position\":2,\"name\":\"Produits\",\"item\":\"https:\/\/grandeinc.com\/produits\/\"},{\"@type\":\"ListItem\",\"position\":3,\"name\":\"Backflow prevention\",\"item\":\"https:\/\/grandeinc.com\/produits\/backflow-prevention\/\"},{\"@type\":\"ListItem\",\"position\":4,\"name\":\"\u00c9L\u00c9MENT DE CONTR\u00d4LE ACU-FLAP\"}]},{\"@type\":\"WebSite\",\"@id\":\"http:\/\/grandeinc.com\/fr\/#website\",\"url\":\"http:\/\/grandeinc.com\/fr\/\",\"name\":\"Grande Gestion des Eaux\",\"description\":\"\",\"publisher\":{\"@id\":\"http:\/\/grandeinc.com\/fr\/#organization\"},\"potentialAction\":[{\"@type\":\"SearchAction\",\"target\":{\"@type\":\"EntryPoint\",\"urlTemplate\":\"http:\/\/grandeinc.com\/fr\/?s={search_term_string}\"},\"query-input\":{\"@type\":\"PropertyValueSpecification\",\"valueRequired\":true,\"valueName\":\"search_term_string\"}}],\"inLanguage\":\"fr-CA\"},{\"@type\":\"Organization\",\"@id\":\"http:\/\/grandeinc.com\/fr\/#organization\",\"name\":\"Grande Gestion des Eaux\",\"url\":\"http:\/\/grandeinc.com\/fr\/\",\"logo\":{\"@type\":\"ImageObject\",\"inLanguage\":\"fr-CA\",\"@id\":\"http:\/\/grandeinc.com\/fr\/#\/schema\/logo\/image\/\",\"url\":\"https:\/\/grandeinc.com\/wp-content\/uploads\/2024\/11\/logo.png\",\"contentUrl\":\"https:\/\/grandeinc.com\/wp-content\/uploads\/2024\/11\/logo.png\",\"width\":260,\"height\":84,\"caption\":\"Grande Gestion des Eaux\"},\"image\":{\"@id\":\"http:\/\/grandeinc.com\/fr\/#\/schema\/logo\/image\/\"},\"sameAs\":[\"https:\/\/www.facebook.com\/GrandeWaterManagement\"]}]}<\/script>\n<!-- \/ Yoast SEO plugin. -->","yoast_head_json":{"title":"\u00c9L\u00c9MENT DE CONTR\u00d4LE ACU-FLAP - Grande Gestion des Eaux","robots":{"index":"index","follow":"follow","max-snippet":"max-snippet:-1","max-image-preview":"max-image-preview:large","max-video-preview":"max-video-preview:-1"},"canonical":"https:\/\/grandeinc.com\/fr\/produits\/backflow-prevention\/element-de-controle-acu-flap\/","og_locale":"fr_CA","og_type":"article","og_title":"\u00c9L\u00c9MENT DE CONTR\u00d4LE ACU-FLAP - Grande Gestion des Eaux","og_description":"Le syst\u00e8me d&rsquo;\u00e9l\u00e9ments de contr\u00f4le ACU-FLAP est con\u00e7u pour pr\u00e9venir les inondations et les reflux caus\u00e9s par des niveaux d&rsquo;eau \u00e9lev\u00e9s en aval. L&rsquo;ACU-FLAP peut et a \u00e9t\u00e9 install\u00e9 aux emplacements de trop-plein d&rsquo;\u00e9gout unitaire (CSO), aux emplacements de trop-plein d&rsquo;\u00e9gout sanitaire (SSO), aux trop-pleins de r\u00e9servoirs de r\u00e9tention et aux trop-pleins de bassin. La","og_url":"https:\/\/grandeinc.com\/fr\/produits\/backflow-prevention\/element-de-controle-acu-flap\/","og_site_name":"Grande Gestion des Eaux","article_publisher":"https:\/\/www.facebook.com\/GrandeWaterManagement","article_modified_time":"2024-07-16T03:30:06+00:00","og_image":[{"url":"http:\/\/grandeinc.com\/wp-content\/uploads\/2024\/06\/acu-flap-1.jpg","type":"","width":"","height":""}],"twitter_card":"summary_large_image","twitter_misc":{"Estimation du temps de lecture":"3 minutes"},"schema":{"@context":"https:\/\/schema.org","@graph":[{"@type":"WebPage","@id":"https:\/\/grandeinc.com\/produits\/backflow-prevention\/element-de-controle-acu-flap\/","url":"https:\/\/grandeinc.com\/produits\/backflow-prevention\/element-de-controle-acu-flap\/","name":"\u00c9L\u00c9MENT DE CONTR\u00d4LE ACU-FLAP - Grande Gestion des Eaux","isPartOf":{"@id":"http:\/\/grandeinc.com\/fr\/#website"},"primaryImageOfPage":{"@id":"https:\/\/grandeinc.com\/produits\/backflow-prevention\/element-de-controle-acu-flap\/#primaryimage"},"image":{"@id":"https:\/\/grandeinc.com\/produits\/backflow-prevention\/element-de-controle-acu-flap\/#primaryimage"},"thumbnailUrl":"http:\/\/grandeinc.com\/wp-content\/uploads\/2024\/06\/acu-flap-1.jpg","datePublished":"2024-06-02T05:56:50+00:00","dateModified":"2024-07-16T03:30:06+00:00","breadcrumb":{"@id":"https:\/\/grandeinc.com\/produits\/backflow-prevention\/element-de-controle-acu-flap\/#breadcrumb"},"inLanguage":"fr-CA","potentialAction":[{"@type":"ReadAction","target":["https:\/\/grandeinc.com\/produits\/backflow-prevention\/element-de-controle-acu-flap\/"]}]},{"@type":"ImageObject","inLanguage":"fr-CA","@id":"https:\/\/grandeinc.com\/produits\/backflow-prevention\/element-de-controle-acu-flap\/#primaryimage","url":"http:\/\/grandeinc.com\/wp-content\/uploads\/2024\/06\/acu-flap-1.jpg","contentUrl":"http:\/\/grandeinc.com\/wp-content\/uploads\/2024\/06\/acu-flap-1.jpg"},{"@type":"BreadcrumbList","@id":"https:\/\/grandeinc.com\/produits\/backflow-prevention\/element-de-controle-acu-flap\/#breadcrumb","itemListElement":[{"@type":"ListItem","position":1,"name":"Accueil","item":"https:\/\/grandeinc.com\/"},{"@type":"ListItem","position":2,"name":"Produits","item":"https:\/\/grandeinc.com\/produits\/"},{"@type":"ListItem","position":3,"name":"Backflow prevention","item":"https:\/\/grandeinc.com\/produits\/backflow-prevention\/"},{"@type":"ListItem","position":4,"name":"\u00c9L\u00c9MENT DE CONTR\u00d4LE ACU-FLAP"}]},{"@type":"WebSite","@id":"http:\/\/grandeinc.com\/fr\/#website","url":"http:\/\/grandeinc.com\/fr\/","name":"Grande Gestion des Eaux","description":"","publisher":{"@id":"http:\/\/grandeinc.com\/fr\/#organization"},"potentialAction":[{"@type":"SearchAction","target":{"@type":"EntryPoint","urlTemplate":"http:\/\/grandeinc.com\/fr\/?s={search_term_string}"},"query-input":{"@type":"PropertyValueSpecification","valueRequired":true,"valueName":"search_term_string"}}],"inLanguage":"fr-CA"},{"@type":"Organization","@id":"http:\/\/grandeinc.com\/fr\/#organization","name":"Grande Gestion des Eaux","url":"http:\/\/grandeinc.com\/fr\/","logo":{"@type":"ImageObject","inLanguage":"fr-CA","@id":"http:\/\/grandeinc.com\/fr\/#\/schema\/logo\/image\/","url":"https:\/\/grandeinc.com\/wp-content\/uploads\/2024\/11\/logo.png","contentUrl":"https:\/\/grandeinc.com\/wp-content\/uploads\/2024\/11\/logo.png","width":260,"height":84,"caption":"Grande Gestion des Eaux"},"image":{"@id":"http:\/\/grandeinc.com\/fr\/#\/schema\/logo\/image\/"},"sameAs":["https:\/\/www.facebook.com\/GrandeWaterManagement"]}]}},"_links":{"self":[{"href":"https:\/\/grandeinc.com\/fr\/wp-json\/wp\/v2\/pages\/900","targetHints":{"allow":["GET"]}}],"collection":[{"href":"https:\/\/grandeinc.com\/fr\/wp-json\/wp\/v2\/pages"}],"about":[{"href":"https:\/\/grandeinc.com\/fr\/wp-json\/wp\/v2\/types\/page"}],"author":[{"embeddable":true,"href":"https:\/\/grandeinc.com\/fr\/wp-json\/wp\/v2\/users\/4"}],"replies":[{"embeddable":true,"href":"https:\/\/grandeinc.com\/fr\/wp-json\/wp\/v2\/comments?post=900"}],"version-history":[{"count":8,"href":"https:\/\/grandeinc.com\/fr\/wp-json\/wp\/v2\/pages\/900\/revisions"}],"predecessor-version":[{"id":1183,"href":"https:\/\/grandeinc.com\/fr\/wp-json\/wp\/v2\/pages\/900\/revisions\/1183"}],"up":[{"embeddable":true,"href":"https:\/\/grandeinc.com\/fr\/wp-json\/wp\/v2\/pages\/595"}],"wp:attachment":[{"href":"https:\/\/grandeinc.com\/fr\/wp-json\/wp\/v2\/media?parent=900"}],"curies":[{"name":"wp","href":"https:\/\/api.w.org\/{rel}","templated":true}]}}