{"id":890,"date":"2024-06-02T01:39:01","date_gmt":"2024-06-02T05:39:01","guid":{"rendered":"https:\/\/grandeinc.com\/?page_id=890"},"modified":"2024-07-15T23:29:54","modified_gmt":"2024-07-16T03:29:54","slug":"clapet-anti-retour-sure-flap","status":"publish","type":"page","link":"https:\/\/grandeinc.com\/fr\/produits\/backflow-prevention\/clapet-anti-retour-sure-flap\/","title":{"rendered":"CLAPET ANTI-RETOUR SURE-FLAP"},"content":{"rendered":"<section class=\"kc-elm kc-css-707517 kc_row\"><div class=\"kc-row-container  kc-container\"><div class=\"kc-wrap-columns\"><div class=\"kc-elm kc-css-771680 kc_col-sm-12 kc_column kc_col-sm-12\"><div class=\"kc-col-container\"><div class=\"kc-elm kc-css-251118 kc_row kc_row_inner\"><div class=\"kc-elm kc-css-541969 kc_col-sm-6 kc_column_inner kc_col-sm-6\"><div class=\"kc_wrapper kc-col-inner-container\"><div class=\"kc-elm kc-css-553643 kc_shortcode kc_single_image\">\n\n        <img decoding=\"async\" src=\"https:\/\/grandeinc.com\/wp-content\/uploads\/2024\/06\/sure-flap-01.jpg\" class=\"\" alt=\"\" \/>    <\/div>\n<\/div><\/div><div class=\"kc-elm kc-css-338097 kc_col-sm-6 kc_column_inner kc_col-sm-6\"><div class=\"kc_wrapper kc-col-inner-container\"><div class=\"kc-elm kc-css-6086 kc_text_block\"><\/p>\n<p>\nLe syst\u00e8me de clapet anti-retour SURE-FLAP est con\u00e7u pour pr\u00e9venir les inondations et les reflux caus\u00e9s par des niveaux d&rsquo;eau \u00e9lev\u00e9s en aval. Le SURE-FLAP peut et a \u00e9t\u00e9 install\u00e9 aux emplacements de trop-plein d&rsquo;\u00e9gout unitaire (CSO), aux emplacements de trop-plein d&rsquo;\u00e9gout sanitaire (SSO), aux trop-pleins de r\u00e9servoirs de r\u00e9tention et aux trop-pleins de bassin. La surcharge des r\u00e9seaux d&rsquo;\u00e9gouts et des stations d&rsquo;\u00e9puration est \u00e9vit\u00e9e et les co\u00fbts \u00e9nerg\u00e9tiques des syst\u00e8mes de pompage et du traitement des eaux us\u00e9es sont r\u00e9duits. Le SURE-FLAP contr\u00f4le \u00e9galement les odeurs, car il est normalement en position ferm\u00e9e.<\/p>\n<p>\n<\/div><\/div><\/div><\/div><div class=\"kc-elm kc-css-945312 kc_row kc_row_inner\"><div class=\"kc-elm kc-css-41898 kc_col-sm-12 kc_column_inner kc_col-sm-12\"><div class=\"kc_wrapper kc-col-inner-container\">\n<div class=\"kc-elm kc-css-492478\">\n\t<a class=\"kc_button\" href=\"\/contactez-nous\/\" target=\"_self\" title=\"\" onclick=\"\">\n\t\tDemander une brochure\t<\/a>\n<\/div>\n<\/div><\/div><\/div><div class=\"kc-elm kc-css-990297 kc_row kc_row_inner\"><div class=\"kc-elm kc-css-897061 kc_col-sm-6 kc_column_inner kc_col-sm-6\"><div class=\"kc_wrapper kc-col-inner-container\"><div class=\"kc-elm kc-css-662653 kc_text_block\"><\/p>\n<p>\n-Jusqu&rsquo;\u00e0 20 pieds (6 m) de t\u00eate<\/p>\n<p>-Construction modulaire jusqu&rsquo;\u00e0 20 pieds (6 m) de long<\/p>\n<p>-Rabat rigide en acier inoxydable<\/p>\n<p>-Forme hydrauliquement id\u00e9ale<\/p>\n<p>-La conception assure une \u00e9tanch\u00e9it\u00e9 \u00e0 l&rsquo;air pour le contr\u00f4le des odeurs<\/p>\n<p>-Faible r\u00e9sistance hydraulique<\/p>\n<p>-Facile \u00e0 adapter aux installations existantes<\/p>\n<p>-Construction en acier inoxydable<\/p>\n<p>\n<\/div><\/div><\/div><div class=\"kc-elm kc-css-548698 kc_col-sm-6 kc_column_inner kc_col-sm-6\"><div class=\"kc_wrapper kc-col-inner-container\"><div class=\"kc-elm kc-css-264370 kc_shortcode kc_single_image\">\n\n        <img decoding=\"async\" src=\"https:\/\/grandeinc.com\/wp-content\/uploads\/2024\/06\/sure-flap-02.jpg\" class=\"\" alt=\"\" \/>    <\/div>\n<\/div><\/div><\/div><div class=\"kc-elm kc-css-822640 kc_row kc_row_inner\"><div class=\"kc-elm kc-css-410432 kc_col-sm-6 kc_column_inner kc_col-sm-6\"><div class=\"kc_wrapper kc-col-inner-container\"><div class=\"kc-elm kc-css-176281 kc_shortcode kc_single_image\">\n\n        <img decoding=\"async\" src=\"https:\/\/grandeinc.com\/wp-content\/uploads\/2024\/06\/sure-flap-03.jpg\" class=\"\" alt=\"\" \/>    <\/div>\n<\/div><\/div><div class=\"kc-elm kc-css-144534 kc_col-sm-6 kc_column_inner kc_col-sm-6\"><div class=\"kc_wrapper kc-col-inner-container\"><div class=\"kc-elm kc-css-455920 kc_text_block\"><\/p>\n<h2>Champ d&rsquo;application<\/h2>\n<p>Le clapet anti-retour SURE-FLAP peut varier du mod\u00e8le GSF-40-* au GSF-100-*. Le GSF-40-* est con\u00e7u pour s&rsquo;adapter sur une ouverture en b\u00e9ton mesurant 16 pouces (40 cm) de haut et jusqu&rsquo;\u00e0 une largeur maximale de 20 pieds (6 m) et le GSF-100-* est con\u00e7u pour s&rsquo;adapter sur une ouverture en b\u00e9ton. mesurant 40 pouces (100 cm) de haut et jusqu&rsquo;\u00e0 une largeur maximale de 20 pieds (6 m). La s\u00e9lection du mod\u00e8le SURE-FLAP est bas\u00e9e uniquement sur la taille de l\u2019ouverture en b\u00e9ton. Les unit\u00e9s sont actuellement d\u00e9sign\u00e9es par un ast\u00e9risque en raison de la grande vari\u00e9t\u00e9 d&rsquo;options de mod\u00e8les.<\/p>\n<p>\n<\/div><\/div><\/div><\/div><div class=\"kc-elm kc-css-580781 kc_row kc_row_inner\"><div class=\"kc-elm kc-css-126195 kc_col-sm-12 kc_column_inner kc_col-sm-12\"><div class=\"kc_wrapper kc-col-inner-container\"><div class=\"kc-elm kc-css-122778 kc_text_block\"><\/p>\n<h2>Fonctionnement du syst\u00e8me<\/h2>\n<p>Le clapet anti-retour SURE-FLAP est un clapet pivotant en acier inoxydable mont\u00e9 sur une ouverture rectangulaire en b\u00e9ton. En position de repos, le SURE-FLAP pend verticalement, sous l&rsquo;effet de son propre poids, fermant et scellant ainsi l&rsquo;ouverture. Si le niveau d&rsquo;eau dans les \u00e9gouts ou dans le trop-plein du r\u00e9servoir augmente, la pression hydrostatique contre le clapet anti-retour SURE-FLAP provoque son ouverture, permettant ainsi \u00e0 l&rsquo;eau de s&rsquo;\u00e9couler par-dessus le seuil. Si le niveau d&rsquo;eau en aval augmente, le SURE-FLAP est press\u00e9 contre l&rsquo;ouverture en b\u00e9ton afin qu&rsquo;aucune eau ne puisse retourner dans le syst\u00e8me d&rsquo;\u00e9gouts, le r\u00e9servoir ou le bassin. La conception l\u00e9g\u00e8re du SURE-FLAP le rend tr\u00e8s r\u00e9actif aux changements minimes du niveau d\u2019eau tout en assurant la stabilit\u00e9 structurelle dans des conditions de niveau d\u2019eau \u00e9lev\u00e9 en aval.<\/p>\n<p>Le Check Flap SURE-FLAP peut \u00eatre \u00e9quip\u00e9 d&rsquo;un cadre en acier inoxydable pour un ancrage dans le b\u00e9ton ou un ancrage \u00e0 la structure. Cette surface d&rsquo;\u00e9tanch\u00e9it\u00e9 plate et lisse augmentera l&rsquo;\u00e9tanch\u00e9it\u00e9 du rabat et \u00e9vitera les probl\u00e8mes potentiels caus\u00e9s par des ouvertures et des surfaces irr\u00e9guli\u00e8res en b\u00e9ton.<\/p>\n<p>\n<\/div><\/div><\/div><\/div><\/div><\/div><\/div><\/div><\/section>\n","protected":false},"excerpt":{"rendered":"","protected":false},"author":4,"featured_media":0,"parent":595,"menu_order":0,"comment_status":"closed","ping_status":"closed","template":"","meta":{"footnotes":""},"class_list":["post-890","page","type-page","status-publish","hentry"],"yoast_head":"<!-- This site is optimized with the Yoast SEO plugin v24.0 - https:\/\/yoast.com\/wordpress\/plugins\/seo\/ -->\n<title>CLAPET ANTI-RETOUR SURE-FLAP - Grande Gestion des Eaux<\/title>\n<meta name=\"robots\" content=\"index, follow, max-snippet:-1, max-image-preview:large, max-video-preview:-1\" \/>\n<link rel=\"canonical\" href=\"https:\/\/grandeinc.com\/fr\/produits\/backflow-prevention\/clapet-anti-retour-sure-flap\/\" \/>\n<meta property=\"og:locale\" content=\"fr_CA\" \/>\n<meta property=\"og:type\" content=\"article\" \/>\n<meta property=\"og:title\" content=\"CLAPET ANTI-RETOUR SURE-FLAP - Grande Gestion des Eaux\" \/>\n<meta property=\"og:description\" content=\"Le syst\u00e8me de clapet anti-retour SURE-FLAP est con\u00e7u pour pr\u00e9venir les inondations et les reflux caus\u00e9s par des niveaux d&rsquo;eau \u00e9lev\u00e9s en aval. Le SURE-FLAP peut et a \u00e9t\u00e9 install\u00e9 aux emplacements de trop-plein d&rsquo;\u00e9gout unitaire (CSO), aux emplacements de trop-plein d&rsquo;\u00e9gout sanitaire (SSO), aux trop-pleins de r\u00e9servoirs de r\u00e9tention et aux trop-pleins de bassin.\" \/>\n<meta property=\"og:url\" content=\"https:\/\/grandeinc.com\/fr\/produits\/backflow-prevention\/clapet-anti-retour-sure-flap\/\" \/>\n<meta property=\"og:site_name\" content=\"Grande Gestion des Eaux\" \/>\n<meta property=\"article:publisher\" content=\"https:\/\/www.facebook.com\/GrandeWaterManagement\" \/>\n<meta property=\"article:modified_time\" content=\"2024-07-16T03:29:54+00:00\" \/>\n<meta property=\"og:image\" content=\"http:\/\/grandeinc.com\/wp-content\/uploads\/2024\/06\/sure-flap-01.jpg\" \/>\n<meta name=\"twitter:card\" content=\"summary_large_image\" \/>\n<meta name=\"twitter:label1\" content=\"Estimation du temps de lecture\" \/>\n\t<meta name=\"twitter:data1\" content=\"2 minutes\" \/>\n<script type=\"application\/ld+json\" class=\"yoast-schema-graph\">{\"@context\":\"https:\/\/schema.org\",\"@graph\":[{\"@type\":\"WebPage\",\"@id\":\"https:\/\/grandeinc.com\/produits\/backflow-prevention\/clapet-anti-retour-sure-flap\/\",\"url\":\"https:\/\/grandeinc.com\/produits\/backflow-prevention\/clapet-anti-retour-sure-flap\/\",\"name\":\"CLAPET ANTI-RETOUR SURE-FLAP - Grande Gestion des Eaux\",\"isPartOf\":{\"@id\":\"http:\/\/grandeinc.com\/fr\/#website\"},\"primaryImageOfPage\":{\"@id\":\"https:\/\/grandeinc.com\/produits\/backflow-prevention\/clapet-anti-retour-sure-flap\/#primaryimage\"},\"image\":{\"@id\":\"https:\/\/grandeinc.com\/produits\/backflow-prevention\/clapet-anti-retour-sure-flap\/#primaryimage\"},\"thumbnailUrl\":\"http:\/\/grandeinc.com\/wp-content\/uploads\/2024\/06\/sure-flap-01.jpg\",\"datePublished\":\"2024-06-02T05:39:01+00:00\",\"dateModified\":\"2024-07-16T03:29:54+00:00\",\"breadcrumb\":{\"@id\":\"https:\/\/grandeinc.com\/produits\/backflow-prevention\/clapet-anti-retour-sure-flap\/#breadcrumb\"},\"inLanguage\":\"fr-CA\",\"potentialAction\":[{\"@type\":\"ReadAction\",\"target\":[\"https:\/\/grandeinc.com\/produits\/backflow-prevention\/clapet-anti-retour-sure-flap\/\"]}]},{\"@type\":\"ImageObject\",\"inLanguage\":\"fr-CA\",\"@id\":\"https:\/\/grandeinc.com\/produits\/backflow-prevention\/clapet-anti-retour-sure-flap\/#primaryimage\",\"url\":\"http:\/\/grandeinc.com\/wp-content\/uploads\/2024\/06\/sure-flap-01.jpg\",\"contentUrl\":\"http:\/\/grandeinc.com\/wp-content\/uploads\/2024\/06\/sure-flap-01.jpg\"},{\"@type\":\"BreadcrumbList\",\"@id\":\"https:\/\/grandeinc.com\/produits\/backflow-prevention\/clapet-anti-retour-sure-flap\/#breadcrumb\",\"itemListElement\":[{\"@type\":\"ListItem\",\"position\":1,\"name\":\"Accueil\",\"item\":\"https:\/\/grandeinc.com\/\"},{\"@type\":\"ListItem\",\"position\":2,\"name\":\"Produits\",\"item\":\"https:\/\/grandeinc.com\/produits\/\"},{\"@type\":\"ListItem\",\"position\":3,\"name\":\"Backflow prevention\",\"item\":\"https:\/\/grandeinc.com\/produits\/backflow-prevention\/\"},{\"@type\":\"ListItem\",\"position\":4,\"name\":\"CLAPET ANTI-RETOUR SURE-FLAP\"}]},{\"@type\":\"WebSite\",\"@id\":\"http:\/\/grandeinc.com\/fr\/#website\",\"url\":\"http:\/\/grandeinc.com\/fr\/\",\"name\":\"Grande Gestion des Eaux\",\"description\":\"\",\"publisher\":{\"@id\":\"http:\/\/grandeinc.com\/fr\/#organization\"},\"potentialAction\":[{\"@type\":\"SearchAction\",\"target\":{\"@type\":\"EntryPoint\",\"urlTemplate\":\"http:\/\/grandeinc.com\/fr\/?s={search_term_string}\"},\"query-input\":{\"@type\":\"PropertyValueSpecification\",\"valueRequired\":true,\"valueName\":\"search_term_string\"}}],\"inLanguage\":\"fr-CA\"},{\"@type\":\"Organization\",\"@id\":\"http:\/\/grandeinc.com\/fr\/#organization\",\"name\":\"Grande Gestion des Eaux\",\"url\":\"http:\/\/grandeinc.com\/fr\/\",\"logo\":{\"@type\":\"ImageObject\",\"inLanguage\":\"fr-CA\",\"@id\":\"http:\/\/grandeinc.com\/fr\/#\/schema\/logo\/image\/\",\"url\":\"https:\/\/grandeinc.com\/wp-content\/uploads\/2024\/11\/logo.png\",\"contentUrl\":\"https:\/\/grandeinc.com\/wp-content\/uploads\/2024\/11\/logo.png\",\"width\":260,\"height\":84,\"caption\":\"Grande Gestion des Eaux\"},\"image\":{\"@id\":\"http:\/\/grandeinc.com\/fr\/#\/schema\/logo\/image\/\"},\"sameAs\":[\"https:\/\/www.facebook.com\/GrandeWaterManagement\"]}]}<\/script>\n<!-- \/ Yoast SEO plugin. -->","yoast_head_json":{"title":"CLAPET ANTI-RETOUR SURE-FLAP - Grande Gestion des Eaux","robots":{"index":"index","follow":"follow","max-snippet":"max-snippet:-1","max-image-preview":"max-image-preview:large","max-video-preview":"max-video-preview:-1"},"canonical":"https:\/\/grandeinc.com\/fr\/produits\/backflow-prevention\/clapet-anti-retour-sure-flap\/","og_locale":"fr_CA","og_type":"article","og_title":"CLAPET ANTI-RETOUR SURE-FLAP - Grande Gestion des Eaux","og_description":"Le syst\u00e8me de clapet anti-retour SURE-FLAP est con\u00e7u pour pr\u00e9venir les inondations et les reflux caus\u00e9s par des niveaux d&rsquo;eau \u00e9lev\u00e9s en aval. Le SURE-FLAP peut et a \u00e9t\u00e9 install\u00e9 aux emplacements de trop-plein d&rsquo;\u00e9gout unitaire (CSO), aux emplacements de trop-plein d&rsquo;\u00e9gout sanitaire (SSO), aux trop-pleins de r\u00e9servoirs de r\u00e9tention et aux trop-pleins de bassin.","og_url":"https:\/\/grandeinc.com\/fr\/produits\/backflow-prevention\/clapet-anti-retour-sure-flap\/","og_site_name":"Grande Gestion des Eaux","article_publisher":"https:\/\/www.facebook.com\/GrandeWaterManagement","article_modified_time":"2024-07-16T03:29:54+00:00","og_image":[{"url":"http:\/\/grandeinc.com\/wp-content\/uploads\/2024\/06\/sure-flap-01.jpg","type":"","width":"","height":""}],"twitter_card":"summary_large_image","twitter_misc":{"Estimation du temps de lecture":"2 minutes"},"schema":{"@context":"https:\/\/schema.org","@graph":[{"@type":"WebPage","@id":"https:\/\/grandeinc.com\/produits\/backflow-prevention\/clapet-anti-retour-sure-flap\/","url":"https:\/\/grandeinc.com\/produits\/backflow-prevention\/clapet-anti-retour-sure-flap\/","name":"CLAPET ANTI-RETOUR SURE-FLAP - Grande Gestion des Eaux","isPartOf":{"@id":"http:\/\/grandeinc.com\/fr\/#website"},"primaryImageOfPage":{"@id":"https:\/\/grandeinc.com\/produits\/backflow-prevention\/clapet-anti-retour-sure-flap\/#primaryimage"},"image":{"@id":"https:\/\/grandeinc.com\/produits\/backflow-prevention\/clapet-anti-retour-sure-flap\/#primaryimage"},"thumbnailUrl":"http:\/\/grandeinc.com\/wp-content\/uploads\/2024\/06\/sure-flap-01.jpg","datePublished":"2024-06-02T05:39:01+00:00","dateModified":"2024-07-16T03:29:54+00:00","breadcrumb":{"@id":"https:\/\/grandeinc.com\/produits\/backflow-prevention\/clapet-anti-retour-sure-flap\/#breadcrumb"},"inLanguage":"fr-CA","potentialAction":[{"@type":"ReadAction","target":["https:\/\/grandeinc.com\/produits\/backflow-prevention\/clapet-anti-retour-sure-flap\/"]}]},{"@type":"ImageObject","inLanguage":"fr-CA","@id":"https:\/\/grandeinc.com\/produits\/backflow-prevention\/clapet-anti-retour-sure-flap\/#primaryimage","url":"http:\/\/grandeinc.com\/wp-content\/uploads\/2024\/06\/sure-flap-01.jpg","contentUrl":"http:\/\/grandeinc.com\/wp-content\/uploads\/2024\/06\/sure-flap-01.jpg"},{"@type":"BreadcrumbList","@id":"https:\/\/grandeinc.com\/produits\/backflow-prevention\/clapet-anti-retour-sure-flap\/#breadcrumb","itemListElement":[{"@type":"ListItem","position":1,"name":"Accueil","item":"https:\/\/grandeinc.com\/"},{"@type":"ListItem","position":2,"name":"Produits","item":"https:\/\/grandeinc.com\/produits\/"},{"@type":"ListItem","position":3,"name":"Backflow prevention","item":"https:\/\/grandeinc.com\/produits\/backflow-prevention\/"},{"@type":"ListItem","position":4,"name":"CLAPET ANTI-RETOUR SURE-FLAP"}]},{"@type":"WebSite","@id":"http:\/\/grandeinc.com\/fr\/#website","url":"http:\/\/grandeinc.com\/fr\/","name":"Grande Gestion des Eaux","description":"","publisher":{"@id":"http:\/\/grandeinc.com\/fr\/#organization"},"potentialAction":[{"@type":"SearchAction","target":{"@type":"EntryPoint","urlTemplate":"http:\/\/grandeinc.com\/fr\/?s={search_term_string}"},"query-input":{"@type":"PropertyValueSpecification","valueRequired":true,"valueName":"search_term_string"}}],"inLanguage":"fr-CA"},{"@type":"Organization","@id":"http:\/\/grandeinc.com\/fr\/#organization","name":"Grande Gestion des Eaux","url":"http:\/\/grandeinc.com\/fr\/","logo":{"@type":"ImageObject","inLanguage":"fr-CA","@id":"http:\/\/grandeinc.com\/fr\/#\/schema\/logo\/image\/","url":"https:\/\/grandeinc.com\/wp-content\/uploads\/2024\/11\/logo.png","contentUrl":"https:\/\/grandeinc.com\/wp-content\/uploads\/2024\/11\/logo.png","width":260,"height":84,"caption":"Grande Gestion des Eaux"},"image":{"@id":"http:\/\/grandeinc.com\/fr\/#\/schema\/logo\/image\/"},"sameAs":["https:\/\/www.facebook.com\/GrandeWaterManagement"]}]}},"_links":{"self":[{"href":"https:\/\/grandeinc.com\/fr\/wp-json\/wp\/v2\/pages\/890","targetHints":{"allow":["GET"]}}],"collection":[{"href":"https:\/\/grandeinc.com\/fr\/wp-json\/wp\/v2\/pages"}],"about":[{"href":"https:\/\/grandeinc.com\/fr\/wp-json\/wp\/v2\/types\/page"}],"author":[{"embeddable":true,"href":"https:\/\/grandeinc.com\/fr\/wp-json\/wp\/v2\/users\/4"}],"replies":[{"embeddable":true,"href":"https:\/\/grandeinc.com\/fr\/wp-json\/wp\/v2\/comments?post=890"}],"version-history":[{"count":8,"href":"https:\/\/grandeinc.com\/fr\/wp-json\/wp\/v2\/pages\/890\/revisions"}],"predecessor-version":[{"id":1182,"href":"https:\/\/grandeinc.com\/fr\/wp-json\/wp\/v2\/pages\/890\/revisions\/1182"}],"up":[{"embeddable":true,"href":"https:\/\/grandeinc.com\/fr\/wp-json\/wp\/v2\/pages\/595"}],"wp:attachment":[{"href":"https:\/\/grandeinc.com\/fr\/wp-json\/wp\/v2\/media?parent=890"}],"curies":[{"name":"wp","href":"https:\/\/api.w.org\/{rel}","templated":true}]}}