{"id":866,"date":"2024-06-02T00:51:57","date_gmt":"2024-06-02T04:51:57","guid":{"rendered":"https:\/\/grandeinc.com\/?page_id=866"},"modified":"2024-07-15T23:31:58","modified_gmt":"2024-07-16T03:31:58","slug":"ecran-daction-de-la-pompe-acu-pas","status":"publish","type":"page","link":"https:\/\/grandeinc.com\/fr\/produits\/ecran-daction-de-la-pompe-acu-pas\/","title":{"rendered":"\u00c9cran d\u2019action de la pompe ACU-PAS"},"content":{"rendered":"<section class=\"kc-elm kc-css-347066 kc_row\"><div class=\"kc-row-container  kc-container\"><div class=\"kc-wrap-columns\"><div class=\"kc-elm kc-css-616243 kc_col-sm-12 kc_column kc_col-sm-12\"><div class=\"kc-col-container\"><div class=\"kc-elm kc-css-120651 kc_row kc_row_inner\"><div class=\"kc-elm kc-css-869517 kc_col-sm-6 kc_column_inner kc_col-sm-6\"><div class=\"kc_wrapper kc-col-inner-container\"><div class=\"kc-elm kc-css-696213 kc_shortcode kc_single_image\">\n\n        <img decoding=\"async\" src=\"https:\/\/grandeinc.com\/wp-content\/uploads\/2024\/06\/acu-screen-003.jpg\" class=\"\" alt=\"\" \/>    <\/div>\n<\/div><\/div><div class=\"kc-elm kc-css-758525 kc_col-sm-6 kc_column_inner kc_col-sm-6\"><div class=\"kc_wrapper kc-col-inner-container\"><div class=\"kc-elm kc-css-124022 kc_text_block\"><\/p>\n<h2>Champ d&rsquo;application<\/h2>\n<p>Le Pump Action Screen (PAS) est un CSO simple et robuste \u00e9cran m\u00e9canique qui se compose d&rsquo;un demi-rond en acier inoxydable panier en acier avec perforations de 6 mm, pompe submersible, une tuyauterie de distribution et un venturi. Il est con\u00e7u pour emp\u00eacher le rejet de d\u00e9brits solides non biod\u00e9gradables sup\u00e9rieurs \u00e0 6 mm dans deux directions. Les d\u00e9bris de criblage sont r\u00e9cur\u00e9s du dessous du panier grillag\u00e9 et poin\u00e7onn\u00e9 pass\u00e9 l&rsquo;extr\u00e9mit\u00e9 de l\u2019\u00e9cran \u00e9liminant toute repr\u00e9sentation potentielle.<\/p>\n<p>\n<\/div><\/div><\/div><\/div><div class=\"kc-elm kc-css-606745 kc_row kc_row_inner\"><div class=\"kc-elm kc-css-138633 kc_col-sm-12 kc_column_inner kc_col-sm-12\"><div class=\"kc_wrapper kc-col-inner-container\">\n<div class=\"kc-elm kc-css-13438\">\n\t<a class=\"kc_button\" href=\"\/contactez-nous\/\" target=\"_self\" title=\"\" onclick=\"\">\n\t\tDemandez votre brochure\t<\/a>\n<\/div>\n<\/div><\/div><\/div><div class=\"kc-elm kc-css-43429 kc_row kc_row_inner\"><div class=\"kc-elm kc-css-905354 kc_col-sm-6 kc_column_inner kc_col-sm-6\"><div class=\"kc_wrapper kc-col-inner-container\"><div class=\"kc-elm kc-css-948486 kc_text_block\"><\/p>\n<h2>Caract\u00e9ristiques<\/h2>\n<p>-Blindage de 6 mm dans deux directions<\/p>\n<p>-Technologie robuste et \u00e9prouv\u00e9e<\/p>\n<p>-Entretien minimal<\/p>\n<p>-Aucune pi\u00e8ce mobile<\/p>\n<p>-Syst\u00e8me modulaire pour mise \u00e0 niveau \u00e0 travers des regards existants<\/p>\n<p>-Efficacit\u00e9 de d\u00e9pistage am\u00e9lior\u00e9e gr\u00e2ce au syst\u00e8me de r\u00e9curage<\/p>\n<p>-R\u00e9duction des projections pr\u00e9sent\u00e9es<\/p>\n<p>-Aucune entr\u00e9e de personne dangereuse n\u00e9cessaire<\/p>\n<p>-L&rsquo;introduction d&rsquo;air r\u00e9duit la demande en oxyg\u00e8ne du d\u00e9versement et transmettre le flux vers l&rsquo;avant<\/p>\n<p>\n<\/div><\/div><\/div><div class=\"kc-elm kc-css-589249 kc_col-sm-6 kc_column_inner kc_col-sm-6\"><div class=\"kc_wrapper kc-col-inner-container\"><div class=\"kc-elm kc-css-522894 kc_shortcode kc_single_image\">\n\n        <img decoding=\"async\" src=\"https:\/\/grandeinc.com\/wp-content\/uploads\/2024\/06\/ACU-PAS-1Top-view-226x30001-1.jpg\" class=\"\" alt=\"\" \/>    <\/div>\n<\/div><\/div><\/div><div class=\"kc-elm kc-css-345500 kc_row kc_row_inner\"><div class=\"kc-elm kc-css-404238 kc_col-sm-12 kc_column_inner kc_col-sm-12\"><div class=\"kc_wrapper kc-col-inner-container\"><div class=\"kc-elm kc-css-76976 kc_text_block\"><\/p>\n<h2>Fonctionnement<\/h2>\n<p>Le PAS est install\u00e9 du c\u00f4t\u00e9 initial du d\u00e9versoir. Lorsque le niveau d&rsquo;eau monte sous le tamis, une t\u00eate \u00e0 ultrasons d\u00e9tecte le niveau et envoie un signal via le panneau de commande pour d\u00e9marrer la pompe. Une fois que la pompe a d\u00e9marr\u00e9, elle fait passer l&rsquo;eau \u00e0 travers un Venturi qui entra\u00eene l&rsquo;air dans le flux. L&rsquo;air et l&rsquo;eau sont combin\u00e9s dans la section de m\u00e9lange, avant d&rsquo;entrer dans le panier du tamis. Le m\u00e9lange air\/eau parcourt le dessous de l&rsquo;\u00e9cran en \u00e9liminant les d\u00e9bris et emp\u00eachant l&rsquo;\u00e9cran d&rsquo;\u00e9blouir. La puissance de l&rsquo;action de r\u00e9curage transporte les d\u00e9bris de criblage au-del\u00e0 de l&rsquo;extr\u00e9mit\u00e9 du crible, les gardant \u00e0 l&rsquo;int\u00e9rieur.<\/p>\n<h2>Le flux de continuation<\/h2>\n<p>Une fois le d\u00e9bit diminu\u00e9, un deuxi\u00e8me signal de l&rsquo;unit\u00e9 \u00e0 ultrasons arr\u00eate la pompe.<\/p>\n<p>Deux options de pompe sont disponibles pour l&rsquo;\u00e9cran d&rsquo;action de la pompe : la pompe de niveau bas ou la pompe en ligne.<\/p>\n<p>\n<\/div><\/div><\/div><\/div><\/div><\/div><\/div><\/div><\/section>\n","protected":false},"excerpt":{"rendered":"","protected":false},"author":4,"featured_media":0,"parent":8,"menu_order":0,"comment_status":"closed","ping_status":"closed","template":"","meta":{"footnotes":""},"class_list":["post-866","page","type-page","status-publish","hentry"],"yoast_head":"<!-- This site is optimized with the Yoast SEO plugin v24.0 - https:\/\/yoast.com\/wordpress\/plugins\/seo\/ -->\n<title>\u00c9cran d\u2019action de la pompe ACU-PAS - Grande Gestion des Eaux<\/title>\n<meta name=\"robots\" content=\"index, follow, max-snippet:-1, max-image-preview:large, max-video-preview:-1\" \/>\n<link rel=\"canonical\" href=\"https:\/\/grandeinc.com\/fr\/produits\/ecran-daction-de-la-pompe-acu-pas\/\" \/>\n<meta property=\"og:locale\" content=\"fr_CA\" \/>\n<meta property=\"og:type\" content=\"article\" \/>\n<meta property=\"og:title\" content=\"\u00c9cran d\u2019action de la pompe ACU-PAS - Grande Gestion des Eaux\" \/>\n<meta property=\"og:description\" content=\"Champ d&rsquo;application Le Pump Action Screen (PAS) est un CSO simple et robuste \u00e9cran m\u00e9canique qui se compose d&rsquo;un demi-rond en acier inoxydable panier en acier avec perforations de 6 mm, pompe submersible, une tuyauterie de distribution et un venturi. Il est con\u00e7u pour emp\u00eacher le rejet de d\u00e9brits solides non biod\u00e9gradables sup\u00e9rieurs \u00e0 6\" \/>\n<meta property=\"og:url\" content=\"https:\/\/grandeinc.com\/fr\/produits\/ecran-daction-de-la-pompe-acu-pas\/\" \/>\n<meta property=\"og:site_name\" content=\"Grande Gestion des Eaux\" \/>\n<meta property=\"article:publisher\" content=\"https:\/\/www.facebook.com\/GrandeWaterManagement\" \/>\n<meta property=\"article:modified_time\" content=\"2024-07-16T03:31:58+00:00\" \/>\n<meta property=\"og:image\" content=\"http:\/\/grandeinc.com\/wp-content\/uploads\/2024\/06\/acu-screen-003.jpg\" \/>\n<meta name=\"twitter:card\" content=\"summary_large_image\" \/>\n<meta name=\"twitter:label1\" content=\"Estimation du temps de lecture\" \/>\n\t<meta name=\"twitter:data1\" content=\"2 minutes\" \/>\n<script type=\"application\/ld+json\" class=\"yoast-schema-graph\">{\"@context\":\"https:\/\/schema.org\",\"@graph\":[{\"@type\":\"WebPage\",\"@id\":\"https:\/\/grandeinc.com\/produits\/ecran-daction-de-la-pompe-acu-pas\/\",\"url\":\"https:\/\/grandeinc.com\/produits\/ecran-daction-de-la-pompe-acu-pas\/\",\"name\":\"\u00c9cran d\u2019action de la pompe ACU-PAS - Grande Gestion des Eaux\",\"isPartOf\":{\"@id\":\"http:\/\/grandeinc.com\/fr\/#website\"},\"primaryImageOfPage\":{\"@id\":\"https:\/\/grandeinc.com\/produits\/ecran-daction-de-la-pompe-acu-pas\/#primaryimage\"},\"image\":{\"@id\":\"https:\/\/grandeinc.com\/produits\/ecran-daction-de-la-pompe-acu-pas\/#primaryimage\"},\"thumbnailUrl\":\"http:\/\/grandeinc.com\/wp-content\/uploads\/2024\/06\/acu-screen-003.jpg\",\"datePublished\":\"2024-06-02T04:51:57+00:00\",\"dateModified\":\"2024-07-16T03:31:58+00:00\",\"breadcrumb\":{\"@id\":\"https:\/\/grandeinc.com\/produits\/ecran-daction-de-la-pompe-acu-pas\/#breadcrumb\"},\"inLanguage\":\"fr-CA\",\"potentialAction\":[{\"@type\":\"ReadAction\",\"target\":[\"https:\/\/grandeinc.com\/produits\/ecran-daction-de-la-pompe-acu-pas\/\"]}]},{\"@type\":\"ImageObject\",\"inLanguage\":\"fr-CA\",\"@id\":\"https:\/\/grandeinc.com\/produits\/ecran-daction-de-la-pompe-acu-pas\/#primaryimage\",\"url\":\"http:\/\/grandeinc.com\/wp-content\/uploads\/2024\/06\/acu-screen-003.jpg\",\"contentUrl\":\"http:\/\/grandeinc.com\/wp-content\/uploads\/2024\/06\/acu-screen-003.jpg\"},{\"@type\":\"BreadcrumbList\",\"@id\":\"https:\/\/grandeinc.com\/produits\/ecran-daction-de-la-pompe-acu-pas\/#breadcrumb\",\"itemListElement\":[{\"@type\":\"ListItem\",\"position\":1,\"name\":\"Accueil\",\"item\":\"https:\/\/grandeinc.com\/\"},{\"@type\":\"ListItem\",\"position\":2,\"name\":\"Produits\",\"item\":\"https:\/\/grandeinc.com\/produits\/\"},{\"@type\":\"ListItem\",\"position\":3,\"name\":\"\u00c9cran d\u2019action de la pompe ACU-PAS\"}]},{\"@type\":\"WebSite\",\"@id\":\"http:\/\/grandeinc.com\/fr\/#website\",\"url\":\"http:\/\/grandeinc.com\/fr\/\",\"name\":\"Grande Gestion des Eaux\",\"description\":\"\",\"publisher\":{\"@id\":\"http:\/\/grandeinc.com\/fr\/#organization\"},\"potentialAction\":[{\"@type\":\"SearchAction\",\"target\":{\"@type\":\"EntryPoint\",\"urlTemplate\":\"http:\/\/grandeinc.com\/fr\/?s={search_term_string}\"},\"query-input\":{\"@type\":\"PropertyValueSpecification\",\"valueRequired\":true,\"valueName\":\"search_term_string\"}}],\"inLanguage\":\"fr-CA\"},{\"@type\":\"Organization\",\"@id\":\"http:\/\/grandeinc.com\/fr\/#organization\",\"name\":\"Grande Gestion des Eaux\",\"url\":\"http:\/\/grandeinc.com\/fr\/\",\"logo\":{\"@type\":\"ImageObject\",\"inLanguage\":\"fr-CA\",\"@id\":\"http:\/\/grandeinc.com\/fr\/#\/schema\/logo\/image\/\",\"url\":\"https:\/\/grandeinc.com\/wp-content\/uploads\/2024\/11\/logo.png\",\"contentUrl\":\"https:\/\/grandeinc.com\/wp-content\/uploads\/2024\/11\/logo.png\",\"width\":260,\"height\":84,\"caption\":\"Grande Gestion des Eaux\"},\"image\":{\"@id\":\"http:\/\/grandeinc.com\/fr\/#\/schema\/logo\/image\/\"},\"sameAs\":[\"https:\/\/www.facebook.com\/GrandeWaterManagement\"]}]}<\/script>\n<!-- \/ Yoast SEO plugin. -->","yoast_head_json":{"title":"\u00c9cran d\u2019action de la pompe ACU-PAS - Grande Gestion des Eaux","robots":{"index":"index","follow":"follow","max-snippet":"max-snippet:-1","max-image-preview":"max-image-preview:large","max-video-preview":"max-video-preview:-1"},"canonical":"https:\/\/grandeinc.com\/fr\/produits\/ecran-daction-de-la-pompe-acu-pas\/","og_locale":"fr_CA","og_type":"article","og_title":"\u00c9cran d\u2019action de la pompe ACU-PAS - Grande Gestion des Eaux","og_description":"Champ d&rsquo;application Le Pump Action Screen (PAS) est un CSO simple et robuste \u00e9cran m\u00e9canique qui se compose d&rsquo;un demi-rond en acier inoxydable panier en acier avec perforations de 6 mm, pompe submersible, une tuyauterie de distribution et un venturi. Il est con\u00e7u pour emp\u00eacher le rejet de d\u00e9brits solides non biod\u00e9gradables sup\u00e9rieurs \u00e0 6","og_url":"https:\/\/grandeinc.com\/fr\/produits\/ecran-daction-de-la-pompe-acu-pas\/","og_site_name":"Grande Gestion des Eaux","article_publisher":"https:\/\/www.facebook.com\/GrandeWaterManagement","article_modified_time":"2024-07-16T03:31:58+00:00","og_image":[{"url":"http:\/\/grandeinc.com\/wp-content\/uploads\/2024\/06\/acu-screen-003.jpg","type":"","width":"","height":""}],"twitter_card":"summary_large_image","twitter_misc":{"Estimation du temps de lecture":"2 minutes"},"schema":{"@context":"https:\/\/schema.org","@graph":[{"@type":"WebPage","@id":"https:\/\/grandeinc.com\/produits\/ecran-daction-de-la-pompe-acu-pas\/","url":"https:\/\/grandeinc.com\/produits\/ecran-daction-de-la-pompe-acu-pas\/","name":"\u00c9cran d\u2019action de la pompe ACU-PAS - Grande Gestion des Eaux","isPartOf":{"@id":"http:\/\/grandeinc.com\/fr\/#website"},"primaryImageOfPage":{"@id":"https:\/\/grandeinc.com\/produits\/ecran-daction-de-la-pompe-acu-pas\/#primaryimage"},"image":{"@id":"https:\/\/grandeinc.com\/produits\/ecran-daction-de-la-pompe-acu-pas\/#primaryimage"},"thumbnailUrl":"http:\/\/grandeinc.com\/wp-content\/uploads\/2024\/06\/acu-screen-003.jpg","datePublished":"2024-06-02T04:51:57+00:00","dateModified":"2024-07-16T03:31:58+00:00","breadcrumb":{"@id":"https:\/\/grandeinc.com\/produits\/ecran-daction-de-la-pompe-acu-pas\/#breadcrumb"},"inLanguage":"fr-CA","potentialAction":[{"@type":"ReadAction","target":["https:\/\/grandeinc.com\/produits\/ecran-daction-de-la-pompe-acu-pas\/"]}]},{"@type":"ImageObject","inLanguage":"fr-CA","@id":"https:\/\/grandeinc.com\/produits\/ecran-daction-de-la-pompe-acu-pas\/#primaryimage","url":"http:\/\/grandeinc.com\/wp-content\/uploads\/2024\/06\/acu-screen-003.jpg","contentUrl":"http:\/\/grandeinc.com\/wp-content\/uploads\/2024\/06\/acu-screen-003.jpg"},{"@type":"BreadcrumbList","@id":"https:\/\/grandeinc.com\/produits\/ecran-daction-de-la-pompe-acu-pas\/#breadcrumb","itemListElement":[{"@type":"ListItem","position":1,"name":"Accueil","item":"https:\/\/grandeinc.com\/"},{"@type":"ListItem","position":2,"name":"Produits","item":"https:\/\/grandeinc.com\/produits\/"},{"@type":"ListItem","position":3,"name":"\u00c9cran d\u2019action de la pompe ACU-PAS"}]},{"@type":"WebSite","@id":"http:\/\/grandeinc.com\/fr\/#website","url":"http:\/\/grandeinc.com\/fr\/","name":"Grande Gestion des Eaux","description":"","publisher":{"@id":"http:\/\/grandeinc.com\/fr\/#organization"},"potentialAction":[{"@type":"SearchAction","target":{"@type":"EntryPoint","urlTemplate":"http:\/\/grandeinc.com\/fr\/?s={search_term_string}"},"query-input":{"@type":"PropertyValueSpecification","valueRequired":true,"valueName":"search_term_string"}}],"inLanguage":"fr-CA"},{"@type":"Organization","@id":"http:\/\/grandeinc.com\/fr\/#organization","name":"Grande Gestion des Eaux","url":"http:\/\/grandeinc.com\/fr\/","logo":{"@type":"ImageObject","inLanguage":"fr-CA","@id":"http:\/\/grandeinc.com\/fr\/#\/schema\/logo\/image\/","url":"https:\/\/grandeinc.com\/wp-content\/uploads\/2024\/11\/logo.png","contentUrl":"https:\/\/grandeinc.com\/wp-content\/uploads\/2024\/11\/logo.png","width":260,"height":84,"caption":"Grande Gestion des Eaux"},"image":{"@id":"http:\/\/grandeinc.com\/fr\/#\/schema\/logo\/image\/"},"sameAs":["https:\/\/www.facebook.com\/GrandeWaterManagement"]}]}},"_links":{"self":[{"href":"https:\/\/grandeinc.com\/fr\/wp-json\/wp\/v2\/pages\/866","targetHints":{"allow":["GET"]}}],"collection":[{"href":"https:\/\/grandeinc.com\/fr\/wp-json\/wp\/v2\/pages"}],"about":[{"href":"https:\/\/grandeinc.com\/fr\/wp-json\/wp\/v2\/types\/page"}],"author":[{"embeddable":true,"href":"https:\/\/grandeinc.com\/fr\/wp-json\/wp\/v2\/users\/4"}],"replies":[{"embeddable":true,"href":"https:\/\/grandeinc.com\/fr\/wp-json\/wp\/v2\/comments?post=866"}],"version-history":[{"count":7,"href":"https:\/\/grandeinc.com\/fr\/wp-json\/wp\/v2\/pages\/866\/revisions"}],"predecessor-version":[{"id":1190,"href":"https:\/\/grandeinc.com\/fr\/wp-json\/wp\/v2\/pages\/866\/revisions\/1190"}],"up":[{"embeddable":true,"href":"https:\/\/grandeinc.com\/fr\/wp-json\/wp\/v2\/pages\/8"}],"wp:attachment":[{"href":"https:\/\/grandeinc.com\/fr\/wp-json\/wp\/v2\/media?parent=866"}],"curies":[{"name":"wp","href":"https:\/\/api.w.org\/{rel}","templated":true}]}}