{"id":853,"date":"2024-06-02T22:42:28","date_gmt":"2024-06-03T02:42:28","guid":{"rendered":"https:\/\/grandeinc.com\/?page_id=853"},"modified":"2024-07-15T23:36:36","modified_gmt":"2024-07-16T03:36:36","slug":"ecran-a-barre-autonettoyant","status":"publish","type":"page","link":"https:\/\/grandeinc.com\/fr\/produits\/ecran-a-barre-autonettoyant\/","title":{"rendered":"TRU-RAKE (\u00c9cran \u00e0 barre autonettoyant)"},"content":{"rendered":"<section class=\"kc-elm kc-css-962138 kc_row\"><div class=\"kc-row-container  kc-container\"><div class=\"kc-wrap-columns\"><div class=\"kc-elm kc-css-208015 kc_col-sm-12 kc_column kc_col-sm-12\"><div class=\"kc-col-container\"><div class=\"kc-elm kc-css-338276 kc_row kc_row_inner\"><div class=\"kc-elm kc-css-461061 kc_col-sm-6 kc_column_inner kc_col-sm-6\"><div class=\"kc_wrapper kc-col-inner-container\"><div class=\"kc-elm kc-css-549349 kc_shortcode kc_single_image\">\n\n        <img decoding=\"async\" src=\"https:\/\/grandeinc.com\/wp-content\/uploads\/2024\/06\/tru-rake-01.jpg\" class=\"\" alt=\"\" \/>    <\/div>\n<\/div><\/div><div class=\"kc-elm kc-css-185002 kc_col-sm-6 kc_column_inner kc_col-sm-6\"><div class=\"kc_wrapper kc-col-inner-container\"><div class=\"kc-elm kc-css-114627 kc_text_block\"><\/p>\n<p>Le syst\u00e8me de tamis \u00e0 barres autonettoyant TRU-RAKE est con\u00e7u pour \u00e9liminer les d\u00e9bris des syst\u00e8mes de trop-plein d&rsquo;eaux pluviales, des syst\u00e8mes de trop-plein d&rsquo;\u00e9gouts unitaires (CSO) et des syst\u00e8mes de trop-plein d&rsquo;\u00e9gouts sanitaires (SSO).<\/p>\n<p>Le tamis \u00e0 barres autonettoyant TRU-RAKE offre une solution \u00e9conomique et efficace pour emp\u00eacher les mati\u00e8res grossi\u00e8res flottantes et en suspension de p\u00e9n\u00e9trer vers les cours d&rsquo;eau. Il est con\u00e7u pour \u00eatre install\u00e9 sur les d\u00e9versoirs d\u2019eaux pluviales, les d\u00e9versoirs de d\u00e9canteurs, les d\u00e9versoirs CSO et les d\u00e9versoirs d\u2019\u00e9vacuation des crues. Gr\u00e2ce \u00e0 sa conception modulaire, le TRU-RAKE s&rsquo;adapte \u00e0 tous les types de syst\u00e8mes de trop-plein et s&rsquo;installe facilement dans les structures existantes.<\/p>\n<p>\n<\/div><\/div><\/div><\/div><div class=\"kc-elm kc-css-721076 kc_row kc_row_inner\"><div class=\"kc-elm kc-css-438853 kc_col-sm-12 kc_column_inner kc_col-sm-12\"><div class=\"kc_wrapper kc-col-inner-container\">\n<div class=\"kc-elm kc-css-899392\">\n\t<a class=\"kc_button\" href=\"\/contactez-nous\/\" target=\"_self\" title=\"\" onclick=\"\">\n\t\tDemandez votre brochure\t<\/a>\n<\/div>\n<\/div><\/div><\/div><div class=\"kc-elm kc-css-183367 kc_row kc_row_inner\"><div class=\"kc-elm kc-css-589082 kc_col-sm-6 kc_column_inner kc_col-sm-6\"><div class=\"kc_wrapper kc-col-inner-container\"><div class=\"kc-elm kc-css-390818 kc_text_block\"><\/p>\n<h2>Caract\u00e9ristiques<\/h2>\n<p>-Faible entretien<\/p>\n<p>-Autonettoyant sans \u00e9nergie ext\u00e9rieure<\/p>\n<p>-S&rsquo;ouvre automatiquement en cas de blocage<\/p>\n<p>-Facile \u00e0 adapter aux installations existantes<\/p>\n<p>-Construction en acier inoxydable<\/p>\n<p>\n<\/div><\/div><\/div><div class=\"kc-elm kc-css-227074 kc_col-sm-6 kc_column_inner kc_col-sm-6\"><div class=\"kc_wrapper kc-col-inner-container\"><div class=\"kc-elm kc-css-424601 kc_shortcode kc_single_image\">\n\n        <img decoding=\"async\" src=\"https:\/\/grandeinc.com\/wp-content\/uploads\/2024\/06\/tru-rake-02.jpg\" class=\"\" alt=\"\" \/>    <\/div>\n<\/div><\/div><\/div><div class=\"kc-elm kc-css-325403 kc_row kc_row_inner\"><div class=\"kc-elm kc-css-262072 kc_col-sm-6 kc_column_inner kc_col-sm-6\"><div class=\"kc_wrapper kc-col-inner-container\"><div class=\"kc-elm kc-css-156434 kc_shortcode kc_single_image\">\n\n        <img decoding=\"async\" src=\"https:\/\/grandeinc.com\/wp-content\/uploads\/2024\/06\/tru-rake-03.jpg\" class=\"\" alt=\"\" \/>    <\/div>\n<\/div><\/div><div class=\"kc-elm kc-css-592827 kc_col-sm-6 kc_column_inner kc_col-sm-6\"><div class=\"kc_wrapper kc-col-inner-container\"><div class=\"kc-elm kc-css-472034 kc_text_block\"><\/p>\n<h2>Champ d&rsquo;application<\/h2>\n<p>Les mod\u00e8les de syst\u00e8mes de tamis \u00e0 barres autonettoyants TRU-RAKE varient en fonction de l&rsquo;espacement des barres, de la profondeur d&rsquo;eau de conception, de la perte de charge maximale acceptable, du nombre de modules et de la longueur totale. Les mod\u00e8les sont d\u00e9sign\u00e9s comme GTR-***-***. Les unit\u00e9s sont de conception modulaire, une seule unit\u00e9 mesure jusqu&rsquo;\u00e0 20 pieds (6 m) de long. Les unit\u00e9s sont actuellement d\u00e9sign\u00e9es par un ast\u00e9risque en raison de la grande vari\u00e9t\u00e9 d&rsquo;options de mod\u00e8les.<\/p>\n<p>\n<\/div><\/div><\/div><\/div><div class=\"kc-elm kc-css-359044 kc_row kc_row_inner\"><div class=\"kc-elm kc-css-848565 kc_col-sm-6 kc_column_inner kc_col-sm-6\"><div class=\"kc_wrapper kc-col-inner-container\"><div class=\"kc-elm kc-css-480167 kc_text_block\"><\/p>\n<p>Le syst\u00e8me de tamis \u00e0 barre autonettoyant TRU-RAKE a une ouverture de barre standard de \u00bd pouce (12 mm) \u00e0 2 pouces (50 mm). Lors d&rsquo;un d\u00e9bordement, l&rsquo;augmentation du niveau d&rsquo;eau en amont am\u00e8ne le flotteur \u00e0 soulever le r\u00e2teau de nettoyage vers sa position sup\u00e9rieure avant que l&rsquo;eau ne s&rsquo;\u00e9coule sur le d\u00e9versoir. Le r\u00e2teau de nettoyage reste dans cette position pendant toute la dur\u00e9e du d\u00e9bordement. \u00c0 la fin du d\u00e9bordement, le flotteur descend \u00e0 mesure que le niveau d&rsquo;eau en amont diminue et, sans utiliser d&rsquo;\u00e9nergie externe, le r\u00e2teau de nettoyage est tir\u00e9 \u00e0 travers les barres, \u00e9liminant les d\u00e9bris retenus de la surface du tamis. Ces d\u00e9bris sont ensuite transport\u00e9s par temps sec vers la station d\u2019\u00e9puration des eaux us\u00e9es pour \u00eatre \u00e9limin\u00e9s.<\/p>\n<p>Si le tamis \u00e0 barres est obstru\u00e9 par des d\u00e9bris, le TRU-RAKE est con\u00e7u pour pivoter vers le haut et hors du chemin d&rsquo;\u00e9coulement avec l&rsquo;augmentation de la pression hydrostatique. Cela \u00e9vite tout impact n\u00e9gatif sur le niveau d\u2019eau en amont. Lorsque le niveau d\u2019eau baisse, le tamis \u00e0 barres revient \u00e0 sa position initiale sous l\u2019effet de son propre poids.<\/p>\n<p>\n<\/div><\/div><\/div><div class=\"kc-elm kc-css-686706 kc_col-sm-6 kc_column_inner kc_col-sm-6\"><div class=\"kc_wrapper kc-col-inner-container\"><div class=\"kc-elm kc-css-696055 kc_shortcode kc_single_image\">\n\n        <img decoding=\"async\" src=\"https:\/\/grandeinc.com\/wp-content\/uploads\/2024\/06\/tru-rake-04.jpg\" class=\"\" alt=\"\" \/>    <\/div>\n<\/div><\/div><\/div><\/div><\/div><\/div><\/div><\/section>\n","protected":false},"excerpt":{"rendered":"","protected":false},"author":4,"featured_media":0,"parent":8,"menu_order":0,"comment_status":"closed","ping_status":"closed","template":"","meta":{"footnotes":""},"class_list":["post-853","page","type-page","status-publish","hentry"],"yoast_head":"<!-- This site is optimized with the Yoast SEO plugin v24.0 - https:\/\/yoast.com\/wordpress\/plugins\/seo\/ -->\n<title>TRU-RAKE (\u00c9cran \u00e0 barre autonettoyant) - Grande Gestion des Eaux<\/title>\n<meta name=\"robots\" content=\"index, follow, max-snippet:-1, max-image-preview:large, max-video-preview:-1\" \/>\n<link rel=\"canonical\" href=\"https:\/\/grandeinc.com\/fr\/produits\/ecran-a-barre-autonettoyant\/\" \/>\n<meta property=\"og:locale\" content=\"fr_CA\" \/>\n<meta property=\"og:type\" content=\"article\" \/>\n<meta property=\"og:title\" content=\"TRU-RAKE (\u00c9cran \u00e0 barre autonettoyant) - Grande Gestion des Eaux\" \/>\n<meta property=\"og:description\" content=\"Le syst\u00e8me de tamis \u00e0 barres autonettoyant TRU-RAKE est con\u00e7u pour \u00e9liminer les d\u00e9bris des syst\u00e8mes de trop-plein d&rsquo;eaux pluviales, des syst\u00e8mes de trop-plein d&rsquo;\u00e9gouts unitaires (CSO) et des syst\u00e8mes de trop-plein d&rsquo;\u00e9gouts sanitaires (SSO). Le tamis \u00e0 barres autonettoyant TRU-RAKE offre une solution \u00e9conomique et efficace pour emp\u00eacher les mati\u00e8res grossi\u00e8res flottantes et en\" \/>\n<meta property=\"og:url\" content=\"https:\/\/grandeinc.com\/fr\/produits\/ecran-a-barre-autonettoyant\/\" \/>\n<meta property=\"og:site_name\" content=\"Grande Gestion des Eaux\" \/>\n<meta property=\"article:publisher\" content=\"https:\/\/www.facebook.com\/GrandeWaterManagement\" \/>\n<meta property=\"article:modified_time\" content=\"2024-07-16T03:36:36+00:00\" \/>\n<meta property=\"og:image\" content=\"http:\/\/grandeinc.com\/wp-content\/uploads\/2024\/06\/tru-rake-01.jpg\" \/>\n<meta name=\"twitter:card\" content=\"summary_large_image\" \/>\n<meta name=\"twitter:label1\" content=\"Estimation du temps de lecture\" \/>\n\t<meta name=\"twitter:data1\" content=\"2 minutes\" \/>\n<script type=\"application\/ld+json\" class=\"yoast-schema-graph\">{\"@context\":\"https:\/\/schema.org\",\"@graph\":[{\"@type\":\"WebPage\",\"@id\":\"https:\/\/grandeinc.com\/produits\/ecran-a-barre-autonettoyant\/\",\"url\":\"https:\/\/grandeinc.com\/produits\/ecran-a-barre-autonettoyant\/\",\"name\":\"TRU-RAKE (\u00c9cran \u00e0 barre autonettoyant) - Grande Gestion des Eaux\",\"isPartOf\":{\"@id\":\"http:\/\/grandeinc.com\/fr\/#website\"},\"primaryImageOfPage\":{\"@id\":\"https:\/\/grandeinc.com\/produits\/ecran-a-barre-autonettoyant\/#primaryimage\"},\"image\":{\"@id\":\"https:\/\/grandeinc.com\/produits\/ecran-a-barre-autonettoyant\/#primaryimage\"},\"thumbnailUrl\":\"http:\/\/grandeinc.com\/wp-content\/uploads\/2024\/06\/tru-rake-01.jpg\",\"datePublished\":\"2024-06-03T02:42:28+00:00\",\"dateModified\":\"2024-07-16T03:36:36+00:00\",\"breadcrumb\":{\"@id\":\"https:\/\/grandeinc.com\/produits\/ecran-a-barre-autonettoyant\/#breadcrumb\"},\"inLanguage\":\"fr-CA\",\"potentialAction\":[{\"@type\":\"ReadAction\",\"target\":[\"https:\/\/grandeinc.com\/produits\/ecran-a-barre-autonettoyant\/\"]}]},{\"@type\":\"ImageObject\",\"inLanguage\":\"fr-CA\",\"@id\":\"https:\/\/grandeinc.com\/produits\/ecran-a-barre-autonettoyant\/#primaryimage\",\"url\":\"http:\/\/grandeinc.com\/wp-content\/uploads\/2024\/06\/tru-rake-01.jpg\",\"contentUrl\":\"http:\/\/grandeinc.com\/wp-content\/uploads\/2024\/06\/tru-rake-01.jpg\"},{\"@type\":\"BreadcrumbList\",\"@id\":\"https:\/\/grandeinc.com\/produits\/ecran-a-barre-autonettoyant\/#breadcrumb\",\"itemListElement\":[{\"@type\":\"ListItem\",\"position\":1,\"name\":\"Accueil\",\"item\":\"https:\/\/grandeinc.com\/\"},{\"@type\":\"ListItem\",\"position\":2,\"name\":\"Produits\",\"item\":\"https:\/\/grandeinc.com\/produits\/\"},{\"@type\":\"ListItem\",\"position\":3,\"name\":\"TRU-RAKE (\u00c9cran \u00e0 barre autonettoyant)\"}]},{\"@type\":\"WebSite\",\"@id\":\"http:\/\/grandeinc.com\/fr\/#website\",\"url\":\"http:\/\/grandeinc.com\/fr\/\",\"name\":\"Grande Gestion des Eaux\",\"description\":\"\",\"publisher\":{\"@id\":\"http:\/\/grandeinc.com\/fr\/#organization\"},\"potentialAction\":[{\"@type\":\"SearchAction\",\"target\":{\"@type\":\"EntryPoint\",\"urlTemplate\":\"http:\/\/grandeinc.com\/fr\/?s={search_term_string}\"},\"query-input\":{\"@type\":\"PropertyValueSpecification\",\"valueRequired\":true,\"valueName\":\"search_term_string\"}}],\"inLanguage\":\"fr-CA\"},{\"@type\":\"Organization\",\"@id\":\"http:\/\/grandeinc.com\/fr\/#organization\",\"name\":\"Grande Gestion des Eaux\",\"url\":\"http:\/\/grandeinc.com\/fr\/\",\"logo\":{\"@type\":\"ImageObject\",\"inLanguage\":\"fr-CA\",\"@id\":\"http:\/\/grandeinc.com\/fr\/#\/schema\/logo\/image\/\",\"url\":\"https:\/\/grandeinc.com\/wp-content\/uploads\/2024\/11\/logo.png\",\"contentUrl\":\"https:\/\/grandeinc.com\/wp-content\/uploads\/2024\/11\/logo.png\",\"width\":260,\"height\":84,\"caption\":\"Grande Gestion des Eaux\"},\"image\":{\"@id\":\"http:\/\/grandeinc.com\/fr\/#\/schema\/logo\/image\/\"},\"sameAs\":[\"https:\/\/www.facebook.com\/GrandeWaterManagement\"]}]}<\/script>\n<!-- \/ Yoast SEO plugin. -->","yoast_head_json":{"title":"TRU-RAKE (\u00c9cran \u00e0 barre autonettoyant) - Grande Gestion des Eaux","robots":{"index":"index","follow":"follow","max-snippet":"max-snippet:-1","max-image-preview":"max-image-preview:large","max-video-preview":"max-video-preview:-1"},"canonical":"https:\/\/grandeinc.com\/fr\/produits\/ecran-a-barre-autonettoyant\/","og_locale":"fr_CA","og_type":"article","og_title":"TRU-RAKE (\u00c9cran \u00e0 barre autonettoyant) - Grande Gestion des Eaux","og_description":"Le syst\u00e8me de tamis \u00e0 barres autonettoyant TRU-RAKE est con\u00e7u pour \u00e9liminer les d\u00e9bris des syst\u00e8mes de trop-plein d&rsquo;eaux pluviales, des syst\u00e8mes de trop-plein d&rsquo;\u00e9gouts unitaires (CSO) et des syst\u00e8mes de trop-plein d&rsquo;\u00e9gouts sanitaires (SSO). Le tamis \u00e0 barres autonettoyant TRU-RAKE offre une solution \u00e9conomique et efficace pour emp\u00eacher les mati\u00e8res grossi\u00e8res flottantes et en","og_url":"https:\/\/grandeinc.com\/fr\/produits\/ecran-a-barre-autonettoyant\/","og_site_name":"Grande Gestion des Eaux","article_publisher":"https:\/\/www.facebook.com\/GrandeWaterManagement","article_modified_time":"2024-07-16T03:36:36+00:00","og_image":[{"url":"http:\/\/grandeinc.com\/wp-content\/uploads\/2024\/06\/tru-rake-01.jpg","type":"","width":"","height":""}],"twitter_card":"summary_large_image","twitter_misc":{"Estimation du temps de lecture":"2 minutes"},"schema":{"@context":"https:\/\/schema.org","@graph":[{"@type":"WebPage","@id":"https:\/\/grandeinc.com\/produits\/ecran-a-barre-autonettoyant\/","url":"https:\/\/grandeinc.com\/produits\/ecran-a-barre-autonettoyant\/","name":"TRU-RAKE (\u00c9cran \u00e0 barre autonettoyant) - Grande Gestion des Eaux","isPartOf":{"@id":"http:\/\/grandeinc.com\/fr\/#website"},"primaryImageOfPage":{"@id":"https:\/\/grandeinc.com\/produits\/ecran-a-barre-autonettoyant\/#primaryimage"},"image":{"@id":"https:\/\/grandeinc.com\/produits\/ecran-a-barre-autonettoyant\/#primaryimage"},"thumbnailUrl":"http:\/\/grandeinc.com\/wp-content\/uploads\/2024\/06\/tru-rake-01.jpg","datePublished":"2024-06-03T02:42:28+00:00","dateModified":"2024-07-16T03:36:36+00:00","breadcrumb":{"@id":"https:\/\/grandeinc.com\/produits\/ecran-a-barre-autonettoyant\/#breadcrumb"},"inLanguage":"fr-CA","potentialAction":[{"@type":"ReadAction","target":["https:\/\/grandeinc.com\/produits\/ecran-a-barre-autonettoyant\/"]}]},{"@type":"ImageObject","inLanguage":"fr-CA","@id":"https:\/\/grandeinc.com\/produits\/ecran-a-barre-autonettoyant\/#primaryimage","url":"http:\/\/grandeinc.com\/wp-content\/uploads\/2024\/06\/tru-rake-01.jpg","contentUrl":"http:\/\/grandeinc.com\/wp-content\/uploads\/2024\/06\/tru-rake-01.jpg"},{"@type":"BreadcrumbList","@id":"https:\/\/grandeinc.com\/produits\/ecran-a-barre-autonettoyant\/#breadcrumb","itemListElement":[{"@type":"ListItem","position":1,"name":"Accueil","item":"https:\/\/grandeinc.com\/"},{"@type":"ListItem","position":2,"name":"Produits","item":"https:\/\/grandeinc.com\/produits\/"},{"@type":"ListItem","position":3,"name":"TRU-RAKE (\u00c9cran \u00e0 barre autonettoyant)"}]},{"@type":"WebSite","@id":"http:\/\/grandeinc.com\/fr\/#website","url":"http:\/\/grandeinc.com\/fr\/","name":"Grande Gestion des Eaux","description":"","publisher":{"@id":"http:\/\/grandeinc.com\/fr\/#organization"},"potentialAction":[{"@type":"SearchAction","target":{"@type":"EntryPoint","urlTemplate":"http:\/\/grandeinc.com\/fr\/?s={search_term_string}"},"query-input":{"@type":"PropertyValueSpecification","valueRequired":true,"valueName":"search_term_string"}}],"inLanguage":"fr-CA"},{"@type":"Organization","@id":"http:\/\/grandeinc.com\/fr\/#organization","name":"Grande Gestion des Eaux","url":"http:\/\/grandeinc.com\/fr\/","logo":{"@type":"ImageObject","inLanguage":"fr-CA","@id":"http:\/\/grandeinc.com\/fr\/#\/schema\/logo\/image\/","url":"https:\/\/grandeinc.com\/wp-content\/uploads\/2024\/11\/logo.png","contentUrl":"https:\/\/grandeinc.com\/wp-content\/uploads\/2024\/11\/logo.png","width":260,"height":84,"caption":"Grande Gestion des Eaux"},"image":{"@id":"http:\/\/grandeinc.com\/fr\/#\/schema\/logo\/image\/"},"sameAs":["https:\/\/www.facebook.com\/GrandeWaterManagement"]}]}},"_links":{"self":[{"href":"https:\/\/grandeinc.com\/fr\/wp-json\/wp\/v2\/pages\/853","targetHints":{"allow":["GET"]}}],"collection":[{"href":"https:\/\/grandeinc.com\/fr\/wp-json\/wp\/v2\/pages"}],"about":[{"href":"https:\/\/grandeinc.com\/fr\/wp-json\/wp\/v2\/types\/page"}],"author":[{"embeddable":true,"href":"https:\/\/grandeinc.com\/fr\/wp-json\/wp\/v2\/users\/4"}],"replies":[{"embeddable":true,"href":"https:\/\/grandeinc.com\/fr\/wp-json\/wp\/v2\/comments?post=853"}],"version-history":[{"count":11,"href":"https:\/\/grandeinc.com\/fr\/wp-json\/wp\/v2\/pages\/853\/revisions"}],"predecessor-version":[{"id":1203,"href":"https:\/\/grandeinc.com\/fr\/wp-json\/wp\/v2\/pages\/853\/revisions\/1203"}],"up":[{"embeddable":true,"href":"https:\/\/grandeinc.com\/fr\/wp-json\/wp\/v2\/pages\/8"}],"wp:attachment":[{"href":"https:\/\/grandeinc.com\/fr\/wp-json\/wp\/v2\/media?parent=853"}],"curies":[{"name":"wp","href":"https:\/\/api.w.org\/{rel}","templated":true}]}}