{"id":837,"date":"2024-06-02T22:18:54","date_gmt":"2024-06-03T02:18:54","guid":{"rendered":"https:\/\/grandeinc.com\/?page_id=837"},"modified":"2024-07-15T23:31:14","modified_gmt":"2024-07-16T03:31:14","slug":"acu-screen-ecran-de-trop-plein-a-fentes-fines","status":"publish","type":"page","link":"https:\/\/grandeinc.com\/fr\/produits\/degrilleur-de-debordement-3\/acu-screen-ecran-de-trop-plein-a-fentes-fines\/","title":{"rendered":"ACU-SCREEN (\u00e9cran de trop-plein \u00e0 fentes fines)"},"content":{"rendered":"<p><section class=\"kc-elm kc-css-477673 kc_row\"><div class=\"kc-row-container  kc-container\"><div class=\"kc-wrap-columns\"><div class=\"kc-elm kc-css-615172 kc_col-sm-12 kc_column kc_col-sm-12\"><div class=\"kc-col-container\"><div class=\"kc-elm kc-css-637532 kc_row kc_row_inner\"><div class=\"kc-elm kc-css-625866 kc_col-sm-6 kc_column_inner kc_col-sm-6\"><div class=\"kc_wrapper kc-col-inner-container\"><div class=\"kc-elm kc-css-227580 kc_shortcode kc_single_image\">\n\n        <img decoding=\"async\" src=\"https:\/\/grandeinc.com\/wp-content\/uploads\/2024\/06\/acu-screen-01.jpg\" class=\"\" alt=\"\" \/>    <\/div>\n<\/div><\/div><div class=\"kc-elm kc-css-729780 kc_col-sm-6 kc_column_inner kc_col-sm-6\"><div class=\"kc_wrapper kc-col-inner-container\"><div class=\"kc-elm kc-css-148344 kc_text_block\"><\/p>\n<p>\nLe syst\u00e8me de tamis de trop-plein \u00e0 fentes fines ACU-SCREEN est con\u00e7u pour \u00e9liminer les d\u00e9bris des syst\u00e8mes de trop-plein d&rsquo;eaux pluviales, des syst\u00e8mes de trop-plein d&rsquo;\u00e9gouts unitaires (CSO) et des syst\u00e8mes de trop-plein d&rsquo;\u00e9gouts sanitaires (SSO). Le tamis \u00e0 fentes fines ACU-SCREEN offre une solution \u00e9conomique et efficace pour se prot\u00e9ger contre les mati\u00e8res flottantes et en suspension p\u00e9n\u00e9trant dans les flux r\u00e9cepteurs.<\/p>\n<p>Le tamis \u00e0 fentes fines ACU-SCREEN est con\u00e7u pour \u00eatre install\u00e9 sur les d\u00e9versoirs d\u2019eaux pluviales, les d\u00e9versoirs de d\u00e9canteurs, les d\u00e9versoirs CSO et les d\u00e9versoirs d\u2019\u00e9vacuation des crues. La conception modulaire de l&rsquo;ACU-SCREEN le rend adapt\u00e9 \u00e0 tout type de syst\u00e8me de trop-plein et s&rsquo;installe facilement dans les structures existantes.<\/p>\n<p>\n<\/div><\/div><\/div><\/div>\n<div class=\"kc-elm kc-css-289592\">\n\t<a class=\"kc_button\" href=\"\/contactez-nous\/\" target=\"_self\" title=\"\" onclick=\"#\">\n\t\tDemandez votre brochure\t<\/a>\n<\/div>\n<div class=\"kc-elm kc-css-383192 kc_row kc_row_inner\"><div class=\"kc-elm kc-css-192090 kc_col-sm-6 kc_column_inner kc_col-sm-6\"><div class=\"kc_wrapper kc-col-inner-container\"><div class=\"kc-elm kc-css-490835 kc_text_block\"><\/p>\n<h2>Caract\u00e9ristiques<\/h2>\n<p>-R\u00e9tention de tous les solides sup\u00e9rieurs \u00e0 3\/16 de pouce (5 mm)<\/p>\n<p>-Le m\u00e9canisme d&rsquo;entra\u00eenement n&rsquo;est jamais immerg\u00e9<\/p>\n<p>-Les ouvertures fendues minimisent la perte de t\u00eate<\/p>\n<p>-La brosse auto-ajustable nettoie la surface dans les deux sens<\/p>\n<p>-Seul du fluide hydraulique biod\u00e9gradable est utilis\u00e9<\/p>\n<p>-Peut \u00eatre install\u00e9 dans n&rsquo;importe quelle position<\/p>\n<p>-Peut \u00eatre combin\u00e9 avec ACU-BEND<\/p>\n<p>-Peut \u00eatre entra\u00een\u00e9 avec un motor\u00e9ducteur \u00e9lectrique<\/p>\n<p>-Peut \u00eatre entra\u00een\u00e9 par une roue hydraulique<\/p>\n<p>-Facile \u00e0 adapter aux installations existantes<\/p>\n<p>-Construction en acier inoxydable<\/p>\n<p>\n<\/div><\/div><\/div><div class=\"kc-elm kc-css-17739 kc_col-sm-6 kc_column_inner kc_col-sm-6\"><div class=\"kc_wrapper kc-col-inner-container\"><div class=\"kc-elm kc-css-799948 kc-raw-code\"><iframe loading=\"lazy\" width=\"560\" height=\"315\" src=\"https:\/\/www.youtube.com\/embed\/g1VCeRXL_Hg?si=CEG2SKxLuIGDrzVs\" title=\"YouTube video player\" frameborder=\"0\" allow=\"accelerometer; autoplay; clipboard-write; encrypted-media; gyroscope; picture-in-picture; web-share\" referrerpolicy=\"strict-origin-when-cross-origin\" allowfullscreen><\/iframe><\/div><div class=\"kc-elm kc-css-404793 kc-raw-code\"><iframe loading=\"lazy\" width=\"560\" height=\"315\" src=\"https:\/\/www.youtube.com\/embed\/J8_4qRf0nl0?si=skhJdzhlAQZ8Ww6I\" title=\"YouTube video player\" frameborder=\"0\" allow=\"accelerometer; autoplay; clipboard-write; encrypted-media; gyroscope; picture-in-picture; web-share\" referrerpolicy=\"strict-origin-when-cross-origin\" allowfullscreen><\/iframe><\/div><\/div><\/div><\/div><div class=\"kc-elm kc-css-36619 kc_row kc_row_inner\"><div class=\"kc-elm kc-css-543403 kc_col-sm-6 kc_column_inner kc_col-sm-6\"><div class=\"kc_wrapper kc-col-inner-container\"><div class=\"kc-elm kc-css-127961 kc_shortcode kc_single_image\">\n\n        <img decoding=\"async\" src=\"https:\/\/grandeinc.com\/wp-content\/uploads\/2024\/06\/acu-screen-02.jpg\" class=\"\" alt=\"\" \/>    <\/div>\n<\/div><\/div><div class=\"kc-elm kc-css-670249 kc_col-sm-6 kc_column_inner kc_col-sm-6\"><div class=\"kc_wrapper kc-col-inner-container\">\n<div class=\"kc-elm kc-css-233846 kc-title-wrap \">\n\n\t<h2 class=\"kc_title\">Champ d'application<\/h2>\n<\/div>\n<div class=\"kc-elm kc-css-401431 kc_text_block\"><\/p>\n<p>\nLes mod\u00e8les de syst\u00e8me de tamis de trop-plein \u00e0 fentes fines ACU-SCREEN varient en fonction de l&rsquo;orientation, du m\u00e9canisme d&rsquo;entra\u00eenement, du nombre de modules et de la longueur totale. Les mod\u00e8les sont d\u00e9sign\u00e9s GAS-***-***. Les unit\u00e9s sont de conception modulaire, une seule unit\u00e9 mesurant jusqu&rsquo;\u00e0 30 pieds (9 m) de long. Les unit\u00e9s sont actuellement d\u00e9sign\u00e9es par un ast\u00e9risque en raison de la grande vari\u00e9t\u00e9 d&rsquo;options de mod\u00e8les.<\/p>\n<p>\n<\/div><\/div><\/div><\/div><div class=\"kc-elm kc-css-244210 kc_row kc_row_inner\"><div class=\"kc-elm kc-css-428732 kc_col-sm-6 kc_column_inner kc_col-sm-6\"><div class=\"kc_wrapper kc-col-inner-container\"><div class=\"kc-elm kc-css-497546 kc_text_block\"><\/p>\n<h2>Fonctionnement<\/h2>\n<p>Le syst\u00e8me de tamis \u00e0 fentes fines ACU-SCREEN est con\u00e7u autour d&rsquo;une surface de tamis \u00e0 fentes sp\u00e9ciale en acier inoxydable. L&rsquo;ouverture standard du tamis est de 3\/16 de pouce x 1 pouce et une surface libre totale de 50 %, permettant d&rsquo;obtenir le plus haut degr\u00e9 possible de r\u00e9tention de solides tout en minimisant la perte de charge. D&rsquo;autres tailles de criblage sont disponibles.<\/p>\n<p>Lors d&rsquo;un d\u00e9bordement, le tamis \u00e0 fentes fines ACU-SCREEN est nettoy\u00e9 en continu, pas plus de toutes les 15 secondes, par le mouvement de va-et-vient de la brosse de nettoyage. Par cons\u00e9quent, il ne devrait pas y avoir de colmatage de la surface de criblage. Le m\u00e9canisme de nettoyage des tamis \u00e0 fentes fines ACU-SCREEN est g\u00e9n\u00e9ralement entra\u00een\u00e9 par un moteur hydraulique qui est \u00e0 son tour aliment\u00e9 par une unit\u00e9 de puissance hydraulique. Une brosse lest\u00e9e et auto-ajustable, fix\u00e9e au chariot de guidage, est entra\u00een\u00e9e d&rsquo;avant en arri\u00e8re sur la surface de criblage, poussant tous les solides retenus dans les zones de stockage, situ\u00e9es \u00e0 chaque extr\u00e9mit\u00e9 des modules de criblage. Les solides retenus sont rejet\u00e9s dans le flux d&rsquo;eaux us\u00e9es \u00e0 la fin d&rsquo;un d\u00e9bordement et transport\u00e9s vers la station d&rsquo;\u00e9puration des eaux us\u00e9es pour \u00eatre \u00e9limin\u00e9s.<\/p>\n<p>L&rsquo;orientation d&rsquo;installation pr\u00e9f\u00e9r\u00e9e de l&rsquo;ACU-SCREEN est horizontale afin de minimiser la perte de charge. L&rsquo;ACU-SCREEN peut \u00eatre install\u00e9 en position verticale si n\u00e9cessaire pour r\u00e9duire l&rsquo;encombrement. Une installation en diagonale est requise lorsque le tamis \u00e0 fentes fines ACU-SCREEN est utilis\u00e9 conjointement avec le d\u00e9versoir de flexion ACU-BEND pour maximiser le stockage in situ et minimiser les \u00e9v\u00e9nements de d\u00e9bordement.<\/p>\n<p>Le m\u00e9canisme de nettoyage des tamis \u00e0 fentes fines ACU-SCREEN peut \u00eatre entra\u00een\u00e9 par un motor\u00e9ducteur \u00e9lectrique ou sans avoir besoin d&rsquo;\u00e9nergie externe lorsqu&rsquo;il est aliment\u00e9 par le syst\u00e8me de roue hydraulique.<\/p>\n<p>\n<\/div><\/div><\/div><div class=\"kc-elm kc-css-331325 kc_col-sm-6 kc_column_inner kc_col-sm-6\"><div class=\"kc_wrapper kc-col-inner-container\"><div class=\"kc-elm kc-css-205544 kc_shortcode kc_single_image\">\n\n        <img decoding=\"async\" src=\"https:\/\/grandeinc.com\/wp-content\/uploads\/2024\/06\/acu-screen-03.jpg\" class=\"\" alt=\"\" \/>    <\/div>\n<\/div><\/div><\/div><div class=\"kc-elm kc-css-105051 kc_row kc_row_inner\"><div class=\"kc-elm kc-css-856834 kc_col-sm-3 kc_column_inner kc_col-sm-3\"><div class=\"kc_wrapper kc-col-inner-container\"><div class=\"kc-elm kc-css-614273 kc_shortcode kc_single_image\">\n\n        <img decoding=\"async\" src=\"https:\/\/grandeinc.com\/wp-content\/uploads\/2024\/06\/acu-screen-04.jpg\" class=\"\" alt=\"\" \/>    <\/div>\n<\/div><\/div><div class=\"kc-elm kc-css-522339 kc_col-sm-3 kc_column_inner kc_col-sm-3\"><div class=\"kc_wrapper kc-col-inner-container\"><div class=\"kc-elm kc-css-626462 kc_shortcode kc_single_image\">\n\n        <img decoding=\"async\" src=\"https:\/\/grandeinc.com\/wp-content\/uploads\/2024\/06\/acu-screen-05.jpg\" class=\"\" alt=\"\" \/>    <\/div>\n<\/div><\/div><div class=\"kc-elm kc-css-340416 kc_col-sm-3 kc_column_inner kc_col-sm-3\"><div class=\"kc_wrapper kc-col-inner-container\"><div class=\"kc-elm kc-css-210094 kc_shortcode kc_single_image\">\n\n        <img decoding=\"async\" src=\"https:\/\/grandeinc.com\/wp-content\/uploads\/2024\/06\/acu-screen-06.jpg\" class=\"\" alt=\"\" \/>    <\/div>\n<\/div><\/div><div class=\"kc-elm kc-css-453018 kc_col-sm-3 kc_column_inner kc_col-sm-3\"><div class=\"kc_wrapper kc-col-inner-container\"><div class=\"kc-elm kc-css-352653 kc_shortcode kc_single_image\">\n\n        <img decoding=\"async\" src=\"https:\/\/grandeinc.com\/wp-content\/uploads\/2024\/06\/acu-screen-07.jpg\" class=\"\" alt=\"\" \/>    <\/div>\n<\/div><\/div><\/div><\/div><\/div><\/div><\/div><\/section><section class=\"kc-elm kc-css-867090 kc_row\"><div class=\"kc-row-container  kc-container\"><div class=\"kc-wrap-columns\"><div class=\"kc-elm kc-css-900225 kc_col-sm-12 kc_column kc_col-sm-12\"><div class=\"kc-col-container\"><\/div><\/div><\/div><\/div><\/section><\/p>\n","protected":false},"excerpt":{"rendered":"","protected":false},"author":4,"featured_media":0,"parent":590,"menu_order":0,"comment_status":"closed","ping_status":"closed","template":"","meta":{"footnotes":""},"class_list":["post-837","page","type-page","status-publish","hentry"],"yoast_head":"<!-- This site is optimized with the Yoast SEO plugin v24.0 - https:\/\/yoast.com\/wordpress\/plugins\/seo\/ -->\n<title>ACU-SCREEN (\u00e9cran de trop-plein \u00e0 fentes fines) - Grande Gestion des Eaux<\/title>\n<meta name=\"robots\" content=\"index, follow, max-snippet:-1, max-image-preview:large, max-video-preview:-1\" \/>\n<link rel=\"canonical\" href=\"https:\/\/grandeinc.com\/fr\/produits\/degrilleur-de-debordement-3\/acu-screen-ecran-de-trop-plein-a-fentes-fines\/\" \/>\n<meta property=\"og:locale\" content=\"fr_CA\" \/>\n<meta property=\"og:type\" content=\"article\" \/>\n<meta property=\"og:title\" content=\"ACU-SCREEN (\u00e9cran de trop-plein \u00e0 fentes fines) - Grande Gestion des Eaux\" \/>\n<meta property=\"og:description\" content=\"Le syst\u00e8me de tamis de trop-plein \u00e0 fentes fines ACU-SCREEN est con\u00e7u pour \u00e9liminer les d\u00e9bris des syst\u00e8mes de trop-plein d&rsquo;eaux pluviales, des syst\u00e8mes de trop-plein d&rsquo;\u00e9gouts unitaires (CSO) et des syst\u00e8mes de trop-plein d&rsquo;\u00e9gouts sanitaires (SSO). Le tamis \u00e0 fentes fines ACU-SCREEN offre une solution \u00e9conomique et efficace pour se prot\u00e9ger contre les mati\u00e8res\" \/>\n<meta property=\"og:url\" content=\"https:\/\/grandeinc.com\/fr\/produits\/degrilleur-de-debordement-3\/acu-screen-ecran-de-trop-plein-a-fentes-fines\/\" \/>\n<meta property=\"og:site_name\" content=\"Grande Gestion des Eaux\" \/>\n<meta property=\"article:publisher\" content=\"https:\/\/www.facebook.com\/GrandeWaterManagement\" \/>\n<meta property=\"article:modified_time\" content=\"2024-07-16T03:31:14+00:00\" \/>\n<meta property=\"og:image\" content=\"http:\/\/grandeinc.com\/wp-content\/uploads\/2024\/06\/acu-screen-01.jpg\" \/>\n<meta name=\"twitter:card\" content=\"summary_large_image\" \/>\n<meta name=\"twitter:label1\" content=\"Estimation du temps de lecture\" \/>\n\t<meta name=\"twitter:data1\" content=\"3 minutes\" \/>\n<script type=\"application\/ld+json\" class=\"yoast-schema-graph\">{\"@context\":\"https:\/\/schema.org\",\"@graph\":[{\"@type\":\"WebPage\",\"@id\":\"https:\/\/grandeinc.com\/produits\/degrilleur-de-debordement-3\/acu-screen-ecran-de-trop-plein-a-fentes-fines\/\",\"url\":\"https:\/\/grandeinc.com\/produits\/degrilleur-de-debordement-3\/acu-screen-ecran-de-trop-plein-a-fentes-fines\/\",\"name\":\"ACU-SCREEN (\u00e9cran de trop-plein \u00e0 fentes fines) - Grande Gestion des Eaux\",\"isPartOf\":{\"@id\":\"http:\/\/grandeinc.com\/fr\/#website\"},\"primaryImageOfPage\":{\"@id\":\"https:\/\/grandeinc.com\/produits\/degrilleur-de-debordement-3\/acu-screen-ecran-de-trop-plein-a-fentes-fines\/#primaryimage\"},\"image\":{\"@id\":\"https:\/\/grandeinc.com\/produits\/degrilleur-de-debordement-3\/acu-screen-ecran-de-trop-plein-a-fentes-fines\/#primaryimage\"},\"thumbnailUrl\":\"http:\/\/grandeinc.com\/wp-content\/uploads\/2024\/06\/acu-screen-01.jpg\",\"datePublished\":\"2024-06-03T02:18:54+00:00\",\"dateModified\":\"2024-07-16T03:31:14+00:00\",\"breadcrumb\":{\"@id\":\"https:\/\/grandeinc.com\/produits\/degrilleur-de-debordement-3\/acu-screen-ecran-de-trop-plein-a-fentes-fines\/#breadcrumb\"},\"inLanguage\":\"fr-CA\",\"potentialAction\":[{\"@type\":\"ReadAction\",\"target\":[\"https:\/\/grandeinc.com\/produits\/degrilleur-de-debordement-3\/acu-screen-ecran-de-trop-plein-a-fentes-fines\/\"]}]},{\"@type\":\"ImageObject\",\"inLanguage\":\"fr-CA\",\"@id\":\"https:\/\/grandeinc.com\/produits\/degrilleur-de-debordement-3\/acu-screen-ecran-de-trop-plein-a-fentes-fines\/#primaryimage\",\"url\":\"http:\/\/grandeinc.com\/wp-content\/uploads\/2024\/06\/acu-screen-01.jpg\",\"contentUrl\":\"http:\/\/grandeinc.com\/wp-content\/uploads\/2024\/06\/acu-screen-01.jpg\"},{\"@type\":\"BreadcrumbList\",\"@id\":\"https:\/\/grandeinc.com\/produits\/degrilleur-de-debordement-3\/acu-screen-ecran-de-trop-plein-a-fentes-fines\/#breadcrumb\",\"itemListElement\":[{\"@type\":\"ListItem\",\"position\":1,\"name\":\"Accueil\",\"item\":\"https:\/\/grandeinc.com\/\"},{\"@type\":\"ListItem\",\"position\":2,\"name\":\"Produits\",\"item\":\"https:\/\/grandeinc.com\/produits\/\"},{\"@type\":\"ListItem\",\"position\":3,\"name\":\"D\u00e9grilleur de d\u00e9bordement\",\"item\":\"https:\/\/grandeinc.com\/produits\/degrilleur-de-debordement-3\/\"},{\"@type\":\"ListItem\",\"position\":4,\"name\":\"ACU-SCREEN (\u00e9cran de trop-plein \u00e0 fentes fines)\"}]},{\"@type\":\"WebSite\",\"@id\":\"http:\/\/grandeinc.com\/fr\/#website\",\"url\":\"http:\/\/grandeinc.com\/fr\/\",\"name\":\"Grande Gestion des Eaux\",\"description\":\"\",\"publisher\":{\"@id\":\"http:\/\/grandeinc.com\/fr\/#organization\"},\"potentialAction\":[{\"@type\":\"SearchAction\",\"target\":{\"@type\":\"EntryPoint\",\"urlTemplate\":\"http:\/\/grandeinc.com\/fr\/?s={search_term_string}\"},\"query-input\":{\"@type\":\"PropertyValueSpecification\",\"valueRequired\":true,\"valueName\":\"search_term_string\"}}],\"inLanguage\":\"fr-CA\"},{\"@type\":\"Organization\",\"@id\":\"http:\/\/grandeinc.com\/fr\/#organization\",\"name\":\"Grande Gestion des Eaux\",\"url\":\"http:\/\/grandeinc.com\/fr\/\",\"logo\":{\"@type\":\"ImageObject\",\"inLanguage\":\"fr-CA\",\"@id\":\"http:\/\/grandeinc.com\/fr\/#\/schema\/logo\/image\/\",\"url\":\"https:\/\/grandeinc.com\/wp-content\/uploads\/2024\/11\/logo.png\",\"contentUrl\":\"https:\/\/grandeinc.com\/wp-content\/uploads\/2024\/11\/logo.png\",\"width\":260,\"height\":84,\"caption\":\"Grande Gestion des Eaux\"},\"image\":{\"@id\":\"http:\/\/grandeinc.com\/fr\/#\/schema\/logo\/image\/\"},\"sameAs\":[\"https:\/\/www.facebook.com\/GrandeWaterManagement\"]}]}<\/script>\n<!-- \/ Yoast SEO plugin. -->","yoast_head_json":{"title":"ACU-SCREEN (\u00e9cran de trop-plein \u00e0 fentes fines) - Grande Gestion des Eaux","robots":{"index":"index","follow":"follow","max-snippet":"max-snippet:-1","max-image-preview":"max-image-preview:large","max-video-preview":"max-video-preview:-1"},"canonical":"https:\/\/grandeinc.com\/fr\/produits\/degrilleur-de-debordement-3\/acu-screen-ecran-de-trop-plein-a-fentes-fines\/","og_locale":"fr_CA","og_type":"article","og_title":"ACU-SCREEN (\u00e9cran de trop-plein \u00e0 fentes fines) - Grande Gestion des Eaux","og_description":"Le syst\u00e8me de tamis de trop-plein \u00e0 fentes fines ACU-SCREEN est con\u00e7u pour \u00e9liminer les d\u00e9bris des syst\u00e8mes de trop-plein d&rsquo;eaux pluviales, des syst\u00e8mes de trop-plein d&rsquo;\u00e9gouts unitaires (CSO) et des syst\u00e8mes de trop-plein d&rsquo;\u00e9gouts sanitaires (SSO). Le tamis \u00e0 fentes fines ACU-SCREEN offre une solution \u00e9conomique et efficace pour se prot\u00e9ger contre les mati\u00e8res","og_url":"https:\/\/grandeinc.com\/fr\/produits\/degrilleur-de-debordement-3\/acu-screen-ecran-de-trop-plein-a-fentes-fines\/","og_site_name":"Grande Gestion des Eaux","article_publisher":"https:\/\/www.facebook.com\/GrandeWaterManagement","article_modified_time":"2024-07-16T03:31:14+00:00","og_image":[{"url":"http:\/\/grandeinc.com\/wp-content\/uploads\/2024\/06\/acu-screen-01.jpg","type":"","width":"","height":""}],"twitter_card":"summary_large_image","twitter_misc":{"Estimation du temps de lecture":"3 minutes"},"schema":{"@context":"https:\/\/schema.org","@graph":[{"@type":"WebPage","@id":"https:\/\/grandeinc.com\/produits\/degrilleur-de-debordement-3\/acu-screen-ecran-de-trop-plein-a-fentes-fines\/","url":"https:\/\/grandeinc.com\/produits\/degrilleur-de-debordement-3\/acu-screen-ecran-de-trop-plein-a-fentes-fines\/","name":"ACU-SCREEN (\u00e9cran de trop-plein \u00e0 fentes fines) - Grande Gestion des Eaux","isPartOf":{"@id":"http:\/\/grandeinc.com\/fr\/#website"},"primaryImageOfPage":{"@id":"https:\/\/grandeinc.com\/produits\/degrilleur-de-debordement-3\/acu-screen-ecran-de-trop-plein-a-fentes-fines\/#primaryimage"},"image":{"@id":"https:\/\/grandeinc.com\/produits\/degrilleur-de-debordement-3\/acu-screen-ecran-de-trop-plein-a-fentes-fines\/#primaryimage"},"thumbnailUrl":"http:\/\/grandeinc.com\/wp-content\/uploads\/2024\/06\/acu-screen-01.jpg","datePublished":"2024-06-03T02:18:54+00:00","dateModified":"2024-07-16T03:31:14+00:00","breadcrumb":{"@id":"https:\/\/grandeinc.com\/produits\/degrilleur-de-debordement-3\/acu-screen-ecran-de-trop-plein-a-fentes-fines\/#breadcrumb"},"inLanguage":"fr-CA","potentialAction":[{"@type":"ReadAction","target":["https:\/\/grandeinc.com\/produits\/degrilleur-de-debordement-3\/acu-screen-ecran-de-trop-plein-a-fentes-fines\/"]}]},{"@type":"ImageObject","inLanguage":"fr-CA","@id":"https:\/\/grandeinc.com\/produits\/degrilleur-de-debordement-3\/acu-screen-ecran-de-trop-plein-a-fentes-fines\/#primaryimage","url":"http:\/\/grandeinc.com\/wp-content\/uploads\/2024\/06\/acu-screen-01.jpg","contentUrl":"http:\/\/grandeinc.com\/wp-content\/uploads\/2024\/06\/acu-screen-01.jpg"},{"@type":"BreadcrumbList","@id":"https:\/\/grandeinc.com\/produits\/degrilleur-de-debordement-3\/acu-screen-ecran-de-trop-plein-a-fentes-fines\/#breadcrumb","itemListElement":[{"@type":"ListItem","position":1,"name":"Accueil","item":"https:\/\/grandeinc.com\/"},{"@type":"ListItem","position":2,"name":"Produits","item":"https:\/\/grandeinc.com\/produits\/"},{"@type":"ListItem","position":3,"name":"D\u00e9grilleur de d\u00e9bordement","item":"https:\/\/grandeinc.com\/produits\/degrilleur-de-debordement-3\/"},{"@type":"ListItem","position":4,"name":"ACU-SCREEN (\u00e9cran de trop-plein \u00e0 fentes fines)"}]},{"@type":"WebSite","@id":"http:\/\/grandeinc.com\/fr\/#website","url":"http:\/\/grandeinc.com\/fr\/","name":"Grande Gestion des Eaux","description":"","publisher":{"@id":"http:\/\/grandeinc.com\/fr\/#organization"},"potentialAction":[{"@type":"SearchAction","target":{"@type":"EntryPoint","urlTemplate":"http:\/\/grandeinc.com\/fr\/?s={search_term_string}"},"query-input":{"@type":"PropertyValueSpecification","valueRequired":true,"valueName":"search_term_string"}}],"inLanguage":"fr-CA"},{"@type":"Organization","@id":"http:\/\/grandeinc.com\/fr\/#organization","name":"Grande Gestion des Eaux","url":"http:\/\/grandeinc.com\/fr\/","logo":{"@type":"ImageObject","inLanguage":"fr-CA","@id":"http:\/\/grandeinc.com\/fr\/#\/schema\/logo\/image\/","url":"https:\/\/grandeinc.com\/wp-content\/uploads\/2024\/11\/logo.png","contentUrl":"https:\/\/grandeinc.com\/wp-content\/uploads\/2024\/11\/logo.png","width":260,"height":84,"caption":"Grande Gestion des Eaux"},"image":{"@id":"http:\/\/grandeinc.com\/fr\/#\/schema\/logo\/image\/"},"sameAs":["https:\/\/www.facebook.com\/GrandeWaterManagement"]}]}},"_links":{"self":[{"href":"https:\/\/grandeinc.com\/fr\/wp-json\/wp\/v2\/pages\/837","targetHints":{"allow":["GET"]}}],"collection":[{"href":"https:\/\/grandeinc.com\/fr\/wp-json\/wp\/v2\/pages"}],"about":[{"href":"https:\/\/grandeinc.com\/fr\/wp-json\/wp\/v2\/types\/page"}],"author":[{"embeddable":true,"href":"https:\/\/grandeinc.com\/fr\/wp-json\/wp\/v2\/users\/4"}],"replies":[{"embeddable":true,"href":"https:\/\/grandeinc.com\/fr\/wp-json\/wp\/v2\/comments?post=837"}],"version-history":[{"count":16,"href":"https:\/\/grandeinc.com\/fr\/wp-json\/wp\/v2\/pages\/837\/revisions"}],"predecessor-version":[{"id":1225,"href":"https:\/\/grandeinc.com\/fr\/wp-json\/wp\/v2\/pages\/837\/revisions\/1225"}],"up":[{"embeddable":true,"href":"https:\/\/grandeinc.com\/fr\/wp-json\/wp\/v2\/pages\/590"}],"wp:attachment":[{"href":"https:\/\/grandeinc.com\/fr\/wp-json\/wp\/v2\/media?parent=837"}],"curies":[{"name":"wp","href":"https:\/\/api.w.org\/{rel}","templated":true}]}}