{"id":809,"date":"2024-06-02T17:11:20","date_gmt":"2024-06-02T21:11:20","guid":{"rendered":"https:\/\/grandeinc.com\/?page_id=809"},"modified":"2024-12-02T16:01:34","modified_gmt":"2024-12-02T21:01:34","slug":"acu-flo-regulateur-dequilibre","status":"publish","type":"page","link":"https:\/\/grandeinc.com\/fr\/produits\/regulation-de-debit\/acu-flo-regulateur-dequilibre\/","title":{"rendered":"ACU-FLO (r\u00e9gulateur d&rsquo;\u00e9quilibre)"},"content":{"rendered":"<p><section class=\"kc-elm kc-css-688702 kc_row\"><div class=\"kc-row-container  kc-container\"><div class=\"kc-wrap-columns\"><div class=\"kc-elm kc-css-104803 kc_col-sm-6 kc_column kc_col-sm-6\"><div class=\"kc-col-container\"><div class=\"kc-elm kc-css-242922 kc_shortcode kc_single_image\">\n\n        <img decoding=\"async\" src=\"https:\/\/grandeinc.com\/wp-content\/uploads\/2024\/05\/acu-flo-01.jpg\" class=\"\" alt=\"\" \/>    <\/div>\n<\/div><\/div><div class=\"kc-elm kc-css-221180 kc_col-sm-6 kc_column kc_col-sm-6\"><div class=\"kc-col-container\"><div class=\"kc-elm kc-css-643313 kc_text_block\"><\/p>\n<p>\nLe syst\u00e8me de r\u00e9gulateur d&rsquo;\u00e9quilibre ACU-FLO est con\u00e7u pour maintenir un d\u00e9bit constant et pr\u00e9cis (+\/- 5 %) d&rsquo;un minimum de 16 gpm (1 L\/s) \u00e0 un maximum de 4\u00a0000 gpm (250 L\/s) pour les eaux en amont. niveaux d&rsquo;eau variant de 0 \u00e0 40 pieds (12 m). Le r\u00e9gulateur d&rsquo;\u00e9quilibre ACU-FLO a \u00e9t\u00e9 utilis\u00e9 pour le contr\u00f4le du d\u00e9bit dans les r\u00e9seaux d&rsquo;\u00e9gouts unitaires (CSO), les r\u00e9seaux d&rsquo;\u00e9gouts sanitaires (SSO) et les effluents des usines de traitement par lots et est bien adapt\u00e9 pour r\u00e9guler les rejets tr\u00e8s faibles \u00e0 moyens. Le r\u00e9gulateur d&rsquo;\u00e9quilibre ACU-FLO est install\u00e9 du c\u00f4t\u00e9 aval du point de contr\u00f4le dans un puits sec et n\u00e9cessite une t\u00eate diff\u00e9rentielle pour un bon fonctionnement.<\/p>\n<p>\n<\/div><\/div><\/div><\/div><\/div><\/section><section class=\"kc-elm kc-css-685360 kc_row\"><div class=\"kc-row-container  kc-container\"><div class=\"kc-wrap-columns\"><div class=\"kc-elm kc-css-534285 kc_col-sm-6 kc_column kc_col-sm-6\"><div class=\"kc-col-container\"><div class=\"kc-elm kc-css-105351 kc_text_block\"><\/p>\n<h2>Domaine d&rsquo;application<\/h2>\n<p>Le syst\u00e8me de r\u00e9gulation d&rsquo;\u00e9quilibrage ACU-FLO peut varier du mod\u00e8le GAF-R-15 au mod\u00e8le GAF-R-40. Le mod\u00e8le GAF-R-15 a un diam\u00e8tre d&rsquo;entr\u00e9e de 6 pouces (15 cm) avec une plage de d\u00e9bit de 16 \u00e0 80 gpm (1 \u00e0 5 L\/s) et le mod\u00e8le GAF-R-40 a un diam\u00e8tre d&rsquo;entr\u00e9e de 16 pouces (40 cm) avec une plage de d\u00e9bit de 1 300 \u00e0 4 000 gpm (80 \u00e0 250 L\/s). La s\u00e9lection du mod\u00e8le ACU-FLO est enti\u00e8rement bas\u00e9e sur la plage de d\u00e9bit requise.<\/p>\n<p>\n<\/div><\/div><\/div><div class=\"kc-elm kc-css-225538 kc_col-sm-6 kc_column kc_col-sm-6\"><div class=\"kc-col-container\">\n<div class=\"kc-elm kc-css-751526\">\n\t<a class=\"kc_button\" href=\"\/contactez-nous\/\" target=\"_self\" title=\"\" onclick=\"\">\n\t\tDemandez votre brochure\t<\/a>\n<\/div>\n<\/div><\/div><\/div><\/div><\/section><section class=\"kc-elm kc-css-836893 kc_row\"><div class=\"kc-row-container  kc-container\"><div class=\"kc-wrap-columns\"><div class=\"kc-elm kc-css-121385 kc_col-sm-6 kc_column kc_col-sm-6\"><div class=\"kc-col-container\"><div class=\"kc-elm kc-css-428290 kc_shortcode kc_single_image\">\n\n        <img decoding=\"async\" src=\"https:\/\/grandeinc.com\/wp-content\/uploads\/2024\/12\/acu-flo-03.jpg\" class=\"\" alt=\"\" \/>    <\/div>\n<div class=\"kc-elm kc-css-453108 kc_shortcode kc_single_image\">\n\n        <img decoding=\"async\" src=\"https:\/\/grandeinc.com\/wp-content\/uploads\/2024\/12\/acu-flo-04.jpg\" class=\"\" alt=\"\" \/>    <\/div>\n<\/div><\/div><div class=\"kc-elm kc-css-218294 kc_col-sm-6 kc_column kc_col-sm-6\"><div class=\"kc-col-container\"><div class=\"kc-elm kc-css-650314 kc_text_block\"><\/p>\n<h2>Fonctionnement<\/h2>\n<p>Le r\u00e9gulateur d&rsquo;\u00e9quilibre ACU-FLO maintient un d\u00e9bit constant \u00e0 une valeur d\u00e9finie ind\u00e9pendamment du niveau d&rsquo;eau en amont. Le r\u00e9gulateur d&rsquo;\u00e9quilibre ACU-FLO \u00e9quilibre efficacement la masse de l&rsquo;eau qui le traverse contre le contrepoids fixe. Les \u00e9l\u00e9ments fonctionnels les plus importants sont la vanne radiale pivotante, le bac de pes\u00e9e et le contrepoids de r\u00e9gulation. Pendant les p\u00e9riodes de faible d\u00e9bit, la vanne radiale pivotante reste en position enti\u00e8rement ouverte. Lorsque le d\u00e9bit entrant augmente, il s&rsquo;\u00e9coule \u00e0 travers le bo\u00eetier du r\u00e9gulateur dans le bac de pes\u00e9e. Le poids croissant de l&rsquo;eau pousse le bac de pes\u00e9e vers le bas et le contrepoids de r\u00e9gulation vers le haut. Les deux mouvements sont transmis \u00e0 la vanne radiale pivotante au moyen de leviers coupl\u00e9s qui initient le processus de r\u00e9gulation. Lorsque le poids de l&rsquo;eau sur le bac de pes\u00e9e augmente, la vanne radiale pivotante se ferme, ce qui r\u00e9duit l&rsquo;ouverture de d\u00e9charge. L&rsquo;ouverture du r\u00e9gulateur d&rsquo;\u00e9quilibre ACU-FLO est automatiquement ajust\u00e9e en fonction du niveau d&rsquo;eau en amont, ce qui permet un d\u00e9bit r\u00e9gul\u00e9 constant.<\/p>\n<p>Le r\u00e9gulateur d&rsquo;\u00e9quilibrage ACU-FLO est dot\u00e9 d&rsquo;un effet d&rsquo;auto-nettoyage automatique pour \u00e9viter tout blocage. En cas de blocage, le d\u00e9bit \u00e0 travers le r\u00e9gulateur diminue, ce qui entra\u00eene une diminution correspondante du poids de r\u00e9gulation de l&rsquo;eau sur le bac de pes\u00e9e. Cela provoque la mont\u00e9e du bac de pes\u00e9e et l&rsquo;ouverture compl\u00e8te de la vanne radiale. Le blocage est ainsi \u00e9vacu\u00e9 sous la pression du niveau d&rsquo;eau en amont, apr\u00e8s quoi le processus de r\u00e9gulation reprend.<\/p>\n<p>Chaque r\u00e9gulateur d&rsquo;\u00e9quilibre ACU-FLO est \u00e9talonn\u00e9 sur un banc d&rsquo;essai enti\u00e8rement fonctionnel et \u00e0 grande \u00e9chelle. Chaque r\u00e9gulateur d&rsquo;\u00e9quilibre ACU-FLO est exp\u00e9di\u00e9 sur site pr\u00e9r\u00e9gl\u00e9 sur le d\u00e9bit de conception souhait\u00e9. De plus, les points de consigne sont clairement indiqu\u00e9s pour les futurs ajustements de d\u00e9bit in situ (si n\u00e9cessaire). Le r\u00e9gulateur peut ensuite \u00eatre install\u00e9 et mis en service sans n\u00e9cessiter de calibrage ou de mesure de d\u00e9bit in situ long et co\u00fbteux.<\/p>\n<p>Le r\u00e9gulateur d&rsquo;\u00e9quilibrage ACU-FLO peut \u00eatre \u00e9quip\u00e9 d&rsquo;une unit\u00e9 de servocommande pour modifier le d\u00e9bit de conception de compl\u00e8tement ouvert \u00e0 ferm\u00e9. Un r\u00e9gulateur d&rsquo;\u00e9quilibrage ACU-FLO peut \u00eatre contr\u00f4l\u00e9 \u00e0 l&rsquo;aide de la commande locale ou \u00e0 distance depuis un emplacement de commande central. En cas de panne de courant, le r\u00e9gulateur continuera de fonctionner automatiquement en maintenant le d\u00e9bit constant sur lequel il a \u00e9t\u00e9 r\u00e9gl\u00e9 en dernier.<\/p>\n<p>Le r\u00e9gulateur d&rsquo;\u00e9quilibre ACU-FLO peut \u00eatre \u00e9quip\u00e9 d&rsquo;un dispositif de surveillance du d\u00e9bit.<\/p>\n<p>\n<\/div><\/div><\/div><\/div><\/div><\/section><section class=\"kc-elm kc-css-915029 kc_row\"><div class=\"kc-row-container  kc-container\"><div class=\"kc-wrap-columns\"><div class=\"kc-elm kc-css-50854 kc_col-sm-6 kc_column kc_col-sm-6\"><div class=\"kc-col-container\">\n<div class=\"kc-elm kc-css-756494 kc-title-wrap \">\n\n\t<h1 class=\"kc_title\">Caract\u00e9ristiques<\/h1>\n<\/div>\n\n<div class=\"kc-elm kc-css-614063 divider_line\">\n\t<div class=\"divider_inner divider_line1\">\n\t\t\t<\/div>\n<\/div>\n<div class=\"kc-elm kc-css-339060 kc_text_block\"><\/p>\n<p>\n-16 gpm \u00e0 4 000 gpm (1 \u00e0 250 L\/S)<br \/>-T\u00eate d&rsquo;eau jusqu&rsquo;\u00e0 40 pieds (12 m)<br \/>-Peut \u00eatre utilis\u00e9 pour surveiller les flux<br \/>-Peut \u00eatre \u00e9quip\u00e9 pour une op\u00e9ration \u00e0 distance<br \/>-L&rsquo;effet de rin\u00e7age automatique emp\u00eache le blocage<br \/>-Le d\u00e9bit de conception peut \u00eatre ajust\u00e9 sur place<br \/>-Facile \u00e0 adapter aux installations existantes<br \/>-Construction en acier inoxydable<\/p>\n<p>\n<\/div><\/div><\/div><div class=\"kc-elm kc-css-548257 kc_col-sm-6 kc_column kc_col-sm-6\"><div class=\"kc-col-container\"><div class=\"kc-elm kc-css-354783 kc-raw-code\"><iframe loading=\"lazy\" width=\"560\" height=\"315\" src=\"https:\/\/www.youtube.com\/embed\/n53va0oQT1M?si=vA5mYJz9aVu62WUv\" title=\"YouTube video player\" frameborder=\"0\" allow=\"accelerometer; autoplay; clipboard-write; encrypted-media; gyroscope; picture-in-picture; web-share\" referrerpolicy=\"strict-origin-when-cross-origin\" allowfullscreen><\/iframe><\/div><\/div><\/div><\/div><\/div><\/section><section class=\"kc-elm kc-css-710739 kc_row\"><div class=\"kc-row-container  kc-container\"><div class=\"kc-wrap-columns\"><div class=\"kc-elm kc-css-613094 kc_col-sm-6 kc_column kc_col-sm-6\"><div class=\"kc-col-container\"><\/div><\/div><div class=\"kc-elm kc-css-689773 kc_col-sm-6 kc_column kc_col-sm-6\"><div class=\"kc-col-container\"><div class=\"kc-elm kc-css-133197 kc-raw-code\"><iframe loading=\"lazy\" width=\"560\" height=\"315\" src=\"https:\/\/www.youtube.com\/embed\/o_HU9c31Rd4?si=GPfonVzHM4JMxCQH\" title=\"YouTube video player\" frameborder=\"0\" allow=\"accelerometer; autoplay; clipboard-write; encrypted-media; gyroscope; picture-in-picture; web-share\" referrerpolicy=\"strict-origin-when-cross-origin\" allowfullscreen><\/iframe><\/div><\/div><\/div><\/div><\/div><\/section><\/p>\n","protected":false},"excerpt":{"rendered":"","protected":false},"author":4,"featured_media":0,"parent":688,"menu_order":0,"comment_status":"closed","ping_status":"closed","template":"","meta":{"footnotes":""},"class_list":["post-809","page","type-page","status-publish","hentry"],"yoast_head":"<!-- This site is optimized with the Yoast SEO plugin v24.0 - https:\/\/yoast.com\/wordpress\/plugins\/seo\/ -->\n<title>ACU-FLO (r\u00e9gulateur d&#039;\u00e9quilibre) - Grande Gestion des Eaux<\/title>\n<meta name=\"robots\" content=\"index, follow, max-snippet:-1, max-image-preview:large, max-video-preview:-1\" \/>\n<link rel=\"canonical\" href=\"https:\/\/grandeinc.com\/fr\/produits\/regulation-de-debit\/acu-flo-regulateur-dequilibre\/\" \/>\n<meta property=\"og:locale\" content=\"fr_CA\" \/>\n<meta property=\"og:type\" content=\"article\" \/>\n<meta property=\"og:title\" content=\"ACU-FLO (r\u00e9gulateur d&#039;\u00e9quilibre) - Grande Gestion des Eaux\" \/>\n<meta property=\"og:description\" content=\"Le syst\u00e8me de r\u00e9gulateur d&rsquo;\u00e9quilibre ACU-FLO est con\u00e7u pour maintenir un d\u00e9bit constant et pr\u00e9cis (+\/- 5 %) d&rsquo;un minimum de 16 gpm (1 L\/s) \u00e0 un maximum de 4\u00a0000 gpm (250 L\/s) pour les eaux en amont. niveaux d&rsquo;eau variant de 0 \u00e0 40 pieds (12 m). Le r\u00e9gulateur d&rsquo;\u00e9quilibre ACU-FLO a \u00e9t\u00e9 utilis\u00e9\" \/>\n<meta property=\"og:url\" content=\"https:\/\/grandeinc.com\/fr\/produits\/regulation-de-debit\/acu-flo-regulateur-dequilibre\/\" \/>\n<meta property=\"og:site_name\" content=\"Grande Gestion des Eaux\" \/>\n<meta property=\"article:publisher\" content=\"https:\/\/www.facebook.com\/GrandeWaterManagement\" \/>\n<meta property=\"article:modified_time\" content=\"2024-12-02T21:01:34+00:00\" \/>\n<meta property=\"og:image\" content=\"http:\/\/grandeinc.com\/wp-content\/uploads\/2024\/05\/acu-flo-01.jpg\" \/>\n<meta name=\"twitter:card\" content=\"summary_large_image\" \/>\n<meta name=\"twitter:label1\" content=\"Estimation du temps de lecture\" \/>\n\t<meta name=\"twitter:data1\" content=\"4 minutes\" \/>\n<script type=\"application\/ld+json\" class=\"yoast-schema-graph\">{\"@context\":\"https:\/\/schema.org\",\"@graph\":[{\"@type\":\"WebPage\",\"@id\":\"https:\/\/grandeinc.com\/produits\/regulation-de-debit\/acu-flo-regulateur-dequilibre\/\",\"url\":\"https:\/\/grandeinc.com\/produits\/regulation-de-debit\/acu-flo-regulateur-dequilibre\/\",\"name\":\"ACU-FLO (r\u00e9gulateur d'\u00e9quilibre) - Grande Gestion des Eaux\",\"isPartOf\":{\"@id\":\"http:\/\/grandeinc.com\/fr\/#website\"},\"primaryImageOfPage\":{\"@id\":\"https:\/\/grandeinc.com\/produits\/regulation-de-debit\/acu-flo-regulateur-dequilibre\/#primaryimage\"},\"image\":{\"@id\":\"https:\/\/grandeinc.com\/produits\/regulation-de-debit\/acu-flo-regulateur-dequilibre\/#primaryimage\"},\"thumbnailUrl\":\"http:\/\/grandeinc.com\/wp-content\/uploads\/2024\/05\/acu-flo-01.jpg\",\"datePublished\":\"2024-06-02T21:11:20+00:00\",\"dateModified\":\"2024-12-02T21:01:34+00:00\",\"breadcrumb\":{\"@id\":\"https:\/\/grandeinc.com\/produits\/regulation-de-debit\/acu-flo-regulateur-dequilibre\/#breadcrumb\"},\"inLanguage\":\"fr-CA\",\"potentialAction\":[{\"@type\":\"ReadAction\",\"target\":[\"https:\/\/grandeinc.com\/produits\/regulation-de-debit\/acu-flo-regulateur-dequilibre\/\"]}]},{\"@type\":\"ImageObject\",\"inLanguage\":\"fr-CA\",\"@id\":\"https:\/\/grandeinc.com\/produits\/regulation-de-debit\/acu-flo-regulateur-dequilibre\/#primaryimage\",\"url\":\"http:\/\/grandeinc.com\/wp-content\/uploads\/2024\/05\/acu-flo-01.jpg\",\"contentUrl\":\"http:\/\/grandeinc.com\/wp-content\/uploads\/2024\/05\/acu-flo-01.jpg\"},{\"@type\":\"BreadcrumbList\",\"@id\":\"https:\/\/grandeinc.com\/produits\/regulation-de-debit\/acu-flo-regulateur-dequilibre\/#breadcrumb\",\"itemListElement\":[{\"@type\":\"ListItem\",\"position\":1,\"name\":\"Accueil\",\"item\":\"https:\/\/grandeinc.com\/\"},{\"@type\":\"ListItem\",\"position\":2,\"name\":\"Produits\",\"item\":\"https:\/\/grandeinc.com\/produits\/\"},{\"@type\":\"ListItem\",\"position\":3,\"name\":\"R\u00e9gulation du d\u00e9bit\",\"item\":\"https:\/\/grandeinc.com\/produits\/regulation-de-debit\/\"},{\"@type\":\"ListItem\",\"position\":4,\"name\":\"ACU-FLO (r\u00e9gulateur d&rsquo;\u00e9quilibre)\"}]},{\"@type\":\"WebSite\",\"@id\":\"http:\/\/grandeinc.com\/fr\/#website\",\"url\":\"http:\/\/grandeinc.com\/fr\/\",\"name\":\"Grande Gestion des Eaux\",\"description\":\"\",\"publisher\":{\"@id\":\"http:\/\/grandeinc.com\/fr\/#organization\"},\"potentialAction\":[{\"@type\":\"SearchAction\",\"target\":{\"@type\":\"EntryPoint\",\"urlTemplate\":\"http:\/\/grandeinc.com\/fr\/?s={search_term_string}\"},\"query-input\":{\"@type\":\"PropertyValueSpecification\",\"valueRequired\":true,\"valueName\":\"search_term_string\"}}],\"inLanguage\":\"fr-CA\"},{\"@type\":\"Organization\",\"@id\":\"http:\/\/grandeinc.com\/fr\/#organization\",\"name\":\"Grande Gestion des Eaux\",\"url\":\"http:\/\/grandeinc.com\/fr\/\",\"logo\":{\"@type\":\"ImageObject\",\"inLanguage\":\"fr-CA\",\"@id\":\"http:\/\/grandeinc.com\/fr\/#\/schema\/logo\/image\/\",\"url\":\"https:\/\/grandeinc.com\/wp-content\/uploads\/2024\/11\/logo.png\",\"contentUrl\":\"https:\/\/grandeinc.com\/wp-content\/uploads\/2024\/11\/logo.png\",\"width\":260,\"height\":84,\"caption\":\"Grande Gestion des Eaux\"},\"image\":{\"@id\":\"http:\/\/grandeinc.com\/fr\/#\/schema\/logo\/image\/\"},\"sameAs\":[\"https:\/\/www.facebook.com\/GrandeWaterManagement\"]}]}<\/script>\n<!-- \/ Yoast SEO plugin. -->","yoast_head_json":{"title":"ACU-FLO (r\u00e9gulateur d'\u00e9quilibre) - Grande Gestion des Eaux","robots":{"index":"index","follow":"follow","max-snippet":"max-snippet:-1","max-image-preview":"max-image-preview:large","max-video-preview":"max-video-preview:-1"},"canonical":"https:\/\/grandeinc.com\/fr\/produits\/regulation-de-debit\/acu-flo-regulateur-dequilibre\/","og_locale":"fr_CA","og_type":"article","og_title":"ACU-FLO (r\u00e9gulateur d'\u00e9quilibre) - Grande Gestion des Eaux","og_description":"Le syst\u00e8me de r\u00e9gulateur d&rsquo;\u00e9quilibre ACU-FLO est con\u00e7u pour maintenir un d\u00e9bit constant et pr\u00e9cis (+\/- 5 %) d&rsquo;un minimum de 16 gpm (1 L\/s) \u00e0 un maximum de 4\u00a0000 gpm (250 L\/s) pour les eaux en amont. niveaux d&rsquo;eau variant de 0 \u00e0 40 pieds (12 m). Le r\u00e9gulateur d&rsquo;\u00e9quilibre ACU-FLO a \u00e9t\u00e9 utilis\u00e9","og_url":"https:\/\/grandeinc.com\/fr\/produits\/regulation-de-debit\/acu-flo-regulateur-dequilibre\/","og_site_name":"Grande Gestion des Eaux","article_publisher":"https:\/\/www.facebook.com\/GrandeWaterManagement","article_modified_time":"2024-12-02T21:01:34+00:00","og_image":[{"url":"http:\/\/grandeinc.com\/wp-content\/uploads\/2024\/05\/acu-flo-01.jpg","type":"","width":"","height":""}],"twitter_card":"summary_large_image","twitter_misc":{"Estimation du temps de lecture":"4 minutes"},"schema":{"@context":"https:\/\/schema.org","@graph":[{"@type":"WebPage","@id":"https:\/\/grandeinc.com\/produits\/regulation-de-debit\/acu-flo-regulateur-dequilibre\/","url":"https:\/\/grandeinc.com\/produits\/regulation-de-debit\/acu-flo-regulateur-dequilibre\/","name":"ACU-FLO (r\u00e9gulateur d'\u00e9quilibre) - Grande Gestion des Eaux","isPartOf":{"@id":"http:\/\/grandeinc.com\/fr\/#website"},"primaryImageOfPage":{"@id":"https:\/\/grandeinc.com\/produits\/regulation-de-debit\/acu-flo-regulateur-dequilibre\/#primaryimage"},"image":{"@id":"https:\/\/grandeinc.com\/produits\/regulation-de-debit\/acu-flo-regulateur-dequilibre\/#primaryimage"},"thumbnailUrl":"http:\/\/grandeinc.com\/wp-content\/uploads\/2024\/05\/acu-flo-01.jpg","datePublished":"2024-06-02T21:11:20+00:00","dateModified":"2024-12-02T21:01:34+00:00","breadcrumb":{"@id":"https:\/\/grandeinc.com\/produits\/regulation-de-debit\/acu-flo-regulateur-dequilibre\/#breadcrumb"},"inLanguage":"fr-CA","potentialAction":[{"@type":"ReadAction","target":["https:\/\/grandeinc.com\/produits\/regulation-de-debit\/acu-flo-regulateur-dequilibre\/"]}]},{"@type":"ImageObject","inLanguage":"fr-CA","@id":"https:\/\/grandeinc.com\/produits\/regulation-de-debit\/acu-flo-regulateur-dequilibre\/#primaryimage","url":"http:\/\/grandeinc.com\/wp-content\/uploads\/2024\/05\/acu-flo-01.jpg","contentUrl":"http:\/\/grandeinc.com\/wp-content\/uploads\/2024\/05\/acu-flo-01.jpg"},{"@type":"BreadcrumbList","@id":"https:\/\/grandeinc.com\/produits\/regulation-de-debit\/acu-flo-regulateur-dequilibre\/#breadcrumb","itemListElement":[{"@type":"ListItem","position":1,"name":"Accueil","item":"https:\/\/grandeinc.com\/"},{"@type":"ListItem","position":2,"name":"Produits","item":"https:\/\/grandeinc.com\/produits\/"},{"@type":"ListItem","position":3,"name":"R\u00e9gulation du d\u00e9bit","item":"https:\/\/grandeinc.com\/produits\/regulation-de-debit\/"},{"@type":"ListItem","position":4,"name":"ACU-FLO (r\u00e9gulateur d&rsquo;\u00e9quilibre)"}]},{"@type":"WebSite","@id":"http:\/\/grandeinc.com\/fr\/#website","url":"http:\/\/grandeinc.com\/fr\/","name":"Grande Gestion des Eaux","description":"","publisher":{"@id":"http:\/\/grandeinc.com\/fr\/#organization"},"potentialAction":[{"@type":"SearchAction","target":{"@type":"EntryPoint","urlTemplate":"http:\/\/grandeinc.com\/fr\/?s={search_term_string}"},"query-input":{"@type":"PropertyValueSpecification","valueRequired":true,"valueName":"search_term_string"}}],"inLanguage":"fr-CA"},{"@type":"Organization","@id":"http:\/\/grandeinc.com\/fr\/#organization","name":"Grande Gestion des Eaux","url":"http:\/\/grandeinc.com\/fr\/","logo":{"@type":"ImageObject","inLanguage":"fr-CA","@id":"http:\/\/grandeinc.com\/fr\/#\/schema\/logo\/image\/","url":"https:\/\/grandeinc.com\/wp-content\/uploads\/2024\/11\/logo.png","contentUrl":"https:\/\/grandeinc.com\/wp-content\/uploads\/2024\/11\/logo.png","width":260,"height":84,"caption":"Grande Gestion des Eaux"},"image":{"@id":"http:\/\/grandeinc.com\/fr\/#\/schema\/logo\/image\/"},"sameAs":["https:\/\/www.facebook.com\/GrandeWaterManagement"]}]}},"_links":{"self":[{"href":"https:\/\/grandeinc.com\/fr\/wp-json\/wp\/v2\/pages\/809","targetHints":{"allow":["GET"]}}],"collection":[{"href":"https:\/\/grandeinc.com\/fr\/wp-json\/wp\/v2\/pages"}],"about":[{"href":"https:\/\/grandeinc.com\/fr\/wp-json\/wp\/v2\/types\/page"}],"author":[{"embeddable":true,"href":"https:\/\/grandeinc.com\/fr\/wp-json\/wp\/v2\/users\/4"}],"replies":[{"embeddable":true,"href":"https:\/\/grandeinc.com\/fr\/wp-json\/wp\/v2\/comments?post=809"}],"version-history":[{"count":14,"href":"https:\/\/grandeinc.com\/fr\/wp-json\/wp\/v2\/pages\/809\/revisions"}],"predecessor-version":[{"id":1334,"href":"https:\/\/grandeinc.com\/fr\/wp-json\/wp\/v2\/pages\/809\/revisions\/1334"}],"up":[{"embeddable":true,"href":"https:\/\/grandeinc.com\/fr\/wp-json\/wp\/v2\/pages\/688"}],"wp:attachment":[{"href":"https:\/\/grandeinc.com\/fr\/wp-json\/wp\/v2\/media?parent=809"}],"curies":[{"name":"wp","href":"https:\/\/api.w.org\/{rel}","templated":true}]}}