{"id":795,"date":"2024-06-02T19:00:20","date_gmt":"2024-06-02T23:00:20","guid":{"rendered":"https:\/\/grandeinc.com\/?page_id=795"},"modified":"2024-07-15T23:31:05","modified_gmt":"2024-07-16T03:31:05","slug":"acu-pro","status":"publish","type":"page","link":"https:\/\/grandeinc.com\/fr\/produits\/degrilleur-de-debordement-3\/acu-pro\/","title":{"rendered":"ACU-PRO (profil de mesure de d\u00e9bordement)"},"content":{"rendered":"<p><section class=\"kc-elm kc-css-481686 kc_row\"><div class=\"kc-row-container  kc-container\"><div class=\"kc-wrap-columns\"><div class=\"kc-elm kc-css-924136 kc_col-sm-6 kc_column kc_col-sm-6\"><div class=\"kc-col-container\"><div class=\"kc-elm kc-css-477952 kc_shortcode kc_single_image\">\n\n        <img decoding=\"async\" src=\"https:\/\/grandeinc.com\/wp-content\/uploads\/2024\/05\/acu-pro-01.jpg\" class=\"\" alt=\"\" \/>    <\/div>\n<\/div><\/div><div class=\"kc-elm kc-css-965444 kc_col-sm-6 kc_column kc_col-sm-6\"><div class=\"kc-col-container\"><div class=\"kc-elm kc-css-938650 kc_text_block\"><\/p>\n<p>Le syst\u00e8me de profil de mesure de d\u00e9bordement ACU-PRO est con\u00e7u pour am\u00e9liorer la capacit\u00e9 hydraulique d&rsquo;un d\u00e9versoir et mesurer avec pr\u00e9cision ses d\u00e9bits de trop-plein. La conception unique et largement test\u00e9e de l&rsquo;ACU-PRO utilise les niveaux d&rsquo;eau en amont et en aval en conjonction avec la courbe de d\u00e9bit pour surveiller et enregistrer avec pr\u00e9cision le trop-plein au niveau des d\u00e9versoirs.<\/p>\n<p>L&rsquo;ACU-PRO permet une installation dans de nouvelles structures de trop-plein ou peut \u00eatre install\u00e9 directement sur des d\u00e9versoirs fixes existants. Les composants suivants sont inclus dans le syst\u00e8me de profil de mesure de d\u00e9bordement ACU-PRO : le profil de d\u00e9versoir, le syst\u00e8me d&rsquo;ancrage, les capteurs de niveau d&rsquo;eau \u00e0 ultrasons et le panneau de commande.<\/p>\n<p>\n<\/div><\/div><\/div><\/div><\/div><\/section><section class=\"kc-elm kc-css-634452 kc_row\"><div class=\"kc-row-container  kc-container\"><div class=\"kc-wrap-columns\"><div class=\"kc-elm kc-css-919371 kc_col-sm-12 kc_column kc_col-sm-12\"><div class=\"kc-col-container\">\n<div class=\"kc-elm kc-css-664572\">\n\t<a class=\"kc_button\" href=\"\/contactez-nous\/\" target=\"_self\" title=\"\" onclick=\"\">\n\t\tDemander une brochure\t<\/a>\n<\/div>\n<\/div><\/div><\/div><\/div><\/section><section class=\"kc-elm kc-css-120300 kc_row\"><div class=\"kc-row-container  kc-container\"><div class=\"kc-wrap-columns\"><div class=\"kc-elm kc-css-520687 kc_col-sm-6 kc_column kc_col-sm-6\"><div class=\"kc-col-container\">\n<div class=\"kc-elm kc-css-711314 kc-title-wrap \">\n\n\t<h2 class=\"kc_title\">Caract\u00e9ristiques<\/h2>\n<\/div>\n<div class=\"kc-elm kc-css-752801 kc_text_block\"><\/p>\n<p>Le syst\u00e8me de profil de mesure de d\u00e9bordement ACU-PRO est con\u00e7u pour am\u00e9liorer la capacit\u00e9 hydraulique d&rsquo;un d\u00e9versoir et mesurer avec pr\u00e9cision ses d\u00e9bits de trop-plein. La conception unique et largement test\u00e9e de l&rsquo;ACU-PRO utilise les niveaux d&rsquo;eau en amont et en aval en conjonction avec la courbe de d\u00e9bit pour surveiller et enregistrer avec pr\u00e9cision le trop-plein au niveau des d\u00e9versoirs.<\/p>\n<p>L&rsquo;ACU-PRO permet une installation dans de nouvelles structures de trop-plein ou peut \u00eatre install\u00e9 directement sur des d\u00e9versoirs fixes existants. Les composants suivants sont inclus dans le syst\u00e8me de profil de mesure de d\u00e9bordement ACU-PRO : le profil de d\u00e9versoir, le syst\u00e8me d&rsquo;ancrage, les capteurs de niveau d&rsquo;eau \u00e0 ultrasons et le panneau de commande.<\/p>\n<p>\n<\/div><\/div><\/div><div class=\"kc-elm kc-css-567775 kc_col-sm-6 kc_column kc_col-sm-6\"><div class=\"kc-col-container\"><div class=\"kc-elm kc-css-306332 kc_shortcode kc_single_image\">\n\n        <img decoding=\"async\" src=\"https:\/\/grandeinc.com\/wp-content\/uploads\/2024\/05\/acu-pro-02.jpg\" class=\"\" alt=\"\" \/>    <\/div>\n<\/div><\/div><\/div><\/div><\/section><section class=\"kc-elm kc-css-298401 kc_row\"><div class=\"kc-row-container  kc-container\"><div class=\"kc-wrap-columns\"><div class=\"kc-elm kc-css-16250 kc_col-sm-6 kc_column kc_col-sm-6\"><div class=\"kc-col-container\"><div class=\"kc-elm kc-css-490808 kc_shortcode kc_single_image\">\n\n        <img decoding=\"async\" src=\"https:\/\/grandeinc.com\/wp-content\/uploads\/2024\/05\/acu-pro-03.jpg\" class=\"\" alt=\"\" \/>    <\/div>\n<\/div><\/div><div class=\"kc-elm kc-css-278451 kc_col-sm-6 kc_column kc_col-sm-6\"><div class=\"kc-col-container\">\n<div class=\"kc-elm kc-css-579907 kc-title-wrap \">\n\n\t<h2 class=\"kc_title\">Domaine d'application\r\n<\/h2>\n<\/div>\n<div class=\"kc-elm kc-css-117968 kc_text_block\"><\/p>\n<p>Le syst\u00e8me de profil de mesure de d\u00e9bordement ACU-PRO (mod\u00e8le GAP) peut \u00eatre install\u00e9 sur n&rsquo;importe quel d\u00e9versoir et varie du mod\u00e8le GAP-1 au GAP-20. Le GAP-1 mesure 1 pied (30 cm) de long et le GAP-20 mesure 20 pieds (6 m) de long. La s\u00e9lection du mod\u00e8le de l&rsquo;ACU-PRO est enti\u00e8rement bas\u00e9e sur la longueur du d\u00e9versoir. Les unit\u00e9s sont de conception modulaire, une seule unit\u00e9 mesurant jusqu&rsquo;\u00e0 20 pieds (6 m) de long. La capacit\u00e9 hydraulique de l\u2019ACU-PRO est au moins \u00e9gale \u00e0 celle d\u2019un d\u00e9versoir standar<\/p>\n<p>\n<\/div><\/div><\/div><\/div><\/div><\/section><section class=\"kc-elm kc-css-524356 kc_row\"><div class=\"kc-row-container  kc-container\"><div class=\"kc-wrap-columns\"><div class=\"kc-elm kc-css-415319 kc_col-sm-6 kc_column kc_col-sm-6\"><div class=\"kc-col-container\">\n<div class=\"kc-elm kc-css-342374 kc-title-wrap \">\n\n\t<h2 class=\"kc_title\">Fonctionnement<\/h2>\n<\/div>\n<div class=\"kc-elm kc-css-870298 kc_text_block\"><\/p>\n<p>Le syst\u00e8me de profil de mesure de d\u00e9bordement ACU-PRO est un dispositif passif qui ne n\u00e9cessite aucune \u00e9nergie externe pour fonctionner lorsqu&rsquo;il est utilis\u00e9 pour augmenter la capacit\u00e9 hydraulique d&rsquo;un d\u00e9versoir.<\/p>\n<p>Lorsqu&rsquo;il est utilis\u00e9 comme appareil de mesure, il doit \u00eatre utilis\u00e9 conjointement avec des capteurs de surveillance de niveau en amont et en aval et un panneau de commande. En cas de panne de courant, le syst\u00e8me de profil de mesure de d\u00e9bordement ACU-PRO peut \u00eatre \u00e9quip\u00e9 d&rsquo;une alimentation \u00e9lectrique ininterrompue (UPS) pour un fonctionnement continu.<\/p>\n<p>\n<\/div><\/div><\/div><div class=\"kc-elm kc-css-425830 kc_col-sm-6 kc_column kc_col-sm-6\"><div class=\"kc-col-container\"><div class=\"kc-elm kc-css-328560 kc_shortcode kc_single_image\">\n\n        <img decoding=\"async\" src=\"https:\/\/grandeinc.com\/wp-content\/uploads\/2024\/05\/acu-pro-04.jpg\" class=\"\" alt=\"\" \/>    <\/div>\n<\/div><\/div><\/div><\/div><\/section><\/p>\n","protected":false},"excerpt":{"rendered":"","protected":false},"author":4,"featured_media":0,"parent":590,"menu_order":0,"comment_status":"closed","ping_status":"closed","template":"","meta":{"footnotes":""},"class_list":["post-795","page","type-page","status-publish","hentry"],"yoast_head":"<!-- This site is optimized with the Yoast SEO plugin v24.0 - https:\/\/yoast.com\/wordpress\/plugins\/seo\/ -->\n<title>ACU-PRO (profil de mesure de d\u00e9bordement) - Grande Gestion des Eaux<\/title>\n<meta name=\"robots\" content=\"index, follow, max-snippet:-1, max-image-preview:large, max-video-preview:-1\" \/>\n<link rel=\"canonical\" href=\"https:\/\/grandeinc.com\/fr\/produits\/degrilleur-de-debordement-3\/acu-pro\/\" \/>\n<meta property=\"og:locale\" content=\"fr_CA\" \/>\n<meta property=\"og:type\" content=\"article\" \/>\n<meta property=\"og:title\" content=\"ACU-PRO (profil de mesure de d\u00e9bordement) - Grande Gestion des Eaux\" \/>\n<meta property=\"og:description\" content=\"Le syst\u00e8me de profil de mesure de d\u00e9bordement ACU-PRO est con\u00e7u pour am\u00e9liorer la capacit\u00e9 hydraulique d&rsquo;un d\u00e9versoir et mesurer avec pr\u00e9cision ses d\u00e9bits de trop-plein. La conception unique et largement test\u00e9e de l&rsquo;ACU-PRO utilise les niveaux d&rsquo;eau en amont et en aval en conjonction avec la courbe de d\u00e9bit pour surveiller et enregistrer avec\" \/>\n<meta property=\"og:url\" content=\"https:\/\/grandeinc.com\/fr\/produits\/degrilleur-de-debordement-3\/acu-pro\/\" \/>\n<meta property=\"og:site_name\" content=\"Grande Gestion des Eaux\" \/>\n<meta property=\"article:publisher\" content=\"https:\/\/www.facebook.com\/GrandeWaterManagement\" \/>\n<meta property=\"article:modified_time\" content=\"2024-07-16T03:31:05+00:00\" \/>\n<meta property=\"og:image\" content=\"http:\/\/grandeinc.com\/wp-content\/uploads\/2024\/05\/acu-pro-01.jpg\" \/>\n<meta name=\"twitter:card\" content=\"summary_large_image\" \/>\n<meta name=\"twitter:label1\" content=\"Estimation du temps de lecture\" \/>\n\t<meta name=\"twitter:data1\" content=\"2 minutes\" \/>\n<script type=\"application\/ld+json\" class=\"yoast-schema-graph\">{\"@context\":\"https:\/\/schema.org\",\"@graph\":[{\"@type\":\"WebPage\",\"@id\":\"https:\/\/grandeinc.com\/produits\/degrilleur-de-debordement-3\/acu-pro\/\",\"url\":\"https:\/\/grandeinc.com\/produits\/degrilleur-de-debordement-3\/acu-pro\/\",\"name\":\"ACU-PRO (profil de mesure de d\u00e9bordement) - Grande Gestion des Eaux\",\"isPartOf\":{\"@id\":\"http:\/\/grandeinc.com\/fr\/#website\"},\"primaryImageOfPage\":{\"@id\":\"https:\/\/grandeinc.com\/produits\/degrilleur-de-debordement-3\/acu-pro\/#primaryimage\"},\"image\":{\"@id\":\"https:\/\/grandeinc.com\/produits\/degrilleur-de-debordement-3\/acu-pro\/#primaryimage\"},\"thumbnailUrl\":\"http:\/\/grandeinc.com\/wp-content\/uploads\/2024\/05\/acu-pro-01.jpg\",\"datePublished\":\"2024-06-02T23:00:20+00:00\",\"dateModified\":\"2024-07-16T03:31:05+00:00\",\"breadcrumb\":{\"@id\":\"https:\/\/grandeinc.com\/produits\/degrilleur-de-debordement-3\/acu-pro\/#breadcrumb\"},\"inLanguage\":\"fr-CA\",\"potentialAction\":[{\"@type\":\"ReadAction\",\"target\":[\"https:\/\/grandeinc.com\/produits\/degrilleur-de-debordement-3\/acu-pro\/\"]}]},{\"@type\":\"ImageObject\",\"inLanguage\":\"fr-CA\",\"@id\":\"https:\/\/grandeinc.com\/produits\/degrilleur-de-debordement-3\/acu-pro\/#primaryimage\",\"url\":\"http:\/\/grandeinc.com\/wp-content\/uploads\/2024\/05\/acu-pro-01.jpg\",\"contentUrl\":\"http:\/\/grandeinc.com\/wp-content\/uploads\/2024\/05\/acu-pro-01.jpg\"},{\"@type\":\"BreadcrumbList\",\"@id\":\"https:\/\/grandeinc.com\/produits\/degrilleur-de-debordement-3\/acu-pro\/#breadcrumb\",\"itemListElement\":[{\"@type\":\"ListItem\",\"position\":1,\"name\":\"Accueil\",\"item\":\"https:\/\/grandeinc.com\/\"},{\"@type\":\"ListItem\",\"position\":2,\"name\":\"Produits\",\"item\":\"https:\/\/grandeinc.com\/produits\/\"},{\"@type\":\"ListItem\",\"position\":3,\"name\":\"D\u00e9grilleur de d\u00e9bordement\",\"item\":\"https:\/\/grandeinc.com\/produits\/degrilleur-de-debordement-3\/\"},{\"@type\":\"ListItem\",\"position\":4,\"name\":\"ACU-PRO (profil de mesure de d\u00e9bordement)\"}]},{\"@type\":\"WebSite\",\"@id\":\"http:\/\/grandeinc.com\/fr\/#website\",\"url\":\"http:\/\/grandeinc.com\/fr\/\",\"name\":\"Grande Gestion des Eaux\",\"description\":\"\",\"publisher\":{\"@id\":\"http:\/\/grandeinc.com\/fr\/#organization\"},\"potentialAction\":[{\"@type\":\"SearchAction\",\"target\":{\"@type\":\"EntryPoint\",\"urlTemplate\":\"http:\/\/grandeinc.com\/fr\/?s={search_term_string}\"},\"query-input\":{\"@type\":\"PropertyValueSpecification\",\"valueRequired\":true,\"valueName\":\"search_term_string\"}}],\"inLanguage\":\"fr-CA\"},{\"@type\":\"Organization\",\"@id\":\"http:\/\/grandeinc.com\/fr\/#organization\",\"name\":\"Grande Gestion des Eaux\",\"url\":\"http:\/\/grandeinc.com\/fr\/\",\"logo\":{\"@type\":\"ImageObject\",\"inLanguage\":\"fr-CA\",\"@id\":\"http:\/\/grandeinc.com\/fr\/#\/schema\/logo\/image\/\",\"url\":\"https:\/\/grandeinc.com\/wp-content\/uploads\/2024\/11\/logo.png\",\"contentUrl\":\"https:\/\/grandeinc.com\/wp-content\/uploads\/2024\/11\/logo.png\",\"width\":260,\"height\":84,\"caption\":\"Grande Gestion des Eaux\"},\"image\":{\"@id\":\"http:\/\/grandeinc.com\/fr\/#\/schema\/logo\/image\/\"},\"sameAs\":[\"https:\/\/www.facebook.com\/GrandeWaterManagement\"]}]}<\/script>\n<!-- \/ Yoast SEO plugin. -->","yoast_head_json":{"title":"ACU-PRO (profil de mesure de d\u00e9bordement) - Grande Gestion des Eaux","robots":{"index":"index","follow":"follow","max-snippet":"max-snippet:-1","max-image-preview":"max-image-preview:large","max-video-preview":"max-video-preview:-1"},"canonical":"https:\/\/grandeinc.com\/fr\/produits\/degrilleur-de-debordement-3\/acu-pro\/","og_locale":"fr_CA","og_type":"article","og_title":"ACU-PRO (profil de mesure de d\u00e9bordement) - Grande Gestion des Eaux","og_description":"Le syst\u00e8me de profil de mesure de d\u00e9bordement ACU-PRO est con\u00e7u pour am\u00e9liorer la capacit\u00e9 hydraulique d&rsquo;un d\u00e9versoir et mesurer avec pr\u00e9cision ses d\u00e9bits de trop-plein. La conception unique et largement test\u00e9e de l&rsquo;ACU-PRO utilise les niveaux d&rsquo;eau en amont et en aval en conjonction avec la courbe de d\u00e9bit pour surveiller et enregistrer avec","og_url":"https:\/\/grandeinc.com\/fr\/produits\/degrilleur-de-debordement-3\/acu-pro\/","og_site_name":"Grande Gestion des Eaux","article_publisher":"https:\/\/www.facebook.com\/GrandeWaterManagement","article_modified_time":"2024-07-16T03:31:05+00:00","og_image":[{"url":"http:\/\/grandeinc.com\/wp-content\/uploads\/2024\/05\/acu-pro-01.jpg","type":"","width":"","height":""}],"twitter_card":"summary_large_image","twitter_misc":{"Estimation du temps de lecture":"2 minutes"},"schema":{"@context":"https:\/\/schema.org","@graph":[{"@type":"WebPage","@id":"https:\/\/grandeinc.com\/produits\/degrilleur-de-debordement-3\/acu-pro\/","url":"https:\/\/grandeinc.com\/produits\/degrilleur-de-debordement-3\/acu-pro\/","name":"ACU-PRO (profil de mesure de d\u00e9bordement) - Grande Gestion des Eaux","isPartOf":{"@id":"http:\/\/grandeinc.com\/fr\/#website"},"primaryImageOfPage":{"@id":"https:\/\/grandeinc.com\/produits\/degrilleur-de-debordement-3\/acu-pro\/#primaryimage"},"image":{"@id":"https:\/\/grandeinc.com\/produits\/degrilleur-de-debordement-3\/acu-pro\/#primaryimage"},"thumbnailUrl":"http:\/\/grandeinc.com\/wp-content\/uploads\/2024\/05\/acu-pro-01.jpg","datePublished":"2024-06-02T23:00:20+00:00","dateModified":"2024-07-16T03:31:05+00:00","breadcrumb":{"@id":"https:\/\/grandeinc.com\/produits\/degrilleur-de-debordement-3\/acu-pro\/#breadcrumb"},"inLanguage":"fr-CA","potentialAction":[{"@type":"ReadAction","target":["https:\/\/grandeinc.com\/produits\/degrilleur-de-debordement-3\/acu-pro\/"]}]},{"@type":"ImageObject","inLanguage":"fr-CA","@id":"https:\/\/grandeinc.com\/produits\/degrilleur-de-debordement-3\/acu-pro\/#primaryimage","url":"http:\/\/grandeinc.com\/wp-content\/uploads\/2024\/05\/acu-pro-01.jpg","contentUrl":"http:\/\/grandeinc.com\/wp-content\/uploads\/2024\/05\/acu-pro-01.jpg"},{"@type":"BreadcrumbList","@id":"https:\/\/grandeinc.com\/produits\/degrilleur-de-debordement-3\/acu-pro\/#breadcrumb","itemListElement":[{"@type":"ListItem","position":1,"name":"Accueil","item":"https:\/\/grandeinc.com\/"},{"@type":"ListItem","position":2,"name":"Produits","item":"https:\/\/grandeinc.com\/produits\/"},{"@type":"ListItem","position":3,"name":"D\u00e9grilleur de d\u00e9bordement","item":"https:\/\/grandeinc.com\/produits\/degrilleur-de-debordement-3\/"},{"@type":"ListItem","position":4,"name":"ACU-PRO (profil de mesure de d\u00e9bordement)"}]},{"@type":"WebSite","@id":"http:\/\/grandeinc.com\/fr\/#website","url":"http:\/\/grandeinc.com\/fr\/","name":"Grande Gestion des Eaux","description":"","publisher":{"@id":"http:\/\/grandeinc.com\/fr\/#organization"},"potentialAction":[{"@type":"SearchAction","target":{"@type":"EntryPoint","urlTemplate":"http:\/\/grandeinc.com\/fr\/?s={search_term_string}"},"query-input":{"@type":"PropertyValueSpecification","valueRequired":true,"valueName":"search_term_string"}}],"inLanguage":"fr-CA"},{"@type":"Organization","@id":"http:\/\/grandeinc.com\/fr\/#organization","name":"Grande Gestion des Eaux","url":"http:\/\/grandeinc.com\/fr\/","logo":{"@type":"ImageObject","inLanguage":"fr-CA","@id":"http:\/\/grandeinc.com\/fr\/#\/schema\/logo\/image\/","url":"https:\/\/grandeinc.com\/wp-content\/uploads\/2024\/11\/logo.png","contentUrl":"https:\/\/grandeinc.com\/wp-content\/uploads\/2024\/11\/logo.png","width":260,"height":84,"caption":"Grande Gestion des Eaux"},"image":{"@id":"http:\/\/grandeinc.com\/fr\/#\/schema\/logo\/image\/"},"sameAs":["https:\/\/www.facebook.com\/GrandeWaterManagement"]}]}},"_links":{"self":[{"href":"https:\/\/grandeinc.com\/fr\/wp-json\/wp\/v2\/pages\/795","targetHints":{"allow":["GET"]}}],"collection":[{"href":"https:\/\/grandeinc.com\/fr\/wp-json\/wp\/v2\/pages"}],"about":[{"href":"https:\/\/grandeinc.com\/fr\/wp-json\/wp\/v2\/types\/page"}],"author":[{"embeddable":true,"href":"https:\/\/grandeinc.com\/fr\/wp-json\/wp\/v2\/users\/4"}],"replies":[{"embeddable":true,"href":"https:\/\/grandeinc.com\/fr\/wp-json\/wp\/v2\/comments?post=795"}],"version-history":[{"count":11,"href":"https:\/\/grandeinc.com\/fr\/wp-json\/wp\/v2\/pages\/795\/revisions"}],"predecessor-version":[{"id":1185,"href":"https:\/\/grandeinc.com\/fr\/wp-json\/wp\/v2\/pages\/795\/revisions\/1185"}],"up":[{"embeddable":true,"href":"https:\/\/grandeinc.com\/fr\/wp-json\/wp\/v2\/pages\/590"}],"wp:attachment":[{"href":"https:\/\/grandeinc.com\/fr\/wp-json\/wp\/v2\/media?parent=795"}],"curies":[{"name":"wp","href":"https:\/\/api.w.org\/{rel}","templated":true}]}}