{"id":774,"date":"2024-06-02T18:28:10","date_gmt":"2024-06-02T22:28:10","guid":{"rendered":"https:\/\/grandeinc.com\/?page_id=774"},"modified":"2024-07-15T23:31:47","modified_gmt":"2024-07-16T03:31:47","slug":"tru-bend-deversoir-de-cintrage-de-trop-plein","status":"publish","type":"page","link":"https:\/\/grandeinc.com\/fr\/produits\/degrilleur-de-debordement-3\/tru-bend-deversoir-de-cintrage-de-trop-plein\/","title":{"rendered":"TRU-BEND (D\u00e9versoir de cintrage de trop-plein)"},"content":{"rendered":"<p><section class=\"kc-elm kc-css-341627 kc_row\"><div class=\"kc-row-container  kc-container\"><div class=\"kc-wrap-columns\"><div class=\"kc-elm kc-css-464813 kc_col-sm-6 kc_column kc_col-sm-6\"><div class=\"kc-col-container\"><div class=\"kc-elm kc-css-561448 kc_shortcode kc_single_image\">\n\n        <img decoding=\"async\" src=\"https:\/\/grandeinc.com\/wp-content\/uploads\/2024\/05\/tru-bend-01.jpg\" class=\"\" alt=\"\" \/>    <\/div>\n\n<div class=\"kc-elm kc-css-72232\">\n\t<a class=\"kc_button\" href=\"\/contactez-nous\/\" target=\"_self\" title=\"\" onclick=\"\">\n\t\tDemander une brochure\t<\/a>\n<\/div>\n<\/div><\/div><div class=\"kc-elm kc-css-610977 kc_col-sm-6 kc_column kc_col-sm-6\"><div class=\"kc-col-container\"><div class=\"kc-elm kc-css-135630 kc_text_block\"><\/p>\n<p>Le syst\u00e8me de d\u00e9versoir de d\u00e9bordement TRU-BEND est con\u00e7u pour maintenir des niveaux d&rsquo;eau maximaux en amont du d\u00e9versoir, permettant ainsi la pleine utilisation de tout le volume de stockage en amont disponible sans affecter n\u00e9gativement la capacit\u00e9 du d\u00e9versoir de trop-plein dans les applications de trop-plein d&rsquo;\u00e9gouts unitaires (CSO). La conception unique et largement test\u00e9e du TRU-BEND fonctionne en permettant uniquement \u00e0 tout exc\u00e8s d&rsquo;eau dans le syst\u00e8me d&rsquo;atteindre le cours d&rsquo;eau r\u00e9cepteur, mais seulement apr\u00e8s que le niveau d&rsquo;eau en amont de conception soit atteint. Cela augmente le volume de stockage des r\u00e9servoirs et des \u00e9gouts et r\u00e9duit la fr\u00e9quence et le volume des d\u00e9bordements, ce qui entra\u00eene une diminution de la pollution de l&rsquo;eau. Cela permet au TRU-BEND de surmonter les inconv\u00e9nients inh\u00e9rents au d\u00e9versoir fixe. Le TRU-BEND prot\u00e8ge contre le reflux car il est normalement en position ferm\u00e9e.<\/p>\n<p>Le TRU-BEND permet une installation dans de nouvelles structures de trop-plein ou peut \u00eatre install\u00e9 directement sur des d\u00e9versoirs fixes existants. Les composants suivants sont inclus dans le syst\u00e8me de d\u00e9versoir de flexion \u00e0 d\u00e9bordement TRU-BEND : le volet de d\u00e9versoir de flexion, les paliers lisses, les supports, les parois de guidage, le syst\u00e8me d&rsquo;ancrage, le syst\u00e8me de contrepoids et l&rsquo;inclinom\u00e8tre.<\/p>\n<p>\n<\/div><\/div><\/div><\/div><\/div><\/section><section class=\"kc-elm kc-css-89237 kc_row\"><div class=\"kc-row-container  kc-container\"><div class=\"kc-wrap-columns\"><div class=\"kc-elm kc-css-399332 kc_col-sm-6 kc_column kc_col-sm-6\"><div class=\"kc-col-container\">\n<div class=\"kc-elm kc-css-57416 kc-title-wrap \">\n\n\t<h1 class=\"kc_title\">Caract\u00e9ristiques<\/h1>\n<\/div>\n<div class=\"kc-elm kc-css-526087 kc_text_block\"><\/p>\n<p>-Les contrepoids entrent rarement en contact avec des d\u00e9bris<\/p>\n<p>-Pas besoin de d\u00e9gagement inf\u00e9rieur<\/p>\n<p>-Maximiser le stockage sur place<\/p>\n<p>-Niveau de fonctionnement constant et facilement r\u00e9glable<\/p>\n<p>-R\u00e9duire la fr\u00e9quence de d\u00e9bordement<\/p>\n<p>-Pr\u00e9vention du reflux<\/p>\n<p>-Ligne de qualit\u00e9 hydraulique am\u00e9lior\u00e9e<\/p>\n<p>-Co\u00fbts de construction de r\u00e9servoirs de stockage r\u00e9duits gr\u00e2ce \u00e0 des volumes de r\u00e9servoir plus petits<\/p>\n<p>-Facile \u00e0 adapter aux installations existantes<\/p>\n<p>-Construction en acier inoxydable<\/p>\n<p>\n<\/div><\/div><\/div><div class=\"kc-elm kc-css-502442 kc_col-sm-6 kc_column kc_col-sm-6\"><div class=\"kc-col-container\"><div class=\"kc-elm kc-css-545138 kc_shortcode kc_single_image\">\n\n        <img decoding=\"async\" src=\"https:\/\/grandeinc.com\/wp-content\/uploads\/2024\/05\/tru-bend-02.jpg\" class=\"\" alt=\"\" \/>    <\/div>\n<\/div><\/div><\/div><\/div><\/section><section class=\"kc-elm kc-css-386905 kc_row\"><div class=\"kc-row-container  kc-container\"><div class=\"kc-wrap-columns\"><div class=\"kc-elm kc-css-149566 kc_col-sm-6 kc_column kc_col-sm-6\"><div class=\"kc-col-container\"><div class=\"kc-elm kc-css-20600 kc_shortcode kc_single_image\">\n\n        <img decoding=\"async\" src=\"https:\/\/grandeinc.com\/wp-content\/uploads\/2024\/05\/tru-bend-03.jpg\" class=\"\" alt=\"\" \/>    <\/div>\n<\/div><\/div><div class=\"kc-elm kc-css-97486 kc_col-sm-6 kc_column kc_col-sm-6\"><div class=\"kc-col-container\">\n<div class=\"kc-elm kc-css-81591 kc-title-wrap \">\n\n\t<h1 class=\"kc_title\">Champ d'application<\/h1>\n<\/div>\n<div class=\"kc-elm kc-css-795664 kc_text_block\"><\/p>\n<p><span style=\"color: #646464;\">Le syst\u00e8me de d\u00e9versoir de d\u00e9bordement TRU-BEND peut varier du mod\u00e8le GTB-30 au GTB-150. Le GTB-30 est con\u00e7u pour retenir 12 pouces (30 cm) d&rsquo;eau au-dessus de la cr\u00eate du d\u00e9versoir et le GTB-150 retient 60 pouces (150 cm) d&rsquo;eau au-dessus de la cr\u00eate du d\u00e9versoir. La s\u00e9lection du mod\u00e8le TRU-BEND est enti\u00e8rement bas\u00e9e sur la hauteur de l&rsquo;eau de stockage requise. Les unit\u00e9s sont de conception modulaire, une seule unit\u00e9 mesurant jusqu&rsquo;\u00e0 30 pieds (9 m) de long. La capacit\u00e9 hydraulique du TRU-BEND est au moins \u00e9gale \u00e0 celle d&rsquo;un d\u00e9versoir standard.<\/span><\/p>\n<p>\n<\/div><\/div><\/div><\/div><\/div><\/section><section class=\"kc-elm kc-css-475646 kc_row\"><div class=\"kc-row-container  kc-container\"><div class=\"kc-wrap-columns\"><div class=\"kc-elm kc-css-7022 kc_col-sm-6 kc_column kc_col-sm-6\"><div class=\"kc-col-container\">\n<div class=\"kc-elm kc-css-302770 kc-title-wrap \">\n\n\t<h1 class=\"kc_title\">Fonctionnement<\/h1>\n<\/div>\n<div class=\"kc-elm kc-css-296577 kc_text_block\"><\/p>\n<p>Le d\u00e9versoir de trop-plein TRU-BEND est install\u00e9 du c\u00f4t\u00e9 aval et directement sur toute la longueur de l&rsquo;ouverture du d\u00e9versoir. Le TRU-BEND s&rsquo;adapte au trop-plein en pivotant par le bas et en s&rsquo;ouvrant par le haut.<\/p>\n<p>Le m\u00e9canisme du d\u00e9versoir flexible est enti\u00e8rement passif et ne n\u00e9cessite aucune \u00e9nergie externe pour fonctionner. Les contrepoids fixes agissent contre le clapet du d\u00e9versoir pour maintenir un niveau d&rsquo;eau constant en amont pour tous les trop-pleins variant de 0 au d\u00e9bit de conception. Le d\u00e9versoir de trop-plein TRU-BEND restera compl\u00e8tement ouvert et agira comme un trop-plein d\u2019urgence pour accueillir des d\u00e9bits sup\u00e9rieurs au d\u00e9bit de conception, entra\u00eenant une augmentation du niveau d\u2019eau. Le niveau de fonctionnement peut facilement \u00eatre ajust\u00e9 sur site en ajoutant ou en supprimant des contrepoids.<\/p>\n<p>Le d\u00e9versoir de d\u00e9bordement TRU-BEND ne n\u00e9cessite aucun contr\u00f4le, cependant son fonctionnement peut \u00eatre surveill\u00e9 par un inclinom\u00e8tre. Les niveaux d&rsquo;eau en amont et en aval peuvent \u00e9galement \u00eatre surveill\u00e9s.<\/p>\n<p>\n<\/div><\/div><\/div><div class=\"kc-elm kc-css-192415 kc_col-sm-6 kc_column kc_col-sm-6\"><div class=\"kc-col-container\"><div class=\"kc-elm kc-css-164296 kc_shortcode kc_single_image\">\n\n        <img decoding=\"async\" src=\"https:\/\/grandeinc.com\/wp-content\/uploads\/2024\/05\/tru-bend-04.jpg\" class=\"\" alt=\"\" \/>    <\/div>\n<\/div><\/div><\/div><\/div><\/section><section class=\"kc-elm kc-css-758725 kc_row\"><div class=\"kc-row-container  kc-container\"><div class=\"kc-wrap-columns\"><div class=\"kc-elm kc-css-271473 kc_col-sm-12 kc_column kc_col-sm-12\"><div class=\"kc-col-container\"><div class=\"kc-image-gallery kc-elm kc-css-578744\">\n<div class=\"kc_image_gallery kc-carousel-image kc-grid \">\n<div class=\"item-grid grid-4\"><img decoding=\"async\" src=\"https:\/\/grandeinc.com\/wp-content\/uploads\/2024\/05\/tru-bend-07.jpg\" alt=\"\"\/><\/div><div class=\"item-grid grid-4\"><img decoding=\"async\" src=\"https:\/\/grandeinc.com\/wp-content\/uploads\/2024\/05\/tru-bend-06.jpg\" alt=\"\"\/><\/div><div class=\"item-grid grid-4\"><img decoding=\"async\" src=\"https:\/\/grandeinc.com\/wp-content\/uploads\/2024\/05\/tru-bend-05.jpg\" alt=\"\"\/><\/div><\/div>\n<\/div><\/div><\/div><\/div><\/div><\/section><\/p>\n","protected":false},"excerpt":{"rendered":"","protected":false},"author":4,"featured_media":0,"parent":590,"menu_order":0,"comment_status":"closed","ping_status":"closed","template":"","meta":{"footnotes":""},"class_list":["post-774","page","type-page","status-publish","hentry"],"yoast_head":"<!-- This site is optimized with the Yoast SEO plugin v24.0 - https:\/\/yoast.com\/wordpress\/plugins\/seo\/ -->\n<title>TRU-BEND (D\u00e9versoir de cintrage de trop-plein) - Grande Gestion des Eaux<\/title>\n<meta name=\"robots\" content=\"index, follow, max-snippet:-1, max-image-preview:large, max-video-preview:-1\" \/>\n<link rel=\"canonical\" href=\"https:\/\/grandeinc.com\/fr\/produits\/degrilleur-de-debordement-3\/tru-bend-deversoir-de-cintrage-de-trop-plein\/\" \/>\n<meta property=\"og:locale\" content=\"fr_CA\" \/>\n<meta property=\"og:type\" content=\"article\" \/>\n<meta property=\"og:title\" content=\"TRU-BEND (D\u00e9versoir de cintrage de trop-plein) - Grande Gestion des Eaux\" \/>\n<meta property=\"og:description\" content=\"Demander une brochure Le syst\u00e8me de d\u00e9versoir de d\u00e9bordement TRU-BEND est con\u00e7u pour maintenir des niveaux d&rsquo;eau maximaux en amont du d\u00e9versoir, permettant ainsi la pleine utilisation de tout le volume de stockage en amont disponible sans affecter n\u00e9gativement la capacit\u00e9 du d\u00e9versoir de trop-plein dans les applications de trop-plein d&rsquo;\u00e9gouts unitaires (CSO). La conception\" \/>\n<meta property=\"og:url\" content=\"https:\/\/grandeinc.com\/fr\/produits\/degrilleur-de-debordement-3\/tru-bend-deversoir-de-cintrage-de-trop-plein\/\" \/>\n<meta property=\"og:site_name\" content=\"Grande Gestion des Eaux\" \/>\n<meta property=\"article:publisher\" content=\"https:\/\/www.facebook.com\/GrandeWaterManagement\" \/>\n<meta property=\"article:modified_time\" content=\"2024-07-16T03:31:47+00:00\" \/>\n<meta property=\"og:image\" content=\"http:\/\/grandeinc.com\/wp-content\/uploads\/2024\/05\/tru-bend-01.jpg\" \/>\n<meta name=\"twitter:card\" content=\"summary_large_image\" \/>\n<meta name=\"twitter:label1\" content=\"Estimation du temps de lecture\" \/>\n\t<meta name=\"twitter:data1\" content=\"3 minutes\" \/>\n<script type=\"application\/ld+json\" class=\"yoast-schema-graph\">{\"@context\":\"https:\/\/schema.org\",\"@graph\":[{\"@type\":\"WebPage\",\"@id\":\"https:\/\/grandeinc.com\/produits\/degrilleur-de-debordement-3\/tru-bend-deversoir-de-cintrage-de-trop-plein\/\",\"url\":\"https:\/\/grandeinc.com\/produits\/degrilleur-de-debordement-3\/tru-bend-deversoir-de-cintrage-de-trop-plein\/\",\"name\":\"TRU-BEND (D\u00e9versoir de cintrage de trop-plein) - Grande Gestion des Eaux\",\"isPartOf\":{\"@id\":\"http:\/\/grandeinc.com\/fr\/#website\"},\"primaryImageOfPage\":{\"@id\":\"https:\/\/grandeinc.com\/produits\/degrilleur-de-debordement-3\/tru-bend-deversoir-de-cintrage-de-trop-plein\/#primaryimage\"},\"image\":{\"@id\":\"https:\/\/grandeinc.com\/produits\/degrilleur-de-debordement-3\/tru-bend-deversoir-de-cintrage-de-trop-plein\/#primaryimage\"},\"thumbnailUrl\":\"http:\/\/grandeinc.com\/wp-content\/uploads\/2024\/05\/tru-bend-01.jpg\",\"datePublished\":\"2024-06-02T22:28:10+00:00\",\"dateModified\":\"2024-07-16T03:31:47+00:00\",\"breadcrumb\":{\"@id\":\"https:\/\/grandeinc.com\/produits\/degrilleur-de-debordement-3\/tru-bend-deversoir-de-cintrage-de-trop-plein\/#breadcrumb\"},\"inLanguage\":\"fr-CA\",\"potentialAction\":[{\"@type\":\"ReadAction\",\"target\":[\"https:\/\/grandeinc.com\/produits\/degrilleur-de-debordement-3\/tru-bend-deversoir-de-cintrage-de-trop-plein\/\"]}]},{\"@type\":\"ImageObject\",\"inLanguage\":\"fr-CA\",\"@id\":\"https:\/\/grandeinc.com\/produits\/degrilleur-de-debordement-3\/tru-bend-deversoir-de-cintrage-de-trop-plein\/#primaryimage\",\"url\":\"http:\/\/grandeinc.com\/wp-content\/uploads\/2024\/05\/tru-bend-01.jpg\",\"contentUrl\":\"http:\/\/grandeinc.com\/wp-content\/uploads\/2024\/05\/tru-bend-01.jpg\"},{\"@type\":\"BreadcrumbList\",\"@id\":\"https:\/\/grandeinc.com\/produits\/degrilleur-de-debordement-3\/tru-bend-deversoir-de-cintrage-de-trop-plein\/#breadcrumb\",\"itemListElement\":[{\"@type\":\"ListItem\",\"position\":1,\"name\":\"Accueil\",\"item\":\"https:\/\/grandeinc.com\/\"},{\"@type\":\"ListItem\",\"position\":2,\"name\":\"Produits\",\"item\":\"https:\/\/grandeinc.com\/produits\/\"},{\"@type\":\"ListItem\",\"position\":3,\"name\":\"D\u00e9grilleur de d\u00e9bordement\",\"item\":\"https:\/\/grandeinc.com\/produits\/degrilleur-de-debordement-3\/\"},{\"@type\":\"ListItem\",\"position\":4,\"name\":\"TRU-BEND (D\u00e9versoir de cintrage de trop-plein)\"}]},{\"@type\":\"WebSite\",\"@id\":\"http:\/\/grandeinc.com\/fr\/#website\",\"url\":\"http:\/\/grandeinc.com\/fr\/\",\"name\":\"Grande Gestion des Eaux\",\"description\":\"\",\"publisher\":{\"@id\":\"http:\/\/grandeinc.com\/fr\/#organization\"},\"potentialAction\":[{\"@type\":\"SearchAction\",\"target\":{\"@type\":\"EntryPoint\",\"urlTemplate\":\"http:\/\/grandeinc.com\/fr\/?s={search_term_string}\"},\"query-input\":{\"@type\":\"PropertyValueSpecification\",\"valueRequired\":true,\"valueName\":\"search_term_string\"}}],\"inLanguage\":\"fr-CA\"},{\"@type\":\"Organization\",\"@id\":\"http:\/\/grandeinc.com\/fr\/#organization\",\"name\":\"Grande Gestion des Eaux\",\"url\":\"http:\/\/grandeinc.com\/fr\/\",\"logo\":{\"@type\":\"ImageObject\",\"inLanguage\":\"fr-CA\",\"@id\":\"http:\/\/grandeinc.com\/fr\/#\/schema\/logo\/image\/\",\"url\":\"https:\/\/grandeinc.com\/wp-content\/uploads\/2024\/11\/logo.png\",\"contentUrl\":\"https:\/\/grandeinc.com\/wp-content\/uploads\/2024\/11\/logo.png\",\"width\":260,\"height\":84,\"caption\":\"Grande Gestion des Eaux\"},\"image\":{\"@id\":\"http:\/\/grandeinc.com\/fr\/#\/schema\/logo\/image\/\"},\"sameAs\":[\"https:\/\/www.facebook.com\/GrandeWaterManagement\"]}]}<\/script>\n<!-- \/ Yoast SEO plugin. -->","yoast_head_json":{"title":"TRU-BEND (D\u00e9versoir de cintrage de trop-plein) - Grande Gestion des Eaux","robots":{"index":"index","follow":"follow","max-snippet":"max-snippet:-1","max-image-preview":"max-image-preview:large","max-video-preview":"max-video-preview:-1"},"canonical":"https:\/\/grandeinc.com\/fr\/produits\/degrilleur-de-debordement-3\/tru-bend-deversoir-de-cintrage-de-trop-plein\/","og_locale":"fr_CA","og_type":"article","og_title":"TRU-BEND (D\u00e9versoir de cintrage de trop-plein) - Grande Gestion des Eaux","og_description":"Demander une brochure Le syst\u00e8me de d\u00e9versoir de d\u00e9bordement TRU-BEND est con\u00e7u pour maintenir des niveaux d&rsquo;eau maximaux en amont du d\u00e9versoir, permettant ainsi la pleine utilisation de tout le volume de stockage en amont disponible sans affecter n\u00e9gativement la capacit\u00e9 du d\u00e9versoir de trop-plein dans les applications de trop-plein d&rsquo;\u00e9gouts unitaires (CSO). La conception","og_url":"https:\/\/grandeinc.com\/fr\/produits\/degrilleur-de-debordement-3\/tru-bend-deversoir-de-cintrage-de-trop-plein\/","og_site_name":"Grande Gestion des Eaux","article_publisher":"https:\/\/www.facebook.com\/GrandeWaterManagement","article_modified_time":"2024-07-16T03:31:47+00:00","og_image":[{"url":"http:\/\/grandeinc.com\/wp-content\/uploads\/2024\/05\/tru-bend-01.jpg","type":"","width":"","height":""}],"twitter_card":"summary_large_image","twitter_misc":{"Estimation du temps de lecture":"3 minutes"},"schema":{"@context":"https:\/\/schema.org","@graph":[{"@type":"WebPage","@id":"https:\/\/grandeinc.com\/produits\/degrilleur-de-debordement-3\/tru-bend-deversoir-de-cintrage-de-trop-plein\/","url":"https:\/\/grandeinc.com\/produits\/degrilleur-de-debordement-3\/tru-bend-deversoir-de-cintrage-de-trop-plein\/","name":"TRU-BEND (D\u00e9versoir de cintrage de trop-plein) - Grande Gestion des Eaux","isPartOf":{"@id":"http:\/\/grandeinc.com\/fr\/#website"},"primaryImageOfPage":{"@id":"https:\/\/grandeinc.com\/produits\/degrilleur-de-debordement-3\/tru-bend-deversoir-de-cintrage-de-trop-plein\/#primaryimage"},"image":{"@id":"https:\/\/grandeinc.com\/produits\/degrilleur-de-debordement-3\/tru-bend-deversoir-de-cintrage-de-trop-plein\/#primaryimage"},"thumbnailUrl":"http:\/\/grandeinc.com\/wp-content\/uploads\/2024\/05\/tru-bend-01.jpg","datePublished":"2024-06-02T22:28:10+00:00","dateModified":"2024-07-16T03:31:47+00:00","breadcrumb":{"@id":"https:\/\/grandeinc.com\/produits\/degrilleur-de-debordement-3\/tru-bend-deversoir-de-cintrage-de-trop-plein\/#breadcrumb"},"inLanguage":"fr-CA","potentialAction":[{"@type":"ReadAction","target":["https:\/\/grandeinc.com\/produits\/degrilleur-de-debordement-3\/tru-bend-deversoir-de-cintrage-de-trop-plein\/"]}]},{"@type":"ImageObject","inLanguage":"fr-CA","@id":"https:\/\/grandeinc.com\/produits\/degrilleur-de-debordement-3\/tru-bend-deversoir-de-cintrage-de-trop-plein\/#primaryimage","url":"http:\/\/grandeinc.com\/wp-content\/uploads\/2024\/05\/tru-bend-01.jpg","contentUrl":"http:\/\/grandeinc.com\/wp-content\/uploads\/2024\/05\/tru-bend-01.jpg"},{"@type":"BreadcrumbList","@id":"https:\/\/grandeinc.com\/produits\/degrilleur-de-debordement-3\/tru-bend-deversoir-de-cintrage-de-trop-plein\/#breadcrumb","itemListElement":[{"@type":"ListItem","position":1,"name":"Accueil","item":"https:\/\/grandeinc.com\/"},{"@type":"ListItem","position":2,"name":"Produits","item":"https:\/\/grandeinc.com\/produits\/"},{"@type":"ListItem","position":3,"name":"D\u00e9grilleur de d\u00e9bordement","item":"https:\/\/grandeinc.com\/produits\/degrilleur-de-debordement-3\/"},{"@type":"ListItem","position":4,"name":"TRU-BEND (D\u00e9versoir de cintrage de trop-plein)"}]},{"@type":"WebSite","@id":"http:\/\/grandeinc.com\/fr\/#website","url":"http:\/\/grandeinc.com\/fr\/","name":"Grande Gestion des Eaux","description":"","publisher":{"@id":"http:\/\/grandeinc.com\/fr\/#organization"},"potentialAction":[{"@type":"SearchAction","target":{"@type":"EntryPoint","urlTemplate":"http:\/\/grandeinc.com\/fr\/?s={search_term_string}"},"query-input":{"@type":"PropertyValueSpecification","valueRequired":true,"valueName":"search_term_string"}}],"inLanguage":"fr-CA"},{"@type":"Organization","@id":"http:\/\/grandeinc.com\/fr\/#organization","name":"Grande Gestion des Eaux","url":"http:\/\/grandeinc.com\/fr\/","logo":{"@type":"ImageObject","inLanguage":"fr-CA","@id":"http:\/\/grandeinc.com\/fr\/#\/schema\/logo\/image\/","url":"https:\/\/grandeinc.com\/wp-content\/uploads\/2024\/11\/logo.png","contentUrl":"https:\/\/grandeinc.com\/wp-content\/uploads\/2024\/11\/logo.png","width":260,"height":84,"caption":"Grande Gestion des Eaux"},"image":{"@id":"http:\/\/grandeinc.com\/fr\/#\/schema\/logo\/image\/"},"sameAs":["https:\/\/www.facebook.com\/GrandeWaterManagement"]}]}},"_links":{"self":[{"href":"https:\/\/grandeinc.com\/fr\/wp-json\/wp\/v2\/pages\/774","targetHints":{"allow":["GET"]}}],"collection":[{"href":"https:\/\/grandeinc.com\/fr\/wp-json\/wp\/v2\/pages"}],"about":[{"href":"https:\/\/grandeinc.com\/fr\/wp-json\/wp\/v2\/types\/page"}],"author":[{"embeddable":true,"href":"https:\/\/grandeinc.com\/fr\/wp-json\/wp\/v2\/users\/4"}],"replies":[{"embeddable":true,"href":"https:\/\/grandeinc.com\/fr\/wp-json\/wp\/v2\/comments?post=774"}],"version-history":[{"count":9,"href":"https:\/\/grandeinc.com\/fr\/wp-json\/wp\/v2\/pages\/774\/revisions"}],"predecessor-version":[{"id":1189,"href":"https:\/\/grandeinc.com\/fr\/wp-json\/wp\/v2\/pages\/774\/revisions\/1189"}],"up":[{"embeddable":true,"href":"https:\/\/grandeinc.com\/fr\/wp-json\/wp\/v2\/pages\/590"}],"wp:attachment":[{"href":"https:\/\/grandeinc.com\/fr\/wp-json\/wp\/v2\/media?parent=774"}],"curies":[{"name":"wp","href":"https:\/\/api.w.org\/{rel}","templated":true}]}}