{"id":760,"date":"2024-07-02T17:49:58","date_gmt":"2024-07-02T21:49:58","guid":{"rendered":"https:\/\/grandeinc.com\/?page_id=760"},"modified":"2024-07-15T23:31:23","modified_gmt":"2024-07-16T03:31:23","slug":"deversoir-de-flexion-acu-bend","status":"publish","type":"page","link":"https:\/\/grandeinc.com\/fr\/produits\/degrilleur-de-debordement-3\/deversoir-de-flexion-acu-bend\/","title":{"rendered":"D\u00e9versoir de flexion ACU-BEND"},"content":{"rendered":"<p><section class=\"kc-elm kc-css-858245 kc_row\"><div class=\"kc-row-container  kc-container\"><div class=\"kc-wrap-columns\"><div class=\"kc-elm kc-css-398233 kc_col-sm-6 kc_column kc_col-sm-6\"><div class=\"kc-col-container\"><div class=\"kc-elm kc-css-490042 kc_shortcode kc_single_image\">\n\n        <img decoding=\"async\" src=\"https:\/\/grandeinc.com\/wp-content\/uploads\/2024\/05\/acu-bend-01.jpg\" class=\"\" alt=\"\" \/>    <\/div>\n\n<div class=\"kc-elm kc-css-381982\">\n\t<a class=\"kc_button\" href=\"\/contactez-nous\/\" target=\"_self\" title=\"\" onclick=\"\">\n\t\tDemander une brochure\t<\/a>\n<\/div>\n<\/div><\/div><div class=\"kc-elm kc-css-638693 kc_col-sm-6 kc_column kc_col-sm-6\"><div class=\"kc-col-container\"><div class=\"kc-elm kc-css-569926 kc_text_block\"><\/p>\n<p>\nLe syst\u00e8me de d\u00e9versoir flexible ACU-BEND est con\u00e7u pour maintenir des niveaux d&rsquo;eau maximaux en amont du d\u00e9versoir, permettant ainsi l&rsquo;utilisation compl\u00e8te de tout le volume de stockage disponible en amont, sans affecter n\u00e9gativement la capacit\u00e9 du d\u00e9versoir de trop-plein dans les applications de trop-plein d&rsquo;\u00e9gouts unitaires (CSO). La conception unique, brevet\u00e9e et largement test\u00e9e de l&rsquo;ACU-BEND fonctionne en permettant uniquement \u00e0 tout exc\u00e8s d&rsquo;eau dans le syst\u00e8me d&rsquo;atteindre le cours d&rsquo;eau r\u00e9cepteur, mais seulement une fois que le niveau d&rsquo;eau en amont de conception est atteint. Cela augmente le volume de stockage des r\u00e9servoirs et des \u00e9gouts et r\u00e9duit la fr\u00e9quence et le volume des d\u00e9bordements, ce qui entra\u00eene une diminution de la pollution de l&rsquo;eau. Cela permet \u00e0 l&rsquo;ACU-BEND de surmonter les inconv\u00e9nients inh\u00e9rents au d\u00e9versoir fixe. L&rsquo;ACU-BEND peut \u00e9galement cr\u00e9er un joint herm\u00e9tique qui prot\u00e8ge contre le reflux et contr\u00f4le les odeurs car il est normalement en position ferm\u00e9e.<\/p>\n<p>Les seuls composants m\u00e9caniques du syst\u00e8me sont constitu\u00e9s de paliers lisses ne n\u00e9cessitant aucune lubrification\u00a0; le besoin de maintenance est donc r\u00e9duit, garantissant un fonctionnement \u00e9conomique et sans probl\u00e8me. La conception compacte de l&rsquo;ACU-BEND permet une installation facile dans de nouvelles structures de trop-plein ou peut \u00eatre facilement install\u00e9e directement sur des d\u00e9versoirs fixes existants. Les composants suivants sont inclus dans le syst\u00e8me de d\u00e9versoir de flexion ACU-BEND\u00a0: le volet du d\u00e9versoir de flexion, les paliers lisses, le syst\u00e8me d&rsquo;ancrage, les contrepoids et l&rsquo;inclinom\u00e8tre.<\/p>\n<p>\n<\/div><\/div><\/div><\/div><\/div><\/section><section class=\"kc-elm kc-css-411600 kc_row\"><div class=\"kc-row-container  kc-container\"><div class=\"kc-wrap-columns\"><div class=\"kc-elm kc-css-995416 kc_col-sm-6 kc_column kc_col-sm-6\"><div class=\"kc-col-container\">\n<div class=\"kc-elm kc-css-287273 kc-title-wrap \">\n\n\t<h2 class=\"kc_title\">Caract\u00e9ristiques<\/h2>\n<\/div>\n<div class=\"kc-elm kc-css-258307 kc_text_block\"><\/p>\n<p>\n-Conception de contrepoids int\u00e9gr\u00e9<\/p>\n<p>-Installation simple<\/p>\n<p>-Maximiser le stockage sur place<\/p>\n<p>-Niveau de fonctionnement constant et facilement r\u00e9glable<\/p>\n<p>-R\u00e9duire la fr\u00e9quence de d\u00e9bordement<\/p>\n<p>-Ligne de qualit\u00e9 hydraulique am\u00e9lior\u00e9e<\/p>\n<p>-Pr\u00e9vention du refoulement et contr\u00f4le des odeurs<\/p>\n<p>-Co\u00fbts de construction de r\u00e9servoirs de stockage r\u00e9duits gr\u00e2ce \u00e0 des volumes de r\u00e9servoir plus petits<\/p>\n<p>-Facile \u00e0 adapter aux installations exist<\/p>\n<p>\n<\/div><\/div><\/div><div class=\"kc-elm kc-css-354581 kc_col-sm-6 kc_column kc_col-sm-6\"><div class=\"kc-col-container\"><div class=\"kc-elm kc-css-769127 kc-raw-code\"><iframe loading=\"lazy\" width=\"560\" height=\"315\" src=\"https:\/\/www.youtube.com\/embed\/OGlzPz_NVZs?si=2k8egH3ggIjPrOL2\" title=\"YouTube video player\" frameborder=\"0\" allow=\"accelerometer; autoplay; clipboard-write; encrypted-media; gyroscope; picture-in-picture; web-share\" referrerpolicy=\"strict-origin-when-cross-origin\" allowfullscreen><\/iframe><\/div><\/div><\/div><\/div><\/div><\/section><section class=\"kc-elm kc-css-157434 kc_row\"><div class=\"kc-row-container  kc-container\"><div class=\"kc-wrap-columns\"><div class=\"kc-elm kc-css-914128 kc_col-sm-6 kc_column kc_col-sm-6\"><div class=\"kc-col-container\"><div class=\"kc-elm kc-css-838464 kc_shortcode kc_single_image\">\n\n        <img decoding=\"async\" src=\"https:\/\/grandeinc.com\/wp-content\/uploads\/2024\/05\/acu-bend-02.jpg\" class=\"\" alt=\"\" \/>    <\/div>\n<\/div><\/div><div class=\"kc-elm kc-css-897148 kc_col-sm-6 kc_column kc_col-sm-6\"><div class=\"kc-col-container\">\n<div class=\"kc-elm kc-css-933915 kc-title-wrap \">\n\n\t<h2 class=\"kc_title\">\r\nDomaine d'application<\/h2>\n<\/div>\n<div class=\"kc-elm kc-css-81805 kc_text_block\"><\/p>\n<p>\nLe d\u00e9versoir de flexion ACU-BEND peut varier du mod\u00e8le GAB-30 au GAB-90. Le GAB-30 est con\u00e7u pour retenir 12 pouces (30 cm) d&rsquo;eau au-dessus de la cr\u00eate du d\u00e9versoir et le GAB-90 retient 36 pouces (90 cm) d&rsquo;eau au-dessus de la cr\u00eate du d\u00e9versoir. La s\u00e9lection du mod\u00e8le ACU-BEND est enti\u00e8rement bas\u00e9e sur la hauteur de l&rsquo;eau de stockage requise. Les unit\u00e9s sont de conception modulaire, une seule unit\u00e9 mesurant jusqu&rsquo;\u00e0 20 pieds (6 m) de long. La capacit\u00e9 hydraulique de l\u2019ACU-BEND est au moins \u00e9gale \u00e0 celle d\u2019un d\u00e9versoir standard.<\/p>\n<p>\n<\/div><\/div><\/div><\/div><\/div><\/section><section class=\"kc-elm kc-css-124323 kc_row\"><div class=\"kc-row-container  kc-container\"><div class=\"kc-wrap-columns\"><div class=\"kc-elm kc-css-869919 kc_col-sm-6 kc_column kc_col-sm-6\"><div class=\"kc-col-container\">\n<div class=\"kc-elm kc-css-477037 kc-title-wrap \">\n\n\t<h2 class=\"kc_title\">Op\u00e9ration Syst\u00e8me<\/h2>\n<\/div>\n<div class=\"kc-elm kc-css-976 kc_text_block\"><\/p>\n<p>\nLe d\u00e9versoir courb\u00e9 ACU-BEND est install\u00e9 du c\u00f4t\u00e9 aval et directement sur toute la longueur de l\u2019ouverture du d\u00e9versoir de trop-plein. Le d\u00e9versoir flexible ACU-BEND s&rsquo;adapte au trop-plein en pivotant vers le haut et en s&rsquo;ouvrant par le bas.<\/p>\n<p>Le m\u00e9canisme du d\u00e9versoir flexible est enti\u00e8rement passif et ne n\u00e9cessite aucune \u00e9nergie externe pour fonctionner. Les contrepoids fixes agissent directement contre le clapet du d\u00e9versoir courb\u00e9 pour maintenir un niveau d&rsquo;eau constant en amont pour tous les trop-pleins variant de 0 au d\u00e9bit de conception. Le d\u00e9versoir flexible ACU-BEND acceptera \u00e9galement des d\u00e9bits sup\u00e9rieurs au d\u00e9bit de conception, ce qui entra\u00eenera une augmentation du niveau d&rsquo;eau. Le niveau de fonctionnement peut facilement \u00eatre ajust\u00e9 sur site en ajoutant ou en supprimant des contrepoids.<\/p>\n<p>Le d\u00e9versoir flexible se compose d&rsquo;un cadre structurel fix\u00e9 au mur du d\u00e9versoir de d\u00e9bordement, d&rsquo;un volet et d&rsquo;une structure de contrepoids int\u00e9gr\u00e9e. Le d\u00e9versoir de flexion ACU-BEND ne n\u00e9cessite aucun contr\u00f4le, cependant son fonctionnement peut \u00eatre surveill\u00e9 par un inclinom\u00e8tre. Les niveaux d&rsquo;eau en amont et en aval peuvent \u00e9galement \u00eatre surveill\u00e9s.<\/p>\n<p>Le d\u00e9versoir flexible ACU-BEND s&rsquo;adapte au trop-plein en s&rsquo;ouvrant par le bas. De ce fait, certains mat\u00e9riaux flottants sont retenus en amont du d\u00e9versoir de flexion. Ils sont rejet\u00e9s au fond des \u00e9gouts \u00e0 la fin de l&rsquo;\u00e9v\u00e9nement, o\u00f9 ils seront transport\u00e9s par le flux par temps sec jusqu&rsquo;\u00e0 la station d&rsquo;\u00e9puration des eaux us\u00e9es pour \u00eatre collect\u00e9s et \u00e9vacu\u00e9s.<\/p>\n<p>\n<\/div><\/div><\/div><div class=\"kc-elm kc-css-996240 kc_col-sm-6 kc_column kc_col-sm-6\"><div class=\"kc-col-container\"><div class=\"kc-elm kc-css-935317 kc_shortcode kc_single_image\">\n\n        <img decoding=\"async\" src=\"https:\/\/grandeinc.com\/wp-content\/uploads\/2024\/05\/acu-bend-03.jpg\" class=\"\" alt=\"\" \/>    <\/div>\n<\/div><\/div><\/div><\/div><\/section><section class=\"kc-elm kc-css-948786 kc_row\"><div class=\"kc-row-container  kc-container\"><div class=\"kc-wrap-columns\"><div class=\"kc-elm kc-css-74763 kc_col-sm-12 kc_column kc_col-sm-12\"><div class=\"kc-col-container\"><div class=\"kc-image-gallery kc-elm kc-css-767082\">\n<div class=\"kc_image_gallery kc-carousel-image kc-grid \">\n<div class=\"item-grid grid-4\"><img decoding=\"async\" src=\"https:\/\/grandeinc.com\/wp-content\/uploads\/2024\/05\/acu-bend-07-1.jpg\" alt=\"\"\/><div class=\"kc-image-overlay\"><i class=\"fa-plus\"><\/i><\/div><\/div><div class=\"item-grid grid-4\"><img decoding=\"async\" src=\"https:\/\/grandeinc.com\/wp-content\/uploads\/2024\/05\/acu-bend-06-1.jpg\" alt=\"\"\/><div class=\"kc-image-overlay\"><i class=\"fa-plus\"><\/i><\/div><\/div><div class=\"item-grid grid-4\"><img decoding=\"async\" src=\"https:\/\/grandeinc.com\/wp-content\/uploads\/2024\/05\/acu-bend-05.jpg\" alt=\"\"\/><div class=\"kc-image-overlay\"><i class=\"fa-plus\"><\/i><\/div><\/div><div class=\"item-grid grid-4\"><img decoding=\"async\" src=\"https:\/\/grandeinc.com\/wp-content\/uploads\/2024\/05\/acu-bend-04.jpg\" alt=\"\"\/><div class=\"kc-image-overlay\"><i class=\"fa-plus\"><\/i><\/div><\/div><\/div>\n<\/div><\/div><\/div><\/div><\/div><\/section><\/p>\n","protected":false},"excerpt":{"rendered":"","protected":false},"author":4,"featured_media":0,"parent":590,"menu_order":0,"comment_status":"closed","ping_status":"closed","template":"","meta":{"footnotes":""},"class_list":["post-760","page","type-page","status-publish","hentry"],"yoast_head":"<!-- This site is optimized with the Yoast SEO plugin v24.0 - https:\/\/yoast.com\/wordpress\/plugins\/seo\/ -->\n<title>D\u00e9versoir de flexion ACU-BEND - Grande Gestion des Eaux<\/title>\n<meta name=\"robots\" content=\"index, follow, max-snippet:-1, max-image-preview:large, max-video-preview:-1\" \/>\n<link rel=\"canonical\" href=\"https:\/\/grandeinc.com\/fr\/produits\/degrilleur-de-debordement-3\/deversoir-de-flexion-acu-bend\/\" \/>\n<meta property=\"og:locale\" content=\"fr_CA\" \/>\n<meta property=\"og:type\" content=\"article\" \/>\n<meta property=\"og:title\" content=\"D\u00e9versoir de flexion ACU-BEND - Grande Gestion des Eaux\" \/>\n<meta property=\"og:description\" content=\"Demander une brochure Le syst\u00e8me de d\u00e9versoir flexible ACU-BEND est con\u00e7u pour maintenir des niveaux d&rsquo;eau maximaux en amont du d\u00e9versoir, permettant ainsi l&rsquo;utilisation compl\u00e8te de tout le volume de stockage disponible en amont, sans affecter n\u00e9gativement la capacit\u00e9 du d\u00e9versoir de trop-plein dans les applications de trop-plein d&rsquo;\u00e9gouts unitaires (CSO). La conception unique, brevet\u00e9e\" \/>\n<meta property=\"og:url\" content=\"https:\/\/grandeinc.com\/fr\/produits\/degrilleur-de-debordement-3\/deversoir-de-flexion-acu-bend\/\" \/>\n<meta property=\"og:site_name\" content=\"Grande Gestion des Eaux\" \/>\n<meta property=\"article:publisher\" content=\"https:\/\/www.facebook.com\/GrandeWaterManagement\" \/>\n<meta property=\"article:modified_time\" content=\"2024-07-16T03:31:23+00:00\" \/>\n<meta property=\"og:image\" content=\"http:\/\/grandeinc.com\/wp-content\/uploads\/2024\/05\/acu-bend-01.jpg\" \/>\n<meta name=\"twitter:card\" content=\"summary_large_image\" \/>\n<meta name=\"twitter:label1\" content=\"Estimation du temps de lecture\" \/>\n\t<meta name=\"twitter:data1\" content=\"4 minutes\" \/>\n<script type=\"application\/ld+json\" class=\"yoast-schema-graph\">{\"@context\":\"https:\/\/schema.org\",\"@graph\":[{\"@type\":\"WebPage\",\"@id\":\"https:\/\/grandeinc.com\/produits\/degrilleur-de-debordement-3\/deversoir-de-flexion-acu-bend\/\",\"url\":\"https:\/\/grandeinc.com\/produits\/degrilleur-de-debordement-3\/deversoir-de-flexion-acu-bend\/\",\"name\":\"D\u00e9versoir de flexion ACU-BEND - Grande Gestion des Eaux\",\"isPartOf\":{\"@id\":\"http:\/\/grandeinc.com\/fr\/#website\"},\"primaryImageOfPage\":{\"@id\":\"https:\/\/grandeinc.com\/produits\/degrilleur-de-debordement-3\/deversoir-de-flexion-acu-bend\/#primaryimage\"},\"image\":{\"@id\":\"https:\/\/grandeinc.com\/produits\/degrilleur-de-debordement-3\/deversoir-de-flexion-acu-bend\/#primaryimage\"},\"thumbnailUrl\":\"http:\/\/grandeinc.com\/wp-content\/uploads\/2024\/05\/acu-bend-01.jpg\",\"datePublished\":\"2024-07-02T21:49:58+00:00\",\"dateModified\":\"2024-07-16T03:31:23+00:00\",\"breadcrumb\":{\"@id\":\"https:\/\/grandeinc.com\/produits\/degrilleur-de-debordement-3\/deversoir-de-flexion-acu-bend\/#breadcrumb\"},\"inLanguage\":\"fr-CA\",\"potentialAction\":[{\"@type\":\"ReadAction\",\"target\":[\"https:\/\/grandeinc.com\/produits\/degrilleur-de-debordement-3\/deversoir-de-flexion-acu-bend\/\"]}]},{\"@type\":\"ImageObject\",\"inLanguage\":\"fr-CA\",\"@id\":\"https:\/\/grandeinc.com\/produits\/degrilleur-de-debordement-3\/deversoir-de-flexion-acu-bend\/#primaryimage\",\"url\":\"http:\/\/grandeinc.com\/wp-content\/uploads\/2024\/05\/acu-bend-01.jpg\",\"contentUrl\":\"http:\/\/grandeinc.com\/wp-content\/uploads\/2024\/05\/acu-bend-01.jpg\"},{\"@type\":\"BreadcrumbList\",\"@id\":\"https:\/\/grandeinc.com\/produits\/degrilleur-de-debordement-3\/deversoir-de-flexion-acu-bend\/#breadcrumb\",\"itemListElement\":[{\"@type\":\"ListItem\",\"position\":1,\"name\":\"Accueil\",\"item\":\"https:\/\/grandeinc.com\/\"},{\"@type\":\"ListItem\",\"position\":2,\"name\":\"Produits\",\"item\":\"https:\/\/grandeinc.com\/produits\/\"},{\"@type\":\"ListItem\",\"position\":3,\"name\":\"D\u00e9grilleur de d\u00e9bordement\",\"item\":\"https:\/\/grandeinc.com\/produits\/degrilleur-de-debordement-3\/\"},{\"@type\":\"ListItem\",\"position\":4,\"name\":\"D\u00e9versoir de flexion ACU-BEND\"}]},{\"@type\":\"WebSite\",\"@id\":\"http:\/\/grandeinc.com\/fr\/#website\",\"url\":\"http:\/\/grandeinc.com\/fr\/\",\"name\":\"Grande Gestion des Eaux\",\"description\":\"\",\"publisher\":{\"@id\":\"http:\/\/grandeinc.com\/fr\/#organization\"},\"potentialAction\":[{\"@type\":\"SearchAction\",\"target\":{\"@type\":\"EntryPoint\",\"urlTemplate\":\"http:\/\/grandeinc.com\/fr\/?s={search_term_string}\"},\"query-input\":{\"@type\":\"PropertyValueSpecification\",\"valueRequired\":true,\"valueName\":\"search_term_string\"}}],\"inLanguage\":\"fr-CA\"},{\"@type\":\"Organization\",\"@id\":\"http:\/\/grandeinc.com\/fr\/#organization\",\"name\":\"Grande Gestion des Eaux\",\"url\":\"http:\/\/grandeinc.com\/fr\/\",\"logo\":{\"@type\":\"ImageObject\",\"inLanguage\":\"fr-CA\",\"@id\":\"http:\/\/grandeinc.com\/fr\/#\/schema\/logo\/image\/\",\"url\":\"https:\/\/grandeinc.com\/wp-content\/uploads\/2024\/11\/logo.png\",\"contentUrl\":\"https:\/\/grandeinc.com\/wp-content\/uploads\/2024\/11\/logo.png\",\"width\":260,\"height\":84,\"caption\":\"Grande Gestion des Eaux\"},\"image\":{\"@id\":\"http:\/\/grandeinc.com\/fr\/#\/schema\/logo\/image\/\"},\"sameAs\":[\"https:\/\/www.facebook.com\/GrandeWaterManagement\"]}]}<\/script>\n<!-- \/ Yoast SEO plugin. -->","yoast_head_json":{"title":"D\u00e9versoir de flexion ACU-BEND - Grande Gestion des Eaux","robots":{"index":"index","follow":"follow","max-snippet":"max-snippet:-1","max-image-preview":"max-image-preview:large","max-video-preview":"max-video-preview:-1"},"canonical":"https:\/\/grandeinc.com\/fr\/produits\/degrilleur-de-debordement-3\/deversoir-de-flexion-acu-bend\/","og_locale":"fr_CA","og_type":"article","og_title":"D\u00e9versoir de flexion ACU-BEND - Grande Gestion des Eaux","og_description":"Demander une brochure Le syst\u00e8me de d\u00e9versoir flexible ACU-BEND est con\u00e7u pour maintenir des niveaux d&rsquo;eau maximaux en amont du d\u00e9versoir, permettant ainsi l&rsquo;utilisation compl\u00e8te de tout le volume de stockage disponible en amont, sans affecter n\u00e9gativement la capacit\u00e9 du d\u00e9versoir de trop-plein dans les applications de trop-plein d&rsquo;\u00e9gouts unitaires (CSO). La conception unique, brevet\u00e9e","og_url":"https:\/\/grandeinc.com\/fr\/produits\/degrilleur-de-debordement-3\/deversoir-de-flexion-acu-bend\/","og_site_name":"Grande Gestion des Eaux","article_publisher":"https:\/\/www.facebook.com\/GrandeWaterManagement","article_modified_time":"2024-07-16T03:31:23+00:00","og_image":[{"url":"http:\/\/grandeinc.com\/wp-content\/uploads\/2024\/05\/acu-bend-01.jpg","type":"","width":"","height":""}],"twitter_card":"summary_large_image","twitter_misc":{"Estimation du temps de lecture":"4 minutes"},"schema":{"@context":"https:\/\/schema.org","@graph":[{"@type":"WebPage","@id":"https:\/\/grandeinc.com\/produits\/degrilleur-de-debordement-3\/deversoir-de-flexion-acu-bend\/","url":"https:\/\/grandeinc.com\/produits\/degrilleur-de-debordement-3\/deversoir-de-flexion-acu-bend\/","name":"D\u00e9versoir de flexion ACU-BEND - Grande Gestion des Eaux","isPartOf":{"@id":"http:\/\/grandeinc.com\/fr\/#website"},"primaryImageOfPage":{"@id":"https:\/\/grandeinc.com\/produits\/degrilleur-de-debordement-3\/deversoir-de-flexion-acu-bend\/#primaryimage"},"image":{"@id":"https:\/\/grandeinc.com\/produits\/degrilleur-de-debordement-3\/deversoir-de-flexion-acu-bend\/#primaryimage"},"thumbnailUrl":"http:\/\/grandeinc.com\/wp-content\/uploads\/2024\/05\/acu-bend-01.jpg","datePublished":"2024-07-02T21:49:58+00:00","dateModified":"2024-07-16T03:31:23+00:00","breadcrumb":{"@id":"https:\/\/grandeinc.com\/produits\/degrilleur-de-debordement-3\/deversoir-de-flexion-acu-bend\/#breadcrumb"},"inLanguage":"fr-CA","potentialAction":[{"@type":"ReadAction","target":["https:\/\/grandeinc.com\/produits\/degrilleur-de-debordement-3\/deversoir-de-flexion-acu-bend\/"]}]},{"@type":"ImageObject","inLanguage":"fr-CA","@id":"https:\/\/grandeinc.com\/produits\/degrilleur-de-debordement-3\/deversoir-de-flexion-acu-bend\/#primaryimage","url":"http:\/\/grandeinc.com\/wp-content\/uploads\/2024\/05\/acu-bend-01.jpg","contentUrl":"http:\/\/grandeinc.com\/wp-content\/uploads\/2024\/05\/acu-bend-01.jpg"},{"@type":"BreadcrumbList","@id":"https:\/\/grandeinc.com\/produits\/degrilleur-de-debordement-3\/deversoir-de-flexion-acu-bend\/#breadcrumb","itemListElement":[{"@type":"ListItem","position":1,"name":"Accueil","item":"https:\/\/grandeinc.com\/"},{"@type":"ListItem","position":2,"name":"Produits","item":"https:\/\/grandeinc.com\/produits\/"},{"@type":"ListItem","position":3,"name":"D\u00e9grilleur de d\u00e9bordement","item":"https:\/\/grandeinc.com\/produits\/degrilleur-de-debordement-3\/"},{"@type":"ListItem","position":4,"name":"D\u00e9versoir de flexion ACU-BEND"}]},{"@type":"WebSite","@id":"http:\/\/grandeinc.com\/fr\/#website","url":"http:\/\/grandeinc.com\/fr\/","name":"Grande Gestion des Eaux","description":"","publisher":{"@id":"http:\/\/grandeinc.com\/fr\/#organization"},"potentialAction":[{"@type":"SearchAction","target":{"@type":"EntryPoint","urlTemplate":"http:\/\/grandeinc.com\/fr\/?s={search_term_string}"},"query-input":{"@type":"PropertyValueSpecification","valueRequired":true,"valueName":"search_term_string"}}],"inLanguage":"fr-CA"},{"@type":"Organization","@id":"http:\/\/grandeinc.com\/fr\/#organization","name":"Grande Gestion des Eaux","url":"http:\/\/grandeinc.com\/fr\/","logo":{"@type":"ImageObject","inLanguage":"fr-CA","@id":"http:\/\/grandeinc.com\/fr\/#\/schema\/logo\/image\/","url":"https:\/\/grandeinc.com\/wp-content\/uploads\/2024\/11\/logo.png","contentUrl":"https:\/\/grandeinc.com\/wp-content\/uploads\/2024\/11\/logo.png","width":260,"height":84,"caption":"Grande Gestion des Eaux"},"image":{"@id":"http:\/\/grandeinc.com\/fr\/#\/schema\/logo\/image\/"},"sameAs":["https:\/\/www.facebook.com\/GrandeWaterManagement"]}]}},"_links":{"self":[{"href":"https:\/\/grandeinc.com\/fr\/wp-json\/wp\/v2\/pages\/760","targetHints":{"allow":["GET"]}}],"collection":[{"href":"https:\/\/grandeinc.com\/fr\/wp-json\/wp\/v2\/pages"}],"about":[{"href":"https:\/\/grandeinc.com\/fr\/wp-json\/wp\/v2\/types\/page"}],"author":[{"embeddable":true,"href":"https:\/\/grandeinc.com\/fr\/wp-json\/wp\/v2\/users\/4"}],"replies":[{"embeddable":true,"href":"https:\/\/grandeinc.com\/fr\/wp-json\/wp\/v2\/comments?post=760"}],"version-history":[{"count":10,"href":"https:\/\/grandeinc.com\/fr\/wp-json\/wp\/v2\/pages\/760\/revisions"}],"predecessor-version":[{"id":1224,"href":"https:\/\/grandeinc.com\/fr\/wp-json\/wp\/v2\/pages\/760\/revisions\/1224"}],"up":[{"embeddable":true,"href":"https:\/\/grandeinc.com\/fr\/wp-json\/wp\/v2\/pages\/590"}],"wp:attachment":[{"href":"https:\/\/grandeinc.com\/fr\/wp-json\/wp\/v2\/media?parent=760"}],"curies":[{"name":"wp","href":"https:\/\/api.w.org\/{rel}","templated":true}]}}