{"id":741,"date":"2024-06-02T17:03:44","date_gmt":"2024-06-02T21:03:44","guid":{"rendered":"https:\/\/grandeinc.com\/?page_id=741"},"modified":"2024-07-15T23:35:51","modified_gmt":"2024-07-16T03:35:51","slug":"acu-drum-tambour-pivotant","status":"publish","type":"page","link":"https:\/\/grandeinc.com\/fr\/produits\/rincage-des-reservoirs-et-des-egouts-2\/acu-drum-tambour-pivotant\/","title":{"rendered":"ACU-DRUM (tambour pivotant)"},"content":{"rendered":"<p><section class=\"kc-elm kc-css-863007 kc_row\"><div class=\"kc-row-container  kc-container\"><div class=\"kc-wrap-columns\"><div class=\"kc-elm kc-css-693050 kc_col-sm-6 kc_column kc_col-sm-6\"><div class=\"kc-col-container\"><div class=\"kc-elm kc-css-162667 kc_shortcode kc_single_image\">\n\n        <img decoding=\"async\" src=\"https:\/\/grandeinc.com\/wp-content\/uploads\/2024\/05\/acu-drum-01.jpg\" class=\"\" alt=\"\" \/>    <\/div>\n\n<div class=\"kc-elm kc-css-172941\">\n\t<a class=\"kc_button\" href=\"\/contactez-nous\/\" target=\"_self\" title=\"\" onclick=\"\">\n\t\tDemander une brochure\t<\/a>\n<\/div>\n<\/div><\/div><div class=\"kc-elm kc-css-363963 kc_col-sm-6 kc_column kc_col-sm-6\"><div class=\"kc-col-container\"><div class=\"kc-elm kc-css-762923 kc_text_block\"><\/p>\n<p>\nLe syst\u00e8me \u00e0 tambour pivotant ACU-DRUM est un dispositif de rin\u00e7age des s\u00e9diments con\u00e7u pour \u00e9liminer les d\u00e9bris d\u00e9pos\u00e9s dans les r\u00e9servoirs de r\u00e9tention des eaux pluviales, les r\u00e9servoirs de r\u00e9tention de trop-plein d&rsquo;\u00e9gouts unitaires (CSO), les r\u00e9servoirs d&rsquo;\u00e9galisation de trop-plein d&rsquo;\u00e9gouts sanitaires (SSO) et les fonds de r\u00e9servoirs, en utilisant une seule chasse d&rsquo;eau. Il a \u00e9t\u00e9 utilis\u00e9 dans les applications CSO et SSO et peut \u00eatre utilis\u00e9 dans des applications agricoles et industrielles pour nettoyer n&rsquo;importe quel r\u00e9servoir, r\u00e9servoir ou bassin de traitement par lots.<\/p>\n<p>Le syst\u00e8me fonctionne en lib\u00e9rant un torrent d&rsquo;eau stock\u00e9e dans le tambour pivotant. La vague de chasse qui en r\u00e9sulte progresse sur toute la longueur du chemin de chasse, poussant les d\u00e9bris d\u00e9pos\u00e9s devant elle. Les d\u00e9bris remis en suspension sont ensuite transport\u00e9s par les eaux de chasse vers la station d&rsquo;\u00e9puration pour \u00eatre \u00e9limin\u00e9s.<\/p>\n<p>Le syst\u00e8me \u00e0 tambour pivotant pr\u00e9sente plusieurs avantages par rapport aux autres types de dispositifs de chasse des s\u00e9diments. Bien que similaire \u00e0 la conception du godet basculant ACU-TIP, le tambour pivotant ACU-DRUM diff\u00e8re en ce sens qu&rsquo;il est con\u00e7u pour utiliser de l&rsquo;eau in situ pour le rin\u00e7age. Ce dispositif de chasse des s\u00e9diments est install\u00e9 au niveau du sol du r\u00e9servoir. Les seuls composants m\u00e9caniques du syst\u00e8me sont constitu\u00e9s de deux roulements d&rsquo;extr\u00e9mit\u00e9 lubrifi\u00e9s en permanence et du m\u00e9canisme de d\u00e9clenchement. Par cons\u00e9quent, le besoin de maintenance est r\u00e9duit, garantissant un fonctionnement \u00e9conomique et sans probl\u00e8me. Le tambour pivotant ACU-DRUM peut \u00eatre install\u00e9 dans de nouveaux r\u00e9servoirs ou facilement install\u00e9 dans des installations existantes. Les composants suivants sont inclus dans le syst\u00e8me de tambour pivotant ACU-DRUM\u00a0: le tambour pivotant, les supports, les roulements, le syst\u00e8me d&rsquo;ancrage, le flotteur et le m\u00e9canisme de d\u00e9clenchement.<\/p>\n<p>\n<\/div><\/div><\/div><\/div><\/div><\/section><section class=\"kc-elm kc-css-114037 kc_row\"><div class=\"kc-row-container  kc-container\"><div class=\"kc-wrap-columns\"><div class=\"kc-elm kc-css-227747 kc_col-sm-6 kc_column kc_col-sm-6\"><div class=\"kc-col-container\">\n<div class=\"kc-elm kc-css-579643 kc-title-wrap \">\n\n\t<h2 class=\"kc_title\">Caract\u00e9ristiques<\/h2>\n<\/div>\n<div class=\"kc-elm kc-css-284297 kc_text_block\"><\/p>\n<p>\n-La chasse d&rsquo;eau s&rsquo;effectuera m\u00eame si ce n&rsquo;est que partiellement plein<\/p>\n<p>-Roulements lubrifi\u00e9s \u00e0 vie<\/p>\n<p>-Fonctionne sans \u00e9nergie ext\u00e9rieure<\/p>\n<p>-Aucune modification de structure requise<\/p>\n<p>-Aucun approvisionnement en eau douce requis<\/p>\n<p>-\u00c9conomique et facile \u00e0 installer<\/p>\n<p>-Facile \u00e0 adapter aux installations existantes<\/p>\n<p>-Construction en acier inoxydable<\/p>\n<p>\n<\/div><\/div><\/div><div class=\"kc-elm kc-css-307828 kc_col-sm-6 kc_column kc_col-sm-6\"><div class=\"kc-col-container\"><div class=\"kc-elm kc-css-484055 kc-raw-code\"><iframe loading=\"lazy\" width=\"560\" height=\"315\" src=\"https:\/\/www.youtube.com\/embed\/sZprdoyp10Y?si=RyZWvKoBbYWTH7JJ\" title=\"YouTube video player\" frameborder=\"0\" allow=\"accelerometer; autoplay; clipboard-write; encrypted-media; gyroscope; picture-in-picture; web-share\" referrerpolicy=\"strict-origin-when-cross-origin\" allowfullscreen><\/iframe><\/div><\/div><\/div><\/div><\/div><\/section><section class=\"kc-elm kc-css-990709 kc_row\"><div class=\"kc-row-container  kc-container\"><div class=\"kc-wrap-columns\"><div class=\"kc-elm kc-css-898291 kc_col-sm-6 kc_column kc_col-sm-6\"><div class=\"kc-col-container\"><div class=\"kc-elm kc-css-757705 kc_shortcode kc_single_image\">\n\n        <img decoding=\"async\" src=\"https:\/\/grandeinc.com\/wp-content\/uploads\/2024\/05\/acu-gate-02-1.jpg\" class=\"\" alt=\"\" \/>    <\/div>\n<\/div><\/div><div class=\"kc-elm kc-css-671490 kc_col-sm-6 kc_column kc_col-sm-6\"><div class=\"kc-col-container\">\n<div class=\"kc-elm kc-css-129078 kc-title-wrap \">\n\n\t<h2 class=\"kc_title\">Domaine d'application<\/h2>\n<\/div>\n<div class=\"kc-elm kc-css-492073 kc_text_block\"><\/p>\n<p>\nLe tambour pivotant ACU-DRUM peut varier du mod\u00e8le GAD-60 au GAD-200. Le GAD-60 peut contenir 60 gallons par pied (750 L\/m) de longueur d&rsquo;appareil et le GAD-200 peut contenir 200 gallons par pied (2 500 L\/m) de longueur d&rsquo;appareil. La s\u00e9lection du mod\u00e8le de l&rsquo;ACU-DRUM est bas\u00e9e sur la longueur du conduit de chasse d&rsquo;eau et la pente du fond du r\u00e9servoir. \u00c0 ce jour, la longueur maximale de chasse d&rsquo;eau est de 120 pieds (36 m).<\/p>\n<p>\n<\/div><\/div><\/div><\/div><\/div><\/section><section class=\"kc-elm kc-css-377948 kc_row\"><div class=\"kc-row-container  kc-container\"><div class=\"kc-wrap-columns\"><div class=\"kc-elm kc-css-375274 kc_col-sm-6 kc_column kc_col-sm-6\"><div class=\"kc-col-container\">\n<div class=\"kc-elm kc-css-992722 kc-title-wrap \">\n\n\t<h2 class=\"kc_title\">Op\u00e9ration Syst\u00e8me<\/h2>\n<\/div>\n<div class=\"kc-elm kc-css-5194 kc_text_block\"><\/p>\n<p>\nLa conception unique du tambour pivotant ACU-DRUM lui permet d&rsquo;\u00eatre rempli avec de l&rsquo;eau in situ et est disponible en mod\u00e8le \u00e0 remplissage automatique ou \u00e0 remplissage externe.<\/p>\n<p>Le mod\u00e8le \u00e0 remplissage automatique repose normalement en position de rin\u00e7age et est \u00e9quip\u00e9 de deux flotteurs int\u00e9gr\u00e9s qui font tourner le dispositif de rin\u00e7age des s\u00e9diments vers le haut et se remplir d&rsquo;eau in situ \u00e0 mesure que le r\u00e9servoir se remplit. Un flotteur situ\u00e9 dans le puisard monte avec le niveau d&rsquo;eau dans le r\u00e9servoir et active le m\u00e9canisme de verrouillage \u00e0 cliquet.<\/p>\n<p>Le mod\u00e8le rempli ext\u00e9rieurement est con\u00e7u pour rester en position verrouill\u00e9e et verticale gr\u00e2ce \u00e0 l&rsquo;utilisation de contrepoids int\u00e9gr\u00e9s et est rempli par un tuyau. L&rsquo;eau entrante est d&rsquo;abord d\u00e9vi\u00e9e vers le tambour pivotant ACU-DRUM avant de remplir le r\u00e9servoir.<\/p>\n<p>Dans les deux cas, lorsque le niveau d\u2019eau dans le r\u00e9servoir baisse, un flotteur situ\u00e9 dans le puisard active le m\u00e9canisme de d\u00e9clenchement entra\u00eenant la chasse d\u2019eau. Le dispositif de chasse des s\u00e9diments pivote, envoyant l&rsquo;eau stock\u00e9e sur le fond du r\u00e9servoir, ce qui entra\u00eene un torrent d&rsquo;eau coulant le long du chemin de chasse, r\u00e9curant tous les d\u00e9bris d\u00e9pos\u00e9s du fond du r\u00e9servoir.<\/p>\n<p>La s\u00e9quence de rin\u00e7age de l&rsquo;ACU-DRUM peut \u00e9galement \u00eatre contr\u00f4l\u00e9e par un m\u00e9canisme de d\u00e9clenchement \u00e9lectronique ou hydraulique si vous pr\u00e9f\u00e9rez le m\u00e9canisme actionn\u00e9 par flotteur.<\/p>\n<p>\n<\/div><\/div><\/div><div class=\"kc-elm kc-css-765096 kc_col-sm-6 kc_column kc_col-sm-6\"><div class=\"kc-col-container\"><div class=\"kc-elm kc-css-343025 kc_shortcode kc_single_image\">\n\n        <img decoding=\"async\" src=\"https:\/\/grandeinc.com\/wp-content\/uploads\/2024\/05\/acu-drum-03.jpg\" class=\"\" alt=\"\" \/>    <\/div>\n<\/div><\/div><\/div><\/div><\/section><section class=\"kc-elm kc-css-78127 kc_row\"><div class=\"kc-row-container  kc-container\"><div class=\"kc-wrap-columns\"><div class=\"kc-elm kc-css-156193 kc_col-sm-12 kc_column kc_col-sm-12\"><div class=\"kc-col-container\"><div class=\"kc-image-gallery kc-elm kc-css-975184\">\n<div class=\"kc_image_gallery kc-carousel-image kc-grid \">\n<div class=\"item-grid grid-4\"><img decoding=\"async\" src=\"https:\/\/grandeinc.com\/wp-content\/uploads\/2024\/05\/acu-drum-06.jpg\" alt=\"\"\/><div class=\"kc-image-overlay\"><i class=\"fa-plus\"><\/i><\/div><\/div><div class=\"item-grid grid-4\"><img decoding=\"async\" src=\"https:\/\/grandeinc.com\/wp-content\/uploads\/2024\/05\/acu-drum-05.jpg\" alt=\"\"\/><div class=\"kc-image-overlay\"><i class=\"fa-plus\"><\/i><\/div><\/div><div class=\"item-grid grid-4\"><img decoding=\"async\" src=\"https:\/\/grandeinc.com\/wp-content\/uploads\/2024\/05\/acu-drum-04.jpg\" alt=\"\"\/><div class=\"kc-image-overlay\"><i class=\"fa-plus\"><\/i><\/div><\/div><\/div>\n<\/div><\/div><\/div><\/div><\/div><\/section><\/p>\n","protected":false},"excerpt":{"rendered":"","protected":false},"author":4,"featured_media":0,"parent":597,"menu_order":0,"comment_status":"closed","ping_status":"closed","template":"","meta":{"footnotes":""},"class_list":["post-741","page","type-page","status-publish","hentry"],"yoast_head":"<!-- This site is optimized with the Yoast SEO plugin v24.0 - https:\/\/yoast.com\/wordpress\/plugins\/seo\/ -->\n<title>ACU-DRUM (tambour pivotant) - Grande Gestion des Eaux<\/title>\n<meta name=\"robots\" content=\"index, follow, max-snippet:-1, max-image-preview:large, max-video-preview:-1\" \/>\n<link rel=\"canonical\" href=\"https:\/\/grandeinc.com\/fr\/produits\/rincage-des-reservoirs-et-des-egouts-2\/acu-drum-tambour-pivotant\/\" \/>\n<meta property=\"og:locale\" content=\"fr_CA\" \/>\n<meta property=\"og:type\" content=\"article\" \/>\n<meta property=\"og:title\" content=\"ACU-DRUM (tambour pivotant) - Grande Gestion des Eaux\" \/>\n<meta property=\"og:description\" content=\"Demander une brochure Le syst\u00e8me \u00e0 tambour pivotant ACU-DRUM est un dispositif de rin\u00e7age des s\u00e9diments con\u00e7u pour \u00e9liminer les d\u00e9bris d\u00e9pos\u00e9s dans les r\u00e9servoirs de r\u00e9tention des eaux pluviales, les r\u00e9servoirs de r\u00e9tention de trop-plein d&rsquo;\u00e9gouts unitaires (CSO), les r\u00e9servoirs d&rsquo;\u00e9galisation de trop-plein d&rsquo;\u00e9gouts sanitaires (SSO) et les fonds de r\u00e9servoirs, en utilisant une\" \/>\n<meta property=\"og:url\" content=\"https:\/\/grandeinc.com\/fr\/produits\/rincage-des-reservoirs-et-des-egouts-2\/acu-drum-tambour-pivotant\/\" \/>\n<meta property=\"og:site_name\" content=\"Grande Gestion des Eaux\" \/>\n<meta property=\"article:publisher\" content=\"https:\/\/www.facebook.com\/GrandeWaterManagement\" \/>\n<meta property=\"article:modified_time\" content=\"2024-07-16T03:35:51+00:00\" \/>\n<meta property=\"og:image\" content=\"http:\/\/grandeinc.com\/wp-content\/uploads\/2024\/05\/acu-drum-01.jpg\" \/>\n<meta name=\"twitter:card\" content=\"summary_large_image\" \/>\n<meta name=\"twitter:label1\" content=\"Estimation du temps de lecture\" \/>\n\t<meta name=\"twitter:data1\" content=\"4 minutes\" \/>\n<script type=\"application\/ld+json\" class=\"yoast-schema-graph\">{\"@context\":\"https:\/\/schema.org\",\"@graph\":[{\"@type\":\"WebPage\",\"@id\":\"https:\/\/grandeinc.com\/produits\/rincage-des-reservoirs-et-des-egouts-2\/acu-drum-tambour-pivotant\/\",\"url\":\"https:\/\/grandeinc.com\/produits\/rincage-des-reservoirs-et-des-egouts-2\/acu-drum-tambour-pivotant\/\",\"name\":\"ACU-DRUM (tambour pivotant) - Grande Gestion des Eaux\",\"isPartOf\":{\"@id\":\"http:\/\/grandeinc.com\/fr\/#website\"},\"primaryImageOfPage\":{\"@id\":\"https:\/\/grandeinc.com\/produits\/rincage-des-reservoirs-et-des-egouts-2\/acu-drum-tambour-pivotant\/#primaryimage\"},\"image\":{\"@id\":\"https:\/\/grandeinc.com\/produits\/rincage-des-reservoirs-et-des-egouts-2\/acu-drum-tambour-pivotant\/#primaryimage\"},\"thumbnailUrl\":\"http:\/\/grandeinc.com\/wp-content\/uploads\/2024\/05\/acu-drum-01.jpg\",\"datePublished\":\"2024-06-02T21:03:44+00:00\",\"dateModified\":\"2024-07-16T03:35:51+00:00\",\"breadcrumb\":{\"@id\":\"https:\/\/grandeinc.com\/produits\/rincage-des-reservoirs-et-des-egouts-2\/acu-drum-tambour-pivotant\/#breadcrumb\"},\"inLanguage\":\"fr-CA\",\"potentialAction\":[{\"@type\":\"ReadAction\",\"target\":[\"https:\/\/grandeinc.com\/produits\/rincage-des-reservoirs-et-des-egouts-2\/acu-drum-tambour-pivotant\/\"]}]},{\"@type\":\"ImageObject\",\"inLanguage\":\"fr-CA\",\"@id\":\"https:\/\/grandeinc.com\/produits\/rincage-des-reservoirs-et-des-egouts-2\/acu-drum-tambour-pivotant\/#primaryimage\",\"url\":\"http:\/\/grandeinc.com\/wp-content\/uploads\/2024\/05\/acu-drum-01.jpg\",\"contentUrl\":\"http:\/\/grandeinc.com\/wp-content\/uploads\/2024\/05\/acu-drum-01.jpg\"},{\"@type\":\"BreadcrumbList\",\"@id\":\"https:\/\/grandeinc.com\/produits\/rincage-des-reservoirs-et-des-egouts-2\/acu-drum-tambour-pivotant\/#breadcrumb\",\"itemListElement\":[{\"@type\":\"ListItem\",\"position\":1,\"name\":\"Accueil\",\"item\":\"https:\/\/grandeinc.com\/\"},{\"@type\":\"ListItem\",\"position\":2,\"name\":\"Produits\",\"item\":\"https:\/\/grandeinc.com\/produits\/\"},{\"@type\":\"ListItem\",\"position\":3,\"name\":\"Rin\u00e7age des r\u00e9servoirs et des \u00e9gouts\",\"item\":\"https:\/\/grandeinc.com\/produits\/rincage-des-reservoirs-et-des-egouts-2\/\"},{\"@type\":\"ListItem\",\"position\":4,\"name\":\"ACU-DRUM (tambour pivotant)\"}]},{\"@type\":\"WebSite\",\"@id\":\"http:\/\/grandeinc.com\/fr\/#website\",\"url\":\"http:\/\/grandeinc.com\/fr\/\",\"name\":\"Grande Gestion des Eaux\",\"description\":\"\",\"publisher\":{\"@id\":\"http:\/\/grandeinc.com\/fr\/#organization\"},\"potentialAction\":[{\"@type\":\"SearchAction\",\"target\":{\"@type\":\"EntryPoint\",\"urlTemplate\":\"http:\/\/grandeinc.com\/fr\/?s={search_term_string}\"},\"query-input\":{\"@type\":\"PropertyValueSpecification\",\"valueRequired\":true,\"valueName\":\"search_term_string\"}}],\"inLanguage\":\"fr-CA\"},{\"@type\":\"Organization\",\"@id\":\"http:\/\/grandeinc.com\/fr\/#organization\",\"name\":\"Grande Gestion des Eaux\",\"url\":\"http:\/\/grandeinc.com\/fr\/\",\"logo\":{\"@type\":\"ImageObject\",\"inLanguage\":\"fr-CA\",\"@id\":\"http:\/\/grandeinc.com\/fr\/#\/schema\/logo\/image\/\",\"url\":\"https:\/\/grandeinc.com\/wp-content\/uploads\/2024\/11\/logo.png\",\"contentUrl\":\"https:\/\/grandeinc.com\/wp-content\/uploads\/2024\/11\/logo.png\",\"width\":260,\"height\":84,\"caption\":\"Grande Gestion des Eaux\"},\"image\":{\"@id\":\"http:\/\/grandeinc.com\/fr\/#\/schema\/logo\/image\/\"},\"sameAs\":[\"https:\/\/www.facebook.com\/GrandeWaterManagement\"]}]}<\/script>\n<!-- \/ Yoast SEO plugin. -->","yoast_head_json":{"title":"ACU-DRUM (tambour pivotant) - Grande Gestion des Eaux","robots":{"index":"index","follow":"follow","max-snippet":"max-snippet:-1","max-image-preview":"max-image-preview:large","max-video-preview":"max-video-preview:-1"},"canonical":"https:\/\/grandeinc.com\/fr\/produits\/rincage-des-reservoirs-et-des-egouts-2\/acu-drum-tambour-pivotant\/","og_locale":"fr_CA","og_type":"article","og_title":"ACU-DRUM (tambour pivotant) - Grande Gestion des Eaux","og_description":"Demander une brochure Le syst\u00e8me \u00e0 tambour pivotant ACU-DRUM est un dispositif de rin\u00e7age des s\u00e9diments con\u00e7u pour \u00e9liminer les d\u00e9bris d\u00e9pos\u00e9s dans les r\u00e9servoirs de r\u00e9tention des eaux pluviales, les r\u00e9servoirs de r\u00e9tention de trop-plein d&rsquo;\u00e9gouts unitaires (CSO), les r\u00e9servoirs d&rsquo;\u00e9galisation de trop-plein d&rsquo;\u00e9gouts sanitaires (SSO) et les fonds de r\u00e9servoirs, en utilisant une","og_url":"https:\/\/grandeinc.com\/fr\/produits\/rincage-des-reservoirs-et-des-egouts-2\/acu-drum-tambour-pivotant\/","og_site_name":"Grande Gestion des Eaux","article_publisher":"https:\/\/www.facebook.com\/GrandeWaterManagement","article_modified_time":"2024-07-16T03:35:51+00:00","og_image":[{"url":"http:\/\/grandeinc.com\/wp-content\/uploads\/2024\/05\/acu-drum-01.jpg","type":"","width":"","height":""}],"twitter_card":"summary_large_image","twitter_misc":{"Estimation du temps de lecture":"4 minutes"},"schema":{"@context":"https:\/\/schema.org","@graph":[{"@type":"WebPage","@id":"https:\/\/grandeinc.com\/produits\/rincage-des-reservoirs-et-des-egouts-2\/acu-drum-tambour-pivotant\/","url":"https:\/\/grandeinc.com\/produits\/rincage-des-reservoirs-et-des-egouts-2\/acu-drum-tambour-pivotant\/","name":"ACU-DRUM (tambour pivotant) - Grande Gestion des Eaux","isPartOf":{"@id":"http:\/\/grandeinc.com\/fr\/#website"},"primaryImageOfPage":{"@id":"https:\/\/grandeinc.com\/produits\/rincage-des-reservoirs-et-des-egouts-2\/acu-drum-tambour-pivotant\/#primaryimage"},"image":{"@id":"https:\/\/grandeinc.com\/produits\/rincage-des-reservoirs-et-des-egouts-2\/acu-drum-tambour-pivotant\/#primaryimage"},"thumbnailUrl":"http:\/\/grandeinc.com\/wp-content\/uploads\/2024\/05\/acu-drum-01.jpg","datePublished":"2024-06-02T21:03:44+00:00","dateModified":"2024-07-16T03:35:51+00:00","breadcrumb":{"@id":"https:\/\/grandeinc.com\/produits\/rincage-des-reservoirs-et-des-egouts-2\/acu-drum-tambour-pivotant\/#breadcrumb"},"inLanguage":"fr-CA","potentialAction":[{"@type":"ReadAction","target":["https:\/\/grandeinc.com\/produits\/rincage-des-reservoirs-et-des-egouts-2\/acu-drum-tambour-pivotant\/"]}]},{"@type":"ImageObject","inLanguage":"fr-CA","@id":"https:\/\/grandeinc.com\/produits\/rincage-des-reservoirs-et-des-egouts-2\/acu-drum-tambour-pivotant\/#primaryimage","url":"http:\/\/grandeinc.com\/wp-content\/uploads\/2024\/05\/acu-drum-01.jpg","contentUrl":"http:\/\/grandeinc.com\/wp-content\/uploads\/2024\/05\/acu-drum-01.jpg"},{"@type":"BreadcrumbList","@id":"https:\/\/grandeinc.com\/produits\/rincage-des-reservoirs-et-des-egouts-2\/acu-drum-tambour-pivotant\/#breadcrumb","itemListElement":[{"@type":"ListItem","position":1,"name":"Accueil","item":"https:\/\/grandeinc.com\/"},{"@type":"ListItem","position":2,"name":"Produits","item":"https:\/\/grandeinc.com\/produits\/"},{"@type":"ListItem","position":3,"name":"Rin\u00e7age des r\u00e9servoirs et des \u00e9gouts","item":"https:\/\/grandeinc.com\/produits\/rincage-des-reservoirs-et-des-egouts-2\/"},{"@type":"ListItem","position":4,"name":"ACU-DRUM (tambour pivotant)"}]},{"@type":"WebSite","@id":"http:\/\/grandeinc.com\/fr\/#website","url":"http:\/\/grandeinc.com\/fr\/","name":"Grande Gestion des Eaux","description":"","publisher":{"@id":"http:\/\/grandeinc.com\/fr\/#organization"},"potentialAction":[{"@type":"SearchAction","target":{"@type":"EntryPoint","urlTemplate":"http:\/\/grandeinc.com\/fr\/?s={search_term_string}"},"query-input":{"@type":"PropertyValueSpecification","valueRequired":true,"valueName":"search_term_string"}}],"inLanguage":"fr-CA"},{"@type":"Organization","@id":"http:\/\/grandeinc.com\/fr\/#organization","name":"Grande Gestion des Eaux","url":"http:\/\/grandeinc.com\/fr\/","logo":{"@type":"ImageObject","inLanguage":"fr-CA","@id":"http:\/\/grandeinc.com\/fr\/#\/schema\/logo\/image\/","url":"https:\/\/grandeinc.com\/wp-content\/uploads\/2024\/11\/logo.png","contentUrl":"https:\/\/grandeinc.com\/wp-content\/uploads\/2024\/11\/logo.png","width":260,"height":84,"caption":"Grande Gestion des Eaux"},"image":{"@id":"http:\/\/grandeinc.com\/fr\/#\/schema\/logo\/image\/"},"sameAs":["https:\/\/www.facebook.com\/GrandeWaterManagement"]}]}},"_links":{"self":[{"href":"https:\/\/grandeinc.com\/fr\/wp-json\/wp\/v2\/pages\/741","targetHints":{"allow":["GET"]}}],"collection":[{"href":"https:\/\/grandeinc.com\/fr\/wp-json\/wp\/v2\/pages"}],"about":[{"href":"https:\/\/grandeinc.com\/fr\/wp-json\/wp\/v2\/types\/page"}],"author":[{"embeddable":true,"href":"https:\/\/grandeinc.com\/fr\/wp-json\/wp\/v2\/users\/4"}],"replies":[{"embeddable":true,"href":"https:\/\/grandeinc.com\/fr\/wp-json\/wp\/v2\/comments?post=741"}],"version-history":[{"count":8,"href":"https:\/\/grandeinc.com\/fr\/wp-json\/wp\/v2\/pages\/741\/revisions"}],"predecessor-version":[{"id":1222,"href":"https:\/\/grandeinc.com\/fr\/wp-json\/wp\/v2\/pages\/741\/revisions\/1222"}],"up":[{"embeddable":true,"href":"https:\/\/grandeinc.com\/fr\/wp-json\/wp\/v2\/pages\/597"}],"wp:attachment":[{"href":"https:\/\/grandeinc.com\/fr\/wp-json\/wp\/v2\/media?parent=741"}],"curies":[{"name":"wp","href":"https:\/\/api.w.org\/{rel}","templated":true}]}}