{"id":729,"date":"2024-06-02T13:55:18","date_gmt":"2024-06-02T17:55:18","guid":{"rendered":"https:\/\/grandeinc.com\/?page_id=729"},"modified":"2024-06-17T01:16:42","modified_gmt":"2024-06-17T05:16:42","slug":"acu-gate-porte-de-rincage","status":"publish","type":"page","link":"https:\/\/grandeinc.com\/fr\/produits\/rincage-des-reservoirs-et-des-egouts-2\/acu-gate-porte-de-rincage\/","title":{"rendered":"ACU-GATE (Porte de rin\u00e7age)"},"content":{"rendered":"<p><section class=\"kc-elm kc-css-627610 kc_row\"><div class=\"kc-row-container  kc-container\"><div class=\"kc-wrap-columns\"><div class=\"kc-elm kc-css-990513 kc_col-sm-6 kc_column kc_col-sm-6\"><div class=\"kc-col-container\"><div class=\"kc-elm kc-css-372221 kc_shortcode kc_single_image\">\n\n        <img decoding=\"async\" src=\"https:\/\/grandeinc.com\/wp-content\/uploads\/2024\/06\/acu-gate-01-1.jpg\" class=\"\" alt=\"\" \/>    <\/div>\n<\/div><\/div><div class=\"kc-elm kc-css-73955 kc_col-sm-6 kc_column kc_col-sm-6\"><div class=\"kc-col-container\"><div class=\"kc-elm kc-css-814367 kc_text_block\"><\/p>\n<p style=\"box-sizing: border-box; margin-top: 0px; margin-right: 0px; margin-left: 0px; padding: 0px; line-height: 26px;\">Le syst\u00e8me de vanne de rin\u00e7age ACU-GATE est un dispositif d\u2019\u00e9vacuation des s\u00e9diments con\u00e7u pour \u00e9liminer les d\u00e9bris d\u00e9pos\u00e9s dans les r\u00e9servoirs de r\u00e9tention des eaux pluviales, les r\u00e9servoirs de r\u00e9tention de trop-plein d\u2019\u00e9gouts unitaires (CSO), les r\u00e9servoirs d\u2019\u00e9galisation de trop-plein d\u2019\u00e9gouts sanitaires (SSO) et les fonds de r\u00e9servoirs, ainsi que les \u00e9gouts invers\u00e9s, en utilisant une seule chasse d\u2019eau. Il a \u00e9t\u00e9 utilis\u00e9 dans les applications CSO, SSO et peut \u00eatre utilis\u00e9 dans des applications agricoles et industrielles pour nettoyer n\u2019importe quel r\u00e9servoir, r\u00e9servoir ou bassin de traitement par lots.<\/p>\n<p style=\"box-sizing: border-box; margin-top: 0px; margin-right: 0px; margin-left: 0px; padding: 0px; line-height: 26px;\">Le syst\u00e8me fonctionne en lib\u00e9rant un torrent d\u2019eau dans le syst\u00e8me stock\u00e9 derri\u00e8re la vanne de chasse. La vague de chasse qui en r\u00e9sulte progresse sur toute la longueur du chemin de chasse, poussant les d\u00e9bris d\u00e9pos\u00e9s devant elle. Les d\u00e9bris remis en suspension sont ensuite transport\u00e9s par les eaux de chasse vers la station d\u2019\u00e9puration pour \u00eatre \u00e9limin\u00e9s.<\/p>\n<p style=\"box-sizing: border-box; margin-top: 0px; margin-right: 0px; margin-left: 0px; padding: 0px; line-height: 26px;\">Le syst\u00e8me de vanne de rin\u00e7age pr\u00e9sente plusieurs avantages par rapport aux autres types de dispositifs de rin\u00e7age des s\u00e9diments. La vanne de chasse d\u2019eau ACU-GATE est install\u00e9e sur une ouverture en b\u00e9ton, au niveau du sol, situ\u00e9e sur un mur \u00e0 l\u2019extr\u00e9mit\u00e9 amont du chemin de chasse. Les composants m\u00e9caniques du syst\u00e8me sont constitu\u00e9s du v\u00e9rin hydraulique, de la charni\u00e8re et du m\u00e9canisme de verrouillage. La porte de chasse d\u2019eau ACU-GATE est enti\u00e8rement construite en acier inoxydable robuste et comporte peu de pi\u00e8ces mobiles, assurant ainsi une longue dur\u00e9e de vie et pratiquement sans entretien. Le syst\u00e8me de chasse des s\u00e9diments peut \u00eatre install\u00e9 dans de nouveaux r\u00e9servoirs ou facilement install\u00e9 dans des installations existantes. Les composants suivants sont inclus dans le syst\u00e8me de vanne de rin\u00e7age ACU-GATE : la vanne de rin\u00e7age, le syst\u00e8me d\u2019ancrage, les tubes hydrauliques, les connecteurs de tubes, le syst\u00e8me de support de tubes, le fluide hydraulique, l\u2019unit\u00e9 de puissance hydraulique et le panneau de commande local.<\/p>\n<p style=\"box-sizing: border-box; margin-top: 0px; margin-right: 0px; margin-left: 0px; padding: 0px; line-height: 26px;\">\n<\/div><\/div><\/div><\/div><\/div><\/section><section class=\"kc-elm kc-css-31191 kc_row\"><div class=\"kc-row-container  kc-container\"><div class=\"kc-wrap-columns\"><div class=\"kc-elm kc-css-878680 kc_col-sm-6 kc_column kc_col-sm-6\"><div class=\"kc-col-container\"><div class=\"kc-elm kc-css-893928 kc_text_block\"><\/p>\n<h2>Caract\u00e9ristiques<\/h2>\n<p>-Vague de chasse la plus longue<\/p>\n<p>-V\u00e9rin simple ou double effet<\/p>\n<p>-Faible pression de fonctionnement<\/p>\n<p>-Fonctionnement pneumatique (en option)<\/p>\n<p>-Fonctionnement flottant (en option)<\/p>\n<p>-Aucun approvisionnement en eau douce requis<\/p>\n<p>-N\u00e9cessite peu ou pas d&rsquo;entretien<\/p>\n<p>-Facile \u00e0 adapter aux installations existantes<\/p>\n<p>-Construction en acier inoxydable<\/p>\n<p style=\"box-sizing: border-box; margin-top: 0px; margin-right: 0px; margin-left: 0px; padding: 0px; line-height: 26px;\">\n<\/div><\/div><\/div><div class=\"kc-elm kc-css-840871 kc_col-sm-6 kc_column kc_col-sm-6\"><div class=\"kc-col-container\"><div class=\"kc-elm kc-css-588964 kc-raw-code\"><iframe loading=\"lazy\" width=\"560\" height=\"315\" src=\"https:\/\/www.youtube.com\/embed\/XmWMkEftQpM?si=jV6gmutA1QoQurvC\" title=\"YouTube video player\" frameborder=\"0\" allow=\"accelerometer; autoplay; clipboard-write; encrypted-media; gyroscope; picture-in-picture; web-share\" referrerpolicy=\"strict-origin-when-cross-origin\" allowfullscreen><\/iframe><\/div><\/div><\/div><\/div><\/div><\/section><section class=\"kc-elm kc-css-857893 kc_row\"><div class=\"kc-row-container  kc-container\"><div class=\"kc-wrap-columns\"><div class=\"kc-elm kc-css-62714 kc_col-sm-6 kc_column kc_col-sm-6\"><div class=\"kc-col-container\"><div class=\"kc-elm kc-css-393621 kc_shortcode kc_single_image\">\n\n        <img decoding=\"async\" src=\"https:\/\/grandeinc.com\/wp-content\/uploads\/2024\/05\/acu-gate-02.jpg\" class=\"\" alt=\"\" \/>    <\/div>\n<\/div><\/div><div class=\"kc-elm kc-css-360653 kc_col-sm-6 kc_column kc_col-sm-6\"><div class=\"kc-col-container\">\n<div class=\"kc-elm kc-css-675859 kc-title-wrap \">\n\n\t<h1 class=\"kc_title\">Domaine d'application<\/h1>\n<\/div>\n<div class=\"kc-elm kc-css-458585 kc_text_block\"><\/p>\n<p>La porte de chasse d&rsquo;eau ACU-GATE peut varier du mod\u00e8le GAG-20 au GAG-240. Le GAG-20 est con\u00e7u pour s&rsquo;adapter \u00e0 une ouverture en b\u00e9ton mesurant 16 pouces de haut sur 20 pouces de large (41 cm x 51 cm) et le GAG-240 est con\u00e7u pour s&rsquo;adapter \u00e0 une ouverture en b\u00e9ton mesurant 16 pouces de haut sur 240 pouces de large (41 cm). x 508 cm). La s\u00e9lection du mod\u00e8le ACU-GATE est bas\u00e9e uniquement sur la largeur du passage affleurant. Le volume de chasse d&rsquo;eau requis stock\u00e9 derri\u00e8re la vanne de chasse est bas\u00e9 sur la longueur du chemin de chasse et la pente du fond du r\u00e9servoir ou du radier d&rsquo;\u00e9gout. \u00c0 ce jour, la longueur maximale de chasse d&rsquo;eau est de 850 pieds (280 m).<\/p>\n<p style=\"box-sizing: border-box; margin-top: 0px; margin-right: 0px; margin-left: 0px; padding: 0px; line-height: 26px;\">\n<\/div><\/div><\/div><\/div><\/div><\/section><section class=\"kc-elm kc-css-423966 kc_row\"><div class=\"kc-row-container  kc-container\"><div class=\"kc-wrap-columns\"><div class=\"kc-elm kc-css-994066 kc_col-sm-6 kc_column kc_col-sm-6\"><div class=\"kc-col-container\">\n<div class=\"kc-elm kc-css-753313 kc-title-wrap \">\n\n\t<h1 class=\"kc_title\">M\u00e9thode de fonctionnement<\/h1>\n<\/div>\n<div class=\"kc-elm kc-css-9886 kc_text_block\"><\/p>\n<p>La zone de stockage de l&rsquo;eau de chasse est remplie chaque fois que le r\u00e9servoir est utilis\u00e9. Il peut utiliser de l&rsquo;eau in situ ou \u00eatre rempli d&rsquo;une source d&rsquo;eau secondaire. Une fois le r\u00e9servoir ou l&rsquo;\u00e9gout vidang\u00e9, la vanne de chasse d&rsquo;eau ACU-GATE est pr\u00eate \u00e0 fonctionner. Le dispositif de chasse des s\u00e9diments est normalement en position ferm\u00e9e ou verrouill\u00e9e. \u00c0 l&rsquo;aide de signaux \u00e9lectroniques activ\u00e9s par le niveau d&rsquo;eau, le groupe hydraulique met sous pression le cylindre du portail, faisant ainsi tourner les loquets en position ouverte. La pression hydrostatique de l&rsquo;eau de chasse stock\u00e9e derri\u00e8re la vanne provoque l&rsquo;ouverture de la vanne de chasse ACU-GATE, entra\u00eenant la lib\u00e9ration d&rsquo;un torrent d&rsquo;eau qui coule le long du canal de chasse, r\u00e9curant tous les d\u00e9bris d\u00e9pos\u00e9s du fond du r\u00e9servoir ou du d\u00e9versoir d&rsquo;\u00e9gout. . Une fois que le r\u00e9servoir d&rsquo;eau de chasse situ\u00e9 derri\u00e8re le dispositif de rin\u00e7age des s\u00e9diments est vid\u00e9, le clapet de la porte revient \u00e0 sa position verticale normale. \u00c0 ce stade, le groupe hydraulique est arr\u00eat\u00e9 et le ressort du v\u00e9rin simple effet ram\u00e8ne le loquet en position ferm\u00e9e, assurant ainsi la fermeture du portail. La vanne de rin\u00e7age ACU-GATE est maintenant pr\u00eate pour le prochain rin\u00e7age.<\/p>\n<p>La vanne de chasse d&rsquo;eau ACU-GATE peut \u00e9galement \u00eatre actionn\u00e9e en utilisant les niveaux d&rsquo;eau du syst\u00e8me \u00e0 l&rsquo;aide d&rsquo;un actionneur hydraulique aliment\u00e9 par flotteur, ne n\u00e9cessitant ainsi aucune \u00e9nergie externe. La porte de chasse d&rsquo;eau ACU-GATE peut \u00e9galement \u00eatre actionn\u00e9e \u00e0 l&rsquo;aide d&rsquo;un syst\u00e8me d&rsquo;alimentation pneumatique, \u00e9liminant ainsi le besoin de fluide hydraulique.<\/p>\n<p>Situ\u00e9s sous le cadre du portail, les loquets de chasse d&rsquo;eau ACU-GATE sont compl\u00e8tement prot\u00e9g\u00e9s de l&rsquo;accumulation de d\u00e9bris par le cadre du portail. Lors du d\u00e9verrouillage, le m\u00e9canisme tourne vers le haut afin qu&rsquo;un d\u00e9gagement suppl\u00e9mentaire ne soit pas n\u00e9cessaire sous le portail. Le cylindre de chasse d&rsquo;eau du portail ACU-GATE est enti\u00e8rement log\u00e9 dans les limites du cadre du portail, aucun d\u00e9gagement lat\u00e9ral suppl\u00e9mentaire n&rsquo;est donc n\u00e9cessaire.<\/p>\n<p style=\"box-sizing: border-box; margin-top: 0px; margin-right: 0px; margin-left: 0px; padding: 0px; line-height: 26px;\">\n<\/div><\/div><\/div><div class=\"kc-elm kc-css-424726 kc_col-sm-6 kc_column kc_col-sm-6\"><div class=\"kc-col-container\"><div class=\"kc-elm kc-css-982523 kc_shortcode kc_single_image\">\n\n        <img decoding=\"async\" src=\"https:\/\/grandeinc.com\/wp-content\/uploads\/2024\/05\/acu-gate-03.jpg\" class=\"\" alt=\"\" \/>    <\/div>\n<\/div><\/div><\/div><\/div><\/section><section class=\"kc-elm kc-css-595428 kc_row\"><div class=\"kc-row-container  kc-container\"><div class=\"kc-wrap-columns\"><div class=\"kc-elm kc-css-253750 kc_col-sm-12 kc_column kc_col-sm-12\"><div class=\"kc-col-container\"><div class=\"kc-elm kc-css-19898 kc_text_block\"><\/p>\n<p>\n<\/div><\/div><\/div><\/div><\/div><\/section><\/p>\n","protected":false},"excerpt":{"rendered":"","protected":false},"author":4,"featured_media":0,"parent":597,"menu_order":0,"comment_status":"closed","ping_status":"closed","template":"","meta":{"footnotes":""},"class_list":["post-729","page","type-page","status-publish","hentry"],"yoast_head":"<!-- This site is optimized with the Yoast SEO plugin v24.0 - https:\/\/yoast.com\/wordpress\/plugins\/seo\/ -->\n<title>ACU-GATE (Porte de rin\u00e7age) - Grande Gestion des Eaux<\/title>\n<meta name=\"robots\" content=\"index, follow, max-snippet:-1, max-image-preview:large, max-video-preview:-1\" \/>\n<link rel=\"canonical\" href=\"https:\/\/grandeinc.com\/fr\/produits\/rincage-des-reservoirs-et-des-egouts-2\/acu-gate-porte-de-rincage\/\" \/>\n<meta property=\"og:locale\" content=\"fr_CA\" \/>\n<meta property=\"og:type\" content=\"article\" \/>\n<meta property=\"og:title\" content=\"ACU-GATE (Porte de rin\u00e7age) - Grande Gestion des Eaux\" \/>\n<meta property=\"og:description\" content=\"Le syst\u00e8me de vanne de rin\u00e7age ACU-GATE est un dispositif d\u2019\u00e9vacuation des s\u00e9diments con\u00e7u pour \u00e9liminer les d\u00e9bris d\u00e9pos\u00e9s dans les r\u00e9servoirs de r\u00e9tention des eaux pluviales, les r\u00e9servoirs de r\u00e9tention de trop-plein d\u2019\u00e9gouts unitaires (CSO), les r\u00e9servoirs d\u2019\u00e9galisation de trop-plein d\u2019\u00e9gouts sanitaires (SSO) et les fonds de r\u00e9servoirs, ainsi que les \u00e9gouts invers\u00e9s, en\" \/>\n<meta property=\"og:url\" content=\"https:\/\/grandeinc.com\/fr\/produits\/rincage-des-reservoirs-et-des-egouts-2\/acu-gate-porte-de-rincage\/\" \/>\n<meta property=\"og:site_name\" content=\"Grande Gestion des Eaux\" \/>\n<meta property=\"article:publisher\" content=\"https:\/\/www.facebook.com\/GrandeWaterManagement\" \/>\n<meta property=\"article:modified_time\" content=\"2024-06-17T05:16:42+00:00\" \/>\n<meta property=\"og:image\" content=\"http:\/\/grandeinc.com\/wp-content\/uploads\/2024\/06\/acu-gate-01-1.jpg\" \/>\n<meta name=\"twitter:card\" content=\"summary_large_image\" \/>\n<meta name=\"twitter:label1\" content=\"Estimation du temps de lecture\" \/>\n\t<meta name=\"twitter:data1\" content=\"5 minutes\" \/>\n<script type=\"application\/ld+json\" class=\"yoast-schema-graph\">{\"@context\":\"https:\/\/schema.org\",\"@graph\":[{\"@type\":\"WebPage\",\"@id\":\"https:\/\/grandeinc.com\/produits\/rincage-des-reservoirs-et-des-egouts-2\/acu-gate-porte-de-rincage\/\",\"url\":\"https:\/\/grandeinc.com\/produits\/rincage-des-reservoirs-et-des-egouts-2\/acu-gate-porte-de-rincage\/\",\"name\":\"ACU-GATE (Porte de rin\u00e7age) - Grande Gestion des Eaux\",\"isPartOf\":{\"@id\":\"http:\/\/grandeinc.com\/fr\/#website\"},\"primaryImageOfPage\":{\"@id\":\"https:\/\/grandeinc.com\/produits\/rincage-des-reservoirs-et-des-egouts-2\/acu-gate-porte-de-rincage\/#primaryimage\"},\"image\":{\"@id\":\"https:\/\/grandeinc.com\/produits\/rincage-des-reservoirs-et-des-egouts-2\/acu-gate-porte-de-rincage\/#primaryimage\"},\"thumbnailUrl\":\"http:\/\/grandeinc.com\/wp-content\/uploads\/2024\/06\/acu-gate-01-1.jpg\",\"datePublished\":\"2024-06-02T17:55:18+00:00\",\"dateModified\":\"2024-06-17T05:16:42+00:00\",\"breadcrumb\":{\"@id\":\"https:\/\/grandeinc.com\/produits\/rincage-des-reservoirs-et-des-egouts-2\/acu-gate-porte-de-rincage\/#breadcrumb\"},\"inLanguage\":\"fr-CA\",\"potentialAction\":[{\"@type\":\"ReadAction\",\"target\":[\"https:\/\/grandeinc.com\/produits\/rincage-des-reservoirs-et-des-egouts-2\/acu-gate-porte-de-rincage\/\"]}]},{\"@type\":\"ImageObject\",\"inLanguage\":\"fr-CA\",\"@id\":\"https:\/\/grandeinc.com\/produits\/rincage-des-reservoirs-et-des-egouts-2\/acu-gate-porte-de-rincage\/#primaryimage\",\"url\":\"http:\/\/grandeinc.com\/wp-content\/uploads\/2024\/06\/acu-gate-01-1.jpg\",\"contentUrl\":\"http:\/\/grandeinc.com\/wp-content\/uploads\/2024\/06\/acu-gate-01-1.jpg\"},{\"@type\":\"BreadcrumbList\",\"@id\":\"https:\/\/grandeinc.com\/produits\/rincage-des-reservoirs-et-des-egouts-2\/acu-gate-porte-de-rincage\/#breadcrumb\",\"itemListElement\":[{\"@type\":\"ListItem\",\"position\":1,\"name\":\"Accueil\",\"item\":\"https:\/\/grandeinc.com\/\"},{\"@type\":\"ListItem\",\"position\":2,\"name\":\"Produits\",\"item\":\"https:\/\/grandeinc.com\/produits\/\"},{\"@type\":\"ListItem\",\"position\":3,\"name\":\"Rin\u00e7age des r\u00e9servoirs et des \u00e9gouts\",\"item\":\"https:\/\/grandeinc.com\/produits\/rincage-des-reservoirs-et-des-egouts-2\/\"},{\"@type\":\"ListItem\",\"position\":4,\"name\":\"ACU-GATE (Porte de rin\u00e7age)\"}]},{\"@type\":\"WebSite\",\"@id\":\"http:\/\/grandeinc.com\/fr\/#website\",\"url\":\"http:\/\/grandeinc.com\/fr\/\",\"name\":\"Grande Gestion des Eaux\",\"description\":\"\",\"publisher\":{\"@id\":\"http:\/\/grandeinc.com\/fr\/#organization\"},\"potentialAction\":[{\"@type\":\"SearchAction\",\"target\":{\"@type\":\"EntryPoint\",\"urlTemplate\":\"http:\/\/grandeinc.com\/fr\/?s={search_term_string}\"},\"query-input\":{\"@type\":\"PropertyValueSpecification\",\"valueRequired\":true,\"valueName\":\"search_term_string\"}}],\"inLanguage\":\"fr-CA\"},{\"@type\":\"Organization\",\"@id\":\"http:\/\/grandeinc.com\/fr\/#organization\",\"name\":\"Grande Gestion des Eaux\",\"url\":\"http:\/\/grandeinc.com\/fr\/\",\"logo\":{\"@type\":\"ImageObject\",\"inLanguage\":\"fr-CA\",\"@id\":\"http:\/\/grandeinc.com\/fr\/#\/schema\/logo\/image\/\",\"url\":\"https:\/\/grandeinc.com\/wp-content\/uploads\/2024\/11\/logo.png\",\"contentUrl\":\"https:\/\/grandeinc.com\/wp-content\/uploads\/2024\/11\/logo.png\",\"width\":260,\"height\":84,\"caption\":\"Grande Gestion des Eaux\"},\"image\":{\"@id\":\"http:\/\/grandeinc.com\/fr\/#\/schema\/logo\/image\/\"},\"sameAs\":[\"https:\/\/www.facebook.com\/GrandeWaterManagement\"]}]}<\/script>\n<!-- \/ Yoast SEO plugin. -->","yoast_head_json":{"title":"ACU-GATE (Porte de rin\u00e7age) - Grande Gestion des Eaux","robots":{"index":"index","follow":"follow","max-snippet":"max-snippet:-1","max-image-preview":"max-image-preview:large","max-video-preview":"max-video-preview:-1"},"canonical":"https:\/\/grandeinc.com\/fr\/produits\/rincage-des-reservoirs-et-des-egouts-2\/acu-gate-porte-de-rincage\/","og_locale":"fr_CA","og_type":"article","og_title":"ACU-GATE (Porte de rin\u00e7age) - Grande Gestion des Eaux","og_description":"Le syst\u00e8me de vanne de rin\u00e7age ACU-GATE est un dispositif d\u2019\u00e9vacuation des s\u00e9diments con\u00e7u pour \u00e9liminer les d\u00e9bris d\u00e9pos\u00e9s dans les r\u00e9servoirs de r\u00e9tention des eaux pluviales, les r\u00e9servoirs de r\u00e9tention de trop-plein d\u2019\u00e9gouts unitaires (CSO), les r\u00e9servoirs d\u2019\u00e9galisation de trop-plein d\u2019\u00e9gouts sanitaires (SSO) et les fonds de r\u00e9servoirs, ainsi que les \u00e9gouts invers\u00e9s, en","og_url":"https:\/\/grandeinc.com\/fr\/produits\/rincage-des-reservoirs-et-des-egouts-2\/acu-gate-porte-de-rincage\/","og_site_name":"Grande Gestion des Eaux","article_publisher":"https:\/\/www.facebook.com\/GrandeWaterManagement","article_modified_time":"2024-06-17T05:16:42+00:00","og_image":[{"url":"http:\/\/grandeinc.com\/wp-content\/uploads\/2024\/06\/acu-gate-01-1.jpg","type":"","width":"","height":""}],"twitter_card":"summary_large_image","twitter_misc":{"Estimation du temps de lecture":"5 minutes"},"schema":{"@context":"https:\/\/schema.org","@graph":[{"@type":"WebPage","@id":"https:\/\/grandeinc.com\/produits\/rincage-des-reservoirs-et-des-egouts-2\/acu-gate-porte-de-rincage\/","url":"https:\/\/grandeinc.com\/produits\/rincage-des-reservoirs-et-des-egouts-2\/acu-gate-porte-de-rincage\/","name":"ACU-GATE (Porte de rin\u00e7age) - Grande Gestion des Eaux","isPartOf":{"@id":"http:\/\/grandeinc.com\/fr\/#website"},"primaryImageOfPage":{"@id":"https:\/\/grandeinc.com\/produits\/rincage-des-reservoirs-et-des-egouts-2\/acu-gate-porte-de-rincage\/#primaryimage"},"image":{"@id":"https:\/\/grandeinc.com\/produits\/rincage-des-reservoirs-et-des-egouts-2\/acu-gate-porte-de-rincage\/#primaryimage"},"thumbnailUrl":"http:\/\/grandeinc.com\/wp-content\/uploads\/2024\/06\/acu-gate-01-1.jpg","datePublished":"2024-06-02T17:55:18+00:00","dateModified":"2024-06-17T05:16:42+00:00","breadcrumb":{"@id":"https:\/\/grandeinc.com\/produits\/rincage-des-reservoirs-et-des-egouts-2\/acu-gate-porte-de-rincage\/#breadcrumb"},"inLanguage":"fr-CA","potentialAction":[{"@type":"ReadAction","target":["https:\/\/grandeinc.com\/produits\/rincage-des-reservoirs-et-des-egouts-2\/acu-gate-porte-de-rincage\/"]}]},{"@type":"ImageObject","inLanguage":"fr-CA","@id":"https:\/\/grandeinc.com\/produits\/rincage-des-reservoirs-et-des-egouts-2\/acu-gate-porte-de-rincage\/#primaryimage","url":"http:\/\/grandeinc.com\/wp-content\/uploads\/2024\/06\/acu-gate-01-1.jpg","contentUrl":"http:\/\/grandeinc.com\/wp-content\/uploads\/2024\/06\/acu-gate-01-1.jpg"},{"@type":"BreadcrumbList","@id":"https:\/\/grandeinc.com\/produits\/rincage-des-reservoirs-et-des-egouts-2\/acu-gate-porte-de-rincage\/#breadcrumb","itemListElement":[{"@type":"ListItem","position":1,"name":"Accueil","item":"https:\/\/grandeinc.com\/"},{"@type":"ListItem","position":2,"name":"Produits","item":"https:\/\/grandeinc.com\/produits\/"},{"@type":"ListItem","position":3,"name":"Rin\u00e7age des r\u00e9servoirs et des \u00e9gouts","item":"https:\/\/grandeinc.com\/produits\/rincage-des-reservoirs-et-des-egouts-2\/"},{"@type":"ListItem","position":4,"name":"ACU-GATE (Porte de rin\u00e7age)"}]},{"@type":"WebSite","@id":"http:\/\/grandeinc.com\/fr\/#website","url":"http:\/\/grandeinc.com\/fr\/","name":"Grande Gestion des Eaux","description":"","publisher":{"@id":"http:\/\/grandeinc.com\/fr\/#organization"},"potentialAction":[{"@type":"SearchAction","target":{"@type":"EntryPoint","urlTemplate":"http:\/\/grandeinc.com\/fr\/?s={search_term_string}"},"query-input":{"@type":"PropertyValueSpecification","valueRequired":true,"valueName":"search_term_string"}}],"inLanguage":"fr-CA"},{"@type":"Organization","@id":"http:\/\/grandeinc.com\/fr\/#organization","name":"Grande Gestion des Eaux","url":"http:\/\/grandeinc.com\/fr\/","logo":{"@type":"ImageObject","inLanguage":"fr-CA","@id":"http:\/\/grandeinc.com\/fr\/#\/schema\/logo\/image\/","url":"https:\/\/grandeinc.com\/wp-content\/uploads\/2024\/11\/logo.png","contentUrl":"https:\/\/grandeinc.com\/wp-content\/uploads\/2024\/11\/logo.png","width":260,"height":84,"caption":"Grande Gestion des Eaux"},"image":{"@id":"http:\/\/grandeinc.com\/fr\/#\/schema\/logo\/image\/"},"sameAs":["https:\/\/www.facebook.com\/GrandeWaterManagement"]}]}},"_links":{"self":[{"href":"https:\/\/grandeinc.com\/fr\/wp-json\/wp\/v2\/pages\/729","targetHints":{"allow":["GET"]}}],"collection":[{"href":"https:\/\/grandeinc.com\/fr\/wp-json\/wp\/v2\/pages"}],"about":[{"href":"https:\/\/grandeinc.com\/fr\/wp-json\/wp\/v2\/types\/page"}],"author":[{"embeddable":true,"href":"https:\/\/grandeinc.com\/fr\/wp-json\/wp\/v2\/users\/4"}],"replies":[{"embeddable":true,"href":"https:\/\/grandeinc.com\/fr\/wp-json\/wp\/v2\/comments?post=729"}],"version-history":[{"count":11,"href":"https:\/\/grandeinc.com\/fr\/wp-json\/wp\/v2\/pages\/729\/revisions"}],"predecessor-version":[{"id":1170,"href":"https:\/\/grandeinc.com\/fr\/wp-json\/wp\/v2\/pages\/729\/revisions\/1170"}],"up":[{"embeddable":true,"href":"https:\/\/grandeinc.com\/fr\/wp-json\/wp\/v2\/pages\/597"}],"wp:attachment":[{"href":"https:\/\/grandeinc.com\/fr\/wp-json\/wp\/v2\/media?parent=729"}],"curies":[{"name":"wp","href":"https:\/\/api.w.org\/{rel}","templated":true}]}}