{"id":719,"date":"2024-06-02T13:07:51","date_gmt":"2024-06-02T17:07:51","guid":{"rendered":"https:\/\/grandeinc.com\/?page_id=719"},"modified":"2024-07-15T23:36:14","modified_gmt":"2024-07-16T03:36:14","slug":"acu-tip-seau-basculant","status":"publish","type":"page","link":"https:\/\/grandeinc.com\/fr\/produits\/rincage-des-reservoirs-et-des-egouts-2\/acu-tip-seau-basculant\/","title":{"rendered":"ACU-TIP (Seau Basculant)"},"content":{"rendered":"<p><section class=\"kc-elm kc-css-413766 kc_row\"><div class=\"kc-row-container  kc-container\"><div class=\"kc-wrap-columns\"><div class=\"kc-elm kc-css-599040 kc_col-sm-6 kc_column kc_col-sm-6\"><div class=\"kc-col-container\"><div class=\"kc-elm kc-css-987264 kc_shortcode kc_single_image\">\n\n        <img decoding=\"async\" src=\"https:\/\/grandeinc.com\/wp-content\/uploads\/2024\/05\/acu-tip-01.jpg\" class=\"\" alt=\"\" \/>    <\/div>\n\n<div class=\"kc-elm kc-css-277324\">\n\t<a class=\"kc_button\" href=\"\/contactez-nous\/\" target=\"_self\" title=\"\" onclick=\"\">\n\t\tDemander une brochure\t<\/a>\n<\/div>\n<\/div><\/div><div class=\"kc-elm kc-css-618778 kc_col-sm-6 kc_column kc_col-sm-6\"><div class=\"kc-col-container\"><div class=\"kc-elm kc-css-383731 kc_text_block\"><\/p>\n<p>\nL&rsquo;auget basculant ACU-TIP est un syst\u00e8me de chasse de s\u00e9diments con\u00e7u pour \u00e9liminer les d\u00e9bris d\u00e9pos\u00e9s au fond des r\u00e9servoirs, tels que les r\u00e9servoirs de r\u00e9tention des eaux pluviales ou CSO et les r\u00e9servoirs d&rsquo;\u00e9galisation sanitaire. Le syst\u00e8me fonctionne en lib\u00e9rant un torrent d\u2019eau fra\u00eeche stock\u00e9e dans la benne basculante. La vague de chasse qui en r\u00e9sulte progresse sur toute la longueur du canal d\u2019\u00e9vacuation, poussant les d\u00e9bris d\u00e9pos\u00e9s devant lui. Les d\u00e9bris remis en suspension sont ensuite transport\u00e9s par les eaux de chasse vers la station d&rsquo;\u00e9puration pour \u00eatre \u00e9limin\u00e9s.<\/p>\n<p><span style=\"font-style: inherit;\">L&rsquo;ACU-TIP pr\u00e9sente plusieurs avantages par rapport aux autres types de syst\u00e8mes d&rsquo;\u00e9vacuation des s\u00e9diments. Premi\u00e8rement, \u00e9tant donn\u00e9 que le syst\u00e8me utilise de l&rsquo;eau douce comme source de la vague de rin\u00e7age, on est assur\u00e9 qu&rsquo;aucun d\u00e9bris suppl\u00e9mentaire ne sera introduit dans le r\u00e9servoir une fois l&rsquo;op\u00e9ration de rin\u00e7age termin\u00e9e. Deuxi\u00e8mement, dans les rares cas o\u00f9 des rin\u00e7ages suppl\u00e9mentaires seraient n\u00e9cessaires, le syst\u00e8me de remplissage de l\u2019auget basculant peut \u00eatre facilement r\u00e9activ\u00e9 et la s\u00e9quence de rin\u00e7age r\u00e9p\u00e9t\u00e9e. Troisi\u00e8mement, \u00e9tant donn\u00e9 que la benne basculante ACU-TIP est suspendue au-dessus du r\u00e9servoir et n&rsquo;entre jamais en contact avec des d\u00e9bris, le besoin d&rsquo;entretien est r\u00e9duit, garantissant un fonctionnement \u00e9conomique et sans probl\u00e8me. Enfin, l&rsquo;ACU-TIP peut \u00eatre install\u00e9 dans de nouveaux r\u00e9servoirs ou facilement install\u00e9 dans des r\u00e9servoirs de stockage existants.<\/span><\/p>\n<p>\n<\/div><\/div><\/div><\/div><\/div><\/section><section class=\"kc-elm kc-css-438035 kc_row\"><div class=\"kc-row-container  kc-container\"><div class=\"kc-wrap-columns\"><div class=\"kc-elm kc-css-422596 kc_col-sm-6 kc_column kc_col-sm-6\"><div class=\"kc-col-container\">\n<div class=\"kc-elm kc-css-892950 kc-title-wrap \">\n\n\t<h2 class=\"kc_title\">Caract\u00e9ristiques<\/h2>\n<\/div>\n<div class=\"kc-elm kc-css-877569 kc-raw-code\"><br>Utilise de l'eau propre pour le rin\u00e7age<\/br>\r\n<br>Utilise toute source d'eau disponible (eau potable, eau souterraine, effluent trait\u00e9)<\/br>\r\n<br>Vinages illimit\u00e9s si n\u00e9cessaire<\/br>\r\n<br>Construction en acier inoxydable<\/br>\r\n<br>Peut \u00eatre facilement install\u00e9 dans des r\u00e9servoirs neufs ou modernis\u00e9 dans des r\u00e9servoirs existants.<\/br>\r\n<br>Pratiquement sans entretien, roulements \u00e9tanches lubrifi\u00e9s \u00e0 vie.<\/br>\r\n<br>\u00c9conomique et facile \u00e0 installer<\/br>\r\n<br>Basculement vers l'avant ou vers l'arri\u00e8re<\/br>\r\n<br>Support\u00e9 sur la paroi arri\u00e8re du r\u00e9servoir, la paroi lat\u00e9rale ou la dalle de toit.<\/br><\/div><\/div><\/div><div class=\"kc-elm kc-css-880962 kc_col-sm-6 kc_column kc_col-sm-6\"><div class=\"kc-col-container\"><div class=\"kc-elm kc-css-505338 kc-raw-code\"><iframe loading=\"lazy\" width=\"560\" height=\"315\" src=\"https:\/\/www.youtube.com\/embed\/KUJ1-spavFY?si=-kI_2Dj-cdc5mA70\" title=\"YouTube video player\" frameborder=\"0\" allow=\"accelerometer; autoplay; clipboard-write; encrypted-media; gyroscope; picture-in-picture; web-share\" referrerpolicy=\"strict-origin-when-cross-origin\" allowfullscreen><\/iframe><\/div><\/div><\/div><\/div><\/div><\/section><section class=\"kc-elm kc-css-818681 kc_row\"><div class=\"kc-row-container  kc-container\"><div class=\"kc-wrap-columns\"><div class=\"kc-elm kc-css-374712 kc_col-sm-6 kc_column kc_col-sm-6\"><div class=\"kc-col-container\"><div class=\"kc-elm kc-css-879363 kc_shortcode kc_single_image\">\n\n        <img decoding=\"async\" src=\"https:\/\/grandeinc.com\/wp-content\/uploads\/2024\/05\/ACU-PAS-1Top-view-303x165-1.jpg\" class=\"\" alt=\"\" \/>    <\/div>\n<\/div><\/div><div class=\"kc-elm kc-css-52388 kc_col-sm-6 kc_column kc_col-sm-6\"><div class=\"kc-col-container\">\n<div class=\"kc-elm kc-css-20630 kc-title-wrap \">\n\n\t<h2 class=\"kc_title\">Fonctionnement<\/h2>\n<\/div>\n<div class=\"kc-elm kc-css-286968 kc_text_block\"><\/p>\n<p>\nLa conception unique de la benne basculante ACU-TIP lui permet de reposer en position horizontale lorsqu\u2019elle est vide. Lorsque l&rsquo;alimentation en eau douce est activ\u00e9e, le r\u00e9servoir ACU-TIP se remplira jusqu&rsquo;\u00e0 un niveau pr\u00e9d\u00e9termin\u00e9. Dans ce cas, en raison de la conception sp\u00e9cifique de l&rsquo;ACU-TIP, le centre de gravit\u00e9 se d\u00e9place, provoquant le pivotement du dispositif de chasse des s\u00e9diments vers l&rsquo;arri\u00e8re (ou vers l&rsquo;avant si n\u00e9cessaire), envoyant l&rsquo;eau stock\u00e9e sur la paroi arri\u00e8re, ce qui entra\u00eene un torrent d&rsquo;eau douce coulant sur toute la longueur. du canal de chasse, r\u00e9curant tous les d\u00e9bris d\u00e9pos\u00e9s sur le fond du r\u00e9servoir.<\/p>\n<p>Une fois vide, l&rsquo;ACU-TIP revient \u00e0 sa position horizontale normale pr\u00eat \u00e0 r\u00e9p\u00e9ter la s\u00e9quence si le besoin s&rsquo;en fait sentir. Dans des conditions normales, un seul rin\u00e7age est n\u00e9cessaire pour obtenir les r\u00e9sultats souhait\u00e9s. Exceptionnellement, dans des conditions de charge \u00e9lev\u00e9e, plusieurs chasses d&rsquo;eau peuvent \u00eatre n\u00e9cessaires.<\/p>\n<p>En fonction des dimensions du r\u00e9servoir, la taille et donc la capacit\u00e9 de l&rsquo;ACU-TIP varieront, affectant ainsi le temps de remplissage de l&rsquo;appareil. En moyenne, le temps de remplissage de l&rsquo;ACU-TIP doit \u00eatre d&rsquo;environ 15 minutes.<\/p>\n<p>\n<\/div><\/div><\/div><\/div><\/div><\/section><\/p>\n","protected":false},"excerpt":{"rendered":"","protected":false},"author":4,"featured_media":0,"parent":597,"menu_order":0,"comment_status":"closed","ping_status":"closed","template":"","meta":{"footnotes":""},"class_list":["post-719","page","type-page","status-publish","hentry"],"yoast_head":"<!-- This site is optimized with the Yoast SEO plugin v24.0 - https:\/\/yoast.com\/wordpress\/plugins\/seo\/ -->\n<title>ACU-TIP (Seau Basculant) - Grande Gestion des Eaux<\/title>\n<meta name=\"robots\" content=\"index, follow, max-snippet:-1, max-image-preview:large, max-video-preview:-1\" \/>\n<link rel=\"canonical\" href=\"https:\/\/grandeinc.com\/fr\/produits\/rincage-des-reservoirs-et-des-egouts-2\/acu-tip-seau-basculant\/\" \/>\n<meta property=\"og:locale\" content=\"fr_CA\" \/>\n<meta property=\"og:type\" content=\"article\" \/>\n<meta property=\"og:title\" content=\"ACU-TIP (Seau Basculant) - Grande Gestion des Eaux\" \/>\n<meta property=\"og:description\" content=\"Demander une brochure L&rsquo;auget basculant ACU-TIP est un syst\u00e8me de chasse de s\u00e9diments con\u00e7u pour \u00e9liminer les d\u00e9bris d\u00e9pos\u00e9s au fond des r\u00e9servoirs, tels que les r\u00e9servoirs de r\u00e9tention des eaux pluviales ou CSO et les r\u00e9servoirs d&rsquo;\u00e9galisation sanitaire. Le syst\u00e8me fonctionne en lib\u00e9rant un torrent d\u2019eau fra\u00eeche stock\u00e9e dans la benne basculante. La vague\" \/>\n<meta property=\"og:url\" content=\"https:\/\/grandeinc.com\/fr\/produits\/rincage-des-reservoirs-et-des-egouts-2\/acu-tip-seau-basculant\/\" \/>\n<meta property=\"og:site_name\" content=\"Grande Gestion des Eaux\" \/>\n<meta property=\"article:publisher\" content=\"https:\/\/www.facebook.com\/GrandeWaterManagement\" \/>\n<meta property=\"article:modified_time\" content=\"2024-07-16T03:36:14+00:00\" \/>\n<meta property=\"og:image\" content=\"http:\/\/grandeinc.com\/wp-content\/uploads\/2024\/05\/acu-tip-01.jpg\" \/>\n<meta name=\"twitter:card\" content=\"summary_large_image\" \/>\n<meta name=\"twitter:label1\" content=\"Estimation du temps de lecture\" \/>\n\t<meta name=\"twitter:data1\" content=\"3 minutes\" \/>\n<script type=\"application\/ld+json\" class=\"yoast-schema-graph\">{\"@context\":\"https:\/\/schema.org\",\"@graph\":[{\"@type\":\"WebPage\",\"@id\":\"https:\/\/grandeinc.com\/produits\/rincage-des-reservoirs-et-des-egouts-2\/acu-tip-seau-basculant\/\",\"url\":\"https:\/\/grandeinc.com\/produits\/rincage-des-reservoirs-et-des-egouts-2\/acu-tip-seau-basculant\/\",\"name\":\"ACU-TIP (Seau Basculant) - Grande Gestion des Eaux\",\"isPartOf\":{\"@id\":\"http:\/\/grandeinc.com\/fr\/#website\"},\"primaryImageOfPage\":{\"@id\":\"https:\/\/grandeinc.com\/produits\/rincage-des-reservoirs-et-des-egouts-2\/acu-tip-seau-basculant\/#primaryimage\"},\"image\":{\"@id\":\"https:\/\/grandeinc.com\/produits\/rincage-des-reservoirs-et-des-egouts-2\/acu-tip-seau-basculant\/#primaryimage\"},\"thumbnailUrl\":\"http:\/\/grandeinc.com\/wp-content\/uploads\/2024\/05\/acu-tip-01.jpg\",\"datePublished\":\"2024-06-02T17:07:51+00:00\",\"dateModified\":\"2024-07-16T03:36:14+00:00\",\"breadcrumb\":{\"@id\":\"https:\/\/grandeinc.com\/produits\/rincage-des-reservoirs-et-des-egouts-2\/acu-tip-seau-basculant\/#breadcrumb\"},\"inLanguage\":\"fr-CA\",\"potentialAction\":[{\"@type\":\"ReadAction\",\"target\":[\"https:\/\/grandeinc.com\/produits\/rincage-des-reservoirs-et-des-egouts-2\/acu-tip-seau-basculant\/\"]}]},{\"@type\":\"ImageObject\",\"inLanguage\":\"fr-CA\",\"@id\":\"https:\/\/grandeinc.com\/produits\/rincage-des-reservoirs-et-des-egouts-2\/acu-tip-seau-basculant\/#primaryimage\",\"url\":\"http:\/\/grandeinc.com\/wp-content\/uploads\/2024\/05\/acu-tip-01.jpg\",\"contentUrl\":\"http:\/\/grandeinc.com\/wp-content\/uploads\/2024\/05\/acu-tip-01.jpg\"},{\"@type\":\"BreadcrumbList\",\"@id\":\"https:\/\/grandeinc.com\/produits\/rincage-des-reservoirs-et-des-egouts-2\/acu-tip-seau-basculant\/#breadcrumb\",\"itemListElement\":[{\"@type\":\"ListItem\",\"position\":1,\"name\":\"Accueil\",\"item\":\"https:\/\/grandeinc.com\/\"},{\"@type\":\"ListItem\",\"position\":2,\"name\":\"Produits\",\"item\":\"https:\/\/grandeinc.com\/produits\/\"},{\"@type\":\"ListItem\",\"position\":3,\"name\":\"Rin\u00e7age des r\u00e9servoirs et des \u00e9gouts\",\"item\":\"https:\/\/grandeinc.com\/produits\/rincage-des-reservoirs-et-des-egouts-2\/\"},{\"@type\":\"ListItem\",\"position\":4,\"name\":\"ACU-TIP (Seau Basculant)\"}]},{\"@type\":\"WebSite\",\"@id\":\"http:\/\/grandeinc.com\/fr\/#website\",\"url\":\"http:\/\/grandeinc.com\/fr\/\",\"name\":\"Grande Gestion des Eaux\",\"description\":\"\",\"publisher\":{\"@id\":\"http:\/\/grandeinc.com\/fr\/#organization\"},\"potentialAction\":[{\"@type\":\"SearchAction\",\"target\":{\"@type\":\"EntryPoint\",\"urlTemplate\":\"http:\/\/grandeinc.com\/fr\/?s={search_term_string}\"},\"query-input\":{\"@type\":\"PropertyValueSpecification\",\"valueRequired\":true,\"valueName\":\"search_term_string\"}}],\"inLanguage\":\"fr-CA\"},{\"@type\":\"Organization\",\"@id\":\"http:\/\/grandeinc.com\/fr\/#organization\",\"name\":\"Grande Gestion des Eaux\",\"url\":\"http:\/\/grandeinc.com\/fr\/\",\"logo\":{\"@type\":\"ImageObject\",\"inLanguage\":\"fr-CA\",\"@id\":\"http:\/\/grandeinc.com\/fr\/#\/schema\/logo\/image\/\",\"url\":\"https:\/\/grandeinc.com\/wp-content\/uploads\/2024\/11\/logo.png\",\"contentUrl\":\"https:\/\/grandeinc.com\/wp-content\/uploads\/2024\/11\/logo.png\",\"width\":260,\"height\":84,\"caption\":\"Grande Gestion des Eaux\"},\"image\":{\"@id\":\"http:\/\/grandeinc.com\/fr\/#\/schema\/logo\/image\/\"},\"sameAs\":[\"https:\/\/www.facebook.com\/GrandeWaterManagement\"]}]}<\/script>\n<!-- \/ Yoast SEO plugin. -->","yoast_head_json":{"title":"ACU-TIP (Seau Basculant) - Grande Gestion des Eaux","robots":{"index":"index","follow":"follow","max-snippet":"max-snippet:-1","max-image-preview":"max-image-preview:large","max-video-preview":"max-video-preview:-1"},"canonical":"https:\/\/grandeinc.com\/fr\/produits\/rincage-des-reservoirs-et-des-egouts-2\/acu-tip-seau-basculant\/","og_locale":"fr_CA","og_type":"article","og_title":"ACU-TIP (Seau Basculant) - Grande Gestion des Eaux","og_description":"Demander une brochure L&rsquo;auget basculant ACU-TIP est un syst\u00e8me de chasse de s\u00e9diments con\u00e7u pour \u00e9liminer les d\u00e9bris d\u00e9pos\u00e9s au fond des r\u00e9servoirs, tels que les r\u00e9servoirs de r\u00e9tention des eaux pluviales ou CSO et les r\u00e9servoirs d&rsquo;\u00e9galisation sanitaire. Le syst\u00e8me fonctionne en lib\u00e9rant un torrent d\u2019eau fra\u00eeche stock\u00e9e dans la benne basculante. La vague","og_url":"https:\/\/grandeinc.com\/fr\/produits\/rincage-des-reservoirs-et-des-egouts-2\/acu-tip-seau-basculant\/","og_site_name":"Grande Gestion des Eaux","article_publisher":"https:\/\/www.facebook.com\/GrandeWaterManagement","article_modified_time":"2024-07-16T03:36:14+00:00","og_image":[{"url":"http:\/\/grandeinc.com\/wp-content\/uploads\/2024\/05\/acu-tip-01.jpg","type":"","width":"","height":""}],"twitter_card":"summary_large_image","twitter_misc":{"Estimation du temps de lecture":"3 minutes"},"schema":{"@context":"https:\/\/schema.org","@graph":[{"@type":"WebPage","@id":"https:\/\/grandeinc.com\/produits\/rincage-des-reservoirs-et-des-egouts-2\/acu-tip-seau-basculant\/","url":"https:\/\/grandeinc.com\/produits\/rincage-des-reservoirs-et-des-egouts-2\/acu-tip-seau-basculant\/","name":"ACU-TIP (Seau Basculant) - Grande Gestion des Eaux","isPartOf":{"@id":"http:\/\/grandeinc.com\/fr\/#website"},"primaryImageOfPage":{"@id":"https:\/\/grandeinc.com\/produits\/rincage-des-reservoirs-et-des-egouts-2\/acu-tip-seau-basculant\/#primaryimage"},"image":{"@id":"https:\/\/grandeinc.com\/produits\/rincage-des-reservoirs-et-des-egouts-2\/acu-tip-seau-basculant\/#primaryimage"},"thumbnailUrl":"http:\/\/grandeinc.com\/wp-content\/uploads\/2024\/05\/acu-tip-01.jpg","datePublished":"2024-06-02T17:07:51+00:00","dateModified":"2024-07-16T03:36:14+00:00","breadcrumb":{"@id":"https:\/\/grandeinc.com\/produits\/rincage-des-reservoirs-et-des-egouts-2\/acu-tip-seau-basculant\/#breadcrumb"},"inLanguage":"fr-CA","potentialAction":[{"@type":"ReadAction","target":["https:\/\/grandeinc.com\/produits\/rincage-des-reservoirs-et-des-egouts-2\/acu-tip-seau-basculant\/"]}]},{"@type":"ImageObject","inLanguage":"fr-CA","@id":"https:\/\/grandeinc.com\/produits\/rincage-des-reservoirs-et-des-egouts-2\/acu-tip-seau-basculant\/#primaryimage","url":"http:\/\/grandeinc.com\/wp-content\/uploads\/2024\/05\/acu-tip-01.jpg","contentUrl":"http:\/\/grandeinc.com\/wp-content\/uploads\/2024\/05\/acu-tip-01.jpg"},{"@type":"BreadcrumbList","@id":"https:\/\/grandeinc.com\/produits\/rincage-des-reservoirs-et-des-egouts-2\/acu-tip-seau-basculant\/#breadcrumb","itemListElement":[{"@type":"ListItem","position":1,"name":"Accueil","item":"https:\/\/grandeinc.com\/"},{"@type":"ListItem","position":2,"name":"Produits","item":"https:\/\/grandeinc.com\/produits\/"},{"@type":"ListItem","position":3,"name":"Rin\u00e7age des r\u00e9servoirs et des \u00e9gouts","item":"https:\/\/grandeinc.com\/produits\/rincage-des-reservoirs-et-des-egouts-2\/"},{"@type":"ListItem","position":4,"name":"ACU-TIP (Seau Basculant)"}]},{"@type":"WebSite","@id":"http:\/\/grandeinc.com\/fr\/#website","url":"http:\/\/grandeinc.com\/fr\/","name":"Grande Gestion des Eaux","description":"","publisher":{"@id":"http:\/\/grandeinc.com\/fr\/#organization"},"potentialAction":[{"@type":"SearchAction","target":{"@type":"EntryPoint","urlTemplate":"http:\/\/grandeinc.com\/fr\/?s={search_term_string}"},"query-input":{"@type":"PropertyValueSpecification","valueRequired":true,"valueName":"search_term_string"}}],"inLanguage":"fr-CA"},{"@type":"Organization","@id":"http:\/\/grandeinc.com\/fr\/#organization","name":"Grande Gestion des Eaux","url":"http:\/\/grandeinc.com\/fr\/","logo":{"@type":"ImageObject","inLanguage":"fr-CA","@id":"http:\/\/grandeinc.com\/fr\/#\/schema\/logo\/image\/","url":"https:\/\/grandeinc.com\/wp-content\/uploads\/2024\/11\/logo.png","contentUrl":"https:\/\/grandeinc.com\/wp-content\/uploads\/2024\/11\/logo.png","width":260,"height":84,"caption":"Grande Gestion des Eaux"},"image":{"@id":"http:\/\/grandeinc.com\/fr\/#\/schema\/logo\/image\/"},"sameAs":["https:\/\/www.facebook.com\/GrandeWaterManagement"]}]}},"_links":{"self":[{"href":"https:\/\/grandeinc.com\/fr\/wp-json\/wp\/v2\/pages\/719","targetHints":{"allow":["GET"]}}],"collection":[{"href":"https:\/\/grandeinc.com\/fr\/wp-json\/wp\/v2\/pages"}],"about":[{"href":"https:\/\/grandeinc.com\/fr\/wp-json\/wp\/v2\/types\/page"}],"author":[{"embeddable":true,"href":"https:\/\/grandeinc.com\/fr\/wp-json\/wp\/v2\/users\/4"}],"replies":[{"embeddable":true,"href":"https:\/\/grandeinc.com\/fr\/wp-json\/wp\/v2\/comments?post=719"}],"version-history":[{"count":15,"href":"https:\/\/grandeinc.com\/fr\/wp-json\/wp\/v2\/pages\/719\/revisions"}],"predecessor-version":[{"id":1221,"href":"https:\/\/grandeinc.com\/fr\/wp-json\/wp\/v2\/pages\/719\/revisions\/1221"}],"up":[{"embeddable":true,"href":"https:\/\/grandeinc.com\/fr\/wp-json\/wp\/v2\/pages\/597"}],"wp:attachment":[{"href":"https:\/\/grandeinc.com\/fr\/wp-json\/wp\/v2\/media?parent=719"}],"curies":[{"name":"wp","href":"https:\/\/api.w.org\/{rel}","templated":true}]}}