{"id":712,"date":"2024-06-02T09:09:19","date_gmt":"2024-06-02T13:09:19","guid":{"rendered":"https:\/\/grandeinc.com\/?page_id=712"},"modified":"2024-11-25T11:55:55","modified_gmt":"2024-11-25T16:55:55","slug":"retention-des-objets-flottants","status":"publish","type":"page","link":"https:\/\/grandeinc.com\/fr\/produits\/retention-des-objets-flottants\/","title":{"rendered":"R\u00e9tention des objets flottants"},"content":{"rendered":"<p><section class=\"kc-elm kc-css-578493 kc_row\"><div class=\"kc-row-container  kc-container\"><div class=\"kc-wrap-columns\"><div class=\"kc-elm kc-css-423886 kc_col-sm-12 kc_column kc_col-sm-12\"><div class=\"kc-col-container\"><div class=\"kc-elm kc-css-745789 kc_text_block\"><\/p>\n<p style=\"text-align: center;\">Ces syst\u00e8mes sont con\u00e7us pour emp\u00eacher les d\u00e9bris flottants de p\u00e9n\u00e9trer dans les syst\u00e8mes de trop-plein d\u2019eaux pluviales, les syst\u00e8mes de trop-plein d\u2019\u00e9gouts unitaires (CSO) et les syst\u00e8mes de trop-plein d\u2019\u00e9gouts sanitaires (SSO).<\/p>\n<p>\n<\/div><\/div><\/div><\/div><\/div><\/section><section class=\"kc-elm kc-css-367708 kc_row\"><div class=\"kc-row-container  kc-container\"><div class=\"kc-wrap-columns\"><div class=\"kc-elm kc-css-632577 kc_col-sm-4 kc_column kc_col-sm-4\"><div class=\"kc-col-container\"><div class=\"kc-elm kc-css-776119 kc-feature-boxes kc-fb-layout-2\">\n\n\t<figure class=\"content-image\"><img decoding=\"async\" src=\"https:\/\/grandeinc.com\/wp-content\/uploads\/2024\/06\/acu-lam.jpg\" alt=\"\"><\/figure><div class=\"content-title\">D\u00e9flecteur \u00e0 lamelles ACU-LAM<\/div><div class=\"content-desc\"><br>Jusqu'\u00e0 90\u00a0cm de profondeur d'\u00e9coulement<\/br>\r\n<br>Construction modulaire jusqu'\u00e0 2\u00a0m\u00e8tres de long<\/br>\r\n<br>Faible r\u00e9sistance hydraulique<\/br>\r\n<br>Facile \u00e0 adapter aux installations existantes<\/br>\r\n<br>Construction en acier inoxydable<\/br>\r\n<\/div><div class=\"content-button\"><a href=\"\/produits\/retention-des-objets-flottants\/acu-lam-cloison-a-lamelles\/\" target=\"_self\" title=\"\">En savoir plus<\/a><\/div>\n<\/div>\n<\/div><\/div><div class=\"kc-elm kc-css-176525 kc_col-sm-4 kc_column kc_col-sm-4\"><div class=\"kc-col-container\"><div class=\"kc-elm kc-css-734851 kc-feature-boxes kc-fb-layout-2\">\n\n\t<figure class=\"content-image\"><img decoding=\"async\" src=\"https:\/\/grandeinc.com\/wp-content\/uploads\/2024\/06\/Floatables-Retention.jpg\" alt=\"\"><\/figure><div class=\"content-title\">D\u00e9flecteur flottant auto-ajustable ACU-SELF<\/div><div class=\"content-desc\"><br>Jusqu'\u00e0 90\u00a0cm de profondeur d'\u00e9coulement<\/br>\r\n<br>Construction modulaire jusqu'\u00e0 4\u00a0m\u00e8tres de long<\/br>\r\n<br>Augmente avec une augmentation minime du niveau d'eau en aval<\/br>\r\n<br>Faible r\u00e9sistance hydraulique<\/br>\r\n<br>Exp\u00e9di\u00e9 pr\u00eat \u00e0 installer<\/br>\r\n<br>Facile \u00e0 adapter aux installations existantes<\/br>\r\n<br>Construction en acier inoxydable<\/br><\/div><div class=\"content-button\"><a href=\"\/produits\/retention-des-objets-flottants\/deflecteur-flottant-auto-ajustable-acu-self\/\" target=\"_self\" title=\"\">En savoir plus<\/a><\/div>\n<\/div>\n<\/div><\/div><div class=\"kc-elm kc-css-956133 kc_col-sm-4 kc_column kc_col-sm-4\"><div class=\"kc-col-container\"><div class=\"kc-elm kc-css-674368 kc-feature-boxes kc-fb-layout-2\">\n\n\t<figure class=\"content-image\"><img decoding=\"async\" src=\"https:\/\/grandeinc.com\/wp-content\/uploads\/2024\/06\/acu-stat.jpg\" alt=\"\"><\/figure><div class=\"content-title\">D\u00e9flecteur fixe ACU-STAT<\/div><div class=\"content-desc\"><br>Jusqu'\u00e0 3 pieds (90 cm) de profondeur d'\u00e9coulement<\/br>\r\n<br>Construction modulaire jusqu'\u00e0 20 pieds (6 m) de long<\/br>\r\n<br>Augmente avec une augmentation minime du niveau d\u2019eau en aval<\/br>\r\n<br>Faible r\u00e9sistance hydraulique<\/br>\r\n<br>Exp\u00e9di\u00e9 pr\u00eat \u00e0 installer<\/br>\r\n<br>Facile \u00e0 adapter aux installations existantes<\/br>\r\n<br>Construction en acier inoxydable<\/br><\/div><div class=\"content-button\"><a href=\"\/produits\/retention-des-objets-flottants\/deflecteur-fixe-acu-stat\/\" target=\"_self\" title=\"\">En savoir plus<\/a><\/div>\n<\/div>\n<\/div><\/div><\/div><\/div><\/section><\/p>\n","protected":false},"excerpt":{"rendered":"","protected":false},"author":4,"featured_media":0,"parent":8,"menu_order":0,"comment_status":"closed","ping_status":"closed","template":"","meta":{"footnotes":""},"class_list":["post-712","page","type-page","status-publish","hentry"],"yoast_head":"<!-- This site is optimized with the Yoast SEO plugin v24.0 - https:\/\/yoast.com\/wordpress\/plugins\/seo\/ -->\n<title>R\u00e9tention des objets flottants - Grande Gestion des Eaux<\/title>\n<meta name=\"robots\" content=\"index, follow, max-snippet:-1, max-image-preview:large, max-video-preview:-1\" \/>\n<link rel=\"canonical\" href=\"https:\/\/grandeinc.com\/fr\/produits\/retention-des-objets-flottants\/\" \/>\n<meta property=\"og:locale\" content=\"fr_CA\" \/>\n<meta property=\"og:type\" content=\"article\" \/>\n<meta property=\"og:title\" content=\"R\u00e9tention des objets flottants - Grande Gestion des Eaux\" \/>\n<meta property=\"og:description\" content=\"Ces syst\u00e8mes sont con\u00e7us pour emp\u00eacher les d\u00e9bris flottants de p\u00e9n\u00e9trer dans les syst\u00e8mes de trop-plein d\u2019eaux pluviales, les syst\u00e8mes de trop-plein d\u2019\u00e9gouts unitaires (CSO) et les syst\u00e8mes de trop-plein d\u2019\u00e9gouts sanitaires (SSO). D\u00e9flecteur \u00e0 lamelles ACU-LAM Jusqu&rsquo;\u00e0 90\u00a0cm de profondeur d&rsquo;\u00e9coulement Construction modulaire jusqu&rsquo;\u00e0 2\u00a0m\u00e8tres de long Faible r\u00e9sistance hydraulique Facile \u00e0 adapter aux\" \/>\n<meta property=\"og:url\" content=\"https:\/\/grandeinc.com\/fr\/produits\/retention-des-objets-flottants\/\" \/>\n<meta property=\"og:site_name\" content=\"Grande Gestion des Eaux\" \/>\n<meta property=\"article:publisher\" content=\"https:\/\/www.facebook.com\/GrandeWaterManagement\" \/>\n<meta property=\"article:modified_time\" content=\"2024-11-25T16:55:55+00:00\" \/>\n<meta property=\"og:image\" content=\"http:\/\/grandeinc.com\/wp-content\/uploads\/2024\/06\/acu-lam.jpg\" \/>\n<meta name=\"twitter:card\" content=\"summary_large_image\" \/>\n<meta name=\"twitter:label1\" content=\"Estimation du temps de lecture\" \/>\n\t<meta name=\"twitter:data1\" content=\"1 minute\" \/>\n<script type=\"application\/ld+json\" class=\"yoast-schema-graph\">{\"@context\":\"https:\/\/schema.org\",\"@graph\":[{\"@type\":\"WebPage\",\"@id\":\"https:\/\/grandeinc.com\/produits\/retention-des-objets-flottants\/\",\"url\":\"https:\/\/grandeinc.com\/produits\/retention-des-objets-flottants\/\",\"name\":\"R\u00e9tention des objets flottants - Grande Gestion des Eaux\",\"isPartOf\":{\"@id\":\"http:\/\/grandeinc.com\/fr\/#website\"},\"primaryImageOfPage\":{\"@id\":\"https:\/\/grandeinc.com\/produits\/retention-des-objets-flottants\/#primaryimage\"},\"image\":{\"@id\":\"https:\/\/grandeinc.com\/produits\/retention-des-objets-flottants\/#primaryimage\"},\"thumbnailUrl\":\"http:\/\/grandeinc.com\/wp-content\/uploads\/2024\/06\/acu-lam.jpg\",\"datePublished\":\"2024-06-02T13:09:19+00:00\",\"dateModified\":\"2024-11-25T16:55:55+00:00\",\"breadcrumb\":{\"@id\":\"https:\/\/grandeinc.com\/produits\/retention-des-objets-flottants\/#breadcrumb\"},\"inLanguage\":\"fr-CA\",\"potentialAction\":[{\"@type\":\"ReadAction\",\"target\":[\"https:\/\/grandeinc.com\/produits\/retention-des-objets-flottants\/\"]}]},{\"@type\":\"ImageObject\",\"inLanguage\":\"fr-CA\",\"@id\":\"https:\/\/grandeinc.com\/produits\/retention-des-objets-flottants\/#primaryimage\",\"url\":\"http:\/\/grandeinc.com\/wp-content\/uploads\/2024\/06\/acu-lam.jpg\",\"contentUrl\":\"http:\/\/grandeinc.com\/wp-content\/uploads\/2024\/06\/acu-lam.jpg\"},{\"@type\":\"BreadcrumbList\",\"@id\":\"https:\/\/grandeinc.com\/produits\/retention-des-objets-flottants\/#breadcrumb\",\"itemListElement\":[{\"@type\":\"ListItem\",\"position\":1,\"name\":\"Accueil\",\"item\":\"https:\/\/grandeinc.com\/\"},{\"@type\":\"ListItem\",\"position\":2,\"name\":\"Produits\",\"item\":\"https:\/\/grandeinc.com\/produits\/\"},{\"@type\":\"ListItem\",\"position\":3,\"name\":\"R\u00e9tention des objets flottants\"}]},{\"@type\":\"WebSite\",\"@id\":\"http:\/\/grandeinc.com\/fr\/#website\",\"url\":\"http:\/\/grandeinc.com\/fr\/\",\"name\":\"Grande Gestion des Eaux\",\"description\":\"\",\"publisher\":{\"@id\":\"http:\/\/grandeinc.com\/fr\/#organization\"},\"potentialAction\":[{\"@type\":\"SearchAction\",\"target\":{\"@type\":\"EntryPoint\",\"urlTemplate\":\"http:\/\/grandeinc.com\/fr\/?s={search_term_string}\"},\"query-input\":{\"@type\":\"PropertyValueSpecification\",\"valueRequired\":true,\"valueName\":\"search_term_string\"}}],\"inLanguage\":\"fr-CA\"},{\"@type\":\"Organization\",\"@id\":\"http:\/\/grandeinc.com\/fr\/#organization\",\"name\":\"Grande Gestion des Eaux\",\"url\":\"http:\/\/grandeinc.com\/fr\/\",\"logo\":{\"@type\":\"ImageObject\",\"inLanguage\":\"fr-CA\",\"@id\":\"http:\/\/grandeinc.com\/fr\/#\/schema\/logo\/image\/\",\"url\":\"https:\/\/grandeinc.com\/wp-content\/uploads\/2024\/11\/logo.png\",\"contentUrl\":\"https:\/\/grandeinc.com\/wp-content\/uploads\/2024\/11\/logo.png\",\"width\":260,\"height\":84,\"caption\":\"Grande Gestion des Eaux\"},\"image\":{\"@id\":\"http:\/\/grandeinc.com\/fr\/#\/schema\/logo\/image\/\"},\"sameAs\":[\"https:\/\/www.facebook.com\/GrandeWaterManagement\"]}]}<\/script>\n<!-- \/ Yoast SEO plugin. -->","yoast_head_json":{"title":"R\u00e9tention des objets flottants - Grande Gestion des Eaux","robots":{"index":"index","follow":"follow","max-snippet":"max-snippet:-1","max-image-preview":"max-image-preview:large","max-video-preview":"max-video-preview:-1"},"canonical":"https:\/\/grandeinc.com\/fr\/produits\/retention-des-objets-flottants\/","og_locale":"fr_CA","og_type":"article","og_title":"R\u00e9tention des objets flottants - Grande Gestion des Eaux","og_description":"Ces syst\u00e8mes sont con\u00e7us pour emp\u00eacher les d\u00e9bris flottants de p\u00e9n\u00e9trer dans les syst\u00e8mes de trop-plein d\u2019eaux pluviales, les syst\u00e8mes de trop-plein d\u2019\u00e9gouts unitaires (CSO) et les syst\u00e8mes de trop-plein d\u2019\u00e9gouts sanitaires (SSO). D\u00e9flecteur \u00e0 lamelles ACU-LAM Jusqu&rsquo;\u00e0 90\u00a0cm de profondeur d&rsquo;\u00e9coulement Construction modulaire jusqu&rsquo;\u00e0 2\u00a0m\u00e8tres de long Faible r\u00e9sistance hydraulique Facile \u00e0 adapter aux","og_url":"https:\/\/grandeinc.com\/fr\/produits\/retention-des-objets-flottants\/","og_site_name":"Grande Gestion des Eaux","article_publisher":"https:\/\/www.facebook.com\/GrandeWaterManagement","article_modified_time":"2024-11-25T16:55:55+00:00","og_image":[{"url":"http:\/\/grandeinc.com\/wp-content\/uploads\/2024\/06\/acu-lam.jpg","type":"","width":"","height":""}],"twitter_card":"summary_large_image","twitter_misc":{"Estimation du temps de lecture":"1 minute"},"schema":{"@context":"https:\/\/schema.org","@graph":[{"@type":"WebPage","@id":"https:\/\/grandeinc.com\/produits\/retention-des-objets-flottants\/","url":"https:\/\/grandeinc.com\/produits\/retention-des-objets-flottants\/","name":"R\u00e9tention des objets flottants - Grande Gestion des Eaux","isPartOf":{"@id":"http:\/\/grandeinc.com\/fr\/#website"},"primaryImageOfPage":{"@id":"https:\/\/grandeinc.com\/produits\/retention-des-objets-flottants\/#primaryimage"},"image":{"@id":"https:\/\/grandeinc.com\/produits\/retention-des-objets-flottants\/#primaryimage"},"thumbnailUrl":"http:\/\/grandeinc.com\/wp-content\/uploads\/2024\/06\/acu-lam.jpg","datePublished":"2024-06-02T13:09:19+00:00","dateModified":"2024-11-25T16:55:55+00:00","breadcrumb":{"@id":"https:\/\/grandeinc.com\/produits\/retention-des-objets-flottants\/#breadcrumb"},"inLanguage":"fr-CA","potentialAction":[{"@type":"ReadAction","target":["https:\/\/grandeinc.com\/produits\/retention-des-objets-flottants\/"]}]},{"@type":"ImageObject","inLanguage":"fr-CA","@id":"https:\/\/grandeinc.com\/produits\/retention-des-objets-flottants\/#primaryimage","url":"http:\/\/grandeinc.com\/wp-content\/uploads\/2024\/06\/acu-lam.jpg","contentUrl":"http:\/\/grandeinc.com\/wp-content\/uploads\/2024\/06\/acu-lam.jpg"},{"@type":"BreadcrumbList","@id":"https:\/\/grandeinc.com\/produits\/retention-des-objets-flottants\/#breadcrumb","itemListElement":[{"@type":"ListItem","position":1,"name":"Accueil","item":"https:\/\/grandeinc.com\/"},{"@type":"ListItem","position":2,"name":"Produits","item":"https:\/\/grandeinc.com\/produits\/"},{"@type":"ListItem","position":3,"name":"R\u00e9tention des objets flottants"}]},{"@type":"WebSite","@id":"http:\/\/grandeinc.com\/fr\/#website","url":"http:\/\/grandeinc.com\/fr\/","name":"Grande Gestion des Eaux","description":"","publisher":{"@id":"http:\/\/grandeinc.com\/fr\/#organization"},"potentialAction":[{"@type":"SearchAction","target":{"@type":"EntryPoint","urlTemplate":"http:\/\/grandeinc.com\/fr\/?s={search_term_string}"},"query-input":{"@type":"PropertyValueSpecification","valueRequired":true,"valueName":"search_term_string"}}],"inLanguage":"fr-CA"},{"@type":"Organization","@id":"http:\/\/grandeinc.com\/fr\/#organization","name":"Grande Gestion des Eaux","url":"http:\/\/grandeinc.com\/fr\/","logo":{"@type":"ImageObject","inLanguage":"fr-CA","@id":"http:\/\/grandeinc.com\/fr\/#\/schema\/logo\/image\/","url":"https:\/\/grandeinc.com\/wp-content\/uploads\/2024\/11\/logo.png","contentUrl":"https:\/\/grandeinc.com\/wp-content\/uploads\/2024\/11\/logo.png","width":260,"height":84,"caption":"Grande Gestion des Eaux"},"image":{"@id":"http:\/\/grandeinc.com\/fr\/#\/schema\/logo\/image\/"},"sameAs":["https:\/\/www.facebook.com\/GrandeWaterManagement"]}]}},"_links":{"self":[{"href":"https:\/\/grandeinc.com\/fr\/wp-json\/wp\/v2\/pages\/712","targetHints":{"allow":["GET"]}}],"collection":[{"href":"https:\/\/grandeinc.com\/fr\/wp-json\/wp\/v2\/pages"}],"about":[{"href":"https:\/\/grandeinc.com\/fr\/wp-json\/wp\/v2\/types\/page"}],"author":[{"embeddable":true,"href":"https:\/\/grandeinc.com\/fr\/wp-json\/wp\/v2\/users\/4"}],"replies":[{"embeddable":true,"href":"https:\/\/grandeinc.com\/fr\/wp-json\/wp\/v2\/comments?post=712"}],"version-history":[{"count":9,"href":"https:\/\/grandeinc.com\/fr\/wp-json\/wp\/v2\/pages\/712\/revisions"}],"predecessor-version":[{"id":1311,"href":"https:\/\/grandeinc.com\/fr\/wp-json\/wp\/v2\/pages\/712\/revisions\/1311"}],"up":[{"embeddable":true,"href":"https:\/\/grandeinc.com\/fr\/wp-json\/wp\/v2\/pages\/8"}],"wp:attachment":[{"href":"https:\/\/grandeinc.com\/fr\/wp-json\/wp\/v2\/media?parent=712"}],"curies":[{"name":"wp","href":"https:\/\/api.w.org\/{rel}","templated":true}]}}