{"id":707,"date":"2024-06-02T08:53:20","date_gmt":"2024-06-02T12:53:20","guid":{"rendered":"https:\/\/grandeinc.com\/?page_id=707"},"modified":"2024-11-25T11:59:32","modified_gmt":"2024-11-25T16:59:32","slug":"prevention-de-reflux","status":"publish","type":"page","link":"https:\/\/grandeinc.com\/fr\/produits\/prevention-de-reflux\/","title":{"rendered":"Pr\u00e9vention du reflux"},"content":{"rendered":"<section class=\"kc-elm kc-css-989675 kc_row\"><div class=\"kc-row-container  kc-container\"><div class=\"kc-wrap-columns\"><div class=\"kc-elm kc-css-364412 kc_col-sm-12 kc_column kc_col-sm-12\"><div class=\"kc-col-container\"><div class=\"kc-elm kc-css-112160 kc_text_block\"><\/p>\n<p style=\"text-align: center;\">Ces syst\u00e8mes sont con\u00e7us pour pr\u00e9venir les inondations et les reflux caus\u00e9s par les niveaux d\u2019eau \u00e9lev\u00e9s en aval.<\/p>\n<p>\n<\/div><div class=\"kc-elm kc-css-786574 kc_row kc_row_inner\"><div class=\"kc-elm kc-css-560057 kc_col-sm-4 kc_column_inner kc_col-sm-4\"><div class=\"kc_wrapper kc-col-inner-container\"><div class=\"kc-elm kc-css-297159 kc-feature-boxes kc-fb-layout-2\">\n\n\t<figure class=\"content-image\"><img decoding=\"async\" src=\"https:\/\/grandeinc.com\/wp-content\/uploads\/2024\/06\/sure-flap.jpg\" alt=\"\"><\/figure><div class=\"content-title\">Clapet anti-retour SURE-FLAP<\/div><div class=\"content-desc\"><br>Jusqu'\u00e0 6\u00a0m de t\u00eate<\/br>\r\n<br>Construction modulaire jusqu'\u00e0 6\u00a0m de long<\/br>\r\n<br>Rabat rigide en acier inoxydable<\/br>\r\n<br>Forme hydrauliquement id\u00e9ale<\/br>\r\n<br>La conception garantit une \u00e9tanch\u00e9it\u00e9 \u00e0 l'air pour le contr\u00f4le des odeurs<\/br>\r\n<br>r\u00e9sistance hydraulique<\/br>\r\n<br>Facile \u00e0 adapter aux installations existantes<\/br>\r\n<br>Construction en acier inoxydable<\/br><\/div><div class=\"content-button\"><a href=\"\/produits\/backflow-prevention\/clapet-anti-retour-sure-flap\/\" target=\"_self\" title=\"\">En savoir plus<\/a><\/div>\n<\/div>\n<\/div><\/div><div class=\"kc-elm kc-css-353650 kc_col-sm-4 kc_column_inner kc_col-sm-4\"><div class=\"kc_wrapper kc-col-inner-container\"><div class=\"kc-elm kc-css-386987 kc-feature-boxes kc-fb-layout-2\">\n\n\t<figure class=\"content-image\"><img decoding=\"async\" src=\"https:\/\/grandeinc.com\/wp-content\/uploads\/2024\/06\/acu-flap.jpg\" alt=\"\"><\/figure><div class=\"content-title\">\u00c9l\u00e9ment d\u00e9versant ACU-FLAP<\/div><div class=\"content-desc\"><br>Jusqu'\u00e0 7 pieds (2 m) de t\u00eate<\/br>\r\n<br>Construction modulaire jusqu'\u00e0 13 pieds (4 m) de long<\/br>\r\n<br>Rabat en \u00e9lastom\u00e8re<\/br>\r\n<br>S'ouvre avec une \u00e9l\u00e9vation minimale du niveau d'eau<\/br>\r\n<br>La conception assure une \u00e9tanch\u00e9it\u00e9 \u00e0 l'air pour le contr\u00f4le des odeurs<\/br>\r\n<br>Faible r\u00e9sistance hydraulique<\/br>\r\n<br>Facile \u00e0 adapter aux installations existantes<\/br>\r\n<br>Construction en acier inoxydable<\/br><\/div><div class=\"content-button\"><a href=\"\/produits\/backflow-prevention\/element-de-controle-acu-flap\/\" target=\"_self\" title=\"\">En savoir plus<\/a><\/div>\n<\/div>\n<\/div><\/div><div class=\"kc-elm kc-css-124884 kc_col-sm-4 kc_column_inner kc_col-sm-4\"><div class=\"kc_wrapper kc-col-inner-container\"><div class=\"kc-elm kc-css-684282 kc-feature-boxes kc-fb-layout-2\">\n\n\t<figure class=\"content-image\"><img decoding=\"async\" src=\"https:\/\/grandeinc.com\/wp-content\/uploads\/2024\/06\/tru-flap.jpg\" alt=\"\"><\/figure><div class=\"content-title\">Volet flottant TRU-FLAP<\/div><div class=\"content-desc\"><br>Jusqu'\u00e0 1,2\u00a0m de t\u00eate<\/br>\r\n<br>Construction modulaire jusqu'\u00e0 6\u00a0m de long<\/br>\r\n<br>Forme hydrauliquement id\u00e9ale<\/br>\r\n<br>Le volet est ouvert en position de repos<\/br>\r\n<br>Augmente avec une augmentation minime du niveau d'eau en aval<\/br>\r\n<br>Faible r\u00e9sistance hydraulique<\/br>\r\n<br>Facile \u00e0 adapter aux installations existantes<\/br>\r\n<br>Construction en acier inoxydable<\/br><\/div><div class=\"content-button\"><a href=\"\/produits\/backflow-prevention\/volet-flottant-tru-flap\/\" target=\"_self\" title=\"\">En savoir plus<\/a><\/div>\n<\/div>\n<\/div><\/div><\/div><\/div><\/div><\/div><\/div><\/section>\n","protected":false},"excerpt":{"rendered":"","protected":false},"author":4,"featured_media":0,"parent":8,"menu_order":0,"comment_status":"closed","ping_status":"closed","template":"","meta":{"footnotes":""},"class_list":["post-707","page","type-page","status-publish","hentry"],"yoast_head":"<!-- This site is optimized with the Yoast SEO plugin v24.0 - https:\/\/yoast.com\/wordpress\/plugins\/seo\/ -->\n<title>Pr\u00e9vention du reflux - Grande Gestion des Eaux<\/title>\n<meta name=\"robots\" content=\"index, follow, max-snippet:-1, max-image-preview:large, max-video-preview:-1\" \/>\n<link rel=\"canonical\" href=\"https:\/\/grandeinc.com\/fr\/produits\/prevention-de-reflux\/\" \/>\n<meta property=\"og:locale\" content=\"fr_CA\" \/>\n<meta property=\"og:type\" content=\"article\" \/>\n<meta property=\"og:title\" content=\"Pr\u00e9vention du reflux - Grande Gestion des Eaux\" \/>\n<meta property=\"og:description\" content=\"Ces syst\u00e8mes sont con\u00e7us pour pr\u00e9venir les inondations et les reflux caus\u00e9s par les niveaux d\u2019eau \u00e9lev\u00e9s en aval. Clapet anti-retour SURE-FLAP Jusqu&rsquo;\u00e0 6\u00a0m de t\u00eate Construction modulaire jusqu&rsquo;\u00e0 6\u00a0m de long Rabat rigide en acier inoxydable Forme hydrauliquement id\u00e9ale La conception garantit une \u00e9tanch\u00e9it\u00e9 \u00e0 l&rsquo;air pour le contr\u00f4le des odeurs r\u00e9sistance hydraulique Facile\" \/>\n<meta property=\"og:url\" content=\"https:\/\/grandeinc.com\/fr\/produits\/prevention-de-reflux\/\" \/>\n<meta property=\"og:site_name\" content=\"Grande Gestion des Eaux\" \/>\n<meta property=\"article:publisher\" content=\"https:\/\/www.facebook.com\/GrandeWaterManagement\" \/>\n<meta property=\"article:modified_time\" content=\"2024-11-25T16:59:32+00:00\" \/>\n<meta property=\"og:image\" content=\"http:\/\/grandeinc.com\/wp-content\/uploads\/2024\/06\/sure-flap.jpg\" \/>\n<meta name=\"twitter:card\" content=\"summary_large_image\" \/>\n<meta name=\"twitter:label1\" content=\"Estimation du temps de lecture\" \/>\n\t<meta name=\"twitter:data1\" content=\"1 minute\" \/>\n<script type=\"application\/ld+json\" class=\"yoast-schema-graph\">{\"@context\":\"https:\/\/schema.org\",\"@graph\":[{\"@type\":\"WebPage\",\"@id\":\"https:\/\/grandeinc.com\/produits\/prevention-de-reflux\/\",\"url\":\"https:\/\/grandeinc.com\/produits\/prevention-de-reflux\/\",\"name\":\"Pr\u00e9vention du reflux - Grande Gestion des Eaux\",\"isPartOf\":{\"@id\":\"http:\/\/grandeinc.com\/fr\/#website\"},\"primaryImageOfPage\":{\"@id\":\"https:\/\/grandeinc.com\/produits\/prevention-de-reflux\/#primaryimage\"},\"image\":{\"@id\":\"https:\/\/grandeinc.com\/produits\/prevention-de-reflux\/#primaryimage\"},\"thumbnailUrl\":\"http:\/\/grandeinc.com\/wp-content\/uploads\/2024\/06\/sure-flap.jpg\",\"datePublished\":\"2024-06-02T12:53:20+00:00\",\"dateModified\":\"2024-11-25T16:59:32+00:00\",\"breadcrumb\":{\"@id\":\"https:\/\/grandeinc.com\/produits\/prevention-de-reflux\/#breadcrumb\"},\"inLanguage\":\"fr-CA\",\"potentialAction\":[{\"@type\":\"ReadAction\",\"target\":[\"https:\/\/grandeinc.com\/produits\/prevention-de-reflux\/\"]}]},{\"@type\":\"ImageObject\",\"inLanguage\":\"fr-CA\",\"@id\":\"https:\/\/grandeinc.com\/produits\/prevention-de-reflux\/#primaryimage\",\"url\":\"http:\/\/grandeinc.com\/wp-content\/uploads\/2024\/06\/sure-flap.jpg\",\"contentUrl\":\"http:\/\/grandeinc.com\/wp-content\/uploads\/2024\/06\/sure-flap.jpg\"},{\"@type\":\"BreadcrumbList\",\"@id\":\"https:\/\/grandeinc.com\/produits\/prevention-de-reflux\/#breadcrumb\",\"itemListElement\":[{\"@type\":\"ListItem\",\"position\":1,\"name\":\"Accueil\",\"item\":\"https:\/\/grandeinc.com\/\"},{\"@type\":\"ListItem\",\"position\":2,\"name\":\"Produits\",\"item\":\"https:\/\/grandeinc.com\/produits\/\"},{\"@type\":\"ListItem\",\"position\":3,\"name\":\"Pr\u00e9vention du reflux\"}]},{\"@type\":\"WebSite\",\"@id\":\"http:\/\/grandeinc.com\/fr\/#website\",\"url\":\"http:\/\/grandeinc.com\/fr\/\",\"name\":\"Grande Gestion des Eaux\",\"description\":\"\",\"publisher\":{\"@id\":\"http:\/\/grandeinc.com\/fr\/#organization\"},\"potentialAction\":[{\"@type\":\"SearchAction\",\"target\":{\"@type\":\"EntryPoint\",\"urlTemplate\":\"http:\/\/grandeinc.com\/fr\/?s={search_term_string}\"},\"query-input\":{\"@type\":\"PropertyValueSpecification\",\"valueRequired\":true,\"valueName\":\"search_term_string\"}}],\"inLanguage\":\"fr-CA\"},{\"@type\":\"Organization\",\"@id\":\"http:\/\/grandeinc.com\/fr\/#organization\",\"name\":\"Grande Gestion des Eaux\",\"url\":\"http:\/\/grandeinc.com\/fr\/\",\"logo\":{\"@type\":\"ImageObject\",\"inLanguage\":\"fr-CA\",\"@id\":\"http:\/\/grandeinc.com\/fr\/#\/schema\/logo\/image\/\",\"url\":\"https:\/\/grandeinc.com\/wp-content\/uploads\/2024\/11\/logo.png\",\"contentUrl\":\"https:\/\/grandeinc.com\/wp-content\/uploads\/2024\/11\/logo.png\",\"width\":260,\"height\":84,\"caption\":\"Grande Gestion des Eaux\"},\"image\":{\"@id\":\"http:\/\/grandeinc.com\/fr\/#\/schema\/logo\/image\/\"},\"sameAs\":[\"https:\/\/www.facebook.com\/GrandeWaterManagement\"]}]}<\/script>\n<!-- \/ Yoast SEO plugin. -->","yoast_head_json":{"title":"Pr\u00e9vention du reflux - Grande Gestion des Eaux","robots":{"index":"index","follow":"follow","max-snippet":"max-snippet:-1","max-image-preview":"max-image-preview:large","max-video-preview":"max-video-preview:-1"},"canonical":"https:\/\/grandeinc.com\/fr\/produits\/prevention-de-reflux\/","og_locale":"fr_CA","og_type":"article","og_title":"Pr\u00e9vention du reflux - Grande Gestion des Eaux","og_description":"Ces syst\u00e8mes sont con\u00e7us pour pr\u00e9venir les inondations et les reflux caus\u00e9s par les niveaux d\u2019eau \u00e9lev\u00e9s en aval. Clapet anti-retour SURE-FLAP Jusqu&rsquo;\u00e0 6\u00a0m de t\u00eate Construction modulaire jusqu&rsquo;\u00e0 6\u00a0m de long Rabat rigide en acier inoxydable Forme hydrauliquement id\u00e9ale La conception garantit une \u00e9tanch\u00e9it\u00e9 \u00e0 l&rsquo;air pour le contr\u00f4le des odeurs r\u00e9sistance hydraulique Facile","og_url":"https:\/\/grandeinc.com\/fr\/produits\/prevention-de-reflux\/","og_site_name":"Grande Gestion des Eaux","article_publisher":"https:\/\/www.facebook.com\/GrandeWaterManagement","article_modified_time":"2024-11-25T16:59:32+00:00","og_image":[{"url":"http:\/\/grandeinc.com\/wp-content\/uploads\/2024\/06\/sure-flap.jpg","type":"","width":"","height":""}],"twitter_card":"summary_large_image","twitter_misc":{"Estimation du temps de lecture":"1 minute"},"schema":{"@context":"https:\/\/schema.org","@graph":[{"@type":"WebPage","@id":"https:\/\/grandeinc.com\/produits\/prevention-de-reflux\/","url":"https:\/\/grandeinc.com\/produits\/prevention-de-reflux\/","name":"Pr\u00e9vention du reflux - Grande Gestion des Eaux","isPartOf":{"@id":"http:\/\/grandeinc.com\/fr\/#website"},"primaryImageOfPage":{"@id":"https:\/\/grandeinc.com\/produits\/prevention-de-reflux\/#primaryimage"},"image":{"@id":"https:\/\/grandeinc.com\/produits\/prevention-de-reflux\/#primaryimage"},"thumbnailUrl":"http:\/\/grandeinc.com\/wp-content\/uploads\/2024\/06\/sure-flap.jpg","datePublished":"2024-06-02T12:53:20+00:00","dateModified":"2024-11-25T16:59:32+00:00","breadcrumb":{"@id":"https:\/\/grandeinc.com\/produits\/prevention-de-reflux\/#breadcrumb"},"inLanguage":"fr-CA","potentialAction":[{"@type":"ReadAction","target":["https:\/\/grandeinc.com\/produits\/prevention-de-reflux\/"]}]},{"@type":"ImageObject","inLanguage":"fr-CA","@id":"https:\/\/grandeinc.com\/produits\/prevention-de-reflux\/#primaryimage","url":"http:\/\/grandeinc.com\/wp-content\/uploads\/2024\/06\/sure-flap.jpg","contentUrl":"http:\/\/grandeinc.com\/wp-content\/uploads\/2024\/06\/sure-flap.jpg"},{"@type":"BreadcrumbList","@id":"https:\/\/grandeinc.com\/produits\/prevention-de-reflux\/#breadcrumb","itemListElement":[{"@type":"ListItem","position":1,"name":"Accueil","item":"https:\/\/grandeinc.com\/"},{"@type":"ListItem","position":2,"name":"Produits","item":"https:\/\/grandeinc.com\/produits\/"},{"@type":"ListItem","position":3,"name":"Pr\u00e9vention du reflux"}]},{"@type":"WebSite","@id":"http:\/\/grandeinc.com\/fr\/#website","url":"http:\/\/grandeinc.com\/fr\/","name":"Grande Gestion des Eaux","description":"","publisher":{"@id":"http:\/\/grandeinc.com\/fr\/#organization"},"potentialAction":[{"@type":"SearchAction","target":{"@type":"EntryPoint","urlTemplate":"http:\/\/grandeinc.com\/fr\/?s={search_term_string}"},"query-input":{"@type":"PropertyValueSpecification","valueRequired":true,"valueName":"search_term_string"}}],"inLanguage":"fr-CA"},{"@type":"Organization","@id":"http:\/\/grandeinc.com\/fr\/#organization","name":"Grande Gestion des Eaux","url":"http:\/\/grandeinc.com\/fr\/","logo":{"@type":"ImageObject","inLanguage":"fr-CA","@id":"http:\/\/grandeinc.com\/fr\/#\/schema\/logo\/image\/","url":"https:\/\/grandeinc.com\/wp-content\/uploads\/2024\/11\/logo.png","contentUrl":"https:\/\/grandeinc.com\/wp-content\/uploads\/2024\/11\/logo.png","width":260,"height":84,"caption":"Grande Gestion des Eaux"},"image":{"@id":"http:\/\/grandeinc.com\/fr\/#\/schema\/logo\/image\/"},"sameAs":["https:\/\/www.facebook.com\/GrandeWaterManagement"]}]}},"_links":{"self":[{"href":"https:\/\/grandeinc.com\/fr\/wp-json\/wp\/v2\/pages\/707","targetHints":{"allow":["GET"]}}],"collection":[{"href":"https:\/\/grandeinc.com\/fr\/wp-json\/wp\/v2\/pages"}],"about":[{"href":"https:\/\/grandeinc.com\/fr\/wp-json\/wp\/v2\/types\/page"}],"author":[{"embeddable":true,"href":"https:\/\/grandeinc.com\/fr\/wp-json\/wp\/v2\/users\/4"}],"replies":[{"embeddable":true,"href":"https:\/\/grandeinc.com\/fr\/wp-json\/wp\/v2\/comments?post=707"}],"version-history":[{"count":25,"href":"https:\/\/grandeinc.com\/fr\/wp-json\/wp\/v2\/pages\/707\/revisions"}],"predecessor-version":[{"id":1314,"href":"https:\/\/grandeinc.com\/fr\/wp-json\/wp\/v2\/pages\/707\/revisions\/1314"}],"up":[{"embeddable":true,"href":"https:\/\/grandeinc.com\/fr\/wp-json\/wp\/v2\/pages\/8"}],"wp:attachment":[{"href":"https:\/\/grandeinc.com\/fr\/wp-json\/wp\/v2\/media?parent=707"}],"curies":[{"name":"wp","href":"https:\/\/api.w.org\/{rel}","templated":true}]}}