{"id":688,"date":"2024-06-02T20:32:13","date_gmt":"2024-06-03T00:32:13","guid":{"rendered":"https:\/\/grandeinc.com\/?page_id=688"},"modified":"2024-11-25T11:58:12","modified_gmt":"2024-11-25T16:58:12","slug":"regulation-de-debit","status":"publish","type":"page","link":"https:\/\/grandeinc.com\/fr\/produits\/regulation-de-debit\/","title":{"rendered":"R\u00e9gulation du d\u00e9bit"},"content":{"rendered":"<p><section class=\"kc-elm kc-css-172825 kc_row\"><div class=\"kc-row-container  kc-container\"><div class=\"kc-wrap-columns\"><div class=\"kc-elm kc-css-518779 kc_col-sm-12 kc_column kc_col-sm-12\"><div class=\"kc-col-container\"><div class=\"kc-elm kc-css-39266 kc_text_block intro-arch\"><\/p>\n<p style=\"text-align: center;\"><span style=\"color: #646464; font-family: Open Sans;\"><span style=\"font-size: 14px;\">Ces syst\u00e8mes sont con\u00e7us pour maintenir un d\u00e9bit constant et pr\u00e9cis (+\/- 5 %) d&rsquo;un minimum de 16 gpm (1 L\/s) \u00e0 un maximum de 32 000 gpm (2 000 L\/s) et pour des niveaux d&rsquo;eau en amont variant de 0 \u00e0 40 pieds (12 m).<\/span><\/span><\/p>\n<p>\n<\/div><\/div><\/div><\/div><\/div><\/section><section class=\"kc-elm kc-css-221688 kc_row\"><div class=\"kc-row-container  kc-container\"><div class=\"kc-wrap-columns\"><div class=\"kc-elm kc-css-292351 kc_col-sm-4 kc_column kc_col-sm-4\"><div class=\"kc-col-container\"><div class=\"kc-elm kc-css-916403 kc-feature-boxes kc-fb-layout-2\">\n\n\t<figure class=\"content-image\"><img decoding=\"async\" src=\"https:\/\/grandeinc.com\/wp-content\/uploads\/2024\/06\/acu-flo.jpg\" alt=\"\"><\/figure><div class=\"content-title\">R\u00e9gulateur \u00e0 balance ACU-FLO<\/div><div class=\"content-desc\"><br>16\u00a0gpm \u00e0 4\u00a0000\u00a0gpm (1 \u00e0 250\u00a0L\/S)<\/br>\r\n<br>Cours d'amont jusqu'\u00e0 12\u00a0m<\/br>\r\n<br>Peut \u00eatre utilis\u00e9 pour surveiller les flux<\/br>\r\n<br>Peut \u00eatre \u00e9quip\u00e9 pour un fonctionnement \u00e0 distance<\/br>\r\n<br>L'effet de rin\u00e7age automatique emp\u00eache le blocage<\/br>\r\n<br>Le d\u00e9bit de conception peut \u00eatre ajust\u00e9 sur site<\/br>\r\n<br>Facile \u00e0 adapter aux installations existantes<\/br>\r\n<br>Construction en acier inoxydable<\/br>\r\n<\/div><div class=\"content-button\"><a href=\"\/produits\/regulation-de-debit\/acu-flo-regulateur-dequilibre\/\" target=\"_self\" title=\"\">En savoir plus<\/a><\/div>\n<\/div>\n<\/div><\/div><div class=\"kc-elm kc-css-778523 kc_col-sm-4 kc_column kc_col-sm-4\"><div class=\"kc-col-container\"><div class=\"kc-elm kc-css-513700 kc-feature-boxes kc-fb-layout-2\">\n\n\t<figure class=\"content-image\"><img decoding=\"async\" src=\"https:\/\/grandeinc.com\/wp-content\/uploads\/2024\/06\/acu-jet.jpg\" alt=\"\"><\/figure><div class=\"content-title\">R\u00e9gulateur \u00e0 jet ACU-JET<\/div><div class=\"content-desc\"><br>235\u00a0gpm \u00e0 32\u00a0000\u00a0gpm (15 \u00e0 2\u00a0000 L\/S)<\/br>\r\n<br>Cours d'amont jusqu'\u00e0 12\u00a0m<\/br>\r\n<br>Aucun d\u00e9calage de sol requis<\/br>\r\n<br>Peut \u00eatre \u00e9quip\u00e9 pour un fonctionnement \u00e0 distance<\/br>\r\n<br>L'effet de rin\u00e7age automatique emp\u00eache le blocage<\/br>\r\n<br>Le d\u00e9bit de conception peut \u00eatre ajust\u00e9 sur site<\/br>\r\n<br>Facile \u00e0 adapter aux installations existantes<\/br>\r\n<br>Construction en acier inoxydable<\/br><\/div><div class=\"content-button\"><a href=\"\/produits\/regulation-de-debit\/regulateur-de-jet-acu-jet\/\" target=\"_self\" title=\"\">En savoir plus<\/a><\/div>\n<\/div>\n<\/div><\/div><div class=\"kc-elm kc-css-168890 kc_col-sm-4 kc_column kc_col-sm-4\"><div class=\"kc-col-container\"><div class=\"kc-elm kc-css-229584 kc-feature-boxes kc-fb-layout-2\">\n\n\t<figure class=\"content-image\"><img decoding=\"async\" src=\"https:\/\/grandeinc.com\/wp-content\/uploads\/2024\/06\/tru-flo.jpg\" alt=\"\"><\/figure><div class=\"content-title\">R\u00e9gulateur compact TRU-FLO<\/div><div class=\"content-desc\"><br>160\u00a0gpm \u00e0 7\u00a0100\u00a0gpm (10 \u00e0 450 L\/S)<\/br>\r\n<br>Cours d'amont jusqu'\u00e0 8\u00a0m\u00e8tres<\/br>\r\n<br>Aucune structure distincte requise<\/br>\r\n<br>Aucun d\u00e9calage d'inversion de sol requis<\/br>\r\n<br>Con\u00e7u pour fonctionner dans des conditions immerg\u00e9es<\/br>\r\n<br>L'effet de rin\u00e7age automatique emp\u00eache le blocage<\/br>\r\n<br>Le d\u00e9bit de conception peut \u00eatre ajust\u00e9 sur site<\/br>\r\n<br>Facile \u00e0 adapter aux installations existantes<\/br>\r\n<br>Construction en acier inoxydable<\/br><\/div><div class=\"content-button\"><a href=\"\/produits\/regulation-de-debit\/regulateur-compact-tru-flo\/\" target=\"_self\" title=\"\">En savoir plus<\/a><\/div>\n<\/div>\n<\/div><\/div><\/div><\/div><\/section><section class=\"kc-elm kc-css-119759 kc_row\"><div class=\"kc-row-container  kc-container\"><div class=\"kc-wrap-columns\"><div class=\"kc-elm kc-css-314864 kc_col-sm-4 kc_column kc_col-sm-4\"><div class=\"kc-col-container\"><div class=\"kc-elm kc-css-279692 kc-feature-boxes kc-fb-layout-2\">\n\n\t<figure class=\"content-image\"><img decoding=\"async\" src=\"https:\/\/grandeinc.com\/wp-content\/uploads\/2024\/06\/acu-sol.jpg\" alt=\"\"><\/figure><div class=\"content-title\">R\u00e9gulateur \u00e0 \u00e9nergie solaire ACU-SOL<\/div><div class=\"content-desc\"><br>De 2 \u00e0 250 L\/S (de 32\u00a0gpm \u00e0 4\u00a0000\u00a0gpm)<\/br>\r\n<br>Cours d'amont jusqu'\u00e0 12\u00a0m<\/br>\r\n<br>Aucun d\u00e9calage d'inversion de sol requis<\/br>\r\n<br>Alimentation solaire<\/br>\r\n<br>Alimentation par batterie de secours<\/br>\r\n<br>Aucune connexion \u00e9lectrique requise<\/br>\r\n<br>Peut \u00eatre utilis\u00e9 pour surveiller les flux<\/br>\r\n<br>Peut \u00eatre \u00e9quip\u00e9 pour un fonctionnement \u00e0 distance<\/br>\r\n<br>L'effet de rin\u00e7age automatique emp\u00eache le blocage<\/br>\r\n<br>Le d\u00e9bit de conception peut \u00eatre ajust\u00e9 sur site<\/br>\r\n<br>Facile \u00e0 adapter aux installations existantes<\/br>\r\n<br>Construction en acier inoxydable<\/br><\/div><div class=\"content-button\"><a href=\"\/produits\/regulation-de-debit\/regulateur-a-energie-solaire-acu-sol\/\" target=\"_self\" title=\"\">En savoir plus<\/a><\/div>\n<\/div>\n<\/div><\/div><div class=\"kc-elm kc-css-906325 kc_col-sm-4 kc_column kc_col-sm-4\"><div class=\"kc-col-container\"><div class=\"kc-elm kc-css-424625 kc-feature-boxes kc-fb-layout-2\">\n\n\t<figure class=\"content-image\"><img decoding=\"async\" src=\"https:\/\/grandeinc.com\/wp-content\/uploads\/2024\/06\/sure-float.jpg\" alt=\"\"><\/figure><div class=\"content-title\">R\u00e9gulateur flottant SURE-FLOAT<\/div><div class=\"content-desc\"><br>80\u00a0gpm \u00e0 480\u00a0gpm (5 \u00e0 30\u00a0L\/S)<\/br>\r\n<br>Cours d'amont jusqu'\u00e0 6\u00a0m<\/br>\r\n<br>Aucune structure distincte requise<\/br>\r\n<br>Aucun d\u00e9calage d'inversion de sol requis<\/br>\r\n<br>Aucune connexion \u00e9lectrique requise<\/br>\r\n<br>Le d\u00e9bit de conception peut \u00eatre ajust\u00e9 sur site<\/br>\r\n<br>Facile \u00e0 adapter aux installations existantes<\/br>\r\n<br>Construction en acier inoxydable<\/br><\/div><div class=\"content-button\"><a href=\"\/produits\/regulation-de-debit\/regulateur-flottant-sure-float\/\" target=\"_self\" title=\"\">En savoir plus<\/a><\/div>\n<\/div>\n<\/div><\/div><div class=\"kc-elm kc-css-675144 kc_col-sm-4 kc_column kc_col-sm-4\"><div class=\"kc-col-container\"><div class=\"kc-elm kc-css-394136 kc-feature-boxes kc-fb-layout-2\">\n\n\t<figure class=\"content-image\"><img decoding=\"async\" src=\"https:\/\/grandeinc.com\/wp-content\/uploads\/2024\/06\/ACU-VORTEX-1-303x165-1.jpg\" alt=\"\"><\/figure><div class=\"content-title\">R\u00e9gulateur de d\u00e9bit vortex ACU-VORTEX<\/div><div class=\"content-desc\"><br>Aucun couple\/\u00e9nergie externe requis<\/br>\r\n<br>Aucune pi\u00e8ce mobile<\/br>\r\n<br>Plage de d\u00e9bit illimit\u00e9e<\/br>\r\n<br>Autonettoyant<\/br>\r\n<br>Facile \u00e0 installer<\/br>\r\n<br>R\u00e9novation de structures existantes<\/br>\r\n<br>Diverses options d'installation<\/br>\r\n<br>Construction en acier inoxydable<\/br><\/div><div class=\"content-button\"><a href=\"\/produits\/regulation-de-debit\/regulateur-de-debit-vortex-acu-vortex\/\" target=\"_self\" title=\"\">En savoir plus<\/a><\/div>\n<\/div>\n<\/div><\/div><\/div><\/div><\/section><\/p>\n","protected":false},"excerpt":{"rendered":"","protected":false},"author":4,"featured_media":0,"parent":8,"menu_order":0,"comment_status":"closed","ping_status":"closed","template":"","meta":{"footnotes":""},"class_list":["post-688","page","type-page","status-publish","hentry"],"yoast_head":"<!-- This site is optimized with the Yoast SEO plugin v24.0 - https:\/\/yoast.com\/wordpress\/plugins\/seo\/ -->\n<title>R\u00e9gulation du d\u00e9bit - Grande Gestion des Eaux<\/title>\n<meta name=\"robots\" content=\"index, follow, max-snippet:-1, max-image-preview:large, max-video-preview:-1\" \/>\n<link rel=\"canonical\" href=\"https:\/\/grandeinc.com\/fr\/produits\/regulation-de-debit\/\" \/>\n<meta property=\"og:locale\" content=\"fr_CA\" \/>\n<meta property=\"og:type\" content=\"article\" \/>\n<meta property=\"og:title\" content=\"R\u00e9gulation du d\u00e9bit - Grande Gestion des Eaux\" \/>\n<meta property=\"og:description\" content=\"Ces syst\u00e8mes sont con\u00e7us pour maintenir un d\u00e9bit constant et pr\u00e9cis (+\/- 5 %) d&rsquo;un minimum de 16 gpm (1 L\/s) \u00e0 un maximum de 32 000 gpm (2 000 L\/s) et pour des niveaux d&rsquo;eau en amont variant de 0 \u00e0 40 pieds (12 m). R\u00e9gulateur \u00e0 balance ACU-FLO 16\u00a0gpm \u00e0 4\u00a0000\u00a0gpm (1 \u00e0\" \/>\n<meta property=\"og:url\" content=\"https:\/\/grandeinc.com\/fr\/produits\/regulation-de-debit\/\" \/>\n<meta property=\"og:site_name\" content=\"Grande Gestion des Eaux\" \/>\n<meta property=\"article:publisher\" content=\"https:\/\/www.facebook.com\/GrandeWaterManagement\" \/>\n<meta property=\"article:modified_time\" content=\"2024-11-25T16:58:12+00:00\" \/>\n<meta property=\"og:image\" content=\"http:\/\/grandeinc.com\/wp-content\/uploads\/2024\/06\/acu-flo.jpg\" \/>\n<meta name=\"twitter:card\" content=\"summary_large_image\" \/>\n<meta name=\"twitter:label1\" content=\"Estimation du temps de lecture\" \/>\n\t<meta name=\"twitter:data1\" content=\"2 minutes\" \/>\n<script type=\"application\/ld+json\" class=\"yoast-schema-graph\">{\"@context\":\"https:\/\/schema.org\",\"@graph\":[{\"@type\":\"WebPage\",\"@id\":\"https:\/\/grandeinc.com\/produits\/regulation-de-debit\/\",\"url\":\"https:\/\/grandeinc.com\/produits\/regulation-de-debit\/\",\"name\":\"R\u00e9gulation du d\u00e9bit - Grande Gestion des Eaux\",\"isPartOf\":{\"@id\":\"http:\/\/grandeinc.com\/fr\/#website\"},\"primaryImageOfPage\":{\"@id\":\"https:\/\/grandeinc.com\/produits\/regulation-de-debit\/#primaryimage\"},\"image\":{\"@id\":\"https:\/\/grandeinc.com\/produits\/regulation-de-debit\/#primaryimage\"},\"thumbnailUrl\":\"http:\/\/grandeinc.com\/wp-content\/uploads\/2024\/06\/acu-flo.jpg\",\"datePublished\":\"2024-06-03T00:32:13+00:00\",\"dateModified\":\"2024-11-25T16:58:12+00:00\",\"breadcrumb\":{\"@id\":\"https:\/\/grandeinc.com\/produits\/regulation-de-debit\/#breadcrumb\"},\"inLanguage\":\"fr-CA\",\"potentialAction\":[{\"@type\":\"ReadAction\",\"target\":[\"https:\/\/grandeinc.com\/produits\/regulation-de-debit\/\"]}]},{\"@type\":\"ImageObject\",\"inLanguage\":\"fr-CA\",\"@id\":\"https:\/\/grandeinc.com\/produits\/regulation-de-debit\/#primaryimage\",\"url\":\"http:\/\/grandeinc.com\/wp-content\/uploads\/2024\/06\/acu-flo.jpg\",\"contentUrl\":\"http:\/\/grandeinc.com\/wp-content\/uploads\/2024\/06\/acu-flo.jpg\"},{\"@type\":\"BreadcrumbList\",\"@id\":\"https:\/\/grandeinc.com\/produits\/regulation-de-debit\/#breadcrumb\",\"itemListElement\":[{\"@type\":\"ListItem\",\"position\":1,\"name\":\"Accueil\",\"item\":\"https:\/\/grandeinc.com\/\"},{\"@type\":\"ListItem\",\"position\":2,\"name\":\"Produits\",\"item\":\"https:\/\/grandeinc.com\/produits\/\"},{\"@type\":\"ListItem\",\"position\":3,\"name\":\"R\u00e9gulation du d\u00e9bit\"}]},{\"@type\":\"WebSite\",\"@id\":\"http:\/\/grandeinc.com\/fr\/#website\",\"url\":\"http:\/\/grandeinc.com\/fr\/\",\"name\":\"Grande Gestion des Eaux\",\"description\":\"\",\"publisher\":{\"@id\":\"http:\/\/grandeinc.com\/fr\/#organization\"},\"potentialAction\":[{\"@type\":\"SearchAction\",\"target\":{\"@type\":\"EntryPoint\",\"urlTemplate\":\"http:\/\/grandeinc.com\/fr\/?s={search_term_string}\"},\"query-input\":{\"@type\":\"PropertyValueSpecification\",\"valueRequired\":true,\"valueName\":\"search_term_string\"}}],\"inLanguage\":\"fr-CA\"},{\"@type\":\"Organization\",\"@id\":\"http:\/\/grandeinc.com\/fr\/#organization\",\"name\":\"Grande Gestion des Eaux\",\"url\":\"http:\/\/grandeinc.com\/fr\/\",\"logo\":{\"@type\":\"ImageObject\",\"inLanguage\":\"fr-CA\",\"@id\":\"http:\/\/grandeinc.com\/fr\/#\/schema\/logo\/image\/\",\"url\":\"https:\/\/grandeinc.com\/wp-content\/uploads\/2024\/11\/logo.png\",\"contentUrl\":\"https:\/\/grandeinc.com\/wp-content\/uploads\/2024\/11\/logo.png\",\"width\":260,\"height\":84,\"caption\":\"Grande Gestion des Eaux\"},\"image\":{\"@id\":\"http:\/\/grandeinc.com\/fr\/#\/schema\/logo\/image\/\"},\"sameAs\":[\"https:\/\/www.facebook.com\/GrandeWaterManagement\"]}]}<\/script>\n<!-- \/ Yoast SEO plugin. -->","yoast_head_json":{"title":"R\u00e9gulation du d\u00e9bit - Grande Gestion des Eaux","robots":{"index":"index","follow":"follow","max-snippet":"max-snippet:-1","max-image-preview":"max-image-preview:large","max-video-preview":"max-video-preview:-1"},"canonical":"https:\/\/grandeinc.com\/fr\/produits\/regulation-de-debit\/","og_locale":"fr_CA","og_type":"article","og_title":"R\u00e9gulation du d\u00e9bit - Grande Gestion des Eaux","og_description":"Ces syst\u00e8mes sont con\u00e7us pour maintenir un d\u00e9bit constant et pr\u00e9cis (+\/- 5 %) d&rsquo;un minimum de 16 gpm (1 L\/s) \u00e0 un maximum de 32 000 gpm (2 000 L\/s) et pour des niveaux d&rsquo;eau en amont variant de 0 \u00e0 40 pieds (12 m). R\u00e9gulateur \u00e0 balance ACU-FLO 16\u00a0gpm \u00e0 4\u00a0000\u00a0gpm (1 \u00e0","og_url":"https:\/\/grandeinc.com\/fr\/produits\/regulation-de-debit\/","og_site_name":"Grande Gestion des Eaux","article_publisher":"https:\/\/www.facebook.com\/GrandeWaterManagement","article_modified_time":"2024-11-25T16:58:12+00:00","og_image":[{"url":"http:\/\/grandeinc.com\/wp-content\/uploads\/2024\/06\/acu-flo.jpg","type":"","width":"","height":""}],"twitter_card":"summary_large_image","twitter_misc":{"Estimation du temps de lecture":"2 minutes"},"schema":{"@context":"https:\/\/schema.org","@graph":[{"@type":"WebPage","@id":"https:\/\/grandeinc.com\/produits\/regulation-de-debit\/","url":"https:\/\/grandeinc.com\/produits\/regulation-de-debit\/","name":"R\u00e9gulation du d\u00e9bit - Grande Gestion des Eaux","isPartOf":{"@id":"http:\/\/grandeinc.com\/fr\/#website"},"primaryImageOfPage":{"@id":"https:\/\/grandeinc.com\/produits\/regulation-de-debit\/#primaryimage"},"image":{"@id":"https:\/\/grandeinc.com\/produits\/regulation-de-debit\/#primaryimage"},"thumbnailUrl":"http:\/\/grandeinc.com\/wp-content\/uploads\/2024\/06\/acu-flo.jpg","datePublished":"2024-06-03T00:32:13+00:00","dateModified":"2024-11-25T16:58:12+00:00","breadcrumb":{"@id":"https:\/\/grandeinc.com\/produits\/regulation-de-debit\/#breadcrumb"},"inLanguage":"fr-CA","potentialAction":[{"@type":"ReadAction","target":["https:\/\/grandeinc.com\/produits\/regulation-de-debit\/"]}]},{"@type":"ImageObject","inLanguage":"fr-CA","@id":"https:\/\/grandeinc.com\/produits\/regulation-de-debit\/#primaryimage","url":"http:\/\/grandeinc.com\/wp-content\/uploads\/2024\/06\/acu-flo.jpg","contentUrl":"http:\/\/grandeinc.com\/wp-content\/uploads\/2024\/06\/acu-flo.jpg"},{"@type":"BreadcrumbList","@id":"https:\/\/grandeinc.com\/produits\/regulation-de-debit\/#breadcrumb","itemListElement":[{"@type":"ListItem","position":1,"name":"Accueil","item":"https:\/\/grandeinc.com\/"},{"@type":"ListItem","position":2,"name":"Produits","item":"https:\/\/grandeinc.com\/produits\/"},{"@type":"ListItem","position":3,"name":"R\u00e9gulation du d\u00e9bit"}]},{"@type":"WebSite","@id":"http:\/\/grandeinc.com\/fr\/#website","url":"http:\/\/grandeinc.com\/fr\/","name":"Grande Gestion des Eaux","description":"","publisher":{"@id":"http:\/\/grandeinc.com\/fr\/#organization"},"potentialAction":[{"@type":"SearchAction","target":{"@type":"EntryPoint","urlTemplate":"http:\/\/grandeinc.com\/fr\/?s={search_term_string}"},"query-input":{"@type":"PropertyValueSpecification","valueRequired":true,"valueName":"search_term_string"}}],"inLanguage":"fr-CA"},{"@type":"Organization","@id":"http:\/\/grandeinc.com\/fr\/#organization","name":"Grande Gestion des Eaux","url":"http:\/\/grandeinc.com\/fr\/","logo":{"@type":"ImageObject","inLanguage":"fr-CA","@id":"http:\/\/grandeinc.com\/fr\/#\/schema\/logo\/image\/","url":"https:\/\/grandeinc.com\/wp-content\/uploads\/2024\/11\/logo.png","contentUrl":"https:\/\/grandeinc.com\/wp-content\/uploads\/2024\/11\/logo.png","width":260,"height":84,"caption":"Grande Gestion des Eaux"},"image":{"@id":"http:\/\/grandeinc.com\/fr\/#\/schema\/logo\/image\/"},"sameAs":["https:\/\/www.facebook.com\/GrandeWaterManagement"]}]}},"_links":{"self":[{"href":"https:\/\/grandeinc.com\/fr\/wp-json\/wp\/v2\/pages\/688","targetHints":{"allow":["GET"]}}],"collection":[{"href":"https:\/\/grandeinc.com\/fr\/wp-json\/wp\/v2\/pages"}],"about":[{"href":"https:\/\/grandeinc.com\/fr\/wp-json\/wp\/v2\/types\/page"}],"author":[{"embeddable":true,"href":"https:\/\/grandeinc.com\/fr\/wp-json\/wp\/v2\/users\/4"}],"replies":[{"embeddable":true,"href":"https:\/\/grandeinc.com\/fr\/wp-json\/wp\/v2\/comments?post=688"}],"version-history":[{"count":25,"href":"https:\/\/grandeinc.com\/fr\/wp-json\/wp\/v2\/pages\/688\/revisions"}],"predecessor-version":[{"id":1313,"href":"https:\/\/grandeinc.com\/fr\/wp-json\/wp\/v2\/pages\/688\/revisions\/1313"}],"up":[{"embeddable":true,"href":"https:\/\/grandeinc.com\/fr\/wp-json\/wp\/v2\/pages\/8"}],"wp:attachment":[{"href":"https:\/\/grandeinc.com\/fr\/wp-json\/wp\/v2\/media?parent=688"}],"curies":[{"name":"wp","href":"https:\/\/api.w.org\/{rel}","templated":true}]}}