{"id":57,"date":"2024-06-02T12:22:19","date_gmt":"2024-06-02T16:22:19","guid":{"rendered":"http:\/\/wp1.themexlab.com\/newwp\/experts\/?page_id=57"},"modified":"2024-09-18T16:22:13","modified_gmt":"2024-09-18T20:22:13","slug":"a-propos-de-nous","status":"publish","type":"page","link":"https:\/\/grandeinc.com\/fr\/a-propos-de-nous\/","title":{"rendered":"\u00c0 propos"},"content":{"rendered":"<section class=\"kc-elm kc-css-280334 kc_row\"><div class=\"kc-row-container  kc-container\"><div class=\"kc-wrap-columns\"><div class=\"kc-elm kc-css-203074 kc_col-sm-12 kc_column kc_col-sm-12\"><div class=\"kc-col-container\"><section class=\"default-section sec-padd\">\r\n    <div class=\"container\">\r\n        <div class=\"row\">\r\n            <div class=\"col-md-6 col-sm-12 col-xs-12\">\r\n                <div class=\"text-content\">\r\n                    <h4><p>R\u00e9duction des d\u00e9bordements d'\u00e9gouts unitaires (CSO), gestion des eaux pluviales et gestion des eaux us\u00e9es<\/p>\r\n<\/h4>\r\n                    <div class=\"text\">\r\n                        <p>Grande Water Management Systems Inc. (Grande Inc), fond\u00e9e en 2002 par notre pr\u00e9sident Nick Grande, se sp\u00e9cialise et fournit des solutions techniques dans la r\u00e9duction des d\u00e9bordements d'\u00e9gouts unitaires (CSO), l'\u00e9limination des d\u00e9bordements d'\u00e9gouts sanitaires (SSO), la gestion des eaux pluviales et des eaux us\u00e9es. Nous fournissons \u00e9galement des \u00e9quipements pour des applications agricoles et industrielles. Avec plus de 100 ans d'exp\u00e9rience combin\u00e9es dans le domaine, notre \u00e9quipe comp\u00e9tente cherche \u00e0 garantir que nos syst\u00e8mes ainsi que nos services profitent \u00e0 nos clients en fournissant un fonctionnement efficace et fiable tout en contr\u00f4lant les co\u00fbts.\r\n\r\nGrande Inc. s'engage \u00e0 offrir des solutions d'ing\u00e9nierie innovantes gr\u00e2ce \u00e0 l'utilisation de nos syst\u00e8mes et \u00e0 un soutien continu afin de r\u00e9pondre \u00e0 vos besoins en mati\u00e8re de gestion de l'eau, pour devenir le leader dans le domaine de la gestion de l'eau.\r\n\r\nEn partenariat exclusif avec l'une des entreprises europ\u00e9ennes les plus \u00e9tablies et les plus exp\u00e9riment\u00e9es, nous proposons une vari\u00e9t\u00e9 de syst\u00e8mes brevet\u00e9s sp\u00e9cialement con\u00e7us pour r\u00e9soudre de nombreux probl\u00e8mes rencontr\u00e9s dans ce domaine tr\u00e8s exigeant. Nous nous effor\u00e7ons d'offrir une solution tout-en-un pour tous vos besoins de gestion de l'eau.<\/p>\r\n                    <\/div>\r\n                    <ul class=\"default-list\">\r\n                        \r\n\t\t\t\t\t\t                        \r\n                    <\/ul>\r\n                    <div class=\"text\">\r\n                        <p>Nos produits ont \u00e9t\u00e9 utilis\u00e9s dans plus de 6 000 installations \u00e0 travers le monde. Fabriqu\u00e9s en Am\u00e9rique du Nord, nos syst\u00e8mes sont construits selon des normes rigides en utilisant de l'acier inoxydable de haute qualit\u00e9. Notre \u00e9quipement utilise l\u2019\u00e9nergie naturelle et facilement disponible dans le d\u00e9bit d\u2019eau et n\u00e9cessite rarement de l\u2019\u00e9nergie externe. Nos produits sont autonettoyants et pratiquement sans entretien.<\/p>\r\n                    <\/div>\r\n                <\/div>\r\n            <\/div>\r\n            <div class=\"col-md-6 col-sm-12 col-xs-12\">\r\n                <figure class=\"img-box\">\r\n                    \t\t\t\t\t<a href=\"#\" target=\"_blank\"><img decoding=\"async\" src=\"http:\/\/grandeinc.com\/wp-content\/uploads\/2024\/09\/about1-645x645-1-300x300.jpg\" alt=\"image\"><\/a>\r\n                <\/figure>\r\n            <\/div>\r\n        <\/div>\r\n    <\/div>\r\n<\/section><\/div><\/div><\/div><\/div><\/section>\n","protected":false},"excerpt":{"rendered":"","protected":false},"author":4,"featured_media":0,"parent":0,"menu_order":0,"comment_status":"closed","ping_status":"closed","template":"tpl-king_composer.php","meta":{"footnotes":""},"class_list":["post-57","page","type-page","status-publish","hentry"],"yoast_head":"<!-- This site is optimized with the Yoast SEO plugin v24.0 - https:\/\/yoast.com\/wordpress\/plugins\/seo\/ -->\n<title>\u00c0 propos - Grande Gestion des Eaux<\/title>\n<meta name=\"robots\" content=\"index, follow, max-snippet:-1, max-image-preview:large, max-video-preview:-1\" \/>\n<link rel=\"canonical\" href=\"https:\/\/grandeinc.com\/fr\/a-propos-de-nous\/\" \/>\n<meta property=\"og:locale\" content=\"fr_CA\" \/>\n<meta property=\"og:type\" content=\"article\" \/>\n<meta property=\"og:title\" content=\"\u00c0 propos - Grande Gestion des Eaux\" \/>\n<meta property=\"og:description\" content=\"R\u00e9duction des d\u00e9bordements d&rsquo;\u00e9gouts unitaires (CSO), gestion des eaux pluviales et gestion des eaux us\u00e9es Grande Water Management Systems Inc. (Grande Inc), fond\u00e9e en 2002 par notre pr\u00e9sident Nick Grande, se sp\u00e9cialise et fournit des solutions techniques dans la r\u00e9duction des d\u00e9bordements d&rsquo;\u00e9gouts unitaires (CSO), l&rsquo;\u00e9limination des d\u00e9bordements d&rsquo;\u00e9gouts sanitaires (SSO), la gestion des eaux\" \/>\n<meta property=\"og:url\" content=\"https:\/\/grandeinc.com\/fr\/a-propos-de-nous\/\" \/>\n<meta property=\"og:site_name\" content=\"Grande Gestion des Eaux\" \/>\n<meta property=\"article:publisher\" content=\"https:\/\/www.facebook.com\/GrandeWaterManagement\" \/>\n<meta property=\"article:modified_time\" content=\"2024-09-18T20:22:13+00:00\" \/>\n<meta property=\"og:image\" content=\"http:\/\/grandeinc.com\/wp-content\/uploads\/2024\/09\/about1-645x645-1-300x300.jpg\" \/>\n<meta name=\"twitter:card\" content=\"summary_large_image\" \/>\n<meta name=\"twitter:label1\" content=\"Estimation du temps de lecture\" \/>\n\t<meta name=\"twitter:data1\" content=\"2 minutes\" \/>\n<script type=\"application\/ld+json\" class=\"yoast-schema-graph\">{\"@context\":\"https:\/\/schema.org\",\"@graph\":[{\"@type\":\"WebPage\",\"@id\":\"https:\/\/grandeinc.com\/a-propos-de-nous\/\",\"url\":\"https:\/\/grandeinc.com\/a-propos-de-nous\/\",\"name\":\"\u00c0 propos - Grande Gestion des Eaux\",\"isPartOf\":{\"@id\":\"http:\/\/grandeinc.com\/fr\/#website\"},\"primaryImageOfPage\":{\"@id\":\"https:\/\/grandeinc.com\/a-propos-de-nous\/#primaryimage\"},\"image\":{\"@id\":\"https:\/\/grandeinc.com\/a-propos-de-nous\/#primaryimage\"},\"thumbnailUrl\":\"http:\/\/grandeinc.com\/wp-content\/uploads\/2024\/09\/about1-645x645-1-300x300.jpg\",\"datePublished\":\"2024-06-02T16:22:19+00:00\",\"dateModified\":\"2024-09-18T20:22:13+00:00\",\"breadcrumb\":{\"@id\":\"https:\/\/grandeinc.com\/a-propos-de-nous\/#breadcrumb\"},\"inLanguage\":\"fr-CA\",\"potentialAction\":[{\"@type\":\"ReadAction\",\"target\":[\"https:\/\/grandeinc.com\/a-propos-de-nous\/\"]}]},{\"@type\":\"ImageObject\",\"inLanguage\":\"fr-CA\",\"@id\":\"https:\/\/grandeinc.com\/a-propos-de-nous\/#primaryimage\",\"url\":\"http:\/\/grandeinc.com\/wp-content\/uploads\/2024\/09\/about1-645x645-1-300x300.jpg\",\"contentUrl\":\"http:\/\/grandeinc.com\/wp-content\/uploads\/2024\/09\/about1-645x645-1-300x300.jpg\"},{\"@type\":\"BreadcrumbList\",\"@id\":\"https:\/\/grandeinc.com\/a-propos-de-nous\/#breadcrumb\",\"itemListElement\":[{\"@type\":\"ListItem\",\"position\":1,\"name\":\"Accueil\",\"item\":\"https:\/\/grandeinc.com\/\"},{\"@type\":\"ListItem\",\"position\":2,\"name\":\"\u00c0 propos\"}]},{\"@type\":\"WebSite\",\"@id\":\"http:\/\/grandeinc.com\/fr\/#website\",\"url\":\"http:\/\/grandeinc.com\/fr\/\",\"name\":\"Grande Gestion des Eaux\",\"description\":\"\",\"publisher\":{\"@id\":\"http:\/\/grandeinc.com\/fr\/#organization\"},\"potentialAction\":[{\"@type\":\"SearchAction\",\"target\":{\"@type\":\"EntryPoint\",\"urlTemplate\":\"http:\/\/grandeinc.com\/fr\/?s={search_term_string}\"},\"query-input\":{\"@type\":\"PropertyValueSpecification\",\"valueRequired\":true,\"valueName\":\"search_term_string\"}}],\"inLanguage\":\"fr-CA\"},{\"@type\":\"Organization\",\"@id\":\"http:\/\/grandeinc.com\/fr\/#organization\",\"name\":\"Grande Gestion des Eaux\",\"url\":\"http:\/\/grandeinc.com\/fr\/\",\"logo\":{\"@type\":\"ImageObject\",\"inLanguage\":\"fr-CA\",\"@id\":\"http:\/\/grandeinc.com\/fr\/#\/schema\/logo\/image\/\",\"url\":\"https:\/\/grandeinc.com\/wp-content\/uploads\/2024\/11\/logo.png\",\"contentUrl\":\"https:\/\/grandeinc.com\/wp-content\/uploads\/2024\/11\/logo.png\",\"width\":260,\"height\":84,\"caption\":\"Grande Gestion des Eaux\"},\"image\":{\"@id\":\"http:\/\/grandeinc.com\/fr\/#\/schema\/logo\/image\/\"},\"sameAs\":[\"https:\/\/www.facebook.com\/GrandeWaterManagement\"]}]}<\/script>\n<!-- \/ Yoast SEO plugin. -->","yoast_head_json":{"title":"\u00c0 propos - Grande Gestion des Eaux","robots":{"index":"index","follow":"follow","max-snippet":"max-snippet:-1","max-image-preview":"max-image-preview:large","max-video-preview":"max-video-preview:-1"},"canonical":"https:\/\/grandeinc.com\/fr\/a-propos-de-nous\/","og_locale":"fr_CA","og_type":"article","og_title":"\u00c0 propos - Grande Gestion des Eaux","og_description":"R\u00e9duction des d\u00e9bordements d&rsquo;\u00e9gouts unitaires (CSO), gestion des eaux pluviales et gestion des eaux us\u00e9es Grande Water Management Systems Inc. (Grande Inc), fond\u00e9e en 2002 par notre pr\u00e9sident Nick Grande, se sp\u00e9cialise et fournit des solutions techniques dans la r\u00e9duction des d\u00e9bordements d&rsquo;\u00e9gouts unitaires (CSO), l&rsquo;\u00e9limination des d\u00e9bordements d&rsquo;\u00e9gouts sanitaires (SSO), la gestion des eaux","og_url":"https:\/\/grandeinc.com\/fr\/a-propos-de-nous\/","og_site_name":"Grande Gestion des Eaux","article_publisher":"https:\/\/www.facebook.com\/GrandeWaterManagement","article_modified_time":"2024-09-18T20:22:13+00:00","og_image":[{"url":"http:\/\/grandeinc.com\/wp-content\/uploads\/2024\/09\/about1-645x645-1-300x300.jpg","type":"","width":"","height":""}],"twitter_card":"summary_large_image","twitter_misc":{"Estimation du temps de lecture":"2 minutes"},"schema":{"@context":"https:\/\/schema.org","@graph":[{"@type":"WebPage","@id":"https:\/\/grandeinc.com\/a-propos-de-nous\/","url":"https:\/\/grandeinc.com\/a-propos-de-nous\/","name":"\u00c0 propos - Grande Gestion des Eaux","isPartOf":{"@id":"http:\/\/grandeinc.com\/fr\/#website"},"primaryImageOfPage":{"@id":"https:\/\/grandeinc.com\/a-propos-de-nous\/#primaryimage"},"image":{"@id":"https:\/\/grandeinc.com\/a-propos-de-nous\/#primaryimage"},"thumbnailUrl":"http:\/\/grandeinc.com\/wp-content\/uploads\/2024\/09\/about1-645x645-1-300x300.jpg","datePublished":"2024-06-02T16:22:19+00:00","dateModified":"2024-09-18T20:22:13+00:00","breadcrumb":{"@id":"https:\/\/grandeinc.com\/a-propos-de-nous\/#breadcrumb"},"inLanguage":"fr-CA","potentialAction":[{"@type":"ReadAction","target":["https:\/\/grandeinc.com\/a-propos-de-nous\/"]}]},{"@type":"ImageObject","inLanguage":"fr-CA","@id":"https:\/\/grandeinc.com\/a-propos-de-nous\/#primaryimage","url":"http:\/\/grandeinc.com\/wp-content\/uploads\/2024\/09\/about1-645x645-1-300x300.jpg","contentUrl":"http:\/\/grandeinc.com\/wp-content\/uploads\/2024\/09\/about1-645x645-1-300x300.jpg"},{"@type":"BreadcrumbList","@id":"https:\/\/grandeinc.com\/a-propos-de-nous\/#breadcrumb","itemListElement":[{"@type":"ListItem","position":1,"name":"Accueil","item":"https:\/\/grandeinc.com\/"},{"@type":"ListItem","position":2,"name":"\u00c0 propos"}]},{"@type":"WebSite","@id":"http:\/\/grandeinc.com\/fr\/#website","url":"http:\/\/grandeinc.com\/fr\/","name":"Grande Gestion des Eaux","description":"","publisher":{"@id":"http:\/\/grandeinc.com\/fr\/#organization"},"potentialAction":[{"@type":"SearchAction","target":{"@type":"EntryPoint","urlTemplate":"http:\/\/grandeinc.com\/fr\/?s={search_term_string}"},"query-input":{"@type":"PropertyValueSpecification","valueRequired":true,"valueName":"search_term_string"}}],"inLanguage":"fr-CA"},{"@type":"Organization","@id":"http:\/\/grandeinc.com\/fr\/#organization","name":"Grande Gestion des Eaux","url":"http:\/\/grandeinc.com\/fr\/","logo":{"@type":"ImageObject","inLanguage":"fr-CA","@id":"http:\/\/grandeinc.com\/fr\/#\/schema\/logo\/image\/","url":"https:\/\/grandeinc.com\/wp-content\/uploads\/2024\/11\/logo.png","contentUrl":"https:\/\/grandeinc.com\/wp-content\/uploads\/2024\/11\/logo.png","width":260,"height":84,"caption":"Grande Gestion des Eaux"},"image":{"@id":"http:\/\/grandeinc.com\/fr\/#\/schema\/logo\/image\/"},"sameAs":["https:\/\/www.facebook.com\/GrandeWaterManagement"]}]}},"_links":{"self":[{"href":"https:\/\/grandeinc.com\/fr\/wp-json\/wp\/v2\/pages\/57","targetHints":{"allow":["GET"]}}],"collection":[{"href":"https:\/\/grandeinc.com\/fr\/wp-json\/wp\/v2\/pages"}],"about":[{"href":"https:\/\/grandeinc.com\/fr\/wp-json\/wp\/v2\/types\/page"}],"author":[{"embeddable":true,"href":"https:\/\/grandeinc.com\/fr\/wp-json\/wp\/v2\/users\/4"}],"replies":[{"embeddable":true,"href":"https:\/\/grandeinc.com\/fr\/wp-json\/wp\/v2\/comments?post=57"}],"version-history":[{"count":12,"href":"https:\/\/grandeinc.com\/fr\/wp-json\/wp\/v2\/pages\/57\/revisions"}],"predecessor-version":[{"id":1210,"href":"https:\/\/grandeinc.com\/fr\/wp-json\/wp\/v2\/pages\/57\/revisions\/1210"}],"wp:attachment":[{"href":"https:\/\/grandeinc.com\/fr\/wp-json\/wp\/v2\/media?parent=57"}],"curies":[{"name":"wp","href":"https:\/\/api.w.org\/{rel}","templated":true}]}}