{"id":1243,"date":"2024-10-21T11:47:42","date_gmt":"2024-10-21T15:47:42","guid":{"rendered":"http:\/\/grandeinc.com\/?page_id=1243"},"modified":"2024-12-02T16:47:27","modified_gmt":"2024-12-02T21:47:27","slug":"gestion-des-inondations","status":"publish","type":"page","link":"https:\/\/grandeinc.com\/fr\/gestion-des-inondations\/","title":{"rendered":"Gestion des inondations"},"content":{"rendered":"<p><section class=\"kc-elm kc-css-251961 kc_row\"><div class=\"kc-row-container  kc-container\"><div class=\"kc-wrap-columns\"><div class=\"kc-elm kc-css-987958 kc_col-sm-12 kc_column kc_col-sm-12\"><div class=\"kc-col-container\"><div class=\"kc-elm kc-css-480672 kc_row kc_row_inner\"><div class=\"kc-elm kc-css-918339 kc_col-sm-12 kc_column_inner kc_col-sm-12\"><div class=\"kc_wrapper kc-col-inner-container\"><div class=\"kc-elm kc-css-672620 kc_shortcode kc_single_image\">\n\n        <img decoding=\"async\" src=\"https:\/\/grandeinc.com\/wp-content\/uploads\/2024\/12\/Capture-decran-2024-12-02-162554.png\" class=\"\" alt=\"\" \/>    <\/div>\n<\/div><\/div><\/div><\/div><\/div><\/div><\/div><\/section><section class=\"kc-elm kc-css-295283 kc_row\"><div class=\"kc-row-container  kc-container\"><div class=\"kc-wrap-columns\"><div class=\"kc-elm kc-css-251935 kc_col-sm-12 kc_column kc_col-sm-12\"><div class=\"kc-col-container\"><div class=\"kc-elm kc-css-305318 kc_row kc_row_inner\"><div class=\"kc-elm kc-css-921364 kc_col-sm-12 kc_column_inner kc_col-sm-12\"><div class=\"kc_wrapper kc-col-inner-container\">\n<div class=\"kc-elm kc-css-671849 kc-title-wrap \">\n\n\t<h1 class=\"kc_title\">Esp\u00e9rez le meilleur, pr\u00e9parez-vous au\r\npire<\/h1>\n<\/div>\n<div class=\"kc-elm kc-css-582347 kc_text_block\"><\/p>\n<p style=\"text-align: left;\">Les inondations sont de plus en plus fr\u00e9quentes, mais elles ne sont pas toutes identiques. Les concepts de pr\u00e9vention des inondations doivent \u00eatre adaptables aux besoins sp\u00e9cifiques du site et aux budgets respectifs. En tenant compte \u00e0 la fois de la protection civile et environnementale, nos syst\u00e8mes polyvalents de pr\u00e9vention des inondations sont con\u00e7us pour r\u00e9pondre \u00e0 un large \u00e9ventail d&rsquo;exigences.<\/p>\n<p>\n<\/div><\/div><\/div><\/div><\/div><\/div><\/div><\/div><\/section><section class=\"kc-elm kc-css-927479 kc_row\"><div class=\"kc-row-container  kc-container\"><div class=\"kc-wrap-columns\"><div class=\"kc-elm kc-css-501684 kc_col-sm-6 kc_column kc_col-sm-6\"><div class=\"kc-col-container\"><div class=\"kc-elm kc-css-98237 kc_row kc_row_inner\"><div class=\"kc-elm kc-css-623961 kc_col-sm-12 kc_column_inner kc_col-sm-12\"><div class=\"kc_wrapper kc-col-inner-container\"><div class=\"kc-elm kc-css-349681 kc_shortcode kc_single_image\">\n\n        <img decoding=\"async\" src=\"https:\/\/grandeinc.com\/wp-content\/uploads\/2024\/12\/Capture-decran-2024-12-02-162710.png\" class=\"\" alt=\"\" \/>    <\/div>\n<\/div><\/div><\/div><\/div><\/div><div class=\"kc-elm kc-css-71367 kc_col-sm-6 kc_column kc_col-sm-6\"><div class=\"kc-col-container\"><div class=\"kc-elm kc-css-400714 kc_row kc_row_inner\"><div class=\"kc-elm kc-css-196386 kc_col-sm-12 kc_column_inner kc_col-sm-12\"><div class=\"kc_wrapper kc-col-inner-container\"><div class=\"kc-elm kc-css-1597 kc_text_block\"><\/p>\n<p>Les rivi\u00e8res et les zones c\u00f4ti\u00e8res, habitats traditionnels des hommes, sont de plus en plus modifi\u00e9es par l\u2019urbanisation. Le nivellement et le r\u00e9tr\u00e9cissement des cours d\u2019eau, l\u2019am\u00e9nagement de plaines inondables, le d\u00e9frichement et l\u2019imperm\u00e9abilisation des espaces verts r\u00e9duisent les zones tampons n\u00e9cessaires \u2013 au point que les \u00e9v\u00e9nements climatiques violents provoquent d\u2019immenses d\u00e9g\u00e2ts humains et \u00e9conomiques.<\/p>\n<p>Dans de nombreux cas, il est possible de se pr\u00e9parer. Les communes ont tout int\u00e9r\u00eat \u00e0 tirer les le\u00e7ons de ce qu\u2019elles ont n\u00e9glig\u00e9 dans le pass\u00e9 et \u00e0 mettre en \u0153uvre des concepts qui permettent de pr\u00e9venir ce qui peut l\u2019\u00eatre.<\/p>\n<p>\n<\/div><\/div><\/div><\/div><\/div><\/div><\/div><\/div><\/section><section class=\"kc-elm kc-css-714584 kc_row\"><div class=\"kc-row-container  kc-container\"><div class=\"kc-wrap-columns\"><div class=\"kc-elm kc-css-850905 kc_col-sm-6 kc_column kc_col-sm-6\"><div class=\"kc-col-container\"><div class=\"kc-elm kc-css-956737 kc_row kc_row_inner\"><div class=\"kc-elm kc-css-698090 kc_col-sm-12 kc_column_inner kc_col-sm-12\"><div class=\"kc_wrapper kc-col-inner-container\"><div class=\"kc-elm kc-css-138220 kc_shortcode kc_single_image\">\n\n        <img decoding=\"async\" src=\"https:\/\/grandeinc.com\/wp-content\/uploads\/2024\/12\/Capture-decran-2024-12-02-162753.png\" class=\"\" alt=\"\" \/>    <\/div>\n<\/div><\/div><\/div><\/div><\/div><div class=\"kc-elm kc-css-249083 kc_col-sm-6 kc_column kc_col-sm-6\"><div class=\"kc-col-container\"><div class=\"kc-elm kc-css-539568 kc_row kc_row_inner\"><div class=\"kc-elm kc-css-849307 kc_col-sm-12 kc_column_inner kc_col-sm-12\"><div class=\"kc_wrapper kc-col-inner-container\"><div class=\"kc-elm kc-css-803458 kc_shortcode kc_single_image\">\n\n        <img decoding=\"async\" src=\"https:\/\/grandeinc.com\/wp-content\/uploads\/2024\/12\/Capture-decran-2024-12-02-162826.png\" class=\"\" alt=\"\" \/>    <\/div>\n<\/div><\/div><\/div><\/div><\/div><\/div><\/div><\/section><section class=\"kc-elm kc-css-767209 kc_row\"><div class=\"kc-row-container  kc-container\"><div class=\"kc-wrap-columns\"><div class=\"kc-elm kc-css-821129 kc_col-sm-12 kc_column kc_col-sm-12\"><div class=\"kc-col-container\"><div class=\"kc-elm kc-css-406179 kc_row kc_row_inner\"><div class=\"kc-elm kc-css-285 kc_col-sm-12 kc_column_inner kc_col-sm-12\"><div class=\"kc_wrapper kc-col-inner-container\"><div class=\"kc-elm kc-css-812644 kc_shortcode kc_single_image\">\n\n        <img decoding=\"async\" src=\"https:\/\/grandeinc.com\/wp-content\/uploads\/2024\/12\/Capture-decran-2024-12-02-163015.png\" class=\"\" alt=\"\" \/>    <\/div>\n<\/div><\/div><\/div><\/div><\/div><\/div><\/div><\/section><section class=\"kc-elm kc-css-682901 kc_row\"><div class=\"kc-row-container  kc-container\"><div class=\"kc-wrap-columns\"><div class=\"kc-elm kc-css-353077 kc_col-sm-6 kc_column kc_col-sm-6\"><div class=\"kc-col-container\"><div class=\"kc-elm kc-css-559618 kc_row kc_row_inner\"><div class=\"kc-elm kc-css-285123 kc_col-sm-12 kc_column_inner kc_col-sm-12\"><div class=\"kc_wrapper kc-col-inner-container\"><div class=\"kc-elm kc-css-958397 kc_shortcode kc_single_image\">\n\n        <img decoding=\"async\" src=\"https:\/\/grandeinc.com\/wp-content\/uploads\/2024\/12\/Capture-decran-2024-12-02-163054.png\" class=\"\" alt=\"\" \/>    <\/div>\n<\/div><\/div><\/div><\/div><\/div><div class=\"kc-elm kc-css-228605 kc_col-sm-6 kc_column kc_col-sm-6\"><div class=\"kc-col-container\"><div class=\"kc-elm kc-css-71935 kc_row kc_row_inner\"><div class=\"kc-elm kc-css-633584 kc_col-sm-12 kc_column_inner kc_col-sm-12\"><div class=\"kc_wrapper kc-col-inner-container\"><div class=\"kc-elm kc-css-474716 kc_text_block\"><\/p>\n<p>MUHR, dont les racines se trouvent dans la technologie des moulins, poss\u00e8de plus de 60 ans d&rsquo;expertise dans le domaine des projets li\u00e9s \u00e0 l&rsquo;eau. En tant que constructeur de machines sp\u00e9ciales, nous r\u00e9alisons des projets de petite ou de grande envergure selon le m\u00eame principe : nos concepts sont parfaitement adapt\u00e9s \u00e0 la situation sur place.<br \/>\nNous r\u00e9alisons des calculs statiques, des v\u00e9rifications de stabilit\u00e9, des propositions sp\u00e9ciales, des pr\u00e9parations de conception, des calculs dimensionnels et de co\u00fbts, des dessins de construction, des solutions d\u00e9taill\u00e9es, la surveillance sur site, le conseil\/l&rsquo;assistance aux bureaux d&rsquo;\u00e9tudes, la documentation et la formation.<\/p>\n<p>\n<\/div><\/div><\/div><\/div><\/div><\/div><\/div><\/div><\/section><section class=\"kc-elm kc-css-933146 kc_row\"><div class=\"kc-row-container  kc-container\"><div class=\"kc-wrap-columns\"><div class=\"kc-elm kc-css-981984 kc_col-sm-12 kc_column kc_col-sm-12\"><div class=\"kc-col-container\"><div class=\"kc-elm kc-css-106164 kc_row kc_row_inner\"><div class=\"kc-elm kc-css-741958 kc_col-sm-12 kc_column_inner kc_col-sm-12\"><div class=\"kc_wrapper kc-col-inner-container\">\n<div class=\"kc-elm kc-css-214983 kc-title-wrap \">\n\n\t<h2 class=\"kc_title\">Syst\u00e8mes de murs anti-inondation MUHR\u00a0:\r\nMFW100 P, E et H<\/h2>\n<\/div>\n<div class=\"kc-elm kc-css-931941 kc_text_block\"><\/p>\n<p>Nous nous effor\u00e7ons toujours de r\u00e9soudre votre probl\u00e8me. Pour r\u00e9pondre aux diff\u00e9rentes situations sur site, nous proposons trois s\u00e9ries de syst\u00e8mes de murs anti-inondation, du syst\u00e8me P \u00e0 faible co\u00fbt, disponible \u00e0 court terme, au syst\u00e8me E plus robuste et sp\u00e9cifique au projet, en passant par le syst\u00e8me H \u00e0 haute capacit\u00e9 pour la protection contre les crues extr\u00eames.<\/p>\n<p>\n<\/div><div class=\"kc-elm kc-css-593947 kc_shortcode kc_single_image\">\n\n        <img decoding=\"async\" src=\"https:\/\/grandeinc.com\/wp-content\/uploads\/2024\/12\/Capture-decran-2024-12-02-163247.png\" class=\"\" alt=\"\" \/>    <\/div>\n<div class=\"kc-elm kc-css-139275 kc_shortcode kc_single_image\">\n\n        <img decoding=\"async\" src=\"https:\/\/grandeinc.com\/wp-content\/uploads\/2024\/12\/Capture-decran-2024-12-02-163352.png\" class=\"\" alt=\"\" \/>    <\/div>\n<\/div><\/div><\/div><\/div><\/div><\/div><\/div><\/section><section class=\"kc-elm kc-css-586001 kc_row\"><div class=\"kc-row-container  kc-container\"><div class=\"kc-wrap-columns\"><div class=\"kc-elm kc-css-233551 kc_col-sm-6 kc_column kc_col-sm-6\"><div class=\"kc-col-container\"><div class=\"kc-elm kc-css-596537 kc_row kc_row_inner\"><div class=\"kc-elm kc-css-259468 kc_col-sm-12 kc_column_inner kc_col-sm-12\"><div class=\"kc_wrapper kc-col-inner-container\"><div class=\"kc-elm kc-css-522977 kc_shortcode kc_single_image\">\n\n        <img decoding=\"async\" src=\"https:\/\/grandeinc.com\/wp-content\/uploads\/2024\/12\/Capture-decran-2024-12-02-163442.png\" class=\"\" alt=\"\" \/>    <\/div>\n<\/div><\/div><\/div><\/div><\/div><div class=\"kc-elm kc-css-370096 kc_col-sm-6 kc_column kc_col-sm-6\"><div class=\"kc-col-container\"><div class=\"kc-elm kc-css-931561 kc_row kc_row_inner\"><div class=\"kc-elm kc-css-859169 kc_col-sm-12 kc_column_inner kc_col-sm-12\"><div class=\"kc_wrapper kc-col-inner-container\"><div class=\"kc-elm kc-css-842040 kc_text_block\"><\/p>\n<p><strong>Un syst\u00e8me dans lequel tous les \u00e9l\u00e9ments s&rsquo;imbriquent<\/strong><\/p>\n<p>Plus un syst\u00e8me est bien con\u00e7u, plus il fonctionnera sans probl\u00e8me sur place. En cas d&rsquo;urgence, chaque geste doit \u00eatre parfait. La pr\u00e9vention mobile des inondations est synonyme de rapidit\u00e9, d&rsquo;utilisation sans ambigu\u00eft\u00e9, d&rsquo;imbrication parfaite des composants et d&rsquo;une fiabilit\u00e9 maximale.<br \/>\nEn mati\u00e8re de conseil et de planification, vous ferez l&rsquo;exp\u00e9rience d&rsquo;une \u00e9quipe comp\u00e9tente et \u00e0 votre \u00e9coute. Vous pouvez vous attendre \u00e0 des solutions sur mesure et bien pens\u00e9es ainsi qu&rsquo;\u00e0 une formation approfondie sur place &#8211; afin que vous soyez vraiment pr\u00e9par\u00e9.<\/p>\n<p>\n<\/div><div class=\"kc-elm kc-css-645437 kc_shortcode kc_single_image\">\n\n        <img decoding=\"async\" src=\"https:\/\/grandeinc.com\/wp-content\/uploads\/2024\/12\/Capture-decran-2024-12-02-163511.png\" class=\"\" alt=\"\" \/>    <\/div>\n<\/div><\/div><\/div><\/div><\/div><\/div><\/div><\/section><section class=\"kc-elm kc-css-421315 kc_row\"><div class=\"kc-row-container  kc-container\"><div class=\"kc-wrap-columns\"><div class=\"kc-elm kc-css-17252 kc_col-sm-12 kc_column kc_col-sm-12\"><div class=\"kc-col-container\"><div class=\"kc-elm kc-css-538585 kc_row kc_row_inner\"><div class=\"kc-elm kc-css-412266 kc_col-sm-12 kc_column_inner kc_col-sm-12\"><div class=\"kc_wrapper kc-col-inner-container\">\n<div class=\"kc-elm kc-css-46935 kc-title-wrap \">\n\n\t<h2 class=\"kc_title\">Murs de verre et vannes anti-inondation<\/h2>\n<\/div>\n<div class=\"kc-elm kc-css-584370 kc_text_block\"><\/p>\n<p>Cloisons vitr\u00e9es : des solutions permanentes sans impact visuel n\u00e9gatif. Vannes anti-inondation : une pr\u00e9vention efficace contre les inondations avec une accessibilit\u00e9 totale.<\/p>\n<p>\n<\/div><div class=\"kc-elm kc-css-191418 kc_shortcode kc_single_image\">\n\n        <img decoding=\"async\" src=\"https:\/\/grandeinc.com\/wp-content\/uploads\/2024\/12\/Capture-decran-2024-12-02-163620.png\" class=\"\" alt=\"\" \/>    <\/div>\n<\/div><\/div><\/div><\/div><\/div><\/div><\/div><\/section><section class=\"kc-elm kc-css-302378 kc_row\"><div class=\"kc-row-container  kc-container\"><div class=\"kc-wrap-columns\"><div class=\"kc-elm kc-css-121234 kc_col-sm-6 kc_column kc_col-sm-6\"><div class=\"kc-col-container\"><div class=\"kc-elm kc-css-94699 kc_row kc_row_inner\"><div class=\"kc-elm kc-css-942665 kc_col-sm-12 kc_column_inner kc_col-sm-12\"><div class=\"kc_wrapper kc-col-inner-container\">\n<div class=\"kc-elm kc-css-139534 kc-title-wrap \">\n\n\t<h2 class=\"kc_title\">Comp\u00e9tence<\/h2>\n<\/div>\n<div class=\"kc-elm kc-css-410978 kc_text_block\"><\/p>\n<p>Avec MUHR, vous b\u00e9n\u00e9ficiez de tous les services d&rsquo;une seule source. Notre certification comprend le fabricant agr\u00e9\u00e9 selon \u00a719 I WHG (protection de l&rsquo;environnement) et EN 1090-3 EXC3 (ex\u00e9cution de composants structurels en aluminium).<\/p>\n<p>\n<\/div><div class=\"kc-elm kc-css-724360 kc_shortcode kc_single_image\">\n\n        <img decoding=\"async\" src=\"https:\/\/grandeinc.com\/wp-content\/uploads\/2024\/12\/Capture-decran-2024-12-02-164420.png\" class=\"\" alt=\"\" \/>    <\/div>\n<\/div><\/div><\/div><\/div><\/div><div class=\"kc-elm kc-css-535512 kc_col-sm-6 kc_column kc_col-sm-6\"><div class=\"kc-col-container\"><div class=\"kc-elm kc-css-417850 kc_row kc_row_inner\"><div class=\"kc-elm kc-css-510472 kc_col-sm-12 kc_column_inner kc_col-sm-12\"><div class=\"kc_wrapper kc-col-inner-container\"><div class=\"kc-elm kc-css-671259 kc_shortcode kc_single_image\">\n\n        <img decoding=\"async\" src=\"https:\/\/grandeinc.com\/wp-content\/uploads\/2024\/10\/lightweight.png\" class=\"\" alt=\"\" \/>    <\/div>\n<\/div><\/div><\/div><\/div><\/div><\/div><\/div><\/section><section class=\"kc-elm kc-css-95861 kc_row\"><div class=\"kc-row-container  kc-container\"><div class=\"kc-wrap-columns\"><div class=\"kc-elm kc-css-36795 kc_col-sm-12 kc_column kc_col-sm-12\"><div class=\"kc-col-container\"><div class=\"kc-elm kc-css-534647 kc_row kc_row_inner\"><div class=\"kc-elm kc-css-144124 kc_col-sm-12 kc_column_inner kc_col-sm-12\"><div class=\"kc_wrapper kc-col-inner-container\"><div class=\"kc-elm kc-css-33709 kc_shortcode kc_single_image\">\n\n        <img decoding=\"async\" src=\"https:\/\/grandeinc.com\/wp-content\/uploads\/2024\/12\/Capture-decran-2024-12-02-164514.png\" class=\"\" alt=\"\" \/>    <\/div>\n<div class=\"kc-elm kc-css-349617 kc_shortcode kc_single_image\">\n\n        <img decoding=\"async\" src=\"https:\/\/grandeinc.com\/wp-content\/uploads\/2024\/12\/Capture-decran-2024-12-02-164616.png\" class=\"\" alt=\"\" \/>    <\/div>\n<div class=\"kc-elm kc-css-874770 kc_shortcode kc_single_image\">\n\n        <img decoding=\"async\" src=\"https:\/\/grandeinc.com\/wp-content\/uploads\/2024\/12\/Capture-decran-2024-12-02-164705.png\" class=\"\" alt=\"\" \/>    <\/div>\n<\/div><\/div><\/div><\/div><\/div><\/div><\/div><\/section><\/p>\n","protected":false},"excerpt":{"rendered":"","protected":false},"author":4,"featured_media":0,"parent":0,"menu_order":0,"comment_status":"closed","ping_status":"closed","template":"tpl-king_composer.php","meta":{"footnotes":""},"class_list":["post-1243","page","type-page","status-publish","hentry"],"yoast_head":"<!-- This site is optimized with the Yoast SEO plugin v24.0 - https:\/\/yoast.com\/wordpress\/plugins\/seo\/ -->\n<title>Gestion des inondations - Grande Gestion des Eaux<\/title>\n<meta name=\"robots\" content=\"index, follow, max-snippet:-1, max-image-preview:large, max-video-preview:-1\" \/>\n<link rel=\"canonical\" href=\"https:\/\/grandeinc.com\/fr\/gestion-des-inondations\/\" \/>\n<meta property=\"og:locale\" content=\"fr_CA\" \/>\n<meta property=\"og:type\" content=\"article\" \/>\n<meta property=\"og:title\" content=\"Gestion des inondations - Grande Gestion des Eaux\" \/>\n<meta property=\"og:description\" content=\"Esp\u00e9rez le meilleur, pr\u00e9parez-vous au pire Les inondations sont de plus en plus fr\u00e9quentes, mais elles ne sont pas toutes identiques. Les concepts de pr\u00e9vention des inondations doivent \u00eatre adaptables aux besoins sp\u00e9cifiques du site et aux budgets respectifs. En tenant compte \u00e0 la fois de la protection civile et environnementale, nos syst\u00e8mes polyvalents de\" \/>\n<meta property=\"og:url\" content=\"https:\/\/grandeinc.com\/fr\/gestion-des-inondations\/\" \/>\n<meta property=\"og:site_name\" content=\"Grande Gestion des Eaux\" \/>\n<meta property=\"article:publisher\" content=\"https:\/\/www.facebook.com\/GrandeWaterManagement\" \/>\n<meta property=\"article:modified_time\" content=\"2024-12-02T21:47:27+00:00\" \/>\n<meta property=\"og:image\" content=\"http:\/\/grandeinc.com\/wp-content\/uploads\/2024\/12\/Capture-decran-2024-12-02-162554.png\" \/>\n<meta name=\"twitter:card\" content=\"summary_large_image\" \/>\n<meta name=\"twitter:label1\" content=\"Estimation du temps de lecture\" \/>\n\t<meta name=\"twitter:data1\" content=\"3 minutes\" \/>\n<script type=\"application\/ld+json\" class=\"yoast-schema-graph\">{\"@context\":\"https:\/\/schema.org\",\"@graph\":[{\"@type\":\"WebPage\",\"@id\":\"https:\/\/grandeinc.com\/gestion-des-inondations\/\",\"url\":\"https:\/\/grandeinc.com\/gestion-des-inondations\/\",\"name\":\"Gestion des inondations - Grande Gestion des Eaux\",\"isPartOf\":{\"@id\":\"http:\/\/grandeinc.com\/fr\/#website\"},\"primaryImageOfPage\":{\"@id\":\"https:\/\/grandeinc.com\/gestion-des-inondations\/#primaryimage\"},\"image\":{\"@id\":\"https:\/\/grandeinc.com\/gestion-des-inondations\/#primaryimage\"},\"thumbnailUrl\":\"http:\/\/grandeinc.com\/wp-content\/uploads\/2024\/12\/Capture-decran-2024-12-02-162554.png\",\"datePublished\":\"2024-10-21T15:47:42+00:00\",\"dateModified\":\"2024-12-02T21:47:27+00:00\",\"breadcrumb\":{\"@id\":\"https:\/\/grandeinc.com\/gestion-des-inondations\/#breadcrumb\"},\"inLanguage\":\"fr-CA\",\"potentialAction\":[{\"@type\":\"ReadAction\",\"target\":[\"https:\/\/grandeinc.com\/gestion-des-inondations\/\"]}]},{\"@type\":\"ImageObject\",\"inLanguage\":\"fr-CA\",\"@id\":\"https:\/\/grandeinc.com\/gestion-des-inondations\/#primaryimage\",\"url\":\"http:\/\/grandeinc.com\/wp-content\/uploads\/2024\/12\/Capture-decran-2024-12-02-162554.png\",\"contentUrl\":\"http:\/\/grandeinc.com\/wp-content\/uploads\/2024\/12\/Capture-decran-2024-12-02-162554.png\"},{\"@type\":\"BreadcrumbList\",\"@id\":\"https:\/\/grandeinc.com\/gestion-des-inondations\/#breadcrumb\",\"itemListElement\":[{\"@type\":\"ListItem\",\"position\":1,\"name\":\"Accueil\",\"item\":\"https:\/\/grandeinc.com\/\"},{\"@type\":\"ListItem\",\"position\":2,\"name\":\"Gestion des inondations\"}]},{\"@type\":\"WebSite\",\"@id\":\"http:\/\/grandeinc.com\/fr\/#website\",\"url\":\"http:\/\/grandeinc.com\/fr\/\",\"name\":\"Grande Gestion des Eaux\",\"description\":\"\",\"publisher\":{\"@id\":\"http:\/\/grandeinc.com\/fr\/#organization\"},\"potentialAction\":[{\"@type\":\"SearchAction\",\"target\":{\"@type\":\"EntryPoint\",\"urlTemplate\":\"http:\/\/grandeinc.com\/fr\/?s={search_term_string}\"},\"query-input\":{\"@type\":\"PropertyValueSpecification\",\"valueRequired\":true,\"valueName\":\"search_term_string\"}}],\"inLanguage\":\"fr-CA\"},{\"@type\":\"Organization\",\"@id\":\"http:\/\/grandeinc.com\/fr\/#organization\",\"name\":\"Grande Gestion des Eaux\",\"url\":\"http:\/\/grandeinc.com\/fr\/\",\"logo\":{\"@type\":\"ImageObject\",\"inLanguage\":\"fr-CA\",\"@id\":\"http:\/\/grandeinc.com\/fr\/#\/schema\/logo\/image\/\",\"url\":\"https:\/\/grandeinc.com\/wp-content\/uploads\/2024\/11\/logo.png\",\"contentUrl\":\"https:\/\/grandeinc.com\/wp-content\/uploads\/2024\/11\/logo.png\",\"width\":260,\"height\":84,\"caption\":\"Grande Gestion des Eaux\"},\"image\":{\"@id\":\"http:\/\/grandeinc.com\/fr\/#\/schema\/logo\/image\/\"},\"sameAs\":[\"https:\/\/www.facebook.com\/GrandeWaterManagement\"]}]}<\/script>\n<!-- \/ Yoast SEO plugin. -->","yoast_head_json":{"title":"Gestion des inondations - Grande Gestion des Eaux","robots":{"index":"index","follow":"follow","max-snippet":"max-snippet:-1","max-image-preview":"max-image-preview:large","max-video-preview":"max-video-preview:-1"},"canonical":"https:\/\/grandeinc.com\/fr\/gestion-des-inondations\/","og_locale":"fr_CA","og_type":"article","og_title":"Gestion des inondations - Grande Gestion des Eaux","og_description":"Esp\u00e9rez le meilleur, pr\u00e9parez-vous au pire Les inondations sont de plus en plus fr\u00e9quentes, mais elles ne sont pas toutes identiques. Les concepts de pr\u00e9vention des inondations doivent \u00eatre adaptables aux besoins sp\u00e9cifiques du site et aux budgets respectifs. En tenant compte \u00e0 la fois de la protection civile et environnementale, nos syst\u00e8mes polyvalents de","og_url":"https:\/\/grandeinc.com\/fr\/gestion-des-inondations\/","og_site_name":"Grande Gestion des Eaux","article_publisher":"https:\/\/www.facebook.com\/GrandeWaterManagement","article_modified_time":"2024-12-02T21:47:27+00:00","og_image":[{"url":"http:\/\/grandeinc.com\/wp-content\/uploads\/2024\/12\/Capture-decran-2024-12-02-162554.png","type":"","width":"","height":""}],"twitter_card":"summary_large_image","twitter_misc":{"Estimation du temps de lecture":"3 minutes"},"schema":{"@context":"https:\/\/schema.org","@graph":[{"@type":"WebPage","@id":"https:\/\/grandeinc.com\/gestion-des-inondations\/","url":"https:\/\/grandeinc.com\/gestion-des-inondations\/","name":"Gestion des inondations - Grande Gestion des Eaux","isPartOf":{"@id":"http:\/\/grandeinc.com\/fr\/#website"},"primaryImageOfPage":{"@id":"https:\/\/grandeinc.com\/gestion-des-inondations\/#primaryimage"},"image":{"@id":"https:\/\/grandeinc.com\/gestion-des-inondations\/#primaryimage"},"thumbnailUrl":"http:\/\/grandeinc.com\/wp-content\/uploads\/2024\/12\/Capture-decran-2024-12-02-162554.png","datePublished":"2024-10-21T15:47:42+00:00","dateModified":"2024-12-02T21:47:27+00:00","breadcrumb":{"@id":"https:\/\/grandeinc.com\/gestion-des-inondations\/#breadcrumb"},"inLanguage":"fr-CA","potentialAction":[{"@type":"ReadAction","target":["https:\/\/grandeinc.com\/gestion-des-inondations\/"]}]},{"@type":"ImageObject","inLanguage":"fr-CA","@id":"https:\/\/grandeinc.com\/gestion-des-inondations\/#primaryimage","url":"http:\/\/grandeinc.com\/wp-content\/uploads\/2024\/12\/Capture-decran-2024-12-02-162554.png","contentUrl":"http:\/\/grandeinc.com\/wp-content\/uploads\/2024\/12\/Capture-decran-2024-12-02-162554.png"},{"@type":"BreadcrumbList","@id":"https:\/\/grandeinc.com\/gestion-des-inondations\/#breadcrumb","itemListElement":[{"@type":"ListItem","position":1,"name":"Accueil","item":"https:\/\/grandeinc.com\/"},{"@type":"ListItem","position":2,"name":"Gestion des inondations"}]},{"@type":"WebSite","@id":"http:\/\/grandeinc.com\/fr\/#website","url":"http:\/\/grandeinc.com\/fr\/","name":"Grande Gestion des Eaux","description":"","publisher":{"@id":"http:\/\/grandeinc.com\/fr\/#organization"},"potentialAction":[{"@type":"SearchAction","target":{"@type":"EntryPoint","urlTemplate":"http:\/\/grandeinc.com\/fr\/?s={search_term_string}"},"query-input":{"@type":"PropertyValueSpecification","valueRequired":true,"valueName":"search_term_string"}}],"inLanguage":"fr-CA"},{"@type":"Organization","@id":"http:\/\/grandeinc.com\/fr\/#organization","name":"Grande Gestion des Eaux","url":"http:\/\/grandeinc.com\/fr\/","logo":{"@type":"ImageObject","inLanguage":"fr-CA","@id":"http:\/\/grandeinc.com\/fr\/#\/schema\/logo\/image\/","url":"https:\/\/grandeinc.com\/wp-content\/uploads\/2024\/11\/logo.png","contentUrl":"https:\/\/grandeinc.com\/wp-content\/uploads\/2024\/11\/logo.png","width":260,"height":84,"caption":"Grande Gestion des Eaux"},"image":{"@id":"http:\/\/grandeinc.com\/fr\/#\/schema\/logo\/image\/"},"sameAs":["https:\/\/www.facebook.com\/GrandeWaterManagement"]}]}},"_links":{"self":[{"href":"https:\/\/grandeinc.com\/fr\/wp-json\/wp\/v2\/pages\/1243","targetHints":{"allow":["GET"]}}],"collection":[{"href":"https:\/\/grandeinc.com\/fr\/wp-json\/wp\/v2\/pages"}],"about":[{"href":"https:\/\/grandeinc.com\/fr\/wp-json\/wp\/v2\/types\/page"}],"author":[{"embeddable":true,"href":"https:\/\/grandeinc.com\/fr\/wp-json\/wp\/v2\/users\/4"}],"replies":[{"embeddable":true,"href":"https:\/\/grandeinc.com\/fr\/wp-json\/wp\/v2\/comments?post=1243"}],"version-history":[{"count":36,"href":"https:\/\/grandeinc.com\/fr\/wp-json\/wp\/v2\/pages\/1243\/revisions"}],"predecessor-version":[{"id":1357,"href":"https:\/\/grandeinc.com\/fr\/wp-json\/wp\/v2\/pages\/1243\/revisions\/1357"}],"wp:attachment":[{"href":"https:\/\/grandeinc.com\/fr\/wp-json\/wp\/v2\/media?parent=1243"}],"curies":[{"name":"wp","href":"https:\/\/api.w.org\/{rel}","templated":true}]}}