{"id":1075,"date":"2024-06-02T23:49:20","date_gmt":"2024-06-03T03:49:20","guid":{"rendered":"https:\/\/grandeinc.com\/?page_id=1075"},"modified":"2024-07-15T23:34:05","modified_gmt":"2024-07-16T03:34:05","slug":"regulateur-de-debit-vortex-acu-vortex","status":"publish","type":"page","link":"https:\/\/grandeinc.com\/fr\/produits\/regulation-de-debit\/regulateur-de-debit-vortex-acu-vortex\/","title":{"rendered":"R\u00e9gulateur de d\u00e9bit vortex ACU-VORTEX"},"content":{"rendered":"<section class=\"kc-elm kc-css-123691 kc_row\"><div class=\"kc-row-container  kc-container\"><div class=\"kc-wrap-columns\"><div class=\"kc-elm kc-css-858099 kc_col-sm-12 kc_column kc_col-sm-12\"><div class=\"kc-col-container\"><div class=\"kc-elm kc-css-387636 kc_row kc_row_inner\"><div class=\"kc-elm kc-css-973741 kc_col-sm-6 kc_column_inner kc_col-sm-6\"><div class=\"kc_wrapper kc-col-inner-container\"><div class=\"kc-elm kc-css-770413 kc_shortcode kc_single_image\">\n\n        <img decoding=\"async\" src=\"https:\/\/grandeinc.com\/wp-content\/uploads\/2024\/06\/ACU-VORTEX-1-300x225-1.jpg\" class=\"\" alt=\"\" \/>    <\/div>\n<\/div><\/div><div class=\"kc-elm kc-css-154451 kc_col-sm-6 kc_column_inner kc_col-sm-6\"><div class=\"kc_wrapper kc-col-inner-container\"><div class=\"kc-elm kc-css-900238 kc_text_block\"><\/p>\n<p>Lors d\u2019un orage, le volume \u00e9lev\u00e9 d\u2019eau qui coule peut surcharger les r\u00e9seaux d\u2019\u00e9gouts et les bassins de stockage, provoquant un d\u00e9bordement et inondant tout le syst\u00e8me. Le r\u00e9gulateur de d\u00e9bit vortex ACU-VORTEX est con\u00e7u pour r\u00e9guler le d\u00e9bit entrant dans les syst\u00e8mes de trop-plein d&rsquo;eaux pluviales, les syst\u00e8mes de trop-plein d&rsquo;\u00e9gouts unitaires (CSO), les syst\u00e8mes de trop-plein d&rsquo;\u00e9gouts sanitaires (SSO), les trop-pleins de r\u00e9servoirs de r\u00e9tention et les trop-pleins de bassin.<\/p>\n<p>\n<\/div><\/div><\/div><\/div><div class=\"kc-elm kc-css-609932 kc_row kc_row_inner\"><div class=\"kc-elm kc-css-620954 kc_col-sm-12 kc_column_inner kc_col-sm-12\"><div class=\"kc_wrapper kc-col-inner-container\">\n<div class=\"kc-elm kc-css-60497\">\n\t<a class=\"kc_button\" href=\"\/contactez-nous\/\" target=\"_self\" title=\"\" onclick=\"\">\n\t\tDemandez votre brochure\t<\/a>\n<\/div>\n<\/div><\/div><\/div><div class=\"kc-elm kc-css-664481 kc_row kc_row_inner\"><div class=\"kc-elm kc-css-447296 kc_col-sm-6 kc_column_inner kc_col-sm-6\"><div class=\"kc_wrapper kc-col-inner-container\"><div class=\"kc-elm kc-css-753181 kc_text_block\"><\/p>\n<h2>Caract\u00e9ristiques<\/h2>\n<p>-Aucun couple\/\u00e9nergie externe requis<\/p>\n<p>-Aucune pi\u00e8ce mobile<\/p>\n<p>-Plage de d\u00e9bit illimit\u00e9e<\/p>\n<p>-Autonettoyant<\/p>\n<p>-Facile \u00e0 installer<\/p>\n<p>-R\u00e9novation dans des structures existantes<\/p>\n<p>-Diverses options d&rsquo;installation<\/p>\n<p>-Construction en acier inoxydable<\/p>\n<p>\n<\/div><\/div><\/div><div class=\"kc-elm kc-css-312715 kc_col-sm-6 kc_column_inner kc_col-sm-6\"><div class=\"kc_wrapper kc-col-inner-container\"><\/div><\/div><\/div><div class=\"kc-elm kc-css-695003 kc_row kc_row_inner\"><div class=\"kc-elm kc-css-481253 kc_col-sm-12 kc_column_inner kc_col-sm-12\"><div class=\"kc_wrapper kc-col-inner-container\"><div class=\"kc-elm kc-css-420388 kc_text_block\"><\/p>\n<h2>Fonctionnement<\/h2>\n<p>La conception du r\u00e9gulateur de d\u00e9bit \u00e0 vortex ACU-VORTEX est bas\u00e9e sur le principe du vortex forc\u00e9. Le r\u00e9gulateur de d\u00e9bit vortex ACU-VORTEX r\u00e9gule les grands d\u00e9bits en amont par le mouvement du fluide traversant le r\u00e9gulateur vortex StormFlow \u00e0 une vitesse suffisamment \u00e9lev\u00e9e, lui permettant d&rsquo;entrer dans un mouvement vortex. Ce mouvement permet au fluide de s&rsquo;\u00e9couler \u00e0 un d\u00e9bit constant et plus faible. Diff\u00e9rents mod\u00e8les sont disponibles pour s&rsquo;adapter \u00e0 tout type de r\u00e9gulation de d\u00e9bit requis.<\/p>\n<p>\n<\/div><\/div><\/div><\/div><\/div><\/div><\/div><\/div><\/section>\n","protected":false},"excerpt":{"rendered":"","protected":false},"author":4,"featured_media":0,"parent":688,"menu_order":0,"comment_status":"closed","ping_status":"closed","template":"","meta":{"footnotes":""},"class_list":["post-1075","page","type-page","status-publish","hentry"],"yoast_head":"<!-- This site is optimized with the Yoast SEO plugin v24.0 - https:\/\/yoast.com\/wordpress\/plugins\/seo\/ -->\n<title>R\u00e9gulateur de d\u00e9bit vortex ACU-VORTEX - Grande Gestion des Eaux<\/title>\n<meta name=\"robots\" content=\"index, follow, max-snippet:-1, max-image-preview:large, max-video-preview:-1\" \/>\n<link rel=\"canonical\" href=\"https:\/\/grandeinc.com\/fr\/produits\/regulation-de-debit\/regulateur-de-debit-vortex-acu-vortex\/\" \/>\n<meta property=\"og:locale\" content=\"fr_CA\" \/>\n<meta property=\"og:type\" content=\"article\" \/>\n<meta property=\"og:title\" content=\"R\u00e9gulateur de d\u00e9bit vortex ACU-VORTEX - Grande Gestion des Eaux\" \/>\n<meta property=\"og:description\" content=\"Lors d\u2019un orage, le volume \u00e9lev\u00e9 d\u2019eau qui coule peut surcharger les r\u00e9seaux d\u2019\u00e9gouts et les bassins de stockage, provoquant un d\u00e9bordement et inondant tout le syst\u00e8me. Le r\u00e9gulateur de d\u00e9bit vortex ACU-VORTEX est con\u00e7u pour r\u00e9guler le d\u00e9bit entrant dans les syst\u00e8mes de trop-plein d&rsquo;eaux pluviales, les syst\u00e8mes de trop-plein d&rsquo;\u00e9gouts unitaires (CSO), les\" \/>\n<meta property=\"og:url\" content=\"https:\/\/grandeinc.com\/fr\/produits\/regulation-de-debit\/regulateur-de-debit-vortex-acu-vortex\/\" \/>\n<meta property=\"og:site_name\" content=\"Grande Gestion des Eaux\" \/>\n<meta property=\"article:publisher\" content=\"https:\/\/www.facebook.com\/GrandeWaterManagement\" \/>\n<meta property=\"article:modified_time\" content=\"2024-07-16T03:34:05+00:00\" \/>\n<meta property=\"og:image\" content=\"http:\/\/grandeinc.com\/wp-content\/uploads\/2024\/06\/ACU-VORTEX-1-300x225-1.jpg\" \/>\n<meta name=\"twitter:card\" content=\"summary_large_image\" \/>\n<meta name=\"twitter:label1\" content=\"Estimation du temps de lecture\" \/>\n\t<meta name=\"twitter:data1\" content=\"1 minute\" \/>\n<script type=\"application\/ld+json\" class=\"yoast-schema-graph\">{\"@context\":\"https:\/\/schema.org\",\"@graph\":[{\"@type\":\"WebPage\",\"@id\":\"https:\/\/grandeinc.com\/produits\/regulation-de-debit\/regulateur-de-debit-vortex-acu-vortex\/\",\"url\":\"https:\/\/grandeinc.com\/produits\/regulation-de-debit\/regulateur-de-debit-vortex-acu-vortex\/\",\"name\":\"R\u00e9gulateur de d\u00e9bit vortex ACU-VORTEX - Grande Gestion des Eaux\",\"isPartOf\":{\"@id\":\"http:\/\/grandeinc.com\/fr\/#website\"},\"primaryImageOfPage\":{\"@id\":\"https:\/\/grandeinc.com\/produits\/regulation-de-debit\/regulateur-de-debit-vortex-acu-vortex\/#primaryimage\"},\"image\":{\"@id\":\"https:\/\/grandeinc.com\/produits\/regulation-de-debit\/regulateur-de-debit-vortex-acu-vortex\/#primaryimage\"},\"thumbnailUrl\":\"http:\/\/grandeinc.com\/wp-content\/uploads\/2024\/06\/ACU-VORTEX-1-300x225-1.jpg\",\"datePublished\":\"2024-06-03T03:49:20+00:00\",\"dateModified\":\"2024-07-16T03:34:05+00:00\",\"breadcrumb\":{\"@id\":\"https:\/\/grandeinc.com\/produits\/regulation-de-debit\/regulateur-de-debit-vortex-acu-vortex\/#breadcrumb\"},\"inLanguage\":\"fr-CA\",\"potentialAction\":[{\"@type\":\"ReadAction\",\"target\":[\"https:\/\/grandeinc.com\/produits\/regulation-de-debit\/regulateur-de-debit-vortex-acu-vortex\/\"]}]},{\"@type\":\"ImageObject\",\"inLanguage\":\"fr-CA\",\"@id\":\"https:\/\/grandeinc.com\/produits\/regulation-de-debit\/regulateur-de-debit-vortex-acu-vortex\/#primaryimage\",\"url\":\"http:\/\/grandeinc.com\/wp-content\/uploads\/2024\/06\/ACU-VORTEX-1-300x225-1.jpg\",\"contentUrl\":\"http:\/\/grandeinc.com\/wp-content\/uploads\/2024\/06\/ACU-VORTEX-1-300x225-1.jpg\"},{\"@type\":\"BreadcrumbList\",\"@id\":\"https:\/\/grandeinc.com\/produits\/regulation-de-debit\/regulateur-de-debit-vortex-acu-vortex\/#breadcrumb\",\"itemListElement\":[{\"@type\":\"ListItem\",\"position\":1,\"name\":\"Accueil\",\"item\":\"https:\/\/grandeinc.com\/\"},{\"@type\":\"ListItem\",\"position\":2,\"name\":\"Produits\",\"item\":\"https:\/\/grandeinc.com\/produits\/\"},{\"@type\":\"ListItem\",\"position\":3,\"name\":\"R\u00e9gulation du d\u00e9bit\",\"item\":\"https:\/\/grandeinc.com\/produits\/regulation-de-debit\/\"},{\"@type\":\"ListItem\",\"position\":4,\"name\":\"R\u00e9gulateur de d\u00e9bit vortex ACU-VORTEX\"}]},{\"@type\":\"WebSite\",\"@id\":\"http:\/\/grandeinc.com\/fr\/#website\",\"url\":\"http:\/\/grandeinc.com\/fr\/\",\"name\":\"Grande Gestion des Eaux\",\"description\":\"\",\"publisher\":{\"@id\":\"http:\/\/grandeinc.com\/fr\/#organization\"},\"potentialAction\":[{\"@type\":\"SearchAction\",\"target\":{\"@type\":\"EntryPoint\",\"urlTemplate\":\"http:\/\/grandeinc.com\/fr\/?s={search_term_string}\"},\"query-input\":{\"@type\":\"PropertyValueSpecification\",\"valueRequired\":true,\"valueName\":\"search_term_string\"}}],\"inLanguage\":\"fr-CA\"},{\"@type\":\"Organization\",\"@id\":\"http:\/\/grandeinc.com\/fr\/#organization\",\"name\":\"Grande Gestion des Eaux\",\"url\":\"http:\/\/grandeinc.com\/fr\/\",\"logo\":{\"@type\":\"ImageObject\",\"inLanguage\":\"fr-CA\",\"@id\":\"http:\/\/grandeinc.com\/fr\/#\/schema\/logo\/image\/\",\"url\":\"https:\/\/grandeinc.com\/wp-content\/uploads\/2024\/11\/logo.png\",\"contentUrl\":\"https:\/\/grandeinc.com\/wp-content\/uploads\/2024\/11\/logo.png\",\"width\":260,\"height\":84,\"caption\":\"Grande Gestion des Eaux\"},\"image\":{\"@id\":\"http:\/\/grandeinc.com\/fr\/#\/schema\/logo\/image\/\"},\"sameAs\":[\"https:\/\/www.facebook.com\/GrandeWaterManagement\"]}]}<\/script>\n<!-- \/ Yoast SEO plugin. -->","yoast_head_json":{"title":"R\u00e9gulateur de d\u00e9bit vortex ACU-VORTEX - Grande Gestion des Eaux","robots":{"index":"index","follow":"follow","max-snippet":"max-snippet:-1","max-image-preview":"max-image-preview:large","max-video-preview":"max-video-preview:-1"},"canonical":"https:\/\/grandeinc.com\/fr\/produits\/regulation-de-debit\/regulateur-de-debit-vortex-acu-vortex\/","og_locale":"fr_CA","og_type":"article","og_title":"R\u00e9gulateur de d\u00e9bit vortex ACU-VORTEX - Grande Gestion des Eaux","og_description":"Lors d\u2019un orage, le volume \u00e9lev\u00e9 d\u2019eau qui coule peut surcharger les r\u00e9seaux d\u2019\u00e9gouts et les bassins de stockage, provoquant un d\u00e9bordement et inondant tout le syst\u00e8me. Le r\u00e9gulateur de d\u00e9bit vortex ACU-VORTEX est con\u00e7u pour r\u00e9guler le d\u00e9bit entrant dans les syst\u00e8mes de trop-plein d&rsquo;eaux pluviales, les syst\u00e8mes de trop-plein d&rsquo;\u00e9gouts unitaires (CSO), les","og_url":"https:\/\/grandeinc.com\/fr\/produits\/regulation-de-debit\/regulateur-de-debit-vortex-acu-vortex\/","og_site_name":"Grande Gestion des Eaux","article_publisher":"https:\/\/www.facebook.com\/GrandeWaterManagement","article_modified_time":"2024-07-16T03:34:05+00:00","og_image":[{"url":"http:\/\/grandeinc.com\/wp-content\/uploads\/2024\/06\/ACU-VORTEX-1-300x225-1.jpg","type":"","width":"","height":""}],"twitter_card":"summary_large_image","twitter_misc":{"Estimation du temps de lecture":"1 minute"},"schema":{"@context":"https:\/\/schema.org","@graph":[{"@type":"WebPage","@id":"https:\/\/grandeinc.com\/produits\/regulation-de-debit\/regulateur-de-debit-vortex-acu-vortex\/","url":"https:\/\/grandeinc.com\/produits\/regulation-de-debit\/regulateur-de-debit-vortex-acu-vortex\/","name":"R\u00e9gulateur de d\u00e9bit vortex ACU-VORTEX - Grande Gestion des Eaux","isPartOf":{"@id":"http:\/\/grandeinc.com\/fr\/#website"},"primaryImageOfPage":{"@id":"https:\/\/grandeinc.com\/produits\/regulation-de-debit\/regulateur-de-debit-vortex-acu-vortex\/#primaryimage"},"image":{"@id":"https:\/\/grandeinc.com\/produits\/regulation-de-debit\/regulateur-de-debit-vortex-acu-vortex\/#primaryimage"},"thumbnailUrl":"http:\/\/grandeinc.com\/wp-content\/uploads\/2024\/06\/ACU-VORTEX-1-300x225-1.jpg","datePublished":"2024-06-03T03:49:20+00:00","dateModified":"2024-07-16T03:34:05+00:00","breadcrumb":{"@id":"https:\/\/grandeinc.com\/produits\/regulation-de-debit\/regulateur-de-debit-vortex-acu-vortex\/#breadcrumb"},"inLanguage":"fr-CA","potentialAction":[{"@type":"ReadAction","target":["https:\/\/grandeinc.com\/produits\/regulation-de-debit\/regulateur-de-debit-vortex-acu-vortex\/"]}]},{"@type":"ImageObject","inLanguage":"fr-CA","@id":"https:\/\/grandeinc.com\/produits\/regulation-de-debit\/regulateur-de-debit-vortex-acu-vortex\/#primaryimage","url":"http:\/\/grandeinc.com\/wp-content\/uploads\/2024\/06\/ACU-VORTEX-1-300x225-1.jpg","contentUrl":"http:\/\/grandeinc.com\/wp-content\/uploads\/2024\/06\/ACU-VORTEX-1-300x225-1.jpg"},{"@type":"BreadcrumbList","@id":"https:\/\/grandeinc.com\/produits\/regulation-de-debit\/regulateur-de-debit-vortex-acu-vortex\/#breadcrumb","itemListElement":[{"@type":"ListItem","position":1,"name":"Accueil","item":"https:\/\/grandeinc.com\/"},{"@type":"ListItem","position":2,"name":"Produits","item":"https:\/\/grandeinc.com\/produits\/"},{"@type":"ListItem","position":3,"name":"R\u00e9gulation du d\u00e9bit","item":"https:\/\/grandeinc.com\/produits\/regulation-de-debit\/"},{"@type":"ListItem","position":4,"name":"R\u00e9gulateur de d\u00e9bit vortex ACU-VORTEX"}]},{"@type":"WebSite","@id":"http:\/\/grandeinc.com\/fr\/#website","url":"http:\/\/grandeinc.com\/fr\/","name":"Grande Gestion des Eaux","description":"","publisher":{"@id":"http:\/\/grandeinc.com\/fr\/#organization"},"potentialAction":[{"@type":"SearchAction","target":{"@type":"EntryPoint","urlTemplate":"http:\/\/grandeinc.com\/fr\/?s={search_term_string}"},"query-input":{"@type":"PropertyValueSpecification","valueRequired":true,"valueName":"search_term_string"}}],"inLanguage":"fr-CA"},{"@type":"Organization","@id":"http:\/\/grandeinc.com\/fr\/#organization","name":"Grande Gestion des Eaux","url":"http:\/\/grandeinc.com\/fr\/","logo":{"@type":"ImageObject","inLanguage":"fr-CA","@id":"http:\/\/grandeinc.com\/fr\/#\/schema\/logo\/image\/","url":"https:\/\/grandeinc.com\/wp-content\/uploads\/2024\/11\/logo.png","contentUrl":"https:\/\/grandeinc.com\/wp-content\/uploads\/2024\/11\/logo.png","width":260,"height":84,"caption":"Grande Gestion des Eaux"},"image":{"@id":"http:\/\/grandeinc.com\/fr\/#\/schema\/logo\/image\/"},"sameAs":["https:\/\/www.facebook.com\/GrandeWaterManagement"]}]}},"_links":{"self":[{"href":"https:\/\/grandeinc.com\/fr\/wp-json\/wp\/v2\/pages\/1075","targetHints":{"allow":["GET"]}}],"collection":[{"href":"https:\/\/grandeinc.com\/fr\/wp-json\/wp\/v2\/pages"}],"about":[{"href":"https:\/\/grandeinc.com\/fr\/wp-json\/wp\/v2\/types\/page"}],"author":[{"embeddable":true,"href":"https:\/\/grandeinc.com\/fr\/wp-json\/wp\/v2\/users\/4"}],"replies":[{"embeddable":true,"href":"https:\/\/grandeinc.com\/fr\/wp-json\/wp\/v2\/comments?post=1075"}],"version-history":[{"count":5,"href":"https:\/\/grandeinc.com\/fr\/wp-json\/wp\/v2\/pages\/1075\/revisions"}],"predecessor-version":[{"id":1194,"href":"https:\/\/grandeinc.com\/fr\/wp-json\/wp\/v2\/pages\/1075\/revisions\/1194"}],"up":[{"embeddable":true,"href":"https:\/\/grandeinc.com\/fr\/wp-json\/wp\/v2\/pages\/688"}],"wp:attachment":[{"href":"https:\/\/grandeinc.com\/fr\/wp-json\/wp\/v2\/media?parent=1075"}],"curies":[{"name":"wp","href":"https:\/\/api.w.org\/{rel}","templated":true}]}}