{"id":1067,"date":"2024-06-02T23:37:52","date_gmt":"2024-06-03T03:37:52","guid":{"rendered":"https:\/\/grandeinc.com\/?page_id=1067"},"modified":"2024-07-15T23:34:30","modified_gmt":"2024-07-16T03:34:30","slug":"regulateur-flottant-sure-float","status":"publish","type":"page","link":"https:\/\/grandeinc.com\/fr\/produits\/regulation-de-debit\/regulateur-flottant-sure-float\/","title":{"rendered":"R\u00e9gulateur flottant SURE-FLOAT"},"content":{"rendered":"<section class=\"kc-elm kc-css-973664 kc_row\"><div class=\"kc-row-container  kc-container\"><div class=\"kc-wrap-columns\"><div class=\"kc-elm kc-css-210511 kc_col-sm-12 kc_column kc_col-sm-12\"><div class=\"kc-col-container\"><div class=\"kc-elm kc-css-629939 kc_row kc_row_inner\"><div class=\"kc-elm kc-css-583347 kc_col-sm-6 kc_column_inner kc_col-sm-6\"><div class=\"kc_wrapper kc-col-inner-container\"><div class=\"kc-elm kc-css-963955 kc_shortcode kc_single_image\">\n\n        <img decoding=\"async\" src=\"https:\/\/grandeinc.com\/wp-content\/uploads\/2024\/06\/sure-float-01.jpg\" class=\"\" alt=\"\" \/>    <\/div>\n<\/div><\/div><div class=\"kc-elm kc-css-535967 kc_col-sm-6 kc_column_inner kc_col-sm-6\"><div class=\"kc_wrapper kc-col-inner-container\"><div class=\"kc-elm kc-css-829142 kc_text_block\"><\/p>\n<p>Le syst\u00e8me de r\u00e9gulateur flottant SURE-FLOAT est con\u00e7u pour maintenir un d\u00e9bit constant et pr\u00e9cis d&rsquo;un minimum de 80 gpm (5 L\/s) \u00e0 un maximum de 480 gpm (30 L\/s) pour des niveaux d&rsquo;eau en amont variant de 0 \u00e0 20 pieds. (6 m). Le r\u00e9gulateur flottant SURE-FLOAT a \u00e9t\u00e9 utilis\u00e9 pour le contr\u00f4le du d\u00e9bit des bassins de d\u00e9cantation, des bassins de r\u00e9sidus, des bassins de s\u00e9dimentation, des r\u00e9servoirs de r\u00e9tention des eaux pluviales, des r\u00e9servoirs et des bassins ainsi que des effluents des usines de traitement par lots et est bien adapt\u00e9 pour r\u00e9guler les petits rejets. Le r\u00e9gulateur flottant SURE-FLOAT s&rsquo;installe en amont du point de contr\u00f4le dans un r\u00e9servoir, un r\u00e9servoir ou un bassin et ne n\u00e9cessite pas de t\u00eate diff\u00e9rentielle pour son bon fonctionnement.<\/p>\n<p>\n<\/div><\/div><\/div><\/div><div class=\"kc-elm kc-css-631954 kc_row kc_row_inner\"><div class=\"kc-elm kc-css-632674 kc_col-sm-12 kc_column_inner kc_col-sm-12\"><div class=\"kc_wrapper kc-col-inner-container\">\n<div class=\"kc-elm kc-css-676215\">\n\t<a class=\"kc_button\" href=\"\/contactez-nous\/\" target=\"_self\" title=\"\" onclick=\"\">\n\t\tDemandez votre brochure\t<\/a>\n<\/div>\n<\/div><\/div><\/div><div class=\"kc-elm kc-css-433467 kc_row kc_row_inner\"><div class=\"kc-elm kc-css-755623 kc_col-sm-6 kc_column_inner kc_col-sm-6\"><div class=\"kc_wrapper kc-col-inner-container\"><div class=\"kc-elm kc-css-551147 kc_text_block\"><\/p>\n<h2>Caract\u00e9ristiques<\/h2>\n<p>-80 gpm \u00e0 480 gpm (5 \u00e0 30 L\/S)<\/p>\n<p>-T\u00eate d&rsquo;eau jusqu&rsquo;\u00e0 20 pieds (6 m)<\/p>\n<p>-Aucune structure distincte requise<\/p>\n<p>-Aucun d\u00e9calage d&rsquo;inversion de sol requis<\/p>\n<p>-Aucune connexion \u00e9lectrique requise<\/p>\n<p>-Le d\u00e9bit de conception peut \u00eatre ajust\u00e9 sur place<\/p>\n<p>-Facile \u00e0 adapter aux installations existantes<\/p>\n<p>-Construction en acier inoxydable<\/p>\n<p>\n<\/div><\/div><\/div><div class=\"kc-elm kc-css-884097 kc_col-sm-6 kc_column_inner kc_col-sm-6\"><div class=\"kc_wrapper kc-col-inner-container\"><div class=\"kc-elm kc-css-253161 kc_shortcode kc_single_image\">\n\n        <img decoding=\"async\" src=\"https:\/\/grandeinc.com\/wp-content\/uploads\/2024\/06\/sure-float-02.jpg\" class=\"\" alt=\"\" \/>    <\/div>\n<\/div><\/div><\/div><div class=\"kc-elm kc-css-861703 kc_row kc_row_inner\"><div class=\"kc-elm kc-css-868334 kc_col-sm-6 kc_column_inner kc_col-sm-6\"><div class=\"kc_wrapper kc-col-inner-container\"><div class=\"kc-elm kc-css-657364 kc_shortcode kc_single_image\">\n\n        <img decoding=\"async\" src=\"https:\/\/grandeinc.com\/wp-content\/uploads\/2024\/06\/sure-float-03.jpg\" class=\"\" alt=\"\" \/>    <\/div>\n<\/div><\/div><div class=\"kc-elm kc-css-611697 kc_col-sm-6 kc_column_inner kc_col-sm-6\"><div class=\"kc_wrapper kc-col-inner-container\"><div class=\"kc-elm kc-css-272308 kc_text_block\"><\/p>\n<h2>Champ d&rsquo;application<\/h2>\n<p>Le syst\u00e8me de r\u00e9gulateur flottant SURE-FLOAT est un mod\u00e8le GSF-R-20-*. Le GSF-R-20-* a un diam\u00e8tre d&rsquo;entr\u00e9e de 8 pouces (20 cm) avec une plage de d\u00e9bit de 80 \u00e0 480 gpm (5 \u00e0 30 L\/s). La s\u00e9lection du mod\u00e8le SURE-FLOAT est enti\u00e8rement bas\u00e9e sur la plage de d\u00e9bit et de hauteur requise.<\/p>\n<p>\n<\/div><\/div><\/div><\/div><div class=\"kc-elm kc-css-137983 kc_row kc_row_inner\"><div class=\"kc-elm kc-css-744818 kc_col-sm-12 kc_column_inner kc_col-sm-12\"><div class=\"kc_wrapper kc-col-inner-container\"><div class=\"kc-elm kc-css-660913 kc_text_block\"><\/p>\n<h2>Fonctionnement<\/h2>\n<p>Le r\u00e9gulateur flottant SURE-FLOAT maintient un d\u00e9bit constant \u00e0 une valeur de consigne ind\u00e9pendante du niveau d&rsquo;eau en amont. Le r\u00e9gulateur flottant SURE-FLOAT \u00e9cume efficacement la surface de toute installation dans laquelle il est plac\u00e9. Le d\u00e9bit est bas\u00e9 sur la flottabilit\u00e9 du flotteur qui contr\u00f4le la submersion de l&rsquo;entr\u00e9e. L&rsquo;ouverture d&rsquo;entr\u00e9e est compos\u00e9e d&rsquo;un d\u00e9flecteur et d&rsquo;un d\u00e9versoir int\u00e9gr\u00e9s. Cela permet la s\u00e9paration des solides sans impact n\u00e9gatif sur le d\u00e9bit. Le r\u00e9gulateur flottant SURE-FLOAT est articul\u00e9 en bas et en haut du tuyau d&rsquo;entr\u00e9e afin que l&rsquo;ouverture d&rsquo;entr\u00e9e soit maintenue en position horizontale pour un contr\u00f4le optimal du d\u00e9bit.<\/p>\n<p>Chaque r\u00e9gulateur flottant SURE-FLOAT est exp\u00e9di\u00e9 sur site pr\u00e9r\u00e9gl\u00e9 au d\u00e9bit de conception souhait\u00e9. De plus, le point de consigne peut \u00eatre modifi\u00e9 en ajoutant ou en retirant de l&rsquo;eau des flotteurs pour des ajustements de d\u00e9bit in situ (si cela est n\u00e9cessaire). Le r\u00e9gulateur peut ensuite \u00eatre install\u00e9 et mis en service sans n\u00e9cessiter d&rsquo;\u00e9talonnage ou de mesure de d\u00e9bit in situ, long et co\u00fbteux.<\/p>\n<p>Si une fonction d&rsquo;\u00e9cr\u00e9mage est n\u00e9cessaire, le d\u00e9flecteur peut \u00eatre retir\u00e9.<\/p>\n<p>\n<\/div><\/div><\/div><\/div><\/div><\/div><\/div><\/div><\/section>\n","protected":false},"excerpt":{"rendered":"","protected":false},"author":4,"featured_media":0,"parent":688,"menu_order":0,"comment_status":"closed","ping_status":"closed","template":"","meta":{"footnotes":""},"class_list":["post-1067","page","type-page","status-publish","hentry"],"yoast_head":"<!-- This site is optimized with the Yoast SEO plugin v24.0 - https:\/\/yoast.com\/wordpress\/plugins\/seo\/ -->\n<title>R\u00e9gulateur flottant SURE-FLOAT - Grande Gestion des Eaux<\/title>\n<meta name=\"robots\" content=\"index, follow, max-snippet:-1, max-image-preview:large, max-video-preview:-1\" \/>\n<link rel=\"canonical\" href=\"https:\/\/grandeinc.com\/fr\/produits\/regulation-de-debit\/regulateur-flottant-sure-float\/\" \/>\n<meta property=\"og:locale\" content=\"fr_CA\" \/>\n<meta property=\"og:type\" content=\"article\" \/>\n<meta property=\"og:title\" content=\"R\u00e9gulateur flottant SURE-FLOAT - Grande Gestion des Eaux\" \/>\n<meta property=\"og:description\" content=\"Le syst\u00e8me de r\u00e9gulateur flottant SURE-FLOAT est con\u00e7u pour maintenir un d\u00e9bit constant et pr\u00e9cis d&rsquo;un minimum de 80 gpm (5 L\/s) \u00e0 un maximum de 480 gpm (30 L\/s) pour des niveaux d&rsquo;eau en amont variant de 0 \u00e0 20 pieds. (6 m). Le r\u00e9gulateur flottant SURE-FLOAT a \u00e9t\u00e9 utilis\u00e9 pour le contr\u00f4le du\" \/>\n<meta property=\"og:url\" content=\"https:\/\/grandeinc.com\/fr\/produits\/regulation-de-debit\/regulateur-flottant-sure-float\/\" \/>\n<meta property=\"og:site_name\" content=\"Grande Gestion des Eaux\" \/>\n<meta property=\"article:publisher\" content=\"https:\/\/www.facebook.com\/GrandeWaterManagement\" \/>\n<meta property=\"article:modified_time\" content=\"2024-07-16T03:34:30+00:00\" \/>\n<meta property=\"og:image\" content=\"http:\/\/grandeinc.com\/wp-content\/uploads\/2024\/06\/sure-float-01.jpg\" \/>\n<meta name=\"twitter:card\" content=\"summary_large_image\" \/>\n<meta name=\"twitter:label1\" content=\"Estimation du temps de lecture\" \/>\n\t<meta name=\"twitter:data1\" content=\"2 minutes\" \/>\n<script type=\"application\/ld+json\" class=\"yoast-schema-graph\">{\"@context\":\"https:\/\/schema.org\",\"@graph\":[{\"@type\":\"WebPage\",\"@id\":\"https:\/\/grandeinc.com\/produits\/regulation-de-debit\/regulateur-flottant-sure-float\/\",\"url\":\"https:\/\/grandeinc.com\/produits\/regulation-de-debit\/regulateur-flottant-sure-float\/\",\"name\":\"R\u00e9gulateur flottant SURE-FLOAT - Grande Gestion des Eaux\",\"isPartOf\":{\"@id\":\"http:\/\/grandeinc.com\/fr\/#website\"},\"primaryImageOfPage\":{\"@id\":\"https:\/\/grandeinc.com\/produits\/regulation-de-debit\/regulateur-flottant-sure-float\/#primaryimage\"},\"image\":{\"@id\":\"https:\/\/grandeinc.com\/produits\/regulation-de-debit\/regulateur-flottant-sure-float\/#primaryimage\"},\"thumbnailUrl\":\"http:\/\/grandeinc.com\/wp-content\/uploads\/2024\/06\/sure-float-01.jpg\",\"datePublished\":\"2024-06-03T03:37:52+00:00\",\"dateModified\":\"2024-07-16T03:34:30+00:00\",\"breadcrumb\":{\"@id\":\"https:\/\/grandeinc.com\/produits\/regulation-de-debit\/regulateur-flottant-sure-float\/#breadcrumb\"},\"inLanguage\":\"fr-CA\",\"potentialAction\":[{\"@type\":\"ReadAction\",\"target\":[\"https:\/\/grandeinc.com\/produits\/regulation-de-debit\/regulateur-flottant-sure-float\/\"]}]},{\"@type\":\"ImageObject\",\"inLanguage\":\"fr-CA\",\"@id\":\"https:\/\/grandeinc.com\/produits\/regulation-de-debit\/regulateur-flottant-sure-float\/#primaryimage\",\"url\":\"http:\/\/grandeinc.com\/wp-content\/uploads\/2024\/06\/sure-float-01.jpg\",\"contentUrl\":\"http:\/\/grandeinc.com\/wp-content\/uploads\/2024\/06\/sure-float-01.jpg\"},{\"@type\":\"BreadcrumbList\",\"@id\":\"https:\/\/grandeinc.com\/produits\/regulation-de-debit\/regulateur-flottant-sure-float\/#breadcrumb\",\"itemListElement\":[{\"@type\":\"ListItem\",\"position\":1,\"name\":\"Accueil\",\"item\":\"https:\/\/grandeinc.com\/\"},{\"@type\":\"ListItem\",\"position\":2,\"name\":\"Produits\",\"item\":\"https:\/\/grandeinc.com\/produits\/\"},{\"@type\":\"ListItem\",\"position\":3,\"name\":\"R\u00e9gulation du d\u00e9bit\",\"item\":\"https:\/\/grandeinc.com\/produits\/regulation-de-debit\/\"},{\"@type\":\"ListItem\",\"position\":4,\"name\":\"R\u00e9gulateur flottant SURE-FLOAT\"}]},{\"@type\":\"WebSite\",\"@id\":\"http:\/\/grandeinc.com\/fr\/#website\",\"url\":\"http:\/\/grandeinc.com\/fr\/\",\"name\":\"Grande Gestion des Eaux\",\"description\":\"\",\"publisher\":{\"@id\":\"http:\/\/grandeinc.com\/fr\/#organization\"},\"potentialAction\":[{\"@type\":\"SearchAction\",\"target\":{\"@type\":\"EntryPoint\",\"urlTemplate\":\"http:\/\/grandeinc.com\/fr\/?s={search_term_string}\"},\"query-input\":{\"@type\":\"PropertyValueSpecification\",\"valueRequired\":true,\"valueName\":\"search_term_string\"}}],\"inLanguage\":\"fr-CA\"},{\"@type\":\"Organization\",\"@id\":\"http:\/\/grandeinc.com\/fr\/#organization\",\"name\":\"Grande Gestion des Eaux\",\"url\":\"http:\/\/grandeinc.com\/fr\/\",\"logo\":{\"@type\":\"ImageObject\",\"inLanguage\":\"fr-CA\",\"@id\":\"http:\/\/grandeinc.com\/fr\/#\/schema\/logo\/image\/\",\"url\":\"https:\/\/grandeinc.com\/wp-content\/uploads\/2024\/11\/logo.png\",\"contentUrl\":\"https:\/\/grandeinc.com\/wp-content\/uploads\/2024\/11\/logo.png\",\"width\":260,\"height\":84,\"caption\":\"Grande Gestion des Eaux\"},\"image\":{\"@id\":\"http:\/\/grandeinc.com\/fr\/#\/schema\/logo\/image\/\"},\"sameAs\":[\"https:\/\/www.facebook.com\/GrandeWaterManagement\"]}]}<\/script>\n<!-- \/ Yoast SEO plugin. -->","yoast_head_json":{"title":"R\u00e9gulateur flottant SURE-FLOAT - Grande Gestion des Eaux","robots":{"index":"index","follow":"follow","max-snippet":"max-snippet:-1","max-image-preview":"max-image-preview:large","max-video-preview":"max-video-preview:-1"},"canonical":"https:\/\/grandeinc.com\/fr\/produits\/regulation-de-debit\/regulateur-flottant-sure-float\/","og_locale":"fr_CA","og_type":"article","og_title":"R\u00e9gulateur flottant SURE-FLOAT - Grande Gestion des Eaux","og_description":"Le syst\u00e8me de r\u00e9gulateur flottant SURE-FLOAT est con\u00e7u pour maintenir un d\u00e9bit constant et pr\u00e9cis d&rsquo;un minimum de 80 gpm (5 L\/s) \u00e0 un maximum de 480 gpm (30 L\/s) pour des niveaux d&rsquo;eau en amont variant de 0 \u00e0 20 pieds. (6 m). Le r\u00e9gulateur flottant SURE-FLOAT a \u00e9t\u00e9 utilis\u00e9 pour le contr\u00f4le du","og_url":"https:\/\/grandeinc.com\/fr\/produits\/regulation-de-debit\/regulateur-flottant-sure-float\/","og_site_name":"Grande Gestion des Eaux","article_publisher":"https:\/\/www.facebook.com\/GrandeWaterManagement","article_modified_time":"2024-07-16T03:34:30+00:00","og_image":[{"url":"http:\/\/grandeinc.com\/wp-content\/uploads\/2024\/06\/sure-float-01.jpg","type":"","width":"","height":""}],"twitter_card":"summary_large_image","twitter_misc":{"Estimation du temps de lecture":"2 minutes"},"schema":{"@context":"https:\/\/schema.org","@graph":[{"@type":"WebPage","@id":"https:\/\/grandeinc.com\/produits\/regulation-de-debit\/regulateur-flottant-sure-float\/","url":"https:\/\/grandeinc.com\/produits\/regulation-de-debit\/regulateur-flottant-sure-float\/","name":"R\u00e9gulateur flottant SURE-FLOAT - Grande Gestion des Eaux","isPartOf":{"@id":"http:\/\/grandeinc.com\/fr\/#website"},"primaryImageOfPage":{"@id":"https:\/\/grandeinc.com\/produits\/regulation-de-debit\/regulateur-flottant-sure-float\/#primaryimage"},"image":{"@id":"https:\/\/grandeinc.com\/produits\/regulation-de-debit\/regulateur-flottant-sure-float\/#primaryimage"},"thumbnailUrl":"http:\/\/grandeinc.com\/wp-content\/uploads\/2024\/06\/sure-float-01.jpg","datePublished":"2024-06-03T03:37:52+00:00","dateModified":"2024-07-16T03:34:30+00:00","breadcrumb":{"@id":"https:\/\/grandeinc.com\/produits\/regulation-de-debit\/regulateur-flottant-sure-float\/#breadcrumb"},"inLanguage":"fr-CA","potentialAction":[{"@type":"ReadAction","target":["https:\/\/grandeinc.com\/produits\/regulation-de-debit\/regulateur-flottant-sure-float\/"]}]},{"@type":"ImageObject","inLanguage":"fr-CA","@id":"https:\/\/grandeinc.com\/produits\/regulation-de-debit\/regulateur-flottant-sure-float\/#primaryimage","url":"http:\/\/grandeinc.com\/wp-content\/uploads\/2024\/06\/sure-float-01.jpg","contentUrl":"http:\/\/grandeinc.com\/wp-content\/uploads\/2024\/06\/sure-float-01.jpg"},{"@type":"BreadcrumbList","@id":"https:\/\/grandeinc.com\/produits\/regulation-de-debit\/regulateur-flottant-sure-float\/#breadcrumb","itemListElement":[{"@type":"ListItem","position":1,"name":"Accueil","item":"https:\/\/grandeinc.com\/"},{"@type":"ListItem","position":2,"name":"Produits","item":"https:\/\/grandeinc.com\/produits\/"},{"@type":"ListItem","position":3,"name":"R\u00e9gulation du d\u00e9bit","item":"https:\/\/grandeinc.com\/produits\/regulation-de-debit\/"},{"@type":"ListItem","position":4,"name":"R\u00e9gulateur flottant SURE-FLOAT"}]},{"@type":"WebSite","@id":"http:\/\/grandeinc.com\/fr\/#website","url":"http:\/\/grandeinc.com\/fr\/","name":"Grande Gestion des Eaux","description":"","publisher":{"@id":"http:\/\/grandeinc.com\/fr\/#organization"},"potentialAction":[{"@type":"SearchAction","target":{"@type":"EntryPoint","urlTemplate":"http:\/\/grandeinc.com\/fr\/?s={search_term_string}"},"query-input":{"@type":"PropertyValueSpecification","valueRequired":true,"valueName":"search_term_string"}}],"inLanguage":"fr-CA"},{"@type":"Organization","@id":"http:\/\/grandeinc.com\/fr\/#organization","name":"Grande Gestion des Eaux","url":"http:\/\/grandeinc.com\/fr\/","logo":{"@type":"ImageObject","inLanguage":"fr-CA","@id":"http:\/\/grandeinc.com\/fr\/#\/schema\/logo\/image\/","url":"https:\/\/grandeinc.com\/wp-content\/uploads\/2024\/11\/logo.png","contentUrl":"https:\/\/grandeinc.com\/wp-content\/uploads\/2024\/11\/logo.png","width":260,"height":84,"caption":"Grande Gestion des Eaux"},"image":{"@id":"http:\/\/grandeinc.com\/fr\/#\/schema\/logo\/image\/"},"sameAs":["https:\/\/www.facebook.com\/GrandeWaterManagement"]}]}},"_links":{"self":[{"href":"https:\/\/grandeinc.com\/fr\/wp-json\/wp\/v2\/pages\/1067","targetHints":{"allow":["GET"]}}],"collection":[{"href":"https:\/\/grandeinc.com\/fr\/wp-json\/wp\/v2\/pages"}],"about":[{"href":"https:\/\/grandeinc.com\/fr\/wp-json\/wp\/v2\/types\/page"}],"author":[{"embeddable":true,"href":"https:\/\/grandeinc.com\/fr\/wp-json\/wp\/v2\/users\/4"}],"replies":[{"embeddable":true,"href":"https:\/\/grandeinc.com\/fr\/wp-json\/wp\/v2\/comments?post=1067"}],"version-history":[{"count":6,"href":"https:\/\/grandeinc.com\/fr\/wp-json\/wp\/v2\/pages\/1067\/revisions"}],"predecessor-version":[{"id":1195,"href":"https:\/\/grandeinc.com\/fr\/wp-json\/wp\/v2\/pages\/1067\/revisions\/1195"}],"up":[{"embeddable":true,"href":"https:\/\/grandeinc.com\/fr\/wp-json\/wp\/v2\/pages\/688"}],"wp:attachment":[{"href":"https:\/\/grandeinc.com\/fr\/wp-json\/wp\/v2\/media?parent=1067"}],"curies":[{"name":"wp","href":"https:\/\/api.w.org\/{rel}","templated":true}]}}