{"id":1059,"date":"2024-06-02T22:54:32","date_gmt":"2024-06-03T02:54:32","guid":{"rendered":"https:\/\/grandeinc.com\/?page_id=1059"},"modified":"2024-07-15T23:33:45","modified_gmt":"2024-07-16T03:33:45","slug":"regulateur-a-energie-solaire-acu-sol","status":"publish","type":"page","link":"https:\/\/grandeinc.com\/fr\/produits\/regulation-de-debit\/regulateur-a-energie-solaire-acu-sol\/","title":{"rendered":"R\u00e9gulateur \u00e0 \u00e9nergie solaire ACU-SOL"},"content":{"rendered":"<section class=\"kc-elm kc-css-644818 kc_row\"><div class=\"kc-row-container  kc-container\"><div class=\"kc-wrap-columns\"><div class=\"kc-elm kc-css-999568 kc_col-sm-12 kc_column kc_col-sm-12\"><div class=\"kc-col-container\"><div class=\"kc-elm kc-css-172667 kc_row kc_row_inner\"><div class=\"kc-elm kc-css-166179 kc_col-sm-6 kc_column_inner kc_col-sm-6\"><div class=\"kc_wrapper kc-col-inner-container\"><div class=\"kc-elm kc-css-2375 kc_shortcode kc_single_image\">\n\n        <img decoding=\"async\" src=\"https:\/\/grandeinc.com\/wp-content\/uploads\/2024\/06\/acu-sol-1-1.jpg\" class=\"\" alt=\"\" \/>    <\/div>\n<\/div><\/div><div class=\"kc-elm kc-css-123703 kc_col-sm-6 kc_column_inner kc_col-sm-6\"><div class=\"kc_wrapper kc-col-inner-container\"><div class=\"kc-elm kc-css-556901 kc_text_block\"><\/p>\n<p>\nLe syst\u00e8me de r\u00e9gulation \u00e0 \u00e9nergie solaire ACU-SOL est con\u00e7u pour maintenir un d\u00e9bit constant et pr\u00e9cis (+\/- 5 %) d&rsquo;un minimum de 32 gpm (2 L\/s) \u00e0 un maximum de 4 000 gpm (250 L\/s) pour niveaux d&rsquo;eau en amont variant de 0 \u00e0 40 pieds (12 m). Le r\u00e9gulateur \u00e0 \u00e9nergie solaire ACU-SOL a \u00e9t\u00e9 utilis\u00e9 pour le contr\u00f4le du d\u00e9bit dans les syst\u00e8mes d&rsquo;\u00e9gouts unitaires (CSO), les syst\u00e8mes d&rsquo;\u00e9gouts sanitaires (SSO) et les effluents des usines de traitement par lots et est bien adapt\u00e9 pour r\u00e9guler les rejets tr\u00e8s faibles \u00e0 moyens. Le r\u00e9gulateur \u00e0 \u00e9nergie solaire ACU-SOL est install\u00e9 en aval du point de contr\u00f4le dans un puits sec et ne n\u00e9cessite aucune t\u00eate diff\u00e9rentielle pour un fonctionnement correct.<\/p>\n<p>\n<\/div><\/div><\/div><\/div><div class=\"kc-elm kc-css-427866 kc_row kc_row_inner\"><div class=\"kc-elm kc-css-45638 kc_col-sm-12 kc_column_inner kc_col-sm-12\"><div class=\"kc_wrapper kc-col-inner-container\">\n<div class=\"kc-elm kc-css-578477\">\n\t<a class=\"kc_button\" href=\"\/contactez-nous\/\" target=\"_self\" title=\"\" onclick=\"\">\n\t\tDemandez votre brochure\t<\/a>\n<\/div>\n<\/div><\/div><\/div><div class=\"kc-elm kc-css-825204 kc_row kc_row_inner\"><div class=\"kc-elm kc-css-80580 kc_col-sm-6 kc_column_inner kc_col-sm-6\"><div class=\"kc_wrapper kc-col-inner-container\"><div class=\"kc-elm kc-css-897455 kc_text_block\"><\/p>\n<h2>Caract\u00e9ristiques<\/h2>\n<p>32 gpm \u00e0 4 000 gpm (2 \u00e0 250 L\/S)<\/p>\n<p>T\u00eate d&rsquo;eau jusqu&rsquo;\u00e0 40 pieds (12 m)<\/p>\n<p>Aucun d\u00e9calage d&rsquo;inversion de sol requis<\/p>\n<p>\u00c9nergie solaire<\/p>\n<p>Alimentation par batterie de secours<\/p>\n<p>Aucune connexion \u00e9lectrique requise<\/p>\n<p>Peut \u00eatre utilis\u00e9 pour surveiller les flux<\/p>\n<p>Peut \u00eatre \u00e9quip\u00e9 pour une op\u00e9ration \u00e0 distance<\/p>\n<p>L&rsquo;effet de rin\u00e7age automatique emp\u00eache le blocage<\/p>\n<p>Le d\u00e9bit de conception peut \u00eatre ajust\u00e9 sur place<\/p>\n<p>Facile \u00e0 adapter aux installations existantes<\/p>\n<p>Construction en acier inoxydable.<\/p>\n<p>\n<\/div><\/div><\/div><div class=\"kc-elm kc-css-4275 kc_col-sm-6 kc_column_inner kc_col-sm-6\"><div class=\"kc_wrapper kc-col-inner-container\">\n\t<div class=\"kc-elm kc-css-560342 kc_shortcode kc_video_play kc_video_wrapper\">\n\t\t\t\t\t\t\t\t<video width=\"600\" height=\"338.98305084746\" controls>\n\t\t\t\t<source src=\"http:\/\/grandeinc.com\/wp-content\/uploads\/2024\/06\/acu-sol-vid.mp4\" type=\"video\/mp4\">\n\t\t\t\tYour browser does not support the video tag.\t\t\t<\/video>\n\n\t\t\t<\/div>\n\n<\/div><\/div><\/div><div class=\"kc-elm kc-css-315708 kc_row kc_row_inner\"><div class=\"kc-elm kc-css-352279 kc_col-sm-6 kc_column_inner kc_col-sm-6\"><div class=\"kc_wrapper kc-col-inner-container\"><div class=\"kc-elm kc-css-483513 kc_shortcode kc_single_image\">\n\n        <img decoding=\"async\" src=\"https:\/\/grandeinc.com\/wp-content\/uploads\/2024\/06\/acu-sol-2.jpg\" class=\"\" alt=\"\" \/>    <\/div>\n<\/div><\/div><div class=\"kc-elm kc-css-814159 kc_col-sm-6 kc_column_inner kc_col-sm-6\"><div class=\"kc_wrapper kc-col-inner-container\"><div class=\"kc-elm kc-css-818284 kc_text_block\"><\/p>\n<h2>Champ d&rsquo;application<\/h2>\n<p>Le syst\u00e8me de r\u00e9gulation solaire ACU-SOL peut varier du mod\u00e8le GAS-R-15 au GAS-R-40. Le GAS-R-15 a un diam\u00e8tre d&rsquo;entr\u00e9e de 6 pouces (15 cm) avec une plage de d\u00e9bit de 32 \u00e0 400 gpm (2 \u00e0 25 L\/s) et le GAS-R-40 a un diam\u00e8tre d&rsquo;entr\u00e9e de 16 pouces (40 cm) avec une plage de d\u00e9bit de 800 \u00e0 4 000 gpm (50 \u00e0 250 L\/s). La s\u00e9lection du mod\u00e8le de l\u2019ACU-SOL est enti\u00e8rement bas\u00e9e sur la plage de d\u00e9bit requise.<\/p>\n<p>\n<\/div><\/div><\/div><\/div><div class=\"kc-elm kc-css-624795 kc_row kc_row_inner\"><div class=\"kc-elm kc-css-372783 kc_col-sm-12 kc_column_inner kc_col-sm-12\"><div class=\"kc_wrapper kc-col-inner-container\"><div class=\"kc-elm kc-css-729897 kc_text_block\"><\/p>\n<h2>Fonctionnement<\/h2>\n<p>Le r\u00e9gulateur solaire ACU-SOL maintient une d\u00e9charge constante \u00e0 une valeur d\u00e9finie ind\u00e9pendante du niveau d&rsquo;eau en amont. L&rsquo;ouverture du r\u00e9gulateur \u00e0 \u00e9nergie solaire ACU-SOL est ajust\u00e9e en fonction du niveau d&rsquo;eau en amont pour produire une d\u00e9charge constante. Les \u00e9l\u00e9ments fonctionnels les plus importants sont le portail radial pivotant \u00e0 contrepoids, l&rsquo;op\u00e9rateur du portail radial, le dispositif de mesure du niveau d&rsquo;eau en amont, le groupe solaire et le panneau de commande. Pendant les p\u00e9riodes de faible d\u00e9bit, la vanne radiale pivotante reste en position compl\u00e8tement ouverte.<\/p>\n<p>Le niveau d\u2019eau en amont est surveill\u00e9 \u00e0 l\u2019aide d\u2019un appareil de mesure du niveau d\u2019eau \u00e0 ultrasons. Cela permet d\u2019ajuster la position de la vanne radiale pivotante \u00e0 contrepoids en fonction de la valeur de d\u00e9bit d\u00e9finie et de la relation de d\u00e9bit dans le panneau de commande.<\/p>\n<p>Le r\u00e9gulateur \u00e0 \u00e9nergie solaire ACU-SOL a un effet d&rsquo;auto-rin\u00e7age automatique pour \u00e9viter tout blocage. Pendant le fonctionnement, l&rsquo;ACU-SOL est programm\u00e9 \u00e0 des intervalles sp\u00e9cifiques pour s&rsquo;ouvrir compl\u00e8tement afin de permettre \u00e0 tout blocage de traverser le r\u00e9gulateur sans entrave. Cela \u00e9limine le blocage sous la pression du niveau d&rsquo;eau en amont, apr\u00e8s quoi le processus de r\u00e9gulation reprend.<\/p>\n<p>Chaque r\u00e9gulateur \u00e0 \u00e9nergie solaire ACU-SOL est calibr\u00e9 sur un banc d&rsquo;essai enti\u00e8rement fonctionnel et \u00e0 grande \u00e9chelle. Chaque r\u00e9gulateur \u00e0 \u00e9nergie solaire ACU-SOL est exp\u00e9di\u00e9 sur site pr\u00e9r\u00e9gl\u00e9 selon le d\u00e9bit de conception souhait\u00e9. De plus, le panneau de commande permet de futurs ajustements de d\u00e9bit in situ (si cela s&rsquo;av\u00e8re n\u00e9cessaire). Le r\u00e9gulateur peut ensuite \u00eatre install\u00e9 et mis en service sans n\u00e9cessiter d&rsquo;\u00e9talonnage ou de mesure de d\u00e9bit in situ, long et co\u00fbteux.<\/p>\n<p>Le r\u00e9gulateur solaire ACU-SOL doit \u00eatre \u00e9quip\u00e9 d&rsquo;une unit\u00e9 de servocommande pour modifier le d\u00e9bit de conception de compl\u00e8tement ouvert \u00e0 ferm\u00e9. Le r\u00e9gulateur \u00e0 \u00e9nergie solaire ACU-SOL peut \u00eatre \u00e9quip\u00e9 d&rsquo;un d\u00e9bitm\u00e8tre inductif qui est utilis\u00e9 pour surveiller le d\u00e9bit \u00e0 travers l&rsquo;unit\u00e9 pendant les p\u00e9riodes de d\u00e9bit par temps sec. Le r\u00e9gulateur \u00e0 \u00e9nergie solaire ACU-SOL peut \u00eatre contr\u00f4l\u00e9 \u00e0 l&rsquo;aide du panneau de commande local ou \u00e0 distance depuis un emplacement de contr\u00f4le central.<\/p>\n<p>\n<\/div><\/div><\/div><\/div><\/div><\/div><\/div><\/div><\/section>\n","protected":false},"excerpt":{"rendered":"","protected":false},"author":4,"featured_media":0,"parent":688,"menu_order":0,"comment_status":"closed","ping_status":"closed","template":"","meta":{"footnotes":""},"class_list":["post-1059","page","type-page","status-publish","hentry"],"yoast_head":"<!-- This site is optimized with the Yoast SEO plugin v24.0 - https:\/\/yoast.com\/wordpress\/plugins\/seo\/ -->\n<title>R\u00e9gulateur \u00e0 \u00e9nergie solaire ACU-SOL - Grande Gestion des Eaux<\/title>\n<meta name=\"robots\" content=\"index, follow, max-snippet:-1, max-image-preview:large, max-video-preview:-1\" \/>\n<link rel=\"canonical\" href=\"https:\/\/grandeinc.com\/fr\/produits\/regulation-de-debit\/regulateur-a-energie-solaire-acu-sol\/\" \/>\n<meta property=\"og:locale\" content=\"fr_CA\" \/>\n<meta property=\"og:type\" content=\"article\" \/>\n<meta property=\"og:title\" content=\"R\u00e9gulateur \u00e0 \u00e9nergie solaire ACU-SOL - Grande Gestion des Eaux\" \/>\n<meta property=\"og:description\" content=\"Le syst\u00e8me de r\u00e9gulation \u00e0 \u00e9nergie solaire ACU-SOL est con\u00e7u pour maintenir un d\u00e9bit constant et pr\u00e9cis (+\/- 5 %) d&rsquo;un minimum de 32 gpm (2 L\/s) \u00e0 un maximum de 4 000 gpm (250 L\/s) pour niveaux d&rsquo;eau en amont variant de 0 \u00e0 40 pieds (12 m). Le r\u00e9gulateur \u00e0 \u00e9nergie solaire ACU-SOL\" \/>\n<meta property=\"og:url\" content=\"https:\/\/grandeinc.com\/fr\/produits\/regulation-de-debit\/regulateur-a-energie-solaire-acu-sol\/\" \/>\n<meta property=\"og:site_name\" content=\"Grande Gestion des Eaux\" \/>\n<meta property=\"article:publisher\" content=\"https:\/\/www.facebook.com\/GrandeWaterManagement\" \/>\n<meta property=\"article:modified_time\" content=\"2024-07-16T03:33:45+00:00\" \/>\n<meta property=\"og:image\" content=\"http:\/\/grandeinc.com\/wp-content\/uploads\/2024\/06\/acu-sol-1-1.jpg\" \/>\n<meta name=\"twitter:card\" content=\"summary_large_image\" \/>\n<meta name=\"twitter:label1\" content=\"Estimation du temps de lecture\" \/>\n\t<meta name=\"twitter:data1\" content=\"3 minutes\" \/>\n<script type=\"application\/ld+json\" class=\"yoast-schema-graph\">{\"@context\":\"https:\/\/schema.org\",\"@graph\":[{\"@type\":\"WebPage\",\"@id\":\"https:\/\/grandeinc.com\/produits\/regulation-de-debit\/regulateur-a-energie-solaire-acu-sol\/\",\"url\":\"https:\/\/grandeinc.com\/produits\/regulation-de-debit\/regulateur-a-energie-solaire-acu-sol\/\",\"name\":\"R\u00e9gulateur \u00e0 \u00e9nergie solaire ACU-SOL - Grande Gestion des Eaux\",\"isPartOf\":{\"@id\":\"http:\/\/grandeinc.com\/fr\/#website\"},\"primaryImageOfPage\":{\"@id\":\"https:\/\/grandeinc.com\/produits\/regulation-de-debit\/regulateur-a-energie-solaire-acu-sol\/#primaryimage\"},\"image\":{\"@id\":\"https:\/\/grandeinc.com\/produits\/regulation-de-debit\/regulateur-a-energie-solaire-acu-sol\/#primaryimage\"},\"thumbnailUrl\":\"http:\/\/grandeinc.com\/wp-content\/uploads\/2024\/06\/acu-sol-1-1.jpg\",\"datePublished\":\"2024-06-03T02:54:32+00:00\",\"dateModified\":\"2024-07-16T03:33:45+00:00\",\"breadcrumb\":{\"@id\":\"https:\/\/grandeinc.com\/produits\/regulation-de-debit\/regulateur-a-energie-solaire-acu-sol\/#breadcrumb\"},\"inLanguage\":\"fr-CA\",\"potentialAction\":[{\"@type\":\"ReadAction\",\"target\":[\"https:\/\/grandeinc.com\/produits\/regulation-de-debit\/regulateur-a-energie-solaire-acu-sol\/\"]}]},{\"@type\":\"ImageObject\",\"inLanguage\":\"fr-CA\",\"@id\":\"https:\/\/grandeinc.com\/produits\/regulation-de-debit\/regulateur-a-energie-solaire-acu-sol\/#primaryimage\",\"url\":\"http:\/\/grandeinc.com\/wp-content\/uploads\/2024\/06\/acu-sol-1-1.jpg\",\"contentUrl\":\"http:\/\/grandeinc.com\/wp-content\/uploads\/2024\/06\/acu-sol-1-1.jpg\"},{\"@type\":\"BreadcrumbList\",\"@id\":\"https:\/\/grandeinc.com\/produits\/regulation-de-debit\/regulateur-a-energie-solaire-acu-sol\/#breadcrumb\",\"itemListElement\":[{\"@type\":\"ListItem\",\"position\":1,\"name\":\"Accueil\",\"item\":\"https:\/\/grandeinc.com\/\"},{\"@type\":\"ListItem\",\"position\":2,\"name\":\"Produits\",\"item\":\"https:\/\/grandeinc.com\/produits\/\"},{\"@type\":\"ListItem\",\"position\":3,\"name\":\"R\u00e9gulation du d\u00e9bit\",\"item\":\"https:\/\/grandeinc.com\/produits\/regulation-de-debit\/\"},{\"@type\":\"ListItem\",\"position\":4,\"name\":\"R\u00e9gulateur \u00e0 \u00e9nergie solaire ACU-SOL\"}]},{\"@type\":\"WebSite\",\"@id\":\"http:\/\/grandeinc.com\/fr\/#website\",\"url\":\"http:\/\/grandeinc.com\/fr\/\",\"name\":\"Grande Gestion des Eaux\",\"description\":\"\",\"publisher\":{\"@id\":\"http:\/\/grandeinc.com\/fr\/#organization\"},\"potentialAction\":[{\"@type\":\"SearchAction\",\"target\":{\"@type\":\"EntryPoint\",\"urlTemplate\":\"http:\/\/grandeinc.com\/fr\/?s={search_term_string}\"},\"query-input\":{\"@type\":\"PropertyValueSpecification\",\"valueRequired\":true,\"valueName\":\"search_term_string\"}}],\"inLanguage\":\"fr-CA\"},{\"@type\":\"Organization\",\"@id\":\"http:\/\/grandeinc.com\/fr\/#organization\",\"name\":\"Grande Gestion des Eaux\",\"url\":\"http:\/\/grandeinc.com\/fr\/\",\"logo\":{\"@type\":\"ImageObject\",\"inLanguage\":\"fr-CA\",\"@id\":\"http:\/\/grandeinc.com\/fr\/#\/schema\/logo\/image\/\",\"url\":\"https:\/\/grandeinc.com\/wp-content\/uploads\/2024\/11\/logo.png\",\"contentUrl\":\"https:\/\/grandeinc.com\/wp-content\/uploads\/2024\/11\/logo.png\",\"width\":260,\"height\":84,\"caption\":\"Grande Gestion des Eaux\"},\"image\":{\"@id\":\"http:\/\/grandeinc.com\/fr\/#\/schema\/logo\/image\/\"},\"sameAs\":[\"https:\/\/www.facebook.com\/GrandeWaterManagement\"]}]}<\/script>\n<!-- \/ Yoast SEO plugin. -->","yoast_head_json":{"title":"R\u00e9gulateur \u00e0 \u00e9nergie solaire ACU-SOL - Grande Gestion des Eaux","robots":{"index":"index","follow":"follow","max-snippet":"max-snippet:-1","max-image-preview":"max-image-preview:large","max-video-preview":"max-video-preview:-1"},"canonical":"https:\/\/grandeinc.com\/fr\/produits\/regulation-de-debit\/regulateur-a-energie-solaire-acu-sol\/","og_locale":"fr_CA","og_type":"article","og_title":"R\u00e9gulateur \u00e0 \u00e9nergie solaire ACU-SOL - Grande Gestion des Eaux","og_description":"Le syst\u00e8me de r\u00e9gulation \u00e0 \u00e9nergie solaire ACU-SOL est con\u00e7u pour maintenir un d\u00e9bit constant et pr\u00e9cis (+\/- 5 %) d&rsquo;un minimum de 32 gpm (2 L\/s) \u00e0 un maximum de 4 000 gpm (250 L\/s) pour niveaux d&rsquo;eau en amont variant de 0 \u00e0 40 pieds (12 m). Le r\u00e9gulateur \u00e0 \u00e9nergie solaire ACU-SOL","og_url":"https:\/\/grandeinc.com\/fr\/produits\/regulation-de-debit\/regulateur-a-energie-solaire-acu-sol\/","og_site_name":"Grande Gestion des Eaux","article_publisher":"https:\/\/www.facebook.com\/GrandeWaterManagement","article_modified_time":"2024-07-16T03:33:45+00:00","og_image":[{"url":"http:\/\/grandeinc.com\/wp-content\/uploads\/2024\/06\/acu-sol-1-1.jpg","type":"","width":"","height":""}],"twitter_card":"summary_large_image","twitter_misc":{"Estimation du temps de lecture":"3 minutes"},"schema":{"@context":"https:\/\/schema.org","@graph":[{"@type":"WebPage","@id":"https:\/\/grandeinc.com\/produits\/regulation-de-debit\/regulateur-a-energie-solaire-acu-sol\/","url":"https:\/\/grandeinc.com\/produits\/regulation-de-debit\/regulateur-a-energie-solaire-acu-sol\/","name":"R\u00e9gulateur \u00e0 \u00e9nergie solaire ACU-SOL - Grande Gestion des Eaux","isPartOf":{"@id":"http:\/\/grandeinc.com\/fr\/#website"},"primaryImageOfPage":{"@id":"https:\/\/grandeinc.com\/produits\/regulation-de-debit\/regulateur-a-energie-solaire-acu-sol\/#primaryimage"},"image":{"@id":"https:\/\/grandeinc.com\/produits\/regulation-de-debit\/regulateur-a-energie-solaire-acu-sol\/#primaryimage"},"thumbnailUrl":"http:\/\/grandeinc.com\/wp-content\/uploads\/2024\/06\/acu-sol-1-1.jpg","datePublished":"2024-06-03T02:54:32+00:00","dateModified":"2024-07-16T03:33:45+00:00","breadcrumb":{"@id":"https:\/\/grandeinc.com\/produits\/regulation-de-debit\/regulateur-a-energie-solaire-acu-sol\/#breadcrumb"},"inLanguage":"fr-CA","potentialAction":[{"@type":"ReadAction","target":["https:\/\/grandeinc.com\/produits\/regulation-de-debit\/regulateur-a-energie-solaire-acu-sol\/"]}]},{"@type":"ImageObject","inLanguage":"fr-CA","@id":"https:\/\/grandeinc.com\/produits\/regulation-de-debit\/regulateur-a-energie-solaire-acu-sol\/#primaryimage","url":"http:\/\/grandeinc.com\/wp-content\/uploads\/2024\/06\/acu-sol-1-1.jpg","contentUrl":"http:\/\/grandeinc.com\/wp-content\/uploads\/2024\/06\/acu-sol-1-1.jpg"},{"@type":"BreadcrumbList","@id":"https:\/\/grandeinc.com\/produits\/regulation-de-debit\/regulateur-a-energie-solaire-acu-sol\/#breadcrumb","itemListElement":[{"@type":"ListItem","position":1,"name":"Accueil","item":"https:\/\/grandeinc.com\/"},{"@type":"ListItem","position":2,"name":"Produits","item":"https:\/\/grandeinc.com\/produits\/"},{"@type":"ListItem","position":3,"name":"R\u00e9gulation du d\u00e9bit","item":"https:\/\/grandeinc.com\/produits\/regulation-de-debit\/"},{"@type":"ListItem","position":4,"name":"R\u00e9gulateur \u00e0 \u00e9nergie solaire ACU-SOL"}]},{"@type":"WebSite","@id":"http:\/\/grandeinc.com\/fr\/#website","url":"http:\/\/grandeinc.com\/fr\/","name":"Grande Gestion des Eaux","description":"","publisher":{"@id":"http:\/\/grandeinc.com\/fr\/#organization"},"potentialAction":[{"@type":"SearchAction","target":{"@type":"EntryPoint","urlTemplate":"http:\/\/grandeinc.com\/fr\/?s={search_term_string}"},"query-input":{"@type":"PropertyValueSpecification","valueRequired":true,"valueName":"search_term_string"}}],"inLanguage":"fr-CA"},{"@type":"Organization","@id":"http:\/\/grandeinc.com\/fr\/#organization","name":"Grande Gestion des Eaux","url":"http:\/\/grandeinc.com\/fr\/","logo":{"@type":"ImageObject","inLanguage":"fr-CA","@id":"http:\/\/grandeinc.com\/fr\/#\/schema\/logo\/image\/","url":"https:\/\/grandeinc.com\/wp-content\/uploads\/2024\/11\/logo.png","contentUrl":"https:\/\/grandeinc.com\/wp-content\/uploads\/2024\/11\/logo.png","width":260,"height":84,"caption":"Grande Gestion des Eaux"},"image":{"@id":"http:\/\/grandeinc.com\/fr\/#\/schema\/logo\/image\/"},"sameAs":["https:\/\/www.facebook.com\/GrandeWaterManagement"]}]}},"_links":{"self":[{"href":"https:\/\/grandeinc.com\/fr\/wp-json\/wp\/v2\/pages\/1059","targetHints":{"allow":["GET"]}}],"collection":[{"href":"https:\/\/grandeinc.com\/fr\/wp-json\/wp\/v2\/pages"}],"about":[{"href":"https:\/\/grandeinc.com\/fr\/wp-json\/wp\/v2\/types\/page"}],"author":[{"embeddable":true,"href":"https:\/\/grandeinc.com\/fr\/wp-json\/wp\/v2\/users\/4"}],"replies":[{"embeddable":true,"href":"https:\/\/grandeinc.com\/fr\/wp-json\/wp\/v2\/comments?post=1059"}],"version-history":[{"count":6,"href":"https:\/\/grandeinc.com\/fr\/wp-json\/wp\/v2\/pages\/1059\/revisions"}],"predecessor-version":[{"id":1192,"href":"https:\/\/grandeinc.com\/fr\/wp-json\/wp\/v2\/pages\/1059\/revisions\/1192"}],"up":[{"embeddable":true,"href":"https:\/\/grandeinc.com\/fr\/wp-json\/wp\/v2\/pages\/688"}],"wp:attachment":[{"href":"https:\/\/grandeinc.com\/fr\/wp-json\/wp\/v2\/media?parent=1059"}],"curies":[{"name":"wp","href":"https:\/\/api.w.org\/{rel}","templated":true}]}}