{"id":1049,"date":"2024-06-02T22:42:24","date_gmt":"2024-06-03T02:42:24","guid":{"rendered":"https:\/\/grandeinc.com\/?page_id=1049"},"modified":"2024-07-15T23:33:55","modified_gmt":"2024-07-16T03:33:55","slug":"regulateur-compact-tru-flo","status":"publish","type":"page","link":"https:\/\/grandeinc.com\/fr\/produits\/regulation-de-debit\/regulateur-compact-tru-flo\/","title":{"rendered":"R\u00e9gulateur compact TRU-FLO"},"content":{"rendered":"<section class=\"kc-elm kc-css-741263 kc_row\"><div class=\"kc-row-container  kc-container\"><div class=\"kc-wrap-columns\"><div class=\"kc-elm kc-css-569810 kc_col-sm-12 kc_column kc_col-sm-12\"><div class=\"kc-col-container\"><div class=\"kc-elm kc-css-451030 kc_row kc_row_inner\"><div class=\"kc-elm kc-css-976301 kc_col-sm-6 kc_column_inner kc_col-sm-6\"><div class=\"kc_wrapper kc-col-inner-container\"><div class=\"kc-elm kc-css-984953 kc_shortcode kc_single_image\">\n\n        <img decoding=\"async\" src=\"https:\/\/grandeinc.com\/wp-content\/uploads\/2024\/06\/tro-flo-01.jpg\" class=\"\" alt=\"\" \/>    <\/div>\n<\/div><\/div><div class=\"kc-elm kc-css-54088 kc_col-sm-6 kc_column_inner kc_col-sm-6\"><div class=\"kc_wrapper kc-col-inner-container\"><div class=\"kc-elm kc-css-515798 kc_text_block\"><\/p>\n<p>Le syst\u00e8me de r\u00e9gulateur compact TRU-FLO est con\u00e7u pour maintenir un d\u00e9bit constant et pr\u00e9cis (+\/- 5 %) d&rsquo;un minimum de 160 gpm (10 L\/s) \u00e0 un maximum de 7 100 gpm (450 L\/s) pour le d\u00e9bit en amont. niveaux d&rsquo;eau variant de 0 \u00e0 26 pieds (8 m). Le r\u00e9gulateur compact TRU-FLO a \u00e9t\u00e9 utilis\u00e9 pour le contr\u00f4le du d\u00e9bit dans les syst\u00e8mes d&rsquo;\u00e9gouts unitaires (CSO), les syst\u00e8mes d&rsquo;\u00e9gouts sanitaires (SSO) et les effluents des usines de traitement par lots et est bien adapt\u00e9 pour r\u00e9guler les rejets petits \u00e0 moyens. Le r\u00e9gulateur compact TRU-FLO est install\u00e9 en amont du point de contr\u00f4le dans un puits humide ou directement dans la zone de stockage ne n\u00e9cessitant ainsi pas la construction d&rsquo;une structure s\u00e9par\u00e9e. Le r\u00e9gulateur compact TRU-FLO ne n\u00e9cessite aucune t\u00eate diff\u00e9rentielle pour un fonctionnement correct.<\/p>\n<p>\n<\/div><\/div><\/div><\/div><div class=\"kc-elm kc-css-68118 kc_row kc_row_inner\"><div class=\"kc-elm kc-css-242564 kc_col-sm-12 kc_column_inner kc_col-sm-12\"><div class=\"kc_wrapper kc-col-inner-container\">\n<div class=\"kc-elm kc-css-123886\">\n\t<a class=\"kc_button\" href=\"\/contactez-nous\/\" target=\"_self\" title=\"\" onclick=\"\">\n\t\tDemander une brochure\t<\/a>\n<\/div>\n<\/div><\/div><\/div><div class=\"kc-elm kc-css-814664 kc_row kc_row_inner\"><div class=\"kc-elm kc-css-87901 kc_col-sm-6 kc_column_inner kc_col-sm-6\"><div class=\"kc_wrapper kc-col-inner-container\"><div class=\"kc-elm kc-css-363392 kc_text_block\"><\/p>\n<h2>Caract\u00e9ristiques<\/h2>\n<p>-160 gpm \u00e0 7 100 gpm (10 \u00e0 450 L\/S)<\/p>\n<p>-T\u00eate d&rsquo;eau jusqu&rsquo;\u00e0 26 pieds (8 m)<\/p>\n<p>-Aucune structure distincte requise<\/p>\n<p>-Aucun d\u00e9calage d&rsquo;inversion de sol requis<\/p>\n<p>-Con\u00e7u pour fonctionner dans des conditions immerg\u00e9es<\/p>\n<p>-L&rsquo;effet de rin\u00e7age automatique emp\u00eache le blocage<\/p>\n<p>-Le d\u00e9bit de conception peut \u00eatre ajust\u00e9 sur place<\/p>\n<p>-Exp\u00e9di\u00e9 pr\u00eat \u00e0 installer<\/p>\n<p>-Facile \u00e0 adapter aux installations existantes<\/p>\n<p>-Construction en acier inoxydable<\/p>\n<p>\n<\/div><\/div><\/div><div class=\"kc-elm kc-css-551028 kc_col-sm-6 kc_column_inner kc_col-sm-6\"><div class=\"kc_wrapper kc-col-inner-container\"><div class=\"kc-elm kc-css-393187 kc_shortcode kc_single_image\">\n\n        <img decoding=\"async\" src=\"https:\/\/grandeinc.com\/wp-content\/uploads\/2024\/06\/tro-flo-02.jpg\" class=\"\" alt=\"\" \/>    <\/div>\n<\/div><\/div><\/div><div class=\"kc-elm kc-css-686672 kc_row kc_row_inner\"><div class=\"kc-elm kc-css-862351 kc_col-sm-6 kc_column_inner kc_col-sm-6\"><div class=\"kc_wrapper kc-col-inner-container\"><div class=\"kc-elm kc-css-511884 kc_shortcode kc_single_image\">\n\n        <img decoding=\"async\" src=\"https:\/\/grandeinc.com\/wp-content\/uploads\/2024\/06\/tro-flo-03.jpg\" class=\"\" alt=\"\" \/>    <\/div>\n<\/div><\/div><div class=\"kc-elm kc-css-198860 kc_col-sm-6 kc_column_inner kc_col-sm-6\"><div class=\"kc_wrapper kc-col-inner-container\"><div class=\"kc-elm kc-css-95535 kc_text_block\"><\/p>\n<h2>Champ d&rsquo;application<\/h2>\n<p>Le syst\u00e8me de r\u00e9gulateur compact TRU-FLO peut varier du mod\u00e8le GTF-R-15 au GTF-R-50. Le GTF-R-15 a un diam\u00e8tre d&rsquo;entr\u00e9e de 6 pouces (15 cm) avec une plage de d\u00e9bit de 160 \u00e0 400 gpm (10 \u00e0 25 L\/s) et le GTF-R-50 a un diam\u00e8tre d&rsquo;entr\u00e9e de 20 pouces (50 cm) avec une plage de d\u00e9bit de 3 200 \u00e0 7 100 gpm (200 \u00e0 450 L\/s). La s\u00e9lection du mod\u00e8le TRU-FLO est enti\u00e8rement bas\u00e9e sur la plage de d\u00e9bit requise.<\/p>\n<p>\n<\/div><\/div><\/div><\/div><div class=\"kc-elm kc-css-18949 kc_row kc_row_inner\"><div class=\"kc-elm kc-css-30927 kc_col-sm-6 kc_column_inner kc_col-sm-6\"><div class=\"kc_wrapper kc-col-inner-container\"><div class=\"kc-elm kc-css-767019 kc_text_block\"><\/p>\n<h2>Fonctionnement<\/h2>\n<p>Le r\u00e9gulateur compact TRU-FLO maintient un d\u00e9bit constant \u00e0 une valeur de consigne ind\u00e9pendante du niveau d&rsquo;eau en amont. Le r\u00e9gulateur compact TRU-FLO est install\u00e9 dans le puits humide de la structure et est influenc\u00e9 par le niveau d\u2019eau en amont. Pendant les p\u00e9riodes de faible d\u00e9bit, la vanne radiale pivotante reste en position compl\u00e8tement ouverte. La conception compacte consiste en un flotteur int\u00e9gr\u00e9 log\u00e9 dans une enceinte \u00e9tanche qui contr\u00f4le la position de la porte radiale pivotante. Gr\u00e2ce \u00e0 cette enceinte \u00e9tanche, la forte variation du niveau d&rsquo;eau en amont se refl\u00e8te sur une plage beaucoup plus r\u00e9duite \u00e0 l&rsquo;int\u00e9rieur du bo\u00eetier. La position du flotteur \u00e0 l&rsquo;int\u00e9rieur de ce bo\u00eetier d\u00e9termine la position du clapet radial et par cons\u00e9quent la taille de l&rsquo;ouverture du r\u00e9gulateur. Cela garantit un d\u00e9bit constant sur toute la plage du niveau d\u2019eau en amont.<\/p>\n<p>Le r\u00e9gulateur compact TRU-FLO a un effet d&rsquo;auto-rin\u00e7age automatique pour \u00e9viter tout blocage. Si un blocage se produit, le d\u00e9bit \u00e0 travers le r\u00e9gulateur diminue et la force r\u00e9sultante de l&rsquo;eau sur les d\u00e9bris pousse la vanne radiale. Cela provoque l&rsquo;ouverture compl\u00e8te de la porte radiale. Cela \u00e9limine le blocage sous la pression du niveau d&rsquo;eau en amont, apr\u00e8s quoi le processus de r\u00e9gulation reprend.<\/p>\n<p>Chaque r\u00e9gulateur compact TRU-FLO est calibr\u00e9 sur un banc d&rsquo;essai \u00e0 grande \u00e9chelle enti\u00e8rement fonctionnel. Chaque r\u00e9gulateur compact TRU-FLO est exp\u00e9di\u00e9 sur site pr\u00e9r\u00e9gl\u00e9 selon le d\u00e9bit de conception souhait\u00e9. De plus, les points de consigne sont clairement indiqu\u00e9s pour les futurs ajustements de d\u00e9bit in situ (si cela s&rsquo;av\u00e8re n\u00e9cessaire). Le r\u00e9gulateur peut ensuite \u00eatre install\u00e9 et mis en service sans n\u00e9cessiter d&rsquo;\u00e9talonnage ou de mesure de d\u00e9bit in situ, long et co\u00fbteux.<\/p>\n<p>\n<\/div><\/div><\/div><div class=\"kc-elm kc-css-481170 kc_col-sm-6 kc_column_inner kc_col-sm-6\"><div class=\"kc_wrapper kc-col-inner-container\"><div class=\"kc-elm kc-css-709113 kc_shortcode kc_single_image\">\n\n        <img decoding=\"async\" src=\"https:\/\/grandeinc.com\/wp-content\/uploads\/2024\/06\/tro-flo-04.jpg\" class=\"\" alt=\"\" \/>    <\/div>\n<div class=\"kc-elm kc-css-351316 kc_shortcode kc_single_image\">\n\n        <img decoding=\"async\" src=\"https:\/\/grandeinc.com\/wp-content\/uploads\/2024\/06\/tro-flo-05.jpg\" class=\"\" alt=\"\" \/>    <\/div>\n<\/div><\/div><\/div><\/div><\/div><\/div><\/div><\/section>\n","protected":false},"excerpt":{"rendered":"","protected":false},"author":4,"featured_media":0,"parent":688,"menu_order":0,"comment_status":"closed","ping_status":"closed","template":"","meta":{"footnotes":""},"class_list":["post-1049","page","type-page","status-publish","hentry"],"yoast_head":"<!-- This site is optimized with the Yoast SEO plugin v24.0 - https:\/\/yoast.com\/wordpress\/plugins\/seo\/ -->\n<title>R\u00e9gulateur compact TRU-FLO - Grande Gestion des Eaux<\/title>\n<meta name=\"robots\" content=\"index, follow, max-snippet:-1, max-image-preview:large, max-video-preview:-1\" \/>\n<link rel=\"canonical\" href=\"https:\/\/grandeinc.com\/fr\/produits\/regulation-de-debit\/regulateur-compact-tru-flo\/\" \/>\n<meta property=\"og:locale\" content=\"fr_CA\" \/>\n<meta property=\"og:type\" content=\"article\" \/>\n<meta property=\"og:title\" content=\"R\u00e9gulateur compact TRU-FLO - Grande Gestion des Eaux\" \/>\n<meta property=\"og:description\" content=\"Le syst\u00e8me de r\u00e9gulateur compact TRU-FLO est con\u00e7u pour maintenir un d\u00e9bit constant et pr\u00e9cis (+\/- 5 %) d&rsquo;un minimum de 160 gpm (10 L\/s) \u00e0 un maximum de 7 100 gpm (450 L\/s) pour le d\u00e9bit en amont. niveaux d&rsquo;eau variant de 0 \u00e0 26 pieds (8 m). Le r\u00e9gulateur compact TRU-FLO a \u00e9t\u00e9\" \/>\n<meta property=\"og:url\" content=\"https:\/\/grandeinc.com\/fr\/produits\/regulation-de-debit\/regulateur-compact-tru-flo\/\" \/>\n<meta property=\"og:site_name\" content=\"Grande Gestion des Eaux\" \/>\n<meta property=\"article:publisher\" content=\"https:\/\/www.facebook.com\/GrandeWaterManagement\" \/>\n<meta property=\"article:modified_time\" content=\"2024-07-16T03:33:55+00:00\" \/>\n<meta property=\"og:image\" content=\"http:\/\/grandeinc.com\/wp-content\/uploads\/2024\/06\/tro-flo-01.jpg\" \/>\n<meta name=\"twitter:card\" content=\"summary_large_image\" \/>\n<meta name=\"twitter:label1\" content=\"Estimation du temps de lecture\" \/>\n\t<meta name=\"twitter:data1\" content=\"3 minutes\" \/>\n<script type=\"application\/ld+json\" class=\"yoast-schema-graph\">{\"@context\":\"https:\/\/schema.org\",\"@graph\":[{\"@type\":\"WebPage\",\"@id\":\"https:\/\/grandeinc.com\/produits\/regulation-de-debit\/regulateur-compact-tru-flo\/\",\"url\":\"https:\/\/grandeinc.com\/produits\/regulation-de-debit\/regulateur-compact-tru-flo\/\",\"name\":\"R\u00e9gulateur compact TRU-FLO - Grande Gestion des Eaux\",\"isPartOf\":{\"@id\":\"http:\/\/grandeinc.com\/fr\/#website\"},\"primaryImageOfPage\":{\"@id\":\"https:\/\/grandeinc.com\/produits\/regulation-de-debit\/regulateur-compact-tru-flo\/#primaryimage\"},\"image\":{\"@id\":\"https:\/\/grandeinc.com\/produits\/regulation-de-debit\/regulateur-compact-tru-flo\/#primaryimage\"},\"thumbnailUrl\":\"http:\/\/grandeinc.com\/wp-content\/uploads\/2024\/06\/tro-flo-01.jpg\",\"datePublished\":\"2024-06-03T02:42:24+00:00\",\"dateModified\":\"2024-07-16T03:33:55+00:00\",\"breadcrumb\":{\"@id\":\"https:\/\/grandeinc.com\/produits\/regulation-de-debit\/regulateur-compact-tru-flo\/#breadcrumb\"},\"inLanguage\":\"fr-CA\",\"potentialAction\":[{\"@type\":\"ReadAction\",\"target\":[\"https:\/\/grandeinc.com\/produits\/regulation-de-debit\/regulateur-compact-tru-flo\/\"]}]},{\"@type\":\"ImageObject\",\"inLanguage\":\"fr-CA\",\"@id\":\"https:\/\/grandeinc.com\/produits\/regulation-de-debit\/regulateur-compact-tru-flo\/#primaryimage\",\"url\":\"http:\/\/grandeinc.com\/wp-content\/uploads\/2024\/06\/tro-flo-01.jpg\",\"contentUrl\":\"http:\/\/grandeinc.com\/wp-content\/uploads\/2024\/06\/tro-flo-01.jpg\"},{\"@type\":\"BreadcrumbList\",\"@id\":\"https:\/\/grandeinc.com\/produits\/regulation-de-debit\/regulateur-compact-tru-flo\/#breadcrumb\",\"itemListElement\":[{\"@type\":\"ListItem\",\"position\":1,\"name\":\"Accueil\",\"item\":\"https:\/\/grandeinc.com\/\"},{\"@type\":\"ListItem\",\"position\":2,\"name\":\"Produits\",\"item\":\"https:\/\/grandeinc.com\/produits\/\"},{\"@type\":\"ListItem\",\"position\":3,\"name\":\"R\u00e9gulation du d\u00e9bit\",\"item\":\"https:\/\/grandeinc.com\/produits\/regulation-de-debit\/\"},{\"@type\":\"ListItem\",\"position\":4,\"name\":\"R\u00e9gulateur compact TRU-FLO\"}]},{\"@type\":\"WebSite\",\"@id\":\"http:\/\/grandeinc.com\/fr\/#website\",\"url\":\"http:\/\/grandeinc.com\/fr\/\",\"name\":\"Grande Gestion des Eaux\",\"description\":\"\",\"publisher\":{\"@id\":\"http:\/\/grandeinc.com\/fr\/#organization\"},\"potentialAction\":[{\"@type\":\"SearchAction\",\"target\":{\"@type\":\"EntryPoint\",\"urlTemplate\":\"http:\/\/grandeinc.com\/fr\/?s={search_term_string}\"},\"query-input\":{\"@type\":\"PropertyValueSpecification\",\"valueRequired\":true,\"valueName\":\"search_term_string\"}}],\"inLanguage\":\"fr-CA\"},{\"@type\":\"Organization\",\"@id\":\"http:\/\/grandeinc.com\/fr\/#organization\",\"name\":\"Grande Gestion des Eaux\",\"url\":\"http:\/\/grandeinc.com\/fr\/\",\"logo\":{\"@type\":\"ImageObject\",\"inLanguage\":\"fr-CA\",\"@id\":\"http:\/\/grandeinc.com\/fr\/#\/schema\/logo\/image\/\",\"url\":\"https:\/\/grandeinc.com\/wp-content\/uploads\/2024\/11\/logo.png\",\"contentUrl\":\"https:\/\/grandeinc.com\/wp-content\/uploads\/2024\/11\/logo.png\",\"width\":260,\"height\":84,\"caption\":\"Grande Gestion des Eaux\"},\"image\":{\"@id\":\"http:\/\/grandeinc.com\/fr\/#\/schema\/logo\/image\/\"},\"sameAs\":[\"https:\/\/www.facebook.com\/GrandeWaterManagement\"]}]}<\/script>\n<!-- \/ Yoast SEO plugin. -->","yoast_head_json":{"title":"R\u00e9gulateur compact TRU-FLO - Grande Gestion des Eaux","robots":{"index":"index","follow":"follow","max-snippet":"max-snippet:-1","max-image-preview":"max-image-preview:large","max-video-preview":"max-video-preview:-1"},"canonical":"https:\/\/grandeinc.com\/fr\/produits\/regulation-de-debit\/regulateur-compact-tru-flo\/","og_locale":"fr_CA","og_type":"article","og_title":"R\u00e9gulateur compact TRU-FLO - Grande Gestion des Eaux","og_description":"Le syst\u00e8me de r\u00e9gulateur compact TRU-FLO est con\u00e7u pour maintenir un d\u00e9bit constant et pr\u00e9cis (+\/- 5 %) d&rsquo;un minimum de 160 gpm (10 L\/s) \u00e0 un maximum de 7 100 gpm (450 L\/s) pour le d\u00e9bit en amont. niveaux d&rsquo;eau variant de 0 \u00e0 26 pieds (8 m). Le r\u00e9gulateur compact TRU-FLO a \u00e9t\u00e9","og_url":"https:\/\/grandeinc.com\/fr\/produits\/regulation-de-debit\/regulateur-compact-tru-flo\/","og_site_name":"Grande Gestion des Eaux","article_publisher":"https:\/\/www.facebook.com\/GrandeWaterManagement","article_modified_time":"2024-07-16T03:33:55+00:00","og_image":[{"url":"http:\/\/grandeinc.com\/wp-content\/uploads\/2024\/06\/tro-flo-01.jpg","type":"","width":"","height":""}],"twitter_card":"summary_large_image","twitter_misc":{"Estimation du temps de lecture":"3 minutes"},"schema":{"@context":"https:\/\/schema.org","@graph":[{"@type":"WebPage","@id":"https:\/\/grandeinc.com\/produits\/regulation-de-debit\/regulateur-compact-tru-flo\/","url":"https:\/\/grandeinc.com\/produits\/regulation-de-debit\/regulateur-compact-tru-flo\/","name":"R\u00e9gulateur compact TRU-FLO - Grande Gestion des Eaux","isPartOf":{"@id":"http:\/\/grandeinc.com\/fr\/#website"},"primaryImageOfPage":{"@id":"https:\/\/grandeinc.com\/produits\/regulation-de-debit\/regulateur-compact-tru-flo\/#primaryimage"},"image":{"@id":"https:\/\/grandeinc.com\/produits\/regulation-de-debit\/regulateur-compact-tru-flo\/#primaryimage"},"thumbnailUrl":"http:\/\/grandeinc.com\/wp-content\/uploads\/2024\/06\/tro-flo-01.jpg","datePublished":"2024-06-03T02:42:24+00:00","dateModified":"2024-07-16T03:33:55+00:00","breadcrumb":{"@id":"https:\/\/grandeinc.com\/produits\/regulation-de-debit\/regulateur-compact-tru-flo\/#breadcrumb"},"inLanguage":"fr-CA","potentialAction":[{"@type":"ReadAction","target":["https:\/\/grandeinc.com\/produits\/regulation-de-debit\/regulateur-compact-tru-flo\/"]}]},{"@type":"ImageObject","inLanguage":"fr-CA","@id":"https:\/\/grandeinc.com\/produits\/regulation-de-debit\/regulateur-compact-tru-flo\/#primaryimage","url":"http:\/\/grandeinc.com\/wp-content\/uploads\/2024\/06\/tro-flo-01.jpg","contentUrl":"http:\/\/grandeinc.com\/wp-content\/uploads\/2024\/06\/tro-flo-01.jpg"},{"@type":"BreadcrumbList","@id":"https:\/\/grandeinc.com\/produits\/regulation-de-debit\/regulateur-compact-tru-flo\/#breadcrumb","itemListElement":[{"@type":"ListItem","position":1,"name":"Accueil","item":"https:\/\/grandeinc.com\/"},{"@type":"ListItem","position":2,"name":"Produits","item":"https:\/\/grandeinc.com\/produits\/"},{"@type":"ListItem","position":3,"name":"R\u00e9gulation du d\u00e9bit","item":"https:\/\/grandeinc.com\/produits\/regulation-de-debit\/"},{"@type":"ListItem","position":4,"name":"R\u00e9gulateur compact TRU-FLO"}]},{"@type":"WebSite","@id":"http:\/\/grandeinc.com\/fr\/#website","url":"http:\/\/grandeinc.com\/fr\/","name":"Grande Gestion des Eaux","description":"","publisher":{"@id":"http:\/\/grandeinc.com\/fr\/#organization"},"potentialAction":[{"@type":"SearchAction","target":{"@type":"EntryPoint","urlTemplate":"http:\/\/grandeinc.com\/fr\/?s={search_term_string}"},"query-input":{"@type":"PropertyValueSpecification","valueRequired":true,"valueName":"search_term_string"}}],"inLanguage":"fr-CA"},{"@type":"Organization","@id":"http:\/\/grandeinc.com\/fr\/#organization","name":"Grande Gestion des Eaux","url":"http:\/\/grandeinc.com\/fr\/","logo":{"@type":"ImageObject","inLanguage":"fr-CA","@id":"http:\/\/grandeinc.com\/fr\/#\/schema\/logo\/image\/","url":"https:\/\/grandeinc.com\/wp-content\/uploads\/2024\/11\/logo.png","contentUrl":"https:\/\/grandeinc.com\/wp-content\/uploads\/2024\/11\/logo.png","width":260,"height":84,"caption":"Grande Gestion des Eaux"},"image":{"@id":"http:\/\/grandeinc.com\/fr\/#\/schema\/logo\/image\/"},"sameAs":["https:\/\/www.facebook.com\/GrandeWaterManagement"]}]}},"_links":{"self":[{"href":"https:\/\/grandeinc.com\/fr\/wp-json\/wp\/v2\/pages\/1049","targetHints":{"allow":["GET"]}}],"collection":[{"href":"https:\/\/grandeinc.com\/fr\/wp-json\/wp\/v2\/pages"}],"about":[{"href":"https:\/\/grandeinc.com\/fr\/wp-json\/wp\/v2\/types\/page"}],"author":[{"embeddable":true,"href":"https:\/\/grandeinc.com\/fr\/wp-json\/wp\/v2\/users\/4"}],"replies":[{"embeddable":true,"href":"https:\/\/grandeinc.com\/fr\/wp-json\/wp\/v2\/comments?post=1049"}],"version-history":[{"count":6,"href":"https:\/\/grandeinc.com\/fr\/wp-json\/wp\/v2\/pages\/1049\/revisions"}],"predecessor-version":[{"id":1193,"href":"https:\/\/grandeinc.com\/fr\/wp-json\/wp\/v2\/pages\/1049\/revisions\/1193"}],"up":[{"embeddable":true,"href":"https:\/\/grandeinc.com\/fr\/wp-json\/wp\/v2\/pages\/688"}],"wp:attachment":[{"href":"https:\/\/grandeinc.com\/fr\/wp-json\/wp\/v2\/media?parent=1049"}],"curies":[{"name":"wp","href":"https:\/\/api.w.org\/{rel}","templated":true}]}}