{"id":1039,"date":"2024-06-02T22:30:06","date_gmt":"2024-06-03T02:30:06","guid":{"rendered":"https:\/\/grandeinc.com\/?page_id=1039"},"modified":"2024-12-02T16:21:24","modified_gmt":"2024-12-02T21:21:24","slug":"regulateur-de-jet-acu-jet","status":"publish","type":"page","link":"https:\/\/grandeinc.com\/fr\/produits\/regulation-de-debit\/regulateur-de-jet-acu-jet\/","title":{"rendered":"R\u00c9GULATEUR DE JET ACU-JET"},"content":{"rendered":"<section class=\"kc-elm kc-css-112940 kc_row\"><div class=\"kc-row-container  kc-container\"><div class=\"kc-wrap-columns\"><div class=\"kc-elm kc-css-315531 kc_col-sm-12 kc_column kc_col-sm-12\"><div class=\"kc-col-container\"><div class=\"kc-elm kc-css-113452 kc_row kc_row_inner\"><div class=\"kc-elm kc-css-890305 kc_col-sm-6 kc_column_inner kc_col-sm-6\"><div class=\"kc_wrapper kc-col-inner-container\"><div class=\"kc-elm kc-css-452292 kc_shortcode kc_single_image\">\n\n        <img decoding=\"async\" src=\"https:\/\/grandeinc.com\/wp-content\/uploads\/2024\/06\/acu-jet-01.jpg\" class=\"\" alt=\"\" \/>    <\/div>\n<\/div><\/div><div class=\"kc-elm kc-css-699964 kc_col-sm-6 kc_column_inner kc_col-sm-6\"><div class=\"kc_wrapper kc-col-inner-container\"><div class=\"kc-elm kc-css-552836 kc_text_block\"><\/p>\n<p>\nLe syst\u00e8me de r\u00e9gulation de jet ACU-JET est con\u00e7u pour maintenir un d\u00e9bit constant et pr\u00e9cis (+\/- 5 %) d&rsquo;un minimum de 235 gpm (15 L\/s) \u00e0 un maximum de 32 000 gpm (2 000 L\/s) pour niveaux d&rsquo;eau en amont variant de 0 \u00e0 40 pieds (12 m). Le r\u00e9gulateur \u00e0 jet ACU-JET a \u00e9t\u00e9 utilis\u00e9 pour le contr\u00f4le du d\u00e9bit dans les syst\u00e8mes d&rsquo;\u00e9gouts unitaires (CSO), les syst\u00e8mes d&rsquo;\u00e9gouts sanitaires (SSO) et les effluents des usines de traitement par lots et est bien adapt\u00e9 pour r\u00e9guler les rejets moyens \u00e0 tr\u00e8s importants. Le r\u00e9gulateur de jet ACU-JET est install\u00e9 du c\u00f4t\u00e9 aval du point de contr\u00f4le dans un puits sec et ne n\u00e9cessite aucune t\u00eate diff\u00e9rentielle pour un fonctionnement correct.<\/p>\n<p>\n<\/div><\/div><\/div><\/div><div class=\"kc-elm kc-css-942613 kc_row kc_row_inner\"><div class=\"kc-elm kc-css-992859 kc_col-sm-6 kc_column_inner kc_col-sm-6\"><div class=\"kc_wrapper kc-col-inner-container\"><div class=\"kc-elm kc-css-705438 kc_text_block\"><\/p>\n<h2>Caract\u00e9ristiques<\/h2>\n<p>-235 gpm \u00e0 32 000 gpm (15 \u00e0 2 000 L\/S)<\/p>\n<p>-T\u00eate d&rsquo;eau jusqu&rsquo;\u00e0 40 pieds (12 m)<\/p>\n<p>-Aucun d\u00e9calage de sol requis<\/p>\n<p>-Peut \u00eatre \u00e9quip\u00e9 pour une op\u00e9ration \u00e0 distance<\/p>\n<p>-L&rsquo;effet de rin\u00e7age automatique emp\u00eache le blocage<\/p>\n<p>-Le d\u00e9bit de conception peut \u00eatre ajust\u00e9 sur place<\/p>\n<p>-Facile \u00e0 adapter aux installations existantes<\/p>\n<p>-Construction en acier inoxydable<\/p>\n<p>\n<\/div><\/div><\/div><div class=\"kc-elm kc-css-290867 kc_col-sm-6 kc_column_inner kc_col-sm-6\"><div class=\"kc_wrapper kc-col-inner-container\"><div class=\"kc-elm kc-css-744435 kc-raw-code\"><iframe loading=\"lazy\" width=\"560\" height=\"315\" src=\"https:\/\/www.youtube.com\/embed\/XYFg1t79L0k?si=LZt4-Xc4IWPXl8LI\" title=\"YouTube video player\" frameborder=\"0\" allow=\"accelerometer; autoplay; clipboard-write; encrypted-media; gyroscope; picture-in-picture; web-share\" referrerpolicy=\"strict-origin-when-cross-origin\" allowfullscreen><\/iframe><\/div><\/div><\/div><\/div><div class=\"kc-elm kc-css-960847 kc_row kc_row_inner\"><div class=\"kc-elm kc-css-335603 kc_col-sm-6 kc_column_inner kc_col-sm-6\"><div class=\"kc_wrapper kc-col-inner-container\"><div class=\"kc-elm kc-css-775708 kc_shortcode kc_single_image\">\n\n        <img decoding=\"async\" src=\"https:\/\/grandeinc.com\/wp-content\/uploads\/2024\/06\/acu-jet-02.jpg\" class=\"\" alt=\"\" \/>    <\/div>\n<\/div><\/div><div class=\"kc-elm kc-css-635477 kc_col-sm-6 kc_column_inner kc_col-sm-6\"><div class=\"kc_wrapper kc-col-inner-container\"><div class=\"kc-elm kc-css-8302 kc_text_block\"><\/p>\n<h3>Champ d&rsquo;application<\/h3>\n<p>Le syst\u00e8me de r\u00e9gulateur de jet ACU-JET peut varier du mod\u00e8le GAJ-R-20 au GAJ-R-100\/60. Le GAJ-R-20 a un diam\u00e8tre d&rsquo;entr\u00e9e de 8 pouces (20 cm) avec une plage de d\u00e9bit de 235 \u00e0 1 030 gpm (15 \u00e0 65 L\/s) et le GAJ-R-100\/60 a une ouverture d&rsquo;entr\u00e9e de 40 pouces (100 cm) de largeur par 24 pouces (60 cm) de hauteur avec une plage de d\u00e9bit de 20 800 \u00e0 32 000 gpm (1 300 \u00e0 2 000 L\/s). La s\u00e9lection du mod\u00e8le de l\u2019ACU-JET est enti\u00e8rement bas\u00e9e sur la plage de d\u00e9bit requise.<\/p>\n<p>\n<\/div><\/div><\/div><\/div><div class=\"kc-elm kc-css-714996 kc_row kc_row_inner\"><div class=\"kc-elm kc-css-165643 kc_col-sm-6 kc_column_inner kc_col-sm-6\"><div class=\"kc_wrapper kc-col-inner-container\"><div class=\"kc-elm kc-css-732678 kc_text_block\"><\/p>\n<h2>Fonctionnement<\/h2>\n<p>Le r\u00e9gulateur de jet ACU-JET maintient un d\u00e9bit constant \u00e0 une valeur d\u00e9finie ind\u00e9pendante du niveau d&rsquo;eau en amont. Le r\u00e9gulateur de jet ACU-JET \u00e9quilibre efficacement la force de l&rsquo;eau qui le traverse contre le bouclier du jet. Les \u00e9l\u00e9ments fonctionnels les plus importants sont la porte radiale pivotante, le bouclier anti-jet et le contrepoids r\u00e9gulateur. Pendant les p\u00e9riodes de faible d\u00e9bit, la vanne radiale pivotante reste en position compl\u00e8tement ouverte. \u00c0 mesure que le d\u00e9bit d&rsquo;affluent augmente, il traverse le bo\u00eetier du r\u00e9gulateur et est dirig\u00e9 contre le bouclier \u00e0 jet. La force croissante de l\u2019eau pousse le bouclier contre la force du contrepoids r\u00e9gulateur. Les deux mouvements sont transf\u00e9r\u00e9s au portail radial pivotant au moyen de leviers coupl\u00e9s qui d\u00e9clenchent le processus de r\u00e9gulation. \u00c0 mesure que la force de l&rsquo;eau sur le pare-jet augmente, la porte radiale pivotante se ferme, r\u00e9duisant ainsi l&rsquo;ouverture de d\u00e9charge. L&rsquo;ouverture du r\u00e9gulateur de jet ACU-JET est automatiquement ajust\u00e9e pour correspondre au niveau d&rsquo;eau en amont, ce qui entra\u00eene un d\u00e9bit r\u00e9gul\u00e9 constant.<\/p>\n<p>Le r\u00e9gulateur de jet ACU-JET a un effet d&rsquo;auto-rin\u00e7age automatique pour \u00e9viter tout blocage. Si un blocage se produit, le d\u00e9bit \u00e0 travers le r\u00e9gulateur diminue, ce qui entra\u00eene une diminution correspondante de la force de r\u00e9gulation de l&rsquo;eau sur le pare-jet. Cela provoque la chute du bouclier de jet et l&rsquo;ouverture compl\u00e8te de la porte radiale. Cela \u00e9limine le blocage sous la pression du niveau d&rsquo;eau en amont, apr\u00e8s quoi le processus de r\u00e9gulation reprend.<\/p>\n<p>Chaque r\u00e9gulateur de jet ACU-JET est calibr\u00e9 sur un banc d&rsquo;essai \u00e0 grande \u00e9chelle enti\u00e8rement fonctionnel. Chaque r\u00e9gulateur de jet ACU-JET est exp\u00e9di\u00e9 sur site pr\u00e9r\u00e9gl\u00e9 selon le d\u00e9bit de conception souhait\u00e9. De plus, les points de consigne sont clairement indiqu\u00e9s pour les futurs ajustements de d\u00e9bit in situ (si cela s&rsquo;av\u00e8re n\u00e9cessaire). Le r\u00e9gulateur peut ensuite \u00eatre install\u00e9 et mis en service sans n\u00e9cessiter d&rsquo;\u00e9talonnage ou de mesure de d\u00e9bit in situ, long et co\u00fbteux.<\/p>\n<p>Le r\u00e9gulateur de jet ACU-JET peut \u00eatre \u00e9quip\u00e9 d&rsquo;une unit\u00e9 de servocommande pour modifier le d\u00e9bit de conception de compl\u00e8tement ouvert \u00e0 ferm\u00e9. Un r\u00e9gulateur de jet ACU-JET peut \u00eatre contr\u00f4l\u00e9 \u00e0 l&rsquo;aide de la commande locale ou \u00e0 distance depuis un emplacement de contr\u00f4le central. En cas de panne de courant, le r\u00e9gulateur continuera \u00e0 fonctionner en maintenant automatiquement la d\u00e9charge constante \u00e0 laquelle il a \u00e9t\u00e9 r\u00e9gl\u00e9 pour la derni\u00e8re fois.<\/p>\n<p>\n<\/div><\/div><\/div><div class=\"kc-elm kc-css-773396 kc_col-sm-6 kc_column_inner kc_col-sm-6\"><div class=\"kc_wrapper kc-col-inner-container\"><div class=\"kc-elm kc-css-346511 kc_shortcode kc_single_image\">\n\n        <img decoding=\"async\" src=\"https:\/\/grandeinc.com\/wp-content\/uploads\/2024\/06\/acu-jet-03.jpg\" class=\"\" alt=\"\" \/>    <\/div>\n<div class=\"kc-elm kc-css-99357 kc_shortcode kc_single_image\">\n\n        <img decoding=\"async\" src=\"https:\/\/grandeinc.com\/wp-content\/uploads\/2024\/06\/acu-jet-04.jpg\" class=\"\" alt=\"\" \/>    <\/div>\n<div class=\"kc-elm kc-css-535600 kc_shortcode kc_single_image\">\n\n        <img decoding=\"async\" src=\"https:\/\/grandeinc.com\/wp-content\/uploads\/2024\/06\/acu-jet-05.jpg\" class=\"\" alt=\"\" \/>    <\/div>\n<\/div><\/div><\/div><\/div><\/div><\/div><\/div><\/section>\n","protected":false},"excerpt":{"rendered":"","protected":false},"author":4,"featured_media":0,"parent":688,"menu_order":0,"comment_status":"closed","ping_status":"closed","template":"","meta":{"footnotes":""},"class_list":["post-1039","page","type-page","status-publish","hentry"],"yoast_head":"<!-- This site is optimized with the Yoast SEO plugin v24.0 - https:\/\/yoast.com\/wordpress\/plugins\/seo\/ -->\n<title>R\u00c9GULATEUR DE JET ACU-JET - Grande Gestion des Eaux<\/title>\n<meta name=\"robots\" content=\"index, follow, max-snippet:-1, max-image-preview:large, max-video-preview:-1\" \/>\n<link rel=\"canonical\" href=\"https:\/\/grandeinc.com\/fr\/produits\/regulation-de-debit\/regulateur-de-jet-acu-jet\/\" \/>\n<meta property=\"og:locale\" content=\"fr_CA\" \/>\n<meta property=\"og:type\" content=\"article\" \/>\n<meta property=\"og:title\" content=\"R\u00c9GULATEUR DE JET ACU-JET - Grande Gestion des Eaux\" \/>\n<meta property=\"og:description\" content=\"Le syst\u00e8me de r\u00e9gulation de jet ACU-JET est con\u00e7u pour maintenir un d\u00e9bit constant et pr\u00e9cis (+\/- 5 %) d&rsquo;un minimum de 235 gpm (15 L\/s) \u00e0 un maximum de 32 000 gpm (2 000 L\/s) pour niveaux d&rsquo;eau en amont variant de 0 \u00e0 40 pieds (12 m). Le r\u00e9gulateur \u00e0 jet ACU-JET a\" \/>\n<meta property=\"og:url\" content=\"https:\/\/grandeinc.com\/fr\/produits\/regulation-de-debit\/regulateur-de-jet-acu-jet\/\" \/>\n<meta property=\"og:site_name\" content=\"Grande Gestion des Eaux\" \/>\n<meta property=\"article:publisher\" content=\"https:\/\/www.facebook.com\/GrandeWaterManagement\" \/>\n<meta property=\"article:modified_time\" content=\"2024-12-02T21:21:24+00:00\" \/>\n<meta property=\"og:image\" content=\"http:\/\/grandeinc.com\/wp-content\/uploads\/2024\/06\/acu-jet-01.jpg\" \/>\n<meta name=\"twitter:card\" content=\"summary_large_image\" \/>\n<meta name=\"twitter:label1\" content=\"Estimation du temps de lecture\" \/>\n\t<meta name=\"twitter:data1\" content=\"4 minutes\" \/>\n<script type=\"application\/ld+json\" class=\"yoast-schema-graph\">{\"@context\":\"https:\/\/schema.org\",\"@graph\":[{\"@type\":\"WebPage\",\"@id\":\"https:\/\/grandeinc.com\/produits\/regulation-de-debit\/regulateur-de-jet-acu-jet\/\",\"url\":\"https:\/\/grandeinc.com\/produits\/regulation-de-debit\/regulateur-de-jet-acu-jet\/\",\"name\":\"R\u00c9GULATEUR DE JET ACU-JET - Grande Gestion des Eaux\",\"isPartOf\":{\"@id\":\"http:\/\/grandeinc.com\/fr\/#website\"},\"primaryImageOfPage\":{\"@id\":\"https:\/\/grandeinc.com\/produits\/regulation-de-debit\/regulateur-de-jet-acu-jet\/#primaryimage\"},\"image\":{\"@id\":\"https:\/\/grandeinc.com\/produits\/regulation-de-debit\/regulateur-de-jet-acu-jet\/#primaryimage\"},\"thumbnailUrl\":\"http:\/\/grandeinc.com\/wp-content\/uploads\/2024\/06\/acu-jet-01.jpg\",\"datePublished\":\"2024-06-03T02:30:06+00:00\",\"dateModified\":\"2024-12-02T21:21:24+00:00\",\"breadcrumb\":{\"@id\":\"https:\/\/grandeinc.com\/produits\/regulation-de-debit\/regulateur-de-jet-acu-jet\/#breadcrumb\"},\"inLanguage\":\"fr-CA\",\"potentialAction\":[{\"@type\":\"ReadAction\",\"target\":[\"https:\/\/grandeinc.com\/produits\/regulation-de-debit\/regulateur-de-jet-acu-jet\/\"]}]},{\"@type\":\"ImageObject\",\"inLanguage\":\"fr-CA\",\"@id\":\"https:\/\/grandeinc.com\/produits\/regulation-de-debit\/regulateur-de-jet-acu-jet\/#primaryimage\",\"url\":\"http:\/\/grandeinc.com\/wp-content\/uploads\/2024\/06\/acu-jet-01.jpg\",\"contentUrl\":\"http:\/\/grandeinc.com\/wp-content\/uploads\/2024\/06\/acu-jet-01.jpg\"},{\"@type\":\"BreadcrumbList\",\"@id\":\"https:\/\/grandeinc.com\/produits\/regulation-de-debit\/regulateur-de-jet-acu-jet\/#breadcrumb\",\"itemListElement\":[{\"@type\":\"ListItem\",\"position\":1,\"name\":\"Accueil\",\"item\":\"https:\/\/grandeinc.com\/\"},{\"@type\":\"ListItem\",\"position\":2,\"name\":\"Produits\",\"item\":\"https:\/\/grandeinc.com\/produits\/\"},{\"@type\":\"ListItem\",\"position\":3,\"name\":\"R\u00e9gulation du d\u00e9bit\",\"item\":\"https:\/\/grandeinc.com\/produits\/regulation-de-debit\/\"},{\"@type\":\"ListItem\",\"position\":4,\"name\":\"R\u00c9GULATEUR DE JET ACU-JET\"}]},{\"@type\":\"WebSite\",\"@id\":\"http:\/\/grandeinc.com\/fr\/#website\",\"url\":\"http:\/\/grandeinc.com\/fr\/\",\"name\":\"Grande Gestion des Eaux\",\"description\":\"\",\"publisher\":{\"@id\":\"http:\/\/grandeinc.com\/fr\/#organization\"},\"potentialAction\":[{\"@type\":\"SearchAction\",\"target\":{\"@type\":\"EntryPoint\",\"urlTemplate\":\"http:\/\/grandeinc.com\/fr\/?s={search_term_string}\"},\"query-input\":{\"@type\":\"PropertyValueSpecification\",\"valueRequired\":true,\"valueName\":\"search_term_string\"}}],\"inLanguage\":\"fr-CA\"},{\"@type\":\"Organization\",\"@id\":\"http:\/\/grandeinc.com\/fr\/#organization\",\"name\":\"Grande Gestion des Eaux\",\"url\":\"http:\/\/grandeinc.com\/fr\/\",\"logo\":{\"@type\":\"ImageObject\",\"inLanguage\":\"fr-CA\",\"@id\":\"http:\/\/grandeinc.com\/fr\/#\/schema\/logo\/image\/\",\"url\":\"https:\/\/grandeinc.com\/wp-content\/uploads\/2024\/11\/logo.png\",\"contentUrl\":\"https:\/\/grandeinc.com\/wp-content\/uploads\/2024\/11\/logo.png\",\"width\":260,\"height\":84,\"caption\":\"Grande Gestion des Eaux\"},\"image\":{\"@id\":\"http:\/\/grandeinc.com\/fr\/#\/schema\/logo\/image\/\"},\"sameAs\":[\"https:\/\/www.facebook.com\/GrandeWaterManagement\"]}]}<\/script>\n<!-- \/ Yoast SEO plugin. -->","yoast_head_json":{"title":"R\u00c9GULATEUR DE JET ACU-JET - Grande Gestion des Eaux","robots":{"index":"index","follow":"follow","max-snippet":"max-snippet:-1","max-image-preview":"max-image-preview:large","max-video-preview":"max-video-preview:-1"},"canonical":"https:\/\/grandeinc.com\/fr\/produits\/regulation-de-debit\/regulateur-de-jet-acu-jet\/","og_locale":"fr_CA","og_type":"article","og_title":"R\u00c9GULATEUR DE JET ACU-JET - Grande Gestion des Eaux","og_description":"Le syst\u00e8me de r\u00e9gulation de jet ACU-JET est con\u00e7u pour maintenir un d\u00e9bit constant et pr\u00e9cis (+\/- 5 %) d&rsquo;un minimum de 235 gpm (15 L\/s) \u00e0 un maximum de 32 000 gpm (2 000 L\/s) pour niveaux d&rsquo;eau en amont variant de 0 \u00e0 40 pieds (12 m). Le r\u00e9gulateur \u00e0 jet ACU-JET a","og_url":"https:\/\/grandeinc.com\/fr\/produits\/regulation-de-debit\/regulateur-de-jet-acu-jet\/","og_site_name":"Grande Gestion des Eaux","article_publisher":"https:\/\/www.facebook.com\/GrandeWaterManagement","article_modified_time":"2024-12-02T21:21:24+00:00","og_image":[{"url":"http:\/\/grandeinc.com\/wp-content\/uploads\/2024\/06\/acu-jet-01.jpg","type":"","width":"","height":""}],"twitter_card":"summary_large_image","twitter_misc":{"Estimation du temps de lecture":"4 minutes"},"schema":{"@context":"https:\/\/schema.org","@graph":[{"@type":"WebPage","@id":"https:\/\/grandeinc.com\/produits\/regulation-de-debit\/regulateur-de-jet-acu-jet\/","url":"https:\/\/grandeinc.com\/produits\/regulation-de-debit\/regulateur-de-jet-acu-jet\/","name":"R\u00c9GULATEUR DE JET ACU-JET - Grande Gestion des Eaux","isPartOf":{"@id":"http:\/\/grandeinc.com\/fr\/#website"},"primaryImageOfPage":{"@id":"https:\/\/grandeinc.com\/produits\/regulation-de-debit\/regulateur-de-jet-acu-jet\/#primaryimage"},"image":{"@id":"https:\/\/grandeinc.com\/produits\/regulation-de-debit\/regulateur-de-jet-acu-jet\/#primaryimage"},"thumbnailUrl":"http:\/\/grandeinc.com\/wp-content\/uploads\/2024\/06\/acu-jet-01.jpg","datePublished":"2024-06-03T02:30:06+00:00","dateModified":"2024-12-02T21:21:24+00:00","breadcrumb":{"@id":"https:\/\/grandeinc.com\/produits\/regulation-de-debit\/regulateur-de-jet-acu-jet\/#breadcrumb"},"inLanguage":"fr-CA","potentialAction":[{"@type":"ReadAction","target":["https:\/\/grandeinc.com\/produits\/regulation-de-debit\/regulateur-de-jet-acu-jet\/"]}]},{"@type":"ImageObject","inLanguage":"fr-CA","@id":"https:\/\/grandeinc.com\/produits\/regulation-de-debit\/regulateur-de-jet-acu-jet\/#primaryimage","url":"http:\/\/grandeinc.com\/wp-content\/uploads\/2024\/06\/acu-jet-01.jpg","contentUrl":"http:\/\/grandeinc.com\/wp-content\/uploads\/2024\/06\/acu-jet-01.jpg"},{"@type":"BreadcrumbList","@id":"https:\/\/grandeinc.com\/produits\/regulation-de-debit\/regulateur-de-jet-acu-jet\/#breadcrumb","itemListElement":[{"@type":"ListItem","position":1,"name":"Accueil","item":"https:\/\/grandeinc.com\/"},{"@type":"ListItem","position":2,"name":"Produits","item":"https:\/\/grandeinc.com\/produits\/"},{"@type":"ListItem","position":3,"name":"R\u00e9gulation du d\u00e9bit","item":"https:\/\/grandeinc.com\/produits\/regulation-de-debit\/"},{"@type":"ListItem","position":4,"name":"R\u00c9GULATEUR DE JET ACU-JET"}]},{"@type":"WebSite","@id":"http:\/\/grandeinc.com\/fr\/#website","url":"http:\/\/grandeinc.com\/fr\/","name":"Grande Gestion des Eaux","description":"","publisher":{"@id":"http:\/\/grandeinc.com\/fr\/#organization"},"potentialAction":[{"@type":"SearchAction","target":{"@type":"EntryPoint","urlTemplate":"http:\/\/grandeinc.com\/fr\/?s={search_term_string}"},"query-input":{"@type":"PropertyValueSpecification","valueRequired":true,"valueName":"search_term_string"}}],"inLanguage":"fr-CA"},{"@type":"Organization","@id":"http:\/\/grandeinc.com\/fr\/#organization","name":"Grande Gestion des Eaux","url":"http:\/\/grandeinc.com\/fr\/","logo":{"@type":"ImageObject","inLanguage":"fr-CA","@id":"http:\/\/grandeinc.com\/fr\/#\/schema\/logo\/image\/","url":"https:\/\/grandeinc.com\/wp-content\/uploads\/2024\/11\/logo.png","contentUrl":"https:\/\/grandeinc.com\/wp-content\/uploads\/2024\/11\/logo.png","width":260,"height":84,"caption":"Grande Gestion des Eaux"},"image":{"@id":"http:\/\/grandeinc.com\/fr\/#\/schema\/logo\/image\/"},"sameAs":["https:\/\/www.facebook.com\/GrandeWaterManagement"]}]}},"_links":{"self":[{"href":"https:\/\/grandeinc.com\/fr\/wp-json\/wp\/v2\/pages\/1039","targetHints":{"allow":["GET"]}}],"collection":[{"href":"https:\/\/grandeinc.com\/fr\/wp-json\/wp\/v2\/pages"}],"about":[{"href":"https:\/\/grandeinc.com\/fr\/wp-json\/wp\/v2\/types\/page"}],"author":[{"embeddable":true,"href":"https:\/\/grandeinc.com\/fr\/wp-json\/wp\/v2\/users\/4"}],"replies":[{"embeddable":true,"href":"https:\/\/grandeinc.com\/fr\/wp-json\/wp\/v2\/comments?post=1039"}],"version-history":[{"count":6,"href":"https:\/\/grandeinc.com\/fr\/wp-json\/wp\/v2\/pages\/1039\/revisions"}],"predecessor-version":[{"id":1336,"href":"https:\/\/grandeinc.com\/fr\/wp-json\/wp\/v2\/pages\/1039\/revisions\/1336"}],"up":[{"embeddable":true,"href":"https:\/\/grandeinc.com\/fr\/wp-json\/wp\/v2\/pages\/688"}],"wp:attachment":[{"href":"https:\/\/grandeinc.com\/fr\/wp-json\/wp\/v2\/media?parent=1039"}],"curies":[{"name":"wp","href":"https:\/\/api.w.org\/{rel}","templated":true}]}}