{"id":963,"date":"2024-06-02T00:51:52","date_gmt":"2024-06-02T04:51:52","guid":{"rendered":"https:\/\/grandeinc.com\/?page_id=963"},"modified":"2024-07-15T23:34:50","modified_gmt":"2024-07-16T03:34:50","slug":"deflecteur-fixe-acu-stat","status":"publish","type":"page","link":"https:\/\/grandeinc.com\/en\/produits\/retention-des-objets-flottants\/deflecteur-fixe-acu-stat\/","title":{"rendered":"ACU-STAT Fixed Deflector"},"content":{"rendered":"<section class=\"kc-elm kc-css-148635 kc_row\"><div class=\"kc-row-container  kc-container\"><div class=\"kc-wrap-columns\"><div class=\"kc-elm kc-css-35162 kc_col-sm-12 kc_column kc_col-sm-12\"><div class=\"kc-col-container\"><div class=\"kc-elm kc-css-910582 kc_row kc_row_inner\"><div class=\"kc-elm kc-css-196249 kc_col-sm-6 kc_column_inner kc_col-sm-6\"><div class=\"kc_wrapper kc-col-inner-container\"><div class=\"kc-elm kc-css-725003 kc_shortcode kc_single_image\">\n\n        <img decoding=\"async\" src=\"https:\/\/grandeinc.com\/wp-content\/uploads\/2024\/06\/acu-stat-1.jpg\" class=\"\" alt=\"\" \/>    <\/div>\n<\/div><\/div><div class=\"kc-elm kc-css-154345 kc_col-sm-6 kc_column_inner kc_col-sm-6\"><div class=\"kc_wrapper kc-col-inner-container\"><div class=\"kc-elm kc-css-495715 kc_text_block\"><\/p>\n<p>The ACU-STAT fixed deflector system is designed to prevent floating debris from entering stormwater overflow systems, combined sewer overflow (CSO) systems, sanitary sewer overflow (SSO) systems, holding tank overflows and pond overflows.<\/p>\n<p>\n<\/div><\/div><\/div><\/div><div class=\"kc-elm kc-css-330696 kc_row kc_row_inner\"><div class=\"kc-elm kc-css-7370 kc_col-sm-12 kc_column_inner kc_col-sm-12\"><div class=\"kc_wrapper kc-col-inner-container\">\n<div class=\"kc-elm kc-css-950572\">\n\t<a class=\"kc_button\" href=\"\/en\/contactez-nous\/\" target=\"_self\" title=\"\" onclick=\"\">\n\t\tRequest your brochure\t<\/a>\n<\/div>\n<\/div><\/div><\/div><div class=\"kc-elm kc-css-146191 kc_row kc_row_inner\"><div class=\"kc-elm kc-css-502191 kc_col-sm-6 kc_column_inner kc_col-sm-6\"><div class=\"kc_wrapper kc-col-inner-container\"><div class=\"kc-elm kc-css-25874 kc_text_block\"><\/p>\n<h2>Features<\/h2>\n<p>-Up to 3 feet (90 cm) drain depth<\/p>\n<p>-Modular construction up to 20 ft (6 m) long<\/p>\n<p>-Low hydraulic resistance<\/p>\n<p>-Shipped ready to install<\/p>\n<p>-Easy to adapt to existing installations<\/p>\n<p>-Stainless steel construction<\/p>\n<p>\n<\/div><\/div><\/div><div class=\"kc-elm kc-css-196759 kc_col-sm-6 kc_column_inner kc_col-sm-6\"><div class=\"kc_wrapper kc-col-inner-container\"><div class=\"kc-elm kc-css-543232 kc_shortcode kc_single_image\">\n\n        <img decoding=\"async\" src=\"https:\/\/grandeinc.com\/wp-content\/uploads\/2024\/06\/DEFLECTEUR-FIXE-ACU-STAT.jpg\" class=\"\" alt=\"\" \/>    <\/div>\n<\/div><\/div><\/div><div class=\"kc-elm kc-css-758087 kc_row kc_row_inner\"><div class=\"kc-elm kc-css-200553 kc_col-sm-6 kc_column_inner kc_col-sm-6\"><div class=\"kc_wrapper kc-col-inner-container\"><div class=\"kc-elm kc-css-376087 kc_shortcode kc_single_image\">\n\n        <img decoding=\"async\" src=\"https:\/\/grandeinc.com\/wp-content\/uploads\/2024\/06\/acu-stat-3.jpg\" class=\"\" alt=\"\" \/>    <\/div>\n<\/div><\/div><div class=\"kc-elm kc-css-831601 kc_col-sm-6 kc_column_inner kc_col-sm-6\"><div class=\"kc_wrapper kc-col-inner-container\"><div class=\"kc-elm kc-css-296983 kc_text_block\"><\/p>\n<h2>Application scope<\/h2>\n<p>The ACU-STAT fixed deflector can vary from GAS-F-30-* to GAS-F-90-*. The GAS-F-30-* is designed for a flow depth of 12 inches (30 cm) and measures up to a maximum of 20 feet (6 m) in length. The GAS-F-90-* is designed for a flow depth of 36 inches (90 cm) and measures up to a maximum of 20 feet (6 m) in length. ACU-STAT model selection is based solely on flow depth and weir length. Units are currently marked with an asterisk due to the wide variety of model options.<\/p>\n<p>\n<\/div><\/div><\/div><\/div><div class=\"kc-elm kc-css-951062 kc_row kc_row_inner\"><div class=\"kc-elm kc-css-733221 kc_col-sm-6 kc_column_inner kc_col-sm-6\"><div class=\"kc_wrapper kc-col-inner-container\"><div class=\"kc-elm kc-css-928898 kc_text_block\"><\/p>\n<h2>How it works<\/h2>\n<p>The ACU-STAT fixed deflector can vary from GAS-F-30-* to GAS-F-90-*. The GAS-F-30-* is designed for a flow depth of 12 inches (30 cm) and measures up to a maximum of 20 feet (6 m) in length. The GAS-F-90-* is designed for a flow depth of 36 inches (90 cm) and measures up to a maximum of 20 feet (6 m) in length. ACU-STAT model selection is based solely on flow depth and weir length. Units are currently marked with an asterisk due to the wide variety of model options.<\/p>\n<p>\n<\/div><\/div><\/div><div class=\"kc-elm kc-css-762536 kc_col-sm-6 kc_column_inner kc_col-sm-6\"><div class=\"kc_wrapper kc-col-inner-container\"><div class=\"kc-elm kc-css-102667 kc_shortcode kc_single_image\">\n\n        <img decoding=\"async\" src=\"https:\/\/grandeinc.com\/wp-content\/uploads\/2024\/06\/acu-stat-4.jpg\" class=\"\" alt=\"\" \/>    <\/div>\n<\/div><\/div><\/div><\/div><\/div><\/div><\/div><\/section>","protected":false},"excerpt":{"rendered":"","protected":false},"author":4,"featured_media":0,"parent":712,"menu_order":0,"comment_status":"closed","ping_status":"closed","template":"","meta":{"footnotes":""},"class_list":["post-963","page","type-page","status-publish","hentry"],"yoast_head":"<!-- This site is optimized with the Yoast SEO plugin v24.0 - https:\/\/yoast.com\/wordpress\/plugins\/seo\/ -->\n<title>D\u00c9FLECTEUR FIXE ACU-STAT - Grande Gestion des Eaux<\/title>\n<meta name=\"robots\" content=\"index, follow, max-snippet:-1, max-image-preview:large, max-video-preview:-1\" \/>\n<link rel=\"canonical\" href=\"https:\/\/grandeinc.com\/en\/produits\/retention-des-objets-flottants\/deflecteur-fixe-acu-stat\/\" \/>\n<meta property=\"og:locale\" content=\"en_US\" \/>\n<meta property=\"og:type\" content=\"article\" \/>\n<meta property=\"og:title\" content=\"D\u00c9FLECTEUR FIXE ACU-STAT - Grande Gestion des Eaux\" \/>\n<meta property=\"og:description\" content=\"Le syst\u00e8me de d\u00e9flecteurs fixes ACU-STAT est con\u00e7u pour emp\u00eacher les d\u00e9bris flottants de p\u00e9n\u00e9trer dans les syst\u00e8mes de trop-plein d&rsquo;eaux pluviales, les syst\u00e8mes de trop-plein d&rsquo;\u00e9gouts unitaires (CSO), les syst\u00e8mes de trop-plein d&rsquo;\u00e9gouts sanitaires (SSO), les trop-pleins de r\u00e9servoirs de r\u00e9tention et les trop-pleins de bassins. Demandez votre brochure Caract\u00e9ristiques -Jusqu&rsquo;\u00e0 3 pieds (90\" \/>\n<meta property=\"og:url\" content=\"https:\/\/grandeinc.com\/en\/produits\/retention-des-objets-flottants\/deflecteur-fixe-acu-stat\/\" \/>\n<meta property=\"og:site_name\" content=\"Grande Gestion des Eaux\" \/>\n<meta property=\"article:publisher\" content=\"https:\/\/www.facebook.com\/GrandeWaterManagement\" \/>\n<meta property=\"article:modified_time\" content=\"2024-07-16T03:34:50+00:00\" \/>\n<meta property=\"og:image\" content=\"http:\/\/grandeinc.com\/wp-content\/uploads\/2024\/06\/acu-stat-1.jpg\" \/>\n<meta name=\"twitter:card\" content=\"summary_large_image\" \/>\n<meta name=\"twitter:label1\" content=\"Est. reading time\" \/>\n\t<meta name=\"twitter:data1\" content=\"1 minute\" \/>\n<script type=\"application\/ld+json\" class=\"yoast-schema-graph\">{\"@context\":\"https:\/\/schema.org\",\"@graph\":[{\"@type\":\"WebPage\",\"@id\":\"https:\/\/grandeinc.com\/produits\/retention-des-objets-flottants\/deflecteur-fixe-acu-stat\/\",\"url\":\"https:\/\/grandeinc.com\/produits\/retention-des-objets-flottants\/deflecteur-fixe-acu-stat\/\",\"name\":\"D\u00c9FLECTEUR FIXE ACU-STAT - Grande Gestion des Eaux\",\"isPartOf\":{\"@id\":\"http:\/\/grandeinc.com\/fr\/#website\"},\"primaryImageOfPage\":{\"@id\":\"https:\/\/grandeinc.com\/produits\/retention-des-objets-flottants\/deflecteur-fixe-acu-stat\/#primaryimage\"},\"image\":{\"@id\":\"https:\/\/grandeinc.com\/produits\/retention-des-objets-flottants\/deflecteur-fixe-acu-stat\/#primaryimage\"},\"thumbnailUrl\":\"http:\/\/grandeinc.com\/wp-content\/uploads\/2024\/06\/acu-stat-1.jpg\",\"datePublished\":\"2024-06-02T04:51:52+00:00\",\"dateModified\":\"2024-07-16T03:34:50+00:00\",\"breadcrumb\":{\"@id\":\"https:\/\/grandeinc.com\/produits\/retention-des-objets-flottants\/deflecteur-fixe-acu-stat\/#breadcrumb\"},\"inLanguage\":\"en-CA\",\"potentialAction\":[{\"@type\":\"ReadAction\",\"target\":[\"https:\/\/grandeinc.com\/produits\/retention-des-objets-flottants\/deflecteur-fixe-acu-stat\/\"]}]},{\"@type\":\"ImageObject\",\"inLanguage\":\"en-CA\",\"@id\":\"https:\/\/grandeinc.com\/produits\/retention-des-objets-flottants\/deflecteur-fixe-acu-stat\/#primaryimage\",\"url\":\"http:\/\/grandeinc.com\/wp-content\/uploads\/2024\/06\/acu-stat-1.jpg\",\"contentUrl\":\"http:\/\/grandeinc.com\/wp-content\/uploads\/2024\/06\/acu-stat-1.jpg\"},{\"@type\":\"BreadcrumbList\",\"@id\":\"https:\/\/grandeinc.com\/produits\/retention-des-objets-flottants\/deflecteur-fixe-acu-stat\/#breadcrumb\",\"itemListElement\":[{\"@type\":\"ListItem\",\"position\":1,\"name\":\"Accueil\",\"item\":\"https:\/\/grandeinc.com\/\"},{\"@type\":\"ListItem\",\"position\":2,\"name\":\"Produits\",\"item\":\"https:\/\/grandeinc.com\/produits\/\"},{\"@type\":\"ListItem\",\"position\":3,\"name\":\"R\u00e9tention des objets flottants\",\"item\":\"https:\/\/grandeinc.com\/produits\/retention-des-objets-flottants\/\"},{\"@type\":\"ListItem\",\"position\":4,\"name\":\"D\u00c9FLECTEUR FIXE ACU-STAT\"}]},{\"@type\":\"WebSite\",\"@id\":\"http:\/\/grandeinc.com\/fr\/#website\",\"url\":\"http:\/\/grandeinc.com\/fr\/\",\"name\":\"Grande Gestion des Eaux\",\"description\":\"\",\"publisher\":{\"@id\":\"http:\/\/grandeinc.com\/fr\/#organization\"},\"potentialAction\":[{\"@type\":\"SearchAction\",\"target\":{\"@type\":\"EntryPoint\",\"urlTemplate\":\"http:\/\/grandeinc.com\/fr\/?s={search_term_string}\"},\"query-input\":{\"@type\":\"PropertyValueSpecification\",\"valueRequired\":true,\"valueName\":\"search_term_string\"}}],\"inLanguage\":\"en-CA\"},{\"@type\":\"Organization\",\"@id\":\"http:\/\/grandeinc.com\/fr\/#organization\",\"name\":\"Grande Gestion des Eaux\",\"url\":\"http:\/\/grandeinc.com\/fr\/\",\"logo\":{\"@type\":\"ImageObject\",\"inLanguage\":\"en-CA\",\"@id\":\"http:\/\/grandeinc.com\/fr\/#\/schema\/logo\/image\/\",\"url\":\"https:\/\/grandeinc.com\/wp-content\/uploads\/2024\/11\/logo.png\",\"contentUrl\":\"https:\/\/grandeinc.com\/wp-content\/uploads\/2024\/11\/logo.png\",\"width\":260,\"height\":84,\"caption\":\"Grande Gestion des Eaux\"},\"image\":{\"@id\":\"http:\/\/grandeinc.com\/fr\/#\/schema\/logo\/image\/\"},\"sameAs\":[\"https:\/\/www.facebook.com\/GrandeWaterManagement\"]}]}<\/script>\n<!-- \/ Yoast SEO plugin. -->","yoast_head_json":{"title":"D\u00c9FLECTEUR FIXE ACU-STAT - Grande Gestion des Eaux","robots":{"index":"index","follow":"follow","max-snippet":"max-snippet:-1","max-image-preview":"max-image-preview:large","max-video-preview":"max-video-preview:-1"},"canonical":"https:\/\/grandeinc.com\/en\/produits\/retention-des-objets-flottants\/deflecteur-fixe-acu-stat\/","og_locale":"en_US","og_type":"article","og_title":"D\u00c9FLECTEUR FIXE ACU-STAT - Grande Gestion des Eaux","og_description":"Le syst\u00e8me de d\u00e9flecteurs fixes ACU-STAT est con\u00e7u pour emp\u00eacher les d\u00e9bris flottants de p\u00e9n\u00e9trer dans les syst\u00e8mes de trop-plein d&rsquo;eaux pluviales, les syst\u00e8mes de trop-plein d&rsquo;\u00e9gouts unitaires (CSO), les syst\u00e8mes de trop-plein d&rsquo;\u00e9gouts sanitaires (SSO), les trop-pleins de r\u00e9servoirs de r\u00e9tention et les trop-pleins de bassins. Demandez votre brochure Caract\u00e9ristiques -Jusqu&rsquo;\u00e0 3 pieds (90","og_url":"https:\/\/grandeinc.com\/en\/produits\/retention-des-objets-flottants\/deflecteur-fixe-acu-stat\/","og_site_name":"Grande Gestion des Eaux","article_publisher":"https:\/\/www.facebook.com\/GrandeWaterManagement","article_modified_time":"2024-07-16T03:34:50+00:00","og_image":[{"url":"http:\/\/grandeinc.com\/wp-content\/uploads\/2024\/06\/acu-stat-1.jpg","type":"","width":"","height":""}],"twitter_card":"summary_large_image","twitter_misc":{"Est. reading time":"1 minute"},"schema":{"@context":"https:\/\/schema.org","@graph":[{"@type":"WebPage","@id":"https:\/\/grandeinc.com\/produits\/retention-des-objets-flottants\/deflecteur-fixe-acu-stat\/","url":"https:\/\/grandeinc.com\/produits\/retention-des-objets-flottants\/deflecteur-fixe-acu-stat\/","name":"D\u00c9FLECTEUR FIXE ACU-STAT - Grande Gestion des Eaux","isPartOf":{"@id":"http:\/\/grandeinc.com\/fr\/#website"},"primaryImageOfPage":{"@id":"https:\/\/grandeinc.com\/produits\/retention-des-objets-flottants\/deflecteur-fixe-acu-stat\/#primaryimage"},"image":{"@id":"https:\/\/grandeinc.com\/produits\/retention-des-objets-flottants\/deflecteur-fixe-acu-stat\/#primaryimage"},"thumbnailUrl":"http:\/\/grandeinc.com\/wp-content\/uploads\/2024\/06\/acu-stat-1.jpg","datePublished":"2024-06-02T04:51:52+00:00","dateModified":"2024-07-16T03:34:50+00:00","breadcrumb":{"@id":"https:\/\/grandeinc.com\/produits\/retention-des-objets-flottants\/deflecteur-fixe-acu-stat\/#breadcrumb"},"inLanguage":"en-CA","potentialAction":[{"@type":"ReadAction","target":["https:\/\/grandeinc.com\/produits\/retention-des-objets-flottants\/deflecteur-fixe-acu-stat\/"]}]},{"@type":"ImageObject","inLanguage":"en-CA","@id":"https:\/\/grandeinc.com\/produits\/retention-des-objets-flottants\/deflecteur-fixe-acu-stat\/#primaryimage","url":"http:\/\/grandeinc.com\/wp-content\/uploads\/2024\/06\/acu-stat-1.jpg","contentUrl":"http:\/\/grandeinc.com\/wp-content\/uploads\/2024\/06\/acu-stat-1.jpg"},{"@type":"BreadcrumbList","@id":"https:\/\/grandeinc.com\/produits\/retention-des-objets-flottants\/deflecteur-fixe-acu-stat\/#breadcrumb","itemListElement":[{"@type":"ListItem","position":1,"name":"Accueil","item":"https:\/\/grandeinc.com\/"},{"@type":"ListItem","position":2,"name":"Produits","item":"https:\/\/grandeinc.com\/produits\/"},{"@type":"ListItem","position":3,"name":"R\u00e9tention des objets flottants","item":"https:\/\/grandeinc.com\/produits\/retention-des-objets-flottants\/"},{"@type":"ListItem","position":4,"name":"D\u00c9FLECTEUR FIXE ACU-STAT"}]},{"@type":"WebSite","@id":"http:\/\/grandeinc.com\/fr\/#website","url":"http:\/\/grandeinc.com\/fr\/","name":"Grande Gestion des Eaux","description":"","publisher":{"@id":"http:\/\/grandeinc.com\/fr\/#organization"},"potentialAction":[{"@type":"SearchAction","target":{"@type":"EntryPoint","urlTemplate":"http:\/\/grandeinc.com\/fr\/?s={search_term_string}"},"query-input":{"@type":"PropertyValueSpecification","valueRequired":true,"valueName":"search_term_string"}}],"inLanguage":"en-CA"},{"@type":"Organization","@id":"http:\/\/grandeinc.com\/fr\/#organization","name":"Grande Gestion des Eaux","url":"http:\/\/grandeinc.com\/fr\/","logo":{"@type":"ImageObject","inLanguage":"en-CA","@id":"http:\/\/grandeinc.com\/fr\/#\/schema\/logo\/image\/","url":"https:\/\/grandeinc.com\/wp-content\/uploads\/2024\/11\/logo.png","contentUrl":"https:\/\/grandeinc.com\/wp-content\/uploads\/2024\/11\/logo.png","width":260,"height":84,"caption":"Grande Gestion des Eaux"},"image":{"@id":"http:\/\/grandeinc.com\/fr\/#\/schema\/logo\/image\/"},"sameAs":["https:\/\/www.facebook.com\/GrandeWaterManagement"]}]}},"_links":{"self":[{"href":"https:\/\/grandeinc.com\/en\/wp-json\/wp\/v2\/pages\/963","targetHints":{"allow":["GET"]}}],"collection":[{"href":"https:\/\/grandeinc.com\/en\/wp-json\/wp\/v2\/pages"}],"about":[{"href":"https:\/\/grandeinc.com\/en\/wp-json\/wp\/v2\/types\/page"}],"author":[{"embeddable":true,"href":"https:\/\/grandeinc.com\/en\/wp-json\/wp\/v2\/users\/4"}],"replies":[{"embeddable":true,"href":"https:\/\/grandeinc.com\/en\/wp-json\/wp\/v2\/comments?post=963"}],"version-history":[{"count":5,"href":"https:\/\/grandeinc.com\/en\/wp-json\/wp\/v2\/pages\/963\/revisions"}],"predecessor-version":[{"id":1197,"href":"https:\/\/grandeinc.com\/en\/wp-json\/wp\/v2\/pages\/963\/revisions\/1197"}],"up":[{"embeddable":true,"href":"https:\/\/grandeinc.com\/en\/wp-json\/wp\/v2\/pages\/712"}],"wp:attachment":[{"href":"https:\/\/grandeinc.com\/en\/wp-json\/wp\/v2\/media?parent=963"}],"curies":[{"name":"wp","href":"https:\/\/api.w.org\/{rel}","templated":true}]}}