{"id":955,"date":"2024-06-02T00:41:34","date_gmt":"2024-06-02T04:41:34","guid":{"rendered":"https:\/\/grandeinc.com\/?page_id=955"},"modified":"2024-07-15T23:34:42","modified_gmt":"2024-07-16T03:34:42","slug":"acu-lam-cloison-a-lamelles","status":"publish","type":"page","link":"https:\/\/grandeinc.com\/en\/produits\/retention-des-objets-flottants\/acu-lam-cloison-a-lamelles\/","title":{"rendered":"ACU-LAM lamella Deflector"},"content":{"rendered":"<section class=\"kc-elm kc-css-16821 kc_row\"><div class=\"kc-row-container  kc-container\"><div class=\"kc-wrap-columns\"><div class=\"kc-elm kc-css-641277 kc_col-sm-12 kc_column kc_col-sm-12\"><div class=\"kc-col-container\"><div class=\"kc-elm kc-css-200758 kc_row kc_row_inner\"><div class=\"kc-elm kc-css-857337 kc_col-sm-6 kc_column_inner kc_col-sm-6\"><div class=\"kc_wrapper kc-col-inner-container\"><div class=\"kc-elm kc-css-901840 kc_shortcode kc_single_image\">\n\n        <img decoding=\"async\" src=\"https:\/\/grandeinc.com\/wp-content\/uploads\/2024\/06\/acu-lam-1.jpg\" class=\"\" alt=\"\" \/>    <\/div>\n<\/div><\/div><div class=\"kc-elm kc-css-789967 kc_col-sm-6 kc_column_inner kc_col-sm-6\"><div class=\"kc_wrapper kc-col-inner-container\"><div class=\"kc-elm kc-css-269843 kc_text_block\"><\/p>\n<p>The ACU-LAM louvered deflector system is designed to prevent floating debris from entering stormwater overflow systems, combined sewer overflow (CSO) systems, sanitary sewer overflow (SSO) systems, holding tank overflows and pond overflows. The ACU-LAM is ideal for installations where structural constraints prevent the installation of an ACU-SELF self-adjusting floating deflector or an ACU-STAT fixed deflector.<\/p>\n<p>\n<\/div><\/div><\/div><\/div><div class=\"kc-elm kc-css-378361 kc_row kc_row_inner\"><div class=\"kc-elm kc-css-212156 kc_col-sm-12 kc_column_inner kc_col-sm-12\"><div class=\"kc_wrapper kc-col-inner-container\">\n<div class=\"kc-elm kc-css-402563\">\n\t<a class=\"kc_button\" href=\"\/en\/contactez-nous\/\" target=\"_self\" title=\"\" onclick=\"\">\n\t\tRequest your brochure\t<\/a>\n<\/div>\n<\/div><\/div><\/div><div class=\"kc-elm kc-css-612079 kc_row kc_row_inner\"><div class=\"kc-elm kc-css-868963 kc_col-sm-6 kc_column_inner kc_col-sm-6\"><div class=\"kc_wrapper kc-col-inner-container\"><div class=\"kc-elm kc-css-644214 kc_text_block\"><\/p>\n<h2>Features<\/h2>\n<p>-Up to 3 feet (90 cm) drain depth<\/p>\n<p>-Construction modulaire jusqu&rsquo;\u00e0 6 pieds (2 m) de long<\/p>\n<p>-Low hydraulic resistance<\/p>\n<p>-Easy to adapt to existing installations<\/p>\n<p>-Stainless steel construction<\/p>\n<p>\n<\/div><\/div><\/div><div class=\"kc-elm kc-css-926750 kc_col-sm-6 kc_column_inner kc_col-sm-6\"><div class=\"kc_wrapper kc-col-inner-container\"><div class=\"kc-elm kc-css-307973 kc_text_block\"><\/p>\n<h2>Application scope<\/h2>\n<p>The ACU-LAM louvered deflector may vary from model GAL-B-30-* to GAL-B-90-*. The GAL-B-30-* is designed for a flow depth of 12 inches (30 cm) and measures 24 inches (60 cm) to a maximum length of 6 feet (2 m). GAL-B-90-* is designed for a flow depth of 36 inches (90 cm) and measures 24 inches (60 cm) up to a maximum length of 6 feet (2 m). ACU-LAM model selection is based solely on flow depth and weir length. Units are currently marked with an asterisk due to the wide variety of model options.<\/p>\n<p>\n<\/div><\/div><\/div><\/div><div class=\"kc-elm kc-css-341918 kc_row kc_row_inner\"><div class=\"kc-elm kc-css-845554 kc_col-sm-12 kc_column_inner kc_col-sm-12\"><div class=\"kc_wrapper kc-col-inner-container\"><div class=\"kc-elm kc-css-110723 kc_text_block\"><\/p>\n<h2>How it works<\/h2>\n<p>The ACU-LAM is a drainage system used in installations where there are difficult structural constraints, such as where the inlet pipe enters the overflow structure parallel and adjacent to the weir. A standard static deflector would need to be placed at some distance from the weir. This would result in part of the influent being directed towards the downstream side of the deflector. As a result, all debris from this part of the influent would flow over the weir. This problem is avoided by installing the ACU-LAM lamella deflector directly on the weir, requiring no additional space within the structure. The ACU-LAM lamella deflector consists of a series of vertically-mounted, upward-sloping, equally-spaced, parallel stainless steel plates. The parallel plates are designed to maintain structural integrity under all flow conditions.<\/p>\n<p>This unique design ensures that the overflow inlet slot is always submerged during an overflow event to guarantee maximum retention of floating elements. As a result, debris is retained in the channel for removal by the flow in dry weather after an overflow event. Its design also reduces the likelihood of sediment accumulated at the bottom of the channel being stirred up and carried away by the overflow.<\/p>\n<p>\n<\/div><\/div><\/div><\/div><\/div><\/div><\/div><\/div><\/section>","protected":false},"excerpt":{"rendered":"","protected":false},"author":4,"featured_media":0,"parent":712,"menu_order":0,"comment_status":"closed","ping_status":"closed","template":"","meta":{"footnotes":""},"class_list":["post-955","page","type-page","status-publish","hentry"],"yoast_head":"<!-- This site is optimized with the Yoast SEO plugin v24.0 - https:\/\/yoast.com\/wordpress\/plugins\/seo\/ -->\n<title>ACU-LAM (Cloison \u00e0 lamelles) - Grande Gestion des Eaux<\/title>\n<meta name=\"robots\" content=\"index, follow, max-snippet:-1, max-image-preview:large, max-video-preview:-1\" \/>\n<link rel=\"canonical\" href=\"https:\/\/grandeinc.com\/en\/produits\/retention-des-objets-flottants\/acu-lam-cloison-a-lamelles\/\" \/>\n<meta property=\"og:locale\" content=\"en_US\" \/>\n<meta property=\"og:type\" content=\"article\" \/>\n<meta property=\"og:title\" content=\"ACU-LAM (Cloison \u00e0 lamelles) - Grande Gestion des Eaux\" \/>\n<meta property=\"og:description\" content=\"Le syst\u00e8me de d\u00e9flecteurs \u00e0 lamelles ACU-LAM est con\u00e7u pour emp\u00eacher les d\u00e9bris flottants de p\u00e9n\u00e9trer dans les syst\u00e8mes de trop-plein d&rsquo;eaux pluviales, les syst\u00e8mes de trop-plein d&rsquo;\u00e9gouts unitaires (CSO), les syst\u00e8mes de trop-plein d&rsquo;\u00e9gouts sanitaires (SSO), les trop-pleins de r\u00e9servoirs de r\u00e9tention et les trop-pleins de bassins. L&rsquo;ACU-LAM est id\u00e9al pour les installations o\u00f9\" \/>\n<meta property=\"og:url\" content=\"https:\/\/grandeinc.com\/en\/produits\/retention-des-objets-flottants\/acu-lam-cloison-a-lamelles\/\" \/>\n<meta property=\"og:site_name\" content=\"Grande Gestion des Eaux\" \/>\n<meta property=\"article:publisher\" content=\"https:\/\/www.facebook.com\/GrandeWaterManagement\" \/>\n<meta property=\"article:modified_time\" content=\"2024-07-16T03:34:42+00:00\" \/>\n<meta property=\"og:image\" content=\"http:\/\/grandeinc.com\/wp-content\/uploads\/2024\/06\/acu-lam-1.jpg\" \/>\n<meta name=\"twitter:card\" content=\"summary_large_image\" \/>\n<meta name=\"twitter:label1\" content=\"Est. reading time\" \/>\n\t<meta name=\"twitter:data1\" content=\"2 minutes\" \/>\n<script type=\"application\/ld+json\" class=\"yoast-schema-graph\">{\"@context\":\"https:\/\/schema.org\",\"@graph\":[{\"@type\":\"WebPage\",\"@id\":\"https:\/\/grandeinc.com\/produits\/retention-des-objets-flottants\/acu-lam-cloison-a-lamelles\/\",\"url\":\"https:\/\/grandeinc.com\/produits\/retention-des-objets-flottants\/acu-lam-cloison-a-lamelles\/\",\"name\":\"ACU-LAM (Cloison \u00e0 lamelles) - Grande Gestion des Eaux\",\"isPartOf\":{\"@id\":\"http:\/\/grandeinc.com\/fr\/#website\"},\"primaryImageOfPage\":{\"@id\":\"https:\/\/grandeinc.com\/produits\/retention-des-objets-flottants\/acu-lam-cloison-a-lamelles\/#primaryimage\"},\"image\":{\"@id\":\"https:\/\/grandeinc.com\/produits\/retention-des-objets-flottants\/acu-lam-cloison-a-lamelles\/#primaryimage\"},\"thumbnailUrl\":\"http:\/\/grandeinc.com\/wp-content\/uploads\/2024\/06\/acu-lam-1.jpg\",\"datePublished\":\"2024-06-02T04:41:34+00:00\",\"dateModified\":\"2024-07-16T03:34:42+00:00\",\"breadcrumb\":{\"@id\":\"https:\/\/grandeinc.com\/produits\/retention-des-objets-flottants\/acu-lam-cloison-a-lamelles\/#breadcrumb\"},\"inLanguage\":\"en-CA\",\"potentialAction\":[{\"@type\":\"ReadAction\",\"target\":[\"https:\/\/grandeinc.com\/produits\/retention-des-objets-flottants\/acu-lam-cloison-a-lamelles\/\"]}]},{\"@type\":\"ImageObject\",\"inLanguage\":\"en-CA\",\"@id\":\"https:\/\/grandeinc.com\/produits\/retention-des-objets-flottants\/acu-lam-cloison-a-lamelles\/#primaryimage\",\"url\":\"http:\/\/grandeinc.com\/wp-content\/uploads\/2024\/06\/acu-lam-1.jpg\",\"contentUrl\":\"http:\/\/grandeinc.com\/wp-content\/uploads\/2024\/06\/acu-lam-1.jpg\"},{\"@type\":\"BreadcrumbList\",\"@id\":\"https:\/\/grandeinc.com\/produits\/retention-des-objets-flottants\/acu-lam-cloison-a-lamelles\/#breadcrumb\",\"itemListElement\":[{\"@type\":\"ListItem\",\"position\":1,\"name\":\"Accueil\",\"item\":\"https:\/\/grandeinc.com\/\"},{\"@type\":\"ListItem\",\"position\":2,\"name\":\"Produits\",\"item\":\"https:\/\/grandeinc.com\/produits\/\"},{\"@type\":\"ListItem\",\"position\":3,\"name\":\"R\u00e9tention des objets flottants\",\"item\":\"https:\/\/grandeinc.com\/produits\/retention-des-objets-flottants\/\"},{\"@type\":\"ListItem\",\"position\":4,\"name\":\"ACU-LAM (Cloison \u00e0 lamelles)\"}]},{\"@type\":\"WebSite\",\"@id\":\"http:\/\/grandeinc.com\/fr\/#website\",\"url\":\"http:\/\/grandeinc.com\/fr\/\",\"name\":\"Grande Gestion des Eaux\",\"description\":\"\",\"publisher\":{\"@id\":\"http:\/\/grandeinc.com\/fr\/#organization\"},\"potentialAction\":[{\"@type\":\"SearchAction\",\"target\":{\"@type\":\"EntryPoint\",\"urlTemplate\":\"http:\/\/grandeinc.com\/fr\/?s={search_term_string}\"},\"query-input\":{\"@type\":\"PropertyValueSpecification\",\"valueRequired\":true,\"valueName\":\"search_term_string\"}}],\"inLanguage\":\"en-CA\"},{\"@type\":\"Organization\",\"@id\":\"http:\/\/grandeinc.com\/fr\/#organization\",\"name\":\"Grande Gestion des Eaux\",\"url\":\"http:\/\/grandeinc.com\/fr\/\",\"logo\":{\"@type\":\"ImageObject\",\"inLanguage\":\"en-CA\",\"@id\":\"http:\/\/grandeinc.com\/fr\/#\/schema\/logo\/image\/\",\"url\":\"https:\/\/grandeinc.com\/wp-content\/uploads\/2024\/11\/logo.png\",\"contentUrl\":\"https:\/\/grandeinc.com\/wp-content\/uploads\/2024\/11\/logo.png\",\"width\":260,\"height\":84,\"caption\":\"Grande Gestion des Eaux\"},\"image\":{\"@id\":\"http:\/\/grandeinc.com\/fr\/#\/schema\/logo\/image\/\"},\"sameAs\":[\"https:\/\/www.facebook.com\/GrandeWaterManagement\"]}]}<\/script>\n<!-- \/ Yoast SEO plugin. -->","yoast_head_json":{"title":"ACU-LAM (Cloison \u00e0 lamelles) - Grande Gestion des Eaux","robots":{"index":"index","follow":"follow","max-snippet":"max-snippet:-1","max-image-preview":"max-image-preview:large","max-video-preview":"max-video-preview:-1"},"canonical":"https:\/\/grandeinc.com\/en\/produits\/retention-des-objets-flottants\/acu-lam-cloison-a-lamelles\/","og_locale":"en_US","og_type":"article","og_title":"ACU-LAM (Cloison \u00e0 lamelles) - Grande Gestion des Eaux","og_description":"Le syst\u00e8me de d\u00e9flecteurs \u00e0 lamelles ACU-LAM est con\u00e7u pour emp\u00eacher les d\u00e9bris flottants de p\u00e9n\u00e9trer dans les syst\u00e8mes de trop-plein d&rsquo;eaux pluviales, les syst\u00e8mes de trop-plein d&rsquo;\u00e9gouts unitaires (CSO), les syst\u00e8mes de trop-plein d&rsquo;\u00e9gouts sanitaires (SSO), les trop-pleins de r\u00e9servoirs de r\u00e9tention et les trop-pleins de bassins. L&rsquo;ACU-LAM est id\u00e9al pour les installations o\u00f9","og_url":"https:\/\/grandeinc.com\/en\/produits\/retention-des-objets-flottants\/acu-lam-cloison-a-lamelles\/","og_site_name":"Grande Gestion des Eaux","article_publisher":"https:\/\/www.facebook.com\/GrandeWaterManagement","article_modified_time":"2024-07-16T03:34:42+00:00","og_image":[{"url":"http:\/\/grandeinc.com\/wp-content\/uploads\/2024\/06\/acu-lam-1.jpg","type":"","width":"","height":""}],"twitter_card":"summary_large_image","twitter_misc":{"Est. reading time":"2 minutes"},"schema":{"@context":"https:\/\/schema.org","@graph":[{"@type":"WebPage","@id":"https:\/\/grandeinc.com\/produits\/retention-des-objets-flottants\/acu-lam-cloison-a-lamelles\/","url":"https:\/\/grandeinc.com\/produits\/retention-des-objets-flottants\/acu-lam-cloison-a-lamelles\/","name":"ACU-LAM (Cloison \u00e0 lamelles) - Grande Gestion des Eaux","isPartOf":{"@id":"http:\/\/grandeinc.com\/fr\/#website"},"primaryImageOfPage":{"@id":"https:\/\/grandeinc.com\/produits\/retention-des-objets-flottants\/acu-lam-cloison-a-lamelles\/#primaryimage"},"image":{"@id":"https:\/\/grandeinc.com\/produits\/retention-des-objets-flottants\/acu-lam-cloison-a-lamelles\/#primaryimage"},"thumbnailUrl":"http:\/\/grandeinc.com\/wp-content\/uploads\/2024\/06\/acu-lam-1.jpg","datePublished":"2024-06-02T04:41:34+00:00","dateModified":"2024-07-16T03:34:42+00:00","breadcrumb":{"@id":"https:\/\/grandeinc.com\/produits\/retention-des-objets-flottants\/acu-lam-cloison-a-lamelles\/#breadcrumb"},"inLanguage":"en-CA","potentialAction":[{"@type":"ReadAction","target":["https:\/\/grandeinc.com\/produits\/retention-des-objets-flottants\/acu-lam-cloison-a-lamelles\/"]}]},{"@type":"ImageObject","inLanguage":"en-CA","@id":"https:\/\/grandeinc.com\/produits\/retention-des-objets-flottants\/acu-lam-cloison-a-lamelles\/#primaryimage","url":"http:\/\/grandeinc.com\/wp-content\/uploads\/2024\/06\/acu-lam-1.jpg","contentUrl":"http:\/\/grandeinc.com\/wp-content\/uploads\/2024\/06\/acu-lam-1.jpg"},{"@type":"BreadcrumbList","@id":"https:\/\/grandeinc.com\/produits\/retention-des-objets-flottants\/acu-lam-cloison-a-lamelles\/#breadcrumb","itemListElement":[{"@type":"ListItem","position":1,"name":"Accueil","item":"https:\/\/grandeinc.com\/"},{"@type":"ListItem","position":2,"name":"Produits","item":"https:\/\/grandeinc.com\/produits\/"},{"@type":"ListItem","position":3,"name":"R\u00e9tention des objets flottants","item":"https:\/\/grandeinc.com\/produits\/retention-des-objets-flottants\/"},{"@type":"ListItem","position":4,"name":"ACU-LAM (Cloison \u00e0 lamelles)"}]},{"@type":"WebSite","@id":"http:\/\/grandeinc.com\/fr\/#website","url":"http:\/\/grandeinc.com\/fr\/","name":"Grande Gestion des Eaux","description":"","publisher":{"@id":"http:\/\/grandeinc.com\/fr\/#organization"},"potentialAction":[{"@type":"SearchAction","target":{"@type":"EntryPoint","urlTemplate":"http:\/\/grandeinc.com\/fr\/?s={search_term_string}"},"query-input":{"@type":"PropertyValueSpecification","valueRequired":true,"valueName":"search_term_string"}}],"inLanguage":"en-CA"},{"@type":"Organization","@id":"http:\/\/grandeinc.com\/fr\/#organization","name":"Grande Gestion des Eaux","url":"http:\/\/grandeinc.com\/fr\/","logo":{"@type":"ImageObject","inLanguage":"en-CA","@id":"http:\/\/grandeinc.com\/fr\/#\/schema\/logo\/image\/","url":"https:\/\/grandeinc.com\/wp-content\/uploads\/2024\/11\/logo.png","contentUrl":"https:\/\/grandeinc.com\/wp-content\/uploads\/2024\/11\/logo.png","width":260,"height":84,"caption":"Grande Gestion des Eaux"},"image":{"@id":"http:\/\/grandeinc.com\/fr\/#\/schema\/logo\/image\/"},"sameAs":["https:\/\/www.facebook.com\/GrandeWaterManagement"]}]}},"_links":{"self":[{"href":"https:\/\/grandeinc.com\/en\/wp-json\/wp\/v2\/pages\/955","targetHints":{"allow":["GET"]}}],"collection":[{"href":"https:\/\/grandeinc.com\/en\/wp-json\/wp\/v2\/pages"}],"about":[{"href":"https:\/\/grandeinc.com\/en\/wp-json\/wp\/v2\/types\/page"}],"author":[{"embeddable":true,"href":"https:\/\/grandeinc.com\/en\/wp-json\/wp\/v2\/users\/4"}],"replies":[{"embeddable":true,"href":"https:\/\/grandeinc.com\/en\/wp-json\/wp\/v2\/comments?post=955"}],"version-history":[{"count":4,"href":"https:\/\/grandeinc.com\/en\/wp-json\/wp\/v2\/pages\/955\/revisions"}],"predecessor-version":[{"id":1196,"href":"https:\/\/grandeinc.com\/en\/wp-json\/wp\/v2\/pages\/955\/revisions\/1196"}],"up":[{"embeddable":true,"href":"https:\/\/grandeinc.com\/en\/wp-json\/wp\/v2\/pages\/712"}],"wp:attachment":[{"href":"https:\/\/grandeinc.com\/en\/wp-json\/wp\/v2\/media?parent=955"}],"curies":[{"name":"wp","href":"https:\/\/api.w.org\/{rel}","templated":true}]}}