{"id":852,"date":"2024-06-02T00:24:46","date_gmt":"2024-06-02T04:24:46","guid":{"rendered":"https:\/\/grandeinc.com\/?page_id=852"},"modified":"2024-07-15T23:35:06","modified_gmt":"2024-07-16T03:35:06","slug":"deflecteur-flottant-auto-ajustable-acu-self","status":"publish","type":"page","link":"https:\/\/grandeinc.com\/en\/produits\/retention-des-objets-flottants\/deflecteur-flottant-auto-ajustable-acu-self\/","title":{"rendered":"ACU-SELF self-Adjusting Floating deflector"},"content":{"rendered":"<section class=\"kc-elm kc-css-181872 kc_row\"><div class=\"kc-row-container  kc-container\"><div class=\"kc-wrap-columns\"><div class=\"kc-elm kc-css-394975 kc_col-sm-12 kc_column kc_col-sm-12\"><div class=\"kc-col-container\"><div class=\"kc-elm kc-css-31751 kc_row kc_row_inner\"><div class=\"kc-elm kc-css-691112 kc_col-sm-6 kc_column_inner kc_col-sm-6\"><div class=\"kc_wrapper kc-col-inner-container\"><div class=\"kc-elm kc-css-132290 kc_shortcode kc_single_image\">\n\n        <img decoding=\"async\" src=\"https:\/\/grandeinc.com\/wp-content\/uploads\/2024\/06\/acu-self-1.jpg\" class=\"\" alt=\"\" \/>    <\/div>\n<\/div><\/div><div class=\"kc-elm kc-css-319588 kc_col-sm-6 kc_column_inner kc_col-sm-6\"><div class=\"kc_wrapper kc-col-inner-container\"><div class=\"kc-elm kc-css-669057 kc_text_block\"><\/p>\n<p>The ACU-SELF self-adjusting floating deflector system is designed to prevent floating debris from entering stormwater overflow systems, combined sewer overflow (CSO) systems, sanitary sewer overflow (SSO) systems, holding tank overflows and pond overflows. The ACU-SELF can also be installed in canals or culverts where retention of floating elements is required.<\/p>\n<p>\n<\/div><\/div><\/div><\/div><div class=\"kc-elm kc-css-963212 kc_row kc_row_inner\"><div class=\"kc-elm kc-css-233070 kc_col-sm-12 kc_column_inner kc_col-sm-12\"><div class=\"kc_wrapper kc-col-inner-container\">\n<div class=\"kc-elm kc-css-706091\">\n\t<a class=\"kc_button\" href=\"\/en\/contactez-nous\/\" target=\"_self\" title=\"\" onclick=\"\">\n\t\tRequest your brochure\t<\/a>\n<\/div>\n<\/div><\/div><\/div><div class=\"kc-elm kc-css-894261 kc_row kc_row_inner\"><div class=\"kc-elm kc-css-944317 kc_col-sm-6 kc_column_inner kc_col-sm-6\"><div class=\"kc_wrapper kc-col-inner-container\"><div class=\"kc-elm kc-css-260408 kc_text_block\"><\/p>\n<h2>Features<\/h2>\n<p>-Up to 3 feet (90 cm) drain depth<\/p>\n<p>-Modular construction up to 13 ft (4 m) long<\/p>\n<p>-Increases with minimal rise in downstream water level<\/p>\n<p>-Low hydraulic resistance<\/p>\n<p>-Shipped ready to install<\/p>\n<p>-Easy to adapt to existing installations<\/p>\n<p>-Stainless steel construction<\/p>\n<p>\n<\/div><\/div><\/div><div class=\"kc-elm kc-css-303438 kc_col-sm-6 kc_column_inner kc_col-sm-6\"><div class=\"kc_wrapper kc-col-inner-container\"><div class=\"kc-elm kc-css-621488 kc_shortcode kc_single_image\">\n\n        <img decoding=\"async\" src=\"https:\/\/grandeinc.com\/wp-content\/uploads\/2024\/06\/acu-self-2.jpg\" class=\"\" alt=\"\" \/>    <\/div>\n<\/div><\/div><\/div><div class=\"kc-elm kc-css-506580 kc_row kc_row_inner\"><div class=\"kc-elm kc-css-159804 kc_col-sm-6 kc_column_inner kc_col-sm-6\"><div class=\"kc_wrapper kc-col-inner-container\"><div class=\"kc-elm kc-css-946676 kc_shortcode kc_single_image\">\n\n        <img decoding=\"async\" src=\"https:\/\/grandeinc.com\/wp-content\/uploads\/2024\/06\/acu-self-3.jpg\" class=\"\" alt=\"\" \/>    <\/div>\n<\/div><\/div><div class=\"kc-elm kc-css-969322 kc_col-sm-6 kc_column_inner kc_col-sm-6\"><div class=\"kc_wrapper kc-col-inner-container\"><div class=\"kc-elm kc-css-687973 kc_text_block\"><\/p>\n<h2>Application scope<\/h2>\n<p>The ACU-SELF self-adjusting floating deflector can vary from model GAS-S-30-* to GAS-S-90-*. The GAS-S-30-* is designed for a flow depth of 12 inches (30 cm) and measures up to a maximum of 13 feet (4 m) in length. The GAS-S-90-* is designed for a flow depth of 36 inches (90 cm) and measures up to a maximum of 13 feet (4 m) in length. ACU-SELF model selection is based solely on flow depth and channel width or weir length. Units are currently marked with an asterisk due to the wide variety of model options.<\/p>\n<p>\n<\/div><\/div><\/div><\/div><div class=\"kc-elm kc-css-159480 kc_row kc_row_inner\"><div class=\"kc-elm kc-css-58227 kc_col-sm-12 kc_column_inner kc_col-sm-12\"><div class=\"kc_wrapper kc-col-inner-container\"><div class=\"kc-elm kc-css-782043 kc_text_block\"><\/p>\n<h2>How it works<\/h2>\n<p>The ACU-SELF is a pivoting, self-adjusting stainless steel floating deflector mounted above the weir or channel bottom. In its resting position, the ACU-SELF hangs down under its own weight, preventing debris from reaching the overflow. When the deflector is more than half submerged, it pivots upwards and rises with the rising water level. Floating objects move upwards simultaneously with the water level. Due to this unique restraining effect, floating matter cannot reach the area between the deflector and the weir, and is directed to the wastewater treatment plant for CSO and SSO applications. In the case of stormwater applications, debris is retained in the channel for removal after a storm. This unique operation guarantees maximum retention of floating elements. The ACU-SELF's lightweight design makes it highly responsive to minimal changes in water level, while guaranteeing structural stability.<\/p>\n<p>\n<\/div><\/div><\/div><\/div><\/div><\/div><\/div><\/div><\/section>","protected":false},"excerpt":{"rendered":"","protected":false},"author":4,"featured_media":0,"parent":712,"menu_order":0,"comment_status":"closed","ping_status":"closed","template":"","meta":{"footnotes":""},"class_list":["post-852","page","type-page","status-publish","hentry"],"yoast_head":"<!-- This site is optimized with the Yoast SEO plugin v24.0 - https:\/\/yoast.com\/wordpress\/plugins\/seo\/ -->\n<title>D\u00e9flecteur flottant auto-ajustable ACU-SELF - Grande Gestion des Eaux<\/title>\n<meta name=\"robots\" content=\"index, follow, max-snippet:-1, max-image-preview:large, max-video-preview:-1\" \/>\n<link rel=\"canonical\" href=\"https:\/\/grandeinc.com\/en\/produits\/retention-des-objets-flottants\/deflecteur-flottant-auto-ajustable-acu-self\/\" \/>\n<meta property=\"og:locale\" content=\"en_US\" \/>\n<meta property=\"og:type\" content=\"article\" \/>\n<meta property=\"og:title\" content=\"D\u00e9flecteur flottant auto-ajustable ACU-SELF - Grande Gestion des Eaux\" \/>\n<meta property=\"og:description\" content=\"Le syst\u00e8me de d\u00e9flecteurs flottants auto-ajustables ACU-SELF est con\u00e7u pour emp\u00eacher les d\u00e9bris flottants de p\u00e9n\u00e9trer dans les syst\u00e8mes de trop-plein d&rsquo;eaux pluviales, les syst\u00e8mes de trop-plein d&rsquo;\u00e9gouts unitaires (CSO), les syst\u00e8mes de trop-plein d&rsquo;\u00e9gouts sanitaires (SSO), les trop-pleins de r\u00e9servoirs de r\u00e9tention et les trop-pleins de bassins. L&rsquo;ACU-SELF peut \u00e9galement \u00eatre install\u00e9 dans des\" \/>\n<meta property=\"og:url\" content=\"https:\/\/grandeinc.com\/en\/produits\/retention-des-objets-flottants\/deflecteur-flottant-auto-ajustable-acu-self\/\" \/>\n<meta property=\"og:site_name\" content=\"Grande Gestion des Eaux\" \/>\n<meta property=\"article:publisher\" content=\"https:\/\/www.facebook.com\/GrandeWaterManagement\" \/>\n<meta property=\"article:modified_time\" content=\"2024-07-16T03:35:06+00:00\" \/>\n<meta property=\"og:image\" content=\"http:\/\/grandeinc.com\/wp-content\/uploads\/2024\/06\/acu-self-1.jpg\" \/>\n<meta name=\"twitter:card\" content=\"summary_large_image\" \/>\n<meta name=\"twitter:label1\" content=\"Est. reading time\" \/>\n\t<meta name=\"twitter:data1\" content=\"2 minutes\" \/>\n<script type=\"application\/ld+json\" class=\"yoast-schema-graph\">{\"@context\":\"https:\/\/schema.org\",\"@graph\":[{\"@type\":\"WebPage\",\"@id\":\"https:\/\/grandeinc.com\/produits\/retention-des-objets-flottants\/deflecteur-flottant-auto-ajustable-acu-self\/\",\"url\":\"https:\/\/grandeinc.com\/produits\/retention-des-objets-flottants\/deflecteur-flottant-auto-ajustable-acu-self\/\",\"name\":\"D\u00e9flecteur flottant auto-ajustable ACU-SELF - Grande Gestion des Eaux\",\"isPartOf\":{\"@id\":\"http:\/\/grandeinc.com\/fr\/#website\"},\"primaryImageOfPage\":{\"@id\":\"https:\/\/grandeinc.com\/produits\/retention-des-objets-flottants\/deflecteur-flottant-auto-ajustable-acu-self\/#primaryimage\"},\"image\":{\"@id\":\"https:\/\/grandeinc.com\/produits\/retention-des-objets-flottants\/deflecteur-flottant-auto-ajustable-acu-self\/#primaryimage\"},\"thumbnailUrl\":\"http:\/\/grandeinc.com\/wp-content\/uploads\/2024\/06\/acu-self-1.jpg\",\"datePublished\":\"2024-06-02T04:24:46+00:00\",\"dateModified\":\"2024-07-16T03:35:06+00:00\",\"breadcrumb\":{\"@id\":\"https:\/\/grandeinc.com\/produits\/retention-des-objets-flottants\/deflecteur-flottant-auto-ajustable-acu-self\/#breadcrumb\"},\"inLanguage\":\"en-CA\",\"potentialAction\":[{\"@type\":\"ReadAction\",\"target\":[\"https:\/\/grandeinc.com\/produits\/retention-des-objets-flottants\/deflecteur-flottant-auto-ajustable-acu-self\/\"]}]},{\"@type\":\"ImageObject\",\"inLanguage\":\"en-CA\",\"@id\":\"https:\/\/grandeinc.com\/produits\/retention-des-objets-flottants\/deflecteur-flottant-auto-ajustable-acu-self\/#primaryimage\",\"url\":\"http:\/\/grandeinc.com\/wp-content\/uploads\/2024\/06\/acu-self-1.jpg\",\"contentUrl\":\"http:\/\/grandeinc.com\/wp-content\/uploads\/2024\/06\/acu-self-1.jpg\"},{\"@type\":\"BreadcrumbList\",\"@id\":\"https:\/\/grandeinc.com\/produits\/retention-des-objets-flottants\/deflecteur-flottant-auto-ajustable-acu-self\/#breadcrumb\",\"itemListElement\":[{\"@type\":\"ListItem\",\"position\":1,\"name\":\"Accueil\",\"item\":\"https:\/\/grandeinc.com\/\"},{\"@type\":\"ListItem\",\"position\":2,\"name\":\"Produits\",\"item\":\"https:\/\/grandeinc.com\/produits\/\"},{\"@type\":\"ListItem\",\"position\":3,\"name\":\"R\u00e9tention des objets flottants\",\"item\":\"https:\/\/grandeinc.com\/produits\/retention-des-objets-flottants\/\"},{\"@type\":\"ListItem\",\"position\":4,\"name\":\"D\u00e9flecteur flottant auto-ajustable ACU-SELF\"}]},{\"@type\":\"WebSite\",\"@id\":\"http:\/\/grandeinc.com\/fr\/#website\",\"url\":\"http:\/\/grandeinc.com\/fr\/\",\"name\":\"Grande Gestion des Eaux\",\"description\":\"\",\"publisher\":{\"@id\":\"http:\/\/grandeinc.com\/fr\/#organization\"},\"potentialAction\":[{\"@type\":\"SearchAction\",\"target\":{\"@type\":\"EntryPoint\",\"urlTemplate\":\"http:\/\/grandeinc.com\/fr\/?s={search_term_string}\"},\"query-input\":{\"@type\":\"PropertyValueSpecification\",\"valueRequired\":true,\"valueName\":\"search_term_string\"}}],\"inLanguage\":\"en-CA\"},{\"@type\":\"Organization\",\"@id\":\"http:\/\/grandeinc.com\/fr\/#organization\",\"name\":\"Grande Gestion des Eaux\",\"url\":\"http:\/\/grandeinc.com\/fr\/\",\"logo\":{\"@type\":\"ImageObject\",\"inLanguage\":\"en-CA\",\"@id\":\"http:\/\/grandeinc.com\/fr\/#\/schema\/logo\/image\/\",\"url\":\"https:\/\/grandeinc.com\/wp-content\/uploads\/2024\/11\/logo.png\",\"contentUrl\":\"https:\/\/grandeinc.com\/wp-content\/uploads\/2024\/11\/logo.png\",\"width\":260,\"height\":84,\"caption\":\"Grande Gestion des Eaux\"},\"image\":{\"@id\":\"http:\/\/grandeinc.com\/fr\/#\/schema\/logo\/image\/\"},\"sameAs\":[\"https:\/\/www.facebook.com\/GrandeWaterManagement\"]}]}<\/script>\n<!-- \/ Yoast SEO plugin. -->","yoast_head_json":{"title":"D\u00e9flecteur flottant auto-ajustable ACU-SELF - Grande Gestion des Eaux","robots":{"index":"index","follow":"follow","max-snippet":"max-snippet:-1","max-image-preview":"max-image-preview:large","max-video-preview":"max-video-preview:-1"},"canonical":"https:\/\/grandeinc.com\/en\/produits\/retention-des-objets-flottants\/deflecteur-flottant-auto-ajustable-acu-self\/","og_locale":"en_US","og_type":"article","og_title":"D\u00e9flecteur flottant auto-ajustable ACU-SELF - Grande Gestion des Eaux","og_description":"Le syst\u00e8me de d\u00e9flecteurs flottants auto-ajustables ACU-SELF est con\u00e7u pour emp\u00eacher les d\u00e9bris flottants de p\u00e9n\u00e9trer dans les syst\u00e8mes de trop-plein d&rsquo;eaux pluviales, les syst\u00e8mes de trop-plein d&rsquo;\u00e9gouts unitaires (CSO), les syst\u00e8mes de trop-plein d&rsquo;\u00e9gouts sanitaires (SSO), les trop-pleins de r\u00e9servoirs de r\u00e9tention et les trop-pleins de bassins. L&rsquo;ACU-SELF peut \u00e9galement \u00eatre install\u00e9 dans des","og_url":"https:\/\/grandeinc.com\/en\/produits\/retention-des-objets-flottants\/deflecteur-flottant-auto-ajustable-acu-self\/","og_site_name":"Grande Gestion des Eaux","article_publisher":"https:\/\/www.facebook.com\/GrandeWaterManagement","article_modified_time":"2024-07-16T03:35:06+00:00","og_image":[{"url":"http:\/\/grandeinc.com\/wp-content\/uploads\/2024\/06\/acu-self-1.jpg","type":"","width":"","height":""}],"twitter_card":"summary_large_image","twitter_misc":{"Est. reading time":"2 minutes"},"schema":{"@context":"https:\/\/schema.org","@graph":[{"@type":"WebPage","@id":"https:\/\/grandeinc.com\/produits\/retention-des-objets-flottants\/deflecteur-flottant-auto-ajustable-acu-self\/","url":"https:\/\/grandeinc.com\/produits\/retention-des-objets-flottants\/deflecteur-flottant-auto-ajustable-acu-self\/","name":"D\u00e9flecteur flottant auto-ajustable ACU-SELF - Grande Gestion des Eaux","isPartOf":{"@id":"http:\/\/grandeinc.com\/fr\/#website"},"primaryImageOfPage":{"@id":"https:\/\/grandeinc.com\/produits\/retention-des-objets-flottants\/deflecteur-flottant-auto-ajustable-acu-self\/#primaryimage"},"image":{"@id":"https:\/\/grandeinc.com\/produits\/retention-des-objets-flottants\/deflecteur-flottant-auto-ajustable-acu-self\/#primaryimage"},"thumbnailUrl":"http:\/\/grandeinc.com\/wp-content\/uploads\/2024\/06\/acu-self-1.jpg","datePublished":"2024-06-02T04:24:46+00:00","dateModified":"2024-07-16T03:35:06+00:00","breadcrumb":{"@id":"https:\/\/grandeinc.com\/produits\/retention-des-objets-flottants\/deflecteur-flottant-auto-ajustable-acu-self\/#breadcrumb"},"inLanguage":"en-CA","potentialAction":[{"@type":"ReadAction","target":["https:\/\/grandeinc.com\/produits\/retention-des-objets-flottants\/deflecteur-flottant-auto-ajustable-acu-self\/"]}]},{"@type":"ImageObject","inLanguage":"en-CA","@id":"https:\/\/grandeinc.com\/produits\/retention-des-objets-flottants\/deflecteur-flottant-auto-ajustable-acu-self\/#primaryimage","url":"http:\/\/grandeinc.com\/wp-content\/uploads\/2024\/06\/acu-self-1.jpg","contentUrl":"http:\/\/grandeinc.com\/wp-content\/uploads\/2024\/06\/acu-self-1.jpg"},{"@type":"BreadcrumbList","@id":"https:\/\/grandeinc.com\/produits\/retention-des-objets-flottants\/deflecteur-flottant-auto-ajustable-acu-self\/#breadcrumb","itemListElement":[{"@type":"ListItem","position":1,"name":"Accueil","item":"https:\/\/grandeinc.com\/"},{"@type":"ListItem","position":2,"name":"Produits","item":"https:\/\/grandeinc.com\/produits\/"},{"@type":"ListItem","position":3,"name":"R\u00e9tention des objets flottants","item":"https:\/\/grandeinc.com\/produits\/retention-des-objets-flottants\/"},{"@type":"ListItem","position":4,"name":"D\u00e9flecteur flottant auto-ajustable ACU-SELF"}]},{"@type":"WebSite","@id":"http:\/\/grandeinc.com\/fr\/#website","url":"http:\/\/grandeinc.com\/fr\/","name":"Grande Gestion des Eaux","description":"","publisher":{"@id":"http:\/\/grandeinc.com\/fr\/#organization"},"potentialAction":[{"@type":"SearchAction","target":{"@type":"EntryPoint","urlTemplate":"http:\/\/grandeinc.com\/fr\/?s={search_term_string}"},"query-input":{"@type":"PropertyValueSpecification","valueRequired":true,"valueName":"search_term_string"}}],"inLanguage":"en-CA"},{"@type":"Organization","@id":"http:\/\/grandeinc.com\/fr\/#organization","name":"Grande Gestion des Eaux","url":"http:\/\/grandeinc.com\/fr\/","logo":{"@type":"ImageObject","inLanguage":"en-CA","@id":"http:\/\/grandeinc.com\/fr\/#\/schema\/logo\/image\/","url":"https:\/\/grandeinc.com\/wp-content\/uploads\/2024\/11\/logo.png","contentUrl":"https:\/\/grandeinc.com\/wp-content\/uploads\/2024\/11\/logo.png","width":260,"height":84,"caption":"Grande Gestion des Eaux"},"image":{"@id":"http:\/\/grandeinc.com\/fr\/#\/schema\/logo\/image\/"},"sameAs":["https:\/\/www.facebook.com\/GrandeWaterManagement"]}]}},"_links":{"self":[{"href":"https:\/\/grandeinc.com\/en\/wp-json\/wp\/v2\/pages\/852","targetHints":{"allow":["GET"]}}],"collection":[{"href":"https:\/\/grandeinc.com\/en\/wp-json\/wp\/v2\/pages"}],"about":[{"href":"https:\/\/grandeinc.com\/en\/wp-json\/wp\/v2\/types\/page"}],"author":[{"embeddable":true,"href":"https:\/\/grandeinc.com\/en\/wp-json\/wp\/v2\/users\/4"}],"replies":[{"embeddable":true,"href":"https:\/\/grandeinc.com\/en\/wp-json\/wp\/v2\/comments?post=852"}],"version-history":[{"count":6,"href":"https:\/\/grandeinc.com\/en\/wp-json\/wp\/v2\/pages\/852\/revisions"}],"predecessor-version":[{"id":1198,"href":"https:\/\/grandeinc.com\/en\/wp-json\/wp\/v2\/pages\/852\/revisions\/1198"}],"up":[{"embeddable":true,"href":"https:\/\/grandeinc.com\/en\/wp-json\/wp\/v2\/pages\/712"}],"wp:attachment":[{"href":"https:\/\/grandeinc.com\/en\/wp-json\/wp\/v2\/media?parent=852"}],"curies":[{"name":"wp","href":"https:\/\/api.w.org\/{rel}","templated":true}]}}