{"id":837,"date":"2024-06-02T22:18:54","date_gmt":"2024-06-03T02:18:54","guid":{"rendered":"https:\/\/grandeinc.com\/?page_id=837"},"modified":"2024-07-15T23:31:14","modified_gmt":"2024-07-16T03:31:14","slug":"acu-screen-ecran-de-trop-plein-a-fentes-fines","status":"publish","type":"page","link":"https:\/\/grandeinc.com\/en\/produits\/degrilleur-de-debordement-3\/acu-screen-ecran-de-trop-plein-a-fentes-fines\/","title":{"rendered":"ACU-SCREEN (slotted overflow screen)"},"content":{"rendered":"<p><section class=\"kc-elm kc-css-477673 kc_row\"><div class=\"kc-row-container  kc-container\"><div class=\"kc-wrap-columns\"><div class=\"kc-elm kc-css-615172 kc_col-sm-12 kc_column kc_col-sm-12\"><div class=\"kc-col-container\"><div class=\"kc-elm kc-css-637532 kc_row kc_row_inner\"><div class=\"kc-elm kc-css-625866 kc_col-sm-6 kc_column_inner kc_col-sm-6\"><div class=\"kc_wrapper kc-col-inner-container\"><div class=\"kc-elm kc-css-227580 kc_shortcode kc_single_image\">\n\n        <img decoding=\"async\" src=\"https:\/\/grandeinc.com\/wp-content\/uploads\/2024\/06\/acu-screen-01.jpg\" class=\"\" alt=\"\" \/>    <\/div>\n<\/div><\/div><div class=\"kc-elm kc-css-729780 kc_col-sm-6 kc_column_inner kc_col-sm-6\"><div class=\"kc_wrapper kc-col-inner-container\"><div class=\"kc-elm kc-css-148344 kc_text_block\"><\/p>\n<p>\nThe ACU-SCREEN fine-slotted overflow screen system is designed to remove debris from stormwater overflow systems, combined sewer overflow (CSO) systems and sanitary sewer overflow (SSO) systems. The ACU-SCREEN fine-slotted screen offers an economical and effective solution for protection against floating and suspended matter entering receiving streams.\n\n\nThe ACU-SCREEN fine-slotted screen is designed for installation on stormwater weirs, decanter weirs, CSO weirs and flood discharge weirs. The ACU-SCREEN's modular design makes it suitable for any type of overflow system, and is easy to install in existing structures.<\/p>\n<p>The ACU-SCREEN fine-slotted screen is designed for installation on stormwater overflows, decanter overflows, CSO overflows and flood discharge overflows. The ACU-SCREEN's modular design makes it suitable for any type of overflow system, and is easy to install in existing structures.<\/p>\n<p>\n<\/div><\/div><\/div><\/div>\n<div class=\"kc-elm kc-css-289592\">\n\t<a class=\"kc_button\" href=\"\/en\/contactez-nous\/\" target=\"_self\" title=\"\" onclick=\"#\">\n\t\tRequest your brochure\t<\/a>\n<\/div>\n<div class=\"kc-elm kc-css-383192 kc_row kc_row_inner\"><div class=\"kc-elm kc-css-192090 kc_col-sm-6 kc_column_inner kc_col-sm-6\"><div class=\"kc_wrapper kc-col-inner-container\"><div class=\"kc-elm kc-css-490835 kc_text_block\"><\/p>\n<h2>Features<\/h2>\n<p>-Retention of all solids greater than 3\/16 inch (5 mm)<\/p>\n<p>-The drive mechanism is never submerged<\/p>\n<p>-Slotted openings minimize head loss<\/p>\n<p>-The self-adjusting brush cleans surfaces in both directions<\/p>\n<p>-Only biodegradable hydraulic fluid is used<\/p>\n<p>-Can be installed in any position<\/p>\n<p>-Can be combined with ACU-BEND<\/p>\n<p>-Can be powered by an electric gearmotor<\/p>\n<p>-Can be powered by a hydraulic wheel<\/p>\n<p>-Easy to adapt to existing installations<\/p>\n<p>-Stainless steel construction<\/p>\n<p>\n<\/div><\/div><\/div><div class=\"kc-elm kc-css-17739 kc_col-sm-6 kc_column_inner kc_col-sm-6\"><div class=\"kc_wrapper kc-col-inner-container\"><div class=\"kc-elm kc-css-799948 kc-raw-code\"><iframe loading=\"lazy\" width=\"560\" height=\"315\" src=\"https:\/\/www.youtube.com\/embed\/g1VCeRXL_Hg?si=CEG2SKxLuIGDrzVs\" title=\"YouTube video player\" frameborder=\"0\" allow=\"accelerometer; autoplay; clipboard-write; encrypted-media; gyroscope; picture-in-picture; web-share\" referrerpolicy=\"strict-origin-when-cross-origin\" allowfullscreen><\/iframe><\/div><div class=\"kc-elm kc-css-404793 kc-raw-code\"><iframe loading=\"lazy\" width=\"560\" height=\"315\" src=\"https:\/\/www.youtube.com\/embed\/J8_4qRf0nl0?si=skhJdzhlAQZ8Ww6I\" title=\"YouTube video player\" frameborder=\"0\" allow=\"accelerometer; autoplay; clipboard-write; encrypted-media; gyroscope; picture-in-picture; web-share\" referrerpolicy=\"strict-origin-when-cross-origin\" allowfullscreen><\/iframe><\/div><\/div><\/div><\/div><div class=\"kc-elm kc-css-36619 kc_row kc_row_inner\"><div class=\"kc-elm kc-css-543403 kc_col-sm-6 kc_column_inner kc_col-sm-6\"><div class=\"kc_wrapper kc-col-inner-container\"><div class=\"kc-elm kc-css-127961 kc_shortcode kc_single_image\">\n\n        <img decoding=\"async\" src=\"https:\/\/grandeinc.com\/wp-content\/uploads\/2024\/06\/acu-screen-02.jpg\" class=\"\" alt=\"\" \/>    <\/div>\n<\/div><\/div><div class=\"kc-elm kc-css-670249 kc_col-sm-6 kc_column_inner kc_col-sm-6\"><div class=\"kc_wrapper kc-col-inner-container\">\n<div class=\"kc-elm kc-css-233846 kc-title-wrap\">\n\n\t<h2 class=\"kc_title\">Application scope<\/h2>\n<\/div>\n<div class=\"kc-elm kc-css-401431 kc_text_block\"><\/p>\n<p>\n-The ACU-SCREEN fine-slotted overflow screen system models vary in orientation, drive mechanism, number of modules and overall length. Models are designated GAS-***-***. Units are modular in design, with a single unit measuring up to 30 feet (9 m) in length. Units are currently designated with an asterisk, due to the wide variety of model options.<\/p>\n<p>\n<\/div><\/div><\/div><\/div><div class=\"kc-elm kc-css-244210 kc_row kc_row_inner\"><div class=\"kc-elm kc-css-428732 kc_col-sm-6 kc_column_inner kc_col-sm-6\"><div class=\"kc_wrapper kc-col-inner-container\"><div class=\"kc-elm kc-css-497546 kc_text_block\"><\/p>\n<h2>How it works<\/h2>\n<p>The ACU-SCREEN fine-slotted screen system is designed around a special stainless steel slotted screen surface. The standard screen opening is 3\/16\u201c x 1\u201d with a total free area of 50%, providing the highest possible degree of solids retention while minimizing pressure drop. Other screen sizes are available.<\/p>\n<p>During overflow, the ACU-SCREEN fine-slotted screen is continuously cleaned, no more frequently than every 15 seconds, by the back-and-forth movement of the cleaning brush. As a result, there should be no clogging of the screening surface. The cleaning mechanism of ACU-SCREEN fine slot screens is usually driven by a hydraulic motor, which in turn is powered by a hydraulic power unit. A weighted, self-adjusting brush, attached to the guide carriage, is driven back and forth over the screening surface, pushing any retained solids into the storage areas, located at each end of the screening modules. Retained solids are discharged into the wastewater stream at the end of an overflow and transported to the wastewater treatment plant for disposal.<\/p>\n<p>The preferred installation orientation of the ACU-SCREEN is horizontal to minimize pressure drop. The ACU-SCREEN can be installed in a vertical position if required, to reduce space requirements. Diagonal installation is required when the ACU-SCREEN fine-slotted screen is used in conjunction with the ACU-BEND bending weir to maximize in-situ storage and minimize overflow events.<\/p>\n<p>The ACU-SCREEN fine-slotted screen cleaning mechanism can be driven by an electric geared motor, or without the need for external power when powered by the hydraulic impeller system.<\/p>\n<p>\n<\/div><\/div><\/div><div class=\"kc-elm kc-css-331325 kc_col-sm-6 kc_column_inner kc_col-sm-6\"><div class=\"kc_wrapper kc-col-inner-container\"><div class=\"kc-elm kc-css-205544 kc_shortcode kc_single_image\">\n\n        <img decoding=\"async\" src=\"https:\/\/grandeinc.com\/wp-content\/uploads\/2024\/06\/acu-screen-03.jpg\" class=\"\" alt=\"\" \/>    <\/div>\n<\/div><\/div><\/div><div class=\"kc-elm kc-css-105051 kc_row kc_row_inner\"><div class=\"kc-elm kc-css-856834 kc_col-sm-3 kc_column_inner kc_col-sm-3\"><div class=\"kc_wrapper kc-col-inner-container\"><div class=\"kc-elm kc-css-614273 kc_shortcode kc_single_image\">\n\n        <img decoding=\"async\" src=\"https:\/\/grandeinc.com\/wp-content\/uploads\/2024\/06\/acu-screen-04.jpg\" class=\"\" alt=\"\" \/>    <\/div>\n<\/div><\/div><div class=\"kc-elm kc-css-522339 kc_col-sm-3 kc_column_inner kc_col-sm-3\"><div class=\"kc_wrapper kc-col-inner-container\"><div class=\"kc-elm kc-css-626462 kc_shortcode kc_single_image\">\n\n        <img decoding=\"async\" src=\"https:\/\/grandeinc.com\/wp-content\/uploads\/2024\/06\/acu-screen-05.jpg\" class=\"\" alt=\"\" \/>    <\/div>\n<\/div><\/div><div class=\"kc-elm kc-css-340416 kc_col-sm-3 kc_column_inner kc_col-sm-3\"><div class=\"kc_wrapper kc-col-inner-container\"><div class=\"kc-elm kc-css-210094 kc_shortcode kc_single_image\">\n\n        <img decoding=\"async\" src=\"https:\/\/grandeinc.com\/wp-content\/uploads\/2024\/06\/acu-screen-06.jpg\" class=\"\" alt=\"\" \/>    <\/div>\n<\/div><\/div><div class=\"kc-elm kc-css-453018 kc_col-sm-3 kc_column_inner kc_col-sm-3\"><div class=\"kc_wrapper kc-col-inner-container\"><div class=\"kc-elm kc-css-352653 kc_shortcode kc_single_image\">\n\n        <img decoding=\"async\" src=\"https:\/\/grandeinc.com\/wp-content\/uploads\/2024\/06\/acu-screen-07.jpg\" class=\"\" alt=\"\" \/>    <\/div>\n<\/div><\/div><\/div><\/div><\/div><\/div><\/div><\/section><section class=\"kc-elm kc-css-867090 kc_row\"><div class=\"kc-row-container  kc-container\"><div class=\"kc-wrap-columns\"><div class=\"kc-elm kc-css-900225 kc_col-sm-12 kc_column kc_col-sm-12\"><div class=\"kc-col-container\"><\/div><\/div><\/div><\/div><\/section><\/p>","protected":false},"excerpt":{"rendered":"","protected":false},"author":4,"featured_media":0,"parent":590,"menu_order":0,"comment_status":"closed","ping_status":"closed","template":"","meta":{"footnotes":""},"class_list":["post-837","page","type-page","status-publish","hentry"],"yoast_head":"<!-- This site is optimized with the Yoast SEO plugin v24.0 - https:\/\/yoast.com\/wordpress\/plugins\/seo\/ -->\n<title>ACU-SCREEN (\u00e9cran de trop-plein \u00e0 fentes fines) - Grande Gestion des Eaux<\/title>\n<meta name=\"robots\" content=\"index, follow, max-snippet:-1, max-image-preview:large, max-video-preview:-1\" \/>\n<link rel=\"canonical\" href=\"https:\/\/grandeinc.com\/en\/produits\/degrilleur-de-debordement-3\/acu-screen-ecran-de-trop-plein-a-fentes-fines\/\" \/>\n<meta property=\"og:locale\" content=\"en_US\" \/>\n<meta property=\"og:type\" content=\"article\" \/>\n<meta property=\"og:title\" content=\"ACU-SCREEN (\u00e9cran de trop-plein \u00e0 fentes fines) - Grande Gestion des Eaux\" \/>\n<meta property=\"og:description\" content=\"Le syst\u00e8me de tamis de trop-plein \u00e0 fentes fines ACU-SCREEN est con\u00e7u pour \u00e9liminer les d\u00e9bris des syst\u00e8mes de trop-plein d&rsquo;eaux pluviales, des syst\u00e8mes de trop-plein d&rsquo;\u00e9gouts unitaires (CSO) et des syst\u00e8mes de trop-plein d&rsquo;\u00e9gouts sanitaires (SSO). Le tamis \u00e0 fentes fines ACU-SCREEN offre une solution \u00e9conomique et efficace pour se prot\u00e9ger contre les mati\u00e8res\" \/>\n<meta property=\"og:url\" content=\"https:\/\/grandeinc.com\/en\/produits\/degrilleur-de-debordement-3\/acu-screen-ecran-de-trop-plein-a-fentes-fines\/\" \/>\n<meta property=\"og:site_name\" content=\"Grande Gestion des Eaux\" \/>\n<meta property=\"article:publisher\" content=\"https:\/\/www.facebook.com\/GrandeWaterManagement\" \/>\n<meta property=\"article:modified_time\" content=\"2024-07-16T03:31:14+00:00\" \/>\n<meta property=\"og:image\" content=\"http:\/\/grandeinc.com\/wp-content\/uploads\/2024\/06\/acu-screen-01.jpg\" \/>\n<meta name=\"twitter:card\" content=\"summary_large_image\" \/>\n<meta name=\"twitter:label1\" content=\"Est. reading time\" \/>\n\t<meta name=\"twitter:data1\" content=\"3 minutes\" \/>\n<script type=\"application\/ld+json\" class=\"yoast-schema-graph\">{\"@context\":\"https:\/\/schema.org\",\"@graph\":[{\"@type\":\"WebPage\",\"@id\":\"https:\/\/grandeinc.com\/produits\/degrilleur-de-debordement-3\/acu-screen-ecran-de-trop-plein-a-fentes-fines\/\",\"url\":\"https:\/\/grandeinc.com\/produits\/degrilleur-de-debordement-3\/acu-screen-ecran-de-trop-plein-a-fentes-fines\/\",\"name\":\"ACU-SCREEN (\u00e9cran de trop-plein \u00e0 fentes fines) - Grande Gestion des Eaux\",\"isPartOf\":{\"@id\":\"http:\/\/grandeinc.com\/fr\/#website\"},\"primaryImageOfPage\":{\"@id\":\"https:\/\/grandeinc.com\/produits\/degrilleur-de-debordement-3\/acu-screen-ecran-de-trop-plein-a-fentes-fines\/#primaryimage\"},\"image\":{\"@id\":\"https:\/\/grandeinc.com\/produits\/degrilleur-de-debordement-3\/acu-screen-ecran-de-trop-plein-a-fentes-fines\/#primaryimage\"},\"thumbnailUrl\":\"http:\/\/grandeinc.com\/wp-content\/uploads\/2024\/06\/acu-screen-01.jpg\",\"datePublished\":\"2024-06-03T02:18:54+00:00\",\"dateModified\":\"2024-07-16T03:31:14+00:00\",\"breadcrumb\":{\"@id\":\"https:\/\/grandeinc.com\/produits\/degrilleur-de-debordement-3\/acu-screen-ecran-de-trop-plein-a-fentes-fines\/#breadcrumb\"},\"inLanguage\":\"en-CA\",\"potentialAction\":[{\"@type\":\"ReadAction\",\"target\":[\"https:\/\/grandeinc.com\/produits\/degrilleur-de-debordement-3\/acu-screen-ecran-de-trop-plein-a-fentes-fines\/\"]}]},{\"@type\":\"ImageObject\",\"inLanguage\":\"en-CA\",\"@id\":\"https:\/\/grandeinc.com\/produits\/degrilleur-de-debordement-3\/acu-screen-ecran-de-trop-plein-a-fentes-fines\/#primaryimage\",\"url\":\"http:\/\/grandeinc.com\/wp-content\/uploads\/2024\/06\/acu-screen-01.jpg\",\"contentUrl\":\"http:\/\/grandeinc.com\/wp-content\/uploads\/2024\/06\/acu-screen-01.jpg\"},{\"@type\":\"BreadcrumbList\",\"@id\":\"https:\/\/grandeinc.com\/produits\/degrilleur-de-debordement-3\/acu-screen-ecran-de-trop-plein-a-fentes-fines\/#breadcrumb\",\"itemListElement\":[{\"@type\":\"ListItem\",\"position\":1,\"name\":\"Accueil\",\"item\":\"https:\/\/grandeinc.com\/\"},{\"@type\":\"ListItem\",\"position\":2,\"name\":\"Produits\",\"item\":\"https:\/\/grandeinc.com\/produits\/\"},{\"@type\":\"ListItem\",\"position\":3,\"name\":\"D\u00e9grilleur de d\u00e9bordement\",\"item\":\"https:\/\/grandeinc.com\/produits\/degrilleur-de-debordement-3\/\"},{\"@type\":\"ListItem\",\"position\":4,\"name\":\"ACU-SCREEN (\u00e9cran de trop-plein \u00e0 fentes fines)\"}]},{\"@type\":\"WebSite\",\"@id\":\"http:\/\/grandeinc.com\/fr\/#website\",\"url\":\"http:\/\/grandeinc.com\/fr\/\",\"name\":\"Grande Gestion des Eaux\",\"description\":\"\",\"publisher\":{\"@id\":\"http:\/\/grandeinc.com\/fr\/#organization\"},\"potentialAction\":[{\"@type\":\"SearchAction\",\"target\":{\"@type\":\"EntryPoint\",\"urlTemplate\":\"http:\/\/grandeinc.com\/fr\/?s={search_term_string}\"},\"query-input\":{\"@type\":\"PropertyValueSpecification\",\"valueRequired\":true,\"valueName\":\"search_term_string\"}}],\"inLanguage\":\"en-CA\"},{\"@type\":\"Organization\",\"@id\":\"http:\/\/grandeinc.com\/fr\/#organization\",\"name\":\"Grande Gestion des Eaux\",\"url\":\"http:\/\/grandeinc.com\/fr\/\",\"logo\":{\"@type\":\"ImageObject\",\"inLanguage\":\"en-CA\",\"@id\":\"http:\/\/grandeinc.com\/fr\/#\/schema\/logo\/image\/\",\"url\":\"https:\/\/grandeinc.com\/wp-content\/uploads\/2024\/11\/logo.png\",\"contentUrl\":\"https:\/\/grandeinc.com\/wp-content\/uploads\/2024\/11\/logo.png\",\"width\":260,\"height\":84,\"caption\":\"Grande Gestion des Eaux\"},\"image\":{\"@id\":\"http:\/\/grandeinc.com\/fr\/#\/schema\/logo\/image\/\"},\"sameAs\":[\"https:\/\/www.facebook.com\/GrandeWaterManagement\"]}]}<\/script>\n<!-- \/ Yoast SEO plugin. -->","yoast_head_json":{"title":"ACU-SCREEN (\u00e9cran de trop-plein \u00e0 fentes fines) - Grande Gestion des Eaux","robots":{"index":"index","follow":"follow","max-snippet":"max-snippet:-1","max-image-preview":"max-image-preview:large","max-video-preview":"max-video-preview:-1"},"canonical":"https:\/\/grandeinc.com\/en\/produits\/degrilleur-de-debordement-3\/acu-screen-ecran-de-trop-plein-a-fentes-fines\/","og_locale":"en_US","og_type":"article","og_title":"ACU-SCREEN (\u00e9cran de trop-plein \u00e0 fentes fines) - Grande Gestion des Eaux","og_description":"Le syst\u00e8me de tamis de trop-plein \u00e0 fentes fines ACU-SCREEN est con\u00e7u pour \u00e9liminer les d\u00e9bris des syst\u00e8mes de trop-plein d&rsquo;eaux pluviales, des syst\u00e8mes de trop-plein d&rsquo;\u00e9gouts unitaires (CSO) et des syst\u00e8mes de trop-plein d&rsquo;\u00e9gouts sanitaires (SSO). Le tamis \u00e0 fentes fines ACU-SCREEN offre une solution \u00e9conomique et efficace pour se prot\u00e9ger contre les mati\u00e8res","og_url":"https:\/\/grandeinc.com\/en\/produits\/degrilleur-de-debordement-3\/acu-screen-ecran-de-trop-plein-a-fentes-fines\/","og_site_name":"Grande Gestion des Eaux","article_publisher":"https:\/\/www.facebook.com\/GrandeWaterManagement","article_modified_time":"2024-07-16T03:31:14+00:00","og_image":[{"url":"http:\/\/grandeinc.com\/wp-content\/uploads\/2024\/06\/acu-screen-01.jpg","type":"","width":"","height":""}],"twitter_card":"summary_large_image","twitter_misc":{"Est. reading time":"3 minutes"},"schema":{"@context":"https:\/\/schema.org","@graph":[{"@type":"WebPage","@id":"https:\/\/grandeinc.com\/produits\/degrilleur-de-debordement-3\/acu-screen-ecran-de-trop-plein-a-fentes-fines\/","url":"https:\/\/grandeinc.com\/produits\/degrilleur-de-debordement-3\/acu-screen-ecran-de-trop-plein-a-fentes-fines\/","name":"ACU-SCREEN (\u00e9cran de trop-plein \u00e0 fentes fines) - Grande Gestion des Eaux","isPartOf":{"@id":"http:\/\/grandeinc.com\/fr\/#website"},"primaryImageOfPage":{"@id":"https:\/\/grandeinc.com\/produits\/degrilleur-de-debordement-3\/acu-screen-ecran-de-trop-plein-a-fentes-fines\/#primaryimage"},"image":{"@id":"https:\/\/grandeinc.com\/produits\/degrilleur-de-debordement-3\/acu-screen-ecran-de-trop-plein-a-fentes-fines\/#primaryimage"},"thumbnailUrl":"http:\/\/grandeinc.com\/wp-content\/uploads\/2024\/06\/acu-screen-01.jpg","datePublished":"2024-06-03T02:18:54+00:00","dateModified":"2024-07-16T03:31:14+00:00","breadcrumb":{"@id":"https:\/\/grandeinc.com\/produits\/degrilleur-de-debordement-3\/acu-screen-ecran-de-trop-plein-a-fentes-fines\/#breadcrumb"},"inLanguage":"en-CA","potentialAction":[{"@type":"ReadAction","target":["https:\/\/grandeinc.com\/produits\/degrilleur-de-debordement-3\/acu-screen-ecran-de-trop-plein-a-fentes-fines\/"]}]},{"@type":"ImageObject","inLanguage":"en-CA","@id":"https:\/\/grandeinc.com\/produits\/degrilleur-de-debordement-3\/acu-screen-ecran-de-trop-plein-a-fentes-fines\/#primaryimage","url":"http:\/\/grandeinc.com\/wp-content\/uploads\/2024\/06\/acu-screen-01.jpg","contentUrl":"http:\/\/grandeinc.com\/wp-content\/uploads\/2024\/06\/acu-screen-01.jpg"},{"@type":"BreadcrumbList","@id":"https:\/\/grandeinc.com\/produits\/degrilleur-de-debordement-3\/acu-screen-ecran-de-trop-plein-a-fentes-fines\/#breadcrumb","itemListElement":[{"@type":"ListItem","position":1,"name":"Accueil","item":"https:\/\/grandeinc.com\/"},{"@type":"ListItem","position":2,"name":"Produits","item":"https:\/\/grandeinc.com\/produits\/"},{"@type":"ListItem","position":3,"name":"D\u00e9grilleur de d\u00e9bordement","item":"https:\/\/grandeinc.com\/produits\/degrilleur-de-debordement-3\/"},{"@type":"ListItem","position":4,"name":"ACU-SCREEN (\u00e9cran de trop-plein \u00e0 fentes fines)"}]},{"@type":"WebSite","@id":"http:\/\/grandeinc.com\/fr\/#website","url":"http:\/\/grandeinc.com\/fr\/","name":"Grande Gestion des Eaux","description":"","publisher":{"@id":"http:\/\/grandeinc.com\/fr\/#organization"},"potentialAction":[{"@type":"SearchAction","target":{"@type":"EntryPoint","urlTemplate":"http:\/\/grandeinc.com\/fr\/?s={search_term_string}"},"query-input":{"@type":"PropertyValueSpecification","valueRequired":true,"valueName":"search_term_string"}}],"inLanguage":"en-CA"},{"@type":"Organization","@id":"http:\/\/grandeinc.com\/fr\/#organization","name":"Grande Gestion des Eaux","url":"http:\/\/grandeinc.com\/fr\/","logo":{"@type":"ImageObject","inLanguage":"en-CA","@id":"http:\/\/grandeinc.com\/fr\/#\/schema\/logo\/image\/","url":"https:\/\/grandeinc.com\/wp-content\/uploads\/2024\/11\/logo.png","contentUrl":"https:\/\/grandeinc.com\/wp-content\/uploads\/2024\/11\/logo.png","width":260,"height":84,"caption":"Grande Gestion des Eaux"},"image":{"@id":"http:\/\/grandeinc.com\/fr\/#\/schema\/logo\/image\/"},"sameAs":["https:\/\/www.facebook.com\/GrandeWaterManagement"]}]}},"_links":{"self":[{"href":"https:\/\/grandeinc.com\/en\/wp-json\/wp\/v2\/pages\/837","targetHints":{"allow":["GET"]}}],"collection":[{"href":"https:\/\/grandeinc.com\/en\/wp-json\/wp\/v2\/pages"}],"about":[{"href":"https:\/\/grandeinc.com\/en\/wp-json\/wp\/v2\/types\/page"}],"author":[{"embeddable":true,"href":"https:\/\/grandeinc.com\/en\/wp-json\/wp\/v2\/users\/4"}],"replies":[{"embeddable":true,"href":"https:\/\/grandeinc.com\/en\/wp-json\/wp\/v2\/comments?post=837"}],"version-history":[{"count":16,"href":"https:\/\/grandeinc.com\/en\/wp-json\/wp\/v2\/pages\/837\/revisions"}],"predecessor-version":[{"id":1225,"href":"https:\/\/grandeinc.com\/en\/wp-json\/wp\/v2\/pages\/837\/revisions\/1225"}],"up":[{"embeddable":true,"href":"https:\/\/grandeinc.com\/en\/wp-json\/wp\/v2\/pages\/590"}],"wp:attachment":[{"href":"https:\/\/grandeinc.com\/en\/wp-json\/wp\/v2\/media?parent=837"}],"curies":[{"name":"wp","href":"https:\/\/api.w.org\/{rel}","templated":true}]}}