{"id":8,"date":"2024-06-07T03:17:27","date_gmt":"2024-06-07T07:17:27","guid":{"rendered":"https:\/\/grandeinc.com\/?page_id=8"},"modified":"2024-12-02T15:16:06","modified_gmt":"2024-12-02T20:16:06","slug":"produits","status":"publish","type":"page","link":"https:\/\/grandeinc.com\/en\/produits\/","title":{"rendered":"Products"},"content":{"rendered":"<p><section data-kc-equalheight=\"true\" data-kc-equalheight-align=\"middle\" class=\"kc-elm kc-css-476300 kc-animated kc-animate-eff-fadeInUp kc_row\"><div class=\"kc-row-container  kc-container\"><div class=\"kc-wrap-columns\"><div class=\"kc-elm kc-css-246344 kc_col-sm-3 kc_column kc_col-sm-3\"><div class=\"kc-col-container\"><div class=\"kc-elm kc-css-276959 kc-feature-boxes kc-fb-layout-2\">\n\n\t<figure class=\"content-image\"><img decoding=\"async\" src=\"https:\/\/grandeinc.com\/wp-content\/uploads\/2024\/05\/Rincage-des-reservoirs-et-des-egouts.jpg\" alt=\"\"><\/figure><div class=\"content-title\">Tank &amp; Sewer Flushing<\/div><div class=\"content-button\"><a href=\"\/en\/produits\/rincage-des-reservoirs-et-des-egouts-2\/\" target=\"_self\" title=\"\">Learn more<\/a><\/div>\n<\/div>\n<\/div><\/div><div class=\"kc-elm kc-css-251266 kc_col-sm-3 kc_column kc_col-sm-3\"><div class=\"kc-col-container\"><div class=\"kc-elm kc-css-352424 kc-feature-boxes kc-fb-layout-2\">\n\n\t<figure class=\"content-image\"><img decoding=\"async\" src=\"https:\/\/grandeinc.com\/wp-content\/uploads\/2024\/05\/Controle-de-debordement.jpg\" alt=\"\"><\/figure><div class=\"content-title\">Overflow management<\/div><div class=\"content-button\"><a href=\"\/en\/produits\/gestion-des-debordements\/\" target=\"_self\" title=\"\">Learn more<\/a><\/div>\n<\/div>\n<\/div><\/div><div class=\"kc-elm kc-css-792628 kc_col-sm-3 kc_column kc_col-sm-3\"><div class=\"kc-col-container\"><div class=\"kc-elm kc-css-372814 kc-feature-boxes kc-fb-layout-2\">\n\n\t<figure class=\"content-image\"><img decoding=\"async\" src=\"https:\/\/grandeinc.com\/wp-content\/uploads\/2024\/06\/Depistage-Des-Debordements.jpg\" alt=\"\"><\/figure><div class=\"content-title\">Overflow Screening<\/div><div class=\"content-button\"><a href=\"\/en\/produits\/controle-de-debordement-3\/\" target=\"_self\" title=\"\">Learn more<\/a><\/div>\n<\/div>\n<\/div><\/div><div class=\"kc-elm kc-css-822275 kc_col-sm-3 kc_column kc_col-sm-3\"><div class=\"kc-col-container\"><div class=\"kc-elm kc-css-992686 kc-feature-boxes kc-fb-layout-2\">\n\n\t<figure class=\"content-image\"><img decoding=\"async\" src=\"https:\/\/grandeinc.com\/wp-content\/uploads\/2024\/05\/regulation.jpg\" alt=\"\"><\/figure><div class=\"content-title\">Flow Regulation<\/div><div class=\"content-button\"><a href=\"\/en\/produits\/regulation-de-debit\/\" target=\"_self\" title=\"\">Learn more<\/a><\/div>\n<\/div>\n<\/div><\/div><\/div><\/div><\/section><section data-kc-equalheight=\"true\" data-kc-equalheight-align=\"middle\" class=\"kc-elm kc-css-517979 kc-animated kc-animate-eff-fadeInUp kc_row\"><div class=\"kc-row-container  kc-container\"><div class=\"kc-wrap-columns\"><div class=\"kc-elm kc-css-722117 kc_col-sm-3 kc_column kc_col-sm-3\"><div class=\"kc-col-container\"><div class=\"kc-elm kc-css-517412 kc-feature-boxes kc-fb-layout-2\">\n\n\t<figure class=\"content-image\"><img decoding=\"async\" src=\"https:\/\/grandeinc.com\/wp-content\/uploads\/2024\/05\/protection.jpg\" alt=\"\"><\/figure><div class=\"content-title\">Backflow prevention<\/div><div class=\"content-button\"><a href=\"\/en\/produits\/prevention-de-reflux\/\" target=\"_self\" title=\"\">Learn more<\/a><\/div>\n<\/div>\n<\/div><\/div><div class=\"kc-elm kc-css-902218 kc_col-sm-3 kc_column kc_col-sm-3\"><div class=\"kc-col-container\"><div class=\"kc-elm kc-css-231672 kc-feature-boxes kc-fb-layout-2\">\n\n\t<figure class=\"content-image\"><img decoding=\"async\" src=\"https:\/\/grandeinc.com\/wp-content\/uploads\/2024\/05\/Retention-des-flottables.jpg\" alt=\"\"><\/figure><div class=\"content-title\">Floatables retention<\/div><div class=\"content-button\"><a href=\"\/en\/produits\/retention-des-objets-flottants\/\" target=\"_self\" title=\"\">Learn more<\/a><\/div>\n<\/div>\n<\/div><\/div><div class=\"kc-elm kc-css-420306 kc_col-sm-3 kc_column kc_col-sm-3\"><div class=\"kc-col-container\"><div class=\"kc-elm kc-css-191975 kc-feature-boxes kc-fb-layout-2\">\n\n\t<figure class=\"content-image\"><img decoding=\"async\" src=\"https:\/\/grandeinc.com\/wp-content\/uploads\/2024\/06\/sure-climb-3001.jpg\" alt=\"\"><\/figure><div class=\"content-title\">Safety products<\/div><div class=\"content-button\"><a href=\"\/en\/produits\/produits-de-securite\/\" target=\"_self\" title=\"\">Learn more<\/a><\/div>\n<\/div>\n<\/div><\/div><div class=\"kc-elm kc-css-534399 kc_col-sm-3 kc_column kc_col-sm-3\"><div class=\"kc-col-container\"><div class=\"kc-elm kc-css-125145 kc-feature-boxes kc-fb-layout-2\">\n\n\t<figure class=\"content-image\"><img decoding=\"async\" src=\"https:\/\/grandeinc.com\/wp-content\/uploads\/2024\/12\/Capture-decran-2024-12-02-151359.png\" alt=\"\"><\/figure><div class=\"content-title\">Flood management<\/div><div class=\"content-button\"><a href=\"\/en\/gestion-des-inondations\/\" target=\"_self\" title=\"\">Learn more<\/a><\/div>\n<\/div>\n<\/div><\/div><\/div><\/div><\/section><section data-kc-equalheight=\"true\" data-kc-equalheight-align=\"middle\" class=\"kc-elm kc-css-165471 kc-animated kc-animate-eff-fadeInUp kc_row\"><div class=\"kc-row-container  kc-container\"><div class=\"kc-wrap-columns\"><div class=\"kc-elm kc-css-350902 kc_col-sm-3 kc_column kc_col-sm-3\"><div class=\"kc-col-container\"><div class=\"kc-elm kc-css-830667 kc-feature-boxes kc-fb-layout-2\">\n\n\t<figure class=\"content-image\"><img decoding=\"async\" src=\"https:\/\/grandeinc.com\/wp-content\/uploads\/2024\/06\/gat-flenslager-waterbestendig-.jpg\" alt=\"\"><\/figure><div class=\"content-title\">Bearings<\/div><div class=\"content-button\"><a href=\"https:\/\/extremebearings.com\/\" target=\"_self\" title=\"\">Learn more<\/a><\/div>\n<\/div>\n<\/div><\/div><div class=\"kc-elm kc-css-470191 kc_col-sm-3 kc_column kc_col-sm-3\"><div class=\"kc-col-container\"><\/div><\/div><div class=\"kc-elm kc-css-333765 kc_col-sm-3 kc_column kc_col-sm-3\"><div class=\"kc-col-container\"><\/div><\/div><div class=\"kc-elm kc-css-27839 kc_col-sm-3 kc_column kc_col-sm-3\"><div class=\"kc-col-container\"><\/div><\/div><\/div><\/div><\/section><\/p>","protected":false},"excerpt":{"rendered":"","protected":false},"author":4,"featured_media":0,"parent":0,"menu_order":0,"comment_status":"closed","ping_status":"closed","template":"","meta":{"footnotes":""},"class_list":["post-8","page","type-page","status-publish","hentry"],"yoast_head":"<!-- This site is optimized with the Yoast SEO plugin v24.0 - https:\/\/yoast.com\/wordpress\/plugins\/seo\/ -->\n<title>Produits - Grande Gestion des Eaux<\/title>\n<meta name=\"robots\" content=\"index, follow, max-snippet:-1, max-image-preview:large, max-video-preview:-1\" \/>\n<link rel=\"canonical\" href=\"https:\/\/grandeinc.com\/en\/produits\/\" \/>\n<meta property=\"og:locale\" content=\"en_US\" \/>\n<meta property=\"og:type\" content=\"article\" \/>\n<meta property=\"og:title\" content=\"Produits - Grande Gestion des Eaux\" \/>\n<meta property=\"og:description\" content=\"Rin\u00e7age des r\u00e9servoirs et des \u00e9gouts En savoir plus Contr\u00f4le de d\u00e9bordement En savoir plus D\u00e9grillage De D\u00e9bordements En savoir plus R\u00e9gulation du d\u00e9bit En savoir plus Pr\u00e9vention des reflux En savoir plus R\u00e9tention des objets flottants En savoir plus Produit de s\u00e9curit\u00e9 En savoir plus Gestion des innondations En savoir plus Roulements En savoir\" \/>\n<meta property=\"og:url\" content=\"https:\/\/grandeinc.com\/en\/produits\/\" \/>\n<meta property=\"og:site_name\" content=\"Grande Gestion des Eaux\" \/>\n<meta property=\"article:publisher\" content=\"https:\/\/www.facebook.com\/GrandeWaterManagement\" \/>\n<meta property=\"article:modified_time\" content=\"2024-12-02T20:16:06+00:00\" \/>\n<meta property=\"og:image\" content=\"http:\/\/grandeinc.com\/wp-content\/uploads\/2024\/05\/Rincage-des-reservoirs-et-des-egouts.jpg\" \/>\n<meta name=\"twitter:card\" content=\"summary_large_image\" \/>\n<script type=\"application\/ld+json\" class=\"yoast-schema-graph\">{\"@context\":\"https:\/\/schema.org\",\"@graph\":[{\"@type\":\"WebPage\",\"@id\":\"https:\/\/grandeinc.com\/produits\/\",\"url\":\"https:\/\/grandeinc.com\/produits\/\",\"name\":\"Produits - Grande Gestion des Eaux\",\"isPartOf\":{\"@id\":\"http:\/\/grandeinc.com\/fr\/#website\"},\"primaryImageOfPage\":{\"@id\":\"https:\/\/grandeinc.com\/produits\/#primaryimage\"},\"image\":{\"@id\":\"https:\/\/grandeinc.com\/produits\/#primaryimage\"},\"thumbnailUrl\":\"http:\/\/grandeinc.com\/wp-content\/uploads\/2024\/05\/Rincage-des-reservoirs-et-des-egouts.jpg\",\"datePublished\":\"2024-06-07T07:17:27+00:00\",\"dateModified\":\"2024-12-02T20:16:06+00:00\",\"breadcrumb\":{\"@id\":\"https:\/\/grandeinc.com\/produits\/#breadcrumb\"},\"inLanguage\":\"en-CA\",\"potentialAction\":[{\"@type\":\"ReadAction\",\"target\":[\"https:\/\/grandeinc.com\/produits\/\"]}]},{\"@type\":\"ImageObject\",\"inLanguage\":\"en-CA\",\"@id\":\"https:\/\/grandeinc.com\/produits\/#primaryimage\",\"url\":\"http:\/\/grandeinc.com\/wp-content\/uploads\/2024\/05\/Rincage-des-reservoirs-et-des-egouts.jpg\",\"contentUrl\":\"http:\/\/grandeinc.com\/wp-content\/uploads\/2024\/05\/Rincage-des-reservoirs-et-des-egouts.jpg\"},{\"@type\":\"BreadcrumbList\",\"@id\":\"https:\/\/grandeinc.com\/produits\/#breadcrumb\",\"itemListElement\":[{\"@type\":\"ListItem\",\"position\":1,\"name\":\"Accueil\",\"item\":\"https:\/\/grandeinc.com\/\"},{\"@type\":\"ListItem\",\"position\":2,\"name\":\"Produits\"}]},{\"@type\":\"WebSite\",\"@id\":\"http:\/\/grandeinc.com\/fr\/#website\",\"url\":\"http:\/\/grandeinc.com\/fr\/\",\"name\":\"Grande Gestion des Eaux\",\"description\":\"\",\"publisher\":{\"@id\":\"http:\/\/grandeinc.com\/fr\/#organization\"},\"potentialAction\":[{\"@type\":\"SearchAction\",\"target\":{\"@type\":\"EntryPoint\",\"urlTemplate\":\"http:\/\/grandeinc.com\/fr\/?s={search_term_string}\"},\"query-input\":{\"@type\":\"PropertyValueSpecification\",\"valueRequired\":true,\"valueName\":\"search_term_string\"}}],\"inLanguage\":\"en-CA\"},{\"@type\":\"Organization\",\"@id\":\"http:\/\/grandeinc.com\/fr\/#organization\",\"name\":\"Grande Gestion des Eaux\",\"url\":\"http:\/\/grandeinc.com\/fr\/\",\"logo\":{\"@type\":\"ImageObject\",\"inLanguage\":\"en-CA\",\"@id\":\"http:\/\/grandeinc.com\/fr\/#\/schema\/logo\/image\/\",\"url\":\"https:\/\/grandeinc.com\/wp-content\/uploads\/2024\/11\/logo.png\",\"contentUrl\":\"https:\/\/grandeinc.com\/wp-content\/uploads\/2024\/11\/logo.png\",\"width\":260,\"height\":84,\"caption\":\"Grande Gestion des Eaux\"},\"image\":{\"@id\":\"http:\/\/grandeinc.com\/fr\/#\/schema\/logo\/image\/\"},\"sameAs\":[\"https:\/\/www.facebook.com\/GrandeWaterManagement\"]}]}<\/script>\n<!-- \/ Yoast SEO plugin. -->","yoast_head_json":{"title":"Produits - Grande Gestion des Eaux","robots":{"index":"index","follow":"follow","max-snippet":"max-snippet:-1","max-image-preview":"max-image-preview:large","max-video-preview":"max-video-preview:-1"},"canonical":"https:\/\/grandeinc.com\/en\/produits\/","og_locale":"en_US","og_type":"article","og_title":"Produits - Grande Gestion des Eaux","og_description":"Rin\u00e7age des r\u00e9servoirs et des \u00e9gouts En savoir plus Contr\u00f4le de d\u00e9bordement En savoir plus D\u00e9grillage De D\u00e9bordements En savoir plus R\u00e9gulation du d\u00e9bit En savoir plus Pr\u00e9vention des reflux En savoir plus R\u00e9tention des objets flottants En savoir plus Produit de s\u00e9curit\u00e9 En savoir plus Gestion des innondations En savoir plus Roulements En savoir","og_url":"https:\/\/grandeinc.com\/en\/produits\/","og_site_name":"Grande Gestion des Eaux","article_publisher":"https:\/\/www.facebook.com\/GrandeWaterManagement","article_modified_time":"2024-12-02T20:16:06+00:00","og_image":[{"url":"http:\/\/grandeinc.com\/wp-content\/uploads\/2024\/05\/Rincage-des-reservoirs-et-des-egouts.jpg","type":"","width":"","height":""}],"twitter_card":"summary_large_image","schema":{"@context":"https:\/\/schema.org","@graph":[{"@type":"WebPage","@id":"https:\/\/grandeinc.com\/produits\/","url":"https:\/\/grandeinc.com\/produits\/","name":"Produits - Grande Gestion des Eaux","isPartOf":{"@id":"http:\/\/grandeinc.com\/fr\/#website"},"primaryImageOfPage":{"@id":"https:\/\/grandeinc.com\/produits\/#primaryimage"},"image":{"@id":"https:\/\/grandeinc.com\/produits\/#primaryimage"},"thumbnailUrl":"http:\/\/grandeinc.com\/wp-content\/uploads\/2024\/05\/Rincage-des-reservoirs-et-des-egouts.jpg","datePublished":"2024-06-07T07:17:27+00:00","dateModified":"2024-12-02T20:16:06+00:00","breadcrumb":{"@id":"https:\/\/grandeinc.com\/produits\/#breadcrumb"},"inLanguage":"en-CA","potentialAction":[{"@type":"ReadAction","target":["https:\/\/grandeinc.com\/produits\/"]}]},{"@type":"ImageObject","inLanguage":"en-CA","@id":"https:\/\/grandeinc.com\/produits\/#primaryimage","url":"http:\/\/grandeinc.com\/wp-content\/uploads\/2024\/05\/Rincage-des-reservoirs-et-des-egouts.jpg","contentUrl":"http:\/\/grandeinc.com\/wp-content\/uploads\/2024\/05\/Rincage-des-reservoirs-et-des-egouts.jpg"},{"@type":"BreadcrumbList","@id":"https:\/\/grandeinc.com\/produits\/#breadcrumb","itemListElement":[{"@type":"ListItem","position":1,"name":"Accueil","item":"https:\/\/grandeinc.com\/"},{"@type":"ListItem","position":2,"name":"Produits"}]},{"@type":"WebSite","@id":"http:\/\/grandeinc.com\/fr\/#website","url":"http:\/\/grandeinc.com\/fr\/","name":"Grande Gestion des Eaux","description":"","publisher":{"@id":"http:\/\/grandeinc.com\/fr\/#organization"},"potentialAction":[{"@type":"SearchAction","target":{"@type":"EntryPoint","urlTemplate":"http:\/\/grandeinc.com\/fr\/?s={search_term_string}"},"query-input":{"@type":"PropertyValueSpecification","valueRequired":true,"valueName":"search_term_string"}}],"inLanguage":"en-CA"},{"@type":"Organization","@id":"http:\/\/grandeinc.com\/fr\/#organization","name":"Grande Gestion des Eaux","url":"http:\/\/grandeinc.com\/fr\/","logo":{"@type":"ImageObject","inLanguage":"en-CA","@id":"http:\/\/grandeinc.com\/fr\/#\/schema\/logo\/image\/","url":"https:\/\/grandeinc.com\/wp-content\/uploads\/2024\/11\/logo.png","contentUrl":"https:\/\/grandeinc.com\/wp-content\/uploads\/2024\/11\/logo.png","width":260,"height":84,"caption":"Grande Gestion des Eaux"},"image":{"@id":"http:\/\/grandeinc.com\/fr\/#\/schema\/logo\/image\/"},"sameAs":["https:\/\/www.facebook.com\/GrandeWaterManagement"]}]}},"_links":{"self":[{"href":"https:\/\/grandeinc.com\/en\/wp-json\/wp\/v2\/pages\/8","targetHints":{"allow":["GET"]}}],"collection":[{"href":"https:\/\/grandeinc.com\/en\/wp-json\/wp\/v2\/pages"}],"about":[{"href":"https:\/\/grandeinc.com\/en\/wp-json\/wp\/v2\/types\/page"}],"author":[{"embeddable":true,"href":"https:\/\/grandeinc.com\/en\/wp-json\/wp\/v2\/users\/4"}],"replies":[{"embeddable":true,"href":"https:\/\/grandeinc.com\/en\/wp-json\/wp\/v2\/comments?post=8"}],"version-history":[{"count":16,"href":"https:\/\/grandeinc.com\/en\/wp-json\/wp\/v2\/pages\/8\/revisions"}],"predecessor-version":[{"id":1326,"href":"https:\/\/grandeinc.com\/en\/wp-json\/wp\/v2\/pages\/8\/revisions\/1326"}],"wp:attachment":[{"href":"https:\/\/grandeinc.com\/en\/wp-json\/wp\/v2\/media?parent=8"}],"curies":[{"name":"wp","href":"https:\/\/api.w.org\/{rel}","templated":true}]}}