{"id":795,"date":"2024-06-02T19:00:20","date_gmt":"2024-06-02T23:00:20","guid":{"rendered":"https:\/\/grandeinc.com\/?page_id=795"},"modified":"2024-07-15T23:31:05","modified_gmt":"2024-07-16T03:31:05","slug":"acu-pro","status":"publish","type":"page","link":"https:\/\/grandeinc.com\/en\/produits\/degrilleur-de-debordement-3\/acu-pro\/","title":{"rendered":"ACU-PRO (overflow measurement profile)"},"content":{"rendered":"<p><section class=\"kc-elm kc-css-481686 kc_row\"><div class=\"kc-row-container  kc-container\"><div class=\"kc-wrap-columns\"><div class=\"kc-elm kc-css-924136 kc_col-sm-6 kc_column kc_col-sm-6\"><div class=\"kc-col-container\"><div class=\"kc-elm kc-css-477952 kc_shortcode kc_single_image\">\n\n        <img decoding=\"async\" src=\"https:\/\/grandeinc.com\/wp-content\/uploads\/2024\/05\/acu-pro-01.jpg\" class=\"\" alt=\"\" \/>    <\/div>\n<\/div><\/div><div class=\"kc-elm kc-css-965444 kc_col-sm-6 kc_column kc_col-sm-6\"><div class=\"kc-col-container\"><div class=\"kc-elm kc-css-938650 kc_text_block\"><\/p>\n<p>The ACU-PRO overflow measurement profile system is designed to enhance the hydraulic capacity of a weir and accurately measure its overflow rates. ACU-PRO's unique and extensively tested design uses upstream and downstream water levels in conjunction with the flow curve to accurately monitor and record overflow at weirs.<\/p>\n<p>The ACU-PRO can be installed in new overflow structures or directly on existing fixed weirs. The following components are included in the ACU-PRO overflow measurement profile system: weir profile, anchoring system, ultrasonic water level sensors and control panel.<\/p>\n<p>\n<\/div><\/div><\/div><\/div><\/div><\/section><section class=\"kc-elm kc-css-634452 kc_row\"><div class=\"kc-row-container  kc-container\"><div class=\"kc-wrap-columns\"><div class=\"kc-elm kc-css-919371 kc_col-sm-12 kc_column kc_col-sm-12\"><div class=\"kc-col-container\">\n<div class=\"kc-elm kc-css-664572\">\n\t<a class=\"kc_button\" href=\"\/en\/contactez-nous\/\" target=\"_self\" title=\"\" onclick=\"\">\n\t\tRequest a brochure\t<\/a>\n<\/div>\n<\/div><\/div><\/div><\/div><\/section><section class=\"kc-elm kc-css-120300 kc_row\"><div class=\"kc-row-container  kc-container\"><div class=\"kc-wrap-columns\"><div class=\"kc-elm kc-css-520687 kc_col-sm-6 kc_column kc_col-sm-6\"><div class=\"kc-col-container\">\n<div class=\"kc-elm kc-css-711314 kc-title-wrap\">\n\n\t<h2 class=\"kc_title\">Features<\/h2>\n<\/div>\n<div class=\"kc-elm kc-css-752801 kc_text_block\"><\/p>\n<p>The ACU-PRO overflow measurement profile system is designed to enhance the hydraulic capacity of a weir and accurately measure its overflow rates. ACU-PRO's unique and extensively tested design uses upstream and downstream water levels in conjunction with the flow curve to accurately monitor and record overflow at weirs.<\/p>\n<p>The ACU-PRO can be installed in new overflow structures or directly on existing fixed weirs. The following components are included in the ACU-PRO overflow measurement profile system: weir profile, anchoring system, ultrasonic water level sensors and control panel.<\/p>\n<p>\n<\/div><\/div><\/div><div class=\"kc-elm kc-css-567775 kc_col-sm-6 kc_column kc_col-sm-6\"><div class=\"kc-col-container\"><div class=\"kc-elm kc-css-306332 kc_shortcode kc_single_image\">\n\n        <img decoding=\"async\" src=\"https:\/\/grandeinc.com\/wp-content\/uploads\/2024\/05\/acu-pro-02.jpg\" class=\"\" alt=\"\" \/>    <\/div>\n<\/div><\/div><\/div><\/div><\/section><section class=\"kc-elm kc-css-298401 kc_row\"><div class=\"kc-row-container  kc-container\"><div class=\"kc-wrap-columns\"><div class=\"kc-elm kc-css-16250 kc_col-sm-6 kc_column kc_col-sm-6\"><div class=\"kc-col-container\"><div class=\"kc-elm kc-css-490808 kc_shortcode kc_single_image\">\n\n        <img decoding=\"async\" src=\"https:\/\/grandeinc.com\/wp-content\/uploads\/2024\/05\/acu-pro-03.jpg\" class=\"\" alt=\"\" \/>    <\/div>\n<\/div><\/div><div class=\"kc-elm kc-css-278451 kc_col-sm-6 kc_column kc_col-sm-6\"><div class=\"kc-col-container\">\n<div class=\"kc-elm kc-css-579907 kc-title-wrap\">\n\n\t<h2 class=\"kc_title\">Scope of application\r\n<\/h2>\n<\/div>\n<div class=\"kc-elm kc-css-117968 kc_text_block\"><\/p>\n<p>The ACU-PRO overflow measurement profile system (model GAP) can be installed on any weir and varies from model GAP-1 to GAP-20. The GAP-1 is 1 foot (30 cm) long and the GAP-20 is 20 feet (6 m) long. ACU-PRO model selection is based entirely on weir length. The units are modular in design, with a single unit measuring up to 20 feet (6 m) in length. The hydraulic capacity of the ACU-PRO is at least equal to that of a standard weir.<\/p>\n<p>\n<\/div><\/div><\/div><\/div><\/div><\/section><section class=\"kc-elm kc-css-524356 kc_row\"><div class=\"kc-row-container  kc-container\"><div class=\"kc-wrap-columns\"><div class=\"kc-elm kc-css-415319 kc_col-sm-6 kc_column kc_col-sm-6\"><div class=\"kc-col-container\">\n<div class=\"kc-elm kc-css-342374 kc-title-wrap\">\n\n\t<h2 class=\"kc_title\">How it works<\/h2>\n<\/div>\n<div class=\"kc-elm kc-css-870298 kc_text_block\"><\/p>\n<p>The ACU-PRO overflow measurement profile system is a passive device that requires no external energy to operate when used to increase the hydraulic capacity of a weir.<\/p>\n<p>When used as a measuring device, it must be used in conjunction with upstream and downstream level monitoring sensors and a control panel. In the event of a power failure, the ACU-PRO overflow measurement profile system can be fitted with an uninterruptible power supply (UPS) for continuous operation.<\/p>\n<p>\n<\/div><\/div><\/div><div class=\"kc-elm kc-css-425830 kc_col-sm-6 kc_column kc_col-sm-6\"><div class=\"kc-col-container\"><div class=\"kc-elm kc-css-328560 kc_shortcode kc_single_image\">\n\n        <img decoding=\"async\" src=\"https:\/\/grandeinc.com\/wp-content\/uploads\/2024\/05\/acu-pro-04.jpg\" class=\"\" alt=\"\" \/>    <\/div>\n<\/div><\/div><\/div><\/div><\/section><\/p>","protected":false},"excerpt":{"rendered":"","protected":false},"author":4,"featured_media":0,"parent":590,"menu_order":0,"comment_status":"closed","ping_status":"closed","template":"","meta":{"footnotes":""},"class_list":["post-795","page","type-page","status-publish","hentry"],"yoast_head":"<!-- This site is optimized with the Yoast SEO plugin v24.0 - https:\/\/yoast.com\/wordpress\/plugins\/seo\/ -->\n<title>ACU-PRO (profil de mesure de d\u00e9bordement) - Grande Gestion des Eaux<\/title>\n<meta name=\"robots\" content=\"index, follow, max-snippet:-1, max-image-preview:large, max-video-preview:-1\" \/>\n<link rel=\"canonical\" href=\"https:\/\/grandeinc.com\/en\/produits\/degrilleur-de-debordement-3\/acu-pro\/\" \/>\n<meta property=\"og:locale\" content=\"en_US\" \/>\n<meta property=\"og:type\" content=\"article\" \/>\n<meta property=\"og:title\" content=\"ACU-PRO (profil de mesure de d\u00e9bordement) - Grande Gestion des Eaux\" \/>\n<meta property=\"og:description\" content=\"Le syst\u00e8me de profil de mesure de d\u00e9bordement ACU-PRO est con\u00e7u pour am\u00e9liorer la capacit\u00e9 hydraulique d&rsquo;un d\u00e9versoir et mesurer avec pr\u00e9cision ses d\u00e9bits de trop-plein. La conception unique et largement test\u00e9e de l&rsquo;ACU-PRO utilise les niveaux d&rsquo;eau en amont et en aval en conjonction avec la courbe de d\u00e9bit pour surveiller et enregistrer avec\" \/>\n<meta property=\"og:url\" content=\"https:\/\/grandeinc.com\/en\/produits\/degrilleur-de-debordement-3\/acu-pro\/\" \/>\n<meta property=\"og:site_name\" content=\"Grande Gestion des Eaux\" \/>\n<meta property=\"article:publisher\" content=\"https:\/\/www.facebook.com\/GrandeWaterManagement\" \/>\n<meta property=\"article:modified_time\" content=\"2024-07-16T03:31:05+00:00\" \/>\n<meta property=\"og:image\" content=\"http:\/\/grandeinc.com\/wp-content\/uploads\/2024\/05\/acu-pro-01.jpg\" \/>\n<meta name=\"twitter:card\" content=\"summary_large_image\" \/>\n<meta name=\"twitter:label1\" content=\"Est. reading time\" \/>\n\t<meta name=\"twitter:data1\" content=\"2 minutes\" \/>\n<script type=\"application\/ld+json\" class=\"yoast-schema-graph\">{\"@context\":\"https:\/\/schema.org\",\"@graph\":[{\"@type\":\"WebPage\",\"@id\":\"https:\/\/grandeinc.com\/produits\/degrilleur-de-debordement-3\/acu-pro\/\",\"url\":\"https:\/\/grandeinc.com\/produits\/degrilleur-de-debordement-3\/acu-pro\/\",\"name\":\"ACU-PRO (profil de mesure de d\u00e9bordement) - Grande Gestion des Eaux\",\"isPartOf\":{\"@id\":\"http:\/\/grandeinc.com\/fr\/#website\"},\"primaryImageOfPage\":{\"@id\":\"https:\/\/grandeinc.com\/produits\/degrilleur-de-debordement-3\/acu-pro\/#primaryimage\"},\"image\":{\"@id\":\"https:\/\/grandeinc.com\/produits\/degrilleur-de-debordement-3\/acu-pro\/#primaryimage\"},\"thumbnailUrl\":\"http:\/\/grandeinc.com\/wp-content\/uploads\/2024\/05\/acu-pro-01.jpg\",\"datePublished\":\"2024-06-02T23:00:20+00:00\",\"dateModified\":\"2024-07-16T03:31:05+00:00\",\"breadcrumb\":{\"@id\":\"https:\/\/grandeinc.com\/produits\/degrilleur-de-debordement-3\/acu-pro\/#breadcrumb\"},\"inLanguage\":\"en-CA\",\"potentialAction\":[{\"@type\":\"ReadAction\",\"target\":[\"https:\/\/grandeinc.com\/produits\/degrilleur-de-debordement-3\/acu-pro\/\"]}]},{\"@type\":\"ImageObject\",\"inLanguage\":\"en-CA\",\"@id\":\"https:\/\/grandeinc.com\/produits\/degrilleur-de-debordement-3\/acu-pro\/#primaryimage\",\"url\":\"http:\/\/grandeinc.com\/wp-content\/uploads\/2024\/05\/acu-pro-01.jpg\",\"contentUrl\":\"http:\/\/grandeinc.com\/wp-content\/uploads\/2024\/05\/acu-pro-01.jpg\"},{\"@type\":\"BreadcrumbList\",\"@id\":\"https:\/\/grandeinc.com\/produits\/degrilleur-de-debordement-3\/acu-pro\/#breadcrumb\",\"itemListElement\":[{\"@type\":\"ListItem\",\"position\":1,\"name\":\"Accueil\",\"item\":\"https:\/\/grandeinc.com\/\"},{\"@type\":\"ListItem\",\"position\":2,\"name\":\"Produits\",\"item\":\"https:\/\/grandeinc.com\/produits\/\"},{\"@type\":\"ListItem\",\"position\":3,\"name\":\"D\u00e9grilleur de d\u00e9bordement\",\"item\":\"https:\/\/grandeinc.com\/produits\/degrilleur-de-debordement-3\/\"},{\"@type\":\"ListItem\",\"position\":4,\"name\":\"ACU-PRO (profil de mesure de d\u00e9bordement)\"}]},{\"@type\":\"WebSite\",\"@id\":\"http:\/\/grandeinc.com\/fr\/#website\",\"url\":\"http:\/\/grandeinc.com\/fr\/\",\"name\":\"Grande Gestion des Eaux\",\"description\":\"\",\"publisher\":{\"@id\":\"http:\/\/grandeinc.com\/fr\/#organization\"},\"potentialAction\":[{\"@type\":\"SearchAction\",\"target\":{\"@type\":\"EntryPoint\",\"urlTemplate\":\"http:\/\/grandeinc.com\/fr\/?s={search_term_string}\"},\"query-input\":{\"@type\":\"PropertyValueSpecification\",\"valueRequired\":true,\"valueName\":\"search_term_string\"}}],\"inLanguage\":\"en-CA\"},{\"@type\":\"Organization\",\"@id\":\"http:\/\/grandeinc.com\/fr\/#organization\",\"name\":\"Grande Gestion des Eaux\",\"url\":\"http:\/\/grandeinc.com\/fr\/\",\"logo\":{\"@type\":\"ImageObject\",\"inLanguage\":\"en-CA\",\"@id\":\"http:\/\/grandeinc.com\/fr\/#\/schema\/logo\/image\/\",\"url\":\"https:\/\/grandeinc.com\/wp-content\/uploads\/2024\/11\/logo.png\",\"contentUrl\":\"https:\/\/grandeinc.com\/wp-content\/uploads\/2024\/11\/logo.png\",\"width\":260,\"height\":84,\"caption\":\"Grande Gestion des Eaux\"},\"image\":{\"@id\":\"http:\/\/grandeinc.com\/fr\/#\/schema\/logo\/image\/\"},\"sameAs\":[\"https:\/\/www.facebook.com\/GrandeWaterManagement\"]}]}<\/script>\n<!-- \/ Yoast SEO plugin. -->","yoast_head_json":{"title":"ACU-PRO (profil de mesure de d\u00e9bordement) - Grande Gestion des Eaux","robots":{"index":"index","follow":"follow","max-snippet":"max-snippet:-1","max-image-preview":"max-image-preview:large","max-video-preview":"max-video-preview:-1"},"canonical":"https:\/\/grandeinc.com\/en\/produits\/degrilleur-de-debordement-3\/acu-pro\/","og_locale":"en_US","og_type":"article","og_title":"ACU-PRO (profil de mesure de d\u00e9bordement) - Grande Gestion des Eaux","og_description":"Le syst\u00e8me de profil de mesure de d\u00e9bordement ACU-PRO est con\u00e7u pour am\u00e9liorer la capacit\u00e9 hydraulique d&rsquo;un d\u00e9versoir et mesurer avec pr\u00e9cision ses d\u00e9bits de trop-plein. La conception unique et largement test\u00e9e de l&rsquo;ACU-PRO utilise les niveaux d&rsquo;eau en amont et en aval en conjonction avec la courbe de d\u00e9bit pour surveiller et enregistrer avec","og_url":"https:\/\/grandeinc.com\/en\/produits\/degrilleur-de-debordement-3\/acu-pro\/","og_site_name":"Grande Gestion des Eaux","article_publisher":"https:\/\/www.facebook.com\/GrandeWaterManagement","article_modified_time":"2024-07-16T03:31:05+00:00","og_image":[{"url":"http:\/\/grandeinc.com\/wp-content\/uploads\/2024\/05\/acu-pro-01.jpg","type":"","width":"","height":""}],"twitter_card":"summary_large_image","twitter_misc":{"Est. reading time":"2 minutes"},"schema":{"@context":"https:\/\/schema.org","@graph":[{"@type":"WebPage","@id":"https:\/\/grandeinc.com\/produits\/degrilleur-de-debordement-3\/acu-pro\/","url":"https:\/\/grandeinc.com\/produits\/degrilleur-de-debordement-3\/acu-pro\/","name":"ACU-PRO (profil de mesure de d\u00e9bordement) - Grande Gestion des Eaux","isPartOf":{"@id":"http:\/\/grandeinc.com\/fr\/#website"},"primaryImageOfPage":{"@id":"https:\/\/grandeinc.com\/produits\/degrilleur-de-debordement-3\/acu-pro\/#primaryimage"},"image":{"@id":"https:\/\/grandeinc.com\/produits\/degrilleur-de-debordement-3\/acu-pro\/#primaryimage"},"thumbnailUrl":"http:\/\/grandeinc.com\/wp-content\/uploads\/2024\/05\/acu-pro-01.jpg","datePublished":"2024-06-02T23:00:20+00:00","dateModified":"2024-07-16T03:31:05+00:00","breadcrumb":{"@id":"https:\/\/grandeinc.com\/produits\/degrilleur-de-debordement-3\/acu-pro\/#breadcrumb"},"inLanguage":"en-CA","potentialAction":[{"@type":"ReadAction","target":["https:\/\/grandeinc.com\/produits\/degrilleur-de-debordement-3\/acu-pro\/"]}]},{"@type":"ImageObject","inLanguage":"en-CA","@id":"https:\/\/grandeinc.com\/produits\/degrilleur-de-debordement-3\/acu-pro\/#primaryimage","url":"http:\/\/grandeinc.com\/wp-content\/uploads\/2024\/05\/acu-pro-01.jpg","contentUrl":"http:\/\/grandeinc.com\/wp-content\/uploads\/2024\/05\/acu-pro-01.jpg"},{"@type":"BreadcrumbList","@id":"https:\/\/grandeinc.com\/produits\/degrilleur-de-debordement-3\/acu-pro\/#breadcrumb","itemListElement":[{"@type":"ListItem","position":1,"name":"Accueil","item":"https:\/\/grandeinc.com\/"},{"@type":"ListItem","position":2,"name":"Produits","item":"https:\/\/grandeinc.com\/produits\/"},{"@type":"ListItem","position":3,"name":"D\u00e9grilleur de d\u00e9bordement","item":"https:\/\/grandeinc.com\/produits\/degrilleur-de-debordement-3\/"},{"@type":"ListItem","position":4,"name":"ACU-PRO (profil de mesure de d\u00e9bordement)"}]},{"@type":"WebSite","@id":"http:\/\/grandeinc.com\/fr\/#website","url":"http:\/\/grandeinc.com\/fr\/","name":"Grande Gestion des Eaux","description":"","publisher":{"@id":"http:\/\/grandeinc.com\/fr\/#organization"},"potentialAction":[{"@type":"SearchAction","target":{"@type":"EntryPoint","urlTemplate":"http:\/\/grandeinc.com\/fr\/?s={search_term_string}"},"query-input":{"@type":"PropertyValueSpecification","valueRequired":true,"valueName":"search_term_string"}}],"inLanguage":"en-CA"},{"@type":"Organization","@id":"http:\/\/grandeinc.com\/fr\/#organization","name":"Grande Gestion des Eaux","url":"http:\/\/grandeinc.com\/fr\/","logo":{"@type":"ImageObject","inLanguage":"en-CA","@id":"http:\/\/grandeinc.com\/fr\/#\/schema\/logo\/image\/","url":"https:\/\/grandeinc.com\/wp-content\/uploads\/2024\/11\/logo.png","contentUrl":"https:\/\/grandeinc.com\/wp-content\/uploads\/2024\/11\/logo.png","width":260,"height":84,"caption":"Grande Gestion des Eaux"},"image":{"@id":"http:\/\/grandeinc.com\/fr\/#\/schema\/logo\/image\/"},"sameAs":["https:\/\/www.facebook.com\/GrandeWaterManagement"]}]}},"_links":{"self":[{"href":"https:\/\/grandeinc.com\/en\/wp-json\/wp\/v2\/pages\/795","targetHints":{"allow":["GET"]}}],"collection":[{"href":"https:\/\/grandeinc.com\/en\/wp-json\/wp\/v2\/pages"}],"about":[{"href":"https:\/\/grandeinc.com\/en\/wp-json\/wp\/v2\/types\/page"}],"author":[{"embeddable":true,"href":"https:\/\/grandeinc.com\/en\/wp-json\/wp\/v2\/users\/4"}],"replies":[{"embeddable":true,"href":"https:\/\/grandeinc.com\/en\/wp-json\/wp\/v2\/comments?post=795"}],"version-history":[{"count":11,"href":"https:\/\/grandeinc.com\/en\/wp-json\/wp\/v2\/pages\/795\/revisions"}],"predecessor-version":[{"id":1185,"href":"https:\/\/grandeinc.com\/en\/wp-json\/wp\/v2\/pages\/795\/revisions\/1185"}],"up":[{"embeddable":true,"href":"https:\/\/grandeinc.com\/en\/wp-json\/wp\/v2\/pages\/590"}],"wp:attachment":[{"href":"https:\/\/grandeinc.com\/en\/wp-json\/wp\/v2\/media?parent=795"}],"curies":[{"name":"wp","href":"https:\/\/api.w.org\/{rel}","templated":true}]}}