{"id":760,"date":"2024-07-02T17:49:58","date_gmt":"2024-07-02T21:49:58","guid":{"rendered":"https:\/\/grandeinc.com\/?page_id=760"},"modified":"2024-07-15T23:31:23","modified_gmt":"2024-07-16T03:31:23","slug":"deversoir-de-flexion-acu-bend","status":"publish","type":"page","link":"https:\/\/grandeinc.com\/en\/produits\/degrilleur-de-debordement-3\/deversoir-de-flexion-acu-bend\/","title":{"rendered":"ACU-BEND Bending Weir"},"content":{"rendered":"<p><section class=\"kc-elm kc-css-858245 kc_row\"><div class=\"kc-row-container  kc-container\"><div class=\"kc-wrap-columns\"><div class=\"kc-elm kc-css-398233 kc_col-sm-6 kc_column kc_col-sm-6\"><div class=\"kc-col-container\"><div class=\"kc-elm kc-css-490042 kc_shortcode kc_single_image\">\n\n        <img decoding=\"async\" src=\"https:\/\/grandeinc.com\/wp-content\/uploads\/2024\/05\/acu-bend-01.jpg\" class=\"\" alt=\"\" \/>    <\/div>\n\n<div class=\"kc-elm kc-css-381982\">\n\t<a class=\"kc_button\" href=\"\/en\/contactez-nous\/\" target=\"_self\" title=\"\" onclick=\"\">\n\t\tRequest a brochure\t<\/a>\n<\/div>\n<\/div><\/div><div class=\"kc-elm kc-css-638693 kc_col-sm-6 kc_column kc_col-sm-6\"><div class=\"kc-col-container\"><div class=\"kc-elm kc-css-569926 kc_text_block\"><\/p>\n<p>\nThe ACU-BEND flexible weir system is designed to maintain maximum water levels upstream of the weir, allowing full utilization of all available upstream storage volume, without affecting overflow weir capacity in combined sewer overflow (CSO) applications. ACU-BEND's unique, patented and extensively tested design works by only allowing any excess water in the system to reach the receiving watercourse, but only once the design upstream water level has been reached. This increases the storage volume of tanks and sewers and reduces the frequency and volume of overflows, resulting in less water pollution. This enables the ACU-BEND to overcome the disadvantages inherent in fixed weirs. The ACU-BEND can also create a hermetic seal that protects against backflow and controls odours, as it is normally in the closed position.<\/p>\n<p>The system's only mechanical components are lubrication-free plain bearings, reducing the need for maintenance and ensuring trouble-free, economical operation. The compact design of the ACU-BEND allows easy installation in new overflow structures, or can be easily retrofitted directly onto existing fixed weirs. The following components are included in the ACU-BEND bending weir system: bending weir flap, plain bearings, anchoring system, counterweights and inclinometer.<\/p>\n<p>\n<\/div><\/div><\/div><\/div><\/div><\/section><section class=\"kc-elm kc-css-411600 kc_row\"><div class=\"kc-row-container  kc-container\"><div class=\"kc-wrap-columns\"><div class=\"kc-elm kc-css-995416 kc_col-sm-6 kc_column kc_col-sm-6\"><div class=\"kc-col-container\">\n<div class=\"kc-elm kc-css-287273 kc-title-wrap\">\n\n\t<h2 class=\"kc_title\">Features<\/h2>\n<\/div>\n<div class=\"kc-elm kc-css-258307 kc_text_block\"><\/p>\n<p>\n-Integrated counterweight design<\/p>\n<p>-Simple installation<\/p>\n<p>-Maximizes on-site storage<\/p>\n<p>-Constant, easily adjustable performance level<\/p>\n<p>-Reduces overflow frequency<\/p>\n<p>-Improved hydraulic quality line<\/p>\n<p>-Backflow prevention and odor control<\/p>\n<p>-Lower storage tank construction costs thanks to smaller volumes<\/p>\n<p>-Easy to adapt to existing installations<\/p>\n<p>\n<\/div><\/div><\/div><div class=\"kc-elm kc-css-354581 kc_col-sm-6 kc_column kc_col-sm-6\"><div class=\"kc-col-container\"><div class=\"kc-elm kc-css-769127 kc-raw-code\"><iframe loading=\"lazy\" width=\"560\" height=\"315\" src=\"https:\/\/www.youtube.com\/embed\/OGlzPz_NVZs?si=2k8egH3ggIjPrOL2\" title=\"YouTube video player\" frameborder=\"0\" allow=\"accelerometer; autoplay; clipboard-write; encrypted-media; gyroscope; picture-in-picture; web-share\" referrerpolicy=\"strict-origin-when-cross-origin\" allowfullscreen><\/iframe><\/div><\/div><\/div><\/div><\/div><\/section><section class=\"kc-elm kc-css-157434 kc_row\"><div class=\"kc-row-container  kc-container\"><div class=\"kc-wrap-columns\"><div class=\"kc-elm kc-css-914128 kc_col-sm-6 kc_column kc_col-sm-6\"><div class=\"kc-col-container\"><div class=\"kc-elm kc-css-838464 kc_shortcode kc_single_image\">\n\n        <img decoding=\"async\" src=\"https:\/\/grandeinc.com\/wp-content\/uploads\/2024\/05\/acu-bend-02.jpg\" class=\"\" alt=\"\" \/>    <\/div>\n<\/div><\/div><div class=\"kc-elm kc-css-897148 kc_col-sm-6 kc_column kc_col-sm-6\"><div class=\"kc-col-container\">\n<div class=\"kc-elm kc-css-933915 kc-title-wrap\">\n\n\t<h2 class=\"kc_title\">\r\nScope of application<\/h2>\n<\/div>\n<div class=\"kc-elm kc-css-81805 kc_text_block\"><\/p>\n<p>\nThe ACU-BEND bending weir vary from model GAB-30 to GAB-90. The GAB-30 is designed to hold 12 inches (30 cm) of water above the weir crest, and the GAB-90 holds 36 inches (90 cm) of water above the weir crest. ACU-BEND model selection is based entirely on the height of water storage required. Units are modular in design, with a single unit measuring up to 20 feet (6 m) in length. The hydraulic capacity of the ACU-BEND is at least equal to that of a standard weir.<\/p>\n<p>\n<\/div><\/div><\/div><\/div><\/div><\/section><section class=\"kc-elm kc-css-124323 kc_row\"><div class=\"kc-row-container  kc-container\"><div class=\"kc-wrap-columns\"><div class=\"kc-elm kc-css-869919 kc_col-sm-6 kc_column kc_col-sm-6\"><div class=\"kc-col-container\">\n<div class=\"kc-elm kc-css-477037 kc-title-wrap\">\n\n\t<h2 class=\"kc_title\">System of operation<\/h2>\n<\/div>\n<div class=\"kc-elm kc-css-976 kc_text_block\"><\/p>\n<p>\nThe ACU-BEND curved weir is installed on the downstream side and directly along the entire length of the overflow weir opening. The ACU-BEND flexible weir adapts to the overflow by pivoting upwards and opening from below.<\/p>\n<p>The flexible weir mechanism is entirely passive, requiring no external energy to operate. Fixed counterweights act directly against the curved weir flap to maintain a constant upstream water level for all overflows varying from 0 to design flow. The ACU-BEND flexible weir will also accept flows above the design flow, resulting in a higher water level. The operating level can easily be adjusted on site by adding or removing counterweights.<\/p>\n<p>The flexible weir consists of a structural frame attached to the overflow weir wall, a flap and an integrated counterweight structure. The ACU-BEND bending weir requires no control, although its operation can be monitored by an inclinometer. Upstream and downstream water levels can also be monitored.<\/p>\n<p>The ACU-BEND flexible weir adapts to the overflow by opening at the bottom. As a result, some floating materials are retained upstream of the bend weir. At the end of the event, they are discharged at the bottom of the sewer, where they are carried by the dry weather flow to the wastewater treatment plant for collection and disposal.<\/p>\n<p>\n<\/div><\/div><\/div><div class=\"kc-elm kc-css-996240 kc_col-sm-6 kc_column kc_col-sm-6\"><div class=\"kc-col-container\"><div class=\"kc-elm kc-css-935317 kc_shortcode kc_single_image\">\n\n        <img decoding=\"async\" src=\"https:\/\/grandeinc.com\/wp-content\/uploads\/2024\/05\/acu-bend-03.jpg\" class=\"\" alt=\"\" \/>    <\/div>\n<\/div><\/div><\/div><\/div><\/section><section class=\"kc-elm kc-css-948786 kc_row\"><div class=\"kc-row-container  kc-container\"><div class=\"kc-wrap-columns\"><div class=\"kc-elm kc-css-74763 kc_col-sm-12 kc_column kc_col-sm-12\"><div class=\"kc-col-container\"><div class=\"kc-image-gallery kc-elm kc-css-767082\">\n<div class=\"kc_image_gallery kc-carousel-image kc-grid\">\n<div class=\"item-grid grid-4\"><img decoding=\"async\" src=\"https:\/\/grandeinc.com\/wp-content\/uploads\/2024\/05\/acu-bend-07-1.jpg\" alt=\"\"\/><div class=\"kc-image-overlay\"><i class=\"fa-plus\"><\/i><\/div><\/div><div class=\"item-grid grid-4\"><img decoding=\"async\" src=\"https:\/\/grandeinc.com\/wp-content\/uploads\/2024\/05\/acu-bend-06-1.jpg\" alt=\"\"\/><div class=\"kc-image-overlay\"><i class=\"fa-plus\"><\/i><\/div><\/div><div class=\"item-grid grid-4\"><img decoding=\"async\" src=\"https:\/\/grandeinc.com\/wp-content\/uploads\/2024\/05\/acu-bend-05.jpg\" alt=\"\"\/><div class=\"kc-image-overlay\"><i class=\"fa-plus\"><\/i><\/div><\/div><div class=\"item-grid grid-4\"><img decoding=\"async\" src=\"https:\/\/grandeinc.com\/wp-content\/uploads\/2024\/05\/acu-bend-04.jpg\" alt=\"\"\/><div class=\"kc-image-overlay\"><i class=\"fa-plus\"><\/i><\/div><\/div><\/div>\n<\/div><\/div><\/div><\/div><\/div><\/section><\/p>","protected":false},"excerpt":{"rendered":"","protected":false},"author":4,"featured_media":0,"parent":590,"menu_order":0,"comment_status":"closed","ping_status":"closed","template":"","meta":{"footnotes":""},"class_list":["post-760","page","type-page","status-publish","hentry"],"yoast_head":"<!-- This site is optimized with the Yoast SEO plugin v24.0 - https:\/\/yoast.com\/wordpress\/plugins\/seo\/ -->\n<title>D\u00e9versoir de flexion ACU-BEND - Grande Gestion des Eaux<\/title>\n<meta name=\"robots\" content=\"index, follow, max-snippet:-1, max-image-preview:large, max-video-preview:-1\" \/>\n<link rel=\"canonical\" href=\"https:\/\/grandeinc.com\/en\/produits\/degrilleur-de-debordement-3\/deversoir-de-flexion-acu-bend\/\" \/>\n<meta property=\"og:locale\" content=\"en_US\" \/>\n<meta property=\"og:type\" content=\"article\" \/>\n<meta property=\"og:title\" content=\"D\u00e9versoir de flexion ACU-BEND - Grande Gestion des Eaux\" \/>\n<meta property=\"og:description\" content=\"Demander une brochure Le syst\u00e8me de d\u00e9versoir flexible ACU-BEND est con\u00e7u pour maintenir des niveaux d&rsquo;eau maximaux en amont du d\u00e9versoir, permettant ainsi l&rsquo;utilisation compl\u00e8te de tout le volume de stockage disponible en amont, sans affecter n\u00e9gativement la capacit\u00e9 du d\u00e9versoir de trop-plein dans les applications de trop-plein d&rsquo;\u00e9gouts unitaires (CSO). La conception unique, brevet\u00e9e\" \/>\n<meta property=\"og:url\" content=\"https:\/\/grandeinc.com\/en\/produits\/degrilleur-de-debordement-3\/deversoir-de-flexion-acu-bend\/\" \/>\n<meta property=\"og:site_name\" content=\"Grande Gestion des Eaux\" \/>\n<meta property=\"article:publisher\" content=\"https:\/\/www.facebook.com\/GrandeWaterManagement\" \/>\n<meta property=\"article:modified_time\" content=\"2024-07-16T03:31:23+00:00\" \/>\n<meta property=\"og:image\" content=\"http:\/\/grandeinc.com\/wp-content\/uploads\/2024\/05\/acu-bend-01.jpg\" \/>\n<meta name=\"twitter:card\" content=\"summary_large_image\" \/>\n<meta name=\"twitter:label1\" content=\"Est. reading time\" \/>\n\t<meta name=\"twitter:data1\" content=\"4 minutes\" \/>\n<script type=\"application\/ld+json\" class=\"yoast-schema-graph\">{\"@context\":\"https:\/\/schema.org\",\"@graph\":[{\"@type\":\"WebPage\",\"@id\":\"https:\/\/grandeinc.com\/produits\/degrilleur-de-debordement-3\/deversoir-de-flexion-acu-bend\/\",\"url\":\"https:\/\/grandeinc.com\/produits\/degrilleur-de-debordement-3\/deversoir-de-flexion-acu-bend\/\",\"name\":\"D\u00e9versoir de flexion ACU-BEND - Grande Gestion des Eaux\",\"isPartOf\":{\"@id\":\"http:\/\/grandeinc.com\/fr\/#website\"},\"primaryImageOfPage\":{\"@id\":\"https:\/\/grandeinc.com\/produits\/degrilleur-de-debordement-3\/deversoir-de-flexion-acu-bend\/#primaryimage\"},\"image\":{\"@id\":\"https:\/\/grandeinc.com\/produits\/degrilleur-de-debordement-3\/deversoir-de-flexion-acu-bend\/#primaryimage\"},\"thumbnailUrl\":\"http:\/\/grandeinc.com\/wp-content\/uploads\/2024\/05\/acu-bend-01.jpg\",\"datePublished\":\"2024-07-02T21:49:58+00:00\",\"dateModified\":\"2024-07-16T03:31:23+00:00\",\"breadcrumb\":{\"@id\":\"https:\/\/grandeinc.com\/produits\/degrilleur-de-debordement-3\/deversoir-de-flexion-acu-bend\/#breadcrumb\"},\"inLanguage\":\"en-CA\",\"potentialAction\":[{\"@type\":\"ReadAction\",\"target\":[\"https:\/\/grandeinc.com\/produits\/degrilleur-de-debordement-3\/deversoir-de-flexion-acu-bend\/\"]}]},{\"@type\":\"ImageObject\",\"inLanguage\":\"en-CA\",\"@id\":\"https:\/\/grandeinc.com\/produits\/degrilleur-de-debordement-3\/deversoir-de-flexion-acu-bend\/#primaryimage\",\"url\":\"http:\/\/grandeinc.com\/wp-content\/uploads\/2024\/05\/acu-bend-01.jpg\",\"contentUrl\":\"http:\/\/grandeinc.com\/wp-content\/uploads\/2024\/05\/acu-bend-01.jpg\"},{\"@type\":\"BreadcrumbList\",\"@id\":\"https:\/\/grandeinc.com\/produits\/degrilleur-de-debordement-3\/deversoir-de-flexion-acu-bend\/#breadcrumb\",\"itemListElement\":[{\"@type\":\"ListItem\",\"position\":1,\"name\":\"Accueil\",\"item\":\"https:\/\/grandeinc.com\/\"},{\"@type\":\"ListItem\",\"position\":2,\"name\":\"Produits\",\"item\":\"https:\/\/grandeinc.com\/produits\/\"},{\"@type\":\"ListItem\",\"position\":3,\"name\":\"D\u00e9grilleur de d\u00e9bordement\",\"item\":\"https:\/\/grandeinc.com\/produits\/degrilleur-de-debordement-3\/\"},{\"@type\":\"ListItem\",\"position\":4,\"name\":\"D\u00e9versoir de flexion ACU-BEND\"}]},{\"@type\":\"WebSite\",\"@id\":\"http:\/\/grandeinc.com\/fr\/#website\",\"url\":\"http:\/\/grandeinc.com\/fr\/\",\"name\":\"Grande Gestion des Eaux\",\"description\":\"\",\"publisher\":{\"@id\":\"http:\/\/grandeinc.com\/fr\/#organization\"},\"potentialAction\":[{\"@type\":\"SearchAction\",\"target\":{\"@type\":\"EntryPoint\",\"urlTemplate\":\"http:\/\/grandeinc.com\/fr\/?s={search_term_string}\"},\"query-input\":{\"@type\":\"PropertyValueSpecification\",\"valueRequired\":true,\"valueName\":\"search_term_string\"}}],\"inLanguage\":\"en-CA\"},{\"@type\":\"Organization\",\"@id\":\"http:\/\/grandeinc.com\/fr\/#organization\",\"name\":\"Grande Gestion des Eaux\",\"url\":\"http:\/\/grandeinc.com\/fr\/\",\"logo\":{\"@type\":\"ImageObject\",\"inLanguage\":\"en-CA\",\"@id\":\"http:\/\/grandeinc.com\/fr\/#\/schema\/logo\/image\/\",\"url\":\"https:\/\/grandeinc.com\/wp-content\/uploads\/2024\/11\/logo.png\",\"contentUrl\":\"https:\/\/grandeinc.com\/wp-content\/uploads\/2024\/11\/logo.png\",\"width\":260,\"height\":84,\"caption\":\"Grande Gestion des Eaux\"},\"image\":{\"@id\":\"http:\/\/grandeinc.com\/fr\/#\/schema\/logo\/image\/\"},\"sameAs\":[\"https:\/\/www.facebook.com\/GrandeWaterManagement\"]}]}<\/script>\n<!-- \/ Yoast SEO plugin. -->","yoast_head_json":{"title":"D\u00e9versoir de flexion ACU-BEND - Grande Gestion des Eaux","robots":{"index":"index","follow":"follow","max-snippet":"max-snippet:-1","max-image-preview":"max-image-preview:large","max-video-preview":"max-video-preview:-1"},"canonical":"https:\/\/grandeinc.com\/en\/produits\/degrilleur-de-debordement-3\/deversoir-de-flexion-acu-bend\/","og_locale":"en_US","og_type":"article","og_title":"D\u00e9versoir de flexion ACU-BEND - Grande Gestion des Eaux","og_description":"Demander une brochure Le syst\u00e8me de d\u00e9versoir flexible ACU-BEND est con\u00e7u pour maintenir des niveaux d&rsquo;eau maximaux en amont du d\u00e9versoir, permettant ainsi l&rsquo;utilisation compl\u00e8te de tout le volume de stockage disponible en amont, sans affecter n\u00e9gativement la capacit\u00e9 du d\u00e9versoir de trop-plein dans les applications de trop-plein d&rsquo;\u00e9gouts unitaires (CSO). La conception unique, brevet\u00e9e","og_url":"https:\/\/grandeinc.com\/en\/produits\/degrilleur-de-debordement-3\/deversoir-de-flexion-acu-bend\/","og_site_name":"Grande Gestion des Eaux","article_publisher":"https:\/\/www.facebook.com\/GrandeWaterManagement","article_modified_time":"2024-07-16T03:31:23+00:00","og_image":[{"url":"http:\/\/grandeinc.com\/wp-content\/uploads\/2024\/05\/acu-bend-01.jpg","type":"","width":"","height":""}],"twitter_card":"summary_large_image","twitter_misc":{"Est. reading time":"4 minutes"},"schema":{"@context":"https:\/\/schema.org","@graph":[{"@type":"WebPage","@id":"https:\/\/grandeinc.com\/produits\/degrilleur-de-debordement-3\/deversoir-de-flexion-acu-bend\/","url":"https:\/\/grandeinc.com\/produits\/degrilleur-de-debordement-3\/deversoir-de-flexion-acu-bend\/","name":"D\u00e9versoir de flexion ACU-BEND - Grande Gestion des Eaux","isPartOf":{"@id":"http:\/\/grandeinc.com\/fr\/#website"},"primaryImageOfPage":{"@id":"https:\/\/grandeinc.com\/produits\/degrilleur-de-debordement-3\/deversoir-de-flexion-acu-bend\/#primaryimage"},"image":{"@id":"https:\/\/grandeinc.com\/produits\/degrilleur-de-debordement-3\/deversoir-de-flexion-acu-bend\/#primaryimage"},"thumbnailUrl":"http:\/\/grandeinc.com\/wp-content\/uploads\/2024\/05\/acu-bend-01.jpg","datePublished":"2024-07-02T21:49:58+00:00","dateModified":"2024-07-16T03:31:23+00:00","breadcrumb":{"@id":"https:\/\/grandeinc.com\/produits\/degrilleur-de-debordement-3\/deversoir-de-flexion-acu-bend\/#breadcrumb"},"inLanguage":"en-CA","potentialAction":[{"@type":"ReadAction","target":["https:\/\/grandeinc.com\/produits\/degrilleur-de-debordement-3\/deversoir-de-flexion-acu-bend\/"]}]},{"@type":"ImageObject","inLanguage":"en-CA","@id":"https:\/\/grandeinc.com\/produits\/degrilleur-de-debordement-3\/deversoir-de-flexion-acu-bend\/#primaryimage","url":"http:\/\/grandeinc.com\/wp-content\/uploads\/2024\/05\/acu-bend-01.jpg","contentUrl":"http:\/\/grandeinc.com\/wp-content\/uploads\/2024\/05\/acu-bend-01.jpg"},{"@type":"BreadcrumbList","@id":"https:\/\/grandeinc.com\/produits\/degrilleur-de-debordement-3\/deversoir-de-flexion-acu-bend\/#breadcrumb","itemListElement":[{"@type":"ListItem","position":1,"name":"Accueil","item":"https:\/\/grandeinc.com\/"},{"@type":"ListItem","position":2,"name":"Produits","item":"https:\/\/grandeinc.com\/produits\/"},{"@type":"ListItem","position":3,"name":"D\u00e9grilleur de d\u00e9bordement","item":"https:\/\/grandeinc.com\/produits\/degrilleur-de-debordement-3\/"},{"@type":"ListItem","position":4,"name":"D\u00e9versoir de flexion ACU-BEND"}]},{"@type":"WebSite","@id":"http:\/\/grandeinc.com\/fr\/#website","url":"http:\/\/grandeinc.com\/fr\/","name":"Grande Gestion des Eaux","description":"","publisher":{"@id":"http:\/\/grandeinc.com\/fr\/#organization"},"potentialAction":[{"@type":"SearchAction","target":{"@type":"EntryPoint","urlTemplate":"http:\/\/grandeinc.com\/fr\/?s={search_term_string}"},"query-input":{"@type":"PropertyValueSpecification","valueRequired":true,"valueName":"search_term_string"}}],"inLanguage":"en-CA"},{"@type":"Organization","@id":"http:\/\/grandeinc.com\/fr\/#organization","name":"Grande Gestion des Eaux","url":"http:\/\/grandeinc.com\/fr\/","logo":{"@type":"ImageObject","inLanguage":"en-CA","@id":"http:\/\/grandeinc.com\/fr\/#\/schema\/logo\/image\/","url":"https:\/\/grandeinc.com\/wp-content\/uploads\/2024\/11\/logo.png","contentUrl":"https:\/\/grandeinc.com\/wp-content\/uploads\/2024\/11\/logo.png","width":260,"height":84,"caption":"Grande Gestion des Eaux"},"image":{"@id":"http:\/\/grandeinc.com\/fr\/#\/schema\/logo\/image\/"},"sameAs":["https:\/\/www.facebook.com\/GrandeWaterManagement"]}]}},"_links":{"self":[{"href":"https:\/\/grandeinc.com\/en\/wp-json\/wp\/v2\/pages\/760","targetHints":{"allow":["GET"]}}],"collection":[{"href":"https:\/\/grandeinc.com\/en\/wp-json\/wp\/v2\/pages"}],"about":[{"href":"https:\/\/grandeinc.com\/en\/wp-json\/wp\/v2\/types\/page"}],"author":[{"embeddable":true,"href":"https:\/\/grandeinc.com\/en\/wp-json\/wp\/v2\/users\/4"}],"replies":[{"embeddable":true,"href":"https:\/\/grandeinc.com\/en\/wp-json\/wp\/v2\/comments?post=760"}],"version-history":[{"count":10,"href":"https:\/\/grandeinc.com\/en\/wp-json\/wp\/v2\/pages\/760\/revisions"}],"predecessor-version":[{"id":1224,"href":"https:\/\/grandeinc.com\/en\/wp-json\/wp\/v2\/pages\/760\/revisions\/1224"}],"up":[{"embeddable":true,"href":"https:\/\/grandeinc.com\/en\/wp-json\/wp\/v2\/pages\/590"}],"wp:attachment":[{"href":"https:\/\/grandeinc.com\/en\/wp-json\/wp\/v2\/media?parent=760"}],"curies":[{"name":"wp","href":"https:\/\/api.w.org\/{rel}","templated":true}]}}