{"id":741,"date":"2024-06-02T17:03:44","date_gmt":"2024-06-02T21:03:44","guid":{"rendered":"https:\/\/grandeinc.com\/?page_id=741"},"modified":"2024-07-15T23:35:51","modified_gmt":"2024-07-16T03:35:51","slug":"acu-drum-tambour-pivotant","status":"publish","type":"page","link":"https:\/\/grandeinc.com\/en\/produits\/rincage-des-reservoirs-et-des-egouts-2\/acu-drum-tambour-pivotant\/","title":{"rendered":"ACU-DRUM (rotating drum)"},"content":{"rendered":"<p><section class=\"kc-elm kc-css-863007 kc_row\"><div class=\"kc-row-container  kc-container\"><div class=\"kc-wrap-columns\"><div class=\"kc-elm kc-css-693050 kc_col-sm-6 kc_column kc_col-sm-6\"><div class=\"kc-col-container\"><div class=\"kc-elm kc-css-162667 kc_shortcode kc_single_image\">\n\n        <img decoding=\"async\" src=\"https:\/\/grandeinc.com\/wp-content\/uploads\/2024\/05\/acu-drum-01.jpg\" class=\"\" alt=\"\" \/>    <\/div>\n\n<div class=\"kc-elm kc-css-172941\">\n\t<a class=\"kc_button\" href=\"\/en\/contactez-nous\/\" target=\"_self\" title=\"\" onclick=\"\">\n\t\tRequest a brochure\t<\/a>\n<\/div>\n<\/div><\/div><div class=\"kc-elm kc-css-363963 kc_col-sm-6 kc_column kc_col-sm-6\"><div class=\"kc-col-container\"><div class=\"kc-elm kc-css-762923 kc_text_block\"><\/p>\n<p>\nThe ACU-DRUM rotating drum system is a sediment flushing device designed to remove debris deposited in stormwater holding tanks, combined sewer overflow (CSO) holding tanks, sanitary sewer overflow (SSO) equalization tanks and tank bottoms, using a single flush. It has been used in CSO and SSO applications and can be used in agricultural and industrial applications to clean any reservoir, tank or batch-processing tank.<\/p>\n<p>The system works by releasing a torrent of water stored in the rotating drum. The resulting flushing wave progresses along the entire length of the flushing path, pushing the debris deposited in front of it. The re-suspended debris is then transported by the flushing water to the treatment plant for disposal.<\/p>\n<p>The rotating drum system offers several advantages over other types of sediment flushing devices. Although similar in design to the ACU-TIP tilting bucket, the ACU-DRUM  drum differs in that it is designed to use in-situ water for flushing. This sediment flushing device is installed at ground level in the tank. The system's only mechanical components are two permanently lubricated end bearings and the trigger mechanism. As a result, the need for maintenance is reduced, ensuring trouble-free, economical operation. The ACU-DRUM rotating drum can be installed in new tanks or easily retrofitted to existing installations. The following components are included in the ACU-DRUM rotating drum system: rotating drum, supports, bearings, anchoring system, float and release mechanism.<\/p>\n<p>\n<\/div><\/div><\/div><\/div><\/div><\/section><section class=\"kc-elm kc-css-114037 kc_row\"><div class=\"kc-row-container  kc-container\"><div class=\"kc-wrap-columns\"><div class=\"kc-elm kc-css-227747 kc_col-sm-6 kc_column kc_col-sm-6\"><div class=\"kc-col-container\">\n<div class=\"kc-elm kc-css-579643 kc-title-wrap\">\n\n\t<h2 class=\"kc_title\">Features<\/h2>\n<\/div>\n<div class=\"kc-elm kc-css-284297 kc_text_block\"><\/p>\n<p>\n-Flushes even if only partially full<\/p>\n<p>-Permanently lubricated bearings<\/p>\n<p>-Operates without external power<\/p>\n<p>-No structural modifications required<\/p>\n<p>-No fresh water supply required<\/p>\n<p>-\u00c9conomique et facile \u00e0 installer<\/p>\n<p>-Easy to adapt to existing installations<\/p>\n<p>-Stainless steel construction<\/p>\n<p>\n<\/div><\/div><\/div><div class=\"kc-elm kc-css-307828 kc_col-sm-6 kc_column kc_col-sm-6\"><div class=\"kc-col-container\"><div class=\"kc-elm kc-css-484055 kc-raw-code\"><iframe loading=\"lazy\" width=\"560\" height=\"315\" src=\"https:\/\/www.youtube.com\/embed\/sZprdoyp10Y?si=RyZWvKoBbYWTH7JJ\" title=\"YouTube video player\" frameborder=\"0\" allow=\"accelerometer; autoplay; clipboard-write; encrypted-media; gyroscope; picture-in-picture; web-share\" referrerpolicy=\"strict-origin-when-cross-origin\" allowfullscreen><\/iframe><\/div><\/div><\/div><\/div><\/div><\/section><section class=\"kc-elm kc-css-990709 kc_row\"><div class=\"kc-row-container  kc-container\"><div class=\"kc-wrap-columns\"><div class=\"kc-elm kc-css-898291 kc_col-sm-6 kc_column kc_col-sm-6\"><div class=\"kc-col-container\"><div class=\"kc-elm kc-css-757705 kc_shortcode kc_single_image\">\n\n        <img decoding=\"async\" src=\"https:\/\/grandeinc.com\/wp-content\/uploads\/2024\/05\/acu-gate-02-1.jpg\" class=\"\" alt=\"\" \/>    <\/div>\n<\/div><\/div><div class=\"kc-elm kc-css-671490 kc_col-sm-6 kc_column kc_col-sm-6\"><div class=\"kc-col-container\">\n<div class=\"kc-elm kc-css-129078 kc-title-wrap\">\n\n\t<h2 class=\"kc_title\">Scope of application<\/h2>\n<\/div>\n<div class=\"kc-elm kc-css-492073 kc_text_block\"><\/p>\n<p>\nThe ACU-DRUM rotating drum may vary from the GAD-60 to the GAD-200. The GAD-60 can hold 60 gallons per foot (750 L\/m) of fixture length, and the GAD-200 can hold 200 gallons per foot (2,500 L\/m) of fixture length. ACU-DRUM model selection is based on the length of the flush pipe and the slope of the tank bottom. To date, the maximum flush length is 120 feet (36 m).<\/p>\n<p>\n<\/div><\/div><\/div><\/div><\/div><\/section><section class=\"kc-elm kc-css-377948 kc_row\"><div class=\"kc-row-container  kc-container\"><div class=\"kc-wrap-columns\"><div class=\"kc-elm kc-css-375274 kc_col-sm-6 kc_column kc_col-sm-6\"><div class=\"kc-col-container\">\n<div class=\"kc-elm kc-css-992722 kc-title-wrap\">\n\n\t<h2 class=\"kc_title\">System of operation<\/h2>\n<\/div>\n<div class=\"kc-elm kc-css-5194 kc_text_block\"><\/p>\n<p>\nThe unique design of the ACU-DRUM Rotating drum allows it to be filled with water in situ, and is available as a self-filling or external-filling model.<\/p>\n<p>The self-filling model normally stays in the rinse position and has two built-in floats. These floats lift the sediment rinse device up and fill it with water as the tank fills. A float in the sump rises with the water level in the tank and activates the ratchet lock mechanism.<\/p>\n<p>The externally-filled model is designed to remain in a locked, upright position thanks to the use of integrated counterweights, and is filled via a hose. Incoming water is first diverted to the ACU-DRUM Rotating drum before filling the tank.<\/p>\n<p>In both cases, when the water level in the reservoir drops, a float in the sump activates the flush mechanism. The sediment flushing device pivots, sending the stored water to the bottom of the reservoir, causing a torrent of water to flow along the flushing path, scouring any debris deposited from the bottom of the reservoir.<\/p>\n<p>The ACU-DRUM's flush sequence can also be controlled by an electronic trigger mechanism, or hydraulically if you prefer the float-operated mechanism.<\/p>\n<p>\n<\/div><\/div><\/div><div class=\"kc-elm kc-css-765096 kc_col-sm-6 kc_column kc_col-sm-6\"><div class=\"kc-col-container\"><div class=\"kc-elm kc-css-343025 kc_shortcode kc_single_image\">\n\n        <img decoding=\"async\" src=\"https:\/\/grandeinc.com\/wp-content\/uploads\/2024\/05\/acu-drum-03.jpg\" class=\"\" alt=\"\" \/>    <\/div>\n<\/div><\/div><\/div><\/div><\/section><section class=\"kc-elm kc-css-78127 kc_row\"><div class=\"kc-row-container  kc-container\"><div class=\"kc-wrap-columns\"><div class=\"kc-elm kc-css-156193 kc_col-sm-12 kc_column kc_col-sm-12\"><div class=\"kc-col-container\"><div class=\"kc-image-gallery kc-elm kc-css-975184\">\n<div class=\"kc_image_gallery kc-carousel-image kc-grid\">\n<div class=\"item-grid grid-4\"><img decoding=\"async\" src=\"https:\/\/grandeinc.com\/wp-content\/uploads\/2024\/05\/acu-drum-06.jpg\" alt=\"\"\/><div class=\"kc-image-overlay\"><i class=\"fa-plus\"><\/i><\/div><\/div><div class=\"item-grid grid-4\"><img decoding=\"async\" src=\"https:\/\/grandeinc.com\/wp-content\/uploads\/2024\/05\/acu-drum-05.jpg\" alt=\"\"\/><div class=\"kc-image-overlay\"><i class=\"fa-plus\"><\/i><\/div><\/div><div class=\"item-grid grid-4\"><img decoding=\"async\" src=\"https:\/\/grandeinc.com\/wp-content\/uploads\/2024\/05\/acu-drum-04.jpg\" alt=\"\"\/><div class=\"kc-image-overlay\"><i class=\"fa-plus\"><\/i><\/div><\/div><\/div>\n<\/div><\/div><\/div><\/div><\/div><\/section><\/p>","protected":false},"excerpt":{"rendered":"","protected":false},"author":4,"featured_media":0,"parent":597,"menu_order":0,"comment_status":"closed","ping_status":"closed","template":"","meta":{"footnotes":""},"class_list":["post-741","page","type-page","status-publish","hentry"],"yoast_head":"<!-- This site is optimized with the Yoast SEO plugin v24.0 - https:\/\/yoast.com\/wordpress\/plugins\/seo\/ -->\n<title>ACU-DRUM (tambour pivotant) - Grande Gestion des Eaux<\/title>\n<meta name=\"robots\" content=\"index, follow, max-snippet:-1, max-image-preview:large, max-video-preview:-1\" \/>\n<link rel=\"canonical\" href=\"https:\/\/grandeinc.com\/en\/produits\/rincage-des-reservoirs-et-des-egouts-2\/acu-drum-tambour-pivotant\/\" \/>\n<meta property=\"og:locale\" content=\"en_US\" \/>\n<meta property=\"og:type\" content=\"article\" \/>\n<meta property=\"og:title\" content=\"ACU-DRUM (tambour pivotant) - Grande Gestion des Eaux\" \/>\n<meta property=\"og:description\" content=\"Demander une brochure Le syst\u00e8me \u00e0 tambour pivotant ACU-DRUM est un dispositif de rin\u00e7age des s\u00e9diments con\u00e7u pour \u00e9liminer les d\u00e9bris d\u00e9pos\u00e9s dans les r\u00e9servoirs de r\u00e9tention des eaux pluviales, les r\u00e9servoirs de r\u00e9tention de trop-plein d&rsquo;\u00e9gouts unitaires (CSO), les r\u00e9servoirs d&rsquo;\u00e9galisation de trop-plein d&rsquo;\u00e9gouts sanitaires (SSO) et les fonds de r\u00e9servoirs, en utilisant une\" \/>\n<meta property=\"og:url\" content=\"https:\/\/grandeinc.com\/en\/produits\/rincage-des-reservoirs-et-des-egouts-2\/acu-drum-tambour-pivotant\/\" \/>\n<meta property=\"og:site_name\" content=\"Grande Gestion des Eaux\" \/>\n<meta property=\"article:publisher\" content=\"https:\/\/www.facebook.com\/GrandeWaterManagement\" \/>\n<meta property=\"article:modified_time\" content=\"2024-07-16T03:35:51+00:00\" \/>\n<meta property=\"og:image\" content=\"http:\/\/grandeinc.com\/wp-content\/uploads\/2024\/05\/acu-drum-01.jpg\" \/>\n<meta name=\"twitter:card\" content=\"summary_large_image\" \/>\n<meta name=\"twitter:label1\" content=\"Est. reading time\" \/>\n\t<meta name=\"twitter:data1\" content=\"4 minutes\" \/>\n<script type=\"application\/ld+json\" class=\"yoast-schema-graph\">{\"@context\":\"https:\/\/schema.org\",\"@graph\":[{\"@type\":\"WebPage\",\"@id\":\"https:\/\/grandeinc.com\/produits\/rincage-des-reservoirs-et-des-egouts-2\/acu-drum-tambour-pivotant\/\",\"url\":\"https:\/\/grandeinc.com\/produits\/rincage-des-reservoirs-et-des-egouts-2\/acu-drum-tambour-pivotant\/\",\"name\":\"ACU-DRUM (tambour pivotant) - Grande Gestion des Eaux\",\"isPartOf\":{\"@id\":\"http:\/\/grandeinc.com\/fr\/#website\"},\"primaryImageOfPage\":{\"@id\":\"https:\/\/grandeinc.com\/produits\/rincage-des-reservoirs-et-des-egouts-2\/acu-drum-tambour-pivotant\/#primaryimage\"},\"image\":{\"@id\":\"https:\/\/grandeinc.com\/produits\/rincage-des-reservoirs-et-des-egouts-2\/acu-drum-tambour-pivotant\/#primaryimage\"},\"thumbnailUrl\":\"http:\/\/grandeinc.com\/wp-content\/uploads\/2024\/05\/acu-drum-01.jpg\",\"datePublished\":\"2024-06-02T21:03:44+00:00\",\"dateModified\":\"2024-07-16T03:35:51+00:00\",\"breadcrumb\":{\"@id\":\"https:\/\/grandeinc.com\/produits\/rincage-des-reservoirs-et-des-egouts-2\/acu-drum-tambour-pivotant\/#breadcrumb\"},\"inLanguage\":\"en-CA\",\"potentialAction\":[{\"@type\":\"ReadAction\",\"target\":[\"https:\/\/grandeinc.com\/produits\/rincage-des-reservoirs-et-des-egouts-2\/acu-drum-tambour-pivotant\/\"]}]},{\"@type\":\"ImageObject\",\"inLanguage\":\"en-CA\",\"@id\":\"https:\/\/grandeinc.com\/produits\/rincage-des-reservoirs-et-des-egouts-2\/acu-drum-tambour-pivotant\/#primaryimage\",\"url\":\"http:\/\/grandeinc.com\/wp-content\/uploads\/2024\/05\/acu-drum-01.jpg\",\"contentUrl\":\"http:\/\/grandeinc.com\/wp-content\/uploads\/2024\/05\/acu-drum-01.jpg\"},{\"@type\":\"BreadcrumbList\",\"@id\":\"https:\/\/grandeinc.com\/produits\/rincage-des-reservoirs-et-des-egouts-2\/acu-drum-tambour-pivotant\/#breadcrumb\",\"itemListElement\":[{\"@type\":\"ListItem\",\"position\":1,\"name\":\"Accueil\",\"item\":\"https:\/\/grandeinc.com\/\"},{\"@type\":\"ListItem\",\"position\":2,\"name\":\"Produits\",\"item\":\"https:\/\/grandeinc.com\/produits\/\"},{\"@type\":\"ListItem\",\"position\":3,\"name\":\"Rin\u00e7age des r\u00e9servoirs et des \u00e9gouts\",\"item\":\"https:\/\/grandeinc.com\/produits\/rincage-des-reservoirs-et-des-egouts-2\/\"},{\"@type\":\"ListItem\",\"position\":4,\"name\":\"ACU-DRUM (tambour pivotant)\"}]},{\"@type\":\"WebSite\",\"@id\":\"http:\/\/grandeinc.com\/fr\/#website\",\"url\":\"http:\/\/grandeinc.com\/fr\/\",\"name\":\"Grande Gestion des Eaux\",\"description\":\"\",\"publisher\":{\"@id\":\"http:\/\/grandeinc.com\/fr\/#organization\"},\"potentialAction\":[{\"@type\":\"SearchAction\",\"target\":{\"@type\":\"EntryPoint\",\"urlTemplate\":\"http:\/\/grandeinc.com\/fr\/?s={search_term_string}\"},\"query-input\":{\"@type\":\"PropertyValueSpecification\",\"valueRequired\":true,\"valueName\":\"search_term_string\"}}],\"inLanguage\":\"en-CA\"},{\"@type\":\"Organization\",\"@id\":\"http:\/\/grandeinc.com\/fr\/#organization\",\"name\":\"Grande Gestion des Eaux\",\"url\":\"http:\/\/grandeinc.com\/fr\/\",\"logo\":{\"@type\":\"ImageObject\",\"inLanguage\":\"en-CA\",\"@id\":\"http:\/\/grandeinc.com\/fr\/#\/schema\/logo\/image\/\",\"url\":\"https:\/\/grandeinc.com\/wp-content\/uploads\/2024\/11\/logo.png\",\"contentUrl\":\"https:\/\/grandeinc.com\/wp-content\/uploads\/2024\/11\/logo.png\",\"width\":260,\"height\":84,\"caption\":\"Grande Gestion des Eaux\"},\"image\":{\"@id\":\"http:\/\/grandeinc.com\/fr\/#\/schema\/logo\/image\/\"},\"sameAs\":[\"https:\/\/www.facebook.com\/GrandeWaterManagement\"]}]}<\/script>\n<!-- \/ Yoast SEO plugin. -->","yoast_head_json":{"title":"ACU-DRUM (tambour pivotant) - Grande Gestion des Eaux","robots":{"index":"index","follow":"follow","max-snippet":"max-snippet:-1","max-image-preview":"max-image-preview:large","max-video-preview":"max-video-preview:-1"},"canonical":"https:\/\/grandeinc.com\/en\/produits\/rincage-des-reservoirs-et-des-egouts-2\/acu-drum-tambour-pivotant\/","og_locale":"en_US","og_type":"article","og_title":"ACU-DRUM (tambour pivotant) - Grande Gestion des Eaux","og_description":"Demander une brochure Le syst\u00e8me \u00e0 tambour pivotant ACU-DRUM est un dispositif de rin\u00e7age des s\u00e9diments con\u00e7u pour \u00e9liminer les d\u00e9bris d\u00e9pos\u00e9s dans les r\u00e9servoirs de r\u00e9tention des eaux pluviales, les r\u00e9servoirs de r\u00e9tention de trop-plein d&rsquo;\u00e9gouts unitaires (CSO), les r\u00e9servoirs d&rsquo;\u00e9galisation de trop-plein d&rsquo;\u00e9gouts sanitaires (SSO) et les fonds de r\u00e9servoirs, en utilisant une","og_url":"https:\/\/grandeinc.com\/en\/produits\/rincage-des-reservoirs-et-des-egouts-2\/acu-drum-tambour-pivotant\/","og_site_name":"Grande Gestion des Eaux","article_publisher":"https:\/\/www.facebook.com\/GrandeWaterManagement","article_modified_time":"2024-07-16T03:35:51+00:00","og_image":[{"url":"http:\/\/grandeinc.com\/wp-content\/uploads\/2024\/05\/acu-drum-01.jpg","type":"","width":"","height":""}],"twitter_card":"summary_large_image","twitter_misc":{"Est. reading time":"4 minutes"},"schema":{"@context":"https:\/\/schema.org","@graph":[{"@type":"WebPage","@id":"https:\/\/grandeinc.com\/produits\/rincage-des-reservoirs-et-des-egouts-2\/acu-drum-tambour-pivotant\/","url":"https:\/\/grandeinc.com\/produits\/rincage-des-reservoirs-et-des-egouts-2\/acu-drum-tambour-pivotant\/","name":"ACU-DRUM (tambour pivotant) - Grande Gestion des Eaux","isPartOf":{"@id":"http:\/\/grandeinc.com\/fr\/#website"},"primaryImageOfPage":{"@id":"https:\/\/grandeinc.com\/produits\/rincage-des-reservoirs-et-des-egouts-2\/acu-drum-tambour-pivotant\/#primaryimage"},"image":{"@id":"https:\/\/grandeinc.com\/produits\/rincage-des-reservoirs-et-des-egouts-2\/acu-drum-tambour-pivotant\/#primaryimage"},"thumbnailUrl":"http:\/\/grandeinc.com\/wp-content\/uploads\/2024\/05\/acu-drum-01.jpg","datePublished":"2024-06-02T21:03:44+00:00","dateModified":"2024-07-16T03:35:51+00:00","breadcrumb":{"@id":"https:\/\/grandeinc.com\/produits\/rincage-des-reservoirs-et-des-egouts-2\/acu-drum-tambour-pivotant\/#breadcrumb"},"inLanguage":"en-CA","potentialAction":[{"@type":"ReadAction","target":["https:\/\/grandeinc.com\/produits\/rincage-des-reservoirs-et-des-egouts-2\/acu-drum-tambour-pivotant\/"]}]},{"@type":"ImageObject","inLanguage":"en-CA","@id":"https:\/\/grandeinc.com\/produits\/rincage-des-reservoirs-et-des-egouts-2\/acu-drum-tambour-pivotant\/#primaryimage","url":"http:\/\/grandeinc.com\/wp-content\/uploads\/2024\/05\/acu-drum-01.jpg","contentUrl":"http:\/\/grandeinc.com\/wp-content\/uploads\/2024\/05\/acu-drum-01.jpg"},{"@type":"BreadcrumbList","@id":"https:\/\/grandeinc.com\/produits\/rincage-des-reservoirs-et-des-egouts-2\/acu-drum-tambour-pivotant\/#breadcrumb","itemListElement":[{"@type":"ListItem","position":1,"name":"Accueil","item":"https:\/\/grandeinc.com\/"},{"@type":"ListItem","position":2,"name":"Produits","item":"https:\/\/grandeinc.com\/produits\/"},{"@type":"ListItem","position":3,"name":"Rin\u00e7age des r\u00e9servoirs et des \u00e9gouts","item":"https:\/\/grandeinc.com\/produits\/rincage-des-reservoirs-et-des-egouts-2\/"},{"@type":"ListItem","position":4,"name":"ACU-DRUM (tambour pivotant)"}]},{"@type":"WebSite","@id":"http:\/\/grandeinc.com\/fr\/#website","url":"http:\/\/grandeinc.com\/fr\/","name":"Grande Gestion des Eaux","description":"","publisher":{"@id":"http:\/\/grandeinc.com\/fr\/#organization"},"potentialAction":[{"@type":"SearchAction","target":{"@type":"EntryPoint","urlTemplate":"http:\/\/grandeinc.com\/fr\/?s={search_term_string}"},"query-input":{"@type":"PropertyValueSpecification","valueRequired":true,"valueName":"search_term_string"}}],"inLanguage":"en-CA"},{"@type":"Organization","@id":"http:\/\/grandeinc.com\/fr\/#organization","name":"Grande Gestion des Eaux","url":"http:\/\/grandeinc.com\/fr\/","logo":{"@type":"ImageObject","inLanguage":"en-CA","@id":"http:\/\/grandeinc.com\/fr\/#\/schema\/logo\/image\/","url":"https:\/\/grandeinc.com\/wp-content\/uploads\/2024\/11\/logo.png","contentUrl":"https:\/\/grandeinc.com\/wp-content\/uploads\/2024\/11\/logo.png","width":260,"height":84,"caption":"Grande Gestion des Eaux"},"image":{"@id":"http:\/\/grandeinc.com\/fr\/#\/schema\/logo\/image\/"},"sameAs":["https:\/\/www.facebook.com\/GrandeWaterManagement"]}]}},"_links":{"self":[{"href":"https:\/\/grandeinc.com\/en\/wp-json\/wp\/v2\/pages\/741","targetHints":{"allow":["GET"]}}],"collection":[{"href":"https:\/\/grandeinc.com\/en\/wp-json\/wp\/v2\/pages"}],"about":[{"href":"https:\/\/grandeinc.com\/en\/wp-json\/wp\/v2\/types\/page"}],"author":[{"embeddable":true,"href":"https:\/\/grandeinc.com\/en\/wp-json\/wp\/v2\/users\/4"}],"replies":[{"embeddable":true,"href":"https:\/\/grandeinc.com\/en\/wp-json\/wp\/v2\/comments?post=741"}],"version-history":[{"count":8,"href":"https:\/\/grandeinc.com\/en\/wp-json\/wp\/v2\/pages\/741\/revisions"}],"predecessor-version":[{"id":1222,"href":"https:\/\/grandeinc.com\/en\/wp-json\/wp\/v2\/pages\/741\/revisions\/1222"}],"up":[{"embeddable":true,"href":"https:\/\/grandeinc.com\/en\/wp-json\/wp\/v2\/pages\/597"}],"wp:attachment":[{"href":"https:\/\/grandeinc.com\/en\/wp-json\/wp\/v2\/media?parent=741"}],"curies":[{"name":"wp","href":"https:\/\/api.w.org\/{rel}","templated":true}]}}