{"id":719,"date":"2024-06-02T13:07:51","date_gmt":"2024-06-02T17:07:51","guid":{"rendered":"https:\/\/grandeinc.com\/?page_id=719"},"modified":"2024-07-15T23:36:14","modified_gmt":"2024-07-16T03:36:14","slug":"acu-tip-seau-basculant","status":"publish","type":"page","link":"https:\/\/grandeinc.com\/en\/produits\/rincage-des-reservoirs-et-des-egouts-2\/acu-tip-seau-basculant\/","title":{"rendered":"ACU-TIP (Tilting bucket)"},"content":{"rendered":"<p><section class=\"kc-elm kc-css-413766 kc_row\"><div class=\"kc-row-container  kc-container\"><div class=\"kc-wrap-columns\"><div class=\"kc-elm kc-css-599040 kc_col-sm-6 kc_column kc_col-sm-6\"><div class=\"kc-col-container\"><div class=\"kc-elm kc-css-987264 kc_shortcode kc_single_image\">\n\n        <img decoding=\"async\" src=\"https:\/\/grandeinc.com\/wp-content\/uploads\/2024\/05\/acu-tip-01.jpg\" class=\"\" alt=\"\" \/>    <\/div>\n\n<div class=\"kc-elm kc-css-277324\">\n\t<a class=\"kc_button\" href=\"\/en\/contactez-nous\/\" target=\"_self\" title=\"\" onclick=\"\">\n\t\tRequest a brochure\t<\/a>\n<\/div>\n<\/div><\/div><div class=\"kc-elm kc-css-618778 kc_col-sm-6 kc_column kc_col-sm-6\"><div class=\"kc-col-container\"><div class=\"kc-elm kc-css-383731 kc_text_block\"><\/p>\n<p>\nThe ACU-TIP tipping bucket is a sediment flushing system designed to remove debris deposited at the bottom of tanks, such as stormwater retention tanks or CSOs and sanitary equalization tanks. The system works by releasing a torrent of fresh water stored in the tipping bucket. The resulting flushing wave progresses along the entirety of the drainage channel, pushing the debris deposited in front of it. The re-suspended debris are then transported by the flushing water to the treatment plant for disposal.<\/p>\n<p><span style=\"font-style: inherit;\">The ACU-TIP offers several advantages over other types of sediment removal systems. Firstly, because the system uses fresh water as the source of the flushing wave, no additional debris is introduced into the tank once the flushing operation is complete. Secondly, in the rare event that additional rinses are required, the tipping bucket filling system can be easily reactivated and the rinsing sequence repeated. Thirdly, as the ACU-TIP tipping bucket is suspended above the tank and never comes into contact with debris, the need for maintenance is reduced, ensuring trouble-free, economical operation. Finally, the ACU-TIP can be installed in new tanks, or easily retrofitted to existing storage tanks.<\/span><\/p>\n<p>\n<\/div><\/div><\/div><\/div><\/div><\/section><section class=\"kc-elm kc-css-438035 kc_row\"><div class=\"kc-row-container  kc-container\"><div class=\"kc-wrap-columns\"><div class=\"kc-elm kc-css-422596 kc_col-sm-6 kc_column kc_col-sm-6\"><div class=\"kc-col-container\">\n<div class=\"kc-elm kc-css-892950 kc-title-wrap\">\n\n\t<h2 class=\"kc_title\">Features<\/h2>\n<\/div>\n<div class=\"kc-elm kc-css-877569 kc-raw-code\"><br>Uses clean water for rinsing<\/br>\r\n<br>Uses any available water source (drinking water, groundwater, treated effluent)<\/br>\r\n<br>Unlimited releases if necessary.<\/br>\r\n<br>Stainless steel construction<\/br>\r\n<br>Can be easily installed in new tanks or retrofitted to existing tanks.<\/br>\r\n<br>Near maintenance-free, sealed bearings lubricated for life.<\/br>\r\n<br>Economical and easy to install<\/br>\r\n<br>Supports Tilting forwards or backwards<\/br>\r\n<br>Supported on tank rear wall, side wall or roof slab.<\/br><\/div><\/div><\/div><div class=\"kc-elm kc-css-880962 kc_col-sm-6 kc_column kc_col-sm-6\"><div class=\"kc-col-container\"><div class=\"kc-elm kc-css-505338 kc-raw-code\"><iframe loading=\"lazy\" width=\"560\" height=\"315\" src=\"https:\/\/www.youtube.com\/embed\/KUJ1-spavFY?si=-kI_2Dj-cdc5mA70\" title=\"YouTube video player\" frameborder=\"0\" allow=\"accelerometer; autoplay; clipboard-write; encrypted-media; gyroscope; picture-in-picture; web-share\" referrerpolicy=\"strict-origin-when-cross-origin\" allowfullscreen><\/iframe><\/div><\/div><\/div><\/div><\/div><\/section><section class=\"kc-elm kc-css-818681 kc_row\"><div class=\"kc-row-container  kc-container\"><div class=\"kc-wrap-columns\"><div class=\"kc-elm kc-css-374712 kc_col-sm-6 kc_column kc_col-sm-6\"><div class=\"kc-col-container\"><div class=\"kc-elm kc-css-879363 kc_shortcode kc_single_image\">\n\n        <img decoding=\"async\" src=\"https:\/\/grandeinc.com\/wp-content\/uploads\/2024\/05\/ACU-PAS-1Top-view-303x165-1.jpg\" class=\"\" alt=\"\" \/>    <\/div>\n<\/div><\/div><div class=\"kc-elm kc-css-52388 kc_col-sm-6 kc_column kc_col-sm-6\"><div class=\"kc-col-container\">\n<div class=\"kc-elm kc-css-20630 kc-title-wrap\">\n\n\t<h2 class=\"kc_title\">How it works<\/h2>\n<\/div>\n<div class=\"kc-elm kc-css-286968 kc_text_block\"><\/p>\n<p>\nThe unique design of the ACU-TIP tipping bucket allows it to rest in a horizontal position when empty. When the fresh water supply is activated, the ACU-TIP tank will fill up to a predetermined level. In this case, due to the specific design of the ACU-TIP, the center of gravity shifts, causing the sediment flushing device to pivot backwards (or forwards if necessary), sending the stored water over the rear wall, resulting in a torrent of fresh water flowing down the entire length of the flushing channel, scouring away any debris deposited on the tank bottom.<\/p>\n<p>Once empty, the ACU-TIP returns to its normal horizontal position, ready to repeat the sequence should the need arise. Under normal conditions, a single flush is required to achieve the desired results. Exceptionally, under high load conditions, several flushes may be necessary.<\/p>\n<p>Depending on the size of the tank, the size and therefore the capacity of the ACU-TIP will vary, affecting the filling time. On average, the ACU-TIP should take around 15 minutes to fill.<\/p>\n<p>\n<\/div><\/div><\/div><\/div><\/div><\/section><\/p>","protected":false},"excerpt":{"rendered":"","protected":false},"author":4,"featured_media":0,"parent":597,"menu_order":0,"comment_status":"closed","ping_status":"closed","template":"","meta":{"footnotes":""},"class_list":["post-719","page","type-page","status-publish","hentry"],"yoast_head":"<!-- This site is optimized with the Yoast SEO plugin v24.0 - https:\/\/yoast.com\/wordpress\/plugins\/seo\/ -->\n<title>ACU-TIP (Seau Basculant) - Grande Gestion des Eaux<\/title>\n<meta name=\"robots\" content=\"index, follow, max-snippet:-1, max-image-preview:large, max-video-preview:-1\" \/>\n<link rel=\"canonical\" href=\"https:\/\/grandeinc.com\/en\/produits\/rincage-des-reservoirs-et-des-egouts-2\/acu-tip-seau-basculant\/\" \/>\n<meta property=\"og:locale\" content=\"en_US\" \/>\n<meta property=\"og:type\" content=\"article\" \/>\n<meta property=\"og:title\" content=\"ACU-TIP (Seau Basculant) - Grande Gestion des Eaux\" \/>\n<meta property=\"og:description\" content=\"Demander une brochure L&rsquo;auget basculant ACU-TIP est un syst\u00e8me de chasse de s\u00e9diments con\u00e7u pour \u00e9liminer les d\u00e9bris d\u00e9pos\u00e9s au fond des r\u00e9servoirs, tels que les r\u00e9servoirs de r\u00e9tention des eaux pluviales ou CSO et les r\u00e9servoirs d&rsquo;\u00e9galisation sanitaire. Le syst\u00e8me fonctionne en lib\u00e9rant un torrent d\u2019eau fra\u00eeche stock\u00e9e dans la benne basculante. La vague\" \/>\n<meta property=\"og:url\" content=\"https:\/\/grandeinc.com\/en\/produits\/rincage-des-reservoirs-et-des-egouts-2\/acu-tip-seau-basculant\/\" \/>\n<meta property=\"og:site_name\" content=\"Grande Gestion des Eaux\" \/>\n<meta property=\"article:publisher\" content=\"https:\/\/www.facebook.com\/GrandeWaterManagement\" \/>\n<meta property=\"article:modified_time\" content=\"2024-07-16T03:36:14+00:00\" \/>\n<meta property=\"og:image\" content=\"http:\/\/grandeinc.com\/wp-content\/uploads\/2024\/05\/acu-tip-01.jpg\" \/>\n<meta name=\"twitter:card\" content=\"summary_large_image\" \/>\n<meta name=\"twitter:label1\" content=\"Est. reading time\" \/>\n\t<meta name=\"twitter:data1\" content=\"3 minutes\" \/>\n<script type=\"application\/ld+json\" class=\"yoast-schema-graph\">{\"@context\":\"https:\/\/schema.org\",\"@graph\":[{\"@type\":\"WebPage\",\"@id\":\"https:\/\/grandeinc.com\/produits\/rincage-des-reservoirs-et-des-egouts-2\/acu-tip-seau-basculant\/\",\"url\":\"https:\/\/grandeinc.com\/produits\/rincage-des-reservoirs-et-des-egouts-2\/acu-tip-seau-basculant\/\",\"name\":\"ACU-TIP (Seau Basculant) - Grande Gestion des Eaux\",\"isPartOf\":{\"@id\":\"http:\/\/grandeinc.com\/fr\/#website\"},\"primaryImageOfPage\":{\"@id\":\"https:\/\/grandeinc.com\/produits\/rincage-des-reservoirs-et-des-egouts-2\/acu-tip-seau-basculant\/#primaryimage\"},\"image\":{\"@id\":\"https:\/\/grandeinc.com\/produits\/rincage-des-reservoirs-et-des-egouts-2\/acu-tip-seau-basculant\/#primaryimage\"},\"thumbnailUrl\":\"http:\/\/grandeinc.com\/wp-content\/uploads\/2024\/05\/acu-tip-01.jpg\",\"datePublished\":\"2024-06-02T17:07:51+00:00\",\"dateModified\":\"2024-07-16T03:36:14+00:00\",\"breadcrumb\":{\"@id\":\"https:\/\/grandeinc.com\/produits\/rincage-des-reservoirs-et-des-egouts-2\/acu-tip-seau-basculant\/#breadcrumb\"},\"inLanguage\":\"en-CA\",\"potentialAction\":[{\"@type\":\"ReadAction\",\"target\":[\"https:\/\/grandeinc.com\/produits\/rincage-des-reservoirs-et-des-egouts-2\/acu-tip-seau-basculant\/\"]}]},{\"@type\":\"ImageObject\",\"inLanguage\":\"en-CA\",\"@id\":\"https:\/\/grandeinc.com\/produits\/rincage-des-reservoirs-et-des-egouts-2\/acu-tip-seau-basculant\/#primaryimage\",\"url\":\"http:\/\/grandeinc.com\/wp-content\/uploads\/2024\/05\/acu-tip-01.jpg\",\"contentUrl\":\"http:\/\/grandeinc.com\/wp-content\/uploads\/2024\/05\/acu-tip-01.jpg\"},{\"@type\":\"BreadcrumbList\",\"@id\":\"https:\/\/grandeinc.com\/produits\/rincage-des-reservoirs-et-des-egouts-2\/acu-tip-seau-basculant\/#breadcrumb\",\"itemListElement\":[{\"@type\":\"ListItem\",\"position\":1,\"name\":\"Accueil\",\"item\":\"https:\/\/grandeinc.com\/\"},{\"@type\":\"ListItem\",\"position\":2,\"name\":\"Produits\",\"item\":\"https:\/\/grandeinc.com\/produits\/\"},{\"@type\":\"ListItem\",\"position\":3,\"name\":\"Rin\u00e7age des r\u00e9servoirs et des \u00e9gouts\",\"item\":\"https:\/\/grandeinc.com\/produits\/rincage-des-reservoirs-et-des-egouts-2\/\"},{\"@type\":\"ListItem\",\"position\":4,\"name\":\"ACU-TIP (Seau Basculant)\"}]},{\"@type\":\"WebSite\",\"@id\":\"http:\/\/grandeinc.com\/fr\/#website\",\"url\":\"http:\/\/grandeinc.com\/fr\/\",\"name\":\"Grande Gestion des Eaux\",\"description\":\"\",\"publisher\":{\"@id\":\"http:\/\/grandeinc.com\/fr\/#organization\"},\"potentialAction\":[{\"@type\":\"SearchAction\",\"target\":{\"@type\":\"EntryPoint\",\"urlTemplate\":\"http:\/\/grandeinc.com\/fr\/?s={search_term_string}\"},\"query-input\":{\"@type\":\"PropertyValueSpecification\",\"valueRequired\":true,\"valueName\":\"search_term_string\"}}],\"inLanguage\":\"en-CA\"},{\"@type\":\"Organization\",\"@id\":\"http:\/\/grandeinc.com\/fr\/#organization\",\"name\":\"Grande Gestion des Eaux\",\"url\":\"http:\/\/grandeinc.com\/fr\/\",\"logo\":{\"@type\":\"ImageObject\",\"inLanguage\":\"en-CA\",\"@id\":\"http:\/\/grandeinc.com\/fr\/#\/schema\/logo\/image\/\",\"url\":\"https:\/\/grandeinc.com\/wp-content\/uploads\/2024\/11\/logo.png\",\"contentUrl\":\"https:\/\/grandeinc.com\/wp-content\/uploads\/2024\/11\/logo.png\",\"width\":260,\"height\":84,\"caption\":\"Grande Gestion des Eaux\"},\"image\":{\"@id\":\"http:\/\/grandeinc.com\/fr\/#\/schema\/logo\/image\/\"},\"sameAs\":[\"https:\/\/www.facebook.com\/GrandeWaterManagement\"]}]}<\/script>\n<!-- \/ Yoast SEO plugin. -->","yoast_head_json":{"title":"ACU-TIP (Seau Basculant) - Grande Gestion des Eaux","robots":{"index":"index","follow":"follow","max-snippet":"max-snippet:-1","max-image-preview":"max-image-preview:large","max-video-preview":"max-video-preview:-1"},"canonical":"https:\/\/grandeinc.com\/en\/produits\/rincage-des-reservoirs-et-des-egouts-2\/acu-tip-seau-basculant\/","og_locale":"en_US","og_type":"article","og_title":"ACU-TIP (Seau Basculant) - Grande Gestion des Eaux","og_description":"Demander une brochure L&rsquo;auget basculant ACU-TIP est un syst\u00e8me de chasse de s\u00e9diments con\u00e7u pour \u00e9liminer les d\u00e9bris d\u00e9pos\u00e9s au fond des r\u00e9servoirs, tels que les r\u00e9servoirs de r\u00e9tention des eaux pluviales ou CSO et les r\u00e9servoirs d&rsquo;\u00e9galisation sanitaire. Le syst\u00e8me fonctionne en lib\u00e9rant un torrent d\u2019eau fra\u00eeche stock\u00e9e dans la benne basculante. La vague","og_url":"https:\/\/grandeinc.com\/en\/produits\/rincage-des-reservoirs-et-des-egouts-2\/acu-tip-seau-basculant\/","og_site_name":"Grande Gestion des Eaux","article_publisher":"https:\/\/www.facebook.com\/GrandeWaterManagement","article_modified_time":"2024-07-16T03:36:14+00:00","og_image":[{"url":"http:\/\/grandeinc.com\/wp-content\/uploads\/2024\/05\/acu-tip-01.jpg","type":"","width":"","height":""}],"twitter_card":"summary_large_image","twitter_misc":{"Est. reading time":"3 minutes"},"schema":{"@context":"https:\/\/schema.org","@graph":[{"@type":"WebPage","@id":"https:\/\/grandeinc.com\/produits\/rincage-des-reservoirs-et-des-egouts-2\/acu-tip-seau-basculant\/","url":"https:\/\/grandeinc.com\/produits\/rincage-des-reservoirs-et-des-egouts-2\/acu-tip-seau-basculant\/","name":"ACU-TIP (Seau Basculant) - Grande Gestion des Eaux","isPartOf":{"@id":"http:\/\/grandeinc.com\/fr\/#website"},"primaryImageOfPage":{"@id":"https:\/\/grandeinc.com\/produits\/rincage-des-reservoirs-et-des-egouts-2\/acu-tip-seau-basculant\/#primaryimage"},"image":{"@id":"https:\/\/grandeinc.com\/produits\/rincage-des-reservoirs-et-des-egouts-2\/acu-tip-seau-basculant\/#primaryimage"},"thumbnailUrl":"http:\/\/grandeinc.com\/wp-content\/uploads\/2024\/05\/acu-tip-01.jpg","datePublished":"2024-06-02T17:07:51+00:00","dateModified":"2024-07-16T03:36:14+00:00","breadcrumb":{"@id":"https:\/\/grandeinc.com\/produits\/rincage-des-reservoirs-et-des-egouts-2\/acu-tip-seau-basculant\/#breadcrumb"},"inLanguage":"en-CA","potentialAction":[{"@type":"ReadAction","target":["https:\/\/grandeinc.com\/produits\/rincage-des-reservoirs-et-des-egouts-2\/acu-tip-seau-basculant\/"]}]},{"@type":"ImageObject","inLanguage":"en-CA","@id":"https:\/\/grandeinc.com\/produits\/rincage-des-reservoirs-et-des-egouts-2\/acu-tip-seau-basculant\/#primaryimage","url":"http:\/\/grandeinc.com\/wp-content\/uploads\/2024\/05\/acu-tip-01.jpg","contentUrl":"http:\/\/grandeinc.com\/wp-content\/uploads\/2024\/05\/acu-tip-01.jpg"},{"@type":"BreadcrumbList","@id":"https:\/\/grandeinc.com\/produits\/rincage-des-reservoirs-et-des-egouts-2\/acu-tip-seau-basculant\/#breadcrumb","itemListElement":[{"@type":"ListItem","position":1,"name":"Accueil","item":"https:\/\/grandeinc.com\/"},{"@type":"ListItem","position":2,"name":"Produits","item":"https:\/\/grandeinc.com\/produits\/"},{"@type":"ListItem","position":3,"name":"Rin\u00e7age des r\u00e9servoirs et des \u00e9gouts","item":"https:\/\/grandeinc.com\/produits\/rincage-des-reservoirs-et-des-egouts-2\/"},{"@type":"ListItem","position":4,"name":"ACU-TIP (Seau Basculant)"}]},{"@type":"WebSite","@id":"http:\/\/grandeinc.com\/fr\/#website","url":"http:\/\/grandeinc.com\/fr\/","name":"Grande Gestion des Eaux","description":"","publisher":{"@id":"http:\/\/grandeinc.com\/fr\/#organization"},"potentialAction":[{"@type":"SearchAction","target":{"@type":"EntryPoint","urlTemplate":"http:\/\/grandeinc.com\/fr\/?s={search_term_string}"},"query-input":{"@type":"PropertyValueSpecification","valueRequired":true,"valueName":"search_term_string"}}],"inLanguage":"en-CA"},{"@type":"Organization","@id":"http:\/\/grandeinc.com\/fr\/#organization","name":"Grande Gestion des Eaux","url":"http:\/\/grandeinc.com\/fr\/","logo":{"@type":"ImageObject","inLanguage":"en-CA","@id":"http:\/\/grandeinc.com\/fr\/#\/schema\/logo\/image\/","url":"https:\/\/grandeinc.com\/wp-content\/uploads\/2024\/11\/logo.png","contentUrl":"https:\/\/grandeinc.com\/wp-content\/uploads\/2024\/11\/logo.png","width":260,"height":84,"caption":"Grande Gestion des Eaux"},"image":{"@id":"http:\/\/grandeinc.com\/fr\/#\/schema\/logo\/image\/"},"sameAs":["https:\/\/www.facebook.com\/GrandeWaterManagement"]}]}},"_links":{"self":[{"href":"https:\/\/grandeinc.com\/en\/wp-json\/wp\/v2\/pages\/719","targetHints":{"allow":["GET"]}}],"collection":[{"href":"https:\/\/grandeinc.com\/en\/wp-json\/wp\/v2\/pages"}],"about":[{"href":"https:\/\/grandeinc.com\/en\/wp-json\/wp\/v2\/types\/page"}],"author":[{"embeddable":true,"href":"https:\/\/grandeinc.com\/en\/wp-json\/wp\/v2\/users\/4"}],"replies":[{"embeddable":true,"href":"https:\/\/grandeinc.com\/en\/wp-json\/wp\/v2\/comments?post=719"}],"version-history":[{"count":15,"href":"https:\/\/grandeinc.com\/en\/wp-json\/wp\/v2\/pages\/719\/revisions"}],"predecessor-version":[{"id":1221,"href":"https:\/\/grandeinc.com\/en\/wp-json\/wp\/v2\/pages\/719\/revisions\/1221"}],"up":[{"embeddable":true,"href":"https:\/\/grandeinc.com\/en\/wp-json\/wp\/v2\/pages\/597"}],"wp:attachment":[{"href":"https:\/\/grandeinc.com\/en\/wp-json\/wp\/v2\/media?parent=719"}],"curies":[{"name":"wp","href":"https:\/\/api.w.org\/{rel}","templated":true}]}}