{"id":597,"date":"2024-06-02T08:04:24","date_gmt":"2024-06-02T12:04:24","guid":{"rendered":"https:\/\/grandeinc.com\/?page_id=597"},"modified":"2024-12-02T16:22:36","modified_gmt":"2024-12-02T21:22:36","slug":"rincage-des-reservoirs-et-des-egouts-2","status":"publish","type":"page","link":"https:\/\/grandeinc.com\/en\/produits\/rincage-des-reservoirs-et-des-egouts-2\/","title":{"rendered":"Tank &amp; Sewer Flushing"},"content":{"rendered":"<p><section class=\"kc-elm kc-css-528223 kc_row\"><div class=\"kc-row-container  kc-container\"><div class=\"kc-wrap-columns\"><div class=\"kc-elm kc-css-225007 kc_col-sm-12 kc_column kc_col-sm-12\"><div class=\"kc-col-container\"><div class=\"kc-elm kc-css-958838 kc_text_block\"><\/p>\n<style type=\"text\/css\"><span data-mce-type=\"bookmark\" style=\"display: inline-block; width: 0px; overflow: hidden; line-height: 0;\" class=\"mce_SELRES_start\">\ufeff<\/span><\/style>\n<section class=\"kc-elm kc-css-662394 kc_row\">\n<div class=\"kc-row-container kc-container\">\n<div class=\"kc-wrap-columns\">\n<div class=\"kc-elm kc-css-700414 kc_column kc_col-sm-12\">\n<div class=\"kc-col-container\">\n<div class=\"kc-elm kc-css-227141 kc_text_block\">\n<p>These sediment flushing systems are designed to remove settled debris from storm water detention tanks, combined sewer overflow (CSO) retention tanks, sanitary sewer overflow (SSO) equalization tanks and reservoir floors, as well as sewer inverts, using a single flush. They can and have been used in CSO, SSO, agricultural and in industrial applications to clean any batch process tank, reservoir or basin.<\/p>\n<p>These systems operate by releasing a torrent of water resulting in a flushing wave which progresses down the entirety of the drainage path, pushing debris ahead of it. The re-suspended debris is then carried by the flushed water to the treatment plant for disposal.<\/p>\n<\/div>\n<\/div>\n<\/div>\n<\/div>\n<\/div>\n<\/section>\n<p>\n<\/div><\/div><\/div><\/div><\/div><\/section><section class=\"kc-elm kc-css-848697 kc_row\"><div class=\"kc-row-container  kc-container\"><div class=\"kc-wrap-columns\"><div class=\"kc-elm kc-css-494300 kc_col-sm-4 kc_column kc_col-sm-4\"><div class=\"kc-col-container\"><div class=\"kc-elm kc-css-586166 kc-feature-boxes kc-fb-layout-2\">\n\n\t<figure class=\"content-image\"><img decoding=\"async\" src=\"https:\/\/grandeinc.com\/wp-content\/uploads\/2024\/06\/acu-tip.jpg\" alt=\"\"><\/figure><div class=\"content-title\">Acu-Tip Tiping Bucket<\/div><div class=\"content-desc translation-block\">Low maintenance <br \/>\n\n<br>Unlimited water flow<br>\n<br>Little or no contact with debris<br>\n<br>Uses available water supply<br>\n<br>Easy to adapt to existing installations<br>\n<br>Stainless steel construction<br><\/div><div class=\"content-button\"><a href=\"\/en\/produits\/rincage-des-reservoirs-et-des-egouts-2\/acu-tip-seau-basculant\/\" target=\"_self\" title=\"\">Learn more<\/a><\/div>\n<\/div>\n<\/div><\/div><div class=\"kc-elm kc-css-201615 kc_col-sm-4 kc_column kc_col-sm-4\"><div class=\"kc-col-container\"><div class=\"kc-elm kc-css-95249 kc-feature-boxes kc-fb-layout-2\">\n\n\t<figure class=\"content-image\"><img decoding=\"async\" src=\"https:\/\/grandeinc.com\/wp-content\/uploads\/2024\/06\/acu-gate.jpg\" alt=\"\"><\/figure><div class=\"content-title\">ACU-GATE flushing gate<\/div><div class=\"content-desc translation-block\"><br>Counterweights rarely come into contact with debris<br>\n<br>No need for bottom clearance<br>\n<br>Optimize on-site storage<br>\n<br>Constant and dynamic operating level that is easily adjustable<br>\n<br>Reduce overflow frequency<br>\n<br>Prevention of reflux<br>\n<br>Easy to adapt to existing installations<br>\n<br>Stainless steel construction<br><\/div><div class=\"content-button\"><a href=\"\/en\/produits\/rincage-des-reservoirs-et-des-egouts-2\/acu-gate-porte-de-rincage\/\" target=\"_self\" title=\"\">Learn more<\/a><\/div>\n<\/div>\n<\/div><\/div><div class=\"kc-elm kc-css-591107 kc_col-sm-4 kc_column kc_col-sm-4\"><div class=\"kc-col-container\"><div class=\"kc-elm kc-css-785625 kc-feature-boxes kc-fb-layout-2\">\n\n\t<figure class=\"content-image\"><img decoding=\"async\" src=\"https:\/\/grandeinc.com\/wp-content\/uploads\/2024\/06\/acu-drum.jpg\" alt=\"\"><\/figure><div class=\"content-title\">Acu-Drum Pivoting Drum<\/div><div class=\"content-desc translation-block\"><br>Will drain even if only partially full<br>\n<br>Works without external energy<br>\n<br>No structural modifications required<br>\n<br>No fresh water supply is required<br>\n<br>Easy to adapt to existing installations<br>\n<br>Stainless steel construction<br><\/div><div class=\"content-button\"><a href=\"\/en\/produits\/rincage-des-reservoirs-et-des-egouts-2\/acu-drum-tambour-pivotant\/\" target=\"_self\" title=\"\">Learn more<\/a><\/div>\n<\/div>\n<\/div><\/div><\/div><\/div><\/section><section class=\"kc-elm kc-css-172964 kc_row\"><div class=\"kc-row-container  kc-container\"><div class=\"kc-wrap-columns\"><div class=\"kc-elm kc-css-653768 kc_col-sm-4 kc_column kc_col-sm-4\"><div class=\"kc-col-container\"><\/div><\/div><div class=\"kc-elm kc-css-22486 kc_col-sm-4 kc_column kc_col-sm-4\"><div class=\"kc-col-container\"><\/div><\/div><div class=\"kc-elm kc-css-201418 kc_col-sm-4 kc_column kc_col-sm-4\"><div class=\"kc-col-container\"><\/div><\/div><\/div><\/div><\/section><\/p>","protected":false},"excerpt":{"rendered":"","protected":false},"author":4,"featured_media":0,"parent":8,"menu_order":0,"comment_status":"closed","ping_status":"closed","template":"","meta":{"footnotes":""},"class_list":["post-597","page","type-page","status-publish","hentry"],"yoast_head":"<!-- This site is optimized with the Yoast SEO plugin v24.0 - https:\/\/yoast.com\/wordpress\/plugins\/seo\/ -->\n<title>Rin\u00e7age des r\u00e9servoirs et des \u00e9gouts - Grande Gestion des Eaux<\/title>\n<meta name=\"robots\" content=\"index, follow, max-snippet:-1, max-image-preview:large, max-video-preview:-1\" \/>\n<link rel=\"canonical\" href=\"https:\/\/grandeinc.com\/en\/produits\/rincage-des-reservoirs-et-des-egouts-2\/\" \/>\n<meta property=\"og:locale\" content=\"en_US\" \/>\n<meta property=\"og:type\" content=\"article\" \/>\n<meta property=\"og:title\" content=\"Rin\u00e7age des r\u00e9servoirs et des \u00e9gouts - Grande Gestion des Eaux\" \/>\n<meta property=\"og:description\" content=\"Ces syst\u00e8mes d&rsquo;\u00e9vacuation des s\u00e9diments sont con\u00e7us pour \u00e9liminer les d\u00e9bris d\u00e9pos\u00e9s dans les r\u00e9servoirs de r\u00e9tention des eaux pluviales, les r\u00e9servoirs de r\u00e9tention de trop-plein d&rsquo;\u00e9gouts unitaires (CSO), les r\u00e9servoirs d&rsquo;\u00e9galisation de trop-plein d&rsquo;\u00e9gouts sanitaires (SSO) et les fonds de r\u00e9servoirs, ainsi que les \u00e9gouts invers\u00e9s, en utilisant une seule chasse d&rsquo;eau. Ils peuvent\" \/>\n<meta property=\"og:url\" content=\"https:\/\/grandeinc.com\/en\/produits\/rincage-des-reservoirs-et-des-egouts-2\/\" \/>\n<meta property=\"og:site_name\" content=\"Grande Gestion des Eaux\" \/>\n<meta property=\"article:publisher\" content=\"https:\/\/www.facebook.com\/GrandeWaterManagement\" \/>\n<meta property=\"article:modified_time\" content=\"2024-12-02T21:22:36+00:00\" \/>\n<meta property=\"og:image\" content=\"http:\/\/grandeinc.com\/wp-content\/uploads\/2024\/06\/acu-tip.jpg\" \/>\n<meta name=\"twitter:card\" content=\"summary_large_image\" \/>\n<meta name=\"twitter:label1\" content=\"Est. reading time\" \/>\n\t<meta name=\"twitter:data1\" content=\"1 minute\" \/>\n<script type=\"application\/ld+json\" class=\"yoast-schema-graph\">{\"@context\":\"https:\/\/schema.org\",\"@graph\":[{\"@type\":\"WebPage\",\"@id\":\"https:\/\/grandeinc.com\/produits\/rincage-des-reservoirs-et-des-egouts-2\/\",\"url\":\"https:\/\/grandeinc.com\/produits\/rincage-des-reservoirs-et-des-egouts-2\/\",\"name\":\"Rin\u00e7age des r\u00e9servoirs et des \u00e9gouts - Grande Gestion des Eaux\",\"isPartOf\":{\"@id\":\"http:\/\/grandeinc.com\/fr\/#website\"},\"primaryImageOfPage\":{\"@id\":\"https:\/\/grandeinc.com\/produits\/rincage-des-reservoirs-et-des-egouts-2\/#primaryimage\"},\"image\":{\"@id\":\"https:\/\/grandeinc.com\/produits\/rincage-des-reservoirs-et-des-egouts-2\/#primaryimage\"},\"thumbnailUrl\":\"http:\/\/grandeinc.com\/wp-content\/uploads\/2024\/06\/acu-tip.jpg\",\"datePublished\":\"2024-06-02T12:04:24+00:00\",\"dateModified\":\"2024-12-02T21:22:36+00:00\",\"breadcrumb\":{\"@id\":\"https:\/\/grandeinc.com\/produits\/rincage-des-reservoirs-et-des-egouts-2\/#breadcrumb\"},\"inLanguage\":\"en-CA\",\"potentialAction\":[{\"@type\":\"ReadAction\",\"target\":[\"https:\/\/grandeinc.com\/produits\/rincage-des-reservoirs-et-des-egouts-2\/\"]}]},{\"@type\":\"ImageObject\",\"inLanguage\":\"en-CA\",\"@id\":\"https:\/\/grandeinc.com\/produits\/rincage-des-reservoirs-et-des-egouts-2\/#primaryimage\",\"url\":\"http:\/\/grandeinc.com\/wp-content\/uploads\/2024\/06\/acu-tip.jpg\",\"contentUrl\":\"http:\/\/grandeinc.com\/wp-content\/uploads\/2024\/06\/acu-tip.jpg\"},{\"@type\":\"BreadcrumbList\",\"@id\":\"https:\/\/grandeinc.com\/produits\/rincage-des-reservoirs-et-des-egouts-2\/#breadcrumb\",\"itemListElement\":[{\"@type\":\"ListItem\",\"position\":1,\"name\":\"Accueil\",\"item\":\"https:\/\/grandeinc.com\/\"},{\"@type\":\"ListItem\",\"position\":2,\"name\":\"Produits\",\"item\":\"https:\/\/grandeinc.com\/produits\/\"},{\"@type\":\"ListItem\",\"position\":3,\"name\":\"Rin\u00e7age des r\u00e9servoirs et des \u00e9gouts\"}]},{\"@type\":\"WebSite\",\"@id\":\"http:\/\/grandeinc.com\/fr\/#website\",\"url\":\"http:\/\/grandeinc.com\/fr\/\",\"name\":\"Grande Gestion des Eaux\",\"description\":\"\",\"publisher\":{\"@id\":\"http:\/\/grandeinc.com\/fr\/#organization\"},\"potentialAction\":[{\"@type\":\"SearchAction\",\"target\":{\"@type\":\"EntryPoint\",\"urlTemplate\":\"http:\/\/grandeinc.com\/fr\/?s={search_term_string}\"},\"query-input\":{\"@type\":\"PropertyValueSpecification\",\"valueRequired\":true,\"valueName\":\"search_term_string\"}}],\"inLanguage\":\"en-CA\"},{\"@type\":\"Organization\",\"@id\":\"http:\/\/grandeinc.com\/fr\/#organization\",\"name\":\"Grande Gestion des Eaux\",\"url\":\"http:\/\/grandeinc.com\/fr\/\",\"logo\":{\"@type\":\"ImageObject\",\"inLanguage\":\"en-CA\",\"@id\":\"http:\/\/grandeinc.com\/fr\/#\/schema\/logo\/image\/\",\"url\":\"https:\/\/grandeinc.com\/wp-content\/uploads\/2024\/11\/logo.png\",\"contentUrl\":\"https:\/\/grandeinc.com\/wp-content\/uploads\/2024\/11\/logo.png\",\"width\":260,\"height\":84,\"caption\":\"Grande Gestion des Eaux\"},\"image\":{\"@id\":\"http:\/\/grandeinc.com\/fr\/#\/schema\/logo\/image\/\"},\"sameAs\":[\"https:\/\/www.facebook.com\/GrandeWaterManagement\"]}]}<\/script>\n<!-- \/ Yoast SEO plugin. -->","yoast_head_json":{"title":"Rin\u00e7age des r\u00e9servoirs et des \u00e9gouts - Grande Gestion des Eaux","robots":{"index":"index","follow":"follow","max-snippet":"max-snippet:-1","max-image-preview":"max-image-preview:large","max-video-preview":"max-video-preview:-1"},"canonical":"https:\/\/grandeinc.com\/en\/produits\/rincage-des-reservoirs-et-des-egouts-2\/","og_locale":"en_US","og_type":"article","og_title":"Rin\u00e7age des r\u00e9servoirs et des \u00e9gouts - Grande Gestion des Eaux","og_description":"Ces syst\u00e8mes d&rsquo;\u00e9vacuation des s\u00e9diments sont con\u00e7us pour \u00e9liminer les d\u00e9bris d\u00e9pos\u00e9s dans les r\u00e9servoirs de r\u00e9tention des eaux pluviales, les r\u00e9servoirs de r\u00e9tention de trop-plein d&rsquo;\u00e9gouts unitaires (CSO), les r\u00e9servoirs d&rsquo;\u00e9galisation de trop-plein d&rsquo;\u00e9gouts sanitaires (SSO) et les fonds de r\u00e9servoirs, ainsi que les \u00e9gouts invers\u00e9s, en utilisant une seule chasse d&rsquo;eau. Ils peuvent","og_url":"https:\/\/grandeinc.com\/en\/produits\/rincage-des-reservoirs-et-des-egouts-2\/","og_site_name":"Grande Gestion des Eaux","article_publisher":"https:\/\/www.facebook.com\/GrandeWaterManagement","article_modified_time":"2024-12-02T21:22:36+00:00","og_image":[{"url":"http:\/\/grandeinc.com\/wp-content\/uploads\/2024\/06\/acu-tip.jpg","type":"","width":"","height":""}],"twitter_card":"summary_large_image","twitter_misc":{"Est. reading time":"1 minute"},"schema":{"@context":"https:\/\/schema.org","@graph":[{"@type":"WebPage","@id":"https:\/\/grandeinc.com\/produits\/rincage-des-reservoirs-et-des-egouts-2\/","url":"https:\/\/grandeinc.com\/produits\/rincage-des-reservoirs-et-des-egouts-2\/","name":"Rin\u00e7age des r\u00e9servoirs et des \u00e9gouts - Grande Gestion des Eaux","isPartOf":{"@id":"http:\/\/grandeinc.com\/fr\/#website"},"primaryImageOfPage":{"@id":"https:\/\/grandeinc.com\/produits\/rincage-des-reservoirs-et-des-egouts-2\/#primaryimage"},"image":{"@id":"https:\/\/grandeinc.com\/produits\/rincage-des-reservoirs-et-des-egouts-2\/#primaryimage"},"thumbnailUrl":"http:\/\/grandeinc.com\/wp-content\/uploads\/2024\/06\/acu-tip.jpg","datePublished":"2024-06-02T12:04:24+00:00","dateModified":"2024-12-02T21:22:36+00:00","breadcrumb":{"@id":"https:\/\/grandeinc.com\/produits\/rincage-des-reservoirs-et-des-egouts-2\/#breadcrumb"},"inLanguage":"en-CA","potentialAction":[{"@type":"ReadAction","target":["https:\/\/grandeinc.com\/produits\/rincage-des-reservoirs-et-des-egouts-2\/"]}]},{"@type":"ImageObject","inLanguage":"en-CA","@id":"https:\/\/grandeinc.com\/produits\/rincage-des-reservoirs-et-des-egouts-2\/#primaryimage","url":"http:\/\/grandeinc.com\/wp-content\/uploads\/2024\/06\/acu-tip.jpg","contentUrl":"http:\/\/grandeinc.com\/wp-content\/uploads\/2024\/06\/acu-tip.jpg"},{"@type":"BreadcrumbList","@id":"https:\/\/grandeinc.com\/produits\/rincage-des-reservoirs-et-des-egouts-2\/#breadcrumb","itemListElement":[{"@type":"ListItem","position":1,"name":"Accueil","item":"https:\/\/grandeinc.com\/"},{"@type":"ListItem","position":2,"name":"Produits","item":"https:\/\/grandeinc.com\/produits\/"},{"@type":"ListItem","position":3,"name":"Rin\u00e7age des r\u00e9servoirs et des \u00e9gouts"}]},{"@type":"WebSite","@id":"http:\/\/grandeinc.com\/fr\/#website","url":"http:\/\/grandeinc.com\/fr\/","name":"Grande Gestion des Eaux","description":"","publisher":{"@id":"http:\/\/grandeinc.com\/fr\/#organization"},"potentialAction":[{"@type":"SearchAction","target":{"@type":"EntryPoint","urlTemplate":"http:\/\/grandeinc.com\/fr\/?s={search_term_string}"},"query-input":{"@type":"PropertyValueSpecification","valueRequired":true,"valueName":"search_term_string"}}],"inLanguage":"en-CA"},{"@type":"Organization","@id":"http:\/\/grandeinc.com\/fr\/#organization","name":"Grande Gestion des Eaux","url":"http:\/\/grandeinc.com\/fr\/","logo":{"@type":"ImageObject","inLanguage":"en-CA","@id":"http:\/\/grandeinc.com\/fr\/#\/schema\/logo\/image\/","url":"https:\/\/grandeinc.com\/wp-content\/uploads\/2024\/11\/logo.png","contentUrl":"https:\/\/grandeinc.com\/wp-content\/uploads\/2024\/11\/logo.png","width":260,"height":84,"caption":"Grande Gestion des Eaux"},"image":{"@id":"http:\/\/grandeinc.com\/fr\/#\/schema\/logo\/image\/"},"sameAs":["https:\/\/www.facebook.com\/GrandeWaterManagement"]}]}},"_links":{"self":[{"href":"https:\/\/grandeinc.com\/en\/wp-json\/wp\/v2\/pages\/597","targetHints":{"allow":["GET"]}}],"collection":[{"href":"https:\/\/grandeinc.com\/en\/wp-json\/wp\/v2\/pages"}],"about":[{"href":"https:\/\/grandeinc.com\/en\/wp-json\/wp\/v2\/types\/page"}],"author":[{"embeddable":true,"href":"https:\/\/grandeinc.com\/en\/wp-json\/wp\/v2\/users\/4"}],"replies":[{"embeddable":true,"href":"https:\/\/grandeinc.com\/en\/wp-json\/wp\/v2\/comments?post=597"}],"version-history":[{"count":22,"href":"https:\/\/grandeinc.com\/en\/wp-json\/wp\/v2\/pages\/597\/revisions"}],"predecessor-version":[{"id":1337,"href":"https:\/\/grandeinc.com\/en\/wp-json\/wp\/v2\/pages\/597\/revisions\/1337"}],"up":[{"embeddable":true,"href":"https:\/\/grandeinc.com\/en\/wp-json\/wp\/v2\/pages\/8"}],"wp:attachment":[{"href":"https:\/\/grandeinc.com\/en\/wp-json\/wp\/v2\/media?parent=597"}],"curies":[{"name":"wp","href":"https:\/\/api.w.org\/{rel}","templated":true}]}}