{"id":1243,"date":"2024-10-21T11:47:42","date_gmt":"2024-10-21T15:47:42","guid":{"rendered":"http:\/\/grandeinc.com\/?page_id=1243"},"modified":"2024-12-02T16:47:27","modified_gmt":"2024-12-02T21:47:27","slug":"gestion-des-inondations","status":"publish","type":"page","link":"https:\/\/grandeinc.com\/en\/gestion-des-inondations\/","title":{"rendered":"Flood management"},"content":{"rendered":"<p><section class=\"kc-elm kc-css-251961 kc_row\"><div class=\"kc-row-container  kc-container\"><div class=\"kc-wrap-columns\"><div class=\"kc-elm kc-css-987958 kc_col-sm-12 kc_column kc_col-sm-12\"><div class=\"kc-col-container\"><div class=\"kc-elm kc-css-480672 kc_row kc_row_inner\"><div class=\"kc-elm kc-css-918339 kc_col-sm-12 kc_column_inner kc_col-sm-12\"><div class=\"kc_wrapper kc-col-inner-container\"><div class=\"kc-elm kc-css-672620 kc_shortcode kc_single_image\">\n\n        <img decoding=\"async\" src=\"https:\/\/grandeinc.com\/wp-content\/uploads\/2024\/12\/Capture-decran-2024-12-02-162554.png\" class=\"\" alt=\"\" \/>    <\/div>\n<\/div><\/div><\/div><\/div><\/div><\/div><\/div><\/section><section class=\"kc-elm kc-css-295283 kc_row\"><div class=\"kc-row-container  kc-container\"><div class=\"kc-wrap-columns\"><div class=\"kc-elm kc-css-251935 kc_col-sm-12 kc_column kc_col-sm-12\"><div class=\"kc-col-container\"><div class=\"kc-elm kc-css-305318 kc_row kc_row_inner\"><div class=\"kc-elm kc-css-921364 kc_col-sm-12 kc_column_inner kc_col-sm-12\"><div class=\"kc_wrapper kc-col-inner-container\">\n<div class=\"kc-elm kc-css-671849 kc-title-wrap\">\n\n\t<h1 class=\"kc_title\">Hope for the best, prepare for the worst<\/h1>\n<\/div>\n<div class=\"kc-elm kc-css-582347 kc_text_block\"><\/p>\n<p style=\"text-align: left;\">Flooding events increase, but not every flood is the same. Flood prevention concepts have to be adaptable to the specific needs on site and the respective budgets. Taking both civil and environmental protection into account, our versatile flood prevention systems are built to meet a wide range of requirements.<\/p>\n<p>\n<\/div><\/div><\/div><\/div><\/div><\/div><\/div><\/div><\/section><section class=\"kc-elm kc-css-927479 kc_row\"><div class=\"kc-row-container  kc-container\"><div class=\"kc-wrap-columns\"><div class=\"kc-elm kc-css-501684 kc_col-sm-6 kc_column kc_col-sm-6\"><div class=\"kc-col-container\"><div class=\"kc-elm kc-css-98237 kc_row kc_row_inner\"><div class=\"kc-elm kc-css-623961 kc_col-sm-12 kc_column_inner kc_col-sm-12\"><div class=\"kc_wrapper kc-col-inner-container\"><div class=\"kc-elm kc-css-349681 kc_shortcode kc_single_image\">\n\n        <img decoding=\"async\" src=\"https:\/\/grandeinc.com\/wp-content\/uploads\/2024\/12\/Capture-decran-2024-12-02-162710.png\" class=\"\" alt=\"\" \/>    <\/div>\n<\/div><\/div><\/div><\/div><\/div><div class=\"kc-elm kc-css-71367 kc_col-sm-6 kc_column kc_col-sm-6\"><div class=\"kc-col-container\"><div class=\"kc-elm kc-css-400714 kc_row kc_row_inner\"><div class=\"kc-elm kc-css-196386 kc_col-sm-12 kc_column_inner kc_col-sm-12\"><div class=\"kc_wrapper kc-col-inner-container\"><div class=\"kc-elm kc-css-1597 kc_text_block\"><\/p>\n<p>Rivers and coastal regions, both traditional human habitats, have been increasingly altered by settle- ment. River straightening and narrowing, the de- velopment of floodplains, and the clearing and sea- ling of green spaces reduce the necessary buffer zones \u2013 to such an extent, that heavy weather events cause immense human and economic damage.<\/p>\n<p>In many cases, it is possible to prepare. Municipali- ties are well advised to learn from what they have neglected in the past and to introduce concepts that help preventing what can be prevented.<\/p>\n<p>\n<\/div><\/div><\/div><\/div><\/div><\/div><\/div><\/div><\/section><section class=\"kc-elm kc-css-714584 kc_row\"><div class=\"kc-row-container  kc-container\"><div class=\"kc-wrap-columns\"><div class=\"kc-elm kc-css-850905 kc_col-sm-6 kc_column kc_col-sm-6\"><div class=\"kc-col-container\"><div class=\"kc-elm kc-css-956737 kc_row kc_row_inner\"><div class=\"kc-elm kc-css-698090 kc_col-sm-12 kc_column_inner kc_col-sm-12\"><div class=\"kc_wrapper kc-col-inner-container\"><div class=\"kc-elm kc-css-138220 kc_shortcode kc_single_image\">\n\n        <img decoding=\"async\" src=\"https:\/\/grandeinc.com\/wp-content\/uploads\/2024\/12\/Capture-decran-2024-12-02-162753.png\" class=\"\" alt=\"\" \/>    <\/div>\n<\/div><\/div><\/div><\/div><\/div><div class=\"kc-elm kc-css-249083 kc_col-sm-6 kc_column kc_col-sm-6\"><div class=\"kc-col-container\"><div class=\"kc-elm kc-css-539568 kc_row kc_row_inner\"><div class=\"kc-elm kc-css-849307 kc_col-sm-12 kc_column_inner kc_col-sm-12\"><div class=\"kc_wrapper kc-col-inner-container\"><div class=\"kc-elm kc-css-803458 kc_shortcode kc_single_image\">\n\n        <img decoding=\"async\" src=\"https:\/\/grandeinc.com\/wp-content\/uploads\/2024\/12\/Capture-decran-2024-12-02-162826.png\" class=\"\" alt=\"\" \/>    <\/div>\n<\/div><\/div><\/div><\/div><\/div><\/div><\/div><\/section><section class=\"kc-elm kc-css-767209 kc_row\"><div class=\"kc-row-container  kc-container\"><div class=\"kc-wrap-columns\"><div class=\"kc-elm kc-css-821129 kc_col-sm-12 kc_column kc_col-sm-12\"><div class=\"kc-col-container\"><div class=\"kc-elm kc-css-406179 kc_row kc_row_inner\"><div class=\"kc-elm kc-css-285 kc_col-sm-12 kc_column_inner kc_col-sm-12\"><div class=\"kc_wrapper kc-col-inner-container\"><div class=\"kc-elm kc-css-812644 kc_shortcode kc_single_image\">\n\n        <img decoding=\"async\" src=\"https:\/\/grandeinc.com\/wp-content\/uploads\/2024\/12\/Capture-decran-2024-12-02-163015.png\" class=\"\" alt=\"\" \/>    <\/div>\n<\/div><\/div><\/div><\/div><\/div><\/div><\/div><\/section><section class=\"kc-elm kc-css-682901 kc_row\"><div class=\"kc-row-container  kc-container\"><div class=\"kc-wrap-columns\"><div class=\"kc-elm kc-css-353077 kc_col-sm-6 kc_column kc_col-sm-6\"><div class=\"kc-col-container\"><div class=\"kc-elm kc-css-559618 kc_row kc_row_inner\"><div class=\"kc-elm kc-css-285123 kc_col-sm-12 kc_column_inner kc_col-sm-12\"><div class=\"kc_wrapper kc-col-inner-container\"><div class=\"kc-elm kc-css-958397 kc_shortcode kc_single_image\">\n\n        <img decoding=\"async\" src=\"https:\/\/grandeinc.com\/wp-content\/uploads\/2024\/12\/Capture-decran-2024-12-02-163054.png\" class=\"\" alt=\"\" \/>    <\/div>\n<\/div><\/div><\/div><\/div><\/div><div class=\"kc-elm kc-css-228605 kc_col-sm-6 kc_column kc_col-sm-6\"><div class=\"kc-col-container\"><div class=\"kc-elm kc-css-71935 kc_row kc_row_inner\"><div class=\"kc-elm kc-css-633584 kc_col-sm-12 kc_column_inner kc_col-sm-12\"><div class=\"kc_wrapper kc-col-inner-container\"><div class=\"kc-elm kc-css-474716 kc_text_block\"><\/p>\n<p>MUHR, whose roots lie in mill technology, has over 60 years of project-related expertise in dealing with water. As a special machine builder, we carry out both small and large projects according to the same principle: Our concepts are perfectly adapted to the situation on site.<br \/>\nWe do static calculations, stability verifications, spe- cial proposals, design preparation, dimensional and cost calculations, construction drawings, detailed solutions, on-site supervision, consulting\/ support for planning offices, documentation and training.<\/p>\n<p>\n<\/div><\/div><\/div><\/div><\/div><\/div><\/div><\/div><\/section><section class=\"kc-elm kc-css-933146 kc_row\"><div class=\"kc-row-container  kc-container\"><div class=\"kc-wrap-columns\"><div class=\"kc-elm kc-css-981984 kc_col-sm-12 kc_column kc_col-sm-12\"><div class=\"kc-col-container\"><div class=\"kc-elm kc-css-106164 kc_row kc_row_inner\"><div class=\"kc-elm kc-css-741958 kc_col-sm-12 kc_column_inner kc_col-sm-12\"><div class=\"kc_wrapper kc-col-inner-container\">\n<div class=\"kc-elm kc-css-214983 kc-title-wrap\">\n\n\t<h2 class=\"kc_title\">MUHR Flood Wall Systems: MFW100 P, E and H<\/h2>\n<\/div>\n<div class=\"kc-elm kc-css-931941 kc_text_block\"><\/p>\n<p>We will always go the extra mile to solve your problem. To address different on-site situations, we offer three series of floodwall systems, starting with the low-cost P- System, available at short notice, to the more robust and project-specific E-System, to the high-capacity H-System for protection against extreme flood heights.<\/p>\n<p>\n<\/div><div class=\"kc-elm kc-css-593947 kc_shortcode kc_single_image\">\n\n        <img decoding=\"async\" src=\"https:\/\/grandeinc.com\/wp-content\/uploads\/2024\/12\/Capture-decran-2024-12-02-163247.png\" class=\"\" alt=\"\" \/>    <\/div>\n<div class=\"kc-elm kc-css-139275 kc_shortcode kc_single_image\">\n\n        <img decoding=\"async\" src=\"https:\/\/grandeinc.com\/wp-content\/uploads\/2024\/12\/Capture-decran-2024-12-02-163352.png\" class=\"\" alt=\"\" \/>    <\/div>\n<\/div><\/div><\/div><\/div><\/div><\/div><\/div><\/section><section class=\"kc-elm kc-css-586001 kc_row\"><div class=\"kc-row-container  kc-container\"><div class=\"kc-wrap-columns\"><div class=\"kc-elm kc-css-233551 kc_col-sm-6 kc_column kc_col-sm-6\"><div class=\"kc-col-container\"><div class=\"kc-elm kc-css-596537 kc_row kc_row_inner\"><div class=\"kc-elm kc-css-259468 kc_col-sm-12 kc_column_inner kc_col-sm-12\"><div class=\"kc_wrapper kc-col-inner-container\"><div class=\"kc-elm kc-css-522977 kc_shortcode kc_single_image\">\n\n        <img decoding=\"async\" src=\"https:\/\/grandeinc.com\/wp-content\/uploads\/2024\/12\/Capture-decran-2024-12-02-163442.png\" class=\"\" alt=\"\" \/>    <\/div>\n<\/div><\/div><\/div><\/div><\/div><div class=\"kc-elm kc-css-370096 kc_col-sm-6 kc_column kc_col-sm-6\"><div class=\"kc-col-container\"><div class=\"kc-elm kc-css-931561 kc_row kc_row_inner\"><div class=\"kc-elm kc-css-859169 kc_col-sm-12 kc_column_inner kc_col-sm-12\"><div class=\"kc_wrapper kc-col-inner-container\"><div class=\"kc-elm kc-css-842040 kc_text_block\"><\/p>\n<p><strong>A system in which all parts interlock<\/strong><\/p>\n<p>The better a system is designed, the smoother it will run on site. In the case of an emergency, every move has to be right. Mobile flood prevention is all about speed, unambiguous use, the seamless interlocking of components and maximum reliability.<br \/>\nIn consulting and planning, you will experience us as competent and at eye level. You can expect tailored, well thought-out solutions and thorough on-site training - so that you will be truly prepared.<\/p>\n<p>\n<\/div><div class=\"kc-elm kc-css-645437 kc_shortcode kc_single_image\">\n\n        <img decoding=\"async\" src=\"https:\/\/grandeinc.com\/wp-content\/uploads\/2024\/12\/Capture-decran-2024-12-02-163511.png\" class=\"\" alt=\"\" \/>    <\/div>\n<\/div><\/div><\/div><\/div><\/div><\/div><\/div><\/section><section class=\"kc-elm kc-css-421315 kc_row\"><div class=\"kc-row-container  kc-container\"><div class=\"kc-wrap-columns\"><div class=\"kc-elm kc-css-17252 kc_col-sm-12 kc_column kc_col-sm-12\"><div class=\"kc-col-container\"><div class=\"kc-elm kc-css-538585 kc_row kc_row_inner\"><div class=\"kc-elm kc-css-412266 kc_col-sm-12 kc_column_inner kc_col-sm-12\"><div class=\"kc_wrapper kc-col-inner-container\">\n<div class=\"kc-elm kc-css-46935 kc-title-wrap\">\n\n\t<h2 class=\"kc_title\">Glass walls and flood gates<\/h2>\n<\/div>\n<div class=\"kc-elm kc-css-584370 kc_text_block\"><\/p>\n<p>Glass walls: Permanent solutions without the negative visual impact. Flood gates: Effective flood prevention with full accessibility.<\/p>\n<p>\n<\/div><div class=\"kc-elm kc-css-191418 kc_shortcode kc_single_image\">\n\n        <img decoding=\"async\" src=\"https:\/\/grandeinc.com\/wp-content\/uploads\/2024\/12\/Capture-decran-2024-12-02-163620.png\" class=\"\" alt=\"\" \/>    <\/div>\n<\/div><\/div><\/div><\/div><\/div><\/div><\/div><\/section><section class=\"kc-elm kc-css-302378 kc_row\"><div class=\"kc-row-container  kc-container\"><div class=\"kc-wrap-columns\"><div class=\"kc-elm kc-css-121234 kc_col-sm-6 kc_column kc_col-sm-6\"><div class=\"kc-col-container\"><div class=\"kc-elm kc-css-94699 kc_row kc_row_inner\"><div class=\"kc-elm kc-css-942665 kc_col-sm-12 kc_column_inner kc_col-sm-12\"><div class=\"kc_wrapper kc-col-inner-container\">\n<div class=\"kc-elm kc-css-139534 kc-title-wrap\">\n\n\t<h2 class=\"kc_title\">Competence<\/h2>\n<\/div>\n<div class=\"kc-elm kc-css-410978 kc_text_block\"><\/p>\n<p>With MUHR, you get all services from a single source. Our certification includes Authorized manufacturer acc. to \u00a719 I WHG (Protection of Environment) and EN 1090-3 EXC3 (Execution of structu- ral aluminium components).<\/p>\n<p>\n<\/div><div class=\"kc-elm kc-css-724360 kc_shortcode kc_single_image\">\n\n        <img decoding=\"async\" src=\"https:\/\/grandeinc.com\/wp-content\/uploads\/2024\/12\/Capture-decran-2024-12-02-164420.png\" class=\"\" alt=\"\" \/>    <\/div>\n<\/div><\/div><\/div><\/div><\/div><div class=\"kc-elm kc-css-535512 kc_col-sm-6 kc_column kc_col-sm-6\"><div class=\"kc-col-container\"><div class=\"kc-elm kc-css-417850 kc_row kc_row_inner\"><div class=\"kc-elm kc-css-510472 kc_col-sm-12 kc_column_inner kc_col-sm-12\"><div class=\"kc_wrapper kc-col-inner-container\"><div class=\"kc-elm kc-css-671259 kc_shortcode kc_single_image\">\n\n        <img decoding=\"async\" src=\"https:\/\/grandeinc.com\/wp-content\/uploads\/2024\/10\/lightweight.png\" class=\"\" alt=\"\" \/>    <\/div>\n<\/div><\/div><\/div><\/div><\/div><\/div><\/div><\/section><section class=\"kc-elm kc-css-95861 kc_row\"><div class=\"kc-row-container  kc-container\"><div class=\"kc-wrap-columns\"><div class=\"kc-elm kc-css-36795 kc_col-sm-12 kc_column kc_col-sm-12\"><div class=\"kc-col-container\"><div class=\"kc-elm kc-css-534647 kc_row kc_row_inner\"><div class=\"kc-elm kc-css-144124 kc_col-sm-12 kc_column_inner kc_col-sm-12\"><div class=\"kc_wrapper kc-col-inner-container\"><div class=\"kc-elm kc-css-33709 kc_shortcode kc_single_image\">\n\n        <img decoding=\"async\" src=\"https:\/\/grandeinc.com\/wp-content\/uploads\/2024\/12\/Capture-decran-2024-12-02-164514.png\" class=\"\" alt=\"\" \/>    <\/div>\n<div class=\"kc-elm kc-css-349617 kc_shortcode kc_single_image\">\n\n        <img decoding=\"async\" src=\"https:\/\/grandeinc.com\/wp-content\/uploads\/2024\/12\/Capture-decran-2024-12-02-164616.png\" class=\"\" alt=\"\" \/>    <\/div>\n<div class=\"kc-elm kc-css-874770 kc_shortcode kc_single_image\">\n\n        <img decoding=\"async\" src=\"https:\/\/grandeinc.com\/wp-content\/uploads\/2024\/12\/Capture-decran-2024-12-02-164705.png\" class=\"\" alt=\"\" \/>    <\/div>\n<\/div><\/div><\/div><\/div><\/div><\/div><\/div><\/section><\/p>","protected":false},"excerpt":{"rendered":"","protected":false},"author":4,"featured_media":0,"parent":0,"menu_order":0,"comment_status":"closed","ping_status":"closed","template":"tpl-king_composer.php","meta":{"footnotes":""},"class_list":["post-1243","page","type-page","status-publish","hentry"],"yoast_head":"<!-- This site is optimized with the Yoast SEO plugin v24.0 - https:\/\/yoast.com\/wordpress\/plugins\/seo\/ -->\n<title>Gestion des inondations - Grande Gestion des Eaux<\/title>\n<meta name=\"robots\" content=\"index, follow, max-snippet:-1, max-image-preview:large, max-video-preview:-1\" \/>\n<link rel=\"canonical\" href=\"https:\/\/grandeinc.com\/en\/gestion-des-inondations\/\" \/>\n<meta property=\"og:locale\" content=\"en_US\" \/>\n<meta property=\"og:type\" content=\"article\" \/>\n<meta property=\"og:title\" content=\"Gestion des inondations - Grande Gestion des Eaux\" \/>\n<meta property=\"og:description\" content=\"Esp\u00e9rez le meilleur, pr\u00e9parez-vous au pire Les inondations sont de plus en plus fr\u00e9quentes, mais elles ne sont pas toutes identiques. Les concepts de pr\u00e9vention des inondations doivent \u00eatre adaptables aux besoins sp\u00e9cifiques du site et aux budgets respectifs. En tenant compte \u00e0 la fois de la protection civile et environnementale, nos syst\u00e8mes polyvalents de\" \/>\n<meta property=\"og:url\" content=\"https:\/\/grandeinc.com\/en\/gestion-des-inondations\/\" \/>\n<meta property=\"og:site_name\" content=\"Grande Gestion des Eaux\" \/>\n<meta property=\"article:publisher\" content=\"https:\/\/www.facebook.com\/GrandeWaterManagement\" \/>\n<meta property=\"article:modified_time\" content=\"2024-12-02T21:47:27+00:00\" \/>\n<meta property=\"og:image\" content=\"http:\/\/grandeinc.com\/wp-content\/uploads\/2024\/12\/Capture-decran-2024-12-02-162554.png\" \/>\n<meta name=\"twitter:card\" content=\"summary_large_image\" \/>\n<meta name=\"twitter:label1\" content=\"Est. reading time\" \/>\n\t<meta name=\"twitter:data1\" content=\"3 minutes\" \/>\n<script type=\"application\/ld+json\" class=\"yoast-schema-graph\">{\"@context\":\"https:\/\/schema.org\",\"@graph\":[{\"@type\":\"WebPage\",\"@id\":\"https:\/\/grandeinc.com\/gestion-des-inondations\/\",\"url\":\"https:\/\/grandeinc.com\/gestion-des-inondations\/\",\"name\":\"Gestion des inondations - Grande Gestion des Eaux\",\"isPartOf\":{\"@id\":\"http:\/\/grandeinc.com\/fr\/#website\"},\"primaryImageOfPage\":{\"@id\":\"https:\/\/grandeinc.com\/gestion-des-inondations\/#primaryimage\"},\"image\":{\"@id\":\"https:\/\/grandeinc.com\/gestion-des-inondations\/#primaryimage\"},\"thumbnailUrl\":\"http:\/\/grandeinc.com\/wp-content\/uploads\/2024\/12\/Capture-decran-2024-12-02-162554.png\",\"datePublished\":\"2024-10-21T15:47:42+00:00\",\"dateModified\":\"2024-12-02T21:47:27+00:00\",\"breadcrumb\":{\"@id\":\"https:\/\/grandeinc.com\/gestion-des-inondations\/#breadcrumb\"},\"inLanguage\":\"en-CA\",\"potentialAction\":[{\"@type\":\"ReadAction\",\"target\":[\"https:\/\/grandeinc.com\/gestion-des-inondations\/\"]}]},{\"@type\":\"ImageObject\",\"inLanguage\":\"en-CA\",\"@id\":\"https:\/\/grandeinc.com\/gestion-des-inondations\/#primaryimage\",\"url\":\"http:\/\/grandeinc.com\/wp-content\/uploads\/2024\/12\/Capture-decran-2024-12-02-162554.png\",\"contentUrl\":\"http:\/\/grandeinc.com\/wp-content\/uploads\/2024\/12\/Capture-decran-2024-12-02-162554.png\"},{\"@type\":\"BreadcrumbList\",\"@id\":\"https:\/\/grandeinc.com\/gestion-des-inondations\/#breadcrumb\",\"itemListElement\":[{\"@type\":\"ListItem\",\"position\":1,\"name\":\"Accueil\",\"item\":\"https:\/\/grandeinc.com\/\"},{\"@type\":\"ListItem\",\"position\":2,\"name\":\"Gestion des inondations\"}]},{\"@type\":\"WebSite\",\"@id\":\"http:\/\/grandeinc.com\/fr\/#website\",\"url\":\"http:\/\/grandeinc.com\/fr\/\",\"name\":\"Grande Gestion des Eaux\",\"description\":\"\",\"publisher\":{\"@id\":\"http:\/\/grandeinc.com\/fr\/#organization\"},\"potentialAction\":[{\"@type\":\"SearchAction\",\"target\":{\"@type\":\"EntryPoint\",\"urlTemplate\":\"http:\/\/grandeinc.com\/fr\/?s={search_term_string}\"},\"query-input\":{\"@type\":\"PropertyValueSpecification\",\"valueRequired\":true,\"valueName\":\"search_term_string\"}}],\"inLanguage\":\"en-CA\"},{\"@type\":\"Organization\",\"@id\":\"http:\/\/grandeinc.com\/fr\/#organization\",\"name\":\"Grande Gestion des Eaux\",\"url\":\"http:\/\/grandeinc.com\/fr\/\",\"logo\":{\"@type\":\"ImageObject\",\"inLanguage\":\"en-CA\",\"@id\":\"http:\/\/grandeinc.com\/fr\/#\/schema\/logo\/image\/\",\"url\":\"https:\/\/grandeinc.com\/wp-content\/uploads\/2024\/11\/logo.png\",\"contentUrl\":\"https:\/\/grandeinc.com\/wp-content\/uploads\/2024\/11\/logo.png\",\"width\":260,\"height\":84,\"caption\":\"Grande Gestion des Eaux\"},\"image\":{\"@id\":\"http:\/\/grandeinc.com\/fr\/#\/schema\/logo\/image\/\"},\"sameAs\":[\"https:\/\/www.facebook.com\/GrandeWaterManagement\"]}]}<\/script>\n<!-- \/ Yoast SEO plugin. -->","yoast_head_json":{"title":"Gestion des inondations - Grande Gestion des Eaux","robots":{"index":"index","follow":"follow","max-snippet":"max-snippet:-1","max-image-preview":"max-image-preview:large","max-video-preview":"max-video-preview:-1"},"canonical":"https:\/\/grandeinc.com\/en\/gestion-des-inondations\/","og_locale":"en_US","og_type":"article","og_title":"Gestion des inondations - Grande Gestion des Eaux","og_description":"Esp\u00e9rez le meilleur, pr\u00e9parez-vous au pire Les inondations sont de plus en plus fr\u00e9quentes, mais elles ne sont pas toutes identiques. Les concepts de pr\u00e9vention des inondations doivent \u00eatre adaptables aux besoins sp\u00e9cifiques du site et aux budgets respectifs. En tenant compte \u00e0 la fois de la protection civile et environnementale, nos syst\u00e8mes polyvalents de","og_url":"https:\/\/grandeinc.com\/en\/gestion-des-inondations\/","og_site_name":"Grande Gestion des Eaux","article_publisher":"https:\/\/www.facebook.com\/GrandeWaterManagement","article_modified_time":"2024-12-02T21:47:27+00:00","og_image":[{"url":"http:\/\/grandeinc.com\/wp-content\/uploads\/2024\/12\/Capture-decran-2024-12-02-162554.png","type":"","width":"","height":""}],"twitter_card":"summary_large_image","twitter_misc":{"Est. reading time":"3 minutes"},"schema":{"@context":"https:\/\/schema.org","@graph":[{"@type":"WebPage","@id":"https:\/\/grandeinc.com\/gestion-des-inondations\/","url":"https:\/\/grandeinc.com\/gestion-des-inondations\/","name":"Gestion des inondations - Grande Gestion des Eaux","isPartOf":{"@id":"http:\/\/grandeinc.com\/fr\/#website"},"primaryImageOfPage":{"@id":"https:\/\/grandeinc.com\/gestion-des-inondations\/#primaryimage"},"image":{"@id":"https:\/\/grandeinc.com\/gestion-des-inondations\/#primaryimage"},"thumbnailUrl":"http:\/\/grandeinc.com\/wp-content\/uploads\/2024\/12\/Capture-decran-2024-12-02-162554.png","datePublished":"2024-10-21T15:47:42+00:00","dateModified":"2024-12-02T21:47:27+00:00","breadcrumb":{"@id":"https:\/\/grandeinc.com\/gestion-des-inondations\/#breadcrumb"},"inLanguage":"en-CA","potentialAction":[{"@type":"ReadAction","target":["https:\/\/grandeinc.com\/gestion-des-inondations\/"]}]},{"@type":"ImageObject","inLanguage":"en-CA","@id":"https:\/\/grandeinc.com\/gestion-des-inondations\/#primaryimage","url":"http:\/\/grandeinc.com\/wp-content\/uploads\/2024\/12\/Capture-decran-2024-12-02-162554.png","contentUrl":"http:\/\/grandeinc.com\/wp-content\/uploads\/2024\/12\/Capture-decran-2024-12-02-162554.png"},{"@type":"BreadcrumbList","@id":"https:\/\/grandeinc.com\/gestion-des-inondations\/#breadcrumb","itemListElement":[{"@type":"ListItem","position":1,"name":"Accueil","item":"https:\/\/grandeinc.com\/"},{"@type":"ListItem","position":2,"name":"Gestion des inondations"}]},{"@type":"WebSite","@id":"http:\/\/grandeinc.com\/fr\/#website","url":"http:\/\/grandeinc.com\/fr\/","name":"Grande Gestion des Eaux","description":"","publisher":{"@id":"http:\/\/grandeinc.com\/fr\/#organization"},"potentialAction":[{"@type":"SearchAction","target":{"@type":"EntryPoint","urlTemplate":"http:\/\/grandeinc.com\/fr\/?s={search_term_string}"},"query-input":{"@type":"PropertyValueSpecification","valueRequired":true,"valueName":"search_term_string"}}],"inLanguage":"en-CA"},{"@type":"Organization","@id":"http:\/\/grandeinc.com\/fr\/#organization","name":"Grande Gestion des Eaux","url":"http:\/\/grandeinc.com\/fr\/","logo":{"@type":"ImageObject","inLanguage":"en-CA","@id":"http:\/\/grandeinc.com\/fr\/#\/schema\/logo\/image\/","url":"https:\/\/grandeinc.com\/wp-content\/uploads\/2024\/11\/logo.png","contentUrl":"https:\/\/grandeinc.com\/wp-content\/uploads\/2024\/11\/logo.png","width":260,"height":84,"caption":"Grande Gestion des Eaux"},"image":{"@id":"http:\/\/grandeinc.com\/fr\/#\/schema\/logo\/image\/"},"sameAs":["https:\/\/www.facebook.com\/GrandeWaterManagement"]}]}},"_links":{"self":[{"href":"https:\/\/grandeinc.com\/en\/wp-json\/wp\/v2\/pages\/1243","targetHints":{"allow":["GET"]}}],"collection":[{"href":"https:\/\/grandeinc.com\/en\/wp-json\/wp\/v2\/pages"}],"about":[{"href":"https:\/\/grandeinc.com\/en\/wp-json\/wp\/v2\/types\/page"}],"author":[{"embeddable":true,"href":"https:\/\/grandeinc.com\/en\/wp-json\/wp\/v2\/users\/4"}],"replies":[{"embeddable":true,"href":"https:\/\/grandeinc.com\/en\/wp-json\/wp\/v2\/comments?post=1243"}],"version-history":[{"count":36,"href":"https:\/\/grandeinc.com\/en\/wp-json\/wp\/v2\/pages\/1243\/revisions"}],"predecessor-version":[{"id":1357,"href":"https:\/\/grandeinc.com\/en\/wp-json\/wp\/v2\/pages\/1243\/revisions\/1357"}],"wp:attachment":[{"href":"https:\/\/grandeinc.com\/en\/wp-json\/wp\/v2\/media?parent=1243"}],"curies":[{"name":"wp","href":"https:\/\/api.w.org\/{rel}","templated":true}]}}