{"id":1059,"date":"2024-06-02T22:54:32","date_gmt":"2024-06-03T02:54:32","guid":{"rendered":"https:\/\/grandeinc.com\/?page_id=1059"},"modified":"2024-07-15T23:33:45","modified_gmt":"2024-07-16T03:33:45","slug":"regulateur-a-energie-solaire-acu-sol","status":"publish","type":"page","link":"https:\/\/grandeinc.com\/en\/produits\/regulation-de-debit\/regulateur-a-energie-solaire-acu-sol\/","title":{"rendered":"ACU-SOL Solar-Powered Regulator"},"content":{"rendered":"<section class=\"kc-elm kc-css-644818 kc_row\"><div class=\"kc-row-container  kc-container\"><div class=\"kc-wrap-columns\"><div class=\"kc-elm kc-css-999568 kc_col-sm-12 kc_column kc_col-sm-12\"><div class=\"kc-col-container\"><div class=\"kc-elm kc-css-172667 kc_row kc_row_inner\"><div class=\"kc-elm kc-css-166179 kc_col-sm-6 kc_column_inner kc_col-sm-6\"><div class=\"kc_wrapper kc-col-inner-container\"><div class=\"kc-elm kc-css-2375 kc_shortcode kc_single_image\">\n\n        <img decoding=\"async\" src=\"https:\/\/grandeinc.com\/wp-content\/uploads\/2024\/06\/acu-sol-1-1.jpg\" class=\"\" alt=\"\" \/>    <\/div>\n<\/div><\/div><div class=\"kc-elm kc-css-123703 kc_col-sm-6 kc_column_inner kc_col-sm-6\"><div class=\"kc_wrapper kc-col-inner-container\"><div class=\"kc-elm kc-css-556901 kc_text_block\"><\/p>\n<p>\nThe ACU-SOL solar-powered regulating system is designed to maintain a constant, precise flow (+\/- 5%) from a minimum of 32 gpm (2 L\/s) to a maximum of 4,000 gpm (250 L\/s) for upstream water levels ranging from 0 to 40 feet (12 m). The ACU-SOL solar-powered regulator has been used for flow control in combined sewer systems (CSO), sanitary sewer systems (SSO) and batch plant effluents, and is well suited to regulating very low to medium discharges. The ACU-SOL solar-powered controller is installed downstream of the control point in a dry well and requires no differential head for correct operation.<\/p>\n<p>\n<\/div><\/div><\/div><\/div><div class=\"kc-elm kc-css-427866 kc_row kc_row_inner\"><div class=\"kc-elm kc-css-45638 kc_col-sm-12 kc_column_inner kc_col-sm-12\"><div class=\"kc_wrapper kc-col-inner-container\">\n<div class=\"kc-elm kc-css-578477\">\n\t<a class=\"kc_button\" href=\"\/en\/contactez-nous\/\" target=\"_self\" title=\"\" onclick=\"\">\n\t\tRequest your brochure\t<\/a>\n<\/div>\n<\/div><\/div><\/div><div class=\"kc-elm kc-css-825204 kc_row kc_row_inner\"><div class=\"kc-elm kc-css-80580 kc_col-sm-6 kc_column_inner kc_col-sm-6\"><div class=\"kc_wrapper kc-col-inner-container\"><div class=\"kc-elm kc-css-897455 kc_text_block\"><\/p>\n<h2>Features<\/h2>\n<p>32 gpm to 4,000 gpm (2 to 250 L\/S)<\/p>\n<p>Water head up to 40 ft (12 m)<\/p>\n<p>No ground inversion offset required<\/p>\n<p>Solar energy<\/p>\n<p>Back-up battery power<\/p>\n<p>No electrical connection required<\/p>\n<p>May be used to monitor flows<\/p>\n<p>Can be equipped for remote operation<\/p>\n<p>Automatic rinse effect prevents blockage<\/p>\n<p>The design flow rate can be adjusted on site<\/p>\n<p>Easy to retrofit into existing installations<\/p>\n<p>Construction en acier inoxydable.<\/p>\n<p>\n<\/div><\/div><\/div><div class=\"kc-elm kc-css-4275 kc_col-sm-6 kc_column_inner kc_col-sm-6\"><div class=\"kc_wrapper kc-col-inner-container\">\n\t<div class=\"kc-elm kc-css-560342 kc_shortcode kc_video_play kc_video_wrapper\">\n\t\t\t\t\t\t\t\t<video width=\"600\" height=\"338.98305084746\" controls>\n\t\t\t\t<source src=\"http:\/\/grandeinc.com\/wp-content\/uploads\/2024\/06\/acu-sol-vid.mp4\" type=\"video\/mp4\">\n\t\t\t\tYour browser does not support the video tag.\t\t\t<\/video>\n\n\t\t\t<\/div>\n\n<\/div><\/div><\/div><div class=\"kc-elm kc-css-315708 kc_row kc_row_inner\"><div class=\"kc-elm kc-css-352279 kc_col-sm-6 kc_column_inner kc_col-sm-6\"><div class=\"kc_wrapper kc-col-inner-container\"><div class=\"kc-elm kc-css-483513 kc_shortcode kc_single_image\">\n\n        <img decoding=\"async\" src=\"https:\/\/grandeinc.com\/wp-content\/uploads\/2024\/06\/acu-sol-2.jpg\" class=\"\" alt=\"\" \/>    <\/div>\n<\/div><\/div><div class=\"kc-elm kc-css-814159 kc_col-sm-6 kc_column_inner kc_col-sm-6\"><div class=\"kc_wrapper kc-col-inner-container\"><div class=\"kc-elm kc-css-818284 kc_text_block\"><\/p>\n<h2>Application scope<\/h2>\n<p>The ACU-SOL solar control system ranges from GAS-R-15 to GAS-R-40. The GAS-R-15 has an inlet diameter of 6 inches (15 cm) with a flow range of 32 to 400 gpm (2 to 25 L\/s) and the GAS-R-40 has an inlet diameter of 16 inches (40 cm) with a flow range of 800 to 4,000 gpm (50 to 250 L\/s). ACU-SOL model selection is based entirely on the flow range required.<\/p>\n<p>\n<\/div><\/div><\/div><\/div><div class=\"kc-elm kc-css-624795 kc_row kc_row_inner\"><div class=\"kc-elm kc-css-372783 kc_col-sm-12 kc_column_inner kc_col-sm-12\"><div class=\"kc_wrapper kc-col-inner-container\"><div class=\"kc-elm kc-css-729897 kc_text_block\"><\/p>\n<h2>How it works<\/h2>\n<p>The ACU-SOL solar controller maintains a constant discharge at a defined value independent of the upstream water level. The opening of the ACU-SOL solar controller is adjusted according to the upstream water level to produce a constant discharge. The most important functional elements are the counterweighted pivoting radial gate, the radial gate operator, the upstream water level measuring device, the solar power unit and the control panel. During periods of low flow, the pivoting radial gate remains in the fully open position.<\/p>\n<p>The upstream water level is monitored using an ultrasonic water level meter. This makes it possible to adjust the position of the counterbalanced radial swivel valve according to the set flow value and the flow relationship in the control panel.<\/p>\n<p>The ACU-SOL solar controller is self-flushing to prevent blockages. During operation, the ACU-SOL is programmed at specific intervals to open completely to allow any blockage to pass through the controller unhindered. This eliminates blockage under upstream water level pressure, after which the regulating process resumes.<\/p>\n<p>Each ACU-SOL solar controller is calibrated on a fully functional, large-scale test bench. Each ACU-SOL solar controller is shipped to site pre-set to the desired design flow rate. What's more, the control panel enables future flow adjustments to be made in situ (if required). The controller can then be installed and commissioned without the need for time-consuming and costly in situ calibration or flow measurement.<\/p>\n<p>The ACU-SOL solar controller must be fitted with a servo-control unit to change the design flow rate from fully open to closed. The ACU-SOL solar controller can be fitted with an inductive flow meter which is used to monitor the flow through the unit during periods of dry weather flow. The ACU-SOL solar controller can be controlled using the local control panel or remotely from a central control location.<\/p>\n<p>\n<\/div><\/div><\/div><\/div><\/div><\/div><\/div><\/div><\/section>","protected":false},"excerpt":{"rendered":"","protected":false},"author":4,"featured_media":0,"parent":688,"menu_order":0,"comment_status":"closed","ping_status":"closed","template":"","meta":{"footnotes":""},"class_list":["post-1059","page","type-page","status-publish","hentry"],"yoast_head":"<!-- This site is optimized with the Yoast SEO plugin v24.0 - https:\/\/yoast.com\/wordpress\/plugins\/seo\/ -->\n<title>R\u00e9gulateur \u00e0 \u00e9nergie solaire ACU-SOL - Grande Gestion des Eaux<\/title>\n<meta name=\"robots\" content=\"index, follow, max-snippet:-1, max-image-preview:large, max-video-preview:-1\" \/>\n<link rel=\"canonical\" href=\"https:\/\/grandeinc.com\/en\/produits\/regulation-de-debit\/regulateur-a-energie-solaire-acu-sol\/\" \/>\n<meta property=\"og:locale\" content=\"en_US\" \/>\n<meta property=\"og:type\" content=\"article\" \/>\n<meta property=\"og:title\" content=\"R\u00e9gulateur \u00e0 \u00e9nergie solaire ACU-SOL - Grande Gestion des Eaux\" \/>\n<meta property=\"og:description\" content=\"Le syst\u00e8me de r\u00e9gulation \u00e0 \u00e9nergie solaire ACU-SOL est con\u00e7u pour maintenir un d\u00e9bit constant et pr\u00e9cis (+\/- 5 %) d&rsquo;un minimum de 32 gpm (2 L\/s) \u00e0 un maximum de 4 000 gpm (250 L\/s) pour niveaux d&rsquo;eau en amont variant de 0 \u00e0 40 pieds (12 m). Le r\u00e9gulateur \u00e0 \u00e9nergie solaire ACU-SOL\" \/>\n<meta property=\"og:url\" content=\"https:\/\/grandeinc.com\/en\/produits\/regulation-de-debit\/regulateur-a-energie-solaire-acu-sol\/\" \/>\n<meta property=\"og:site_name\" content=\"Grande Gestion des Eaux\" \/>\n<meta property=\"article:publisher\" content=\"https:\/\/www.facebook.com\/GrandeWaterManagement\" \/>\n<meta property=\"article:modified_time\" content=\"2024-07-16T03:33:45+00:00\" \/>\n<meta property=\"og:image\" content=\"http:\/\/grandeinc.com\/wp-content\/uploads\/2024\/06\/acu-sol-1-1.jpg\" \/>\n<meta name=\"twitter:card\" content=\"summary_large_image\" \/>\n<meta name=\"twitter:label1\" content=\"Est. reading time\" \/>\n\t<meta name=\"twitter:data1\" content=\"3 minutes\" \/>\n<script type=\"application\/ld+json\" class=\"yoast-schema-graph\">{\"@context\":\"https:\/\/schema.org\",\"@graph\":[{\"@type\":\"WebPage\",\"@id\":\"https:\/\/grandeinc.com\/produits\/regulation-de-debit\/regulateur-a-energie-solaire-acu-sol\/\",\"url\":\"https:\/\/grandeinc.com\/produits\/regulation-de-debit\/regulateur-a-energie-solaire-acu-sol\/\",\"name\":\"R\u00e9gulateur \u00e0 \u00e9nergie solaire ACU-SOL - Grande Gestion des Eaux\",\"isPartOf\":{\"@id\":\"http:\/\/grandeinc.com\/fr\/#website\"},\"primaryImageOfPage\":{\"@id\":\"https:\/\/grandeinc.com\/produits\/regulation-de-debit\/regulateur-a-energie-solaire-acu-sol\/#primaryimage\"},\"image\":{\"@id\":\"https:\/\/grandeinc.com\/produits\/regulation-de-debit\/regulateur-a-energie-solaire-acu-sol\/#primaryimage\"},\"thumbnailUrl\":\"http:\/\/grandeinc.com\/wp-content\/uploads\/2024\/06\/acu-sol-1-1.jpg\",\"datePublished\":\"2024-06-03T02:54:32+00:00\",\"dateModified\":\"2024-07-16T03:33:45+00:00\",\"breadcrumb\":{\"@id\":\"https:\/\/grandeinc.com\/produits\/regulation-de-debit\/regulateur-a-energie-solaire-acu-sol\/#breadcrumb\"},\"inLanguage\":\"en-CA\",\"potentialAction\":[{\"@type\":\"ReadAction\",\"target\":[\"https:\/\/grandeinc.com\/produits\/regulation-de-debit\/regulateur-a-energie-solaire-acu-sol\/\"]}]},{\"@type\":\"ImageObject\",\"inLanguage\":\"en-CA\",\"@id\":\"https:\/\/grandeinc.com\/produits\/regulation-de-debit\/regulateur-a-energie-solaire-acu-sol\/#primaryimage\",\"url\":\"http:\/\/grandeinc.com\/wp-content\/uploads\/2024\/06\/acu-sol-1-1.jpg\",\"contentUrl\":\"http:\/\/grandeinc.com\/wp-content\/uploads\/2024\/06\/acu-sol-1-1.jpg\"},{\"@type\":\"BreadcrumbList\",\"@id\":\"https:\/\/grandeinc.com\/produits\/regulation-de-debit\/regulateur-a-energie-solaire-acu-sol\/#breadcrumb\",\"itemListElement\":[{\"@type\":\"ListItem\",\"position\":1,\"name\":\"Accueil\",\"item\":\"https:\/\/grandeinc.com\/\"},{\"@type\":\"ListItem\",\"position\":2,\"name\":\"Produits\",\"item\":\"https:\/\/grandeinc.com\/produits\/\"},{\"@type\":\"ListItem\",\"position\":3,\"name\":\"R\u00e9gulation du d\u00e9bit\",\"item\":\"https:\/\/grandeinc.com\/produits\/regulation-de-debit\/\"},{\"@type\":\"ListItem\",\"position\":4,\"name\":\"R\u00e9gulateur \u00e0 \u00e9nergie solaire ACU-SOL\"}]},{\"@type\":\"WebSite\",\"@id\":\"http:\/\/grandeinc.com\/fr\/#website\",\"url\":\"http:\/\/grandeinc.com\/fr\/\",\"name\":\"Grande Gestion des Eaux\",\"description\":\"\",\"publisher\":{\"@id\":\"http:\/\/grandeinc.com\/fr\/#organization\"},\"potentialAction\":[{\"@type\":\"SearchAction\",\"target\":{\"@type\":\"EntryPoint\",\"urlTemplate\":\"http:\/\/grandeinc.com\/fr\/?s={search_term_string}\"},\"query-input\":{\"@type\":\"PropertyValueSpecification\",\"valueRequired\":true,\"valueName\":\"search_term_string\"}}],\"inLanguage\":\"en-CA\"},{\"@type\":\"Organization\",\"@id\":\"http:\/\/grandeinc.com\/fr\/#organization\",\"name\":\"Grande Gestion des Eaux\",\"url\":\"http:\/\/grandeinc.com\/fr\/\",\"logo\":{\"@type\":\"ImageObject\",\"inLanguage\":\"en-CA\",\"@id\":\"http:\/\/grandeinc.com\/fr\/#\/schema\/logo\/image\/\",\"url\":\"https:\/\/grandeinc.com\/wp-content\/uploads\/2024\/11\/logo.png\",\"contentUrl\":\"https:\/\/grandeinc.com\/wp-content\/uploads\/2024\/11\/logo.png\",\"width\":260,\"height\":84,\"caption\":\"Grande Gestion des Eaux\"},\"image\":{\"@id\":\"http:\/\/grandeinc.com\/fr\/#\/schema\/logo\/image\/\"},\"sameAs\":[\"https:\/\/www.facebook.com\/GrandeWaterManagement\"]}]}<\/script>\n<!-- \/ Yoast SEO plugin. -->","yoast_head_json":{"title":"R\u00e9gulateur \u00e0 \u00e9nergie solaire ACU-SOL - Grande Gestion des Eaux","robots":{"index":"index","follow":"follow","max-snippet":"max-snippet:-1","max-image-preview":"max-image-preview:large","max-video-preview":"max-video-preview:-1"},"canonical":"https:\/\/grandeinc.com\/en\/produits\/regulation-de-debit\/regulateur-a-energie-solaire-acu-sol\/","og_locale":"en_US","og_type":"article","og_title":"R\u00e9gulateur \u00e0 \u00e9nergie solaire ACU-SOL - Grande Gestion des Eaux","og_description":"Le syst\u00e8me de r\u00e9gulation \u00e0 \u00e9nergie solaire ACU-SOL est con\u00e7u pour maintenir un d\u00e9bit constant et pr\u00e9cis (+\/- 5 %) d&rsquo;un minimum de 32 gpm (2 L\/s) \u00e0 un maximum de 4 000 gpm (250 L\/s) pour niveaux d&rsquo;eau en amont variant de 0 \u00e0 40 pieds (12 m). Le r\u00e9gulateur \u00e0 \u00e9nergie solaire ACU-SOL","og_url":"https:\/\/grandeinc.com\/en\/produits\/regulation-de-debit\/regulateur-a-energie-solaire-acu-sol\/","og_site_name":"Grande Gestion des Eaux","article_publisher":"https:\/\/www.facebook.com\/GrandeWaterManagement","article_modified_time":"2024-07-16T03:33:45+00:00","og_image":[{"url":"http:\/\/grandeinc.com\/wp-content\/uploads\/2024\/06\/acu-sol-1-1.jpg","type":"","width":"","height":""}],"twitter_card":"summary_large_image","twitter_misc":{"Est. reading time":"3 minutes"},"schema":{"@context":"https:\/\/schema.org","@graph":[{"@type":"WebPage","@id":"https:\/\/grandeinc.com\/produits\/regulation-de-debit\/regulateur-a-energie-solaire-acu-sol\/","url":"https:\/\/grandeinc.com\/produits\/regulation-de-debit\/regulateur-a-energie-solaire-acu-sol\/","name":"R\u00e9gulateur \u00e0 \u00e9nergie solaire ACU-SOL - Grande Gestion des Eaux","isPartOf":{"@id":"http:\/\/grandeinc.com\/fr\/#website"},"primaryImageOfPage":{"@id":"https:\/\/grandeinc.com\/produits\/regulation-de-debit\/regulateur-a-energie-solaire-acu-sol\/#primaryimage"},"image":{"@id":"https:\/\/grandeinc.com\/produits\/regulation-de-debit\/regulateur-a-energie-solaire-acu-sol\/#primaryimage"},"thumbnailUrl":"http:\/\/grandeinc.com\/wp-content\/uploads\/2024\/06\/acu-sol-1-1.jpg","datePublished":"2024-06-03T02:54:32+00:00","dateModified":"2024-07-16T03:33:45+00:00","breadcrumb":{"@id":"https:\/\/grandeinc.com\/produits\/regulation-de-debit\/regulateur-a-energie-solaire-acu-sol\/#breadcrumb"},"inLanguage":"en-CA","potentialAction":[{"@type":"ReadAction","target":["https:\/\/grandeinc.com\/produits\/regulation-de-debit\/regulateur-a-energie-solaire-acu-sol\/"]}]},{"@type":"ImageObject","inLanguage":"en-CA","@id":"https:\/\/grandeinc.com\/produits\/regulation-de-debit\/regulateur-a-energie-solaire-acu-sol\/#primaryimage","url":"http:\/\/grandeinc.com\/wp-content\/uploads\/2024\/06\/acu-sol-1-1.jpg","contentUrl":"http:\/\/grandeinc.com\/wp-content\/uploads\/2024\/06\/acu-sol-1-1.jpg"},{"@type":"BreadcrumbList","@id":"https:\/\/grandeinc.com\/produits\/regulation-de-debit\/regulateur-a-energie-solaire-acu-sol\/#breadcrumb","itemListElement":[{"@type":"ListItem","position":1,"name":"Accueil","item":"https:\/\/grandeinc.com\/"},{"@type":"ListItem","position":2,"name":"Produits","item":"https:\/\/grandeinc.com\/produits\/"},{"@type":"ListItem","position":3,"name":"R\u00e9gulation du d\u00e9bit","item":"https:\/\/grandeinc.com\/produits\/regulation-de-debit\/"},{"@type":"ListItem","position":4,"name":"R\u00e9gulateur \u00e0 \u00e9nergie solaire ACU-SOL"}]},{"@type":"WebSite","@id":"http:\/\/grandeinc.com\/fr\/#website","url":"http:\/\/grandeinc.com\/fr\/","name":"Grande Gestion des Eaux","description":"","publisher":{"@id":"http:\/\/grandeinc.com\/fr\/#organization"},"potentialAction":[{"@type":"SearchAction","target":{"@type":"EntryPoint","urlTemplate":"http:\/\/grandeinc.com\/fr\/?s={search_term_string}"},"query-input":{"@type":"PropertyValueSpecification","valueRequired":true,"valueName":"search_term_string"}}],"inLanguage":"en-CA"},{"@type":"Organization","@id":"http:\/\/grandeinc.com\/fr\/#organization","name":"Grande Gestion des Eaux","url":"http:\/\/grandeinc.com\/fr\/","logo":{"@type":"ImageObject","inLanguage":"en-CA","@id":"http:\/\/grandeinc.com\/fr\/#\/schema\/logo\/image\/","url":"https:\/\/grandeinc.com\/wp-content\/uploads\/2024\/11\/logo.png","contentUrl":"https:\/\/grandeinc.com\/wp-content\/uploads\/2024\/11\/logo.png","width":260,"height":84,"caption":"Grande Gestion des Eaux"},"image":{"@id":"http:\/\/grandeinc.com\/fr\/#\/schema\/logo\/image\/"},"sameAs":["https:\/\/www.facebook.com\/GrandeWaterManagement"]}]}},"_links":{"self":[{"href":"https:\/\/grandeinc.com\/en\/wp-json\/wp\/v2\/pages\/1059","targetHints":{"allow":["GET"]}}],"collection":[{"href":"https:\/\/grandeinc.com\/en\/wp-json\/wp\/v2\/pages"}],"about":[{"href":"https:\/\/grandeinc.com\/en\/wp-json\/wp\/v2\/types\/page"}],"author":[{"embeddable":true,"href":"https:\/\/grandeinc.com\/en\/wp-json\/wp\/v2\/users\/4"}],"replies":[{"embeddable":true,"href":"https:\/\/grandeinc.com\/en\/wp-json\/wp\/v2\/comments?post=1059"}],"version-history":[{"count":6,"href":"https:\/\/grandeinc.com\/en\/wp-json\/wp\/v2\/pages\/1059\/revisions"}],"predecessor-version":[{"id":1192,"href":"https:\/\/grandeinc.com\/en\/wp-json\/wp\/v2\/pages\/1059\/revisions\/1192"}],"up":[{"embeddable":true,"href":"https:\/\/grandeinc.com\/en\/wp-json\/wp\/v2\/pages\/688"}],"wp:attachment":[{"href":"https:\/\/grandeinc.com\/en\/wp-json\/wp\/v2\/media?parent=1059"}],"curies":[{"name":"wp","href":"https:\/\/api.w.org\/{rel}","templated":true}]}}