{"id":716,"date":"2024-06-02T09:21:32","date_gmt":"2024-06-02T13:21:32","guid":{"rendered":"https:\/\/grandeinc.com\/?page_id=716"},"modified":"2024-12-02T14:37:42","modified_gmt":"2024-12-02T19:37:42","slug":"produits-de-securite","status":"publish","type":"page","link":"http:\/\/grandeinc.com\/fr\/produits\/produits-de-securite\/","title":{"rendered":"Produits de s\u00e9curit\u00e9"},"content":{"rendered":"<p><section class=\"kc-elm kc-css-8201 kc_row\"><div class=\"kc-row-container  kc-container\"><div class=\"kc-wrap-columns\"><div class=\"kc-elm kc-css-463095 kc_col-sm-12 kc_column kc_col-sm-12\"><div class=\"kc-col-container\"><div class=\"kc-elm kc-css-622613 kc_text_block\"><\/p>\n<p>\n<span style=\"color: #646464; font-family: Open Sans;\"><span style=\"font-size: 14px;\">Ces syst\u00e8mes sont con\u00e7us pour r\u00e9duire les accidents et permettre un acc\u00e8s facile et s\u00fbr aux regards d&rsquo;\u00e9gout, aux r\u00e9servoirs, aux bassins et \u00e0 toute structure n\u00e9cessitant une \u00e9chelle.<\/span><\/span><\/p>\n<p>\n<\/div><\/div><\/div><\/div><\/div><\/section><section class=\"kc-elm kc-css-5071 kc_row\"><div class=\"kc-row-container  kc-container\"><div class=\"kc-wrap-columns\"><div class=\"kc-elm kc-css-561693 kc_col-sm-6 kc_column kc_col-sm-6\"><div class=\"kc-col-container\"><div class=\"kc-elm kc-css-872901 kc-feature-boxes kc-fb-layout-2\">\n\n\t<figure class=\"content-image\"><img decoding=\"async\" src=\"https:\/\/grandeinc.com\/wp-content\/uploads\/2024\/06\/sure-climbs.jpg\" alt=\"\"><\/figure><div class=\"content-title\">Poign\u00e9e de s\u00e9curit\u00e9 SURE-CLIMB<\/div><div class=\"content-desc\"><br>Aucun entretien<\/br>\r\n<br>Longueurs personnalis\u00e9es<\/br>\r\n<br>Exp\u00e9di\u00e9 pr\u00eat \u00e0 installer<\/br>\r\n<br>Simple, s\u00e9curis\u00e9 et facile \u00e0 installer<\/br>\r\n<br>Facile \u00e0 adapter aux installations existantes<\/br>\r\n<br>Construction en acier inoxydable<\/br><\/div><div class=\"content-button\"><a href=\"\/produits\/produits-de-securite\/poignee-de-securite-sure-climb\/\" target=\"_self\" title=\"\">En savoir plus<\/a><\/div>\n<\/div>\n<\/div><\/div><div class=\"kc-elm kc-css-934452 kc_col-sm-6 kc_column kc_col-sm-6\"><div class=\"kc-col-container\"><div class=\"kc-elm kc-css-584817 kc-feature-boxes kc-fb-layout-2\">\n\n\t<figure class=\"content-image\"><img decoding=\"async\" src=\"https:\/\/grandeinc.com\/wp-content\/uploads\/2024\/06\/tru-climb.jpg\" alt=\"\"><\/figure><div class=\"content-title\">\u00c9chelle flottante TRU-CLIMB<\/div><div class=\"content-desc\"><ul>\r\n<br>Aucune maintenance<\/li>\r\n<br>Le flotteur le prot\u00e8ge des d\u00e9bris accumul\u00e9s<\/li>\r\n<br>Barri\u00e8res lat\u00e9rales constitu\u00e9es d'un tube rectangulaire d'une seule pi\u00e8ce<\/li>\r\n<br>\u00c9chelons perfor\u00e9s pour une meilleure adh\u00e9rence<\/br>\r\n<br>Longueurs personnalis\u00e9es<\/br>\r\n<br>Exp\u00e9di\u00e9 pr\u00eat \u00e0 installer<\/br>\r\n<br>Simple, s\u00e9curis\u00e9 et facile \u00e0 installer<\/br>\r\n<br>Facile \u00e0 adapter aux installations existantes<\/br>\r\n<br>Construction en acier inoxydable<\/br><\/div><div class=\"content-button\"><a href=\"\/produits\/produits-de-securite\/tru-climb-echelle-flottante\/\" target=\"_self\" title=\"\">En savoir plus<\/a><\/div>\n<\/div>\n<\/div><\/div><\/div><\/div><\/section><\/p>\n","protected":false},"excerpt":{"rendered":"","protected":false},"author":4,"featured_media":0,"parent":8,"menu_order":0,"comment_status":"closed","ping_status":"closed","template":"","meta":{"footnotes":""},"class_list":["post-716","page","type-page","status-publish","hentry"],"yoast_head":"<!-- This site is optimized with the Yoast SEO plugin v24.0 - https:\/\/yoast.com\/wordpress\/plugins\/seo\/ -->\n<title>Produits de s\u00e9curit\u00e9 - Grande Gestion des Eaux<\/title>\n<meta name=\"robots\" content=\"index, follow, max-snippet:-1, max-image-preview:large, max-video-preview:-1\" \/>\n<link rel=\"canonical\" href=\"https:\/\/grandeinc.com\/fr\/produits\/produits-de-securite\/\" \/>\n<meta property=\"og:locale\" content=\"fr_CA\" \/>\n<meta property=\"og:type\" content=\"article\" \/>\n<meta property=\"og:title\" content=\"Produits de s\u00e9curit\u00e9 - Grande Gestion des Eaux\" \/>\n<meta property=\"og:description\" content=\"Ces syst\u00e8mes sont con\u00e7us pour r\u00e9duire les accidents et permettre un acc\u00e8s facile et s\u00fbr aux regards d&rsquo;\u00e9gout, aux r\u00e9servoirs, aux bassins et \u00e0 toute structure n\u00e9cessitant une \u00e9chelle. Poign\u00e9e de s\u00e9curit\u00e9 SURE-CLIMB Aucun entretien Longueurs personnalis\u00e9es Exp\u00e9di\u00e9 pr\u00eat \u00e0 installer Simple, s\u00e9curis\u00e9 et facile \u00e0 installer Facile \u00e0 adapter aux installations existantes Construction en\" \/>\n<meta property=\"og:url\" content=\"https:\/\/grandeinc.com\/fr\/produits\/produits-de-securite\/\" \/>\n<meta property=\"og:site_name\" content=\"Grande Gestion des Eaux\" \/>\n<meta property=\"article:publisher\" content=\"https:\/\/www.facebook.com\/GrandeWaterManagement\" \/>\n<meta property=\"article:modified_time\" content=\"2024-12-02T19:37:42+00:00\" \/>\n<meta property=\"og:image\" content=\"http:\/\/grandeinc.com\/wp-content\/uploads\/2024\/06\/sure-climbs.jpg\" \/>\n<meta name=\"twitter:card\" content=\"summary_large_image\" \/>\n<meta name=\"twitter:label1\" content=\"Estimation du temps de lecture\" \/>\n\t<meta name=\"twitter:data1\" content=\"1 minute\" \/>\n<script type=\"application\/ld+json\" class=\"yoast-schema-graph\">{\"@context\":\"https:\/\/schema.org\",\"@graph\":[{\"@type\":\"WebPage\",\"@id\":\"https:\/\/grandeinc.com\/produits\/produits-de-securite\/\",\"url\":\"https:\/\/grandeinc.com\/produits\/produits-de-securite\/\",\"name\":\"Produits de s\u00e9curit\u00e9 - Grande Gestion des Eaux\",\"isPartOf\":{\"@id\":\"http:\/\/grandeinc.com\/fr\/#website\"},\"primaryImageOfPage\":{\"@id\":\"https:\/\/grandeinc.com\/produits\/produits-de-securite\/#primaryimage\"},\"image\":{\"@id\":\"https:\/\/grandeinc.com\/produits\/produits-de-securite\/#primaryimage\"},\"thumbnailUrl\":\"http:\/\/grandeinc.com\/wp-content\/uploads\/2024\/06\/sure-climbs.jpg\",\"datePublished\":\"2024-06-02T13:21:32+00:00\",\"dateModified\":\"2024-12-02T19:37:42+00:00\",\"breadcrumb\":{\"@id\":\"https:\/\/grandeinc.com\/produits\/produits-de-securite\/#breadcrumb\"},\"inLanguage\":\"fr-CA\",\"potentialAction\":[{\"@type\":\"ReadAction\",\"target\":[\"https:\/\/grandeinc.com\/produits\/produits-de-securite\/\"]}]},{\"@type\":\"ImageObject\",\"inLanguage\":\"fr-CA\",\"@id\":\"https:\/\/grandeinc.com\/produits\/produits-de-securite\/#primaryimage\",\"url\":\"http:\/\/grandeinc.com\/wp-content\/uploads\/2024\/06\/sure-climbs.jpg\",\"contentUrl\":\"http:\/\/grandeinc.com\/wp-content\/uploads\/2024\/06\/sure-climbs.jpg\"},{\"@type\":\"BreadcrumbList\",\"@id\":\"https:\/\/grandeinc.com\/produits\/produits-de-securite\/#breadcrumb\",\"itemListElement\":[{\"@type\":\"ListItem\",\"position\":1,\"name\":\"Accueil\",\"item\":\"https:\/\/grandeinc.com\/\"},{\"@type\":\"ListItem\",\"position\":2,\"name\":\"Produits\",\"item\":\"https:\/\/grandeinc.com\/produits\/\"},{\"@type\":\"ListItem\",\"position\":3,\"name\":\"Produits de s\u00e9curit\u00e9\"}]},{\"@type\":\"WebSite\",\"@id\":\"http:\/\/grandeinc.com\/fr\/#website\",\"url\":\"http:\/\/grandeinc.com\/fr\/\",\"name\":\"Grande Gestion des Eaux\",\"description\":\"\",\"publisher\":{\"@id\":\"http:\/\/grandeinc.com\/fr\/#organization\"},\"potentialAction\":[{\"@type\":\"SearchAction\",\"target\":{\"@type\":\"EntryPoint\",\"urlTemplate\":\"http:\/\/grandeinc.com\/fr\/?s={search_term_string}\"},\"query-input\":{\"@type\":\"PropertyValueSpecification\",\"valueRequired\":true,\"valueName\":\"search_term_string\"}}],\"inLanguage\":\"fr-CA\"},{\"@type\":\"Organization\",\"@id\":\"http:\/\/grandeinc.com\/fr\/#organization\",\"name\":\"Grande Gestion des Eaux\",\"url\":\"http:\/\/grandeinc.com\/fr\/\",\"logo\":{\"@type\":\"ImageObject\",\"inLanguage\":\"fr-CA\",\"@id\":\"http:\/\/grandeinc.com\/fr\/#\/schema\/logo\/image\/\",\"url\":\"https:\/\/grandeinc.com\/wp-content\/uploads\/2024\/11\/logo.png\",\"contentUrl\":\"https:\/\/grandeinc.com\/wp-content\/uploads\/2024\/11\/logo.png\",\"width\":260,\"height\":84,\"caption\":\"Grande Gestion des Eaux\"},\"image\":{\"@id\":\"http:\/\/grandeinc.com\/fr\/#\/schema\/logo\/image\/\"},\"sameAs\":[\"https:\/\/www.facebook.com\/GrandeWaterManagement\"]}]}<\/script>\n<!-- \/ Yoast SEO plugin. -->","yoast_head_json":{"title":"Produits de s\u00e9curit\u00e9 - Grande Gestion des Eaux","robots":{"index":"index","follow":"follow","max-snippet":"max-snippet:-1","max-image-preview":"max-image-preview:large","max-video-preview":"max-video-preview:-1"},"canonical":"https:\/\/grandeinc.com\/fr\/produits\/produits-de-securite\/","og_locale":"fr_CA","og_type":"article","og_title":"Produits de s\u00e9curit\u00e9 - Grande Gestion des Eaux","og_description":"Ces syst\u00e8mes sont con\u00e7us pour r\u00e9duire les accidents et permettre un acc\u00e8s facile et s\u00fbr aux regards d&rsquo;\u00e9gout, aux r\u00e9servoirs, aux bassins et \u00e0 toute structure n\u00e9cessitant une \u00e9chelle. Poign\u00e9e de s\u00e9curit\u00e9 SURE-CLIMB Aucun entretien Longueurs personnalis\u00e9es Exp\u00e9di\u00e9 pr\u00eat \u00e0 installer Simple, s\u00e9curis\u00e9 et facile \u00e0 installer Facile \u00e0 adapter aux installations existantes Construction en","og_url":"https:\/\/grandeinc.com\/fr\/produits\/produits-de-securite\/","og_site_name":"Grande Gestion des Eaux","article_publisher":"https:\/\/www.facebook.com\/GrandeWaterManagement","article_modified_time":"2024-12-02T19:37:42+00:00","og_image":[{"url":"http:\/\/grandeinc.com\/wp-content\/uploads\/2024\/06\/sure-climbs.jpg","type":"","width":"","height":""}],"twitter_card":"summary_large_image","twitter_misc":{"Estimation du temps de lecture":"1 minute"},"schema":{"@context":"https:\/\/schema.org","@graph":[{"@type":"WebPage","@id":"https:\/\/grandeinc.com\/produits\/produits-de-securite\/","url":"https:\/\/grandeinc.com\/produits\/produits-de-securite\/","name":"Produits de s\u00e9curit\u00e9 - Grande Gestion des Eaux","isPartOf":{"@id":"http:\/\/grandeinc.com\/fr\/#website"},"primaryImageOfPage":{"@id":"https:\/\/grandeinc.com\/produits\/produits-de-securite\/#primaryimage"},"image":{"@id":"https:\/\/grandeinc.com\/produits\/produits-de-securite\/#primaryimage"},"thumbnailUrl":"http:\/\/grandeinc.com\/wp-content\/uploads\/2024\/06\/sure-climbs.jpg","datePublished":"2024-06-02T13:21:32+00:00","dateModified":"2024-12-02T19:37:42+00:00","breadcrumb":{"@id":"https:\/\/grandeinc.com\/produits\/produits-de-securite\/#breadcrumb"},"inLanguage":"fr-CA","potentialAction":[{"@type":"ReadAction","target":["https:\/\/grandeinc.com\/produits\/produits-de-securite\/"]}]},{"@type":"ImageObject","inLanguage":"fr-CA","@id":"https:\/\/grandeinc.com\/produits\/produits-de-securite\/#primaryimage","url":"http:\/\/grandeinc.com\/wp-content\/uploads\/2024\/06\/sure-climbs.jpg","contentUrl":"http:\/\/grandeinc.com\/wp-content\/uploads\/2024\/06\/sure-climbs.jpg"},{"@type":"BreadcrumbList","@id":"https:\/\/grandeinc.com\/produits\/produits-de-securite\/#breadcrumb","itemListElement":[{"@type":"ListItem","position":1,"name":"Accueil","item":"https:\/\/grandeinc.com\/"},{"@type":"ListItem","position":2,"name":"Produits","item":"https:\/\/grandeinc.com\/produits\/"},{"@type":"ListItem","position":3,"name":"Produits de s\u00e9curit\u00e9"}]},{"@type":"WebSite","@id":"http:\/\/grandeinc.com\/fr\/#website","url":"http:\/\/grandeinc.com\/fr\/","name":"Grande Gestion des Eaux","description":"","publisher":{"@id":"http:\/\/grandeinc.com\/fr\/#organization"},"potentialAction":[{"@type":"SearchAction","target":{"@type":"EntryPoint","urlTemplate":"http:\/\/grandeinc.com\/fr\/?s={search_term_string}"},"query-input":{"@type":"PropertyValueSpecification","valueRequired":true,"valueName":"search_term_string"}}],"inLanguage":"fr-CA"},{"@type":"Organization","@id":"http:\/\/grandeinc.com\/fr\/#organization","name":"Grande Gestion des Eaux","url":"http:\/\/grandeinc.com\/fr\/","logo":{"@type":"ImageObject","inLanguage":"fr-CA","@id":"http:\/\/grandeinc.com\/fr\/#\/schema\/logo\/image\/","url":"https:\/\/grandeinc.com\/wp-content\/uploads\/2024\/11\/logo.png","contentUrl":"https:\/\/grandeinc.com\/wp-content\/uploads\/2024\/11\/logo.png","width":260,"height":84,"caption":"Grande Gestion des Eaux"},"image":{"@id":"http:\/\/grandeinc.com\/fr\/#\/schema\/logo\/image\/"},"sameAs":["https:\/\/www.facebook.com\/GrandeWaterManagement"]}]}},"_links":{"self":[{"href":"http:\/\/grandeinc.com\/fr\/wp-json\/wp\/v2\/pages\/716","targetHints":{"allow":["GET"]}}],"collection":[{"href":"http:\/\/grandeinc.com\/fr\/wp-json\/wp\/v2\/pages"}],"about":[{"href":"http:\/\/grandeinc.com\/fr\/wp-json\/wp\/v2\/types\/page"}],"author":[{"embeddable":true,"href":"http:\/\/grandeinc.com\/fr\/wp-json\/wp\/v2\/users\/4"}],"replies":[{"embeddable":true,"href":"http:\/\/grandeinc.com\/fr\/wp-json\/wp\/v2\/comments?post=716"}],"version-history":[{"count":15,"href":"http:\/\/grandeinc.com\/fr\/wp-json\/wp\/v2\/pages\/716\/revisions"}],"predecessor-version":[{"id":1321,"href":"http:\/\/grandeinc.com\/fr\/wp-json\/wp\/v2\/pages\/716\/revisions\/1321"}],"up":[{"embeddable":true,"href":"http:\/\/grandeinc.com\/fr\/wp-json\/wp\/v2\/pages\/8"}],"wp:attachment":[{"href":"http:\/\/grandeinc.com\/fr\/wp-json\/wp\/v2\/media?parent=716"}],"curies":[{"name":"wp","href":"https:\/\/api.w.org\/{rel}","templated":true}]}}