{"id":595,"date":"2024-06-20T08:17:04","date_gmt":"2024-06-20T12:17:04","guid":{"rendered":"https:\/\/grandeinc.com\/?page_id=595"},"modified":"2024-06-17T01:14:14","modified_gmt":"2024-06-17T05:14:14","slug":"backflow-prevention","status":"publish","type":"page","link":"http:\/\/grandeinc.com\/fr\/produits\/backflow-prevention\/","title":{"rendered":"Backflow prevention"},"content":{"rendered":"<p><section class=\"kc-elm kc-css-817267 kc_row\"><div class=\"kc-row-container  kc-container\"><div class=\"kc-wrap-columns\"><div class=\"kc-elm kc-css-792585 kc_col-sm-12 kc_column kc_col-sm-12\"><div class=\"kc-col-container\"><div class=\"kc-elm kc-css-981160 kc_text_block\"><\/p>\n<p style=\"text-align: center;\">Ces syst\u00e8mes sont con\u00e7us pour maintenir des niveaux de stockage d&rsquo;eau maximaux en amont du d\u00e9versoir, permettant ainsi la pleine utilisation de tout le volume de stockage disponible en amont, sans affecter n\u00e9gativement la capacit\u00e9 du d\u00e9versoir.<\/p>\n<p>\n<\/div><\/div><\/div><\/div><\/div><\/section><section class=\"kc-elm kc-css-113567 kc_row\"><div class=\"kc-row-container  kc-container\"><div class=\"kc-wrap-columns\"><div class=\"kc-elm kc-css-732854 kc_col-sm-4 kc_column kc_col-sm-4\"><div class=\"kc-col-container\"><div class=\"kc-elm kc-css-466318 kc-feature-boxes kc-fb-layout-1\">\n\n\t<div class=\"content-icon\"><i class=\"et-envelope\"><\/i><\/div><div class=\"content-title\">D\u00e9versoir de flexion ACU-BEND<\/div><div class=\"content-desc\"><ul>\r\n<li>Conception de contrepoids int\u00e9gr\u00e9e<\/li>\r\n<li>Installation simple<\/li>\r\n<li>Optimiser le stockage sur place<\/li>\r\n<li>Constante et dynamique niveau de fonctionnement facilement r\u00e9glable<\/li>\r\n<li>R\u00e9duire la fr\u00e9quence de d\u00e9bordement<\/li>\r\n<li>Pr\u00e9vention du reflux<\/li>\r\n<li>Facile \u00e0 adapter aux installations existantes<\/li>\r\n<li>Construction en acier inoxydable<\/li>\r\n<\/ul><\/div><div class=\"content-button\"><a href=\"#\" target=\"_self\" title=\"\">Read more<\/a><\/div>\n<\/div>\n<\/div><\/div><div class=\"kc-elm kc-css-979237 kc_col-sm-4 kc_column kc_col-sm-4\"><div class=\"kc-col-container\"><div class=\"kc-elm kc-css-34947 kc-feature-boxes kc-fb-layout-1\">\n\n\t<div class=\"content-icon\"><i class=\"et-envelope\"><\/i><\/div><div class=\"content-title\">D\u00e9versoir de d\u00e9bordement TRU-BEND<\/div><div class=\"content-desc\"><ul>\r\n<li>Les contrepoids entrent rarement en contact avec des d\u00e9bris<\/li>\r\n<li>Pas besoin de d\u00e9gagement inf\u00e9rieur<\/li>\r\n<li>Optimiser le stockage sur place<\/li>\r\n<li>Constante et dynamique niveau de fonctionnement facilement r\u00e9glable<\/li>\r\n<li>R\u00e9duire la fr\u00e9quence de d\u00e9bordement<\/li>\r\n<li>Pr\u00e9vention du reflux<\/li>\r\n<li>Facile \u00e0 adapter aux installations existantes<\/li>\r\n<li>Construction en acier inoxydable<\/li>\r\n<\/ul><\/div><div class=\"content-button\"><a href=\"#\" target=\"_self\" title=\"\">Read more<\/a><\/div>\n<\/div>\n<\/div><\/div><div class=\"kc-elm kc-css-929731 kc_col-sm-4 kc_column kc_col-sm-4\"><div class=\"kc-col-container\"><div class=\"kc-elm kc-css-608025 kc-feature-boxes kc-fb-layout-1\">\n\n\t<div class=\"content-icon\"><i class=\"et-envelope\"><\/i><\/div><div class=\"content-title\">D\u00e9versoir \u00e0 cintrage hydraulique SURE-BEND<\/div><div class=\"content-desc\"><ul>\r\n<li>Contr\u00f4le hydraulique positif<\/li>\r\n<li>Pas besoin de d\u00e9gagement inf\u00e9rieur<\/li>\r\n<li>Optimiser le stockage sur place<\/li>\r\n<li>Niveau de fonctionnement facilement r\u00e9glable<\/li>\r\n<li>R\u00e9duire la fr\u00e9quence de d\u00e9bordement<\/li>\r\n<li>Pr\u00e9vention du reflux<\/li>\r\n<li>Facile \u00e0 adapter aux installations existantes<\/li>\r\n<li>Construction en acier inoxydable<\/li>\r\n<\/ul><\/div><div class=\"content-button\"><a href=\"#\" target=\"_self\" title=\"\">Read more<\/a><\/div>\n<\/div>\n<\/div><\/div><\/div><\/div><\/section><section class=\"kc-elm kc-css-800709 kc_row\"><div class=\"kc-row-container  kc-container\"><div class=\"kc-wrap-columns\"><div class=\"kc-elm kc-css-74082 kc_col-sm-4 kc_column kc_col-sm-4\"><div class=\"kc-col-container\"><div class=\"kc-elm kc-css-464308 kc-feature-boxes kc-fb-layout-1\">\n\n\t<div class=\"content-icon\"><i class=\"et-envelope\"><\/i><\/div><div class=\"content-title\">Profil de mesure de d\u00e9bordement ACU-PRO<\/div><div class=\"content-desc\"><ul>\r\n<li>Une faible r\u00e9sistance au d\u00e9bit am\u00e9liore la capacit\u00e9 hydraulique<\/li>\r\n<li>Courbe de d\u00e9bit optimis\u00e9e et bien d\u00e9finie<\/li>\r\n<li>Facile \u00e0 adapter aux installations existantes<\/li>\r\n<li>Construction en acier inoxydable<\/li>\r\n<\/ul><\/div><div class=\"content-button\"><a href=\"#\" target=\"_self\" title=\"\">Read more<\/a><\/div>\n<\/div>\n<\/div><\/div><div class=\"kc-elm kc-css-457532 kc_col-sm-4 kc_column kc_col-sm-4\"><div class=\"kc-col-container\"><\/div><\/div><div class=\"kc-elm kc-css-351054 kc_col-sm-4 kc_column kc_col-sm-4\"><div class=\"kc-col-container\"><\/div><\/div><\/div><\/div><\/section><\/p>\n","protected":false},"excerpt":{"rendered":"","protected":false},"author":4,"featured_media":0,"parent":8,"menu_order":0,"comment_status":"closed","ping_status":"closed","template":"","meta":{"footnotes":""},"class_list":["post-595","page","type-page","status-publish","hentry"],"yoast_head":"<!-- This site is optimized with the Yoast SEO plugin v24.0 - https:\/\/yoast.com\/wordpress\/plugins\/seo\/ -->\n<title>Backflow prevention - Grande Gestion des Eaux<\/title>\n<meta name=\"robots\" content=\"index, follow, max-snippet:-1, max-image-preview:large, max-video-preview:-1\" \/>\n<link rel=\"canonical\" href=\"https:\/\/grandeinc.com\/fr\/produits\/backflow-prevention\/\" \/>\n<meta property=\"og:locale\" content=\"fr_CA\" \/>\n<meta property=\"og:type\" content=\"article\" \/>\n<meta property=\"og:title\" content=\"Backflow prevention - Grande Gestion des Eaux\" \/>\n<meta property=\"og:description\" content=\"Ces syst\u00e8mes sont con\u00e7us pour maintenir des niveaux de stockage d&rsquo;eau maximaux en amont du d\u00e9versoir, permettant ainsi la pleine utilisation de tout le volume de stockage disponible en amont, sans affecter n\u00e9gativement la capacit\u00e9 du d\u00e9versoir. D\u00e9versoir de flexion ACU-BEND Conception de contrepoids int\u00e9gr\u00e9e Installation simple Optimiser le stockage sur place Constante et dynamique\" \/>\n<meta property=\"og:url\" content=\"https:\/\/grandeinc.com\/fr\/produits\/backflow-prevention\/\" \/>\n<meta property=\"og:site_name\" content=\"Grande Gestion des Eaux\" \/>\n<meta property=\"article:publisher\" content=\"https:\/\/www.facebook.com\/GrandeWaterManagement\" \/>\n<meta property=\"article:modified_time\" content=\"2024-06-17T05:14:14+00:00\" \/>\n<meta name=\"twitter:card\" content=\"summary_large_image\" \/>\n<meta name=\"twitter:label1\" content=\"Estimation du temps de lecture\" \/>\n\t<meta name=\"twitter:data1\" content=\"1 minute\" \/>\n<script type=\"application\/ld+json\" class=\"yoast-schema-graph\">{\"@context\":\"https:\/\/schema.org\",\"@graph\":[{\"@type\":\"WebPage\",\"@id\":\"https:\/\/grandeinc.com\/produits\/backflow-prevention\/\",\"url\":\"https:\/\/grandeinc.com\/produits\/backflow-prevention\/\",\"name\":\"Backflow prevention - Grande Gestion des Eaux\",\"isPartOf\":{\"@id\":\"http:\/\/grandeinc.com\/fr\/#website\"},\"datePublished\":\"2024-06-20T12:17:04+00:00\",\"dateModified\":\"2024-06-17T05:14:14+00:00\",\"breadcrumb\":{\"@id\":\"https:\/\/grandeinc.com\/produits\/backflow-prevention\/#breadcrumb\"},\"inLanguage\":\"fr-CA\",\"potentialAction\":[{\"@type\":\"ReadAction\",\"target\":[\"https:\/\/grandeinc.com\/produits\/backflow-prevention\/\"]}]},{\"@type\":\"BreadcrumbList\",\"@id\":\"https:\/\/grandeinc.com\/produits\/backflow-prevention\/#breadcrumb\",\"itemListElement\":[{\"@type\":\"ListItem\",\"position\":1,\"name\":\"Accueil\",\"item\":\"https:\/\/grandeinc.com\/\"},{\"@type\":\"ListItem\",\"position\":2,\"name\":\"Produits\",\"item\":\"https:\/\/grandeinc.com\/produits\/\"},{\"@type\":\"ListItem\",\"position\":3,\"name\":\"Backflow prevention\"}]},{\"@type\":\"WebSite\",\"@id\":\"http:\/\/grandeinc.com\/fr\/#website\",\"url\":\"http:\/\/grandeinc.com\/fr\/\",\"name\":\"Grande Gestion des Eaux\",\"description\":\"\",\"publisher\":{\"@id\":\"http:\/\/grandeinc.com\/fr\/#organization\"},\"potentialAction\":[{\"@type\":\"SearchAction\",\"target\":{\"@type\":\"EntryPoint\",\"urlTemplate\":\"http:\/\/grandeinc.com\/fr\/?s={search_term_string}\"},\"query-input\":{\"@type\":\"PropertyValueSpecification\",\"valueRequired\":true,\"valueName\":\"search_term_string\"}}],\"inLanguage\":\"fr-CA\"},{\"@type\":\"Organization\",\"@id\":\"http:\/\/grandeinc.com\/fr\/#organization\",\"name\":\"Grande Gestion des Eaux\",\"url\":\"http:\/\/grandeinc.com\/fr\/\",\"logo\":{\"@type\":\"ImageObject\",\"inLanguage\":\"fr-CA\",\"@id\":\"http:\/\/grandeinc.com\/fr\/#\/schema\/logo\/image\/\",\"url\":\"https:\/\/grandeinc.com\/wp-content\/uploads\/2024\/11\/logo.png\",\"contentUrl\":\"https:\/\/grandeinc.com\/wp-content\/uploads\/2024\/11\/logo.png\",\"width\":260,\"height\":84,\"caption\":\"Grande Gestion des Eaux\"},\"image\":{\"@id\":\"http:\/\/grandeinc.com\/fr\/#\/schema\/logo\/image\/\"},\"sameAs\":[\"https:\/\/www.facebook.com\/GrandeWaterManagement\"]}]}<\/script>\n<!-- \/ Yoast SEO plugin. -->","yoast_head_json":{"title":"Backflow prevention - Grande Gestion des Eaux","robots":{"index":"index","follow":"follow","max-snippet":"max-snippet:-1","max-image-preview":"max-image-preview:large","max-video-preview":"max-video-preview:-1"},"canonical":"https:\/\/grandeinc.com\/fr\/produits\/backflow-prevention\/","og_locale":"fr_CA","og_type":"article","og_title":"Backflow prevention - Grande Gestion des Eaux","og_description":"Ces syst\u00e8mes sont con\u00e7us pour maintenir des niveaux de stockage d&rsquo;eau maximaux en amont du d\u00e9versoir, permettant ainsi la pleine utilisation de tout le volume de stockage disponible en amont, sans affecter n\u00e9gativement la capacit\u00e9 du d\u00e9versoir. D\u00e9versoir de flexion ACU-BEND Conception de contrepoids int\u00e9gr\u00e9e Installation simple Optimiser le stockage sur place Constante et dynamique","og_url":"https:\/\/grandeinc.com\/fr\/produits\/backflow-prevention\/","og_site_name":"Grande Gestion des Eaux","article_publisher":"https:\/\/www.facebook.com\/GrandeWaterManagement","article_modified_time":"2024-06-17T05:14:14+00:00","twitter_card":"summary_large_image","twitter_misc":{"Estimation du temps de lecture":"1 minute"},"schema":{"@context":"https:\/\/schema.org","@graph":[{"@type":"WebPage","@id":"https:\/\/grandeinc.com\/produits\/backflow-prevention\/","url":"https:\/\/grandeinc.com\/produits\/backflow-prevention\/","name":"Backflow prevention - Grande Gestion des Eaux","isPartOf":{"@id":"http:\/\/grandeinc.com\/fr\/#website"},"datePublished":"2024-06-20T12:17:04+00:00","dateModified":"2024-06-17T05:14:14+00:00","breadcrumb":{"@id":"https:\/\/grandeinc.com\/produits\/backflow-prevention\/#breadcrumb"},"inLanguage":"fr-CA","potentialAction":[{"@type":"ReadAction","target":["https:\/\/grandeinc.com\/produits\/backflow-prevention\/"]}]},{"@type":"BreadcrumbList","@id":"https:\/\/grandeinc.com\/produits\/backflow-prevention\/#breadcrumb","itemListElement":[{"@type":"ListItem","position":1,"name":"Accueil","item":"https:\/\/grandeinc.com\/"},{"@type":"ListItem","position":2,"name":"Produits","item":"https:\/\/grandeinc.com\/produits\/"},{"@type":"ListItem","position":3,"name":"Backflow prevention"}]},{"@type":"WebSite","@id":"http:\/\/grandeinc.com\/fr\/#website","url":"http:\/\/grandeinc.com\/fr\/","name":"Grande Gestion des Eaux","description":"","publisher":{"@id":"http:\/\/grandeinc.com\/fr\/#organization"},"potentialAction":[{"@type":"SearchAction","target":{"@type":"EntryPoint","urlTemplate":"http:\/\/grandeinc.com\/fr\/?s={search_term_string}"},"query-input":{"@type":"PropertyValueSpecification","valueRequired":true,"valueName":"search_term_string"}}],"inLanguage":"fr-CA"},{"@type":"Organization","@id":"http:\/\/grandeinc.com\/fr\/#organization","name":"Grande Gestion des Eaux","url":"http:\/\/grandeinc.com\/fr\/","logo":{"@type":"ImageObject","inLanguage":"fr-CA","@id":"http:\/\/grandeinc.com\/fr\/#\/schema\/logo\/image\/","url":"https:\/\/grandeinc.com\/wp-content\/uploads\/2024\/11\/logo.png","contentUrl":"https:\/\/grandeinc.com\/wp-content\/uploads\/2024\/11\/logo.png","width":260,"height":84,"caption":"Grande Gestion des Eaux"},"image":{"@id":"http:\/\/grandeinc.com\/fr\/#\/schema\/logo\/image\/"},"sameAs":["https:\/\/www.facebook.com\/GrandeWaterManagement"]}]}},"_links":{"self":[{"href":"http:\/\/grandeinc.com\/fr\/wp-json\/wp\/v2\/pages\/595","targetHints":{"allow":["GET"]}}],"collection":[{"href":"http:\/\/grandeinc.com\/fr\/wp-json\/wp\/v2\/pages"}],"about":[{"href":"http:\/\/grandeinc.com\/fr\/wp-json\/wp\/v2\/types\/page"}],"author":[{"embeddable":true,"href":"http:\/\/grandeinc.com\/fr\/wp-json\/wp\/v2\/users\/4"}],"replies":[{"embeddable":true,"href":"http:\/\/grandeinc.com\/fr\/wp-json\/wp\/v2\/comments?post=595"}],"version-history":[{"count":6,"href":"http:\/\/grandeinc.com\/fr\/wp-json\/wp\/v2\/pages\/595\/revisions"}],"predecessor-version":[{"id":1142,"href":"http:\/\/grandeinc.com\/fr\/wp-json\/wp\/v2\/pages\/595\/revisions\/1142"}],"up":[{"embeddable":true,"href":"http:\/\/grandeinc.com\/fr\/wp-json\/wp\/v2\/pages\/8"}],"wp:attachment":[{"href":"http:\/\/grandeinc.com\/fr\/wp-json\/wp\/v2\/media?parent=595"}],"curies":[{"name":"wp","href":"https:\/\/api.w.org\/{rel}","templated":true}]}}