{"id":1017,"date":"2024-06-16T18:00:12","date_gmt":"2024-06-16T22:00:12","guid":{"rendered":"https:\/\/grandeinc.com\/?page_id=1017"},"modified":"2024-06-16T18:08:55","modified_gmt":"2024-06-16T22:08:55","slug":"tru-climb-echelle-flottante","status":"publish","type":"page","link":"http:\/\/grandeinc.com\/fr\/produits\/produits-de-securite\/tru-climb-echelle-flottante\/","title":{"rendered":"TRU-CLIMB (\u00c9chelle flottante)"},"content":{"rendered":"<section class=\"kc-elm kc-css-272707 kc_row\"><div class=\"kc-row-container  kc-container\"><div class=\"kc-wrap-columns\"><div class=\"kc-elm kc-css-184788 kc_col-sm-12 kc_column kc_col-sm-12\"><div class=\"kc-col-container\"><div class=\"kc-elm kc-css-875001 kc_row kc_row_inner\"><div class=\"kc-elm kc-css-589008 kc_col-sm-6 kc_column_inner kc_col-sm-6\"><div class=\"kc_wrapper kc-col-inner-container\"><div class=\"kc-elm kc-css-101843 kc_shortcode kc_single_image\">\n\n        <img decoding=\"async\" src=\"https:\/\/grandeinc.com\/wp-content\/uploads\/2024\/06\/tru-climb-1.jpg\" class=\"\" alt=\"\" \/>    <\/div>\n<\/div><\/div><div class=\"kc-elm kc-css-939105 kc_col-sm-6 kc_column_inner kc_col-sm-6\"><div class=\"kc_wrapper kc-col-inner-container\"><div class=\"kc-elm kc-css-452700 kc_text_block\"><\/p>\n<p>Le syst\u00e8me d&rsquo;\u00e9chelle flottante TRU-CLIMB est con\u00e7u pour r\u00e9duire les accidents et permettre un acc\u00e8s facile et s\u00fbr aux regards d&rsquo;\u00e9gout, aux r\u00e9servoirs, aux bassins et \u00e0 toute structure n\u00e9cessitant une \u00e9chelle.<\/p>\n<p>\n<\/div><\/div><\/div><\/div><div class=\"kc-elm kc-css-61192 kc_row kc_row_inner\"><div class=\"kc-elm kc-css-848145 kc_col-sm-6 kc_column_inner kc_col-sm-6\"><div class=\"kc_wrapper kc-col-inner-container\"><div class=\"kc-elm kc-css-554645 kc_text_block\"><\/p>\n<h2>Caract\u00e9ristiques<\/h2>\n<p>-Aucun entretien<\/p>\n<p>-Le flotteur le maintient exempt de d\u00e9bris accumul\u00e9s<\/p>\n<p>-Rails lat\u00e9raux constitu\u00e9s d&rsquo;une seule pi\u00e8ce de tube rectangulaire<\/p>\n<p>-Barreaux perfor\u00e9s pour une meilleure adh\u00e9rence<\/p>\n<p>-Longueurs personnalis\u00e9es<\/p>\n<p>-Exp\u00e9di\u00e9 pr\u00eat \u00e0 installer<\/p>\n<p>-Simple, s\u00e9curis\u00e9 et facile \u00e0 installer<\/p>\n<p>-Facile \u00e0 adapter aux installations existantes<\/p>\n<p>-Construction en acier inoxydable<\/p>\n<p>\n<\/div><\/div><\/div><div class=\"kc-elm kc-css-844111 kc_col-sm-6 kc_column_inner kc_col-sm-6\"><div class=\"kc_wrapper kc-col-inner-container\"><div class=\"kc-elm kc-css-531185 kc_shortcode kc_single_image\">\n\n        <img decoding=\"async\" src=\"https:\/\/grandeinc.com\/wp-content\/uploads\/2024\/06\/tru-climb-2.jpg\" class=\"\" alt=\"\" \/>    <\/div>\n<\/div><\/div><\/div><div class=\"kc-elm kc-css-165154 kc_row kc_row_inner\"><div class=\"kc-elm kc-css-840731 kc_col-sm-6 kc_column_inner kc_col-sm-6\"><div class=\"kc_wrapper kc-col-inner-container\"><div class=\"kc-elm kc-css-379786 kc_shortcode kc_single_image\">\n\n        <img decoding=\"async\" src=\"https:\/\/grandeinc.com\/wp-content\/uploads\/2024\/06\/tru-climb-3.jpg\" class=\"\" alt=\"\" \/>    <\/div>\n<\/div><\/div><div class=\"kc-elm kc-css-950581 kc_col-sm-6 kc_column_inner kc_col-sm-6\"><div class=\"kc_wrapper kc-col-inner-container\"><div class=\"kc-elm kc-css-177627 kc_text_block\"><\/p>\n<h2>Champ d&rsquo;application<\/h2>\n<p>L&rsquo;\u00e9chelle flottante TRU-CLIMB est disponible dans les mod\u00e8les GTC-1-* et GTC-2-* et est personnalis\u00e9e pour r\u00e9pondre \u00e0 vos besoins en termes de longueur. Le TRU-CLIMB est disponible soit articul\u00e9 en haut de la structure (GTC-1-*) ou \u00e0 mi-chemin de l&rsquo;\u00e9chelle (GTC-2-*) en fonction de l&rsquo;ouverture d&rsquo;acc\u00e8s, comme les structures longues \u00ab en forme de chemin\u00e9e \u00bb (c.-\u00e0-d. entr\u00e9es de regards). Le choix du mod\u00e8le TRU-CLIMB se base uniquement sur la longueur requise et le type d\u2019ouverture. Les unit\u00e9s sont actuellement d\u00e9sign\u00e9es par un ast\u00e9risque en raison de la grande vari\u00e9t\u00e9 d&rsquo;options de longueur de mod\u00e8le.<\/p>\n<p>\n<\/div><\/div><\/div><\/div><div class=\"kc-elm kc-css-892637 kc_row kc_row_inner\"><div class=\"kc-elm kc-css-799108 kc_col-sm-6 kc_column_inner kc_col-sm-6\"><div class=\"kc_wrapper kc-col-inner-container\"><div class=\"kc-elm kc-css-530309 kc_text_block\"><\/p>\n<h2>Mode de fonctionnement<\/h2>\n<p>L&rsquo;\u00e9chelle flottante TRU-CLIMB est une \u00e9chelle murale en acier inoxydable ancr\u00e9e directement au mur de la structure. Le TRU-CLIMB flotte au-dessus de la surface de l\u2019eau pour \u00e9viter l\u2019accumulation de d\u00e9bris \u00e0 l\u2019aide d\u2019un flotteur cylindrique. Lorsque l&rsquo;eau se retire, le TRU-CLIMB descend dans l&rsquo;ouverture et est pr\u00eat \u00e0 l&#8217;emploi. Les \u00e9chelons sont constitu\u00e9s de plaques d&rsquo;acier inoxydable perfor\u00e9es\/extrud\u00e9es pour une meilleure adh\u00e9rence.<\/p>\n<p>L&rsquo;\u00e9chelle flottante TRU-CLIMB peut \u00eatre combin\u00e9e avec la poign\u00e9e de s\u00e9curit\u00e9 SURE-CLIMB pour une aide \u00e0 l&rsquo;entr\u00e9e optimale. Dans ce cas, le SURE-CLIMB est con\u00e7u comme partie int\u00e9grante du TRU-CLIMB.<\/p>\n<p>\n<\/div><\/div><\/div><div class=\"kc-elm kc-css-621541 kc_col-sm-6 kc_column_inner kc_col-sm-6\"><div class=\"kc_wrapper kc-col-inner-container\"><div class=\"kc-elm kc-css-888790 kc_shortcode kc_single_image\">\n\n        <img decoding=\"async\" src=\"https:\/\/grandeinc.com\/wp-content\/uploads\/2024\/06\/tru-climb-4.jpg\" class=\"\" alt=\"\" \/>    <\/div>\n<div class=\"kc-elm kc-css-792423 kc_shortcode kc_single_image\">\n\n        <img decoding=\"async\" src=\"https:\/\/grandeinc.com\/wp-content\/uploads\/2024\/06\/tru-climb-5.jpg\" class=\"\" alt=\"\" \/>    <\/div>\n<\/div><\/div><\/div><\/div><\/div><\/div><\/div><\/section>\n","protected":false},"excerpt":{"rendered":"","protected":false},"author":4,"featured_media":0,"parent":716,"menu_order":0,"comment_status":"closed","ping_status":"closed","template":"","meta":{"footnotes":""},"class_list":["post-1017","page","type-page","status-publish","hentry"],"yoast_head":"<!-- This site is optimized with the Yoast SEO plugin v24.0 - https:\/\/yoast.com\/wordpress\/plugins\/seo\/ -->\n<title>TRU-CLIMB (\u00c9chelle flottante) - Grande Gestion des Eaux<\/title>\n<meta name=\"robots\" content=\"index, follow, max-snippet:-1, max-image-preview:large, max-video-preview:-1\" \/>\n<link rel=\"canonical\" href=\"https:\/\/grandeinc.com\/fr\/produits\/produits-de-securite\/tru-climb-echelle-flottante\/\" \/>\n<meta property=\"og:locale\" content=\"fr_CA\" \/>\n<meta property=\"og:type\" content=\"article\" \/>\n<meta property=\"og:title\" content=\"TRU-CLIMB (\u00c9chelle flottante) - Grande Gestion des Eaux\" \/>\n<meta property=\"og:description\" content=\"Le syst\u00e8me d&rsquo;\u00e9chelle flottante TRU-CLIMB est con\u00e7u pour r\u00e9duire les accidents et permettre un acc\u00e8s facile et s\u00fbr aux regards d&rsquo;\u00e9gout, aux r\u00e9servoirs, aux bassins et \u00e0 toute structure n\u00e9cessitant une \u00e9chelle. Caract\u00e9ristiques -Aucun entretien -Le flotteur le maintient exempt de d\u00e9bris accumul\u00e9s -Rails lat\u00e9raux constitu\u00e9s d&rsquo;une seule pi\u00e8ce de tube rectangulaire -Barreaux perfor\u00e9s pour\" \/>\n<meta property=\"og:url\" content=\"https:\/\/grandeinc.com\/fr\/produits\/produits-de-securite\/tru-climb-echelle-flottante\/\" \/>\n<meta property=\"og:site_name\" content=\"Grande Gestion des Eaux\" \/>\n<meta property=\"article:publisher\" content=\"https:\/\/www.facebook.com\/GrandeWaterManagement\" \/>\n<meta property=\"article:modified_time\" content=\"2024-06-16T22:08:55+00:00\" \/>\n<meta property=\"og:image\" content=\"http:\/\/grandeinc.com\/wp-content\/uploads\/2024\/06\/tru-climb-1.jpg\" \/>\n<meta name=\"twitter:card\" content=\"summary_large_image\" \/>\n<meta name=\"twitter:label1\" content=\"Estimation du temps de lecture\" \/>\n\t<meta name=\"twitter:data1\" content=\"2 minutes\" \/>\n<script type=\"application\/ld+json\" class=\"yoast-schema-graph\">{\"@context\":\"https:\/\/schema.org\",\"@graph\":[{\"@type\":\"WebPage\",\"@id\":\"https:\/\/grandeinc.com\/produits\/produits-de-securite\/tru-climb-echelle-flottante\/\",\"url\":\"https:\/\/grandeinc.com\/produits\/produits-de-securite\/tru-climb-echelle-flottante\/\",\"name\":\"TRU-CLIMB (\u00c9chelle flottante) - Grande Gestion des Eaux\",\"isPartOf\":{\"@id\":\"http:\/\/grandeinc.com\/fr\/#website\"},\"primaryImageOfPage\":{\"@id\":\"https:\/\/grandeinc.com\/produits\/produits-de-securite\/tru-climb-echelle-flottante\/#primaryimage\"},\"image\":{\"@id\":\"https:\/\/grandeinc.com\/produits\/produits-de-securite\/tru-climb-echelle-flottante\/#primaryimage\"},\"thumbnailUrl\":\"http:\/\/grandeinc.com\/wp-content\/uploads\/2024\/06\/tru-climb-1.jpg\",\"datePublished\":\"2024-06-16T22:00:12+00:00\",\"dateModified\":\"2024-06-16T22:08:55+00:00\",\"breadcrumb\":{\"@id\":\"https:\/\/grandeinc.com\/produits\/produits-de-securite\/tru-climb-echelle-flottante\/#breadcrumb\"},\"inLanguage\":\"fr-CA\",\"potentialAction\":[{\"@type\":\"ReadAction\",\"target\":[\"https:\/\/grandeinc.com\/produits\/produits-de-securite\/tru-climb-echelle-flottante\/\"]}]},{\"@type\":\"ImageObject\",\"inLanguage\":\"fr-CA\",\"@id\":\"https:\/\/grandeinc.com\/produits\/produits-de-securite\/tru-climb-echelle-flottante\/#primaryimage\",\"url\":\"http:\/\/grandeinc.com\/wp-content\/uploads\/2024\/06\/tru-climb-1.jpg\",\"contentUrl\":\"http:\/\/grandeinc.com\/wp-content\/uploads\/2024\/06\/tru-climb-1.jpg\"},{\"@type\":\"BreadcrumbList\",\"@id\":\"https:\/\/grandeinc.com\/produits\/produits-de-securite\/tru-climb-echelle-flottante\/#breadcrumb\",\"itemListElement\":[{\"@type\":\"ListItem\",\"position\":1,\"name\":\"Accueil\",\"item\":\"https:\/\/grandeinc.com\/\"},{\"@type\":\"ListItem\",\"position\":2,\"name\":\"Produits\",\"item\":\"https:\/\/grandeinc.com\/produits\/\"},{\"@type\":\"ListItem\",\"position\":3,\"name\":\"Produits de s\u00e9curit\u00e9\",\"item\":\"https:\/\/grandeinc.com\/produits\/produits-de-securite\/\"},{\"@type\":\"ListItem\",\"position\":4,\"name\":\"TRU-CLIMB (\u00c9chelle flottante)\"}]},{\"@type\":\"WebSite\",\"@id\":\"http:\/\/grandeinc.com\/fr\/#website\",\"url\":\"http:\/\/grandeinc.com\/fr\/\",\"name\":\"Grande Gestion des Eaux\",\"description\":\"\",\"publisher\":{\"@id\":\"http:\/\/grandeinc.com\/fr\/#organization\"},\"potentialAction\":[{\"@type\":\"SearchAction\",\"target\":{\"@type\":\"EntryPoint\",\"urlTemplate\":\"http:\/\/grandeinc.com\/fr\/?s={search_term_string}\"},\"query-input\":{\"@type\":\"PropertyValueSpecification\",\"valueRequired\":true,\"valueName\":\"search_term_string\"}}],\"inLanguage\":\"fr-CA\"},{\"@type\":\"Organization\",\"@id\":\"http:\/\/grandeinc.com\/fr\/#organization\",\"name\":\"Grande Gestion des Eaux\",\"url\":\"http:\/\/grandeinc.com\/fr\/\",\"logo\":{\"@type\":\"ImageObject\",\"inLanguage\":\"fr-CA\",\"@id\":\"http:\/\/grandeinc.com\/fr\/#\/schema\/logo\/image\/\",\"url\":\"https:\/\/grandeinc.com\/wp-content\/uploads\/2024\/11\/logo.png\",\"contentUrl\":\"https:\/\/grandeinc.com\/wp-content\/uploads\/2024\/11\/logo.png\",\"width\":260,\"height\":84,\"caption\":\"Grande Gestion des Eaux\"},\"image\":{\"@id\":\"http:\/\/grandeinc.com\/fr\/#\/schema\/logo\/image\/\"},\"sameAs\":[\"https:\/\/www.facebook.com\/GrandeWaterManagement\"]}]}<\/script>\n<!-- \/ Yoast SEO plugin. -->","yoast_head_json":{"title":"TRU-CLIMB (\u00c9chelle flottante) - Grande Gestion des Eaux","robots":{"index":"index","follow":"follow","max-snippet":"max-snippet:-1","max-image-preview":"max-image-preview:large","max-video-preview":"max-video-preview:-1"},"canonical":"https:\/\/grandeinc.com\/fr\/produits\/produits-de-securite\/tru-climb-echelle-flottante\/","og_locale":"fr_CA","og_type":"article","og_title":"TRU-CLIMB (\u00c9chelle flottante) - Grande Gestion des Eaux","og_description":"Le syst\u00e8me d&rsquo;\u00e9chelle flottante TRU-CLIMB est con\u00e7u pour r\u00e9duire les accidents et permettre un acc\u00e8s facile et s\u00fbr aux regards d&rsquo;\u00e9gout, aux r\u00e9servoirs, aux bassins et \u00e0 toute structure n\u00e9cessitant une \u00e9chelle. Caract\u00e9ristiques -Aucun entretien -Le flotteur le maintient exempt de d\u00e9bris accumul\u00e9s -Rails lat\u00e9raux constitu\u00e9s d&rsquo;une seule pi\u00e8ce de tube rectangulaire -Barreaux perfor\u00e9s pour","og_url":"https:\/\/grandeinc.com\/fr\/produits\/produits-de-securite\/tru-climb-echelle-flottante\/","og_site_name":"Grande Gestion des Eaux","article_publisher":"https:\/\/www.facebook.com\/GrandeWaterManagement","article_modified_time":"2024-06-16T22:08:55+00:00","og_image":[{"url":"http:\/\/grandeinc.com\/wp-content\/uploads\/2024\/06\/tru-climb-1.jpg","type":"","width":"","height":""}],"twitter_card":"summary_large_image","twitter_misc":{"Estimation du temps de lecture":"2 minutes"},"schema":{"@context":"https:\/\/schema.org","@graph":[{"@type":"WebPage","@id":"https:\/\/grandeinc.com\/produits\/produits-de-securite\/tru-climb-echelle-flottante\/","url":"https:\/\/grandeinc.com\/produits\/produits-de-securite\/tru-climb-echelle-flottante\/","name":"TRU-CLIMB (\u00c9chelle flottante) - Grande Gestion des Eaux","isPartOf":{"@id":"http:\/\/grandeinc.com\/fr\/#website"},"primaryImageOfPage":{"@id":"https:\/\/grandeinc.com\/produits\/produits-de-securite\/tru-climb-echelle-flottante\/#primaryimage"},"image":{"@id":"https:\/\/grandeinc.com\/produits\/produits-de-securite\/tru-climb-echelle-flottante\/#primaryimage"},"thumbnailUrl":"http:\/\/grandeinc.com\/wp-content\/uploads\/2024\/06\/tru-climb-1.jpg","datePublished":"2024-06-16T22:00:12+00:00","dateModified":"2024-06-16T22:08:55+00:00","breadcrumb":{"@id":"https:\/\/grandeinc.com\/produits\/produits-de-securite\/tru-climb-echelle-flottante\/#breadcrumb"},"inLanguage":"fr-CA","potentialAction":[{"@type":"ReadAction","target":["https:\/\/grandeinc.com\/produits\/produits-de-securite\/tru-climb-echelle-flottante\/"]}]},{"@type":"ImageObject","inLanguage":"fr-CA","@id":"https:\/\/grandeinc.com\/produits\/produits-de-securite\/tru-climb-echelle-flottante\/#primaryimage","url":"http:\/\/grandeinc.com\/wp-content\/uploads\/2024\/06\/tru-climb-1.jpg","contentUrl":"http:\/\/grandeinc.com\/wp-content\/uploads\/2024\/06\/tru-climb-1.jpg"},{"@type":"BreadcrumbList","@id":"https:\/\/grandeinc.com\/produits\/produits-de-securite\/tru-climb-echelle-flottante\/#breadcrumb","itemListElement":[{"@type":"ListItem","position":1,"name":"Accueil","item":"https:\/\/grandeinc.com\/"},{"@type":"ListItem","position":2,"name":"Produits","item":"https:\/\/grandeinc.com\/produits\/"},{"@type":"ListItem","position":3,"name":"Produits de s\u00e9curit\u00e9","item":"https:\/\/grandeinc.com\/produits\/produits-de-securite\/"},{"@type":"ListItem","position":4,"name":"TRU-CLIMB (\u00c9chelle flottante)"}]},{"@type":"WebSite","@id":"http:\/\/grandeinc.com\/fr\/#website","url":"http:\/\/grandeinc.com\/fr\/","name":"Grande Gestion des Eaux","description":"","publisher":{"@id":"http:\/\/grandeinc.com\/fr\/#organization"},"potentialAction":[{"@type":"SearchAction","target":{"@type":"EntryPoint","urlTemplate":"http:\/\/grandeinc.com\/fr\/?s={search_term_string}"},"query-input":{"@type":"PropertyValueSpecification","valueRequired":true,"valueName":"search_term_string"}}],"inLanguage":"fr-CA"},{"@type":"Organization","@id":"http:\/\/grandeinc.com\/fr\/#organization","name":"Grande Gestion des Eaux","url":"http:\/\/grandeinc.com\/fr\/","logo":{"@type":"ImageObject","inLanguage":"fr-CA","@id":"http:\/\/grandeinc.com\/fr\/#\/schema\/logo\/image\/","url":"https:\/\/grandeinc.com\/wp-content\/uploads\/2024\/11\/logo.png","contentUrl":"https:\/\/grandeinc.com\/wp-content\/uploads\/2024\/11\/logo.png","width":260,"height":84,"caption":"Grande Gestion des Eaux"},"image":{"@id":"http:\/\/grandeinc.com\/fr\/#\/schema\/logo\/image\/"},"sameAs":["https:\/\/www.facebook.com\/GrandeWaterManagement"]}]}},"_links":{"self":[{"href":"http:\/\/grandeinc.com\/fr\/wp-json\/wp\/v2\/pages\/1017","targetHints":{"allow":["GET"]}}],"collection":[{"href":"http:\/\/grandeinc.com\/fr\/wp-json\/wp\/v2\/pages"}],"about":[{"href":"http:\/\/grandeinc.com\/fr\/wp-json\/wp\/v2\/types\/page"}],"author":[{"embeddable":true,"href":"http:\/\/grandeinc.com\/fr\/wp-json\/wp\/v2\/users\/4"}],"replies":[{"embeddable":true,"href":"http:\/\/grandeinc.com\/fr\/wp-json\/wp\/v2\/comments?post=1017"}],"version-history":[{"count":6,"href":"http:\/\/grandeinc.com\/fr\/wp-json\/wp\/v2\/pages\/1017\/revisions"}],"predecessor-version":[{"id":1028,"href":"http:\/\/grandeinc.com\/fr\/wp-json\/wp\/v2\/pages\/1017\/revisions\/1028"}],"up":[{"embeddable":true,"href":"http:\/\/grandeinc.com\/fr\/wp-json\/wp\/v2\/pages\/716"}],"wp:attachment":[{"href":"http:\/\/grandeinc.com\/fr\/wp-json\/wp\/v2\/media?parent=1017"}],"curies":[{"name":"wp","href":"https:\/\/api.w.org\/{rel}","templated":true}]}}