{"id":1008,"date":"2024-06-02T17:49:01","date_gmt":"2024-06-02T21:49:01","guid":{"rendered":"https:\/\/grandeinc.com\/?page_id=1008"},"modified":"2024-06-17T01:15:39","modified_gmt":"2024-06-17T05:15:39","slug":"poignee-de-securite-sure-climb","status":"publish","type":"page","link":"http:\/\/grandeinc.com\/fr\/produits\/produits-de-securite\/poignee-de-securite-sure-climb\/","title":{"rendered":"POIGN\u00c9E DE S\u00c9CURIT\u00c9 SURE-CLIMB"},"content":{"rendered":"<section class=\"kc-elm kc-css-539026 kc_row\"><div class=\"kc-row-container  kc-container\"><div class=\"kc-wrap-columns\"><div class=\"kc-elm kc-css-826665 kc_col-sm-12 kc_column kc_col-sm-12\"><div class=\"kc-col-container\"><div class=\"kc-elm kc-css-336876 kc_row kc_row_inner\"><div class=\"kc-elm kc-css-826869 kc_col-sm-6 kc_column_inner kc_col-sm-6\"><div class=\"kc_wrapper kc-col-inner-container\"><div class=\"kc-elm kc-css-499602 kc_shortcode kc_single_image\">\n\n        <img decoding=\"async\" src=\"https:\/\/grandeinc.com\/wp-content\/uploads\/2024\/06\/sure-climb-1.jpg\" class=\"\" alt=\"\" \/>    <\/div>\n<\/div><\/div><div class=\"kc-elm kc-css-566070 kc_col-sm-6 kc_column_inner kc_col-sm-6\"><div class=\"kc_wrapper kc-col-inner-container\"><div class=\"kc-elm kc-css-61764 kc_text_block\"><\/p>\n<p>\nLe syst\u00e8me de poign\u00e9e de s\u00e9curit\u00e9 SURE-CLIMB est con\u00e7u pour r\u00e9duire les accidents et permettre un acc\u00e8s facile et s\u00fbr aux regards d&rsquo;\u00e9gout, aux r\u00e9servoirs, aux bassins et \u00e0 toute structure n\u00e9cessitant une \u00e9chelle.<\/p>\n<p>\n<\/div><\/div><\/div><\/div><div class=\"kc-elm kc-css-81521 kc_row kc_row_inner\"><div class=\"kc-elm kc-css-713892 kc_col-sm-6 kc_column_inner kc_col-sm-6\"><div class=\"kc_wrapper kc-col-inner-container\"><div class=\"kc-elm kc-css-693662 kc_text_block\"><\/p>\n<h2>Caract\u00e9ristiques<\/h2>\n<p>Aucun entretien<\/p>\n<p>Longueurs personnalis\u00e9es<\/p>\n<p>Exp\u00e9di\u00e9 pr\u00eat \u00e0 installer<\/p>\n<p>Simple, s\u00e9curis\u00e9 et facile \u00e0 installer<\/p>\n<p>Facile \u00e0 adapter aux installations existantes<\/p>\n<p>Construction en acier inoxydable<\/p>\n<p>\n<\/div><\/div><\/div><div class=\"kc-elm kc-css-639108 kc_col-sm-6 kc_column_inner kc_col-sm-6\"><div class=\"kc_wrapper kc-col-inner-container\"><div class=\"kc-elm kc-css-465412 kc_shortcode kc_single_image\">\n\n        <img decoding=\"async\" src=\"https:\/\/grandeinc.com\/wp-content\/uploads\/2024\/06\/sure-climb-2.jpg\" class=\"\" alt=\"\" \/>    <\/div>\n<\/div><\/div><\/div><div class=\"kc-elm kc-css-185116 kc_row kc_row_inner\"><div class=\"kc-elm kc-css-206260 kc_col-sm-6 kc_column_inner kc_col-sm-6\"><div class=\"kc_wrapper kc-col-inner-container\"><div class=\"kc-elm kc-css-666888 kc_shortcode kc_single_image\">\n\n        <img decoding=\"async\" src=\"https:\/\/grandeinc.com\/wp-content\/uploads\/2024\/06\/sure-climb-3.jpg\" class=\"\" alt=\"\" \/>    <\/div>\n<\/div><\/div><div class=\"kc-elm kc-css-401270 kc_col-sm-6 kc_column_inner kc_col-sm-6\"><div class=\"kc_wrapper kc-col-inner-container\"><div class=\"kc-elm kc-css-698835 kc_text_block\"><\/p>\n<h2>Champ d&rsquo;application<\/h2>\n<p>La poign\u00e9e de s\u00e9curit\u00e9 SURE-CLIMB est disponible dans un mod\u00e8le standard GSC-120 mais peut \u00eatre personnalis\u00e9e pour r\u00e9pondre \u00e0 vos besoins. Le GSC-120 mesure 48 pouces (120 cm) de long. La s\u00e9lection du mod\u00e8le SURE-CLIMB est bas\u00e9e uniquement sur la longueur requise.<\/p>\n<p>\n<\/div><\/div><\/div><\/div><div class=\"kc-elm kc-css-202930 kc_row kc_row_inner\"><div class=\"kc-elm kc-css-615198 kc_col-sm-12 kc_column_inner kc_col-sm-12\"><div class=\"kc_wrapper kc-col-inner-container\"><div class=\"kc-elm kc-css-20644 kc_text_block\"><\/p>\n<h2>Mode de fonctionnement<\/h2>\n<p>La poign\u00e9e de s\u00e9curit\u00e9 SURE-CLIMB est une poign\u00e9e murale extensible en acier inoxydable ancr\u00e9e directement au mur de la structure ou directement sur une \u00e9chelle fix\u00e9e au mur. En cas de besoin, l&rsquo;op\u00e9rateur \u00e9tend et verrouille solidement le SURE-CLIMB dans sa position de fonctionnement avec une simple torsion. Le SURE-CLIMB se r\u00e9tracte dans l&rsquo;ouverture pour permettre un rangement facile lorsqu&rsquo;il n&rsquo;est pas utilis\u00e9.<\/p>\n<p>\n<\/div><\/div><\/div><\/div><\/div><\/div><\/div><\/div><\/section>\n","protected":false},"excerpt":{"rendered":"","protected":false},"author":4,"featured_media":0,"parent":716,"menu_order":0,"comment_status":"closed","ping_status":"closed","template":"","meta":{"footnotes":""},"class_list":["post-1008","page","type-page","status-publish","hentry"],"yoast_head":"<!-- This site is optimized with the Yoast SEO plugin v24.0 - https:\/\/yoast.com\/wordpress\/plugins\/seo\/ -->\n<title>POIGN\u00c9E DE S\u00c9CURIT\u00c9 SURE-CLIMB - Grande Gestion des Eaux<\/title>\n<meta name=\"robots\" content=\"index, follow, max-snippet:-1, max-image-preview:large, max-video-preview:-1\" \/>\n<link rel=\"canonical\" href=\"https:\/\/grandeinc.com\/fr\/produits\/produits-de-securite\/poignee-de-securite-sure-climb\/\" \/>\n<meta property=\"og:locale\" content=\"fr_CA\" \/>\n<meta property=\"og:type\" content=\"article\" \/>\n<meta property=\"og:title\" content=\"POIGN\u00c9E DE S\u00c9CURIT\u00c9 SURE-CLIMB - Grande Gestion des Eaux\" \/>\n<meta property=\"og:description\" content=\"Le syst\u00e8me de poign\u00e9e de s\u00e9curit\u00e9 SURE-CLIMB est con\u00e7u pour r\u00e9duire les accidents et permettre un acc\u00e8s facile et s\u00fbr aux regards d&rsquo;\u00e9gout, aux r\u00e9servoirs, aux bassins et \u00e0 toute structure n\u00e9cessitant une \u00e9chelle. Caract\u00e9ristiques Aucun entretien Longueurs personnalis\u00e9es Exp\u00e9di\u00e9 pr\u00eat \u00e0 installer Simple, s\u00e9curis\u00e9 et facile \u00e0 installer Facile \u00e0 adapter aux installations existantes\" \/>\n<meta property=\"og:url\" content=\"https:\/\/grandeinc.com\/fr\/produits\/produits-de-securite\/poignee-de-securite-sure-climb\/\" \/>\n<meta property=\"og:site_name\" content=\"Grande Gestion des Eaux\" \/>\n<meta property=\"article:publisher\" content=\"https:\/\/www.facebook.com\/GrandeWaterManagement\" \/>\n<meta property=\"article:modified_time\" content=\"2024-06-17T05:15:39+00:00\" \/>\n<meta property=\"og:image\" content=\"http:\/\/grandeinc.com\/wp-content\/uploads\/2024\/06\/sure-climb-1.jpg\" \/>\n<meta name=\"twitter:card\" content=\"summary_large_image\" \/>\n<meta name=\"twitter:label1\" content=\"Estimation du temps de lecture\" \/>\n\t<meta name=\"twitter:data1\" content=\"1 minute\" \/>\n<script type=\"application\/ld+json\" class=\"yoast-schema-graph\">{\"@context\":\"https:\/\/schema.org\",\"@graph\":[{\"@type\":\"WebPage\",\"@id\":\"https:\/\/grandeinc.com\/produits\/produits-de-securite\/poignee-de-securite-sure-climb\/\",\"url\":\"https:\/\/grandeinc.com\/produits\/produits-de-securite\/poignee-de-securite-sure-climb\/\",\"name\":\"POIGN\u00c9E DE S\u00c9CURIT\u00c9 SURE-CLIMB - Grande Gestion des Eaux\",\"isPartOf\":{\"@id\":\"http:\/\/grandeinc.com\/fr\/#website\"},\"primaryImageOfPage\":{\"@id\":\"https:\/\/grandeinc.com\/produits\/produits-de-securite\/poignee-de-securite-sure-climb\/#primaryimage\"},\"image\":{\"@id\":\"https:\/\/grandeinc.com\/produits\/produits-de-securite\/poignee-de-securite-sure-climb\/#primaryimage\"},\"thumbnailUrl\":\"http:\/\/grandeinc.com\/wp-content\/uploads\/2024\/06\/sure-climb-1.jpg\",\"datePublished\":\"2024-06-02T21:49:01+00:00\",\"dateModified\":\"2024-06-17T05:15:39+00:00\",\"breadcrumb\":{\"@id\":\"https:\/\/grandeinc.com\/produits\/produits-de-securite\/poignee-de-securite-sure-climb\/#breadcrumb\"},\"inLanguage\":\"fr-CA\",\"potentialAction\":[{\"@type\":\"ReadAction\",\"target\":[\"https:\/\/grandeinc.com\/produits\/produits-de-securite\/poignee-de-securite-sure-climb\/\"]}]},{\"@type\":\"ImageObject\",\"inLanguage\":\"fr-CA\",\"@id\":\"https:\/\/grandeinc.com\/produits\/produits-de-securite\/poignee-de-securite-sure-climb\/#primaryimage\",\"url\":\"http:\/\/grandeinc.com\/wp-content\/uploads\/2024\/06\/sure-climb-1.jpg\",\"contentUrl\":\"http:\/\/grandeinc.com\/wp-content\/uploads\/2024\/06\/sure-climb-1.jpg\"},{\"@type\":\"BreadcrumbList\",\"@id\":\"https:\/\/grandeinc.com\/produits\/produits-de-securite\/poignee-de-securite-sure-climb\/#breadcrumb\",\"itemListElement\":[{\"@type\":\"ListItem\",\"position\":1,\"name\":\"Accueil\",\"item\":\"https:\/\/grandeinc.com\/\"},{\"@type\":\"ListItem\",\"position\":2,\"name\":\"Produits\",\"item\":\"https:\/\/grandeinc.com\/produits\/\"},{\"@type\":\"ListItem\",\"position\":3,\"name\":\"Produits de s\u00e9curit\u00e9\",\"item\":\"https:\/\/grandeinc.com\/produits\/produits-de-securite\/\"},{\"@type\":\"ListItem\",\"position\":4,\"name\":\"POIGN\u00c9E DE S\u00c9CURIT\u00c9 SURE-CLIMB\"}]},{\"@type\":\"WebSite\",\"@id\":\"http:\/\/grandeinc.com\/fr\/#website\",\"url\":\"http:\/\/grandeinc.com\/fr\/\",\"name\":\"Grande Gestion des Eaux\",\"description\":\"\",\"publisher\":{\"@id\":\"http:\/\/grandeinc.com\/fr\/#organization\"},\"potentialAction\":[{\"@type\":\"SearchAction\",\"target\":{\"@type\":\"EntryPoint\",\"urlTemplate\":\"http:\/\/grandeinc.com\/fr\/?s={search_term_string}\"},\"query-input\":{\"@type\":\"PropertyValueSpecification\",\"valueRequired\":true,\"valueName\":\"search_term_string\"}}],\"inLanguage\":\"fr-CA\"},{\"@type\":\"Organization\",\"@id\":\"http:\/\/grandeinc.com\/fr\/#organization\",\"name\":\"Grande Gestion des Eaux\",\"url\":\"http:\/\/grandeinc.com\/fr\/\",\"logo\":{\"@type\":\"ImageObject\",\"inLanguage\":\"fr-CA\",\"@id\":\"http:\/\/grandeinc.com\/fr\/#\/schema\/logo\/image\/\",\"url\":\"https:\/\/grandeinc.com\/wp-content\/uploads\/2024\/11\/logo.png\",\"contentUrl\":\"https:\/\/grandeinc.com\/wp-content\/uploads\/2024\/11\/logo.png\",\"width\":260,\"height\":84,\"caption\":\"Grande Gestion des Eaux\"},\"image\":{\"@id\":\"http:\/\/grandeinc.com\/fr\/#\/schema\/logo\/image\/\"},\"sameAs\":[\"https:\/\/www.facebook.com\/GrandeWaterManagement\"]}]}<\/script>\n<!-- \/ Yoast SEO plugin. -->","yoast_head_json":{"title":"POIGN\u00c9E DE S\u00c9CURIT\u00c9 SURE-CLIMB - Grande Gestion des Eaux","robots":{"index":"index","follow":"follow","max-snippet":"max-snippet:-1","max-image-preview":"max-image-preview:large","max-video-preview":"max-video-preview:-1"},"canonical":"https:\/\/grandeinc.com\/fr\/produits\/produits-de-securite\/poignee-de-securite-sure-climb\/","og_locale":"fr_CA","og_type":"article","og_title":"POIGN\u00c9E DE S\u00c9CURIT\u00c9 SURE-CLIMB - Grande Gestion des Eaux","og_description":"Le syst\u00e8me de poign\u00e9e de s\u00e9curit\u00e9 SURE-CLIMB est con\u00e7u pour r\u00e9duire les accidents et permettre un acc\u00e8s facile et s\u00fbr aux regards d&rsquo;\u00e9gout, aux r\u00e9servoirs, aux bassins et \u00e0 toute structure n\u00e9cessitant une \u00e9chelle. Caract\u00e9ristiques Aucun entretien Longueurs personnalis\u00e9es Exp\u00e9di\u00e9 pr\u00eat \u00e0 installer Simple, s\u00e9curis\u00e9 et facile \u00e0 installer Facile \u00e0 adapter aux installations existantes","og_url":"https:\/\/grandeinc.com\/fr\/produits\/produits-de-securite\/poignee-de-securite-sure-climb\/","og_site_name":"Grande Gestion des Eaux","article_publisher":"https:\/\/www.facebook.com\/GrandeWaterManagement","article_modified_time":"2024-06-17T05:15:39+00:00","og_image":[{"url":"http:\/\/grandeinc.com\/wp-content\/uploads\/2024\/06\/sure-climb-1.jpg","type":"","width":"","height":""}],"twitter_card":"summary_large_image","twitter_misc":{"Estimation du temps de lecture":"1 minute"},"schema":{"@context":"https:\/\/schema.org","@graph":[{"@type":"WebPage","@id":"https:\/\/grandeinc.com\/produits\/produits-de-securite\/poignee-de-securite-sure-climb\/","url":"https:\/\/grandeinc.com\/produits\/produits-de-securite\/poignee-de-securite-sure-climb\/","name":"POIGN\u00c9E DE S\u00c9CURIT\u00c9 SURE-CLIMB - Grande Gestion des Eaux","isPartOf":{"@id":"http:\/\/grandeinc.com\/fr\/#website"},"primaryImageOfPage":{"@id":"https:\/\/grandeinc.com\/produits\/produits-de-securite\/poignee-de-securite-sure-climb\/#primaryimage"},"image":{"@id":"https:\/\/grandeinc.com\/produits\/produits-de-securite\/poignee-de-securite-sure-climb\/#primaryimage"},"thumbnailUrl":"http:\/\/grandeinc.com\/wp-content\/uploads\/2024\/06\/sure-climb-1.jpg","datePublished":"2024-06-02T21:49:01+00:00","dateModified":"2024-06-17T05:15:39+00:00","breadcrumb":{"@id":"https:\/\/grandeinc.com\/produits\/produits-de-securite\/poignee-de-securite-sure-climb\/#breadcrumb"},"inLanguage":"fr-CA","potentialAction":[{"@type":"ReadAction","target":["https:\/\/grandeinc.com\/produits\/produits-de-securite\/poignee-de-securite-sure-climb\/"]}]},{"@type":"ImageObject","inLanguage":"fr-CA","@id":"https:\/\/grandeinc.com\/produits\/produits-de-securite\/poignee-de-securite-sure-climb\/#primaryimage","url":"http:\/\/grandeinc.com\/wp-content\/uploads\/2024\/06\/sure-climb-1.jpg","contentUrl":"http:\/\/grandeinc.com\/wp-content\/uploads\/2024\/06\/sure-climb-1.jpg"},{"@type":"BreadcrumbList","@id":"https:\/\/grandeinc.com\/produits\/produits-de-securite\/poignee-de-securite-sure-climb\/#breadcrumb","itemListElement":[{"@type":"ListItem","position":1,"name":"Accueil","item":"https:\/\/grandeinc.com\/"},{"@type":"ListItem","position":2,"name":"Produits","item":"https:\/\/grandeinc.com\/produits\/"},{"@type":"ListItem","position":3,"name":"Produits de s\u00e9curit\u00e9","item":"https:\/\/grandeinc.com\/produits\/produits-de-securite\/"},{"@type":"ListItem","position":4,"name":"POIGN\u00c9E DE S\u00c9CURIT\u00c9 SURE-CLIMB"}]},{"@type":"WebSite","@id":"http:\/\/grandeinc.com\/fr\/#website","url":"http:\/\/grandeinc.com\/fr\/","name":"Grande Gestion des Eaux","description":"","publisher":{"@id":"http:\/\/grandeinc.com\/fr\/#organization"},"potentialAction":[{"@type":"SearchAction","target":{"@type":"EntryPoint","urlTemplate":"http:\/\/grandeinc.com\/fr\/?s={search_term_string}"},"query-input":{"@type":"PropertyValueSpecification","valueRequired":true,"valueName":"search_term_string"}}],"inLanguage":"fr-CA"},{"@type":"Organization","@id":"http:\/\/grandeinc.com\/fr\/#organization","name":"Grande Gestion des Eaux","url":"http:\/\/grandeinc.com\/fr\/","logo":{"@type":"ImageObject","inLanguage":"fr-CA","@id":"http:\/\/grandeinc.com\/fr\/#\/schema\/logo\/image\/","url":"https:\/\/grandeinc.com\/wp-content\/uploads\/2024\/11\/logo.png","contentUrl":"https:\/\/grandeinc.com\/wp-content\/uploads\/2024\/11\/logo.png","width":260,"height":84,"caption":"Grande Gestion des Eaux"},"image":{"@id":"http:\/\/grandeinc.com\/fr\/#\/schema\/logo\/image\/"},"sameAs":["https:\/\/www.facebook.com\/GrandeWaterManagement"]}]}},"_links":{"self":[{"href":"http:\/\/grandeinc.com\/fr\/wp-json\/wp\/v2\/pages\/1008","targetHints":{"allow":["GET"]}}],"collection":[{"href":"http:\/\/grandeinc.com\/fr\/wp-json\/wp\/v2\/pages"}],"about":[{"href":"http:\/\/grandeinc.com\/fr\/wp-json\/wp\/v2\/types\/page"}],"author":[{"embeddable":true,"href":"http:\/\/grandeinc.com\/fr\/wp-json\/wp\/v2\/users\/4"}],"replies":[{"embeddable":true,"href":"http:\/\/grandeinc.com\/fr\/wp-json\/wp\/v2\/comments?post=1008"}],"version-history":[{"count":6,"href":"http:\/\/grandeinc.com\/fr\/wp-json\/wp\/v2\/pages\/1008\/revisions"}],"predecessor-version":[{"id":1156,"href":"http:\/\/grandeinc.com\/fr\/wp-json\/wp\/v2\/pages\/1008\/revisions\/1156"}],"up":[{"embeddable":true,"href":"http:\/\/grandeinc.com\/fr\/wp-json\/wp\/v2\/pages\/716"}],"wp:attachment":[{"href":"http:\/\/grandeinc.com\/fr\/wp-json\/wp\/v2\/media?parent=1008"}],"curies":[{"name":"wp","href":"https:\/\/api.w.org\/{rel}","templated":true}]}}