{"id":853,"date":"2024-06-02T22:42:28","date_gmt":"2024-06-03T02:42:28","guid":{"rendered":"https:\/\/grandeinc.com\/?page_id=853"},"modified":"2024-07-15T23:36:36","modified_gmt":"2024-07-16T03:36:36","slug":"ecran-a-barre-autonettoyant","status":"publish","type":"page","link":"http:\/\/grandeinc.com\/en\/produits\/ecran-a-barre-autonettoyant\/","title":{"rendered":"TRU-RAKE (self-cleaning bar screen)"},"content":{"rendered":"<section class=\"kc-elm kc-css-962138 kc_row\"><div class=\"kc-row-container  kc-container\"><div class=\"kc-wrap-columns\"><div class=\"kc-elm kc-css-208015 kc_col-sm-12 kc_column kc_col-sm-12\"><div class=\"kc-col-container\"><div class=\"kc-elm kc-css-338276 kc_row kc_row_inner\"><div class=\"kc-elm kc-css-461061 kc_col-sm-6 kc_column_inner kc_col-sm-6\"><div class=\"kc_wrapper kc-col-inner-container\"><div class=\"kc-elm kc-css-549349 kc_shortcode kc_single_image\">\n\n        <img decoding=\"async\" src=\"https:\/\/grandeinc.com\/wp-content\/uploads\/2024\/06\/tru-rake-01.jpg\" class=\"\" alt=\"\" \/>    <\/div>\n<\/div><\/div><div class=\"kc-elm kc-css-185002 kc_col-sm-6 kc_column_inner kc_col-sm-6\"><div class=\"kc_wrapper kc-col-inner-container\"><div class=\"kc-elm kc-css-114627 kc_text_block\"><\/p>\n<p>The TRU-RAKE self-cleaning bar screen system is designed to remove debris from stormwater overflow systems, combined sewer overflow (CSO) systems and sanitary sewer overflow (SSO) systems.<\/p>\n<p>The TRU-RAKE self-cleaning bar screen offers an economical and effective solution for preventing floating and suspended coarse matter from entering watercourses. It is designed for installation on stormwater weirs, decanter weirs, CSO weirs and flood discharge weirs. Thanks to its modular design, the TRU-RAKE adapts to all types of overflow system and is easy to install in existing structures.<\/p>\n<p>\n<\/div><\/div><\/div><\/div><div class=\"kc-elm kc-css-721076 kc_row kc_row_inner\"><div class=\"kc-elm kc-css-438853 kc_col-sm-12 kc_column_inner kc_col-sm-12\"><div class=\"kc_wrapper kc-col-inner-container\">\n<div class=\"kc-elm kc-css-899392\">\n\t<a class=\"kc_button\" href=\"\/en\/contactez-nous\/\" target=\"_self\" title=\"\" onclick=\"\">\n\t\tRequest your brochure\t<\/a>\n<\/div>\n<\/div><\/div><\/div><div class=\"kc-elm kc-css-183367 kc_row kc_row_inner\"><div class=\"kc-elm kc-css-589082 kc_col-sm-6 kc_column_inner kc_col-sm-6\"><div class=\"kc_wrapper kc-col-inner-container\"><div class=\"kc-elm kc-css-390818 kc_text_block\"><\/p>\n<h2>Features<\/h2>\n<p>-Low maintenance<\/p>\n<p>Self-cleaning without external energy<\/p>\n<p>-Opens automatically if blocked<\/p>\n<p>-Easy to adapt to existing installations<\/p>\n<p>-Stainless steel construction<\/p>\n<p>\n<\/div><\/div><\/div><div class=\"kc-elm kc-css-227074 kc_col-sm-6 kc_column_inner kc_col-sm-6\"><div class=\"kc_wrapper kc-col-inner-container\"><div class=\"kc-elm kc-css-424601 kc_shortcode kc_single_image\">\n\n        <img decoding=\"async\" src=\"https:\/\/grandeinc.com\/wp-content\/uploads\/2024\/06\/tru-rake-02.jpg\" class=\"\" alt=\"\" \/>    <\/div>\n<\/div><\/div><\/div><div class=\"kc-elm kc-css-325403 kc_row kc_row_inner\"><div class=\"kc-elm kc-css-262072 kc_col-sm-6 kc_column_inner kc_col-sm-6\"><div class=\"kc_wrapper kc-col-inner-container\"><div class=\"kc-elm kc-css-156434 kc_shortcode kc_single_image\">\n\n        <img decoding=\"async\" src=\"https:\/\/grandeinc.com\/wp-content\/uploads\/2024\/06\/tru-rake-03.jpg\" class=\"\" alt=\"\" \/>    <\/div>\n<\/div><\/div><div class=\"kc-elm kc-css-592827 kc_col-sm-6 kc_column_inner kc_col-sm-6\"><div class=\"kc_wrapper kc-col-inner-container\"><div class=\"kc-elm kc-css-472034 kc_text_block\"><\/p>\n<h2>Application scope<\/h2>\n<p>TRU-RAKE self-cleaning bar screen system models vary according to bar spacing, design water depth, maximum acceptable pressure drop, number of modules and overall length. Models are designated GTR-***-***. Units are modular in design, with a single unit measuring up to 20 ft (6 m) in length. Units are currently designated with an asterisk due to the wide variety of model options.<\/p>\n<p>\n<\/div><\/div><\/div><\/div><div class=\"kc-elm kc-css-359044 kc_row kc_row_inner\"><div class=\"kc-elm kc-css-848565 kc_col-sm-6 kc_column_inner kc_col-sm-6\"><div class=\"kc_wrapper kc-col-inner-container\"><div class=\"kc-elm kc-css-480167 kc_text_block\"><\/p>\n<p>The TRU-RAKE self-cleaning bar screen system has a standard bar opening of \u00bd inch (12 mm) to 2 inches (50 mm). During an overflow, the rising water level upstream causes the float to lift the cleaning rake to its upper position before the water flows over the weir. The cleaning rake remains in this position for the duration of the overflow. At the end of overflow, the float is lowered as the upstream water level decreases and, without the use of external energy, the cleaning rake is pulled through the bars, removing the retained debris from the screen surface. This debris is then transported in dry weather to the wastewater treatment plant for disposal.<\/p>\n<p>If the bar screen becomes clogged with debris, the TRU-RAKE is designed to pivot up and out of the flow path as hydrostatic pressure increases. This prevents any negative impact on upstream water levels. When the water level drops, the bar screen returns to its initial position under its own weight.<\/p>\n<p>\n<\/div><\/div><\/div><div class=\"kc-elm kc-css-686706 kc_col-sm-6 kc_column_inner kc_col-sm-6\"><div class=\"kc_wrapper kc-col-inner-container\"><div class=\"kc-elm kc-css-696055 kc_shortcode kc_single_image\">\n\n        <img decoding=\"async\" src=\"https:\/\/grandeinc.com\/wp-content\/uploads\/2024\/06\/tru-rake-04.jpg\" class=\"\" alt=\"\" \/>    <\/div>\n<\/div><\/div><\/div><\/div><\/div><\/div><\/div><\/section>","protected":false},"excerpt":{"rendered":"","protected":false},"author":4,"featured_media":0,"parent":8,"menu_order":0,"comment_status":"closed","ping_status":"closed","template":"","meta":{"footnotes":""},"class_list":["post-853","page","type-page","status-publish","hentry"],"yoast_head":"<!-- This site is optimized with the Yoast SEO plugin v24.0 - https:\/\/yoast.com\/wordpress\/plugins\/seo\/ -->\n<title>TRU-RAKE (\u00c9cran \u00e0 barre autonettoyant) - Grande Gestion des Eaux<\/title>\n<meta name=\"robots\" content=\"index, follow, max-snippet:-1, max-image-preview:large, max-video-preview:-1\" \/>\n<link rel=\"canonical\" href=\"https:\/\/grandeinc.com\/en\/produits\/ecran-a-barre-autonettoyant\/\" \/>\n<meta property=\"og:locale\" content=\"en_US\" \/>\n<meta property=\"og:type\" content=\"article\" \/>\n<meta property=\"og:title\" content=\"TRU-RAKE (\u00c9cran \u00e0 barre autonettoyant) - Grande Gestion des Eaux\" \/>\n<meta property=\"og:description\" content=\"Le syst\u00e8me de tamis \u00e0 barres autonettoyant TRU-RAKE est con\u00e7u pour \u00e9liminer les d\u00e9bris des syst\u00e8mes de trop-plein d&rsquo;eaux pluviales, des syst\u00e8mes de trop-plein d&rsquo;\u00e9gouts unitaires (CSO) et des syst\u00e8mes de trop-plein d&rsquo;\u00e9gouts sanitaires (SSO). Le tamis \u00e0 barres autonettoyant TRU-RAKE offre une solution \u00e9conomique et efficace pour emp\u00eacher les mati\u00e8res grossi\u00e8res flottantes et en\" \/>\n<meta property=\"og:url\" content=\"https:\/\/grandeinc.com\/en\/produits\/ecran-a-barre-autonettoyant\/\" \/>\n<meta property=\"og:site_name\" content=\"Grande Gestion des Eaux\" \/>\n<meta property=\"article:publisher\" content=\"https:\/\/www.facebook.com\/GrandeWaterManagement\" \/>\n<meta property=\"article:modified_time\" content=\"2024-07-16T03:36:36+00:00\" \/>\n<meta property=\"og:image\" content=\"http:\/\/grandeinc.com\/wp-content\/uploads\/2024\/06\/tru-rake-01.jpg\" \/>\n<meta name=\"twitter:card\" content=\"summary_large_image\" \/>\n<meta name=\"twitter:label1\" content=\"Est. reading time\" \/>\n\t<meta name=\"twitter:data1\" content=\"2 minutes\" \/>\n<script type=\"application\/ld+json\" class=\"yoast-schema-graph\">{\"@context\":\"https:\/\/schema.org\",\"@graph\":[{\"@type\":\"WebPage\",\"@id\":\"https:\/\/grandeinc.com\/produits\/ecran-a-barre-autonettoyant\/\",\"url\":\"https:\/\/grandeinc.com\/produits\/ecran-a-barre-autonettoyant\/\",\"name\":\"TRU-RAKE (\u00c9cran \u00e0 barre autonettoyant) - Grande Gestion des Eaux\",\"isPartOf\":{\"@id\":\"http:\/\/grandeinc.com\/fr\/#website\"},\"primaryImageOfPage\":{\"@id\":\"https:\/\/grandeinc.com\/produits\/ecran-a-barre-autonettoyant\/#primaryimage\"},\"image\":{\"@id\":\"https:\/\/grandeinc.com\/produits\/ecran-a-barre-autonettoyant\/#primaryimage\"},\"thumbnailUrl\":\"http:\/\/grandeinc.com\/wp-content\/uploads\/2024\/06\/tru-rake-01.jpg\",\"datePublished\":\"2024-06-03T02:42:28+00:00\",\"dateModified\":\"2024-07-16T03:36:36+00:00\",\"breadcrumb\":{\"@id\":\"https:\/\/grandeinc.com\/produits\/ecran-a-barre-autonettoyant\/#breadcrumb\"},\"inLanguage\":\"en-CA\",\"potentialAction\":[{\"@type\":\"ReadAction\",\"target\":[\"https:\/\/grandeinc.com\/produits\/ecran-a-barre-autonettoyant\/\"]}]},{\"@type\":\"ImageObject\",\"inLanguage\":\"en-CA\",\"@id\":\"https:\/\/grandeinc.com\/produits\/ecran-a-barre-autonettoyant\/#primaryimage\",\"url\":\"http:\/\/grandeinc.com\/wp-content\/uploads\/2024\/06\/tru-rake-01.jpg\",\"contentUrl\":\"http:\/\/grandeinc.com\/wp-content\/uploads\/2024\/06\/tru-rake-01.jpg\"},{\"@type\":\"BreadcrumbList\",\"@id\":\"https:\/\/grandeinc.com\/produits\/ecran-a-barre-autonettoyant\/#breadcrumb\",\"itemListElement\":[{\"@type\":\"ListItem\",\"position\":1,\"name\":\"Accueil\",\"item\":\"https:\/\/grandeinc.com\/\"},{\"@type\":\"ListItem\",\"position\":2,\"name\":\"Produits\",\"item\":\"https:\/\/grandeinc.com\/produits\/\"},{\"@type\":\"ListItem\",\"position\":3,\"name\":\"TRU-RAKE (\u00c9cran \u00e0 barre autonettoyant)\"}]},{\"@type\":\"WebSite\",\"@id\":\"http:\/\/grandeinc.com\/fr\/#website\",\"url\":\"http:\/\/grandeinc.com\/fr\/\",\"name\":\"Grande Gestion des Eaux\",\"description\":\"\",\"publisher\":{\"@id\":\"http:\/\/grandeinc.com\/fr\/#organization\"},\"potentialAction\":[{\"@type\":\"SearchAction\",\"target\":{\"@type\":\"EntryPoint\",\"urlTemplate\":\"http:\/\/grandeinc.com\/fr\/?s={search_term_string}\"},\"query-input\":{\"@type\":\"PropertyValueSpecification\",\"valueRequired\":true,\"valueName\":\"search_term_string\"}}],\"inLanguage\":\"en-CA\"},{\"@type\":\"Organization\",\"@id\":\"http:\/\/grandeinc.com\/fr\/#organization\",\"name\":\"Grande Gestion des Eaux\",\"url\":\"http:\/\/grandeinc.com\/fr\/\",\"logo\":{\"@type\":\"ImageObject\",\"inLanguage\":\"en-CA\",\"@id\":\"http:\/\/grandeinc.com\/fr\/#\/schema\/logo\/image\/\",\"url\":\"https:\/\/grandeinc.com\/wp-content\/uploads\/2024\/11\/logo.png\",\"contentUrl\":\"https:\/\/grandeinc.com\/wp-content\/uploads\/2024\/11\/logo.png\",\"width\":260,\"height\":84,\"caption\":\"Grande Gestion des Eaux\"},\"image\":{\"@id\":\"http:\/\/grandeinc.com\/fr\/#\/schema\/logo\/image\/\"},\"sameAs\":[\"https:\/\/www.facebook.com\/GrandeWaterManagement\"]}]}<\/script>\n<!-- \/ Yoast SEO plugin. -->","yoast_head_json":{"title":"TRU-RAKE (\u00c9cran \u00e0 barre autonettoyant) - Grande Gestion des Eaux","robots":{"index":"index","follow":"follow","max-snippet":"max-snippet:-1","max-image-preview":"max-image-preview:large","max-video-preview":"max-video-preview:-1"},"canonical":"https:\/\/grandeinc.com\/en\/produits\/ecran-a-barre-autonettoyant\/","og_locale":"en_US","og_type":"article","og_title":"TRU-RAKE (\u00c9cran \u00e0 barre autonettoyant) - Grande Gestion des Eaux","og_description":"Le syst\u00e8me de tamis \u00e0 barres autonettoyant TRU-RAKE est con\u00e7u pour \u00e9liminer les d\u00e9bris des syst\u00e8mes de trop-plein d&rsquo;eaux pluviales, des syst\u00e8mes de trop-plein d&rsquo;\u00e9gouts unitaires (CSO) et des syst\u00e8mes de trop-plein d&rsquo;\u00e9gouts sanitaires (SSO). Le tamis \u00e0 barres autonettoyant TRU-RAKE offre une solution \u00e9conomique et efficace pour emp\u00eacher les mati\u00e8res grossi\u00e8res flottantes et en","og_url":"https:\/\/grandeinc.com\/en\/produits\/ecran-a-barre-autonettoyant\/","og_site_name":"Grande Gestion des Eaux","article_publisher":"https:\/\/www.facebook.com\/GrandeWaterManagement","article_modified_time":"2024-07-16T03:36:36+00:00","og_image":[{"url":"http:\/\/grandeinc.com\/wp-content\/uploads\/2024\/06\/tru-rake-01.jpg","type":"","width":"","height":""}],"twitter_card":"summary_large_image","twitter_misc":{"Est. reading time":"2 minutes"},"schema":{"@context":"https:\/\/schema.org","@graph":[{"@type":"WebPage","@id":"https:\/\/grandeinc.com\/produits\/ecran-a-barre-autonettoyant\/","url":"https:\/\/grandeinc.com\/produits\/ecran-a-barre-autonettoyant\/","name":"TRU-RAKE (\u00c9cran \u00e0 barre autonettoyant) - Grande Gestion des Eaux","isPartOf":{"@id":"http:\/\/grandeinc.com\/fr\/#website"},"primaryImageOfPage":{"@id":"https:\/\/grandeinc.com\/produits\/ecran-a-barre-autonettoyant\/#primaryimage"},"image":{"@id":"https:\/\/grandeinc.com\/produits\/ecran-a-barre-autonettoyant\/#primaryimage"},"thumbnailUrl":"http:\/\/grandeinc.com\/wp-content\/uploads\/2024\/06\/tru-rake-01.jpg","datePublished":"2024-06-03T02:42:28+00:00","dateModified":"2024-07-16T03:36:36+00:00","breadcrumb":{"@id":"https:\/\/grandeinc.com\/produits\/ecran-a-barre-autonettoyant\/#breadcrumb"},"inLanguage":"en-CA","potentialAction":[{"@type":"ReadAction","target":["https:\/\/grandeinc.com\/produits\/ecran-a-barre-autonettoyant\/"]}]},{"@type":"ImageObject","inLanguage":"en-CA","@id":"https:\/\/grandeinc.com\/produits\/ecran-a-barre-autonettoyant\/#primaryimage","url":"http:\/\/grandeinc.com\/wp-content\/uploads\/2024\/06\/tru-rake-01.jpg","contentUrl":"http:\/\/grandeinc.com\/wp-content\/uploads\/2024\/06\/tru-rake-01.jpg"},{"@type":"BreadcrumbList","@id":"https:\/\/grandeinc.com\/produits\/ecran-a-barre-autonettoyant\/#breadcrumb","itemListElement":[{"@type":"ListItem","position":1,"name":"Accueil","item":"https:\/\/grandeinc.com\/"},{"@type":"ListItem","position":2,"name":"Produits","item":"https:\/\/grandeinc.com\/produits\/"},{"@type":"ListItem","position":3,"name":"TRU-RAKE (\u00c9cran \u00e0 barre autonettoyant)"}]},{"@type":"WebSite","@id":"http:\/\/grandeinc.com\/fr\/#website","url":"http:\/\/grandeinc.com\/fr\/","name":"Grande Gestion des Eaux","description":"","publisher":{"@id":"http:\/\/grandeinc.com\/fr\/#organization"},"potentialAction":[{"@type":"SearchAction","target":{"@type":"EntryPoint","urlTemplate":"http:\/\/grandeinc.com\/fr\/?s={search_term_string}"},"query-input":{"@type":"PropertyValueSpecification","valueRequired":true,"valueName":"search_term_string"}}],"inLanguage":"en-CA"},{"@type":"Organization","@id":"http:\/\/grandeinc.com\/fr\/#organization","name":"Grande Gestion des Eaux","url":"http:\/\/grandeinc.com\/fr\/","logo":{"@type":"ImageObject","inLanguage":"en-CA","@id":"http:\/\/grandeinc.com\/fr\/#\/schema\/logo\/image\/","url":"https:\/\/grandeinc.com\/wp-content\/uploads\/2024\/11\/logo.png","contentUrl":"https:\/\/grandeinc.com\/wp-content\/uploads\/2024\/11\/logo.png","width":260,"height":84,"caption":"Grande Gestion des Eaux"},"image":{"@id":"http:\/\/grandeinc.com\/fr\/#\/schema\/logo\/image\/"},"sameAs":["https:\/\/www.facebook.com\/GrandeWaterManagement"]}]}},"_links":{"self":[{"href":"http:\/\/grandeinc.com\/en\/wp-json\/wp\/v2\/pages\/853","targetHints":{"allow":["GET"]}}],"collection":[{"href":"http:\/\/grandeinc.com\/en\/wp-json\/wp\/v2\/pages"}],"about":[{"href":"http:\/\/grandeinc.com\/en\/wp-json\/wp\/v2\/types\/page"}],"author":[{"embeddable":true,"href":"http:\/\/grandeinc.com\/en\/wp-json\/wp\/v2\/users\/4"}],"replies":[{"embeddable":true,"href":"http:\/\/grandeinc.com\/en\/wp-json\/wp\/v2\/comments?post=853"}],"version-history":[{"count":11,"href":"http:\/\/grandeinc.com\/en\/wp-json\/wp\/v2\/pages\/853\/revisions"}],"predecessor-version":[{"id":1203,"href":"http:\/\/grandeinc.com\/en\/wp-json\/wp\/v2\/pages\/853\/revisions\/1203"}],"up":[{"embeddable":true,"href":"http:\/\/grandeinc.com\/en\/wp-json\/wp\/v2\/pages\/8"}],"wp:attachment":[{"href":"http:\/\/grandeinc.com\/en\/wp-json\/wp\/v2\/media?parent=853"}],"curies":[{"name":"wp","href":"https:\/\/api.w.org\/{rel}","templated":true}]}}