{"id":809,"date":"2024-06-02T17:11:20","date_gmt":"2024-06-02T21:11:20","guid":{"rendered":"https:\/\/grandeinc.com\/?page_id=809"},"modified":"2024-12-02T16:01:34","modified_gmt":"2024-12-02T21:01:34","slug":"acu-flo-regulateur-dequilibre","status":"publish","type":"page","link":"http:\/\/grandeinc.com\/en\/produits\/regulation-de-debit\/acu-flo-regulateur-dequilibre\/","title":{"rendered":"ACU-FLO (balance Regulator)"},"content":{"rendered":"<p><section class=\"kc-elm kc-css-688702 kc_row\"><div class=\"kc-row-container  kc-container\"><div class=\"kc-wrap-columns\"><div class=\"kc-elm kc-css-104803 kc_col-sm-6 kc_column kc_col-sm-6\"><div class=\"kc-col-container\"><div class=\"kc-elm kc-css-242922 kc_shortcode kc_single_image\">\n\n        <img decoding=\"async\" src=\"https:\/\/grandeinc.com\/wp-content\/uploads\/2024\/05\/acu-flo-01.jpg\" class=\"\" alt=\"\" \/>    <\/div>\n<\/div><\/div><div class=\"kc-elm kc-css-221180 kc_col-sm-6 kc_column kc_col-sm-6\"><div class=\"kc-col-container\"><div class=\"kc-elm kc-css-643313 kc_text_block\"><\/p>\n<p>\nThe ACU-FLO balance regulator system is designed to maintain a constant, accurate flow (+\/- 5%) from a minimum of 16 gpm (1 L\/s) to a maximum of 4,000 gpm (250 L\/s) for upstream water. water levels ranging from 0 to 40 feet (12 m). The ACU-FLO Balance Regulator has been used for flow control in combined sewer systems (CSO), sanitary sewer systems (SSO) and batch plant effluents, and is well suited to regulating very low to medium discharges. The ACU-FLO balancing controller is installed on the downstream side of the control point in a dry well and requires a differential head for proper operation.<\/p>\n<p>\n<\/div><\/div><\/div><\/div><\/div><\/section><section class=\"kc-elm kc-css-685360 kc_row\"><div class=\"kc-row-container  kc-container\"><div class=\"kc-wrap-columns\"><div class=\"kc-elm kc-css-534285 kc_col-sm-6 kc_column kc_col-sm-6\"><div class=\"kc-col-container\"><div class=\"kc-elm kc-css-105351 kc_text_block\"><\/p>\n<h2>Field of Application<\/h2>\n<p>The ACU-FLO balancing system ranges from the GAF-R-15 model to the GAF-R-40 model. The GAF-R-15 model features a 6-inch (15 cm) inlet diameter with a flow range of 16 to 80 gpm (1 to 5 L\/s), while the GAF-R-40 model has a 16-inch (40 cm) inlet diameter with a flow range of 1,300 to 4,000 gpm (80 to 250 L\/s). The choice of ACU-FLO model is determined entirely by the required flow range.<\/p>\n<p>\n<\/div><\/div><\/div><div class=\"kc-elm kc-css-225538 kc_col-sm-6 kc_column kc_col-sm-6\"><div class=\"kc-col-container\">\n<div class=\"kc-elm kc-css-751526\">\n\t<a class=\"kc_button\" href=\"\/en\/contactez-nous\/\" target=\"_self\" title=\"\" onclick=\"\">\n\t\tRequest your brochure\t<\/a>\n<\/div>\n<\/div><\/div><\/div><\/div><\/section><section class=\"kc-elm kc-css-836893 kc_row\"><div class=\"kc-row-container  kc-container\"><div class=\"kc-wrap-columns\"><div class=\"kc-elm kc-css-121385 kc_col-sm-6 kc_column kc_col-sm-6\"><div class=\"kc-col-container\"><div class=\"kc-elm kc-css-428290 kc_shortcode kc_single_image\">\n\n        <img decoding=\"async\" src=\"https:\/\/grandeinc.com\/wp-content\/uploads\/2024\/12\/acu-flo-03.jpg\" class=\"\" alt=\"\" \/>    <\/div>\n<div class=\"kc-elm kc-css-453108 kc_shortcode kc_single_image\">\n\n        <img decoding=\"async\" src=\"https:\/\/grandeinc.com\/wp-content\/uploads\/2024\/12\/acu-flo-04.jpg\" class=\"\" alt=\"\" \/>    <\/div>\n<\/div><\/div><div class=\"kc-elm kc-css-218294 kc_col-sm-6 kc_column kc_col-sm-6\"><div class=\"kc-col-container\"><div class=\"kc-elm kc-css-650314 kc_text_block\"><\/p>\n<h2>How it works<\/h2>\n<p>The ACU-FLO balance regulator ensures a consistent flow rate at a predefined value, regardless of the upstream water level. The ACU-FLO regulator effectively balances the water mass flowing through it against a fixed counterweight. Its key functional components include the pivoting radial valve, the weighing basin, and the regulation counterweight. \n\nDuring periods of low flow, the pivoting radial valve remains fully open. As incoming flow increases, water passes through the regulator's housing into the weighing basin. The growing weight of the water pushes the basin downward while raising the regulation counterweight. These movements are transferred to the pivoting radial valve via coupled levers, initiating the regulation process. As the water's weight in the basin increases, the radial valve gradually closes, reducing the discharge opening. \n\nThe ACU-FLO balance regulator\u2019s opening is automatically adjusted based on the upstream water level, ensuring a consistently regulated flow.<\/p>\n<p>The ACU-FLO balance regulator features an automatic self-cleaning mechanism to prevent blockages. In the event of a blockage, the flow through the regulator decreases, causing a corresponding reduction in the regulatory water weight on the weighing basin. This triggers the basin to rise, fully opening the radial valve. The blockage is then cleared under the pressure of the upstream water level, after which the regulation process resumes seamlessly.<\/p>\n<p>Each ACU-FLO balance regulator is calibrated on a fully operational, full-scale test bench. It is shipped pre-set to the desired design flow rate. Additionally, setpoints are clearly marked to facilitate future on-site flow adjustments if needed. This allows for straightforward installation and commissioning, eliminating the need for lengthy and costly on-site calibration or flow measurement.<\/p>\n<p>The ACU-FLO balance regulator can be fitted with a servo-control unit to adjust the design flow from fully open to fully closed. It can be operated either locally or remotely from a central control station. In the event of a power failure, the regulator will continue to operate automatically, maintaining the last set flow rate.<\/p>\n<p>The ACU-FLO balance regulator can be equipped with a flow monitoring device.<\/p>\n<p>\n<\/div><\/div><\/div><\/div><\/div><\/section><section class=\"kc-elm kc-css-915029 kc_row\"><div class=\"kc-row-container  kc-container\"><div class=\"kc-wrap-columns\"><div class=\"kc-elm kc-css-50854 kc_col-sm-6 kc_column kc_col-sm-6\"><div class=\"kc-col-container\">\n<div class=\"kc-elm kc-css-756494 kc-title-wrap\">\n\n\t<h1 class=\"kc_title\">Features<\/h1>\n<\/div>\n\n<div class=\"kc-elm kc-css-614063 divider_line\">\n\t<div class=\"divider_inner divider_line1\">\n\t\t\t<\/div>\n<\/div>\n<div class=\"kc-elm kc-css-339060 kc_text_block\"><\/p>\n<p>\n-16 gpm to 4,000 gpm (1 to 250 L\/S)<br \/>-Waterhead up to 40 ft (12 m)<br \/>-Can be used to monitor flows<br \/>-Can be equipped for a remote operation<br \/>-Automatic rinsing effect which prevents blockage<br \/>-Design flow rate can be adjusted on site<br \/>-Easy to adapt to existing installations<br \/>-Stainless steel construction<\/p>\n<p>\n<\/div><\/div><\/div><div class=\"kc-elm kc-css-548257 kc_col-sm-6 kc_column kc_col-sm-6\"><div class=\"kc-col-container\"><div class=\"kc-elm kc-css-354783 kc-raw-code\"><iframe loading=\"lazy\" width=\"560\" height=\"315\" src=\"https:\/\/www.youtube.com\/embed\/n53va0oQT1M?si=vA5mYJz9aVu62WUv\" title=\"YouTube video player\" frameborder=\"0\" allow=\"accelerometer; autoplay; clipboard-write; encrypted-media; gyroscope; picture-in-picture; web-share\" referrerpolicy=\"strict-origin-when-cross-origin\" allowfullscreen><\/iframe><\/div><\/div><\/div><\/div><\/div><\/section><section class=\"kc-elm kc-css-710739 kc_row\"><div class=\"kc-row-container  kc-container\"><div class=\"kc-wrap-columns\"><div class=\"kc-elm kc-css-613094 kc_col-sm-6 kc_column kc_col-sm-6\"><div class=\"kc-col-container\"><\/div><\/div><div class=\"kc-elm kc-css-689773 kc_col-sm-6 kc_column kc_col-sm-6\"><div class=\"kc-col-container\"><div class=\"kc-elm kc-css-133197 kc-raw-code\"><iframe loading=\"lazy\" width=\"560\" height=\"315\" src=\"https:\/\/www.youtube.com\/embed\/o_HU9c31Rd4?si=GPfonVzHM4JMxCQH\" title=\"YouTube video player\" frameborder=\"0\" allow=\"accelerometer; autoplay; clipboard-write; encrypted-media; gyroscope; picture-in-picture; web-share\" referrerpolicy=\"strict-origin-when-cross-origin\" allowfullscreen><\/iframe><\/div><\/div><\/div><\/div><\/div><\/section><\/p>","protected":false},"excerpt":{"rendered":"","protected":false},"author":4,"featured_media":0,"parent":688,"menu_order":0,"comment_status":"closed","ping_status":"closed","template":"","meta":{"footnotes":""},"class_list":["post-809","page","type-page","status-publish","hentry"],"yoast_head":"<!-- This site is optimized with the Yoast SEO plugin v24.0 - https:\/\/yoast.com\/wordpress\/plugins\/seo\/ -->\n<title>ACU-FLO (r\u00e9gulateur d&#039;\u00e9quilibre) - Grande Gestion des Eaux<\/title>\n<meta name=\"robots\" content=\"index, follow, max-snippet:-1, max-image-preview:large, max-video-preview:-1\" \/>\n<link rel=\"canonical\" href=\"https:\/\/grandeinc.com\/en\/produits\/regulation-de-debit\/acu-flo-regulateur-dequilibre\/\" \/>\n<meta property=\"og:locale\" content=\"en_US\" \/>\n<meta property=\"og:type\" content=\"article\" \/>\n<meta property=\"og:title\" content=\"ACU-FLO (r\u00e9gulateur d&#039;\u00e9quilibre) - Grande Gestion des Eaux\" \/>\n<meta property=\"og:description\" content=\"Le syst\u00e8me de r\u00e9gulateur d&rsquo;\u00e9quilibre ACU-FLO est con\u00e7u pour maintenir un d\u00e9bit constant et pr\u00e9cis (+\/- 5 %) d&rsquo;un minimum de 16 gpm (1 L\/s) \u00e0 un maximum de 4\u00a0000 gpm (250 L\/s) pour les eaux en amont. niveaux d&rsquo;eau variant de 0 \u00e0 40 pieds (12 m). Le r\u00e9gulateur d&rsquo;\u00e9quilibre ACU-FLO a \u00e9t\u00e9 utilis\u00e9\" \/>\n<meta property=\"og:url\" content=\"https:\/\/grandeinc.com\/en\/produits\/regulation-de-debit\/acu-flo-regulateur-dequilibre\/\" \/>\n<meta property=\"og:site_name\" content=\"Grande Gestion des Eaux\" \/>\n<meta property=\"article:publisher\" content=\"https:\/\/www.facebook.com\/GrandeWaterManagement\" \/>\n<meta property=\"article:modified_time\" content=\"2024-12-02T21:01:34+00:00\" \/>\n<meta property=\"og:image\" content=\"http:\/\/grandeinc.com\/wp-content\/uploads\/2024\/05\/acu-flo-01.jpg\" \/>\n<meta name=\"twitter:card\" content=\"summary_large_image\" \/>\n<meta name=\"twitter:label1\" content=\"Est. reading time\" \/>\n\t<meta name=\"twitter:data1\" content=\"4 minutes\" \/>\n<script type=\"application\/ld+json\" class=\"yoast-schema-graph\">{\"@context\":\"https:\/\/schema.org\",\"@graph\":[{\"@type\":\"WebPage\",\"@id\":\"https:\/\/grandeinc.com\/produits\/regulation-de-debit\/acu-flo-regulateur-dequilibre\/\",\"url\":\"https:\/\/grandeinc.com\/produits\/regulation-de-debit\/acu-flo-regulateur-dequilibre\/\",\"name\":\"ACU-FLO (r\u00e9gulateur d'\u00e9quilibre) - Grande Gestion des Eaux\",\"isPartOf\":{\"@id\":\"http:\/\/grandeinc.com\/fr\/#website\"},\"primaryImageOfPage\":{\"@id\":\"https:\/\/grandeinc.com\/produits\/regulation-de-debit\/acu-flo-regulateur-dequilibre\/#primaryimage\"},\"image\":{\"@id\":\"https:\/\/grandeinc.com\/produits\/regulation-de-debit\/acu-flo-regulateur-dequilibre\/#primaryimage\"},\"thumbnailUrl\":\"http:\/\/grandeinc.com\/wp-content\/uploads\/2024\/05\/acu-flo-01.jpg\",\"datePublished\":\"2024-06-02T21:11:20+00:00\",\"dateModified\":\"2024-12-02T21:01:34+00:00\",\"breadcrumb\":{\"@id\":\"https:\/\/grandeinc.com\/produits\/regulation-de-debit\/acu-flo-regulateur-dequilibre\/#breadcrumb\"},\"inLanguage\":\"en-CA\",\"potentialAction\":[{\"@type\":\"ReadAction\",\"target\":[\"https:\/\/grandeinc.com\/produits\/regulation-de-debit\/acu-flo-regulateur-dequilibre\/\"]}]},{\"@type\":\"ImageObject\",\"inLanguage\":\"en-CA\",\"@id\":\"https:\/\/grandeinc.com\/produits\/regulation-de-debit\/acu-flo-regulateur-dequilibre\/#primaryimage\",\"url\":\"http:\/\/grandeinc.com\/wp-content\/uploads\/2024\/05\/acu-flo-01.jpg\",\"contentUrl\":\"http:\/\/grandeinc.com\/wp-content\/uploads\/2024\/05\/acu-flo-01.jpg\"},{\"@type\":\"BreadcrumbList\",\"@id\":\"https:\/\/grandeinc.com\/produits\/regulation-de-debit\/acu-flo-regulateur-dequilibre\/#breadcrumb\",\"itemListElement\":[{\"@type\":\"ListItem\",\"position\":1,\"name\":\"Accueil\",\"item\":\"https:\/\/grandeinc.com\/\"},{\"@type\":\"ListItem\",\"position\":2,\"name\":\"Produits\",\"item\":\"https:\/\/grandeinc.com\/produits\/\"},{\"@type\":\"ListItem\",\"position\":3,\"name\":\"R\u00e9gulation du d\u00e9bit\",\"item\":\"https:\/\/grandeinc.com\/produits\/regulation-de-debit\/\"},{\"@type\":\"ListItem\",\"position\":4,\"name\":\"ACU-FLO (r\u00e9gulateur d&rsquo;\u00e9quilibre)\"}]},{\"@type\":\"WebSite\",\"@id\":\"http:\/\/grandeinc.com\/fr\/#website\",\"url\":\"http:\/\/grandeinc.com\/fr\/\",\"name\":\"Grande Gestion des Eaux\",\"description\":\"\",\"publisher\":{\"@id\":\"http:\/\/grandeinc.com\/fr\/#organization\"},\"potentialAction\":[{\"@type\":\"SearchAction\",\"target\":{\"@type\":\"EntryPoint\",\"urlTemplate\":\"http:\/\/grandeinc.com\/fr\/?s={search_term_string}\"},\"query-input\":{\"@type\":\"PropertyValueSpecification\",\"valueRequired\":true,\"valueName\":\"search_term_string\"}}],\"inLanguage\":\"en-CA\"},{\"@type\":\"Organization\",\"@id\":\"http:\/\/grandeinc.com\/fr\/#organization\",\"name\":\"Grande Gestion des Eaux\",\"url\":\"http:\/\/grandeinc.com\/fr\/\",\"logo\":{\"@type\":\"ImageObject\",\"inLanguage\":\"en-CA\",\"@id\":\"http:\/\/grandeinc.com\/fr\/#\/schema\/logo\/image\/\",\"url\":\"https:\/\/grandeinc.com\/wp-content\/uploads\/2024\/11\/logo.png\",\"contentUrl\":\"https:\/\/grandeinc.com\/wp-content\/uploads\/2024\/11\/logo.png\",\"width\":260,\"height\":84,\"caption\":\"Grande Gestion des Eaux\"},\"image\":{\"@id\":\"http:\/\/grandeinc.com\/fr\/#\/schema\/logo\/image\/\"},\"sameAs\":[\"https:\/\/www.facebook.com\/GrandeWaterManagement\"]}]}<\/script>\n<!-- \/ Yoast SEO plugin. -->","yoast_head_json":{"title":"ACU-FLO (r\u00e9gulateur d'\u00e9quilibre) - Grande Gestion des Eaux","robots":{"index":"index","follow":"follow","max-snippet":"max-snippet:-1","max-image-preview":"max-image-preview:large","max-video-preview":"max-video-preview:-1"},"canonical":"https:\/\/grandeinc.com\/en\/produits\/regulation-de-debit\/acu-flo-regulateur-dequilibre\/","og_locale":"en_US","og_type":"article","og_title":"ACU-FLO (r\u00e9gulateur d'\u00e9quilibre) - Grande Gestion des Eaux","og_description":"Le syst\u00e8me de r\u00e9gulateur d&rsquo;\u00e9quilibre ACU-FLO est con\u00e7u pour maintenir un d\u00e9bit constant et pr\u00e9cis (+\/- 5 %) d&rsquo;un minimum de 16 gpm (1 L\/s) \u00e0 un maximum de 4\u00a0000 gpm (250 L\/s) pour les eaux en amont. niveaux d&rsquo;eau variant de 0 \u00e0 40 pieds (12 m). Le r\u00e9gulateur d&rsquo;\u00e9quilibre ACU-FLO a \u00e9t\u00e9 utilis\u00e9","og_url":"https:\/\/grandeinc.com\/en\/produits\/regulation-de-debit\/acu-flo-regulateur-dequilibre\/","og_site_name":"Grande Gestion des Eaux","article_publisher":"https:\/\/www.facebook.com\/GrandeWaterManagement","article_modified_time":"2024-12-02T21:01:34+00:00","og_image":[{"url":"http:\/\/grandeinc.com\/wp-content\/uploads\/2024\/05\/acu-flo-01.jpg","type":"","width":"","height":""}],"twitter_card":"summary_large_image","twitter_misc":{"Est. reading time":"4 minutes"},"schema":{"@context":"https:\/\/schema.org","@graph":[{"@type":"WebPage","@id":"https:\/\/grandeinc.com\/produits\/regulation-de-debit\/acu-flo-regulateur-dequilibre\/","url":"https:\/\/grandeinc.com\/produits\/regulation-de-debit\/acu-flo-regulateur-dequilibre\/","name":"ACU-FLO (r\u00e9gulateur d'\u00e9quilibre) - Grande Gestion des Eaux","isPartOf":{"@id":"http:\/\/grandeinc.com\/fr\/#website"},"primaryImageOfPage":{"@id":"https:\/\/grandeinc.com\/produits\/regulation-de-debit\/acu-flo-regulateur-dequilibre\/#primaryimage"},"image":{"@id":"https:\/\/grandeinc.com\/produits\/regulation-de-debit\/acu-flo-regulateur-dequilibre\/#primaryimage"},"thumbnailUrl":"http:\/\/grandeinc.com\/wp-content\/uploads\/2024\/05\/acu-flo-01.jpg","datePublished":"2024-06-02T21:11:20+00:00","dateModified":"2024-12-02T21:01:34+00:00","breadcrumb":{"@id":"https:\/\/grandeinc.com\/produits\/regulation-de-debit\/acu-flo-regulateur-dequilibre\/#breadcrumb"},"inLanguage":"en-CA","potentialAction":[{"@type":"ReadAction","target":["https:\/\/grandeinc.com\/produits\/regulation-de-debit\/acu-flo-regulateur-dequilibre\/"]}]},{"@type":"ImageObject","inLanguage":"en-CA","@id":"https:\/\/grandeinc.com\/produits\/regulation-de-debit\/acu-flo-regulateur-dequilibre\/#primaryimage","url":"http:\/\/grandeinc.com\/wp-content\/uploads\/2024\/05\/acu-flo-01.jpg","contentUrl":"http:\/\/grandeinc.com\/wp-content\/uploads\/2024\/05\/acu-flo-01.jpg"},{"@type":"BreadcrumbList","@id":"https:\/\/grandeinc.com\/produits\/regulation-de-debit\/acu-flo-regulateur-dequilibre\/#breadcrumb","itemListElement":[{"@type":"ListItem","position":1,"name":"Accueil","item":"https:\/\/grandeinc.com\/"},{"@type":"ListItem","position":2,"name":"Produits","item":"https:\/\/grandeinc.com\/produits\/"},{"@type":"ListItem","position":3,"name":"R\u00e9gulation du d\u00e9bit","item":"https:\/\/grandeinc.com\/produits\/regulation-de-debit\/"},{"@type":"ListItem","position":4,"name":"ACU-FLO (r\u00e9gulateur d&rsquo;\u00e9quilibre)"}]},{"@type":"WebSite","@id":"http:\/\/grandeinc.com\/fr\/#website","url":"http:\/\/grandeinc.com\/fr\/","name":"Grande Gestion des Eaux","description":"","publisher":{"@id":"http:\/\/grandeinc.com\/fr\/#organization"},"potentialAction":[{"@type":"SearchAction","target":{"@type":"EntryPoint","urlTemplate":"http:\/\/grandeinc.com\/fr\/?s={search_term_string}"},"query-input":{"@type":"PropertyValueSpecification","valueRequired":true,"valueName":"search_term_string"}}],"inLanguage":"en-CA"},{"@type":"Organization","@id":"http:\/\/grandeinc.com\/fr\/#organization","name":"Grande Gestion des Eaux","url":"http:\/\/grandeinc.com\/fr\/","logo":{"@type":"ImageObject","inLanguage":"en-CA","@id":"http:\/\/grandeinc.com\/fr\/#\/schema\/logo\/image\/","url":"https:\/\/grandeinc.com\/wp-content\/uploads\/2024\/11\/logo.png","contentUrl":"https:\/\/grandeinc.com\/wp-content\/uploads\/2024\/11\/logo.png","width":260,"height":84,"caption":"Grande Gestion des Eaux"},"image":{"@id":"http:\/\/grandeinc.com\/fr\/#\/schema\/logo\/image\/"},"sameAs":["https:\/\/www.facebook.com\/GrandeWaterManagement"]}]}},"_links":{"self":[{"href":"http:\/\/grandeinc.com\/en\/wp-json\/wp\/v2\/pages\/809","targetHints":{"allow":["GET"]}}],"collection":[{"href":"http:\/\/grandeinc.com\/en\/wp-json\/wp\/v2\/pages"}],"about":[{"href":"http:\/\/grandeinc.com\/en\/wp-json\/wp\/v2\/types\/page"}],"author":[{"embeddable":true,"href":"http:\/\/grandeinc.com\/en\/wp-json\/wp\/v2\/users\/4"}],"replies":[{"embeddable":true,"href":"http:\/\/grandeinc.com\/en\/wp-json\/wp\/v2\/comments?post=809"}],"version-history":[{"count":14,"href":"http:\/\/grandeinc.com\/en\/wp-json\/wp\/v2\/pages\/809\/revisions"}],"predecessor-version":[{"id":1334,"href":"http:\/\/grandeinc.com\/en\/wp-json\/wp\/v2\/pages\/809\/revisions\/1334"}],"up":[{"embeddable":true,"href":"http:\/\/grandeinc.com\/en\/wp-json\/wp\/v2\/pages\/688"}],"wp:attachment":[{"href":"http:\/\/grandeinc.com\/en\/wp-json\/wp\/v2\/media?parent=809"}],"curies":[{"name":"wp","href":"https:\/\/api.w.org\/{rel}","templated":true}]}}