{"id":590,"date":"2024-05-02T21:08:34","date_gmt":"2024-05-03T01:08:34","guid":{"rendered":"https:\/\/grandeinc.com\/?page_id=590"},"modified":"2025-01-08T22:23:14","modified_gmt":"2025-01-09T03:23:14","slug":"degrilleur-de-debordement-3","status":"publish","type":"page","link":"http:\/\/grandeinc.com\/en\/produits\/degrilleur-de-debordement-3\/","title":{"rendered":"Overflow Screening"},"content":{"rendered":"<p><section class=\"kc-elm kc-css-125584 kc_row\"><div class=\"kc-row-container  kc-container\"><div class=\"kc-wrap-columns\"><div class=\"kc-elm kc-css-868397 kc_column kc_col-sm-12\"><div class=\"kc-col-container\"><div class=\"kc-elm kc-css-960941 kc_text_block\"><\/p>\n<p>\nOur flow management systems are designed to remove debris from stormwater overflow systems, combined sewer overflow (CSO) systems, and sanitary sewer overflow (SSO) systems.<\/p>\n<p>\n<\/div><\/div><\/div><\/div><\/div><\/section><section class=\"kc-elm kc-css-86565 kc_row\"><div class=\"kc-row-container  kc-container\"><div class=\"kc-wrap-columns\"><div class=\"kc-elm kc-css-52047 kc_col-sm-6 kc_column kc_col-sm-6\"><div class=\"kc-col-container\"><div class=\"kc-elm kc-css-19098 kc-feature-boxes kc-fb-layout-2\">\n\n\t<figure class=\"content-image\"><img decoding=\"async\" src=\"https:\/\/grandeinc.com\/wp-content\/uploads\/2024\/05\/acu-sreen.jpg\" alt=\"\"><\/figure><div class=\"content-title\">Acu-Screen Slotted overflow screen<\/div><div class=\"content-desc\"><br>- Retention of all solids greater than 3\/16 inch (5 mm)<\/br>\r\n<br>- The drive mechanism is never submerged<\/br>\r\n<br>- Slotted openings minimize pressure loss<\/br>\r\n<br>- Self-adjusting brush cleans surface in both directions<\/br>\r\n<br>- Can be combined with the ACU-BEND<\/br>\r\n<br>- Easy install in existing installations<\/br>\r\n<br>- Stainless steel construction<\/br>\r\n<\/div><div class=\"content-button\"><a href=\"\/en\/produits\/degrilleur-de-debordement-3\/acu-screen-ecran-de-trop-plein-a-fentes-fines\/\" target=\"_self\" title=\"\">Learn More<\/a><\/div>\n<\/div>\n<\/div><\/div><div class=\"kc-elm kc-css-780606 kc_col-sm-6 kc_column kc_col-sm-6\"><div class=\"kc-col-container\"><div class=\"kc-elm kc-css-632672 kc-feature-boxes kc-fb-layout-2\">\n\n\t<figure class=\"content-image\"><img decoding=\"async\" src=\"https:\/\/grandeinc.com\/wp-content\/uploads\/2024\/05\/tru-rake.jpg\" alt=\"\"><\/figure><div class=\"content-title\">Tru-Rake Self-Cleaning bar screen<\/div><div class=\"content-desc\"><br>- Retention of all solids greater than 3\/16 inch (5 mm)<\/br>\r\n<br>- The drive mechanism is never submerged<\/br>\r\n<br>- Slotted openings minimize pressure loss<\/br>\r\n<br>- Self-adjusting brush cleans surface in both directions<\/br>\r\n<br>- Can be combined with the ACU-BEND<\/br>\r\n<br>- Easy install in existing installations<\/br>\r\n<br>- Stainless steel construction<\/br>\r\n<\/div><div class=\"content-button\"><a href=\"\/en\/produits\/ecran-a-barre-autonettoyant\/\" target=\"_self\" title=\"\">Learn More<\/a><\/div>\n<\/div>\n<\/div><\/div><\/div><\/div><\/section><\/p>","protected":false},"excerpt":{"rendered":"","protected":false},"author":4,"featured_media":0,"parent":8,"menu_order":0,"comment_status":"closed","ping_status":"closed","template":"","meta":{"footnotes":""},"class_list":["post-590","page","type-page","status-publish","hentry"],"yoast_head":"<!-- This site is optimized with the Yoast SEO plugin v24.0 - https:\/\/yoast.com\/wordpress\/plugins\/seo\/ -->\n<title>D\u00e9grilleur de d\u00e9bordement - Grande Gestion des Eaux<\/title>\n<meta name=\"robots\" content=\"index, follow, max-snippet:-1, max-image-preview:large, max-video-preview:-1\" \/>\n<link rel=\"canonical\" href=\"https:\/\/grandeinc.com\/en\/produits\/degrilleur-de-debordement-3\/\" \/>\n<meta property=\"og:locale\" content=\"en_US\" \/>\n<meta property=\"og:type\" content=\"article\" \/>\n<meta property=\"og:title\" content=\"D\u00e9grilleur de d\u00e9bordement - Grande Gestion des Eaux\" \/>\n<meta property=\"og:description\" content=\"Ces syst\u00e8mes sont con\u00e7us pour \u00e9liminer les d\u00e9bris des syst\u00e8mes de d\u00e9bordement des eaux pluviales, des syst\u00e8mes de d\u00e9bordement des \u00e9gouts unitaires (CSO) et des syst\u00e8mes de d\u00e9bordement des \u00e9gouts sanitaires (SSO). D\u00e9grilleur de d\u00e9bordement \u00e0 fentes fines ACU-SCREEN &#8211; R\u00e9tention de tous les solides sup\u00e9rieurs \u00e0 3\/16 de pouce (5 mm) &#8211; Le m\u00e9canisme\" \/>\n<meta property=\"og:url\" content=\"https:\/\/grandeinc.com\/en\/produits\/degrilleur-de-debordement-3\/\" \/>\n<meta property=\"og:site_name\" content=\"Grande Gestion des Eaux\" \/>\n<meta property=\"article:publisher\" content=\"https:\/\/www.facebook.com\/GrandeWaterManagement\" \/>\n<meta property=\"article:modified_time\" content=\"2025-01-09T03:23:14+00:00\" \/>\n<meta property=\"og:image\" content=\"https:\/\/grandeinc.com\/wp-content\/uploads\/2024\/05\/acu-sreen.jpg\" \/>\n<meta name=\"twitter:card\" content=\"summary_large_image\" \/>\n<meta name=\"twitter:label1\" content=\"Est. reading time\" \/>\n\t<meta name=\"twitter:data1\" content=\"1 minute\" \/>\n<script type=\"application\/ld+json\" class=\"yoast-schema-graph\">{\"@context\":\"https:\/\/schema.org\",\"@graph\":[{\"@type\":\"WebPage\",\"@id\":\"https:\/\/grandeinc.com\/produits\/degrilleur-de-debordement-3\/\",\"url\":\"https:\/\/grandeinc.com\/produits\/degrilleur-de-debordement-3\/\",\"name\":\"D\u00e9grilleur de d\u00e9bordement - Grande Gestion des Eaux\",\"isPartOf\":{\"@id\":\"http:\/\/grandeinc.com\/fr\/#website\"},\"primaryImageOfPage\":{\"@id\":\"https:\/\/grandeinc.com\/produits\/degrilleur-de-debordement-3\/#primaryimage\"},\"image\":{\"@id\":\"https:\/\/grandeinc.com\/produits\/degrilleur-de-debordement-3\/#primaryimage\"},\"thumbnailUrl\":\"https:\/\/grandeinc.com\/wp-content\/uploads\/2024\/05\/acu-sreen.jpg\",\"datePublished\":\"2024-05-03T01:08:34+00:00\",\"dateModified\":\"2025-01-09T03:23:14+00:00\",\"breadcrumb\":{\"@id\":\"https:\/\/grandeinc.com\/produits\/degrilleur-de-debordement-3\/#breadcrumb\"},\"inLanguage\":\"en-CA\",\"potentialAction\":[{\"@type\":\"ReadAction\",\"target\":[\"https:\/\/grandeinc.com\/produits\/degrilleur-de-debordement-3\/\"]}]},{\"@type\":\"ImageObject\",\"inLanguage\":\"en-CA\",\"@id\":\"https:\/\/grandeinc.com\/produits\/degrilleur-de-debordement-3\/#primaryimage\",\"url\":\"https:\/\/grandeinc.com\/wp-content\/uploads\/2024\/05\/acu-sreen.jpg\",\"contentUrl\":\"https:\/\/grandeinc.com\/wp-content\/uploads\/2024\/05\/acu-sreen.jpg\"},{\"@type\":\"BreadcrumbList\",\"@id\":\"https:\/\/grandeinc.com\/produits\/degrilleur-de-debordement-3\/#breadcrumb\",\"itemListElement\":[{\"@type\":\"ListItem\",\"position\":1,\"name\":\"Accueil\",\"item\":\"https:\/\/grandeinc.com\/\"},{\"@type\":\"ListItem\",\"position\":2,\"name\":\"Produits\",\"item\":\"https:\/\/grandeinc.com\/produits\/\"},{\"@type\":\"ListItem\",\"position\":3,\"name\":\"D\u00e9grilleur de d\u00e9bordement\"}]},{\"@type\":\"WebSite\",\"@id\":\"http:\/\/grandeinc.com\/fr\/#website\",\"url\":\"http:\/\/grandeinc.com\/fr\/\",\"name\":\"Grande Gestion des Eaux\",\"description\":\"\",\"publisher\":{\"@id\":\"http:\/\/grandeinc.com\/fr\/#organization\"},\"potentialAction\":[{\"@type\":\"SearchAction\",\"target\":{\"@type\":\"EntryPoint\",\"urlTemplate\":\"http:\/\/grandeinc.com\/fr\/?s={search_term_string}\"},\"query-input\":{\"@type\":\"PropertyValueSpecification\",\"valueRequired\":true,\"valueName\":\"search_term_string\"}}],\"inLanguage\":\"en-CA\"},{\"@type\":\"Organization\",\"@id\":\"http:\/\/grandeinc.com\/fr\/#organization\",\"name\":\"Grande Gestion des Eaux\",\"url\":\"http:\/\/grandeinc.com\/fr\/\",\"logo\":{\"@type\":\"ImageObject\",\"inLanguage\":\"en-CA\",\"@id\":\"http:\/\/grandeinc.com\/fr\/#\/schema\/logo\/image\/\",\"url\":\"https:\/\/grandeinc.com\/wp-content\/uploads\/2024\/11\/logo.png\",\"contentUrl\":\"https:\/\/grandeinc.com\/wp-content\/uploads\/2024\/11\/logo.png\",\"width\":260,\"height\":84,\"caption\":\"Grande Gestion des Eaux\"},\"image\":{\"@id\":\"http:\/\/grandeinc.com\/fr\/#\/schema\/logo\/image\/\"},\"sameAs\":[\"https:\/\/www.facebook.com\/GrandeWaterManagement\"]}]}<\/script>\n<!-- \/ Yoast SEO plugin. -->","yoast_head_json":{"title":"D\u00e9grilleur de d\u00e9bordement - Grande Gestion des Eaux","robots":{"index":"index","follow":"follow","max-snippet":"max-snippet:-1","max-image-preview":"max-image-preview:large","max-video-preview":"max-video-preview:-1"},"canonical":"https:\/\/grandeinc.com\/en\/produits\/degrilleur-de-debordement-3\/","og_locale":"en_US","og_type":"article","og_title":"D\u00e9grilleur de d\u00e9bordement - Grande Gestion des Eaux","og_description":"Ces syst\u00e8mes sont con\u00e7us pour \u00e9liminer les d\u00e9bris des syst\u00e8mes de d\u00e9bordement des eaux pluviales, des syst\u00e8mes de d\u00e9bordement des \u00e9gouts unitaires (CSO) et des syst\u00e8mes de d\u00e9bordement des \u00e9gouts sanitaires (SSO). D\u00e9grilleur de d\u00e9bordement \u00e0 fentes fines ACU-SCREEN &#8211; R\u00e9tention de tous les solides sup\u00e9rieurs \u00e0 3\/16 de pouce (5 mm) &#8211; Le m\u00e9canisme","og_url":"https:\/\/grandeinc.com\/en\/produits\/degrilleur-de-debordement-3\/","og_site_name":"Grande Gestion des Eaux","article_publisher":"https:\/\/www.facebook.com\/GrandeWaterManagement","article_modified_time":"2025-01-09T03:23:14+00:00","og_image":[{"url":"https:\/\/grandeinc.com\/wp-content\/uploads\/2024\/05\/acu-sreen.jpg","type":"","width":"","height":""}],"twitter_card":"summary_large_image","twitter_misc":{"Est. reading time":"1 minute"},"schema":{"@context":"https:\/\/schema.org","@graph":[{"@type":"WebPage","@id":"https:\/\/grandeinc.com\/produits\/degrilleur-de-debordement-3\/","url":"https:\/\/grandeinc.com\/produits\/degrilleur-de-debordement-3\/","name":"D\u00e9grilleur de d\u00e9bordement - Grande Gestion des Eaux","isPartOf":{"@id":"http:\/\/grandeinc.com\/fr\/#website"},"primaryImageOfPage":{"@id":"https:\/\/grandeinc.com\/produits\/degrilleur-de-debordement-3\/#primaryimage"},"image":{"@id":"https:\/\/grandeinc.com\/produits\/degrilleur-de-debordement-3\/#primaryimage"},"thumbnailUrl":"https:\/\/grandeinc.com\/wp-content\/uploads\/2024\/05\/acu-sreen.jpg","datePublished":"2024-05-03T01:08:34+00:00","dateModified":"2025-01-09T03:23:14+00:00","breadcrumb":{"@id":"https:\/\/grandeinc.com\/produits\/degrilleur-de-debordement-3\/#breadcrumb"},"inLanguage":"en-CA","potentialAction":[{"@type":"ReadAction","target":["https:\/\/grandeinc.com\/produits\/degrilleur-de-debordement-3\/"]}]},{"@type":"ImageObject","inLanguage":"en-CA","@id":"https:\/\/grandeinc.com\/produits\/degrilleur-de-debordement-3\/#primaryimage","url":"https:\/\/grandeinc.com\/wp-content\/uploads\/2024\/05\/acu-sreen.jpg","contentUrl":"https:\/\/grandeinc.com\/wp-content\/uploads\/2024\/05\/acu-sreen.jpg"},{"@type":"BreadcrumbList","@id":"https:\/\/grandeinc.com\/produits\/degrilleur-de-debordement-3\/#breadcrumb","itemListElement":[{"@type":"ListItem","position":1,"name":"Accueil","item":"https:\/\/grandeinc.com\/"},{"@type":"ListItem","position":2,"name":"Produits","item":"https:\/\/grandeinc.com\/produits\/"},{"@type":"ListItem","position":3,"name":"D\u00e9grilleur de d\u00e9bordement"}]},{"@type":"WebSite","@id":"http:\/\/grandeinc.com\/fr\/#website","url":"http:\/\/grandeinc.com\/fr\/","name":"Grande Gestion des Eaux","description":"","publisher":{"@id":"http:\/\/grandeinc.com\/fr\/#organization"},"potentialAction":[{"@type":"SearchAction","target":{"@type":"EntryPoint","urlTemplate":"http:\/\/grandeinc.com\/fr\/?s={search_term_string}"},"query-input":{"@type":"PropertyValueSpecification","valueRequired":true,"valueName":"search_term_string"}}],"inLanguage":"en-CA"},{"@type":"Organization","@id":"http:\/\/grandeinc.com\/fr\/#organization","name":"Grande Gestion des Eaux","url":"http:\/\/grandeinc.com\/fr\/","logo":{"@type":"ImageObject","inLanguage":"en-CA","@id":"http:\/\/grandeinc.com\/fr\/#\/schema\/logo\/image\/","url":"https:\/\/grandeinc.com\/wp-content\/uploads\/2024\/11\/logo.png","contentUrl":"https:\/\/grandeinc.com\/wp-content\/uploads\/2024\/11\/logo.png","width":260,"height":84,"caption":"Grande Gestion des Eaux"},"image":{"@id":"http:\/\/grandeinc.com\/fr\/#\/schema\/logo\/image\/"},"sameAs":["https:\/\/www.facebook.com\/GrandeWaterManagement"]}]}},"_links":{"self":[{"href":"http:\/\/grandeinc.com\/en\/wp-json\/wp\/v2\/pages\/590","targetHints":{"allow":["GET"]}}],"collection":[{"href":"http:\/\/grandeinc.com\/en\/wp-json\/wp\/v2\/pages"}],"about":[{"href":"http:\/\/grandeinc.com\/en\/wp-json\/wp\/v2\/types\/page"}],"author":[{"embeddable":true,"href":"http:\/\/grandeinc.com\/en\/wp-json\/wp\/v2\/users\/4"}],"replies":[{"embeddable":true,"href":"http:\/\/grandeinc.com\/en\/wp-json\/wp\/v2\/comments?post=590"}],"version-history":[{"count":33,"href":"http:\/\/grandeinc.com\/en\/wp-json\/wp\/v2\/pages\/590\/revisions"}],"predecessor-version":[{"id":1367,"href":"http:\/\/grandeinc.com\/en\/wp-json\/wp\/v2\/pages\/590\/revisions\/1367"}],"up":[{"embeddable":true,"href":"http:\/\/grandeinc.com\/en\/wp-json\/wp\/v2\/pages\/8"}],"wp:attachment":[{"href":"http:\/\/grandeinc.com\/en\/wp-json\/wp\/v2\/media?parent=590"}],"curies":[{"name":"wp","href":"https:\/\/api.w.org\/{rel}","templated":true}]}}