{"id":1049,"date":"2024-06-02T22:42:24","date_gmt":"2024-06-03T02:42:24","guid":{"rendered":"https:\/\/grandeinc.com\/?page_id=1049"},"modified":"2024-07-15T23:33:55","modified_gmt":"2024-07-16T03:33:55","slug":"regulateur-compact-tru-flo","status":"publish","type":"page","link":"http:\/\/grandeinc.com\/en\/produits\/regulation-de-debit\/regulateur-compact-tru-flo\/","title":{"rendered":"TRU-FLO compact regulator"},"content":{"rendered":"<section class=\"kc-elm kc-css-741263 kc_row\"><div class=\"kc-row-container  kc-container\"><div class=\"kc-wrap-columns\"><div class=\"kc-elm kc-css-569810 kc_col-sm-12 kc_column kc_col-sm-12\"><div class=\"kc-col-container\"><div class=\"kc-elm kc-css-451030 kc_row kc_row_inner\"><div class=\"kc-elm kc-css-976301 kc_col-sm-6 kc_column_inner kc_col-sm-6\"><div class=\"kc_wrapper kc-col-inner-container\"><div class=\"kc-elm kc-css-984953 kc_shortcode kc_single_image\">\n\n        <img decoding=\"async\" src=\"https:\/\/grandeinc.com\/wp-content\/uploads\/2024\/06\/tro-flo-01.jpg\" class=\"\" alt=\"\" \/>    <\/div>\n<\/div><\/div><div class=\"kc-elm kc-css-54088 kc_col-sm-6 kc_column_inner kc_col-sm-6\"><div class=\"kc_wrapper kc-col-inner-container\"><div class=\"kc-elm kc-css-515798 kc_text_block\"><\/p>\n<p>The TRU-FLO compact regulator system is designed to maintain a constant, accurate flow (+\/- 5%) from a minimum of 160 gpm (10 L\/s) to a maximum of 7,100 gpm (450 L\/s) for upstream flow. water levels ranging from 0 to 26 feet (8 m). The TRU-FLO compact regulator has been used for flow control in combined sewer systems (CSO), sanitary sewer systems (SSO) and batch plant effluents, and is well suited to regulating small to medium discharges. The compact TRU-FLO regulator is installed upstream of the control point in a wet well or directly in the storage area, so there's no need to build a separate structure. The TRU-FLO compact regulator requires no differential head for correct operation.<\/p>\n<p>\n<\/div><\/div><\/div><\/div><div class=\"kc-elm kc-css-68118 kc_row kc_row_inner\"><div class=\"kc-elm kc-css-242564 kc_col-sm-12 kc_column_inner kc_col-sm-12\"><div class=\"kc_wrapper kc-col-inner-container\">\n<div class=\"kc-elm kc-css-123886\">\n\t<a class=\"kc_button\" href=\"\/en\/contactez-nous\/\" target=\"_self\" title=\"\" onclick=\"\">\n\t\tRequest a brochure\t<\/a>\n<\/div>\n<\/div><\/div><\/div><div class=\"kc-elm kc-css-814664 kc_row kc_row_inner\"><div class=\"kc-elm kc-css-87901 kc_col-sm-6 kc_column_inner kc_col-sm-6\"><div class=\"kc_wrapper kc-col-inner-container\"><div class=\"kc-elm kc-css-363392 kc_text_block\"><\/p>\n<h2>Features<\/h2>\n<p>-160 gpm to 7,100 gpm (10 to 450 L\/S)<\/p>\n<p>-Water head up to 26 ft (8 m)<\/p>\n<p>-No separate structure required<\/p>\n<p>-No ground inversion offset required<\/p>\n<p>-Designed to operate in submerged conditions<\/p>\n<p>-Automatic rinsing effect which prevents blockage<\/p>\n<p>-Design flow rate can be adjusted on site<\/p>\n<p>-Shipped ready to install<\/p>\n<p>-Easy to adapt to existing installations<\/p>\n<p>-Stainless steel construction<\/p>\n<p>\n<\/div><\/div><\/div><div class=\"kc-elm kc-css-551028 kc_col-sm-6 kc_column_inner kc_col-sm-6\"><div class=\"kc_wrapper kc-col-inner-container\"><div class=\"kc-elm kc-css-393187 kc_shortcode kc_single_image\">\n\n        <img decoding=\"async\" src=\"https:\/\/grandeinc.com\/wp-content\/uploads\/2024\/06\/tro-flo-02.jpg\" class=\"\" alt=\"\" \/>    <\/div>\n<\/div><\/div><\/div><div class=\"kc-elm kc-css-686672 kc_row kc_row_inner\"><div class=\"kc-elm kc-css-862351 kc_col-sm-6 kc_column_inner kc_col-sm-6\"><div class=\"kc_wrapper kc-col-inner-container\"><div class=\"kc-elm kc-css-511884 kc_shortcode kc_single_image\">\n\n        <img decoding=\"async\" src=\"https:\/\/grandeinc.com\/wp-content\/uploads\/2024\/06\/tro-flo-03.jpg\" class=\"\" alt=\"\" \/>    <\/div>\n<\/div><\/div><div class=\"kc-elm kc-css-198860 kc_col-sm-6 kc_column_inner kc_col-sm-6\"><div class=\"kc_wrapper kc-col-inner-container\"><div class=\"kc-elm kc-css-95535 kc_text_block\"><\/p>\n<h2>Application scope<\/h2>\n<p>The TRU-FLO compact regulator system can vary from the GTF-R-15 to the GTF-R-50. The GTF-R-15 has an inlet diameter of 6 inches (15 cm) with a flow range of 160 to 400 gpm (10 to 25 L\/s), and the GTF-R-50 has an inlet diameter of 20 inches (50 cm) with a flow range of 3,200 to 7,100 gpm (200 to 450 L\/s). TRU-FLO model selection is based entirely on the flow range required.<\/p>\n<p>\n<\/div><\/div><\/div><\/div><div class=\"kc-elm kc-css-18949 kc_row kc_row_inner\"><div class=\"kc-elm kc-css-30927 kc_col-sm-6 kc_column_inner kc_col-sm-6\"><div class=\"kc_wrapper kc-col-inner-container\"><div class=\"kc-elm kc-css-767019 kc_text_block\"><\/p>\n<h2>How it works<\/h2>\n<p>The TRU-FLO compact regulator maintains a constant flow rate at a set value independent of the upstream water level. The TRU-FLO compact regulator is installed in the structure's wet well and is influenced by the upstream water level. During periods of low flow, the radial swivel valve remains in the fully open position. The compact design consists of an integrated float housed in a watertight enclosure that controls the position of the pivoting radial gate. Thanks to this watertight enclosure, the wide variation in water level upstream is reflected over a much smaller range inside the housing. The position of the float inside this housing determines the position of the radial gate and consequently the size of the regulator opening. This ensures constant flow over the entire range of the upstream water level.<\/p>\n<p>The compact TRU-FLO regulator has an automatic self-flushing effect to prevent blockages. If a blockage occurs, the flow through the regulator decreases and the resulting force of the water on the debris pushes the radial valve. This causes the radial gate to open fully. This removes the blockage under the pressure of the upstream water level, after which the regulating process resumes.<\/p>\n<p>Each TRU-FLO compact regulator is calibrated on a fully functional, large-scale test bench. Each TRU-FLO compact regulator is shipped to site pre-set to the desired design flow. In addition, setpoints are clearly marked for future in-situ flow adjustments (should this prove necessary). The regulator can then be installed and commissioned without the need for time-consuming and costly in situ calibration or flow measurement.<\/p>\n<p>\n<\/div><\/div><\/div><div class=\"kc-elm kc-css-481170 kc_col-sm-6 kc_column_inner kc_col-sm-6\"><div class=\"kc_wrapper kc-col-inner-container\"><div class=\"kc-elm kc-css-709113 kc_shortcode kc_single_image\">\n\n        <img decoding=\"async\" src=\"https:\/\/grandeinc.com\/wp-content\/uploads\/2024\/06\/tro-flo-04.jpg\" class=\"\" alt=\"\" \/>    <\/div>\n<div class=\"kc-elm kc-css-351316 kc_shortcode kc_single_image\">\n\n        <img decoding=\"async\" src=\"https:\/\/grandeinc.com\/wp-content\/uploads\/2024\/06\/tro-flo-05.jpg\" class=\"\" alt=\"\" \/>    <\/div>\n<\/div><\/div><\/div><\/div><\/div><\/div><\/div><\/section>","protected":false},"excerpt":{"rendered":"","protected":false},"author":4,"featured_media":0,"parent":688,"menu_order":0,"comment_status":"closed","ping_status":"closed","template":"","meta":{"footnotes":""},"class_list":["post-1049","page","type-page","status-publish","hentry"],"yoast_head":"<!-- This site is optimized with the Yoast SEO plugin v24.0 - https:\/\/yoast.com\/wordpress\/plugins\/seo\/ -->\n<title>R\u00e9gulateur compact TRU-FLO - Grande Gestion des Eaux<\/title>\n<meta name=\"robots\" content=\"index, follow, max-snippet:-1, max-image-preview:large, max-video-preview:-1\" \/>\n<link rel=\"canonical\" href=\"https:\/\/grandeinc.com\/en\/produits\/regulation-de-debit\/regulateur-compact-tru-flo\/\" \/>\n<meta property=\"og:locale\" content=\"en_US\" \/>\n<meta property=\"og:type\" content=\"article\" \/>\n<meta property=\"og:title\" content=\"R\u00e9gulateur compact TRU-FLO - Grande Gestion des Eaux\" \/>\n<meta property=\"og:description\" content=\"Le syst\u00e8me de r\u00e9gulateur compact TRU-FLO est con\u00e7u pour maintenir un d\u00e9bit constant et pr\u00e9cis (+\/- 5 %) d&rsquo;un minimum de 160 gpm (10 L\/s) \u00e0 un maximum de 7 100 gpm (450 L\/s) pour le d\u00e9bit en amont. niveaux d&rsquo;eau variant de 0 \u00e0 26 pieds (8 m). Le r\u00e9gulateur compact TRU-FLO a \u00e9t\u00e9\" \/>\n<meta property=\"og:url\" content=\"https:\/\/grandeinc.com\/en\/produits\/regulation-de-debit\/regulateur-compact-tru-flo\/\" \/>\n<meta property=\"og:site_name\" content=\"Grande Gestion des Eaux\" \/>\n<meta property=\"article:publisher\" content=\"https:\/\/www.facebook.com\/GrandeWaterManagement\" \/>\n<meta property=\"article:modified_time\" content=\"2024-07-16T03:33:55+00:00\" \/>\n<meta property=\"og:image\" content=\"http:\/\/grandeinc.com\/wp-content\/uploads\/2024\/06\/tro-flo-01.jpg\" \/>\n<meta name=\"twitter:card\" content=\"summary_large_image\" \/>\n<meta name=\"twitter:label1\" content=\"Est. reading time\" \/>\n\t<meta name=\"twitter:data1\" content=\"3 minutes\" \/>\n<script type=\"application\/ld+json\" class=\"yoast-schema-graph\">{\"@context\":\"https:\/\/schema.org\",\"@graph\":[{\"@type\":\"WebPage\",\"@id\":\"https:\/\/grandeinc.com\/produits\/regulation-de-debit\/regulateur-compact-tru-flo\/\",\"url\":\"https:\/\/grandeinc.com\/produits\/regulation-de-debit\/regulateur-compact-tru-flo\/\",\"name\":\"R\u00e9gulateur compact TRU-FLO - Grande Gestion des Eaux\",\"isPartOf\":{\"@id\":\"http:\/\/grandeinc.com\/fr\/#website\"},\"primaryImageOfPage\":{\"@id\":\"https:\/\/grandeinc.com\/produits\/regulation-de-debit\/regulateur-compact-tru-flo\/#primaryimage\"},\"image\":{\"@id\":\"https:\/\/grandeinc.com\/produits\/regulation-de-debit\/regulateur-compact-tru-flo\/#primaryimage\"},\"thumbnailUrl\":\"http:\/\/grandeinc.com\/wp-content\/uploads\/2024\/06\/tro-flo-01.jpg\",\"datePublished\":\"2024-06-03T02:42:24+00:00\",\"dateModified\":\"2024-07-16T03:33:55+00:00\",\"breadcrumb\":{\"@id\":\"https:\/\/grandeinc.com\/produits\/regulation-de-debit\/regulateur-compact-tru-flo\/#breadcrumb\"},\"inLanguage\":\"en-CA\",\"potentialAction\":[{\"@type\":\"ReadAction\",\"target\":[\"https:\/\/grandeinc.com\/produits\/regulation-de-debit\/regulateur-compact-tru-flo\/\"]}]},{\"@type\":\"ImageObject\",\"inLanguage\":\"en-CA\",\"@id\":\"https:\/\/grandeinc.com\/produits\/regulation-de-debit\/regulateur-compact-tru-flo\/#primaryimage\",\"url\":\"http:\/\/grandeinc.com\/wp-content\/uploads\/2024\/06\/tro-flo-01.jpg\",\"contentUrl\":\"http:\/\/grandeinc.com\/wp-content\/uploads\/2024\/06\/tro-flo-01.jpg\"},{\"@type\":\"BreadcrumbList\",\"@id\":\"https:\/\/grandeinc.com\/produits\/regulation-de-debit\/regulateur-compact-tru-flo\/#breadcrumb\",\"itemListElement\":[{\"@type\":\"ListItem\",\"position\":1,\"name\":\"Accueil\",\"item\":\"https:\/\/grandeinc.com\/\"},{\"@type\":\"ListItem\",\"position\":2,\"name\":\"Produits\",\"item\":\"https:\/\/grandeinc.com\/produits\/\"},{\"@type\":\"ListItem\",\"position\":3,\"name\":\"R\u00e9gulation du d\u00e9bit\",\"item\":\"https:\/\/grandeinc.com\/produits\/regulation-de-debit\/\"},{\"@type\":\"ListItem\",\"position\":4,\"name\":\"R\u00e9gulateur compact TRU-FLO\"}]},{\"@type\":\"WebSite\",\"@id\":\"http:\/\/grandeinc.com\/fr\/#website\",\"url\":\"http:\/\/grandeinc.com\/fr\/\",\"name\":\"Grande Gestion des Eaux\",\"description\":\"\",\"publisher\":{\"@id\":\"http:\/\/grandeinc.com\/fr\/#organization\"},\"potentialAction\":[{\"@type\":\"SearchAction\",\"target\":{\"@type\":\"EntryPoint\",\"urlTemplate\":\"http:\/\/grandeinc.com\/fr\/?s={search_term_string}\"},\"query-input\":{\"@type\":\"PropertyValueSpecification\",\"valueRequired\":true,\"valueName\":\"search_term_string\"}}],\"inLanguage\":\"en-CA\"},{\"@type\":\"Organization\",\"@id\":\"http:\/\/grandeinc.com\/fr\/#organization\",\"name\":\"Grande Gestion des Eaux\",\"url\":\"http:\/\/grandeinc.com\/fr\/\",\"logo\":{\"@type\":\"ImageObject\",\"inLanguage\":\"en-CA\",\"@id\":\"http:\/\/grandeinc.com\/fr\/#\/schema\/logo\/image\/\",\"url\":\"https:\/\/grandeinc.com\/wp-content\/uploads\/2024\/11\/logo.png\",\"contentUrl\":\"https:\/\/grandeinc.com\/wp-content\/uploads\/2024\/11\/logo.png\",\"width\":260,\"height\":84,\"caption\":\"Grande Gestion des Eaux\"},\"image\":{\"@id\":\"http:\/\/grandeinc.com\/fr\/#\/schema\/logo\/image\/\"},\"sameAs\":[\"https:\/\/www.facebook.com\/GrandeWaterManagement\"]}]}<\/script>\n<!-- \/ Yoast SEO plugin. -->","yoast_head_json":{"title":"R\u00e9gulateur compact TRU-FLO - Grande Gestion des Eaux","robots":{"index":"index","follow":"follow","max-snippet":"max-snippet:-1","max-image-preview":"max-image-preview:large","max-video-preview":"max-video-preview:-1"},"canonical":"https:\/\/grandeinc.com\/en\/produits\/regulation-de-debit\/regulateur-compact-tru-flo\/","og_locale":"en_US","og_type":"article","og_title":"R\u00e9gulateur compact TRU-FLO - Grande Gestion des Eaux","og_description":"Le syst\u00e8me de r\u00e9gulateur compact TRU-FLO est con\u00e7u pour maintenir un d\u00e9bit constant et pr\u00e9cis (+\/- 5 %) d&rsquo;un minimum de 160 gpm (10 L\/s) \u00e0 un maximum de 7 100 gpm (450 L\/s) pour le d\u00e9bit en amont. niveaux d&rsquo;eau variant de 0 \u00e0 26 pieds (8 m). Le r\u00e9gulateur compact TRU-FLO a \u00e9t\u00e9","og_url":"https:\/\/grandeinc.com\/en\/produits\/regulation-de-debit\/regulateur-compact-tru-flo\/","og_site_name":"Grande Gestion des Eaux","article_publisher":"https:\/\/www.facebook.com\/GrandeWaterManagement","article_modified_time":"2024-07-16T03:33:55+00:00","og_image":[{"url":"http:\/\/grandeinc.com\/wp-content\/uploads\/2024\/06\/tro-flo-01.jpg","type":"","width":"","height":""}],"twitter_card":"summary_large_image","twitter_misc":{"Est. reading time":"3 minutes"},"schema":{"@context":"https:\/\/schema.org","@graph":[{"@type":"WebPage","@id":"https:\/\/grandeinc.com\/produits\/regulation-de-debit\/regulateur-compact-tru-flo\/","url":"https:\/\/grandeinc.com\/produits\/regulation-de-debit\/regulateur-compact-tru-flo\/","name":"R\u00e9gulateur compact TRU-FLO - Grande Gestion des Eaux","isPartOf":{"@id":"http:\/\/grandeinc.com\/fr\/#website"},"primaryImageOfPage":{"@id":"https:\/\/grandeinc.com\/produits\/regulation-de-debit\/regulateur-compact-tru-flo\/#primaryimage"},"image":{"@id":"https:\/\/grandeinc.com\/produits\/regulation-de-debit\/regulateur-compact-tru-flo\/#primaryimage"},"thumbnailUrl":"http:\/\/grandeinc.com\/wp-content\/uploads\/2024\/06\/tro-flo-01.jpg","datePublished":"2024-06-03T02:42:24+00:00","dateModified":"2024-07-16T03:33:55+00:00","breadcrumb":{"@id":"https:\/\/grandeinc.com\/produits\/regulation-de-debit\/regulateur-compact-tru-flo\/#breadcrumb"},"inLanguage":"en-CA","potentialAction":[{"@type":"ReadAction","target":["https:\/\/grandeinc.com\/produits\/regulation-de-debit\/regulateur-compact-tru-flo\/"]}]},{"@type":"ImageObject","inLanguage":"en-CA","@id":"https:\/\/grandeinc.com\/produits\/regulation-de-debit\/regulateur-compact-tru-flo\/#primaryimage","url":"http:\/\/grandeinc.com\/wp-content\/uploads\/2024\/06\/tro-flo-01.jpg","contentUrl":"http:\/\/grandeinc.com\/wp-content\/uploads\/2024\/06\/tro-flo-01.jpg"},{"@type":"BreadcrumbList","@id":"https:\/\/grandeinc.com\/produits\/regulation-de-debit\/regulateur-compact-tru-flo\/#breadcrumb","itemListElement":[{"@type":"ListItem","position":1,"name":"Accueil","item":"https:\/\/grandeinc.com\/"},{"@type":"ListItem","position":2,"name":"Produits","item":"https:\/\/grandeinc.com\/produits\/"},{"@type":"ListItem","position":3,"name":"R\u00e9gulation du d\u00e9bit","item":"https:\/\/grandeinc.com\/produits\/regulation-de-debit\/"},{"@type":"ListItem","position":4,"name":"R\u00e9gulateur compact TRU-FLO"}]},{"@type":"WebSite","@id":"http:\/\/grandeinc.com\/fr\/#website","url":"http:\/\/grandeinc.com\/fr\/","name":"Grande Gestion des Eaux","description":"","publisher":{"@id":"http:\/\/grandeinc.com\/fr\/#organization"},"potentialAction":[{"@type":"SearchAction","target":{"@type":"EntryPoint","urlTemplate":"http:\/\/grandeinc.com\/fr\/?s={search_term_string}"},"query-input":{"@type":"PropertyValueSpecification","valueRequired":true,"valueName":"search_term_string"}}],"inLanguage":"en-CA"},{"@type":"Organization","@id":"http:\/\/grandeinc.com\/fr\/#organization","name":"Grande Gestion des Eaux","url":"http:\/\/grandeinc.com\/fr\/","logo":{"@type":"ImageObject","inLanguage":"en-CA","@id":"http:\/\/grandeinc.com\/fr\/#\/schema\/logo\/image\/","url":"https:\/\/grandeinc.com\/wp-content\/uploads\/2024\/11\/logo.png","contentUrl":"https:\/\/grandeinc.com\/wp-content\/uploads\/2024\/11\/logo.png","width":260,"height":84,"caption":"Grande Gestion des Eaux"},"image":{"@id":"http:\/\/grandeinc.com\/fr\/#\/schema\/logo\/image\/"},"sameAs":["https:\/\/www.facebook.com\/GrandeWaterManagement"]}]}},"_links":{"self":[{"href":"http:\/\/grandeinc.com\/en\/wp-json\/wp\/v2\/pages\/1049","targetHints":{"allow":["GET"]}}],"collection":[{"href":"http:\/\/grandeinc.com\/en\/wp-json\/wp\/v2\/pages"}],"about":[{"href":"http:\/\/grandeinc.com\/en\/wp-json\/wp\/v2\/types\/page"}],"author":[{"embeddable":true,"href":"http:\/\/grandeinc.com\/en\/wp-json\/wp\/v2\/users\/4"}],"replies":[{"embeddable":true,"href":"http:\/\/grandeinc.com\/en\/wp-json\/wp\/v2\/comments?post=1049"}],"version-history":[{"count":6,"href":"http:\/\/grandeinc.com\/en\/wp-json\/wp\/v2\/pages\/1049\/revisions"}],"predecessor-version":[{"id":1193,"href":"http:\/\/grandeinc.com\/en\/wp-json\/wp\/v2\/pages\/1049\/revisions\/1193"}],"up":[{"embeddable":true,"href":"http:\/\/grandeinc.com\/en\/wp-json\/wp\/v2\/pages\/688"}],"wp:attachment":[{"href":"http:\/\/grandeinc.com\/en\/wp-json\/wp\/v2\/media?parent=1049"}],"curies":[{"name":"wp","href":"https:\/\/api.w.org\/{rel}","templated":true}]}}