{"id":1039,"date":"2024-06-02T22:30:06","date_gmt":"2024-06-03T02:30:06","guid":{"rendered":"https:\/\/grandeinc.com\/?page_id=1039"},"modified":"2024-12-02T16:21:24","modified_gmt":"2024-12-02T21:21:24","slug":"regulateur-de-jet-acu-jet","status":"publish","type":"page","link":"http:\/\/grandeinc.com\/en\/produits\/regulation-de-debit\/regulateur-de-jet-acu-jet\/","title":{"rendered":"ACU-JET jet regulator"},"content":{"rendered":"<section class=\"kc-elm kc-css-112940 kc_row\"><div class=\"kc-row-container  kc-container\"><div class=\"kc-wrap-columns\"><div class=\"kc-elm kc-css-315531 kc_col-sm-12 kc_column kc_col-sm-12\"><div class=\"kc-col-container\"><div class=\"kc-elm kc-css-113452 kc_row kc_row_inner\"><div class=\"kc-elm kc-css-890305 kc_col-sm-6 kc_column_inner kc_col-sm-6\"><div class=\"kc_wrapper kc-col-inner-container\"><div class=\"kc-elm kc-css-452292 kc_shortcode kc_single_image\">\n\n        <img decoding=\"async\" src=\"https:\/\/grandeinc.com\/wp-content\/uploads\/2024\/06\/acu-jet-01.jpg\" class=\"\" alt=\"\" \/>    <\/div>\n<\/div><\/div><div class=\"kc-elm kc-css-699964 kc_col-sm-6 kc_column_inner kc_col-sm-6\"><div class=\"kc_wrapper kc-col-inner-container\"><div class=\"kc-elm kc-css-552836 kc_text_block\"><\/p>\n<p>\nThe ACU-JET jet regulation system is designed to maintain a constant and precise flow rate (+\/- 5%) from a minimum of 235 gpm (15 L\/s) to a maximum of 32,000 gpm (2,000 L\/s) for upstream water levels varying from 0 to 40 feet (12 m). The ACU-JET jet regulator has been used for flow control in combined sewer systems (CSO), sanitary sewer systems (SSO), and batch treatment plant effluents, and is well-suited for regulating medium to very large discharges. The ACU-JET jet regulator is installed downstream of the control point in a dry well and does not require any differential head for proper operation.<\/p>\n<p>\n<\/div><\/div><\/div><\/div><div class=\"kc-elm kc-css-942613 kc_row kc_row_inner\"><div class=\"kc-elm kc-css-992859 kc_col-sm-6 kc_column_inner kc_col-sm-6\"><div class=\"kc_wrapper kc-col-inner-container\"><div class=\"kc-elm kc-css-705438 kc_text_block\"><\/p>\n<h2>Features<\/h2>\n<p>-235 gpm to 32,000 gpm (15 to 2,000 L\/S)<\/p>\n<p>-Waterhead up to 40 ft (12 m)<\/p>\n<p>-No floor offset required<\/p>\n<p>-Can be equipped for a remote operation<\/p>\n<p>-Automatic rinsing effect which prevents blockage<\/p>\n<p>-Design flow rate can be adjusted on site<\/p>\n<p>-Easy to adapt to existing installations<\/p>\n<p>-Stainless steel construction<\/p>\n<p>\n<\/div><\/div><\/div><div class=\"kc-elm kc-css-290867 kc_col-sm-6 kc_column_inner kc_col-sm-6\"><div class=\"kc_wrapper kc-col-inner-container\"><div class=\"kc-elm kc-css-744435 kc-raw-code\"><iframe loading=\"lazy\" width=\"560\" height=\"315\" src=\"https:\/\/www.youtube.com\/embed\/XYFg1t79L0k?si=LZt4-Xc4IWPXl8LI\" title=\"YouTube video player\" frameborder=\"0\" allow=\"accelerometer; autoplay; clipboard-write; encrypted-media; gyroscope; picture-in-picture; web-share\" referrerpolicy=\"strict-origin-when-cross-origin\" allowfullscreen><\/iframe><\/div><\/div><\/div><\/div><div class=\"kc-elm kc-css-960847 kc_row kc_row_inner\"><div class=\"kc-elm kc-css-335603 kc_col-sm-6 kc_column_inner kc_col-sm-6\"><div class=\"kc_wrapper kc-col-inner-container\"><div class=\"kc-elm kc-css-775708 kc_shortcode kc_single_image\">\n\n        <img decoding=\"async\" src=\"https:\/\/grandeinc.com\/wp-content\/uploads\/2024\/06\/acu-jet-02.jpg\" class=\"\" alt=\"\" \/>    <\/div>\n<\/div><\/div><div class=\"kc-elm kc-css-635477 kc_col-sm-6 kc_column_inner kc_col-sm-6\"><div class=\"kc_wrapper kc-col-inner-container\"><div class=\"kc-elm kc-css-8302 kc_text_block\"><\/p>\n<h3>Application scope<\/h3>\n<p>The ACU-JET jet regulator system can range from the GAJ-R-20 model to the GAJ-R-100\/60 model. The GAJ-R-20 has an inlet diameter of 8 inches (20 cm) with a flow range of 235 to 1,030 gpm (15 to 65 L\/s), while the GAJ-R-100\/60 has an inlet opening of 40 inches (100 cm) wide by 24 inches (60 cm) high with a flow range of 20,800 to 32,000 gpm (1,300 to 2,000 L\/s). The selection of the ACU-JET model is entirely based on the required flow range.<\/p>\n<p>\n<\/div><\/div><\/div><\/div><div class=\"kc-elm kc-css-714996 kc_row kc_row_inner\"><div class=\"kc-elm kc-css-165643 kc_col-sm-6 kc_column_inner kc_col-sm-6\"><div class=\"kc_wrapper kc-col-inner-container\"><div class=\"kc-elm kc-css-732678 kc_text_block\"><\/p>\n<h2>How it works<\/h2>\n<p>The ACU-JET jet regulator maintains a constant flow rate at a defined value, independent of the upstream water level. The ACU-JET jet regulator effectively balances the force of the water passing through it against the jet shield. The most important functional elements are the pivoting radial gate, the anti-jet shield, and the regulating counterweight. During low flow periods, the pivoting radial gate remains fully open. As the influent flow increases, it passes through the regulator housing and is directed against the jet shield. The increasing water force pushes the shield against the regulating counterweight's force. These two movements are transferred to the pivoting radial gate via coupled levers, triggering the regulation process. As the water force on the jet shield increases, the pivoting radial gate closes, reducing the discharge opening. The ACU-JET jet regulator's opening is automatically adjusted to match the upstream water level, resulting in a constant regulated flow.<\/p>\n<p>The ACU-JET jet regulator is self-flushing to prevent blockages. If a blockage occurs, the flow rate through the regulator decreases, resulting in a corresponding reduction in the regulating force of the water on the jet shield. This causes the spray shield to drop and the radial door to open fully. This eliminates the blockage caused by the pressure of the upstream water level, after which the regulating process resumes.<\/p>\n<p>Each ACU-JET Jet Regulator is calibrated on a fully functional, full-scale test rig. Each ACU-JET jet regulator is shipped to site pre-set to the desired design flow rate. In addition, setpoints are clearly marked for future in-situ flow adjustments (should this prove necessary). The controller can then be installed and commissioned without the need for time-consuming and costly in situ calibration or flow measurement.<\/p>\n<p>The ACU-JET jet regulator can be fitted with a servo-control unit to change the design flow from fully open to closed. An ACU-JET jet regulator can be controlled locally or remotely from a central control location. In the event of a power failure, the regulator will continue to operate, automatically maintaining the constant discharge to which it was last set.<\/p>\n<p>\n<\/div><\/div><\/div><div class=\"kc-elm kc-css-773396 kc_col-sm-6 kc_column_inner kc_col-sm-6\"><div class=\"kc_wrapper kc-col-inner-container\"><div class=\"kc-elm kc-css-346511 kc_shortcode kc_single_image\">\n\n        <img decoding=\"async\" src=\"https:\/\/grandeinc.com\/wp-content\/uploads\/2024\/06\/acu-jet-03.jpg\" class=\"\" alt=\"\" \/>    <\/div>\n<div class=\"kc-elm kc-css-99357 kc_shortcode kc_single_image\">\n\n        <img decoding=\"async\" src=\"https:\/\/grandeinc.com\/wp-content\/uploads\/2024\/06\/acu-jet-04.jpg\" class=\"\" alt=\"\" \/>    <\/div>\n<div class=\"kc-elm kc-css-535600 kc_shortcode kc_single_image\">\n\n        <img decoding=\"async\" src=\"https:\/\/grandeinc.com\/wp-content\/uploads\/2024\/06\/acu-jet-05.jpg\" class=\"\" alt=\"\" \/>    <\/div>\n<\/div><\/div><\/div><\/div><\/div><\/div><\/div><\/section>","protected":false},"excerpt":{"rendered":"","protected":false},"author":4,"featured_media":0,"parent":688,"menu_order":0,"comment_status":"closed","ping_status":"closed","template":"","meta":{"footnotes":""},"class_list":["post-1039","page","type-page","status-publish","hentry"],"yoast_head":"<!-- This site is optimized with the Yoast SEO plugin v24.0 - https:\/\/yoast.com\/wordpress\/plugins\/seo\/ -->\n<title>R\u00c9GULATEUR DE JET ACU-JET - Grande Gestion des Eaux<\/title>\n<meta name=\"robots\" content=\"index, follow, max-snippet:-1, max-image-preview:large, max-video-preview:-1\" \/>\n<link rel=\"canonical\" href=\"https:\/\/grandeinc.com\/en\/produits\/regulation-de-debit\/regulateur-de-jet-acu-jet\/\" \/>\n<meta property=\"og:locale\" content=\"en_US\" \/>\n<meta property=\"og:type\" content=\"article\" \/>\n<meta property=\"og:title\" content=\"R\u00c9GULATEUR DE JET ACU-JET - Grande Gestion des Eaux\" \/>\n<meta property=\"og:description\" content=\"Le syst\u00e8me de r\u00e9gulation de jet ACU-JET est con\u00e7u pour maintenir un d\u00e9bit constant et pr\u00e9cis (+\/- 5 %) d&rsquo;un minimum de 235 gpm (15 L\/s) \u00e0 un maximum de 32 000 gpm (2 000 L\/s) pour niveaux d&rsquo;eau en amont variant de 0 \u00e0 40 pieds (12 m). Le r\u00e9gulateur \u00e0 jet ACU-JET a\" \/>\n<meta property=\"og:url\" content=\"https:\/\/grandeinc.com\/en\/produits\/regulation-de-debit\/regulateur-de-jet-acu-jet\/\" \/>\n<meta property=\"og:site_name\" content=\"Grande Gestion des Eaux\" \/>\n<meta property=\"article:publisher\" content=\"https:\/\/www.facebook.com\/GrandeWaterManagement\" \/>\n<meta property=\"article:modified_time\" content=\"2024-12-02T21:21:24+00:00\" \/>\n<meta property=\"og:image\" content=\"http:\/\/grandeinc.com\/wp-content\/uploads\/2024\/06\/acu-jet-01.jpg\" \/>\n<meta name=\"twitter:card\" content=\"summary_large_image\" \/>\n<meta name=\"twitter:label1\" content=\"Est. reading time\" \/>\n\t<meta name=\"twitter:data1\" content=\"4 minutes\" \/>\n<script type=\"application\/ld+json\" class=\"yoast-schema-graph\">{\"@context\":\"https:\/\/schema.org\",\"@graph\":[{\"@type\":\"WebPage\",\"@id\":\"https:\/\/grandeinc.com\/produits\/regulation-de-debit\/regulateur-de-jet-acu-jet\/\",\"url\":\"https:\/\/grandeinc.com\/produits\/regulation-de-debit\/regulateur-de-jet-acu-jet\/\",\"name\":\"R\u00c9GULATEUR DE JET ACU-JET - Grande Gestion des Eaux\",\"isPartOf\":{\"@id\":\"http:\/\/grandeinc.com\/fr\/#website\"},\"primaryImageOfPage\":{\"@id\":\"https:\/\/grandeinc.com\/produits\/regulation-de-debit\/regulateur-de-jet-acu-jet\/#primaryimage\"},\"image\":{\"@id\":\"https:\/\/grandeinc.com\/produits\/regulation-de-debit\/regulateur-de-jet-acu-jet\/#primaryimage\"},\"thumbnailUrl\":\"http:\/\/grandeinc.com\/wp-content\/uploads\/2024\/06\/acu-jet-01.jpg\",\"datePublished\":\"2024-06-03T02:30:06+00:00\",\"dateModified\":\"2024-12-02T21:21:24+00:00\",\"breadcrumb\":{\"@id\":\"https:\/\/grandeinc.com\/produits\/regulation-de-debit\/regulateur-de-jet-acu-jet\/#breadcrumb\"},\"inLanguage\":\"en-CA\",\"potentialAction\":[{\"@type\":\"ReadAction\",\"target\":[\"https:\/\/grandeinc.com\/produits\/regulation-de-debit\/regulateur-de-jet-acu-jet\/\"]}]},{\"@type\":\"ImageObject\",\"inLanguage\":\"en-CA\",\"@id\":\"https:\/\/grandeinc.com\/produits\/regulation-de-debit\/regulateur-de-jet-acu-jet\/#primaryimage\",\"url\":\"http:\/\/grandeinc.com\/wp-content\/uploads\/2024\/06\/acu-jet-01.jpg\",\"contentUrl\":\"http:\/\/grandeinc.com\/wp-content\/uploads\/2024\/06\/acu-jet-01.jpg\"},{\"@type\":\"BreadcrumbList\",\"@id\":\"https:\/\/grandeinc.com\/produits\/regulation-de-debit\/regulateur-de-jet-acu-jet\/#breadcrumb\",\"itemListElement\":[{\"@type\":\"ListItem\",\"position\":1,\"name\":\"Accueil\",\"item\":\"https:\/\/grandeinc.com\/\"},{\"@type\":\"ListItem\",\"position\":2,\"name\":\"Produits\",\"item\":\"https:\/\/grandeinc.com\/produits\/\"},{\"@type\":\"ListItem\",\"position\":3,\"name\":\"R\u00e9gulation du d\u00e9bit\",\"item\":\"https:\/\/grandeinc.com\/produits\/regulation-de-debit\/\"},{\"@type\":\"ListItem\",\"position\":4,\"name\":\"R\u00c9GULATEUR DE JET ACU-JET\"}]},{\"@type\":\"WebSite\",\"@id\":\"http:\/\/grandeinc.com\/fr\/#website\",\"url\":\"http:\/\/grandeinc.com\/fr\/\",\"name\":\"Grande Gestion des Eaux\",\"description\":\"\",\"publisher\":{\"@id\":\"http:\/\/grandeinc.com\/fr\/#organization\"},\"potentialAction\":[{\"@type\":\"SearchAction\",\"target\":{\"@type\":\"EntryPoint\",\"urlTemplate\":\"http:\/\/grandeinc.com\/fr\/?s={search_term_string}\"},\"query-input\":{\"@type\":\"PropertyValueSpecification\",\"valueRequired\":true,\"valueName\":\"search_term_string\"}}],\"inLanguage\":\"en-CA\"},{\"@type\":\"Organization\",\"@id\":\"http:\/\/grandeinc.com\/fr\/#organization\",\"name\":\"Grande Gestion des Eaux\",\"url\":\"http:\/\/grandeinc.com\/fr\/\",\"logo\":{\"@type\":\"ImageObject\",\"inLanguage\":\"en-CA\",\"@id\":\"http:\/\/grandeinc.com\/fr\/#\/schema\/logo\/image\/\",\"url\":\"https:\/\/grandeinc.com\/wp-content\/uploads\/2024\/11\/logo.png\",\"contentUrl\":\"https:\/\/grandeinc.com\/wp-content\/uploads\/2024\/11\/logo.png\",\"width\":260,\"height\":84,\"caption\":\"Grande Gestion des Eaux\"},\"image\":{\"@id\":\"http:\/\/grandeinc.com\/fr\/#\/schema\/logo\/image\/\"},\"sameAs\":[\"https:\/\/www.facebook.com\/GrandeWaterManagement\"]}]}<\/script>\n<!-- \/ Yoast SEO plugin. -->","yoast_head_json":{"title":"R\u00c9GULATEUR DE JET ACU-JET - Grande Gestion des Eaux","robots":{"index":"index","follow":"follow","max-snippet":"max-snippet:-1","max-image-preview":"max-image-preview:large","max-video-preview":"max-video-preview:-1"},"canonical":"https:\/\/grandeinc.com\/en\/produits\/regulation-de-debit\/regulateur-de-jet-acu-jet\/","og_locale":"en_US","og_type":"article","og_title":"R\u00c9GULATEUR DE JET ACU-JET - Grande Gestion des Eaux","og_description":"Le syst\u00e8me de r\u00e9gulation de jet ACU-JET est con\u00e7u pour maintenir un d\u00e9bit constant et pr\u00e9cis (+\/- 5 %) d&rsquo;un minimum de 235 gpm (15 L\/s) \u00e0 un maximum de 32 000 gpm (2 000 L\/s) pour niveaux d&rsquo;eau en amont variant de 0 \u00e0 40 pieds (12 m). Le r\u00e9gulateur \u00e0 jet ACU-JET a","og_url":"https:\/\/grandeinc.com\/en\/produits\/regulation-de-debit\/regulateur-de-jet-acu-jet\/","og_site_name":"Grande Gestion des Eaux","article_publisher":"https:\/\/www.facebook.com\/GrandeWaterManagement","article_modified_time":"2024-12-02T21:21:24+00:00","og_image":[{"url":"http:\/\/grandeinc.com\/wp-content\/uploads\/2024\/06\/acu-jet-01.jpg","type":"","width":"","height":""}],"twitter_card":"summary_large_image","twitter_misc":{"Est. reading time":"4 minutes"},"schema":{"@context":"https:\/\/schema.org","@graph":[{"@type":"WebPage","@id":"https:\/\/grandeinc.com\/produits\/regulation-de-debit\/regulateur-de-jet-acu-jet\/","url":"https:\/\/grandeinc.com\/produits\/regulation-de-debit\/regulateur-de-jet-acu-jet\/","name":"R\u00c9GULATEUR DE JET ACU-JET - Grande Gestion des Eaux","isPartOf":{"@id":"http:\/\/grandeinc.com\/fr\/#website"},"primaryImageOfPage":{"@id":"https:\/\/grandeinc.com\/produits\/regulation-de-debit\/regulateur-de-jet-acu-jet\/#primaryimage"},"image":{"@id":"https:\/\/grandeinc.com\/produits\/regulation-de-debit\/regulateur-de-jet-acu-jet\/#primaryimage"},"thumbnailUrl":"http:\/\/grandeinc.com\/wp-content\/uploads\/2024\/06\/acu-jet-01.jpg","datePublished":"2024-06-03T02:30:06+00:00","dateModified":"2024-12-02T21:21:24+00:00","breadcrumb":{"@id":"https:\/\/grandeinc.com\/produits\/regulation-de-debit\/regulateur-de-jet-acu-jet\/#breadcrumb"},"inLanguage":"en-CA","potentialAction":[{"@type":"ReadAction","target":["https:\/\/grandeinc.com\/produits\/regulation-de-debit\/regulateur-de-jet-acu-jet\/"]}]},{"@type":"ImageObject","inLanguage":"en-CA","@id":"https:\/\/grandeinc.com\/produits\/regulation-de-debit\/regulateur-de-jet-acu-jet\/#primaryimage","url":"http:\/\/grandeinc.com\/wp-content\/uploads\/2024\/06\/acu-jet-01.jpg","contentUrl":"http:\/\/grandeinc.com\/wp-content\/uploads\/2024\/06\/acu-jet-01.jpg"},{"@type":"BreadcrumbList","@id":"https:\/\/grandeinc.com\/produits\/regulation-de-debit\/regulateur-de-jet-acu-jet\/#breadcrumb","itemListElement":[{"@type":"ListItem","position":1,"name":"Accueil","item":"https:\/\/grandeinc.com\/"},{"@type":"ListItem","position":2,"name":"Produits","item":"https:\/\/grandeinc.com\/produits\/"},{"@type":"ListItem","position":3,"name":"R\u00e9gulation du d\u00e9bit","item":"https:\/\/grandeinc.com\/produits\/regulation-de-debit\/"},{"@type":"ListItem","position":4,"name":"R\u00c9GULATEUR DE JET ACU-JET"}]},{"@type":"WebSite","@id":"http:\/\/grandeinc.com\/fr\/#website","url":"http:\/\/grandeinc.com\/fr\/","name":"Grande Gestion des Eaux","description":"","publisher":{"@id":"http:\/\/grandeinc.com\/fr\/#organization"},"potentialAction":[{"@type":"SearchAction","target":{"@type":"EntryPoint","urlTemplate":"http:\/\/grandeinc.com\/fr\/?s={search_term_string}"},"query-input":{"@type":"PropertyValueSpecification","valueRequired":true,"valueName":"search_term_string"}}],"inLanguage":"en-CA"},{"@type":"Organization","@id":"http:\/\/grandeinc.com\/fr\/#organization","name":"Grande Gestion des Eaux","url":"http:\/\/grandeinc.com\/fr\/","logo":{"@type":"ImageObject","inLanguage":"en-CA","@id":"http:\/\/grandeinc.com\/fr\/#\/schema\/logo\/image\/","url":"https:\/\/grandeinc.com\/wp-content\/uploads\/2024\/11\/logo.png","contentUrl":"https:\/\/grandeinc.com\/wp-content\/uploads\/2024\/11\/logo.png","width":260,"height":84,"caption":"Grande Gestion des Eaux"},"image":{"@id":"http:\/\/grandeinc.com\/fr\/#\/schema\/logo\/image\/"},"sameAs":["https:\/\/www.facebook.com\/GrandeWaterManagement"]}]}},"_links":{"self":[{"href":"http:\/\/grandeinc.com\/en\/wp-json\/wp\/v2\/pages\/1039","targetHints":{"allow":["GET"]}}],"collection":[{"href":"http:\/\/grandeinc.com\/en\/wp-json\/wp\/v2\/pages"}],"about":[{"href":"http:\/\/grandeinc.com\/en\/wp-json\/wp\/v2\/types\/page"}],"author":[{"embeddable":true,"href":"http:\/\/grandeinc.com\/en\/wp-json\/wp\/v2\/users\/4"}],"replies":[{"embeddable":true,"href":"http:\/\/grandeinc.com\/en\/wp-json\/wp\/v2\/comments?post=1039"}],"version-history":[{"count":6,"href":"http:\/\/grandeinc.com\/en\/wp-json\/wp\/v2\/pages\/1039\/revisions"}],"predecessor-version":[{"id":1336,"href":"http:\/\/grandeinc.com\/en\/wp-json\/wp\/v2\/pages\/1039\/revisions\/1336"}],"up":[{"embeddable":true,"href":"http:\/\/grandeinc.com\/en\/wp-json\/wp\/v2\/pages\/688"}],"wp:attachment":[{"href":"http:\/\/grandeinc.com\/en\/wp-json\/wp\/v2\/media?parent=1039"}],"curies":[{"name":"wp","href":"https:\/\/api.w.org\/{rel}","templated":true}]}}